{"id":8648,"date":"2017-03-12T11:43:20","date_gmt":"2017-03-12T10:43:20","guid":{"rendered":"http:\/\/serveiseducatius.xtec.cat\/vallesoccidental5\/?page_id=8648"},"modified":"2024-06-05T14:23:04","modified_gmt":"2024-06-05T12:23:04","slug":"jocs-dangles","status":"publish","type":"page","link":"https:\/\/serveiseducatius.xtec.cat\/vallesoccidental5\/maletes-pedagogiques-en-prestec\/jocs-dangles\/","title":{"rendered":"Jocs d&#8217;angl\u00e8s"},"content":{"rendered":"<p class=\"Estilo1\" align=\"left\">Si voleu demanar aquest material, heu d&#8217;omplir el seg\u00fcent <a href=\"https:\/\/docs.google.com\/forms\/d\/1DGfcwvmyPrTMp1rb_-uWCVmn3lm37Lel9xAksGxJ5nw\/edit\" target=\"_blank\" rel=\"noopener\"><span style=\"color: #ff0000;\"><strong><span style=\"font-size: 12pt;\">FORMULARI\u00a0DE SOL\u00b7LICITUD<\/span><\/strong><\/span><\/a>. Als pocs dies rebreu la resposta.<br \/>\n<a href=\"http:\/\/goo.gl\/forms\/u7SeuMedod\"><br \/>\n<\/a>Experi\u00e8ncies realitzades amb aquest material: estem esperant les teves per publicar-les! (un cop acabat el pr\u00e9stec, omple <a href=\"https:\/\/docs.google.com\/forms\/d\/e\/1FAIpQLScFguvonTNu1CZpPShgE-TNnZHTs_i4AnGGJnEmWnmLxsHVRQ\/viewform?c=0&amp;w=1\" target=\"_blank\" rel=\"noopener\"><span style=\"color: #ff0000;\"><strong>aquest formulari<\/strong><\/span><\/a>)<\/p>\n<table border=\"0\" width=\"700\" align=\"center\">\n<tbody>\n<tr>\n<td>\n<table style=\"width: 93.3333%;\" border=\"1\" width=\"666\" align=\"center\">\n<tbody>\n<tr class=\"Estilo2\">\n<td style=\"width: 22.2566%;\" width=\"144\">\n<div class=\"Estilo1\" align=\"center\">\n<div align=\"center\"><strong>Joc<\/strong><\/div>\n<\/div>\n<\/td>\n<td style=\"width: 16.2287%;\" width=\"105\">\n<div class=\"Estilo1 Estilo6\" align=\"center\">\n<div align=\"center\">Cicle<\/div>\n<\/div>\n<\/td>\n<td style=\"width: 40.1855%;\" width=\"260\">\n<div class=\"Estilo1\" align=\"center\">\n<div align=\"center\"><strong>Habilitats principals<\/strong><\/div>\n<\/div>\n<\/td>\n<td style=\"width: 19.9382%;\" width=\"129\">\n<div align=\"center\"><strong>Imatge<\/strong><\/div>\n<\/td>\n<\/tr>\n<tr class=\"Estilo2\">\n<td style=\"width: 22.2566%;\">\n<div align=\"center\"><a href=\"http:\/\/www.xtec.cat\/crp-cerdanyola\/Prestec\/jocsangles\/ROLL%20AND%20PLAY.pdf\">ROLL AND PLAY<\/a><\/div>\n<\/td>\n<td style=\"width: 16.2287%;\">\n<p align=\"center\">INFANTIL<\/p>\n<\/td>\n<td style=\"width: 40.1855%;\">\n<div class=\"Estilo1\" align=\"center\">\n<div align=\"center\">NOU VOCABULARI B\u00c0SIC<\/div>\n<\/div>\n<\/td>\n<td style=\"width: 19.9382%;\">\n<div align=\"center\"><a href=\"https:\/\/serveiseducatius.xtec.cat\/vallesoccidental5\/wp-content\/uploads\/usu1111\/2022\/05\/Roll.jpg\"><img loading=\"lazy\" decoding=\"async\" class=\"alignnone size-full wp-image-13707\" src=\"https:\/\/serveiseducatius.xtec.cat\/vallesoccidental5\/wp-content\/uploads\/usu1111\/2022\/05\/Roll.jpg\" alt=\"\" width=\"558\" height=\"517\" srcset=\"https:\/\/serveiseducatius.xtec.cat\/vallesoccidental5\/wp-content\/uploads\/usu1111\/2022\/05\/Roll.jpg 558w, https:\/\/serveiseducatius.xtec.cat\/vallesoccidental5\/wp-content\/uploads\/usu1111\/2022\/05\/Roll-300x278.jpg 300w\" sizes=\"auto, (max-width: 558px) 100vw, 558px\" \/><\/a><\/div>\n<\/td>\n<\/tr>\n<tr class=\"Estilo2\">\n<td style=\"width: 22.2566%;\">\n<div align=\"center\"><a href=\"http:\/\/www.xtec.cat\/crp-cerdanyola\/Prestec\/jocsangles\/ZINGO.pdf\">ZINGO<\/a><\/div>\n<\/td>\n<td style=\"width: 16.2287%;\">\n<p align=\"center\">INFANTIL<\/p>\n<\/td>\n<td style=\"width: 40.1855%;\">\n<div align=\"center\">RECONEIXEMENT DE VOCABULARI<br \/>\nB\u00c0SIC, VELOCITAT DE REACCI\u00d3<\/div>\n<\/td>\n<td style=\"width: 19.9382%;\">\n<div align=\"center\"><a href=\"https:\/\/serveiseducatius.xtec.cat\/vallesoccidental5\/wp-content\/uploads\/usu1111\/2022\/05\/zingo.jpg\"><img loading=\"lazy\" decoding=\"async\" class=\"alignnone size-full wp-image-13708\" src=\"https:\/\/serveiseducatius.xtec.cat\/vallesoccidental5\/wp-content\/uploads\/usu1111\/2022\/05\/zingo.jpg\" alt=\"\" width=\"537\" height=\"512\" srcset=\"https:\/\/serveiseducatius.xtec.cat\/vallesoccidental5\/wp-content\/uploads\/usu1111\/2022\/05\/zingo.jpg 537w, https:\/\/serveiseducatius.xtec.cat\/vallesoccidental5\/wp-content\/uploads\/usu1111\/2022\/05\/zingo-300x286.jpg 300w\" sizes=\"auto, (max-width: 537px) 100vw, 537px\" \/><\/a><\/div>\n<\/td>\n<\/tr>\n<tr class=\"Estilo2\">\n<td style=\"width: 22.2566%;\">\n<div align=\"center\"><a href=\"http:\/\/www.xtec.cat\/crp-cerdanyola\/Prestec\/jocsangles\/CUCUTRAS.pdf\">CUCU TRAS<\/a><\/div>\n<\/td>\n<td class=\"Estilo2\" style=\"width: 16.2287%;\">\n<p align=\"center\">INFANTIL<\/p>\n<\/td>\n<td style=\"width: 40.1855%;\">\n<div align=\"center\">DESCRIPCI\u00d3, CONTRARIS, MEM\u00d2RIA<br \/>\nVISUAL<\/div>\n<\/td>\n<td style=\"width: 19.9382%;\">\n<div align=\"center\"><a href=\"https:\/\/serveiseducatius.xtec.cat\/vallesoccidental5\/wp-content\/uploads\/usu1111\/2022\/05\/cucu.jpg\"><img loading=\"lazy\" decoding=\"async\" class=\"alignnone size-full wp-image-13710\" src=\"https:\/\/serveiseducatius.xtec.cat\/vallesoccidental5\/wp-content\/uploads\/usu1111\/2022\/05\/cucu.jpg\" alt=\"\" width=\"305\" height=\"474\" srcset=\"https:\/\/serveiseducatius.xtec.cat\/vallesoccidental5\/wp-content\/uploads\/usu1111\/2022\/05\/cucu.jpg 305w, https:\/\/serveiseducatius.xtec.cat\/vallesoccidental5\/wp-content\/uploads\/usu1111\/2022\/05\/cucu-193x300.jpg 193w\" sizes=\"auto, (max-width: 305px) 100vw, 305px\" \/><\/a><\/div>\n<\/td>\n<\/tr>\n<tr class=\"Estilo2\">\n<td style=\"width: 22.2566%;\">\n<div align=\"center\"><a href=\"http:\/\/www.xtec.cat\/crp-cerdanyola\/Prestec\/jocsangles\/Kaleidos%20Junior%20.pdf\">KALEIDOS JUNIOR<\/a><\/div>\n<\/td>\n<td class=\"Estilo2\" style=\"width: 16.2287%;\">\n<p align=\"center\">TOTS<\/p>\n<\/td>\n<td style=\"width: 40.1855%;\">\n<div align=\"center\">VOCABULARI B\u00c0SIC I AVAN\u00c7AT<\/div>\n<\/td>\n<td style=\"width: 19.9382%;\">\n<div align=\"center\"><a href=\"https:\/\/serveiseducatius.xtec.cat\/vallesoccidental5\/wp-content\/uploads\/usu1111\/2022\/05\/kaleidos.jpg\"><img loading=\"lazy\" decoding=\"async\" class=\"alignnone size-full wp-image-13711\" src=\"https:\/\/serveiseducatius.xtec.cat\/vallesoccidental5\/wp-content\/uploads\/usu1111\/2022\/05\/kaleidos.jpg\" alt=\"\" width=\"640\" height=\"426\" srcset=\"https:\/\/serveiseducatius.xtec.cat\/vallesoccidental5\/wp-content\/uploads\/usu1111\/2022\/05\/kaleidos.jpg 640w, https:\/\/serveiseducatius.xtec.cat\/vallesoccidental5\/wp-content\/uploads\/usu1111\/2022\/05\/kaleidos-300x200.jpg 300w\" sizes=\"auto, (max-width: 640px) 100vw, 640px\" \/><\/a><\/div>\n<\/td>\n<\/tr>\n<tr class=\"Estilo2\">\n<td style=\"width: 22.2566%;\">\n<div align=\"center\"><a href=\"http:\/\/www.xtec.cat\/crp-cerdanyola\/Prestec\/jocsangles\/Alles%20tomate.pdf\">ALLES TOMATE<\/a><\/div>\n<\/td>\n<td class=\"Estilo2\" style=\"width: 16.2287%;\">\n<div align=\"center\">TOTS<\/div>\n<\/td>\n<td style=\"width: 40.1855%;\">\n<div align=\"center\">NOU VOCABULARI, VELOCITAT DE<br \/>\nREACCI\u00d3<\/div>\n<\/td>\n<td style=\"width: 19.9382%;\">\n<div align=\"center\"><a href=\"https:\/\/serveiseducatius.xtec.cat\/vallesoccidental5\/wp-content\/uploads\/usu1111\/2022\/05\/tomate.jpg\"><img loading=\"lazy\" decoding=\"async\" class=\"alignnone size-full wp-image-13712\" src=\"https:\/\/serveiseducatius.xtec.cat\/vallesoccidental5\/wp-content\/uploads\/usu1111\/2022\/05\/tomate.jpg\" alt=\"\" width=\"403\" height=\"500\" srcset=\"https:\/\/serveiseducatius.xtec.cat\/vallesoccidental5\/wp-content\/uploads\/usu1111\/2022\/05\/tomate.jpg 403w, https:\/\/serveiseducatius.xtec.cat\/vallesoccidental5\/wp-content\/uploads\/usu1111\/2022\/05\/tomate-242x300.jpg 242w\" sizes=\"auto, (max-width: 403px) 100vw, 403px\" \/><\/a><\/div>\n<\/td>\n<\/tr>\n<tr class=\"Estilo2\">\n<td style=\"width: 22.2566%;\">\n<div align=\"center\"><a href=\"http:\/\/www.xtec.cat\/crp-cerdanyola\/Prestec\/jocsangles\/Story%20Cubes%20Max%20i%20Actions.pdf\">STORY CUBES MAX<\/a><\/div>\n<\/td>\n<td class=\"Estilo2\" style=\"width: 16.2287%;\">\n<div align=\"center\">MITJ\u00c0<br \/>\nSUPERIOR<\/div>\n<\/td>\n<td style=\"width: 40.1855%;\">\n<div align=\"center\">RAONAMENT L\u00d2GIC, PERCEPCI\u00d3<br \/>\nESPACIAL<\/div>\n<\/td>\n<td style=\"width: 19.9382%;\">\n<div align=\"center\"><a href=\"https:\/\/serveiseducatius.xtec.cat\/vallesoccidental5\/wp-content\/uploads\/usu1111\/2022\/05\/cubes.jpg\"><img loading=\"lazy\" decoding=\"async\" class=\"alignnone size-full wp-image-13713\" src=\"https:\/\/serveiseducatius.xtec.cat\/vallesoccidental5\/wp-content\/uploads\/usu1111\/2022\/05\/cubes.jpg\" alt=\"\" width=\"452\" height=\"380\" srcset=\"https:\/\/serveiseducatius.xtec.cat\/vallesoccidental5\/wp-content\/uploads\/usu1111\/2022\/05\/cubes.jpg 452w, https:\/\/serveiseducatius.xtec.cat\/vallesoccidental5\/wp-content\/uploads\/usu1111\/2022\/05\/cubes-300x252.jpg 300w\" sizes=\"auto, (max-width: 452px) 100vw, 452px\" \/><\/a><\/div>\n<\/td>\n<\/tr>\n<tr class=\"Estilo2\">\n<td style=\"width: 22.2566%;\" height=\"55\">\n<div align=\"center\"><a href=\"http:\/\/www.xtec.cat\/crp-cerdanyola\/Prestec\/jocsangles\/Story%20Cubes%20Max%20i%20Actions.pdf\">STORY CUBES<br \/>\nACTIONS<\/a><\/div>\n<\/td>\n<td class=\"Estilo2\" style=\"width: 16.2287%;\">\n<div align=\"center\">MITJ\u00c0<br \/>\nSUPERIOR<\/div>\n<\/td>\n<td style=\"width: 40.1855%;\">\n<div align=\"center\">PERCEPCI\u00d3 VISUAL, VELOCITAT DE<br \/>\nREACCI\u00d3<\/div>\n<\/td>\n<td style=\"width: 19.9382%;\">\n<div align=\"center\"><a href=\"https:\/\/serveiseducatius.xtec.cat\/vallesoccidental5\/wp-content\/uploads\/usu1111\/2022\/05\/actions.jpg\"><img loading=\"lazy\" decoding=\"async\" class=\"alignnone size-full wp-image-13714\" src=\"https:\/\/serveiseducatius.xtec.cat\/vallesoccidental5\/wp-content\/uploads\/usu1111\/2022\/05\/actions.jpg\" alt=\"\" width=\"451\" height=\"435\" srcset=\"https:\/\/serveiseducatius.xtec.cat\/vallesoccidental5\/wp-content\/uploads\/usu1111\/2022\/05\/actions.jpg 451w, https:\/\/serveiseducatius.xtec.cat\/vallesoccidental5\/wp-content\/uploads\/usu1111\/2022\/05\/actions-300x289.jpg 300w\" sizes=\"auto, (max-width: 451px) 100vw, 451px\" \/><\/a><\/div>\n<\/td>\n<\/tr>\n<tr class=\"Estilo2\">\n<td style=\"width: 22.2566%;\">\n<div align=\"center\"><a href=\"http:\/\/www.xtec.cat\/crp-cerdanyola\/Prestec\/jocsangles\/WHO%20AM%20I_.pdf\">WHO AM I?<\/a><\/div>\n<\/td>\n<td class=\"Estilo2\" style=\"width: 16.2287%;\">\n<div align=\"center\">MITJ\u00c0<br \/>\nSUPERIOR<\/div>\n<\/td>\n<td style=\"width: 40.1855%;\">\n<div align=\"center\">PREGUNTES<\/div>\n<\/td>\n<td style=\"width: 19.9382%;\"><a href=\"https:\/\/serveiseducatius.xtec.cat\/vallesoccidental5\/wp-content\/uploads\/usu1111\/2022\/05\/who.jpg\"><img loading=\"lazy\" decoding=\"async\" class=\"alignnone size-full wp-image-13716\" src=\"https:\/\/serveiseducatius.xtec.cat\/vallesoccidental5\/wp-content\/uploads\/usu1111\/2022\/05\/who.jpg\" alt=\"\" width=\"256\" height=\"201\" \/><\/a><\/td>\n<\/tr>\n<tr class=\"Estilo2\">\n<td style=\"width: 22.2566%;\">\n<div align=\"center\"><a href=\"http:\/\/www.xtec.cat\/crp-cerdanyola\/Prestec\/jocsangles\/LAST%20LETTER.pdf\">LAST LETTER<\/a><\/div>\n<\/td>\n<td class=\"Estilo2\" style=\"width: 16.2287%;\">\n<div align=\"center\">SUPERIOR<\/div>\n<\/td>\n<td style=\"width: 40.1855%;\">\n<div align=\"center\">VOCABULARI AVAN\u00c7AT,<br \/>\nSTORYTELLING<\/div>\n<\/td>\n<td style=\"width: 19.9382%;\">\n<div align=\"center\"><a href=\"https:\/\/serveiseducatius.xtec.cat\/vallesoccidental5\/wp-content\/uploads\/usu1111\/2022\/05\/last.jpg\"><img loading=\"lazy\" decoding=\"async\" class=\"alignnone size-full wp-image-13715\" src=\"https:\/\/serveiseducatius.xtec.cat\/vallesoccidental5\/wp-content\/uploads\/usu1111\/2022\/05\/last.jpg\" alt=\"\" width=\"192\" height=\"163\" \/><\/a><\/div>\n<\/td>\n<\/tr>\n<tr class=\"Estilo2\">\n<td style=\"width: 22.2566%;\">\n<div align=\"center\"><a href=\"http:\/\/www.xtec.cat\/crp-cerdanyola\/Prestec\/jocsangles\/My%20Word%20.pdf\">MY WORD<\/a><\/div>\n<\/td>\n<td class=\"Estilo2\" style=\"width: 16.2287%;\">\n<div align=\"center\">MITJ\u00c0<br \/>\nSUPERIOR<\/div>\n<\/td>\n<td style=\"width: 40.1855%;\">\n<div align=\"center\">IDENTIFICACI\u00d3 DE PARAULES,<br \/>\nVELOCITAT DE REACCI\u00d3<\/div>\n<\/td>\n<td style=\"width: 19.9382%;\">\n<div align=\"center\"><a href=\"https:\/\/serveiseducatius.xtec.cat\/vallesoccidental5\/wp-content\/uploads\/usu1111\/2022\/05\/lletres.jpg\"><img loading=\"lazy\" decoding=\"async\" class=\"alignnone size-full wp-image-13717\" src=\"https:\/\/serveiseducatius.xtec.cat\/vallesoccidental5\/wp-content\/uploads\/usu1111\/2022\/05\/lletres.jpg\" alt=\"\" width=\"67\" height=\"54\" \/><\/a><\/div>\n<\/td>\n<\/tr>\n<tr class=\"Estilo2\">\n<td style=\"width: 22.2566%;\">\n<div align=\"center\"><a href=\"http:\/\/www.xtec.cat\/crp-cerdanyola\/Prestec\/jocsangles\/Word%20on%20the%20street%20junior%20.pdf\">WORD ON THE<br \/>\nSTREET JUNIOR<\/a><\/div>\n<\/td>\n<td class=\"Estilo2\" style=\"width: 16.2287%;\">\n<div align=\"center\">SUPERIOR<\/div>\n<\/td>\n<td style=\"width: 40.1855%;\">\n<div align=\"center\">VOCABULARI AVAN\u00c7AT, ESTRAT\u00c8GIA<\/div>\n<\/td>\n<td style=\"width: 19.9382%;\"><a href=\"https:\/\/serveiseducatius.xtec.cat\/vallesoccidental5\/wp-content\/uploads\/usu1111\/2022\/05\/word.jpg\"><img loading=\"lazy\" decoding=\"async\" class=\"alignnone size-full wp-image-13718\" src=\"https:\/\/serveiseducatius.xtec.cat\/vallesoccidental5\/wp-content\/uploads\/usu1111\/2022\/05\/word.jpg\" alt=\"\" width=\"374\" height=\"329\" srcset=\"https:\/\/serveiseducatius.xtec.cat\/vallesoccidental5\/wp-content\/uploads\/usu1111\/2022\/05\/word.jpg 374w, https:\/\/serveiseducatius.xtec.cat\/vallesoccidental5\/wp-content\/uploads\/usu1111\/2022\/05\/word-300x264.jpg 300w\" sizes=\"auto, (max-width: 374px) 100vw, 374px\" \/><\/a><\/td>\n<\/tr>\n<tr class=\"Estilo2\">\n<td style=\"width: 22.2566%;\">\n<div align=\"center\"><a href=\"http:\/\/www.xtec.cat\/crp-cerdanyola\/Prestec\/jocsangles\/Word%20Around.pdf\">WORD AROUND<\/a><\/div>\n<\/td>\n<td class=\"Estilo2\" style=\"width: 16.2287%;\">\n<div align=\"center\">SUPERIOR<\/div>\n<\/td>\n<td style=\"width: 40.1855%;\">\n<div align=\"center\">IDENTIFICACI\u00d3 DE PARAULES,<br \/>\nVELOCITAT DE REACCI\u00d3<\/div>\n<\/td>\n<td style=\"width: 19.9382%;\">\n<div align=\"center\"><a href=\"https:\/\/serveiseducatius.xtec.cat\/vallesoccidental5\/wp-content\/uploads\/usu1111\/2022\/05\/round.jpg\"><img loading=\"lazy\" decoding=\"async\" class=\"alignnone size-full wp-image-13719\" src=\"https:\/\/serveiseducatius.xtec.cat\/vallesoccidental5\/wp-content\/uploads\/usu1111\/2022\/05\/round.jpg\" alt=\"\" width=\"443\" height=\"427\" srcset=\"https:\/\/serveiseducatius.xtec.cat\/vallesoccidental5\/wp-content\/uploads\/usu1111\/2022\/05\/round.jpg 443w, https:\/\/serveiseducatius.xtec.cat\/vallesoccidental5\/wp-content\/uploads\/usu1111\/2022\/05\/round-300x289.jpg 300w\" sizes=\"auto, (max-width: 443px) 100vw, 443px\" \/><\/a><\/div>\n<\/td>\n<\/tr>\n<\/tbody>\n<\/table>\n<\/td>\n<\/tr>\n<\/tbody>\n<\/table>\n<p class=\"Estilo2\" align=\"center\"><a href=\"https:\/\/docs.google.com\/forms\/d\/e\/1FAIpQLScFguvonTNu1CZpPShgE-TNnZHTs_i4AnGGJnEmWnmLxsHVRQ\/viewform?c=0&amp;w=1\"><span style=\"color: #ff0000;\"><strong><span class=\"Estilo1\">FORMULARI A OMPLIR EN ACABAR EL PR\u00c8STEC<\/span><\/strong><\/span><\/a><\/p>\n","protected":false},"excerpt":{"rendered":"<p>Si voleu demanar aquest material, heu d&#8217;omplir el seg\u00fcent FORMULARI\u00a0DE SOL\u00b7LICITUD. Als pocs dies rebreu la resposta. Experi\u00e8ncies realitzades amb aquest material: estem esperant les teves per publicar-les! (un cop acabat el pr\u00e9stec, omple aquest formulari) Joc Cicle Habilitats principals Imatge ROLL AND PLAY INFANTIL NOU VOCABULARI B\u00c0SIC ZINGO INFANTIL RECONEIXEMENT DE VOCABULARI B\u00c0SIC, VELOCITAT [&hellip;]<\/p>\n","protected":false},"author":1,"featured_media":0,"parent":8622,"menu_order":140,"comment_status":"closed","ping_status":"closed","template":"page-templates\/side-menu.php","meta":{"_bbp_topic_count":0,"_bbp_reply_count":0,"_bbp_total_topic_count":0,"_bbp_total_reply_count":0,"_bbp_voice_count":0,"_bbp_anonymous_reply_count":0,"_bbp_topic_count_hidden":0,"_bbp_reply_count_hidden":0,"_bbp_forum_subforum_count":0,"site-sidebar-layout":"default","site-content-layout":"","ast-site-content-layout":"","site-content-style":"default","site-sidebar-style":"default","ast-global-header-display":"","ast-banner-title-visibility":"","ast-main-header-display":"","ast-hfb-above-header-display":"","ast-hfb-below-header-display":"","ast-hfb-mobile-header-display":"","site-post-title":"","ast-breadcrumbs-content":"","ast-featured-img":"","footer-sml-layout":"","theme-transparent-header-meta":"","adv-header-id-meta":"","stick-header-meta":"","header-above-stick-meta":"","header-main-stick-meta":"","header-below-stick-meta":"","astra-migrate-meta-layouts":"default","ast-page-background-enabled":"default","ast-page-background-meta":{"desktop":{"background-color":"var(--ast-global-color-4)","background-image":"","background-repeat":"repeat","background-position":"center center","background-size":"auto","background-attachment":"scroll","background-type":"","background-media":"","overlay-type":"","overlay-color":"","overlay-opacity":"","overlay-gradient":""},"tablet":{"background-color":"","background-image":"","background-repeat":"repeat","background-position":"center center","background-size":"auto","background-attachment":"scroll","background-type":"","background-media":"","overlay-type":"","overlay-color":"","overlay-opacity":"","overlay-gradient":""},"mobile":{"background-color":"","background-image":"","background-repeat":"repeat","background-position":"center center","background-size":"auto","background-attachment":"scroll","background-type":"","background-media":"","overlay-type":"","overlay-color":"","overlay-opacity":"","overlay-gradient":""}},"ast-content-background-meta":{"desktop":{"background-color":"var(--ast-global-color-5)","background-image":"","background-repeat":"repeat","background-position":"center center","background-size":"auto","background-attachment":"scroll","background-type":"","background-media":"","overlay-type":"","overlay-color":"","overlay-opacity":"","overlay-gradient":""},"tablet":{"background-color":"var(--ast-global-color-5)","background-image":"","background-repeat":"repeat","background-position":"center center","background-size":"auto","background-attachment":"scroll","background-type":"","background-media":"","overlay-type":"","overlay-color":"","overlay-opacity":"","overlay-gradient":""},"mobile":{"background-color":"var(--ast-global-color-5)","background-image":"","background-repeat":"repeat","background-position":"center center","background-size":"auto","background-attachment":"scroll","background-type":"","background-media":"","overlay-type":"","overlay-color":"","overlay-opacity":"","overlay-gradient":""}},"footnotes":""},"class_list":["post-8648","page","type-page","status-publish","hentry"],"post_mailing_queue_ids":[],"_links":{"self":[{"href":"https:\/\/serveiseducatius.xtec.cat\/vallesoccidental5\/wp-json\/wp\/v2\/pages\/8648","targetHints":{"allow":["GET"]}}],"collection":[{"href":"https:\/\/serveiseducatius.xtec.cat\/vallesoccidental5\/wp-json\/wp\/v2\/pages"}],"about":[{"href":"https:\/\/serveiseducatius.xtec.cat\/vallesoccidental5\/wp-json\/wp\/v2\/types\/page"}],"author":[{"embeddable":true,"href":"https:\/\/serveiseducatius.xtec.cat\/vallesoccidental5\/wp-json\/wp\/v2\/users\/1"}],"replies":[{"embeddable":true,"href":"https:\/\/serveiseducatius.xtec.cat\/vallesoccidental5\/wp-json\/wp\/v2\/comments?post=8648"}],"version-history":[{"count":5,"href":"https:\/\/serveiseducatius.xtec.cat\/vallesoccidental5\/wp-json\/wp\/v2\/pages\/8648\/revisions"}],"predecessor-version":[{"id":15479,"href":"https:\/\/serveiseducatius.xtec.cat\/vallesoccidental5\/wp-json\/wp\/v2\/pages\/8648\/revisions\/15479"}],"up":[{"embeddable":true,"href":"https:\/\/serveiseducatius.xtec.cat\/vallesoccidental5\/wp-json\/wp\/v2\/pages\/8622"}],"wp:attachment":[{"href":"https:\/\/serveiseducatius.xtec.cat\/vallesoccidental5\/wp-json\/wp\/v2\/media?parent=8648"}],"curies":[{"name":"wp","href":"https:\/\/api.w.org\/{rel}","templated":true}]}}