{"id":416,"date":"2015-11-25T15:58:53","date_gmt":"2015-11-25T14:58:53","guid":{"rendered":"http:\/\/serveiseducatius.xtec.cat\/se-vallesoccidental5\/?page_id=416"},"modified":"2024-05-22T17:47:31","modified_gmt":"2024-05-22T15:47:31","slug":"formacio","status":"publish","type":"page","link":"https:\/\/serveiseducatius.xtec.cat\/vallesoccidental5\/formacio\/","title":{"rendered":"Formaci\u00f3"},"content":{"rendered":"<h1 style=\"text-align: center;\"><span style=\"text-decoration: underline;\"><strong>MODALITATS DE FORMACI\u00d3<\/strong><\/span><\/h1>\n<p>Les activitats de formaci\u00f3 es poden classificar en les modalitats seg\u00fcents:<\/p>\n<p><a href=\"https:\/\/drive.google.com\/file\/d\/1BbBhiiRqL7adfx5dCNXdAAqohaQRD2Uo\/view?usp=sharing\" target=\"_blank\" rel=\"noopener noreferrer\"><img loading=\"lazy\" decoding=\"async\" class=\"aligncenter wp-image-11655 size-full\" src=\"https:\/\/serveiseducatius.xtec.cat\/vallesoccidental5\/wp-content\/uploads\/usu1111\/2019\/07\/MODALITAT-FORMACI\u00d3.jpg\" alt=\"\" width=\"740\" height=\"415\" srcset=\"https:\/\/serveiseducatius.xtec.cat\/vallesoccidental5\/wp-content\/uploads\/usu1111\/2019\/07\/MODALITAT-FORMACI\u00d3.jpg 740w, https:\/\/serveiseducatius.xtec.cat\/vallesoccidental5\/wp-content\/uploads\/usu1111\/2019\/07\/MODALITAT-FORMACI\u00d3-300x168.jpg 300w\" sizes=\"auto, (max-width: 740px) 100vw, 740px\" \/><\/a><\/p>\n<p>Les activitats de formaci\u00f3 es poden organitzar en tres formats:<\/p>\n<p><a href=\"https:\/\/serveiseducatius.xtec.cat\/vallesoccidental5\/wp-content\/uploads\/usu1111\/2019\/07\/Formats-formaci\u00f3.jpg\" target=\"_blank\" rel=\"noopener noreferrer\"><img loading=\"lazy\" decoding=\"async\" class=\"wp-image-11656 size-full aligncenter\" src=\"https:\/\/serveiseducatius.xtec.cat\/vallesoccidental5\/wp-content\/uploads\/usu1111\/2019\/07\/Formats-formaci\u00f3.jpg\" alt=\"\" width=\"777\" height=\"282\" srcset=\"https:\/\/serveiseducatius.xtec.cat\/vallesoccidental5\/wp-content\/uploads\/usu1111\/2019\/07\/Formats-formaci\u00f3.jpg 777w, https:\/\/serveiseducatius.xtec.cat\/vallesoccidental5\/wp-content\/uploads\/usu1111\/2019\/07\/Formats-formaci\u00f3-300x109.jpg 300w, https:\/\/serveiseducatius.xtec.cat\/vallesoccidental5\/wp-content\/uploads\/usu1111\/2019\/07\/Formats-formaci\u00f3-768x279.jpg 768w\" sizes=\"auto, (max-width: 777px) 100vw, 777px\" \/><\/a><\/p>\n<h3><span style=\"text-decoration: underline;\"><em><strong>FORMACI\u00d3 EN CENTRE<\/strong><\/em><\/span><\/h3>\n<p>Les modalitats de formaci\u00f3 en centre s\u00f3n:<\/p>\n<p><strong>1.- <em><span style=\"text-decoration: underline;\">Assessorament en centre<\/span><\/em><\/strong><\/p>\n<p><span style=\"font-family: inherit; font-size: 1em; line-height: 1.6;\">Modalitat formativa amb intervenci\u00f3 d\u2019un professional, generalment extern, que s&#8217;adre\u00e7a a la majoria del claustre o a un col\u00b7lectiu d&#8217;un centre.<\/span><\/p>\n<ul>\n<li>Format presencial.<\/li>\n<li>Durada: m\u00ednim 20 hores, amb dues terceres parts (m\u00ednim 1\/2) amb la persona formadora i la resta, de treball aut\u00f2nom al centre.<\/li>\n<\/ul>\n<p><strong>2.- <span style=\"text-decoration: underline;\"><em>Taller a centre<\/em><\/span><\/strong><\/p>\n<p>Modalitat formativa de car\u00e0cter concret i pr\u00e0ctic orientada a la millora d&#8217;alguna compet\u00e8ncia professional del professorat. S&#8217;adre\u00e7a a la majoria del claustre o a un col\u00b7lectiu d&#8217;un centre.<\/p>\n<ul>\n<li>Format presencial.<\/li>\n<li>Durada: m\u00e0xim 15 hores, amb dues terceres parts amb la persona formadora i la resta, de treball aut\u00f2nom al centre per tallers de m\u00e9s de 5 hores.<\/li>\n<li>En general, el taller \u00e9s impartit per una professional experta que certificar\u00e0 com a formador\/a i pot ser del propi de centre.<\/li>\n<\/ul>\n<p><strong>3.- <span style=\"text-decoration: underline;\"><em>Formaci\u00f3 interna de centre (FIC)<\/em><\/span><br \/>\n<\/strong><\/p>\n<p>Modalitat formativa que t\u00e9 lloc dins de cada centre educatiu, i s&#8217;adre\u00e7a a la majoria del claustre o a un col\u00b7lectiu d&#8217;un centre.<\/p>\n<ul>\n<li>\u00c9s liderat i dinamitzat per un equip de coordinaci\u00f3 format per tres persones del centre entre les quals, almenys una \u00e9s de l&#8217;equip directiu.<\/li>\n<li>Durada:\n<ul>\n<li>Itineraris guiats: 45 hores amb 30 hores presencials de les persones participants i 15 hores de treball intern per realitzar les tasques planificades en relaci\u00f3 amb l\u2019aprofitament i la transfer\u00e8ncia immediata a l\u2019aula o al centre.<\/li>\n<li>Itineraris propis: 30 hores amb 20 hores presencials de les persones participants i 10 hores de treball intern per realitzar les tasques planificades en relaci\u00f3 amb l\u2019aprofitament i la transfer\u00e8ncia immediata a l\u2019aula o al centre.<\/li>\n<\/ul>\n<\/li>\n<\/ul>\n<p>4.- <span style=\"text-decoration: underline;\"><em><strong>Visita Formativa a centre<\/strong><\/em><\/span><\/p>\n<p>Modalitat formativa de car\u00e0cter concret i pr\u00e0ctic orientada a promoure un proc\u00e9s de reflexi\u00f3 sobre la pr\u00f2pia pr\u00e0ctica a partir de con\u00e8ixer i compartir experi\u00e8ncies d\u2019\u00e8xit o de bones pr\u00e0ctiques consolidades. Ha d&#8217;implicar l&#8217;equip docent i ha de conduir a la millora d&#8217;algun aspecte metodol\u00f2gic, organitzatiu o de relaci\u00f3 amb l&#8217;entorn.<\/p>\n<ul>\n<li>Format presencial.<\/li>\n<li>Durada total de l\u2019activitat: m\u00ednim 15 hores, distribu\u00efdes en un m\u00ednim de 2 sessions separades en el temps.<\/li>\n<li>Durada de l\u2019activitat presencial: recomanat 2\/3 del total.<\/li>\n<li>Durada dels altres requisits: recomanat 1\/3 del total.<\/li>\n<\/ul>\n<h3><span style=\"text-decoration: underline;\"><em><strong>FORMACI\u00d3 PER A CENTRES<\/strong><\/em><\/span><\/h3>\n<p>Les modalitats de formaci\u00f3 per a centre s\u00f3n:<\/p>\n<p>1.- <span style=\"text-decoration: underline;\"><strong><em>Seminari de Coordinaci\u00f3<\/em><\/strong><\/span><\/p>\n<p>\u00c9s una modalitat per compartir i intercanviar projectes entre professorat de diferents centres, d&#8217;etapes consecutives (infantil- prim\u00e0ria; prim\u00e0ria-secund\u00e0ria) o d\u2019una mateixa etapa. Les tem\u00e0tiques poden ser generals, d&#8217;especialitat, d&#8217;\u00e0rea, per c\u00e0rrec.<\/p>\n<ul>\n<li>Format presencial o semipresencial<\/li>\n<li>Durada: m\u00ednim 15 hores de les quals 2\/3 parts presencials.<\/li>\n<li>Durada dels altres requisits: 1\/3<\/li>\n<\/ul>\n<p><strong>2.- <span style=\"text-decoration: underline;\"><em>Curs \/ Seminari d&#8217;equips de centre<\/em><\/span><\/strong><\/p>\n<p>\u00c9s una modalitat de formaci\u00f3 entre centres dirigida a equips professionals de centres on almenys una persona forma part de l&#8217;equip directiu. Aquestes persones tindran el comprom\u00eds de la transfer\u00e8ncia del contingut de la formaci\u00f3 al seu centre. L&#8217;estructura formativa incorpora la planificaci\u00f3, l&#8217;experimentaci\u00f3 i l&#8217;avaluaci\u00f3\u00a0 del\u00a0 pla\u00a0 d&#8217;actuaci\u00f3\u00a0 en\u00a0 el centre de la tem\u00e0tica treballada.<\/p>\n<ul>\n<li>Format presencial o semipresencial<\/li>\n<li>Durada: m\u00ednim 30 hores<\/li>\n<li>Durada dels altres requisits: 1\/3, m\u00e0xim 2\/3<\/li>\n<\/ul>\n<p><strong>3.- <span style=\"text-decoration: underline;\"><em>Taller d&#8217;equip de Centre<\/em><\/span><\/strong><\/p>\n<p>\u00c9s una modalitat de formaci\u00f3 entre centres dirigida a equips professionals de centres on almenys una persona forma part de l&#8217;equip directiu. Aquestes persones tindran el comprom\u00eds de la transfer\u00e8ncia del contingut de la formaci\u00f3 al seu centre.<\/p>\n<ul>\n<li>Format presencial o semipresencial<\/li>\n<li>Durada: m\u00e0xim 15 hores<\/li>\n<li>Durada dels altres requisits: 1\/3<\/li>\n<\/ul>\n<h3><span style=\"text-decoration: underline;\"><em><strong>FORMACI\u00d3 INDIVIDUAL<\/strong><\/em><\/span><\/h3>\n<p><span style=\"text-decoration: underline;\"><em>BLOC 1. MODALITATS DE FORMACI\u00d3 INDIVIDUAL<\/em><\/span><\/p>\n<p><strong>1.- <span style=\"text-decoration: underline;\"><em>Taller<\/em><\/span><\/strong><\/p>\n<p>Modalitat formativa de car\u00e0cter concret i pr\u00e0ctic orientat a la millora d\u2019alguna compet\u00e8ncia professional del professorat.<\/p>\n<ul>\n<li>Format presencial<\/li>\n<li>Durada: m\u00e0xim 15 hores<\/li>\n<li>Durada dels altres requisits: : 1\/3 per a tallers de m\u00e9s de 5 hores<\/li>\n<\/ul>\n<p><strong>2.- <span style=\"text-decoration: underline;\"><em>Curs<\/em><\/span><\/strong><\/p>\n<p>Modalitat de formaci\u00f3 estandarditzada, impartida per una persona experta.<\/p>\n<ul>\n<li>Formaci\u00f3 presencial, semipresencial o no presencial<\/li>\n<li>Durada: m\u00ednim 15 hores<\/li>\n<li>Durada dels altres requisits: 1\/3<\/li>\n<\/ul>\n<p><strong><em>3.- <span style=\"text-decoration: underline;\">Seminari<\/span><\/em><\/strong><\/p>\n<p>Modalitat que promou la reflexi\u00f3 de docents de diferents centres o altres agents educatius del territori entorn d&#8217;un tema, a partir de la seva pr\u00e0ctica professional.<\/p>\n<ul>\n<li>Format presencial, semipresencial o no presencial<\/li>\n<li>Durada: m\u00ednim 20 hores<\/li>\n<li>Durada dels altres requisits: 1\/3<\/li>\n<\/ul>\n<p><span style=\"text-decoration: underline;\"><em>BLOC 2. MODALITAT DE REFLEXI\u00d3 COL\u00b7LECTIVA ENTRE IGUALS PER AL PROFESSORAT DE DIFERENTS CENTRES<\/em><\/span><\/p>\n<p><strong><span style=\"text-decoration: underline;\"><em>Grup de treball<\/em><\/span><\/strong><\/p>\n<p>\u00c9s una modalitat formativa que t\u00e9 com a finalitat la millora de la pr\u00e0ctica educativa. La seva tasca pret\u00e9n afavorir la incorporaci\u00f3 de canvis metodol\u00f2gics i pr\u00e0ctiques innovadores. Poden estar constitu\u00efts nom\u00e9s per professorat o b\u00e9 incloure tamb\u00e9 la participaci\u00f3 d&#8217;altres professionals vinculats a l&#8217;\u00e0mbit educatiu, comunitari o universitari. En el cas que tingui una durada superior a un any caldr\u00e0 diferenciar els objectius finals del grup de treball i els objectius de cadascun dels anys.<\/p>\n<ul>\n<li>Format presencial, semipresencial<\/li>\n<li>Durada: m\u00ednim 20 hores, m\u00e0xim 60 hores<\/li>\n<li>Durada dels altres requisits: 1\/2<\/li>\n<\/ul>\n<p><span style=\"text-decoration: underline;\"><em>BLOC 3. MODALITATS DE DINAMITZACI\u00d3, SENSIBILITZACI\u00d3 I DIVULGACI\u00d3<\/em><\/span><\/p>\n<p><span style=\"text-decoration: underline;\"><em><strong>Confer\u00e8ncia, taula rodona, trobada pedag\u00f2gica, intercanvi d&#8217;experi\u00e8ncies, jornades i cicle de confer\u00e8ncies<\/strong><\/em><\/span><\/p>\n<p>S\u00f3n modalitats de formaci\u00f3 intensiva i de curta durada a l&#8217;entorn d&#8217;un tema monogr\u00e0fic.<\/p>\n<ul>\n<li><strong>Confer\u00e8ncia <\/strong>i <strong>taula rodona<\/strong>: m\u00e0xim 3 hores. No certificables<\/li>\n<li><strong>Trobada pedag\u00f2gica <\/strong>i <strong>intercanvi d\u2019experi\u00e8ncies<\/strong>: m\u00ednim 4 hores (certificable a partir de 5 hores)<\/li>\n<li><strong>Jornades: <\/strong>m\u00ednim 5 hores<\/li>\n<li><strong style=\"font-family: inherit; font-size: 1em;\">Cicle de confer\u00e8ncies<\/strong><span style=\"font-family: inherit; font-size: 1em;\">: m\u00ednim 15 hores<\/span><\/li>\n<\/ul>\n<p><span style=\"text-decoration: underline;\"><em>BLOC 4. MODALITATS D&#8217;ESTADES FORMATIVES<\/em><\/span><\/p>\n<p><strong>1.- <span style=\"text-decoration: underline;\"><em>Estada formativa a l&#8217;empresa<\/em><\/span><\/strong><\/p>\n<p>Les estades formatives del professorat a les empreses o institucions representen una oportunitat \u00fanica perqu\u00e8 el professorat estigui en contacte amb empreses del sector productiu relacionat amb els ensenyaments que imparteix. S\u2019adrecen al professorat de formaci\u00f3 professional. Se&#8217;n diferencien dos tipus, A i B:<\/p>\n<ul>\n<li>Tipus A:\n<ul>\n<li>Es fan fora de l&#8217;horari lectiu de manera que el professorat fa compatible l&#8217;estada i la seva activitat docent.<\/li>\n<li>Es poden sol\u00b7licitar durant tot el curs acad\u00e8mic a la Sub-direcci\u00f3 General de Programes, Formaci\u00f3 i Innovaci\u00f3.<\/li>\n<\/ul>\n<\/li>\n<li>Tipus B:\n<ul>\n<li>Es fan en per\u00edodes i horaris coincidents total o parcialment amb l&#8217;horari<\/li>\n<\/ul>\n<\/li>\n<\/ul>\n<p>S&#8217;han de sol\u00b7licitar mitjan\u00e7ant convocat\u00f2ria publicada al DOGC.<\/p>\n<ul>\n<li>Format presencial<\/li>\n<li>Durada:\n<ul>\n<li>Tipus A: en general entre 20 i 100<\/li>\n<li>Tipus B: entre 26 i 80 hores<\/li>\n<\/ul>\n<\/li>\n<\/ul>\n<p><strong>2.- <span style=\"text-decoration: underline;\"><em>Estada formativa a l&#8217;estranger<\/em><\/span><\/strong><\/p>\n<p>Les estades formatives a l&#8217;estranger, en centres o institucions de reconegut prestigi en el m\u00f3n educatiu, representen una oportunitat \u00fanica perqu\u00e8 el professorat estigui en contacte amb les novetats relacionades amb els ensenyaments que imparteix, aix\u00ed com amb diferents metodologies.<\/p>\n<ul>\n<li>Format presencial<\/li>\n<li>Durada:\n<ul>\n<li>En general entre 35 i 100 hores<\/li>\n<\/ul>\n<\/li>\n<\/ul>\n","protected":false},"excerpt":{"rendered":"<p>MODALITATS DE FORMACI\u00d3 Les activitats de formaci\u00f3 es poden classificar en les modalitats seg\u00fcents: Les activitats de formaci\u00f3 es poden organitzar en tres formats: FORMACI\u00d3 EN CENTRE Les modalitats de formaci\u00f3 en centre s\u00f3n: 1.- Assessorament en centre Modalitat formativa amb intervenci\u00f3 d\u2019un professional, generalment extern, que s&#8217;adre\u00e7a a la majoria del claustre o a [&hellip;]<\/p>\n","protected":false},"author":1,"featured_media":0,"parent":0,"menu_order":0,"comment_status":"closed","ping_status":"closed","template":"page-templates\/side-menu.php","meta":{"_bbp_topic_count":0,"_bbp_reply_count":0,"_bbp_total_topic_count":0,"_bbp_total_reply_count":0,"_bbp_voice_count":0,"_bbp_anonymous_reply_count":0,"_bbp_topic_count_hidden":0,"_bbp_reply_count_hidden":0,"_bbp_forum_subforum_count":0,"site-sidebar-layout":"default","site-content-layout":"","ast-site-content-layout":"","site-content-style":"default","site-sidebar-style":"default","ast-global-header-display":"","ast-banner-title-visibility":"","ast-main-header-display":"","ast-hfb-above-header-display":"","ast-hfb-below-header-display":"","ast-hfb-mobile-header-display":"","site-post-title":"","ast-breadcrumbs-content":"","ast-featured-img":"","footer-sml-layout":"","theme-transparent-header-meta":"","adv-header-id-meta":"","stick-header-meta":"","header-above-stick-meta":"","header-main-stick-meta":"","header-below-stick-meta":"","astra-migrate-meta-layouts":"default","ast-page-background-enabled":"default","ast-page-background-meta":{"desktop":{"background-color":"var(--ast-global-color-4)","background-image":"","background-repeat":"repeat","background-position":"center center","background-size":"auto","background-attachment":"scroll","background-type":"","background-media":"","overlay-type":"","overlay-color":"","overlay-opacity":"","overlay-gradient":""},"tablet":{"background-color":"","background-image":"","background-repeat":"repeat","background-position":"center center","background-size":"auto","background-attachment":"scroll","background-type":"","background-media":"","overlay-type":"","overlay-color":"","overlay-opacity":"","overlay-gradient":""},"mobile":{"background-color":"","background-image":"","background-repeat":"repeat","background-position":"center center","background-size":"auto","background-attachment":"scroll","background-type":"","background-media":"","overlay-type":"","overlay-color":"","overlay-opacity":"","overlay-gradient":""}},"ast-content-background-meta":{"desktop":{"background-color":"var(--ast-global-color-5)","background-image":"","background-repeat":"repeat","background-position":"center center","background-size":"auto","background-attachment":"scroll","background-type":"","background-media":"","overlay-type":"","overlay-color":"","overlay-opacity":"","overlay-gradient":""},"tablet":{"background-color":"var(--ast-global-color-5)","background-image":"","background-repeat":"repeat","background-position":"center center","background-size":"auto","background-attachment":"scroll","background-type":"","background-media":"","overlay-type":"","overlay-color":"","overlay-opacity":"","overlay-gradient":""},"mobile":{"background-color":"var(--ast-global-color-5)","background-image":"","background-repeat":"repeat","background-position":"center center","background-size":"auto","background-attachment":"scroll","background-type":"","background-media":"","overlay-type":"","overlay-color":"","overlay-opacity":"","overlay-gradient":""}},"footnotes":""},"class_list":["post-416","page","type-page","status-publish","hentry"],"post_mailing_queue_ids":[],"_links":{"self":[{"href":"https:\/\/serveiseducatius.xtec.cat\/vallesoccidental5\/wp-json\/wp\/v2\/pages\/416","targetHints":{"allow":["GET"]}}],"collection":[{"href":"https:\/\/serveiseducatius.xtec.cat\/vallesoccidental5\/wp-json\/wp\/v2\/pages"}],"about":[{"href":"https:\/\/serveiseducatius.xtec.cat\/vallesoccidental5\/wp-json\/wp\/v2\/types\/page"}],"author":[{"embeddable":true,"href":"https:\/\/serveiseducatius.xtec.cat\/vallesoccidental5\/wp-json\/wp\/v2\/users\/1"}],"replies":[{"embeddable":true,"href":"https:\/\/serveiseducatius.xtec.cat\/vallesoccidental5\/wp-json\/wp\/v2\/comments?post=416"}],"version-history":[{"count":3,"href":"https:\/\/serveiseducatius.xtec.cat\/vallesoccidental5\/wp-json\/wp\/v2\/pages\/416\/revisions"}],"predecessor-version":[{"id":11968,"href":"https:\/\/serveiseducatius.xtec.cat\/vallesoccidental5\/wp-json\/wp\/v2\/pages\/416\/revisions\/11968"}],"wp:attachment":[{"href":"https:\/\/serveiseducatius.xtec.cat\/vallesoccidental5\/wp-json\/wp\/v2\/media?parent=416"}],"curies":[{"name":"wp","href":"https:\/\/api.w.org\/{rel}","templated":true}]}}