{"id":385,"date":"2015-11-25T14:26:15","date_gmt":"2015-11-25T13:26:15","guid":{"rendered":"http:\/\/serveiseducatius.xtec.cat\/se-vallesoccidental5\/?page_id=385"},"modified":"2024-05-13T15:01:58","modified_gmt":"2024-05-13T13:01:58","slug":"ensenyament-secundari-batxillerat-i-formacio-professional","status":"publish","type":"page","link":"https:\/\/serveiseducatius.xtec.cat\/vallesoccidental5\/comunitat\/centres-educatius\/ensenyament-secundari-batxillerat-i-formacio-professional\/","title":{"rendered":"Ensenyament secundari, Batxillerat i Formaci\u00f3 professional"},"content":{"rendered":"<p>&nbsp;<\/p>\n<table style=\"width: 71.2495%; height: 761px;\">\n<tbody>\n<tr style=\"height: 33px;\">\n<td style=\"background-color: #faffba; text-align: center; width: 111.787%; height: 33px;\" colspan=\"4\"><strong>CENTRES P\u00daBLICS<\/strong><strong><br \/>\n<\/strong><\/td>\n<\/tr>\n<tr style=\"height: 31px;\">\n<td style=\"text-align: center; height: 31px; width: 21.1739%;\"><strong>(enlla\u00e7 web)<\/strong><\/td>\n<td style=\"text-align: center; height: 31px; width: 29.1635%;\"><strong>ADRE\u00c7A<\/strong><\/td>\n<td style=\"text-align: center; height: 31px; width: 13.4318%;\"><strong>TEL\u00c8FON<\/strong><\/td>\n<td style=\"text-align: center; height: 31px; width: 48.0174%;\"><strong>E-MAIL<\/strong><\/td>\n<\/tr>\n<tr style=\"height: 31px;\">\n<td style=\"height: 31px; width: 21.1739%;\"><a href=\"http:\/\/www.ibanus.cat\" target=\"_blank\" rel=\"noopener\"><strong>Institut Ban\u00fas<\/strong><\/a><\/td>\n<td style=\"height: 31px; width: 29.1635%;\">C\/ Sant Casimir, 16<\/td>\n<td style=\"height: 31px; width: 13.4318%;\">93 5806236<\/td>\n<td style=\"height: 31px; width: 48.0174%;\"><a href=\"mailto:iesbanus@xtec.cat\">iesbanus@xtec.cat<\/a><\/td>\n<\/tr>\n<tr style=\"height: 31px;\">\n<td style=\"height: 31px; width: 21.1739%;\"><\/td>\n<td style=\"height: 31px; width: 29.1635%;\">Escoles de prim\u00e0ria adscrites<\/td>\n<td style=\"height: 31px; width: 61.4492%;\" colspan=\"2\">Escola Municipal La S\u00ednia, Escola Saltells,<br \/>\nEscola Serraparera i Escola Xarau.<\/td>\n<\/tr>\n<tr style=\"height: 46px;\">\n<td style=\"height: 46px; width: 21.1739%;\"><a href=\"http:\/\/agora.xtec.cat\/iesforatdelvent\/\" target=\"_blank\" rel=\"noopener\"><strong>Inst. Forat del Vent<\/strong><\/a><\/td>\n<td style=\"height: 46px; width: 29.1635%;\">C\/ Pizarro, 35<\/td>\n<td style=\"height: 46px; width: 13.4318%;\">936 911 200<br \/>\n936 911 451<\/td>\n<td style=\"height: 46px; width: 48.0174%;\">\n<div class=\"field-label\"><a href=\"mailto:iesforatdelvent@xtec.cat\">iesforatdelvent@xtec.cat<\/a><\/div>\n<\/td>\n<\/tr>\n<tr style=\"height: 31px;\">\n<td style=\"height: 31px; width: 21.1739%;\"><\/td>\n<td style=\"height: 31px; width: 29.1635%;\">Escoles de prim\u00e0ria adscrites<\/td>\n<td style=\"height: 31px; width: 61.4492%;\" colspan=\"2\">Escola Carles Bu\u00efgas, Escola Collserola,<br \/>\nEscola Les Fontetes, Escola Sant Mart\u00ed i<br \/>\nEscola Tur\u00f3 de Guiera<\/td>\n<\/tr>\n<tr style=\"height: 31px;\">\n<td style=\"height: 31px; width: 21.1739%;\"><a href=\"http:\/\/agora.xtec.cat\/ies-gorgs\" target=\"_blank\" rel=\"noopener\"><strong>Institut Gorgs<\/strong><\/a><\/td>\n<td style=\"height: 31px; width: 29.1635%;\">C\/ \u00c0liga, 65<\/td>\n<td style=\"height: 31px; width: 13.4318%;\">93 5804354<\/td>\n<td style=\"height: 31px; width: 48.0174%;\">\n<div class=\"field-label\"><a href=\"mailto:ies-gorgs@xtec.cat\">ies-gorgs@xtec.cat<\/a><\/div>\n<\/td>\n<\/tr>\n<tr style=\"height: 40px;\">\n<td style=\"height: 40px; width: 21.1739%;\"><\/td>\n<td style=\"height: 40px; width: 29.1635%;\">Escoles de prim\u00e0ria adscrites<\/td>\n<td style=\"height: 40px; width: 61.4492%;\" colspan=\"2\">Escola Carles Bu\u00efgas, Escola Collserola,<br \/>\nEscola Les Fontetes, Escola Sant Mart\u00ed i<br \/>\nEscola Tur\u00f3 de Guiera<\/td>\n<\/tr>\n<tr style=\"height: 31px;\">\n<td style=\"height: 31px; width: 21.1739%;\"><a href=\"https:\/\/agora.xtec.cat\/iesjaumemimo\/\" target=\"_blank\" rel=\"noopener\"><strong>Ins. Jaume Mim\u00f3<\/strong><\/a><\/td>\n<td style=\"height: 31px; width: 29.1635%;\">C\/ Serra dels Galliners, s\/n<\/td>\n<td style=\"height: 31px; width: 13.4318%;\">93 5803994<\/td>\n<td style=\"height: 31px; width: 48.0174%;\"><a href=\"mailto:a8044715@xtec.cat\">a8044715@xtec.cat<\/a><\/td>\n<\/tr>\n<tr style=\"height: 46px;\">\n<td style=\"height: 46px; width: 21.1739%;\"><\/td>\n<td style=\"height: 46px; width: 29.1635%;\">Escoles de pim\u00e0ria adscrites<\/td>\n<td style=\"height: 46px; width: 61.4492%;\" colspan=\"2\">Escola Municipal La S\u00ednia, Escola Saltells,<br \/>\nEscola Serraparera i Escola Xarau.<\/td>\n<\/tr>\n<tr style=\"height: 46px;\">\n<td style=\"height: 46px; width: 21.1739%;\"><a href=\"http:\/\/www.insperecalders.cat\" target=\"_blank\" rel=\"noopener\"><strong>Ins Pere Calders<\/strong><\/a><\/td>\n<td style=\"height: 46px; width: 29.1635%;\">Campus UAB C\/ De l&#8217;Escoleta s\/n<\/td>\n<td style=\"height: 46px; width: 13.4318%;\">93 5801517<br \/>\n93 5801477<\/td>\n<td style=\"height: 46px; width: 48.0174%;\"><a href=\"mailto:a8043504@xtec.cat\">a8043504@xtec.cat<\/a><\/td>\n<\/tr>\n<tr style=\"height: 31px;\">\n<td style=\"height: 31px; width: 21.1739%;\"><\/td>\n<td style=\"height: 31px; width: 29.1635%;\">Escoles de prim\u00e0ria adscrites<\/td>\n<td style=\"height: 31px; width: 61.4492%;\" colspan=\"2\">Escola Bellaterra<\/td>\n<\/tr>\n<tr style=\"height: 31px;\">\n<td style=\"height: 31px; width: 21.1739%;\"><a href=\"https:\/\/agora.xtec.cat\/ceecftflordemaig\/\" target=\"_blank\" rel=\"noopener\"><strong>Centre de Formaci\u00f3<br \/>\ni Treball Flor de Maig<\/strong><\/a><\/td>\n<td style=\"height: 31px; width: 29.1635%;\">\n<div class=\"field-label\">Av. Flor de Maig, s\/n<\/div>\n<\/td>\n<td style=\"height: 31px; width: 13.4318%;\">93 5948828<\/td>\n<td style=\"height: 31px; width: 48.0174%;\"><a href=\"mailto:a8037292@xtec.cat\">a8037292@xtec.cat<\/a><\/td>\n<\/tr>\n<tr style=\"height: 31px;\">\n<td style=\"height: 31px; width: 21.1739%;\"><a href=\"https:\/\/sites.google.com\/site\/cfalalzina\" target=\"_blank\" rel=\"noopener\"><strong>Centre de Formaci\u00f3<br \/>\nd&#8217;Adults L&#8217;Alzina<\/strong><\/a><\/td>\n<td style=\"height: 31px; width: 29.1635%;\">\n<div class=\"field-label\">\n<div class=\"field-label\">\u00a0C. Roman\u00ed, 5<\/div>\n<\/div>\n<\/td>\n<td style=\"height: 31px; width: 13.4318%;\">93 5864459<\/td>\n<td style=\"height: 31px; width: 48.0174%;\"><a href=\"mailto:a8056584@xtec.cat\">a8056584@xtec.cat<\/a><\/td>\n<\/tr>\n<tr style=\"height: 33px;\">\n<td style=\"background-color: #faffba; width: 111.787%; height: 33px;\" colspan=\"4\">\n<div class=\"field-label\">\n<div class=\"field-label\" style=\"text-align: center;\"><strong>CENTRES CONCERTATS<\/strong><\/div>\n<\/div>\n<\/td>\n<\/tr>\n<tr style=\"height: 33px;\">\n<td style=\"width: 21.1739%; background-color: #ffffff; height: 33px; text-align: left;\">\n<div class=\"field-label\">\n<div class=\"field-label\" style=\"text-align: center;\"><strong>(enlla\u00e7 web)<\/strong><\/div>\n<\/div>\n<\/td>\n<td style=\"width: 29.1635%; background-color: #ffffff; height: 33px;\">\n<div class=\"field-label\">\n<div class=\"field-label\" style=\"text-align: center;\"><strong>ADRE\u00c7A<\/strong><\/div>\n<\/div>\n<\/td>\n<td style=\"width: 13.4318%; background-color: #ffffff; height: 33px;\">\n<div class=\"field-label\">\n<div class=\"field-label\" style=\"text-align: center;\"><strong>TEL\u00c8FON<\/strong><\/div>\n<\/div>\n<\/td>\n<td style=\"width: 48.0174%; background-color: #ffffff; height: 33px;\">\n<div class=\"field-label\">\n<div class=\"field-label\" style=\"text-align: center;\"><strong>E-MAIL<\/strong><\/div>\n<\/div>\n<\/td>\n<\/tr>\n<tr style=\"height: 48px;\">\n<td style=\"width: 21.1739%; background-color: #ffffff; height: 48px; text-align: left;\">\n<div class=\"field-label\">\n<div class=\"field-label\"><a href=\"http:\/\/www.cmontserrat.cat\"><strong>Col\u00b7legi Montserrat<\/strong><\/a><\/div>\n<\/div>\n<\/td>\n<td style=\"width: 29.1635%; background-color: #ffffff; text-align: left; height: 48px;\">\n<div class=\"field-label\">\n<div class=\"field-label\">Av. Sant Iscle, 6<\/div>\n<\/div>\n<\/td>\n<td style=\"width: 13.4318%; background-color: #ffffff; text-align: left; height: 48px;\">\n<div class=\"field-label\">\n<div class=\"field-label\">93 6919752<br \/>\n93 6912901<\/div>\n<\/div>\n<\/td>\n<td style=\"width: 48.0174%; background-color: #ffffff; text-align: left; height: 48px;\">\n<div class=\"field-label\">\n<div class=\"field-label\"><a href=\"mailto:info@cmontserrat.cat\">info@cmontserrat.cat<\/a><\/div>\n<\/div>\n<\/td>\n<\/tr>\n<tr style=\"height: 33px;\">\n<td style=\"width: 21.1739%; background-color: #ffffff; height: 33px; text-align: left;\">\n<div class=\"field-label\">\n<div class=\"field-label\"><a href=\"https:\/\/escaladei.cat\/\"><strong>Escaladei<\/strong><\/a><\/div>\n<\/div>\n<\/td>\n<td style=\"width: 29.1635%; background-color: #ffffff; text-align: left; height: 33px;\">\n<div class=\"field-label\">\n<div class=\"field-label\">C. Sant Salvador, 8<\/div>\n<\/div>\n<\/td>\n<td style=\"width: 13.4318%; background-color: #ffffff; text-align: left; height: 33px;\">\n<div class=\"field-label\">\n<div class=\"field-label\">93 6920981<\/div>\n<\/div>\n<\/td>\n<td style=\"width: 48.0174%; background-color: #ffffff; text-align: left; height: 33px;\">\n<div class=\"field-label\">\n<div class=\"field-label\"><a href=\"mailto:escola@escaladei.cat\">escola@escaladei.cat<\/a><\/div>\n<\/div>\n<\/td>\n<\/tr>\n<tr style=\"height: 38px;\">\n<td style=\"width: 21.1739%; background-color: #ffffff; height: 38px; text-align: left;\">\n<div class=\"field-label\">\n<div class=\"field-label\"><a href=\"http:\/\/fedac.cerdanyola@fedac.cat\"><strong>FEDAC Cerdanyola<\/strong><\/a><\/div>\n<\/div>\n<\/td>\n<td style=\"width: 29.1635%; background-color: #ffffff; text-align: left; height: 38px;\">\n<div class=\"field-label\">\n<div class=\"field-label\">C. Francesc Layret, 55<\/div>\n<\/div>\n<\/td>\n<td style=\"width: 13.4318%; background-color: #ffffff; text-align: left; height: 38px;\">\n<div class=\"field-label\">\n<div class=\"field-label\">93 6920884<\/div>\n<\/div>\n<\/td>\n<td style=\"width: 48.0174%; background-color: #ffffff; text-align: left; height: 38px;\">\n<div class=\"field-label\">\n<div class=\"field-label\"><a href=\"mailto:fedac.cerdanyola@fedac.cat\">fedac.cerdanyola@fedac.cat<\/a><\/div>\n<\/div>\n<\/td>\n<\/tr>\n<tr style=\"height: 38px;\">\n<td style=\"width: 21.1739%; background-color: #ffffff; height: 38px; text-align: left;\">\n<div class=\"field-label\">\n<div class=\"field-label\"><a href=\"https:\/\/www.fundaciocollserola.cat\/escoles\/index.php?sch=4\"><strong>Ram\u00f3n Fuster<\/strong><\/a><\/div>\n<\/div>\n<\/td>\n<td style=\"width: 29.1635%; background-color: #ffffff; text-align: left; height: 38px;\">\n<div class=\"field-label\">\n<div class=\"field-label\">C. Escultor Vallmitjana 9-15<\/div>\n<\/div>\n<\/td>\n<td style=\"width: 13.4318%; background-color: #ffffff; text-align: left; height: 38px;\">\n<div class=\"field-label\">\n<div class=\"field-label\">93 5864106<\/div>\n<\/div>\n<\/td>\n<td style=\"width: 48.0174%; background-color: #ffffff; text-align: left; height: 38px;\">\n<div class=\"field-label\">\n<div class=\"field-label\"><a href=\"mailto:ramonfuster@fundaciocollserola.cat\">ramonfuster@fundaciocollserola.cat<\/a><\/div>\n<\/div>\n<\/td>\n<\/tr>\n<tr style=\"height: 48px;\">\n<td style=\"width: 21.1739%; background-color: #ffffff; height: 48px; text-align: left;\">\n<div class=\"field-label\">\n<div class=\"field-label\"><a href=\"http:\/\/www.fundaciobellaire.cat\/escola-bellaire\"><strong>Centre Terap\u00e8utic Bellaire<\/strong><\/a><\/div>\n<\/div>\n<\/td>\n<td style=\"width: 29.1635%; background-color: #ffffff; text-align: left; height: 48px;\">\n<div class=\"field-label\">\n<div class=\"field-label\">C\/ Ramon Llull, 29-31<\/div>\n<\/div>\n<\/td>\n<td style=\"width: 13.4318%; background-color: #ffffff; text-align: left; height: 48px;\">\n<div class=\"field-label\">\n<div class=\"field-label\">93 5808164<\/div>\n<\/div>\n<\/td>\n<td style=\"width: 48.0174%; background-color: #ffffff; text-align: left; height: 48px;\">\n<div class=\"field-label\">\n<div class=\"field-label\"><a href=\"mailto:bellaire@fundaciobellaire.cat\">bellaire@fundaciobellaire.cat<\/a><\/div>\n<\/div>\n<\/td>\n<\/tr>\n<\/tbody>\n<\/table>\n","protected":false},"excerpt":{"rendered":"<p>&nbsp; CENTRES P\u00daBLICS (enlla\u00e7 web) ADRE\u00c7A TEL\u00c8FON E-MAIL Institut Ban\u00fas C\/ Sant Casimir, 16 93 5806236 iesbanus@xtec.cat Escoles de prim\u00e0ria adscrites Escola Municipal La S\u00ednia, Escola Saltells, Escola Serraparera i Escola Xarau. Inst. Forat del Vent C\/ Pizarro, 35 936 911 200 936 911 451 iesforatdelvent@xtec.cat Escoles de prim\u00e0ria adscrites Escola Carles Bu\u00efgas, Escola Collserola, [&hellip;]<\/p>\n","protected":false},"author":1,"featured_media":0,"parent":338,"menu_order":30,"comment_status":"closed","ping_status":"closed","template":"page-templates\/side-menu.php","meta":{"_bbp_topic_count":0,"_bbp_reply_count":0,"_bbp_total_topic_count":0,"_bbp_total_reply_count":0,"_bbp_voice_count":0,"_bbp_anonymous_reply_count":0,"_bbp_topic_count_hidden":0,"_bbp_reply_count_hidden":0,"_bbp_forum_subforum_count":0,"site-sidebar-layout":"default","site-content-layout":"","ast-site-content-layout":"","site-content-style":"default","site-sidebar-style":"default","ast-global-header-display":"","ast-banner-title-visibility":"","ast-main-header-display":"","ast-hfb-above-header-display":"","ast-hfb-below-header-display":"","ast-hfb-mobile-header-display":"","site-post-title":"","ast-breadcrumbs-content":"","ast-featured-img":"","footer-sml-layout":"","theme-transparent-header-meta":"","adv-header-id-meta":"","stick-header-meta":"","header-above-stick-meta":"","header-main-stick-meta":"","header-below-stick-meta":"","astra-migrate-meta-layouts":"default","ast-page-background-enabled":"default","ast-page-background-meta":{"desktop":{"background-color":"var(--ast-global-color-4)","background-image":"","background-repeat":"repeat","background-position":"center center","background-size":"auto","background-attachment":"scroll","background-type":"","background-media":"","overlay-type":"","overlay-color":"","overlay-opacity":"","overlay-gradient":""},"tablet":{"background-color":"","background-image":"","background-repeat":"repeat","background-position":"center center","background-size":"auto","background-attachment":"scroll","background-type":"","background-media":"","overlay-type":"","overlay-color":"","overlay-opacity":"","overlay-gradient":""},"mobile":{"background-color":"","background-image":"","background-repeat":"repeat","background-position":"center center","background-size":"auto","background-attachment":"scroll","background-type":"","background-media":"","overlay-type":"","overlay-color":"","overlay-opacity":"","overlay-gradient":""}},"ast-content-background-meta":{"desktop":{"background-color":"var(--ast-global-color-5)","background-image":"","background-repeat":"repeat","background-position":"center center","background-size":"auto","background-attachment":"scroll","background-type":"","background-media":"","overlay-type":"","overlay-color":"","overlay-opacity":"","overlay-gradient":""},"tablet":{"background-color":"var(--ast-global-color-5)","background-image":"","background-repeat":"repeat","background-position":"center center","background-size":"auto","background-attachment":"scroll","background-type":"","background-media":"","overlay-type":"","overlay-color":"","overlay-opacity":"","overlay-gradient":""},"mobile":{"background-color":"var(--ast-global-color-5)","background-image":"","background-repeat":"repeat","background-position":"center center","background-size":"auto","background-attachment":"scroll","background-type":"","background-media":"","overlay-type":"","overlay-color":"","overlay-opacity":"","overlay-gradient":""}},"footnotes":""},"class_list":["post-385","page","type-page","status-publish","hentry"],"post_mailing_queue_ids":[],"_links":{"self":[{"href":"https:\/\/serveiseducatius.xtec.cat\/vallesoccidental5\/wp-json\/wp\/v2\/pages\/385","targetHints":{"allow":["GET"]}}],"collection":[{"href":"https:\/\/serveiseducatius.xtec.cat\/vallesoccidental5\/wp-json\/wp\/v2\/pages"}],"about":[{"href":"https:\/\/serveiseducatius.xtec.cat\/vallesoccidental5\/wp-json\/wp\/v2\/types\/page"}],"author":[{"embeddable":true,"href":"https:\/\/serveiseducatius.xtec.cat\/vallesoccidental5\/wp-json\/wp\/v2\/users\/1"}],"replies":[{"embeddable":true,"href":"https:\/\/serveiseducatius.xtec.cat\/vallesoccidental5\/wp-json\/wp\/v2\/comments?post=385"}],"version-history":[{"count":6,"href":"https:\/\/serveiseducatius.xtec.cat\/vallesoccidental5\/wp-json\/wp\/v2\/pages\/385\/revisions"}],"predecessor-version":[{"id":15001,"href":"https:\/\/serveiseducatius.xtec.cat\/vallesoccidental5\/wp-json\/wp\/v2\/pages\/385\/revisions\/15001"}],"up":[{"embeddable":true,"href":"https:\/\/serveiseducatius.xtec.cat\/vallesoccidental5\/wp-json\/wp\/v2\/pages\/338"}],"wp:attachment":[{"href":"https:\/\/serveiseducatius.xtec.cat\/vallesoccidental5\/wp-json\/wp\/v2\/media?parent=385"}],"curies":[{"name":"wp","href":"https:\/\/api.w.org\/{rel}","templated":true}]}}