{"id":379,"date":"2015-11-25T14:19:13","date_gmt":"2015-11-25T13:19:13","guid":{"rendered":"http:\/\/serveiseducatius.xtec.cat\/se-vallesoccidental5\/?page_id=379"},"modified":"2024-05-13T15:04:30","modified_gmt":"2024-05-13T13:04:30","slug":"educacio-infantil-i-primaria","status":"publish","type":"page","link":"https:\/\/serveiseducatius.xtec.cat\/vallesoccidental5\/comunitat\/centres-educatius\/educacio-infantil-i-primaria\/","title":{"rendered":"Educaci\u00f3 infantil i prim\u00e0ria"},"content":{"rendered":"<table style=\"width: 73.6353%; height: 744px;\">\n<tbody>\n<tr style=\"height: 31px;\">\n<td style=\"width: 125.776%; height: 31px; background-color: #b0e3f7; text-align: center;\" colspan=\"4\"><strong>ESCOLES P\u00daBLIQUES<\/strong><strong><br \/>\n<\/strong><\/td>\n<\/tr>\n<tr style=\"height: 31px;\">\n<td style=\"height: 20px; text-align: center; width: 28.6117%;\"><strong>Nom + web<\/strong><\/td>\n<td style=\"height: 20px; text-align: center; width: 28.5552%;\"><strong>ADRE\u00c7A<\/strong><\/td>\n<td style=\"height: 20px; text-align: center; width: 16.0995%;\"><strong>TEL\u00c8FON<\/strong><\/td>\n<td style=\"height: 20px; text-align: center; width: 52.51%;\"><strong>E-MAIL<\/strong><\/td>\n<\/tr>\n<tr style=\"height: 31px;\">\n<td style=\"height: 31px; width: 28.6117%;\"><a href=\"https:\/\/agora.xtec.cat\/ceip-bellaterra\/\" target=\"_blank\" rel=\"noopener noreferrer\"><strong>Escola Bellaterra<\/strong><\/a><\/td>\n<td style=\"height: 31px; width: 28.5552%;\">Campus UAB, s\/n<\/td>\n<td style=\"height: 31px; width: 16.0995%;\">93 5811030<\/td>\n<td style=\"height: 31px; width: 52.51%;\"><a href=\"mailto:a8039896@xtec.cat\">a8039896@xtec.cat<\/a><\/td>\n<\/tr>\n<tr style=\"height: 31px;\">\n<td style=\"height: 31px; width: 28.6117%;\"><a href=\"https:\/\/agora.xtec.cat\/ceipcarlesbuigas\/\" target=\"_blank\" rel=\"noopener noreferrer\"><strong>Escola Carles Bu\u00efgas<\/strong><\/a><\/td>\n<td style=\"height: 31px; width: 28.5552%;\">Av. Lesseps, 49<\/td>\n<td style=\"height: 31px; width: 16.0995%;\">93 6923197<\/td>\n<td style=\"height: 31px; width: 52.51%;\"><a href=\"mailto:ceipcarlesbuigas@xtec.cat\">ceipcarlesbuigas@xtec.cat<\/a><\/td>\n<\/tr>\n<tr style=\"height: 31px;\">\n<td style=\"height: 31px; width: 28.6117%;\"><a href=\"https:\/\/agora.xtec.cat\/escolacollserolacerdanyola\/\" target=\"_blank\" rel=\"noopener noreferrer\"><strong>Escola Collserola<\/strong><\/a><\/td>\n<td style=\"height: 31px; width: 28.5552%;\">C. Pizarro, s\/n<\/td>\n<td style=\"height: 31px; width: 16.0995%;\">93 6922595<\/td>\n<td style=\"height: 31px; width: 52.51%;\"><a href=\"mailto:a8062626@xtec.cat\">a8062626@xtec.cat<\/a><\/td>\n<\/tr>\n<tr style=\"height: 31px;\">\n<td style=\"height: 31px; width: 28.6117%;\"><a href=\"https:\/\/agora.xtec.cat\/ceiplesfontetes\/\" target=\"_blank\" rel=\"noopener noreferrer\"><strong>Escola Les Fontetes<\/strong><\/a><\/td>\n<td style=\"height: 31px; width: 28.5552%;\">C. Greco, 2<\/td>\n<td style=\"height: 31px; width: 16.0995%;\">93 6922170<\/td>\n<td style=\"height: 31px; width: 52.51%;\"><a href=\"mailto:a8028758@xtec.cat\">a8028758@xtec.cat<\/a><\/td>\n<\/tr>\n<tr style=\"height: 31px;\">\n<td style=\"height: 31px; width: 28.6117%;\"><a href=\"http:\/\/agora.xtec.cat\/escolamunicipal-lasinia\/\" target=\"_blank\" rel=\"noopener noreferrer\"><strong>Escola M. La S\u00ednia<\/strong><\/a><\/td>\n<td style=\"height: 31px; width: 28.5552%;\">C. La S\u00ednia, 13<\/td>\n<td style=\"height: 31px; width: 16.0995%;\">93 5864623<\/td>\n<td style=\"height: 31px; width: 52.51%;\"><a href=\"mailto:escolalasinia@cerdanyola.cat\">escolalasinia@cerdanyola.cat<\/a><\/td>\n<\/tr>\n<tr style=\"height: 31px;\">\n<td style=\"height: 31px; width: 28.6117%;\"><a href=\"http:\/\/saltells.com\/\" target=\"_blank\" rel=\"noopener noreferrer\"><strong>Escola Saltells<\/strong><\/a><\/td>\n<td style=\"height: 31px; width: 28.5552%;\">Av. Roma, 57<\/td>\n<td style=\"height: 31px; width: 16.0995%;\">93 6924550<\/td>\n<td style=\"height: 31px; width: 52.51%;\"><a href=\"mailto:a8036411@xtec.cat\">a8036411@xtec.cat<\/a><\/td>\n<\/tr>\n<tr style=\"height: 31px;\">\n<td style=\"height: 31px; width: 28.6117%;\"><a href=\"https:\/\/agora.xtec.cat\/ceipsantmarti-cerdanyola\/\" target=\"_blank\" rel=\"noopener noreferrer\"><strong>Escola Sant Mart\u00ed<\/strong><\/a><\/td>\n<td style=\"height: 31px; width: 28.5552%;\">Av. Sant Iscle, 1-3<\/td>\n<td style=\"height: 31px; width: 16.0995%;\">93 6920881<\/td>\n<td style=\"height: 31px; width: 52.51%;\"><a href=\"mailto:a8028746@xtec.cat\">a8028746@xtec.cat<\/a><\/td>\n<\/tr>\n<tr style=\"height: 31px;\">\n<td style=\"height: 31px; width: 28.6117%;\"><a href=\"http:\/\/agora.xtec.cat\/ceipserraparera\/\" target=\"_blank\" rel=\"noopener noreferrer\"><strong>Escola Serraparera<\/strong><\/a><\/td>\n<td style=\"height: 31px; width: 28.5552%;\">C. Diagonal, 41<\/td>\n<td style=\"height: 31px; width: 16.0995%;\">93 6922742<\/td>\n<td style=\"height: 31px; width: 52.51%;\"><a href=\"mailto:a8028783@xtec.cat\">a8028783@xtec.cat<\/a><\/td>\n<\/tr>\n<tr style=\"height: 34px;\">\n<td style=\"height: 34px; width: 28.6117%;\"><a href=\"http:\/\/turodeguiera.cat\/\" target=\"_blank\" rel=\"noopener noreferrer\"><strong>Escola Tur\u00f3 de Guiera<\/strong><\/a><\/td>\n<td style=\"height: 34px; width: 28.5552%;\">C. Anselm Clav\u00e9, s\/n<\/td>\n<td style=\"height: 34px; width: 16.0995%;\">93 5802072<\/td>\n<td style=\"height: 34px; width: 52.51%;\"><a href=\"mailto:ceipturodeguiera@xtec.cat\">ceipturodeguiera@xtec.cat<\/a><\/td>\n<\/tr>\n<tr style=\"height: 17px;\">\n<td style=\"height: 17px; width: 28.6117%;\"><a href=\"https:\/\/agora.xtec.cat\/ceipxarau\/\" target=\"_blank\" rel=\"noopener noreferrer\"><strong>Escola Xarau<\/strong><\/a><\/td>\n<td style=\"height: 17px; width: 28.5552%;\">C. Sta. Anna, 57<\/td>\n<td style=\"height: 17px; width: 16.0995%;\">93 6926404<\/td>\n<td style=\"height: 17px; width: 52.51%;\">\n<div class=\"field-label\"><a href=\"mailto:ceipxarau@xtec.cat\">ceipxarau<span class=\"\">@xtec.ca<\/span>t<\/a><\/div>\n<\/td>\n<\/tr>\n<tr style=\"height: 34px;\">\n<td style=\"height: 34px; width: 28.6117%;\"><a href=\"http:\/\/ceejeronimoragas.blogspot.com.es\/\" target=\"_blank\" rel=\"noopener noreferrer\"><strong>CEE Jeroni de Moragas<\/strong><\/a><\/td>\n<td style=\"height: 34px; width: 28.5552%;\">C. Renaixement, 131<\/td>\n<td style=\"height: 34px; width: 16.0995%;\">93 6922139<\/td>\n<td style=\"height: 34px; width: 52.51%;\"><a href=\"mailto:a8035623@xtec.cat\">a8035623@xtec.cat<\/a><\/td>\n<\/tr>\n<tr style=\"height: 33px;\">\n<td style=\"width: 125.776%; background-color: #b0e3f7; text-align: center; height: 33px;\" colspan=\"4\"><strong>ESCOLES CONCERTADES<\/strong><\/td>\n<\/tr>\n<tr style=\"height: 33px;\">\n<td style=\"text-align: center; width: 28.6117%; height: 33px;\"><strong>(Nom + web)<\/strong><\/td>\n<td style=\"text-align: center; width: 28.5552%; height: 33px;\"><strong>\u00a0ADRE\u00c7A<\/strong><\/td>\n<td style=\"text-align: center; width: 16.0995%; height: 33px;\"><strong>\u00a0TEL\u00c8FON<\/strong><\/td>\n<td style=\"text-align: center; width: 52.51%; height: 33px;\"><strong>\u00a0E-MAIL<\/strong><\/td>\n<\/tr>\n<tr style=\"height: 48px;\">\n<td style=\"width: 28.6117%; text-align: left; height: 48px;\"><a href=\"http:\/\/www.cmontserrat.cat\"><strong>Col\u00b7legi Montserrat<\/strong><\/a><\/td>\n<td style=\"width: 28.5552%; text-align: left; height: 48px;\">Av. Sant Iscle, 6<\/td>\n<td style=\"width: 16.0995%; text-align: left; height: 48px;\">93 6919752<br \/>\n93 6912901<\/td>\n<td style=\"width: 52.51%; text-align: left; height: 48px;\"><a href=\"mailto:info@cmontserrat.cat\">info@cmontserrat.cat<\/a><\/td>\n<\/tr>\n<tr style=\"height: 33px;\">\n<td style=\"width: 28.6117%; text-align: left; height: 33px;\"><a href=\"https:\/\/escaladei.cat\/\"><strong>Escaladei<\/strong><\/a><\/td>\n<td style=\"width: 28.5552%; text-align: left; height: 33px;\">C. Sant Salvador, 8<\/td>\n<td style=\"width: 16.0995%; text-align: left; height: 33px;\">93 6920981<\/td>\n<td style=\"width: 52.51%; text-align: left; height: 33px;\"><a href=\"mailto:escola@escaladei.cat\">escola@escaladei.cat<\/a><\/td>\n<\/tr>\n<tr style=\"height: 33px;\">\n<td style=\"width: 28.6117%; text-align: left; height: 33px;\"><a href=\"http:\/\/www.fedac.cat\/cerdanyola.php\"><strong>FEDAC Cerdanyola<\/strong><\/a><\/td>\n<td style=\"width: 28.5552%; text-align: left; height: 33px;\">C. Francesc Layret, 55<\/td>\n<td style=\"width: 16.0995%; text-align: left; height: 33px;\">93 6920884<\/td>\n<td style=\"width: 52.51%; text-align: left; height: 33px;\"><a href=\"mailto:fedac.cerdanyola@fedac.cat\">fedac.cerdanyola@fedac.cat<\/a><\/td>\n<\/tr>\n<tr style=\"height: 33px;\">\n<td style=\"width: 28.6117%; text-align: left; height: 33px;\"><a href=\"https:\/\/www.fundaciocollserola.cat\/escoles\/index.php?sch=4\"><strong>Ram\u00f3n Fuster<\/strong><\/a><\/td>\n<td style=\"width: 28.5552%; text-align: left; height: 33px;\">C. Escultor Vallmitjana 9-15<\/td>\n<td style=\"width: 16.0995%; text-align: left; height: 33px;\">93 5864106<\/td>\n<td style=\"width: 52.51%; text-align: left; height: 33px;\"><a href=\"mailto:ramonfuster@fundaciocollserola.cat\">ramonfuster@fundaciocollserola.cat<\/a><\/td>\n<\/tr>\n<tr style=\"height: 33px;\">\n<td style=\"width: 28.6117%; text-align: left; height: 33px;\"><a href=\"http:\/\/www.fundaciobellaire.cat\/escola-bellaire\"><strong>Centre Terap\u00e8utic Bellaire<\/strong><\/a><\/td>\n<td style=\"width: 28.5552%; text-align: left; height: 33px;\">C\/ Ramon Llull, 29-31<\/td>\n<td style=\"width: 16.0995%; text-align: left; height: 33px;\">93 5808164<\/td>\n<td style=\"width: 52.51%; text-align: left; height: 33px;\"><a href=\"mailto:bellaire@fundaciobellaire.cat\">bellaire@fundaciobellaire<\/a><a href=\"mailto:bellaire@fundaciobellaire.cat\">.cat<\/a><\/td>\n<\/tr>\n<tr style=\"height: 33px;\">\n<td style=\"width: 125.776%; background-color: #b0e3f7; text-align: center; height: 33px;\" colspan=\"4\"><strong>ESCOLES PRIVADES<\/strong><\/td>\n<\/tr>\n<tr style=\"height: 33px;\">\n<td style=\"width: 28.6117%; text-align: left; height: 33px;\"><strong>(Nom+ web)<\/strong><\/td>\n<td style=\"width: 28.5552%; text-align: left; height: 33px;\"><strong>ADRE\u00c7A<\/strong><\/td>\n<td style=\"width: 16.0995%; text-align: left; height: 33px;\"><strong>TEL\u00c8FON<\/strong><\/td>\n<td style=\"width: 52.51%; text-align: left; height: 33px;\"><strong>E-MAIL<\/strong><\/td>\n<\/tr>\n<tr style=\"height: 48px;\">\n<td style=\"width: 28.6117%; text-align: left; height: 48px;\"><a href=\"http:\/\/www.escolawaldorf.org\"><strong>Escola Waldorf-Steiner El Til\u00b7ler<\/strong><\/a><\/td>\n<td style=\"width: 28.5552%; height: 48px;\">C\/ Apel\u00b7les Mestres, 11 08193 Bellaterra<\/td>\n<td style=\"width: 16.0995%; height: 48px;\">93 5929795<\/td>\n<td style=\"width: 52.51%; height: 48px;\"><a href=\"mailto:info@escolawaldorf.org\">info@escolawaldorf.org<\/a><\/td>\n<\/tr>\n<\/tbody>\n<\/table>\n","protected":false},"excerpt":{"rendered":"<p>ESCOLES P\u00daBLIQUES Nom + web ADRE\u00c7A TEL\u00c8FON E-MAIL Escola Bellaterra Campus UAB, s\/n 93 5811030 a8039896@xtec.cat Escola Carles Bu\u00efgas Av. Lesseps, 49 93 6923197 ceipcarlesbuigas@xtec.cat Escola Collserola C. Pizarro, s\/n 93 6922595 a8062626@xtec.cat Escola Les Fontetes C. Greco, 2 93 6922170 a8028758@xtec.cat Escola M. La S\u00ednia C. La S\u00ednia, 13 93 5864623 escolalasinia@cerdanyola.cat Escola Saltells [&hellip;]<\/p>\n","protected":false},"author":1,"featured_media":0,"parent":338,"menu_order":20,"comment_status":"closed","ping_status":"closed","template":"page-templates\/side-menu.php","meta":{"_bbp_topic_count":0,"_bbp_reply_count":0,"_bbp_total_topic_count":0,"_bbp_total_reply_count":0,"_bbp_voice_count":0,"_bbp_anonymous_reply_count":0,"_bbp_topic_count_hidden":0,"_bbp_reply_count_hidden":0,"_bbp_forum_subforum_count":0,"site-sidebar-layout":"default","site-content-layout":"","ast-site-content-layout":"","site-content-style":"default","site-sidebar-style":"default","ast-global-header-display":"","ast-banner-title-visibility":"","ast-main-header-display":"","ast-hfb-above-header-display":"","ast-hfb-below-header-display":"","ast-hfb-mobile-header-display":"","site-post-title":"","ast-breadcrumbs-content":"","ast-featured-img":"","footer-sml-layout":"","theme-transparent-header-meta":"","adv-header-id-meta":"","stick-header-meta":"","header-above-stick-meta":"","header-main-stick-meta":"","header-below-stick-meta":"","astra-migrate-meta-layouts":"default","ast-page-background-enabled":"default","ast-page-background-meta":{"desktop":{"background-color":"var(--ast-global-color-4)","background-image":"","background-repeat":"repeat","background-position":"center center","background-size":"auto","background-attachment":"scroll","background-type":"","background-media":"","overlay-type":"","overlay-color":"","overlay-opacity":"","overlay-gradient":""},"tablet":{"background-color":"","background-image":"","background-repeat":"repeat","background-position":"center center","background-size":"auto","background-attachment":"scroll","background-type":"","background-media":"","overlay-type":"","overlay-color":"","overlay-opacity":"","overlay-gradient":""},"mobile":{"background-color":"","background-image":"","background-repeat":"repeat","background-position":"center center","background-size":"auto","background-attachment":"scroll","background-type":"","background-media":"","overlay-type":"","overlay-color":"","overlay-opacity":"","overlay-gradient":""}},"ast-content-background-meta":{"desktop":{"background-color":"var(--ast-global-color-5)","background-image":"","background-repeat":"repeat","background-position":"center center","background-size":"auto","background-attachment":"scroll","background-type":"","background-media":"","overlay-type":"","overlay-color":"","overlay-opacity":"","overlay-gradient":""},"tablet":{"background-color":"var(--ast-global-color-5)","background-image":"","background-repeat":"repeat","background-position":"center center","background-size":"auto","background-attachment":"scroll","background-type":"","background-media":"","overlay-type":"","overlay-color":"","overlay-opacity":"","overlay-gradient":""},"mobile":{"background-color":"var(--ast-global-color-5)","background-image":"","background-repeat":"repeat","background-position":"center center","background-size":"auto","background-attachment":"scroll","background-type":"","background-media":"","overlay-type":"","overlay-color":"","overlay-opacity":"","overlay-gradient":""}},"footnotes":""},"class_list":["post-379","page","type-page","status-publish","hentry"],"post_mailing_queue_ids":[],"_links":{"self":[{"href":"https:\/\/serveiseducatius.xtec.cat\/vallesoccidental5\/wp-json\/wp\/v2\/pages\/379","targetHints":{"allow":["GET"]}}],"collection":[{"href":"https:\/\/serveiseducatius.xtec.cat\/vallesoccidental5\/wp-json\/wp\/v2\/pages"}],"about":[{"href":"https:\/\/serveiseducatius.xtec.cat\/vallesoccidental5\/wp-json\/wp\/v2\/types\/page"}],"author":[{"embeddable":true,"href":"https:\/\/serveiseducatius.xtec.cat\/vallesoccidental5\/wp-json\/wp\/v2\/users\/1"}],"replies":[{"embeddable":true,"href":"https:\/\/serveiseducatius.xtec.cat\/vallesoccidental5\/wp-json\/wp\/v2\/comments?post=379"}],"version-history":[{"count":7,"href":"https:\/\/serveiseducatius.xtec.cat\/vallesoccidental5\/wp-json\/wp\/v2\/pages\/379\/revisions"}],"predecessor-version":[{"id":15005,"href":"https:\/\/serveiseducatius.xtec.cat\/vallesoccidental5\/wp-json\/wp\/v2\/pages\/379\/revisions\/15005"}],"up":[{"embeddable":true,"href":"https:\/\/serveiseducatius.xtec.cat\/vallesoccidental5\/wp-json\/wp\/v2\/pages\/338"}],"wp:attachment":[{"href":"https:\/\/serveiseducatius.xtec.cat\/vallesoccidental5\/wp-json\/wp\/v2\/media?parent=379"}],"curies":[{"name":"wp","href":"https:\/\/api.w.org\/{rel}","templated":true}]}}