{"id":377,"date":"2015-11-25T14:17:51","date_gmt":"2015-11-25T13:17:51","guid":{"rendered":"http:\/\/serveiseducatius.xtec.cat\/se-vallesoccidental5\/?page_id=377"},"modified":"2024-05-23T12:12:13","modified_gmt":"2024-05-23T10:12:13","slug":"escoles-bressol","status":"publish","type":"page","link":"https:\/\/serveiseducatius.xtec.cat\/vallesoccidental5\/comunitat\/centres-educatius\/escoles-bressol\/","title":{"rendered":"Escoles bressol i llars d&#8217;infants"},"content":{"rendered":"<table style=\"width: 66.5699%; height: 291px;\">\n<tbody>\n<tr style=\"height: 33px;\">\n<td style=\"width: 25.8891%; height: 33px;\"><strong>\u00a0NOM<\/strong><\/td>\n<td style=\"width: 29.8719%; text-align: center; height: 33px;\"><strong>\u00a0ADRE\u00c7A<\/strong><\/td>\n<td style=\"width: 17.0697%; text-align: center; height: 33px;\"><strong>TEL\u00c8FON<\/strong><\/td>\n<td style=\"width: 25.7468%; text-align: center; height: 33px;\"><strong>E-MAIL<\/strong><\/td>\n<\/tr>\n<tr style=\"height: 33px;\">\n<td style=\"width: 25.8891%; height: 33px;\"><a href=\"http:\/\/ebmcordelles.progess.com\/\" target=\"_blank\" rel=\"noopener noreferrer\"><strong>EBM Cordelles<\/strong><\/a><\/td>\n<td style=\"width: 29.8719%; height: 33px;\">Pg. Cordelles, 65<\/td>\n<td style=\"width: 17.0697%; height: 33px;\">93 5940169<\/td>\n<td style=\"width: 25.7468%; height: 33px;\"><a href=\"mailto:ebm.cordelles@cerdanyola.cat\" target=\"_blank\" rel=\"noopener noreferrer\">ebm.cordelles@cerdanyola.cat<\/a><\/td>\n<\/tr>\n<tr style=\"height: 33px;\">\n<td style=\"width: 25.8891%; height: 33px;\"><a href=\"https:\/\/www.cavallcartro.cat\/escoles\/ebm-montflorit\/\" target=\"_blank\" rel=\"noopener noreferrer\"><strong>EBM Montflorit<\/strong><\/a><\/td>\n<td style=\"width: 29.8719%; height: 33px;\">Pg. Donya Am\u00e8lia, 6<\/td>\n<td style=\"width: 17.0697%; height: 33px;\">93 5865596<\/td>\n<td style=\"width: 25.7468%; height: 33px;\"><a href=\"mailto:ebm.montflorit@cerdanyola.cat\">ebm.montflorit@cerdanyola.cat<\/a><\/td>\n<\/tr>\n<tr style=\"height: 33px;\">\n<td style=\"width: 25.8891%; height: 33px;\"><a href=\"http:\/\/ebmturonet.progess.com\/\" target=\"_blank\" rel=\"noopener noreferrer\"><strong>EBM Turonet<\/strong><\/a><\/td>\n<td style=\"width: 29.8719%; height: 33px;\">C. Pompeu Fabra, 19<\/td>\n<td style=\"width: 17.0697%; height: 33px;\">93 6920892<\/td>\n<td style=\"width: 25.7468%; height: 33px;\"><a href=\"mailto:ebm.turonet@cerdanyola.cat\">ebm.turonet@cerdanyola.cat<\/a><\/td>\n<\/tr>\n<tr style=\"height: 33px;\">\n<td style=\"width: 25.8891%; height: 33px;\"><a href=\"http:\/\/www.ninsbressol.com\"><strong>EB Nins<\/strong><\/a><\/td>\n<td style=\"width: 29.8719%; height: 33px;\">C. Escoles, 4<\/td>\n<td style=\"width: 17.0697%; height: 33px;\">93 6910953<\/td>\n<td style=\"width: 25.7468%; height: 33px;\"><a href=\"mailto:bressolnins@hotmail.com\">bressolnins@hotmail.com<\/a><\/td>\n<\/tr>\n<tr style=\"height: 33px;\">\n<td style=\"width: 25.8891%; height: 33px;\"><a href=\"https:\/\/disneybressol.wixsite.com\/cerdanyola\"><strong>LLI Disney<\/strong><\/a><\/td>\n<td style=\"width: 29.8719%; height: 33px;\">C. Arag\u00f3, 9, baixos<\/td>\n<td style=\"width: 17.0697%; height: 33px;\">93 6916832<\/td>\n<td style=\"width: 25.7468%; height: 33px;\"><a href=\"mailto:disneybressol@hotmail.com\">disneybressol@hotmail.com<\/a><\/td>\n<\/tr>\n<tr style=\"height: 33px;\">\n<td style=\"width: 25.8891%; height: 33px;\"><a href=\"http:\/\/www.llardenpitus.com\"><strong>LLI La Llar d&#8217;en Pitus<\/strong><\/a><\/td>\n<td style=\"width: 29.8719%; height: 33px;\">Av. Bartomeu, 25<\/td>\n<td style=\"width: 17.0697%; height: 33px;\">93 5940071<\/td>\n<td style=\"width: 25.7468%; height: 33px;\"><a href=\"mailto:llardenpitus@gmail.com\">llardenpitus@gmail.com<\/a><\/td>\n<\/tr>\n<tr style=\"height: 33px;\">\n<td style=\"width: 25.8891%; height: 32px;\"><a href=\"http:\/\/www.xtec.cat\/centres\/a8059007\" target=\"_blank\" rel=\"noopener\"><strong>LLI Ninot<\/strong><\/a><\/td>\n<td style=\"width: 29.8719%; height: 32px;\">C. Lepant, 64<\/td>\n<td style=\"width: 17.0697%; height: 32px;\">93 5806197<\/td>\n<td style=\"width: 25.7468%; height: 32px;\"><a href=\"mailto:ninotinfants@telefonica.net\">ninotinfants@telefonica.net<\/a><\/td>\n<\/tr>\n<tr style=\"height: 48px;\">\n<td style=\"width: 25.8891%; text-align: left; height: 28px;\"><a href=\"http:\/\/www.noupatufet.com\" target=\"_blank\" rel=\"noopener noreferrer\"><strong>LLI Patufet<\/strong><\/a><\/td>\n<td style=\"width: 29.8719%; height: 28px;\">C. Llu\u00eds Companys, 1<\/td>\n<td style=\"width: 17.0697%; height: 28px;\">93 6925995<\/td>\n<td style=\"width: 25.7468%; height: 28px;\"><a href=\"mailto:info@noupatufet.com\">info@noupatufet.com<\/a><\/td>\n<\/tr>\n<\/tbody>\n<\/table>\n","protected":false},"excerpt":{"rendered":"<p>\u00a0NOM \u00a0ADRE\u00c7A TEL\u00c8FON E-MAIL EBM Cordelles Pg. Cordelles, 65 93 5940169 ebm.cordelles@cerdanyola.cat EBM Montflorit Pg. Donya Am\u00e8lia, 6 93 5865596 ebm.montflorit@cerdanyola.cat EBM Turonet C. Pompeu Fabra, 19 93 6920892 ebm.turonet@cerdanyola.cat EB Nins C. Escoles, 4 93 6910953 bressolnins@hotmail.com LLI Disney C. Arag\u00f3, 9, baixos 93 6916832 disneybressol@hotmail.com LLI La Llar d&#8217;en Pitus Av. Bartomeu, 25 [&hellip;]<\/p>\n","protected":false},"author":1,"featured_media":0,"parent":338,"menu_order":10,"comment_status":"closed","ping_status":"closed","template":"","meta":{"_bbp_topic_count":0,"_bbp_reply_count":0,"_bbp_total_topic_count":0,"_bbp_total_reply_count":0,"_bbp_voice_count":0,"_bbp_anonymous_reply_count":0,"_bbp_topic_count_hidden":0,"_bbp_reply_count_hidden":0,"_bbp_forum_subforum_count":0,"site-sidebar-layout":"default","site-content-layout":"","ast-site-content-layout":"","site-content-style":"default","site-sidebar-style":"default","ast-global-header-display":"","ast-banner-title-visibility":"","ast-main-header-display":"","ast-hfb-above-header-display":"","ast-hfb-below-header-display":"","ast-hfb-mobile-header-display":"","site-post-title":"","ast-breadcrumbs-content":"","ast-featured-img":"","footer-sml-layout":"","theme-transparent-header-meta":"","adv-header-id-meta":"","stick-header-meta":"","header-above-stick-meta":"","header-main-stick-meta":"","header-below-stick-meta":"","astra-migrate-meta-layouts":"default","ast-page-background-enabled":"default","ast-page-background-meta":{"desktop":{"background-color":"var(--ast-global-color-4)","background-image":"","background-repeat":"repeat","background-position":"center center","background-size":"auto","background-attachment":"scroll","background-type":"","background-media":"","overlay-type":"","overlay-color":"","overlay-opacity":"","overlay-gradient":""},"tablet":{"background-color":"","background-image":"","background-repeat":"repeat","background-position":"center center","background-size":"auto","background-attachment":"scroll","background-type":"","background-media":"","overlay-type":"","overlay-color":"","overlay-opacity":"","overlay-gradient":""},"mobile":{"background-color":"","background-image":"","background-repeat":"repeat","background-position":"center center","background-size":"auto","background-attachment":"scroll","background-type":"","background-media":"","overlay-type":"","overlay-color":"","overlay-opacity":"","overlay-gradient":""}},"ast-content-background-meta":{"desktop":{"background-color":"var(--ast-global-color-5)","background-image":"","background-repeat":"repeat","background-position":"center center","background-size":"auto","background-attachment":"scroll","background-type":"","background-media":"","overlay-type":"","overlay-color":"","overlay-opacity":"","overlay-gradient":""},"tablet":{"background-color":"var(--ast-global-color-5)","background-image":"","background-repeat":"repeat","background-position":"center center","background-size":"auto","background-attachment":"scroll","background-type":"","background-media":"","overlay-type":"","overlay-color":"","overlay-opacity":"","overlay-gradient":""},"mobile":{"background-color":"var(--ast-global-color-5)","background-image":"","background-repeat":"repeat","background-position":"center center","background-size":"auto","background-attachment":"scroll","background-type":"","background-media":"","overlay-type":"","overlay-color":"","overlay-opacity":"","overlay-gradient":""}},"footnotes":""},"class_list":["post-377","page","type-page","status-publish","hentry"],"post_mailing_queue_ids":[],"_links":{"self":[{"href":"https:\/\/serveiseducatius.xtec.cat\/vallesoccidental5\/wp-json\/wp\/v2\/pages\/377","targetHints":{"allow":["GET"]}}],"collection":[{"href":"https:\/\/serveiseducatius.xtec.cat\/vallesoccidental5\/wp-json\/wp\/v2\/pages"}],"about":[{"href":"https:\/\/serveiseducatius.xtec.cat\/vallesoccidental5\/wp-json\/wp\/v2\/types\/page"}],"author":[{"embeddable":true,"href":"https:\/\/serveiseducatius.xtec.cat\/vallesoccidental5\/wp-json\/wp\/v2\/users\/1"}],"replies":[{"embeddable":true,"href":"https:\/\/serveiseducatius.xtec.cat\/vallesoccidental5\/wp-json\/wp\/v2\/comments?post=377"}],"version-history":[{"count":6,"href":"https:\/\/serveiseducatius.xtec.cat\/vallesoccidental5\/wp-json\/wp\/v2\/pages\/377\/revisions"}],"predecessor-version":[{"id":8701,"href":"https:\/\/serveiseducatius.xtec.cat\/vallesoccidental5\/wp-json\/wp\/v2\/pages\/377\/revisions\/8701"}],"up":[{"embeddable":true,"href":"https:\/\/serveiseducatius.xtec.cat\/vallesoccidental5\/wp-json\/wp\/v2\/pages\/338"}],"wp:attachment":[{"href":"https:\/\/serveiseducatius.xtec.cat\/vallesoccidental5\/wp-json\/wp\/v2\/media?parent=377"}],"curies":[{"name":"wp","href":"https:\/\/api.w.org\/{rel}","templated":true}]}}