{"id":306,"date":"2015-11-24T18:02:44","date_gmt":"2015-11-24T17:02:44","guid":{"rendered":"http:\/\/serveiseducatius.xtec.cat\/se-vallesoccidental5\/?page_id=306"},"modified":"2026-03-20T12:20:11","modified_gmt":"2026-03-20T11:20:11","slug":"equip","status":"publish","type":"page","link":"https:\/\/serveiseducatius.xtec.cat\/vallesoccidental5\/el-servei-educatiu\/equip\/","title":{"rendered":"Equip"},"content":{"rendered":"<p>Cada Servei Educatiu est\u00e0 format per un equip multidisciplinari:<\/p>\n<p><a href=\"https:\/\/serveiseducatius.xtec.cat\/vallesoccidental5\/wp-content\/uploads\/usu1111\/2024\/06\/EAP.png\"><img loading=\"lazy\" decoding=\"async\" class=\"aligncenter size-full wp-image-15538\" src=\"https:\/\/serveiseducatius.xtec.cat\/vallesoccidental5\/wp-content\/uploads\/usu1111\/2024\/06\/EAP.png\" alt=\"\" width=\"500\" height=\"500\" srcset=\"https:\/\/serveiseducatius.xtec.cat\/vallesoccidental5\/wp-content\/uploads\/usu1111\/2024\/06\/EAP.png 500w, https:\/\/serveiseducatius.xtec.cat\/vallesoccidental5\/wp-content\/uploads\/usu1111\/2024\/06\/EAP-300x300.png 300w, https:\/\/serveiseducatius.xtec.cat\/vallesoccidental5\/wp-content\/uploads\/usu1111\/2024\/06\/EAP-150x150.png 150w\" sizes=\"auto, (max-width: 500px) 100vw, 500px\" \/><\/a><\/p>\n<ul>\n<li style=\"text-align: justify;\"><strong>CRP <\/strong>(Centre de Recursos Pedag\u00f2gics): equip que dona <strong>suport a l\u2019activitat pedag\u00f2gica dels centres<\/strong> i a la tasca docent de mestres i professorat, especialment, en temes de formaci\u00f3 permanent, de recursos pedag\u00f2gics; de dinamitzaci\u00f3 de projectes de centre i de zona; tamb\u00e9 assessora els professionals i centres educatius per a la millora i transformaci\u00f3 educativaPodeu consultar les activitats, recursos i not\u00edcies a l&#8217;apartat din\u00e0mic del <a href=\"https:\/\/serveiseducatius.xtec.cat\/vallesoccidental5\/categoria\/crp\/\" target=\"_blank\" rel=\"noopener\">CRP<\/a>.<br \/>\nEn formen part <strong><em>\u00d2scar Garcia Nicolau<\/em>, <\/strong>director i<strong><em> Queralt Francisco Castilla <\/em><\/strong><em>t\u00e8cnica docent<\/em><strong>. <\/strong>Des del setembre del 2024 tamb\u00e9 en forma part l&#8217;educadora social <strong>, Hilda Pastrana Fandos; <\/strong>mentora digital<strong> M. Jos\u00e9 Arriba.<\/strong><\/li>\n<li style=\"text-align: justify;\"><strong>EAP <\/strong>(Equip d&#8217;assessorament i orientaci\u00f3 psicopedag\u00f2gic)<span class=\"Apple-converted-space\">: Equip<\/span> que dona suport al professorat i als centres educatius en la resposta a la <strong>diversitat de l\u2019alumnat<\/strong> i en relaci\u00f3 als alumnes que presenten <strong>necessitats educatives espec\u00edfiques<\/strong>, aix\u00ed com a les seves fam\u00edlies. Podeu consultar les activitats, recursos i not\u00edcies a l&#8217;apartat din\u00e0mic de l&#8217;<a href=\"http:\/\/serveiseducatius.xtec.cat\/vallesoccidental5\/categoria\/eap\/\" target=\"_blank\" rel=\"noopener\">EAP.<\/a>\u00a0 \u00a0En formen part l&#8217;<strong>Anna M\u00e9ndez (directora), Silvia Lozano, N\u00faria Oc\u00f3n, Raquel Riera, Lorena Padilla, Carolina Egea, Gemma L\u00f3pez, Alba Lara, Oriol Garcia, S\u00f3nia Jim\u00e9nez i Mari Jim\u00e9nez<\/strong><\/li>\n<li style=\"text-align: justify;\"><strong>ELIC <\/strong>(Equip d\u2019assessorament i orientaci\u00f3 en llengua, interculturalitat i cohesi\u00f3 social): que donen suport al professorat en l\u2019atenci\u00f3 a la diversitat relacionada amb l\u2019alumnat, especialment procedent de la immigraci\u00f3 i\/o amb l\u2019alumnat amb risc d\u2019exclusi\u00f3 social, en l\u2019\u00e0mbit dels centres educatius i els plans educatius d\u2019entorn.\u00a0Podeu consultar les activitats, recursos i not\u00edcies a l&#8217;apartat din\u00e0mic de l&#8217;<a href=\"http:\/\/serveiseducatius.xtec.cat\/vallesoccidental5\/categoria\/elic\/\" target=\"_blank\" rel=\"noopener\">ELIC<\/a>. En el nostre servei, la persona ELIC \u00e9s en <em><strong>Pau Pe\u00f1alver<\/strong><\/em><\/li>\n<li>L&#8217;<strong>Administratiu<\/strong> del Servei Educatiu \u00e9s el Marc Tristany.<\/li>\n<\/ul>\n<p>Aqu\u00ed podeu consultar les i els<a href=\"https:\/\/docs.google.com\/document\/d\/176pp7_54fm_1rv9uAn53L9Qxl-KRGXWGA9HOdWQV5xc\/edit?usp=sharing\" target=\"_blank\" rel=\"noopener\"> <span style=\"color: #0000ff;\"><span style=\"text-decoration: underline;\"><em><strong>professionals assignats al vostre centre.<\/strong><\/em><\/span><\/span><\/a><\/p>\n<p style=\"text-align: justify;\">El Servei Educatiu tamb\u00e9 treballa de forma coordinada amb el <a href=\"http:\/\/serveiseducatius.xtec.cat\/creda-jordiperello\/\">CREDA<\/a> (Centre de Recursos Educatius per a Deficients Auditius) de Sabadell en diverses iniciatives.<\/p>\n","protected":false},"excerpt":{"rendered":"<p>Cada Servei Educatiu est\u00e0 format per un equip multidisciplinari: CRP (Centre de Recursos Pedag\u00f2gics): equip que dona suport a l\u2019activitat pedag\u00f2gica dels centres i a la tasca docent de mestres i professorat, especialment, en temes de formaci\u00f3 permanent, de recursos pedag\u00f2gics; de dinamitzaci\u00f3 de projectes de centre i de zona; tamb\u00e9 assessora els professionals i [&hellip;]<\/p>\n","protected":false},"author":1,"featured_media":0,"parent":806,"menu_order":20,"comment_status":"closed","ping_status":"closed","template":"","meta":{"_bbp_topic_count":0,"_bbp_reply_count":0,"_bbp_total_topic_count":0,"_bbp_total_reply_count":0,"_bbp_voice_count":0,"_bbp_anonymous_reply_count":0,"_bbp_topic_count_hidden":0,"_bbp_reply_count_hidden":0,"_bbp_forum_subforum_count":0,"site-sidebar-layout":"default","site-content-layout":"","ast-site-content-layout":"default","site-content-style":"default","site-sidebar-style":"default","ast-global-header-display":"","ast-banner-title-visibility":"","ast-main-header-display":"","ast-hfb-above-header-display":"","ast-hfb-below-header-display":"","ast-hfb-mobile-header-display":"","site-post-title":"","ast-breadcrumbs-content":"","ast-featured-img":"","footer-sml-layout":"","theme-transparent-header-meta":"","adv-header-id-meta":"","stick-header-meta":"","header-above-stick-meta":"","header-main-stick-meta":"","header-below-stick-meta":"","astra-migrate-meta-layouts":"set","ast-page-background-enabled":"default","ast-page-background-meta":{"desktop":{"background-color":"var(--ast-global-color-4)","background-image":"","background-repeat":"repeat","background-position":"center center","background-size":"auto","background-attachment":"scroll","background-type":"","background-media":"","overlay-type":"","overlay-color":"","overlay-opacity":"","overlay-gradient":""},"tablet":{"background-color":"","background-image":"","background-repeat":"repeat","background-position":"center center","background-size":"auto","background-attachment":"scroll","background-type":"","background-media":"","overlay-type":"","overlay-color":"","overlay-opacity":"","overlay-gradient":""},"mobile":{"background-color":"","background-image":"","background-repeat":"repeat","background-position":"center center","background-size":"auto","background-attachment":"scroll","background-type":"","background-media":"","overlay-type":"","overlay-color":"","overlay-opacity":"","overlay-gradient":""}},"ast-content-background-meta":{"desktop":{"background-color":"var(--ast-global-color-5)","background-image":"","background-repeat":"repeat","background-position":"center center","background-size":"auto","background-attachment":"scroll","background-type":"","background-media":"","overlay-type":"","overlay-color":"","overlay-opacity":"","overlay-gradient":""},"tablet":{"background-color":"var(--ast-global-color-5)","background-image":"","background-repeat":"repeat","background-position":"center center","background-size":"auto","background-attachment":"scroll","background-type":"","background-media":"","overlay-type":"","overlay-color":"","overlay-opacity":"","overlay-gradient":""},"mobile":{"background-color":"var(--ast-global-color-5)","background-image":"","background-repeat":"repeat","background-position":"center center","background-size":"auto","background-attachment":"scroll","background-type":"","background-media":"","overlay-type":"","overlay-color":"","overlay-opacity":"","overlay-gradient":""}},"footnotes":""},"class_list":["post-306","page","type-page","status-publish","hentry"],"post_mailing_queue_ids":[],"_links":{"self":[{"href":"https:\/\/serveiseducatius.xtec.cat\/vallesoccidental5\/wp-json\/wp\/v2\/pages\/306","targetHints":{"allow":["GET"]}}],"collection":[{"href":"https:\/\/serveiseducatius.xtec.cat\/vallesoccidental5\/wp-json\/wp\/v2\/pages"}],"about":[{"href":"https:\/\/serveiseducatius.xtec.cat\/vallesoccidental5\/wp-json\/wp\/v2\/types\/page"}],"author":[{"embeddable":true,"href":"https:\/\/serveiseducatius.xtec.cat\/vallesoccidental5\/wp-json\/wp\/v2\/users\/1"}],"replies":[{"embeddable":true,"href":"https:\/\/serveiseducatius.xtec.cat\/vallesoccidental5\/wp-json\/wp\/v2\/comments?post=306"}],"version-history":[{"count":6,"href":"https:\/\/serveiseducatius.xtec.cat\/vallesoccidental5\/wp-json\/wp\/v2\/pages\/306\/revisions"}],"predecessor-version":[{"id":15905,"href":"https:\/\/serveiseducatius.xtec.cat\/vallesoccidental5\/wp-json\/wp\/v2\/pages\/306\/revisions\/15905"}],"up":[{"embeddable":true,"href":"https:\/\/serveiseducatius.xtec.cat\/vallesoccidental5\/wp-json\/wp\/v2\/pages\/806"}],"wp:attachment":[{"href":"https:\/\/serveiseducatius.xtec.cat\/vallesoccidental5\/wp-json\/wp\/v2\/media?parent=306"}],"curies":[{"name":"wp","href":"https:\/\/api.w.org\/{rel}","templated":true}]}}