{"id":15783,"date":"2025-10-16T12:48:56","date_gmt":"2025-10-16T10:48:56","guid":{"rendered":"https:\/\/serveiseducatius.xtec.cat\/vallesoccidental5\/?page_id=15783"},"modified":"2025-10-16T12:48:56","modified_gmt":"2025-10-16T10:48:56","slug":"grafomotricitat","status":"publish","type":"page","link":"https:\/\/serveiseducatius.xtec.cat\/vallesoccidental5\/maletes-pedagogiques-en-prestec\/grafomotricitat\/","title":{"rendered":"Grafomotricitat"},"content":{"rendered":"<p><strong>Per qu\u00e8 \u00e9s tan important la grafomotricitat en les edats m\u00e9s primerenques?<\/strong><\/p>\n<p data-start=\"150\" data-end=\"581\">La grafomotricitat fa refer\u00e8ncia al desenvolupament de les habilitats motrius fines necess\u00e0ries per al control dels moviments gr\u00e0fics. Es tracta d\u2019un proc\u00e9s fonamental previ a la lectoescriptura, ja que afavoreix la coordinaci\u00f3 \u00f2cul-manual, el domini postural i la precisi\u00f3 dels tra\u00e7os. A trav\u00e9s d\u2019activitats espec\u00edfiques i l\u00fadiques, els infants adquireixen la base motriu necess\u00e0ria per a una escriptura efica\u00e7, fluida i ordenada.<\/p>\n<p data-start=\"583\" data-end=\"971\">Treballar la grafomotricitat en les primeres etapes educatives \u00e9s clau no nom\u00e9s per garantir un correcte desenvolupament del proc\u00e9s lector i escriptor, sin\u00f3 tamb\u00e9 per afavorir la maduraci\u00f3 neurol\u00f2gica, l\u2019atenci\u00f3, l\u2019organitzaci\u00f3 espacial i l\u2019expressi\u00f3 personal. Aquest conjunt d\u2019habilitats prepara l\u2019infant de manera global per afrontar amb \u00e8xit els reptes acad\u00e8mics i comunicatius futurs.<\/p>\n<p>Per tal de fer la demanda d\u2019aquest material heu d\u2019omplir el seg\u00fcent\u00a0<a href=\"https:\/\/docs.google.com\/forms\/d\/e\/1FAIpQLSdgoCIAy6_AmcwEXOK5pvljTmRtIjOhnwi4oGBSC5KwKQqmZw\/viewform?usp=sharing&amp;ouid=102016968770527788746\" target=\"_blank\" rel=\"noopener\"><strong>FORMULARI de PR\u00c9STEC.<\/strong><\/a><\/p>\n<table style=\"border-collapse: collapse; width: 100%; height: 159px;\">\n<tbody>\n<tr style=\"height: 159px;\">\n<td style=\"width: 50%; height: 159px;\"><a href=\"https:\/\/serveiseducatius.xtec.cat\/vallesoccidental5\/wp-content\/uploads\/usu1111\/2025\/10\/manitas.png\"><img loading=\"lazy\" decoding=\"async\" class=\"aligncenter wp-image-15784\" src=\"https:\/\/serveiseducatius.xtec.cat\/vallesoccidental5\/wp-content\/uploads\/usu1111\/2025\/10\/manitas.png\" alt=\"\" width=\"222\" height=\"316\" srcset=\"https:\/\/serveiseducatius.xtec.cat\/vallesoccidental5\/wp-content\/uploads\/usu1111\/2025\/10\/manitas.png 322w, https:\/\/serveiseducatius.xtec.cat\/vallesoccidental5\/wp-content\/uploads\/usu1111\/2025\/10\/manitas-210x300.png 210w\" sizes=\"auto, (max-width: 222px) 100vw, 222px\" \/><\/a><\/td>\n<td style=\"width: 50%; height: 159px;\">\n<ul style=\"list-style-type: circle;\">\n<li><span style=\"font-size: 12pt;\">El llibre proporciona estrat\u00e8gies i centenars de jocs interactius perqu\u00e8, pas a pas l&#8217;infant sigui conscient, enforteixi i desenvolupi les habilitats manuals. <\/span><\/li>\n<\/ul>\n<\/td>\n<\/tr>\n<\/tbody>\n<\/table>\n","protected":false},"excerpt":{"rendered":"<p>Per qu\u00e8 \u00e9s tan important la grafomotricitat en les edats m\u00e9s primerenques? La grafomotricitat fa refer\u00e8ncia al desenvolupament de les habilitats motrius fines necess\u00e0ries per al control dels moviments gr\u00e0fics. Es tracta d\u2019un proc\u00e9s fonamental previ a la lectoescriptura, ja que afavoreix la coordinaci\u00f3 \u00f2cul-manual, el domini postural i la precisi\u00f3 dels tra\u00e7os. A trav\u00e9s [&hellip;]<\/p>\n","protected":false},"author":1,"featured_media":0,"parent":8622,"menu_order":0,"comment_status":"closed","ping_status":"closed","template":"","meta":{"_bbp_topic_count":0,"_bbp_reply_count":0,"_bbp_total_topic_count":0,"_bbp_total_reply_count":0,"_bbp_voice_count":0,"_bbp_anonymous_reply_count":0,"_bbp_topic_count_hidden":0,"_bbp_reply_count_hidden":0,"_bbp_forum_subforum_count":0,"site-sidebar-layout":"default","site-content-layout":"","ast-site-content-layout":"","site-content-style":"default","site-sidebar-style":"default","ast-global-header-display":"","ast-banner-title-visibility":"","ast-main-header-display":"","ast-hfb-above-header-display":"","ast-hfb-below-header-display":"","ast-hfb-mobile-header-display":"","site-post-title":"","ast-breadcrumbs-content":"","ast-featured-img":"","footer-sml-layout":"","theme-transparent-header-meta":"","adv-header-id-meta":"","stick-header-meta":"","header-above-stick-meta":"","header-main-stick-meta":"","header-below-stick-meta":"","astra-migrate-meta-layouts":"default","ast-page-background-enabled":"default","ast-page-background-meta":{"desktop":{"background-color":"var(--ast-global-color-4)","background-image":"","background-repeat":"repeat","background-position":"center center","background-size":"auto","background-attachment":"scroll","background-type":"","background-media":"","overlay-type":"","overlay-color":"","overlay-opacity":"","overlay-gradient":""},"tablet":{"background-color":"","background-image":"","background-repeat":"repeat","background-position":"center center","background-size":"auto","background-attachment":"scroll","background-type":"","background-media":"","overlay-type":"","overlay-color":"","overlay-opacity":"","overlay-gradient":""},"mobile":{"background-color":"","background-image":"","background-repeat":"repeat","background-position":"center center","background-size":"auto","background-attachment":"scroll","background-type":"","background-media":"","overlay-type":"","overlay-color":"","overlay-opacity":"","overlay-gradient":""}},"ast-content-background-meta":{"desktop":{"background-color":"var(--ast-global-color-5)","background-image":"","background-repeat":"repeat","background-position":"center center","background-size":"auto","background-attachment":"scroll","background-type":"","background-media":"","overlay-type":"","overlay-color":"","overlay-opacity":"","overlay-gradient":""},"tablet":{"background-color":"var(--ast-global-color-5)","background-image":"","background-repeat":"repeat","background-position":"center center","background-size":"auto","background-attachment":"scroll","background-type":"","background-media":"","overlay-type":"","overlay-color":"","overlay-opacity":"","overlay-gradient":""},"mobile":{"background-color":"var(--ast-global-color-5)","background-image":"","background-repeat":"repeat","background-position":"center center","background-size":"auto","background-attachment":"scroll","background-type":"","background-media":"","overlay-type":"","overlay-color":"","overlay-opacity":"","overlay-gradient":""}},"footnotes":""},"class_list":["post-15783","page","type-page","status-publish","hentry"],"post_mailing_queue_ids":[],"_links":{"self":[{"href":"https:\/\/serveiseducatius.xtec.cat\/vallesoccidental5\/wp-json\/wp\/v2\/pages\/15783","targetHints":{"allow":["GET"]}}],"collection":[{"href":"https:\/\/serveiseducatius.xtec.cat\/vallesoccidental5\/wp-json\/wp\/v2\/pages"}],"about":[{"href":"https:\/\/serveiseducatius.xtec.cat\/vallesoccidental5\/wp-json\/wp\/v2\/types\/page"}],"author":[{"embeddable":true,"href":"https:\/\/serveiseducatius.xtec.cat\/vallesoccidental5\/wp-json\/wp\/v2\/users\/1"}],"replies":[{"embeddable":true,"href":"https:\/\/serveiseducatius.xtec.cat\/vallesoccidental5\/wp-json\/wp\/v2\/comments?post=15783"}],"version-history":[{"count":4,"href":"https:\/\/serveiseducatius.xtec.cat\/vallesoccidental5\/wp-json\/wp\/v2\/pages\/15783\/revisions"}],"predecessor-version":[{"id":15788,"href":"https:\/\/serveiseducatius.xtec.cat\/vallesoccidental5\/wp-json\/wp\/v2\/pages\/15783\/revisions\/15788"}],"up":[{"embeddable":true,"href":"https:\/\/serveiseducatius.xtec.cat\/vallesoccidental5\/wp-json\/wp\/v2\/pages\/8622"}],"wp:attachment":[{"href":"https:\/\/serveiseducatius.xtec.cat\/vallesoccidental5\/wp-json\/wp\/v2\/media?parent=15783"}],"curies":[{"name":"wp","href":"https:\/\/api.w.org\/{rel}","templated":true}]}}