{"id":15775,"date":"2025-10-16T12:03:35","date_gmt":"2025-10-16T10:03:35","guid":{"rendered":"https:\/\/serveiseducatius.xtec.cat\/vallesoccidental5\/?page_id=15775"},"modified":"2025-10-16T13:16:37","modified_gmt":"2025-10-16T11:16:37","slug":"educacio-inclusiva","status":"publish","type":"page","link":"https:\/\/serveiseducatius.xtec.cat\/vallesoccidental5\/maletes-pedagogiques-en-prestec\/educacio-inclusiva\/","title":{"rendered":"Educaci\u00f3 inclusiva"},"content":{"rendered":"<p data-start=\"168\" data-end=\"562\">L\u2019<strong>educaci\u00f3 inclusiva<\/strong> \u00e9s un enfocament pedag\u00f2gic i social que busca garantir el dret a l\u2019educaci\u00f3 de tot l\u2019alumnat, independentment de les seves caracter\u00edstiques personals, socials o culturals. Aquest model es fonamenta en el principi de l\u2019equitat i no pas en la simple igualtat, ja que reconeix que cada alumne\/a \u00e9s \u00fanic\/a i pot necessitar suports espec\u00edfics per assolir el seu m\u00e0xim potencial.<\/p>\n<p data-start=\"564\" data-end=\"950\">En el marc educatiu actual, l\u2019educaci\u00f3 inclusiva implica molt m\u00e9s que integrar estudiants amb necessitats educatives espec\u00edfiques dins l\u2019aula ordin\u00e0ria. Suposa transformar l\u2019escola perqu\u00e8 sigui capa\u00e7 de respondre a la diversitat, adaptant el curr\u00edculum, les metodologies, l\u2019organitzaci\u00f3 i l\u2019avaluaci\u00f3. No es tracta que l\u2019alumnat s\u2019adapti a l\u2019escola, sin\u00f3 que l\u2019escola s\u2019adapti a l\u2019alumnat. \u00c9s per aquest motiu que des del Servei Educatiu hem adquirit dos llibres d&#8217;aquest \u00e0mbit<strong>.\u00a0<\/strong><\/p>\n<p>Per tal de fer la demanda d\u2019aquest material heu d\u2019omplir el seg\u00fcent <a href=\"https:\/\/docs.google.com\/forms\/d\/e\/1FAIpQLScW09GIA3bWXkVhE9L-LFlTwzm-d4Yft3LBFtF7P_Gozor2Ag\/viewform?usp=header\" target=\"_blank\" rel=\"noopener\"><strong>FORMULARI de PR\u00c9STEC.<\/strong><\/a><\/p>\n<table style=\"border-collapse: collapse; width: 100%;\">\n<tbody>\n<tr>\n<td style=\"width: 50%;\"><a href=\"https:\/\/serveiseducatius.xtec.cat\/vallesoccidental5\/wp-content\/uploads\/usu1111\/2025\/10\/que-sere.png\"><img loading=\"lazy\" decoding=\"async\" class=\"aligncenter size-full wp-image-15776\" src=\"https:\/\/serveiseducatius.xtec.cat\/vallesoccidental5\/wp-content\/uploads\/usu1111\/2025\/10\/que-sere.png\" alt=\"\" width=\"232\" height=\"322\" srcset=\"https:\/\/serveiseducatius.xtec.cat\/vallesoccidental5\/wp-content\/uploads\/usu1111\/2025\/10\/que-sere.png 232w, https:\/\/serveiseducatius.xtec.cat\/vallesoccidental5\/wp-content\/uploads\/usu1111\/2025\/10\/que-sere-216x300.png 216w\" sizes=\"auto, (max-width: 232px) 100vw, 232px\" \/><\/a><\/td>\n<td style=\"width: 50%;\"><span style=\"text-decoration: underline;\"><em><strong><span style=\"font-size: 18pt;\">Sinopsis:<\/span><\/strong><\/em><\/span><\/p>\n<p><span style=\"font-size: 12pt;\">A trav\u00e9s del dia a dia de Marta, una nena de cinc anys amb alteracions<\/span><span style=\"font-size: 12pt;\"> motrius, es mostra una hist\u00f2ria on la import\u00e0ncia no recau en les dificultats sin\u00f3 en els desitjos, inquietuds i il\u00b7lusions dels infants que es troben en una etapa de descobriment, aprenentatge i de creixement. Amb un final que far\u00e0 pensar i reflexionar nens i adults.<\/span><\/td>\n<\/tr>\n<tr>\n<td style=\"width: 50%;\"><a href=\"https:\/\/serveiseducatius.xtec.cat\/vallesoccidental5\/wp-content\/uploads\/usu1111\/2025\/10\/instants.png\"><img loading=\"lazy\" decoding=\"async\" class=\"aligncenter wp-image-15777\" src=\"https:\/\/serveiseducatius.xtec.cat\/vallesoccidental5\/wp-content\/uploads\/usu1111\/2025\/10\/instants.png\" alt=\"\" width=\"236\" height=\"310\" srcset=\"https:\/\/serveiseducatius.xtec.cat\/vallesoccidental5\/wp-content\/uploads\/usu1111\/2025\/10\/instants.png 348w, https:\/\/serveiseducatius.xtec.cat\/vallesoccidental5\/wp-content\/uploads\/usu1111\/2025\/10\/instants-228x300.png 228w\" sizes=\"auto, (max-width: 236px) 100vw, 236px\" \/><\/a><\/td>\n<td style=\"width: 50%;\"><span style=\"text-decoration: underline;\"><em><strong><span style=\"font-size: 18pt;\">Sinopsis:<\/span><\/strong><\/em><\/span><\/p>\n<p><span style=\"font-size: 12pt;\">Tinc 11 anys. M\u2019he adonat que a vegades moments que semblen molt dif\u00edcils i dolorosos poden arribar a tenir instants realment bonics. Si us presento la meva fam\u00edlia i us explico el nostre dia a dia em podreu entendre a la perfecci\u00f3. Crec que al final no es tracta de tenir la fam\u00edlia perfecta, ni un dia a dia rod\u00f3, sin\u00f3 de gaudir i valorar cada instant, assaborint la m\u00e0gia que hi pot haver al darrera de cada experi\u00e8ncia. M\u2019acompanyeu a descobrir-ho?<\/span><\/td>\n<\/tr>\n<\/tbody>\n<\/table>\n","protected":false},"excerpt":{"rendered":"<p>L\u2019educaci\u00f3 inclusiva \u00e9s un enfocament pedag\u00f2gic i social que busca garantir el dret a l\u2019educaci\u00f3 de tot l\u2019alumnat, independentment de les seves caracter\u00edstiques personals, socials o culturals. Aquest model es fonamenta en el principi de l\u2019equitat i no pas en la simple igualtat, ja que reconeix que cada alumne\/a \u00e9s \u00fanic\/a i pot necessitar suports [&hellip;]<\/p>\n","protected":false},"author":1,"featured_media":0,"parent":8622,"menu_order":0,"comment_status":"closed","ping_status":"closed","template":"","meta":{"_bbp_topic_count":0,"_bbp_reply_count":0,"_bbp_total_topic_count":0,"_bbp_total_reply_count":0,"_bbp_voice_count":0,"_bbp_anonymous_reply_count":0,"_bbp_topic_count_hidden":0,"_bbp_reply_count_hidden":0,"_bbp_forum_subforum_count":0,"site-sidebar-layout":"default","site-content-layout":"","ast-site-content-layout":"","site-content-style":"default","site-sidebar-style":"default","ast-global-header-display":"","ast-banner-title-visibility":"","ast-main-header-display":"","ast-hfb-above-header-display":"","ast-hfb-below-header-display":"","ast-hfb-mobile-header-display":"","site-post-title":"","ast-breadcrumbs-content":"","ast-featured-img":"","footer-sml-layout":"","theme-transparent-header-meta":"","adv-header-id-meta":"","stick-header-meta":"","header-above-stick-meta":"","header-main-stick-meta":"","header-below-stick-meta":"","astra-migrate-meta-layouts":"default","ast-page-background-enabled":"default","ast-page-background-meta":{"desktop":{"background-color":"var(--ast-global-color-4)","background-image":"","background-repeat":"repeat","background-position":"center center","background-size":"auto","background-attachment":"scroll","background-type":"","background-media":"","overlay-type":"","overlay-color":"","overlay-opacity":"","overlay-gradient":""},"tablet":{"background-color":"","background-image":"","background-repeat":"repeat","background-position":"center center","background-size":"auto","background-attachment":"scroll","background-type":"","background-media":"","overlay-type":"","overlay-color":"","overlay-opacity":"","overlay-gradient":""},"mobile":{"background-color":"","background-image":"","background-repeat":"repeat","background-position":"center center","background-size":"auto","background-attachment":"scroll","background-type":"","background-media":"","overlay-type":"","overlay-color":"","overlay-opacity":"","overlay-gradient":""}},"ast-content-background-meta":{"desktop":{"background-color":"var(--ast-global-color-5)","background-image":"","background-repeat":"repeat","background-position":"center center","background-size":"auto","background-attachment":"scroll","background-type":"","background-media":"","overlay-type":"","overlay-color":"","overlay-opacity":"","overlay-gradient":""},"tablet":{"background-color":"var(--ast-global-color-5)","background-image":"","background-repeat":"repeat","background-position":"center center","background-size":"auto","background-attachment":"scroll","background-type":"","background-media":"","overlay-type":"","overlay-color":"","overlay-opacity":"","overlay-gradient":""},"mobile":{"background-color":"var(--ast-global-color-5)","background-image":"","background-repeat":"repeat","background-position":"center center","background-size":"auto","background-attachment":"scroll","background-type":"","background-media":"","overlay-type":"","overlay-color":"","overlay-opacity":"","overlay-gradient":""}},"footnotes":""},"class_list":["post-15775","page","type-page","status-publish","hentry"],"post_mailing_queue_ids":[],"_links":{"self":[{"href":"https:\/\/serveiseducatius.xtec.cat\/vallesoccidental5\/wp-json\/wp\/v2\/pages\/15775","targetHints":{"allow":["GET"]}}],"collection":[{"href":"https:\/\/serveiseducatius.xtec.cat\/vallesoccidental5\/wp-json\/wp\/v2\/pages"}],"about":[{"href":"https:\/\/serveiseducatius.xtec.cat\/vallesoccidental5\/wp-json\/wp\/v2\/types\/page"}],"author":[{"embeddable":true,"href":"https:\/\/serveiseducatius.xtec.cat\/vallesoccidental5\/wp-json\/wp\/v2\/users\/1"}],"replies":[{"embeddable":true,"href":"https:\/\/serveiseducatius.xtec.cat\/vallesoccidental5\/wp-json\/wp\/v2\/comments?post=15775"}],"version-history":[{"count":5,"href":"https:\/\/serveiseducatius.xtec.cat\/vallesoccidental5\/wp-json\/wp\/v2\/pages\/15775\/revisions"}],"predecessor-version":[{"id":15790,"href":"https:\/\/serveiseducatius.xtec.cat\/vallesoccidental5\/wp-json\/wp\/v2\/pages\/15775\/revisions\/15790"}],"up":[{"embeddable":true,"href":"https:\/\/serveiseducatius.xtec.cat\/vallesoccidental5\/wp-json\/wp\/v2\/pages\/8622"}],"wp:attachment":[{"href":"https:\/\/serveiseducatius.xtec.cat\/vallesoccidental5\/wp-json\/wp\/v2\/media?parent=15775"}],"curies":[{"name":"wp","href":"https:\/\/api.w.org\/{rel}","templated":true}]}}