{"id":14681,"date":"2024-03-12T11:38:26","date_gmt":"2024-03-12T10:38:26","guid":{"rendered":"https:\/\/serveiseducatius.xtec.cat\/vallesoccidental5\/?page_id=14681"},"modified":"2024-10-10T10:55:05","modified_gmt":"2024-10-10T08:55:05","slug":"ciutadania","status":"publish","type":"page","link":"https:\/\/serveiseducatius.xtec.cat\/vallesoccidental5\/maletes-pedagogiques-en-prestec\/ciutadania\/","title":{"rendered":"Ciutadania &#8211; Let&#8217;s Clean Up Europe"},"content":{"rendered":"<p><a href=\"https:\/\/residus.gencat.cat\/ca\/ambits_dactuacio\/prevencio\/setmana_europea\/lets_clean_up_europe\/\" target=\"_blank\" rel=\"noopener\"><img loading=\"lazy\" decoding=\"async\" class=\" wp-image-14691 alignleft\" src=\"https:\/\/serveiseducatius.xtec.cat\/vallesoccidental5\/wp-content\/uploads\/usu1111\/2024\/03\/ciutadania-300x119.png\" alt=\"\" width=\"381\" height=\"151\" srcset=\"https:\/\/serveiseducatius.xtec.cat\/vallesoccidental5\/wp-content\/uploads\/usu1111\/2024\/03\/ciutadania-300x119.png 300w, https:\/\/serveiseducatius.xtec.cat\/vallesoccidental5\/wp-content\/uploads\/usu1111\/2024\/03\/ciutadania.png 721w\" sizes=\"auto, (max-width: 381px) 100vw, 381px\" \/><\/a><\/p>\n<p style=\"text-align: justify;\">L&#8217;Ag\u00e8ncia de Residus de Catalunya est\u00e0 impulsant l&#8217;acci\u00f3 <span style=\"font-size: 14pt;\"><strong><a href=\"https:\/\/residus.gencat.cat\/ca\/ambits_dactuacio\/prevencio\/setmana_europea\/lets_clean_up_europe\/\" target=\"_blank\" rel=\"noopener\"><span style=\"text-decoration: underline;\">Let&#8217;s Clean Up Europe<\/span><\/a><\/strong><\/span> comuna a tot Europa per conscienciar sobre la quantitat de residus que llencem de forma incontrolada a la natura i promoure accions de sensibilitzaci\u00f3 a trav\u00e9s de la recollida d&#8217;aquests residus abocats il\u00b7legalment als boscos, platges, marges de rius, etc.<\/p>\n<p style=\"text-align: justify;\">La campanya de l&#8217;any 2024, tindr\u00e0 lloc entre\u00a0<strong>el 10 i el 12 de maig de 2024<\/strong>.<\/p>\n<pre><\/pre>\n<p>Al Servei Educatiu tenim disponible un kit amb:<\/p>\n<table style=\"border-collapse: collapse; width: 93.4036%; height: 70px;\">\n<tbody>\n<tr style=\"height: 257px;\">\n<td style=\"width: 15.2654%; height: 70px;\"><a href=\"https:\/\/serveiseducatius.xtec.cat\/vallesoccidental5\/wp-content\/uploads\/usu1111\/2024\/03\/cubell.jpg\"><img loading=\"lazy\" decoding=\"async\" class=\"wp-image-14700 aligncenter\" src=\"https:\/\/serveiseducatius.xtec.cat\/vallesoccidental5\/wp-content\/uploads\/usu1111\/2024\/03\/cubell-225x300.jpg\" alt=\"\" width=\"251\" height=\"334\" srcset=\"https:\/\/serveiseducatius.xtec.cat\/vallesoccidental5\/wp-content\/uploads\/usu1111\/2024\/03\/cubell-225x300.jpg 225w, https:\/\/serveiseducatius.xtec.cat\/vallesoccidental5\/wp-content\/uploads\/usu1111\/2024\/03\/cubell-768x1024.jpg 768w, https:\/\/serveiseducatius.xtec.cat\/vallesoccidental5\/wp-content\/uploads\/usu1111\/2024\/03\/cubell-1152x1536.jpg 1152w, https:\/\/serveiseducatius.xtec.cat\/vallesoccidental5\/wp-content\/uploads\/usu1111\/2024\/03\/cubell.jpg 1512w\" sizes=\"auto, (max-width: 251px) 100vw, 251px\" \/><\/a><\/td>\n<td style=\"width: 12.5412%; height: 70px;\">\n<ul style=\"list-style-type: circle;\">\n<li><span style=\"font-size: 12pt;\">15 parell de guants talla S<\/span><\/li>\n<li><span style=\"font-size: 12pt;\">10 parell de guants talla L<\/span><\/li>\n<li><span style=\"font-size: 12pt;\">45 bosses individuals<\/span><\/li>\n<li><span style=\"font-size: 12pt;\">10 sacs grans<\/span><\/li>\n<li style=\"text-align: left;\"><span style=\"font-size: 12pt;\">10 pinces de recollida<\/span><\/li>\n<li><span style=\"font-size: 12pt;\">1 balan\u00e7a<\/span><\/li>\n<li><span style=\"font-size: 12pt;\">1 banderola de resultats<\/span><\/li>\n<li><span style=\"font-size: 12pt;\">1 p\u00f2ster APP geolocalitzaci\u00f3<\/span><\/li>\n<li><span style=\"font-size: 12pt;\">1 p\u00f2ster mesures prevenci\u00f3<\/span><\/li>\n<li><span style=\"font-size: 12pt;\">1 p\u00f2ster de seguretat<\/span><\/li>\n<li><span style=\"font-size: 12pt;\">1 fitxa de resultats<\/span><\/li>\n<li><span style=\"font-size: 12pt;\">1 retolador no permanent<\/span><\/li>\n<\/ul>\n<\/td>\n<td style=\"width: 48.1124%; height: 70px;\">\u200b\u200b<\/p>\n<table style=\"border-collapse: collapse; width: 97.4758%; height: 558px;\">\n<tbody>\n<tr style=\"height: 118px;\">\n<td style=\"width: 24.723%; height: 118px;\"><a href=\"https:\/\/serveiseducatius.xtec.cat\/vallesoccidental5\/wp-content\/uploads\/usu1111\/2024\/03\/balanca.jpg\"><img loading=\"lazy\" decoding=\"async\" class=\"aligncenter size-medium wp-image-14711\" src=\"https:\/\/serveiseducatius.xtec.cat\/vallesoccidental5\/wp-content\/uploads\/usu1111\/2024\/03\/balanca-300x225.jpg\" alt=\"\" width=\"300\" height=\"225\" srcset=\"https:\/\/serveiseducatius.xtec.cat\/vallesoccidental5\/wp-content\/uploads\/usu1111\/2024\/03\/balanca-300x225.jpg 300w, https:\/\/serveiseducatius.xtec.cat\/vallesoccidental5\/wp-content\/uploads\/usu1111\/2024\/03\/balanca-1024x768.jpg 1024w, https:\/\/serveiseducatius.xtec.cat\/vallesoccidental5\/wp-content\/uploads\/usu1111\/2024\/03\/balanca-768x576.jpg 768w, https:\/\/serveiseducatius.xtec.cat\/vallesoccidental5\/wp-content\/uploads\/usu1111\/2024\/03\/balanca-1536x1152.jpg 1536w, https:\/\/serveiseducatius.xtec.cat\/vallesoccidental5\/wp-content\/uploads\/usu1111\/2024\/03\/balanca-200x150.jpg 200w, https:\/\/serveiseducatius.xtec.cat\/vallesoccidental5\/wp-content\/uploads\/usu1111\/2024\/03\/balanca.jpg 2016w\" sizes=\"auto, (max-width: 300px) 100vw, 300px\" \/><\/a><\/td>\n<td style=\"width: 33.9376%; height: 118px;\"><a href=\"https:\/\/serveiseducatius.xtec.cat\/vallesoccidental5\/wp-content\/uploads\/usu1111\/2024\/03\/bosses2.jpg\"><img loading=\"lazy\" decoding=\"async\" class=\"aligncenter size-medium wp-image-14707\" src=\"https:\/\/serveiseducatius.xtec.cat\/vallesoccidental5\/wp-content\/uploads\/usu1111\/2024\/03\/bosses2-300x225.jpg\" alt=\"\" width=\"300\" height=\"225\" srcset=\"https:\/\/serveiseducatius.xtec.cat\/vallesoccidental5\/wp-content\/uploads\/usu1111\/2024\/03\/bosses2-300x225.jpg 300w, https:\/\/serveiseducatius.xtec.cat\/vallesoccidental5\/wp-content\/uploads\/usu1111\/2024\/03\/bosses2-1024x768.jpg 1024w, https:\/\/serveiseducatius.xtec.cat\/vallesoccidental5\/wp-content\/uploads\/usu1111\/2024\/03\/bosses2-768x576.jpg 768w, https:\/\/serveiseducatius.xtec.cat\/vallesoccidental5\/wp-content\/uploads\/usu1111\/2024\/03\/bosses2-1536x1152.jpg 1536w, https:\/\/serveiseducatius.xtec.cat\/vallesoccidental5\/wp-content\/uploads\/usu1111\/2024\/03\/bosses2-200x150.jpg 200w, https:\/\/serveiseducatius.xtec.cat\/vallesoccidental5\/wp-content\/uploads\/usu1111\/2024\/03\/bosses2.jpg 2016w\" sizes=\"auto, (max-width: 300px) 100vw, 300px\" \/><\/a><\/td>\n<td style=\"width: 28.6744%; height: 118px;\"><a href=\"https:\/\/serveiseducatius.xtec.cat\/vallesoccidental5\/wp-content\/uploads\/usu1111\/2024\/03\/bosses.jpg\"><img loading=\"lazy\" decoding=\"async\" class=\"aligncenter size-medium wp-image-14708\" src=\"https:\/\/serveiseducatius.xtec.cat\/vallesoccidental5\/wp-content\/uploads\/usu1111\/2024\/03\/bosses-300x211.jpg\" alt=\"\" width=\"300\" height=\"211\" srcset=\"https:\/\/serveiseducatius.xtec.cat\/vallesoccidental5\/wp-content\/uploads\/usu1111\/2024\/03\/bosses-300x211.jpg 300w, https:\/\/serveiseducatius.xtec.cat\/vallesoccidental5\/wp-content\/uploads\/usu1111\/2024\/03\/bosses-1024x721.jpg 1024w, https:\/\/serveiseducatius.xtec.cat\/vallesoccidental5\/wp-content\/uploads\/usu1111\/2024\/03\/bosses-768x541.jpg 768w, https:\/\/serveiseducatius.xtec.cat\/vallesoccidental5\/wp-content\/uploads\/usu1111\/2024\/03\/bosses-1536x1081.jpg 1536w, https:\/\/serveiseducatius.xtec.cat\/vallesoccidental5\/wp-content\/uploads\/usu1111\/2024\/03\/bosses.jpg 2016w\" sizes=\"auto, (max-width: 300px) 100vw, 300px\" \/><\/a><\/td>\n<\/tr>\n<tr style=\"height: 154px;\">\n<td style=\"width: 24.723%; height: 154px;\">\u00a0<img loading=\"lazy\" decoding=\"async\" class=\"aligncenter wp-image-14713\" style=\"font-size: 14px; background-color: #ffffff;\" src=\"https:\/\/serveiseducatius.xtec.cat\/vallesoccidental5\/wp-content\/uploads\/usu1111\/2024\/03\/pinca-1-173x300.jpg\" alt=\"\" width=\"128\" height=\"222\" srcset=\"https:\/\/serveiseducatius.xtec.cat\/vallesoccidental5\/wp-content\/uploads\/usu1111\/2024\/03\/pinca-1-173x300.jpg 173w, https:\/\/serveiseducatius.xtec.cat\/vallesoccidental5\/wp-content\/uploads\/usu1111\/2024\/03\/pinca-1-592x1024.jpg 592w, https:\/\/serveiseducatius.xtec.cat\/vallesoccidental5\/wp-content\/uploads\/usu1111\/2024\/03\/pinca-1-768x1328.jpg 768w, https:\/\/serveiseducatius.xtec.cat\/vallesoccidental5\/wp-content\/uploads\/usu1111\/2024\/03\/pinca-1-888x1536.jpg 888w, https:\/\/serveiseducatius.xtec.cat\/vallesoccidental5\/wp-content\/uploads\/usu1111\/2024\/03\/pinca-1.jpg 1113w\" sizes=\"auto, (max-width: 128px) 100vw, 128px\" \/><\/td>\n<td style=\"width: 33.9376%; height: 154px;\"><a href=\"https:\/\/serveiseducatius.xtec.cat\/vallesoccidental5\/wp-content\/uploads\/usu1111\/2024\/03\/guants.jpg\"><img loading=\"lazy\" decoding=\"async\" class=\"aligncenter size-medium wp-image-14706\" src=\"https:\/\/serveiseducatius.xtec.cat\/vallesoccidental5\/wp-content\/uploads\/usu1111\/2024\/03\/guants-196x300.jpg\" alt=\"\" width=\"196\" height=\"300\" srcset=\"https:\/\/serveiseducatius.xtec.cat\/vallesoccidental5\/wp-content\/uploads\/usu1111\/2024\/03\/guants-196x300.jpg 196w, https:\/\/serveiseducatius.xtec.cat\/vallesoccidental5\/wp-content\/uploads\/usu1111\/2024\/03\/guants-669x1024.jpg 669w, https:\/\/serveiseducatius.xtec.cat\/vallesoccidental5\/wp-content\/uploads\/usu1111\/2024\/03\/guants-768x1176.jpg 768w, https:\/\/serveiseducatius.xtec.cat\/vallesoccidental5\/wp-content\/uploads\/usu1111\/2024\/03\/guants-1003x1536.jpg 1003w, https:\/\/serveiseducatius.xtec.cat\/vallesoccidental5\/wp-content\/uploads\/usu1111\/2024\/03\/guants.jpg 1183w\" sizes=\"auto, (max-width: 196px) 100vw, 196px\" \/><\/a><\/td>\n<td style=\"width: 28.6744%; height: 154px;\"><a href=\"https:\/\/serveiseducatius.xtec.cat\/vallesoccidental5\/wp-content\/uploads\/usu1111\/2024\/03\/cartell2.jpg\"><img loading=\"lazy\" decoding=\"async\" class=\"aligncenter size-medium wp-image-14710\" src=\"https:\/\/serveiseducatius.xtec.cat\/vallesoccidental5\/wp-content\/uploads\/usu1111\/2024\/03\/cartell2-225x300.jpg\" alt=\"\" width=\"225\" height=\"300\" srcset=\"https:\/\/serveiseducatius.xtec.cat\/vallesoccidental5\/wp-content\/uploads\/usu1111\/2024\/03\/cartell2-225x300.jpg 225w, https:\/\/serveiseducatius.xtec.cat\/vallesoccidental5\/wp-content\/uploads\/usu1111\/2024\/03\/cartell2-768x1024.jpg 768w, https:\/\/serveiseducatius.xtec.cat\/vallesoccidental5\/wp-content\/uploads\/usu1111\/2024\/03\/cartell2-1152x1536.jpg 1152w, https:\/\/serveiseducatius.xtec.cat\/vallesoccidental5\/wp-content\/uploads\/usu1111\/2024\/03\/cartell2.jpg 1512w\" sizes=\"auto, (max-width: 225px) 100vw, 225px\" \/><\/a><\/td>\n<\/tr>\n<\/tbody>\n<\/table>\n<\/td>\n<\/tr>\n<\/tbody>\n<\/table>\n<p>Si voleu demanar el material que tenim disponible, haureu d&#8217;omplir el <a href=\"https:\/\/docs.google.com\/forms\/d\/1qvLcw-QJdELWExb5yasNEUb8-knyk2x46YGOq4L4Zbc\/edit\"><span style=\"color: #ff0000;\"><strong>formulari de demanda<\/strong><\/span><\/a><\/p>\n<p>*En aquest <a href=\"https:\/\/residus.gencat.cat\/ca\/ambits_dactuacio\/prevencio\/setmana_europea\/lets_clean_up_europe\/index.html\"><span style=\"color: #ff0000;\"><strong>enlla\u00e7<\/strong> <\/span><\/a>trobareu v\u00eddeos, manuals i altra informaci\u00f3.<\/p>\n<p>*Aqu\u00ed trobareu <strong>Recursos educatius per a crear situacions d&#8217;aprenentatge per a prim\u00e0ria i secund\u00e0ria<\/strong><\/p>\n<p><a href=\"https:\/\/residus.gencat.cat\/web\/.content\/home\/ambits_dactuacio\/prevencio\/setmana_europea_prevencio_de_residus\/lcue\/recursos_educatius\/recursos_educatius_primaria_secundaria_aprenentatge.pdf\"><img loading=\"lazy\" decoding=\"async\" class=\"wp-image-14693 alignleft\" src=\"https:\/\/serveiseducatius.xtec.cat\/vallesoccidental5\/wp-content\/uploads\/usu1111\/2024\/03\/ciutadania1-300x109.png\" alt=\"\" width=\"418\" height=\"152\" srcset=\"https:\/\/serveiseducatius.xtec.cat\/vallesoccidental5\/wp-content\/uploads\/usu1111\/2024\/03\/ciutadania1-300x109.png 300w, https:\/\/serveiseducatius.xtec.cat\/vallesoccidental5\/wp-content\/uploads\/usu1111\/2024\/03\/ciutadania1-1024x371.png 1024w, https:\/\/serveiseducatius.xtec.cat\/vallesoccidental5\/wp-content\/uploads\/usu1111\/2024\/03\/ciutadania1-768x278.png 768w, https:\/\/serveiseducatius.xtec.cat\/vallesoccidental5\/wp-content\/uploads\/usu1111\/2024\/03\/ciutadania1.png 1212w\" sizes=\"auto, (max-width: 418px) 100vw, 418px\" \/><\/a><\/p>\n<p>&nbsp;<\/p>\n<p>&nbsp;<\/p>\n<p>&nbsp;<\/p>\n<p>&nbsp;<\/p>\n<p>&nbsp;<\/p>\n<p>&nbsp;<\/p>\n<p>&nbsp;<\/p>\n<p style=\"text-align: justify;\">L\u2019<strong>Ag\u00e8ncia de Residus de Catalunya<\/strong>\u00a0ha creat el recurs educatiu\u00a0<a href=\"https:\/\/www.missioresiduzero.cat\/\" target=\"_blank\" rel=\"noopener\"><strong>Missi\u00f3 Espacial Residu Zero<\/strong><\/a> d\u2019educaci\u00f3 ambiental sobre residus, amb l\u2019objectiu de facilitar als docents la tasca educativa en l\u2019\u00e0mbit de la sostenibilitat.<\/p>\n<table style=\"height: 348px; width: 87.0252%; border-collapse: collapse; border-color: #ffffff;\">\n<tbody>\n<tr style=\"height: 348px;\">\n<td style=\"width: 50%; height: 348px;\"><iframe loading=\"lazy\" src=\"\/\/www.youtube.com\/embed\/SgCdetTfnNE\" width=\"560\" height=\"314\" allowfullscreen=\"allowfullscreen\" data-mce-fragment=\"1\"><\/iframe><\/td>\n<td style=\"width: 36.9461%; height: 348px;\"><a href=\"https:\/\/serveiseducatius.xtec.cat\/vallesoccidental5\/wp-content\/uploads\/usu1111\/2024\/06\/residu-0.jpg\"><img loading=\"lazy\" decoding=\"async\" class=\"wp-image-15530 aligncenter\" src=\"https:\/\/serveiseducatius.xtec.cat\/vallesoccidental5\/wp-content\/uploads\/usu1111\/2024\/06\/residu-0-300x300.jpg\" alt=\"\" width=\"316\" height=\"316\" srcset=\"https:\/\/serveiseducatius.xtec.cat\/vallesoccidental5\/wp-content\/uploads\/usu1111\/2024\/06\/residu-0-300x300.jpg 300w, https:\/\/serveiseducatius.xtec.cat\/vallesoccidental5\/wp-content\/uploads\/usu1111\/2024\/06\/residu-0-150x150.jpg 150w, https:\/\/serveiseducatius.xtec.cat\/vallesoccidental5\/wp-content\/uploads\/usu1111\/2024\/06\/residu-0.jpg 678w\" sizes=\"auto, (max-width: 316px) 100vw, 316px\" \/><\/a><\/td>\n<\/tr>\n<\/tbody>\n<\/table>\n<p><b style=\"font-family: inherit; font-size: 1em; text-align: justify;\">A qui s\u2019adre\u00e7a:<\/b><span style=\"font-family: inherit; font-size: 1em; text-align: justify;\">\u00a0Educaci\u00f3 Prim\u00e0ria<\/span><\/p>\n<p style=\"text-align: justify;\">La capsa cont\u00e9 materials educatius per a treballar amb l\u00b4alumnat aspectes de la <strong>gesti\u00f3 dels residus<\/strong>, comen\u00e7ant per la\u00a0<strong>prevenci\u00f3<\/strong>\u00a0i acabant amb el\u00a0<strong>reciclatge dels materials<\/strong>.<\/p>\n<p style=\"text-align: justify;\"><em><span id=\"page1R_mcid30\" class=\"markedContent\"><span dir=\"ltr\" role=\"presentation\">L\u2019escenari actual marca una\u00a0<\/span><\/span><span id=\"page1R_mcid31\" class=\"markedContent\"><span dir=\"ltr\" role=\"presentation\">tend\u00e8ncia que va m\u00e9s enll\u00e0 del reciclatge o de la recollida\u00a0<\/span><\/span><span id=\"page1R_mcid32\" class=\"markedContent\"><span dir=\"ltr\" role=\"presentation\">selectiva i apunta cap a la reducci\u00f3 en la generaci\u00f3 de residus\u00a0<\/span><\/span><span id=\"page1R_mcid33\" class=\"markedContent\"><\/span><span id=\"page1R_mcid34\" class=\"markedContent\"><span dir=\"ltr\" role=\"presentation\">o, com es diu en \u00e0mbits m\u00e9s t\u00e8cnics, a la prevenci\u00f3 de residus:\u00a0<\/span><\/span><span id=\"page1R_mcid35\" class=\"markedContent\"><\/span><span id=\"page1R_mcid36\" class=\"markedContent\"><span dir=\"ltr\" role=\"presentation\">el millor residu \u00e9s aquell que no es genera. I mirat des\u00a0<\/span><\/span><span id=\"page1R_mcid37\" class=\"markedContent\"><span dir=\"ltr\" role=\"presentation\">d\u2019aquesta perspectiva, els centres escolars, on el conjunt\u00a0<\/span><\/span><span id=\"page1R_mcid38\" class=\"markedContent\"><span dir=\"ltr\" role=\"presentation\">de la comunitat educativa viu i conviu un bon nombre\u00a0<\/span><\/span><span id=\"page1R_mcid39\" class=\"markedContent\"><span dir=\"ltr\" role=\"presentation\">d\u2019hores de la seva vida, \u00e9s un escenari perfecte per a la\u00a0<\/span><\/span><span id=\"page1R_mcid40\" class=\"markedContent\"><span dir=\"ltr\" role=\"presentation\">posada en pr\u00e0ctica dels h\u00e0bits i els comportaments que\u00a0<\/span><\/span><span id=\"page1R_mcid41\" class=\"markedContent\"><span dir=\"ltr\" role=\"presentation\">ens allunyen del problema i ens apropen a la soluci\u00f3.<\/span><\/span><\/em><\/p>\n<p>Si voleu demanar aquest material, haureu d&#8217;omplir el <a href=\"https:\/\/docs.google.com\/forms\/d\/1W0XKrxOzKCgrz0I-XFgptM1RRIZj9RKR7fc-uPd_qnY\/edit\" target=\"_blank\" rel=\"noopener\"><span style=\"font-size: 14pt; color: #ff0000;\">formulari de pr\u00e9stec<\/span><\/a><\/p>\n<p style=\"text-align: justify;\">En aquest <a href=\"https:\/\/www.missioresiduzero.cat\/\" target=\"_blank\" rel=\"noopener\"><strong>enlla\u00e7<\/strong>\u00a0<\/a>podeu descarregar els materials per treballar a l\u2019aula. Tamb\u00e9 podeu consultar la <a href=\"https:\/\/www.missioresiduzero.cat\/wp-content\/uploads\/2023\/03\/GuiaDocentZero.pdf\" target=\"_blank\" rel=\"noopener\"><strong>guia did\u00e0ctica<\/strong><\/a>.<\/p>\n<p style=\"text-align: justify;\">Si busqueu altres recursos i\/o materials per a treballar a l\u2019escola tamb\u00e9 podeu consultar la <a href=\"https:\/\/residus.gencat.cat\/ca\/ambits_dactuacio\/sensibilitzacio\/\" target=\"_blank\" rel=\"noopener\">web de l\u2019Ag\u00e8ncia de Residus de Catalunya<\/a>.<\/p>\n<p>&nbsp;<\/p>\n","protected":false},"excerpt":{"rendered":"<p>L&#8217;Ag\u00e8ncia de Residus de Catalunya est\u00e0 impulsant l&#8217;acci\u00f3 Let&#8217;s Clean Up Europe comuna a tot Europa per conscienciar sobre la quantitat de residus que llencem de forma incontrolada a la natura i promoure accions de sensibilitzaci\u00f3 a trav\u00e9s de la recollida d&#8217;aquests residus abocats il\u00b7legalment als boscos, platges, marges de rius, etc. La campanya de [&hellip;]<\/p>\n","protected":false},"author":1,"featured_media":0,"parent":8622,"menu_order":30,"comment_status":"closed","ping_status":"closed","template":"page-templates\/side-menu.php","meta":{"_bbp_topic_count":0,"_bbp_reply_count":0,"_bbp_total_topic_count":0,"_bbp_total_reply_count":0,"_bbp_voice_count":0,"_bbp_anonymous_reply_count":0,"_bbp_topic_count_hidden":0,"_bbp_reply_count_hidden":0,"_bbp_forum_subforum_count":0,"site-sidebar-layout":"default","site-content-layout":"","ast-site-content-layout":"","site-content-style":"default","site-sidebar-style":"default","ast-global-header-display":"","ast-banner-title-visibility":"","ast-main-header-display":"","ast-hfb-above-header-display":"","ast-hfb-below-header-display":"","ast-hfb-mobile-header-display":"","site-post-title":"","ast-breadcrumbs-content":"","ast-featured-img":"","footer-sml-layout":"","theme-transparent-header-meta":"","adv-header-id-meta":"","stick-header-meta":"","header-above-stick-meta":"","header-main-stick-meta":"","header-below-stick-meta":"","astra-migrate-meta-layouts":"default","ast-page-background-enabled":"default","ast-page-background-meta":{"desktop":{"background-color":"var(--ast-global-color-4)","background-image":"","background-repeat":"repeat","background-position":"center center","background-size":"auto","background-attachment":"scroll","background-type":"","background-media":"","overlay-type":"","overlay-color":"","overlay-opacity":"","overlay-gradient":""},"tablet":{"background-color":"","background-image":"","background-repeat":"repeat","background-position":"center center","background-size":"auto","background-attachment":"scroll","background-type":"","background-media":"","overlay-type":"","overlay-color":"","overlay-opacity":"","overlay-gradient":""},"mobile":{"background-color":"","background-image":"","background-repeat":"repeat","background-position":"center center","background-size":"auto","background-attachment":"scroll","background-type":"","background-media":"","overlay-type":"","overlay-color":"","overlay-opacity":"","overlay-gradient":""}},"ast-content-background-meta":{"desktop":{"background-color":"var(--ast-global-color-5)","background-image":"","background-repeat":"repeat","background-position":"center center","background-size":"auto","background-attachment":"scroll","background-type":"","background-media":"","overlay-type":"","overlay-color":"","overlay-opacity":"","overlay-gradient":""},"tablet":{"background-color":"var(--ast-global-color-5)","background-image":"","background-repeat":"repeat","background-position":"center center","background-size":"auto","background-attachment":"scroll","background-type":"","background-media":"","overlay-type":"","overlay-color":"","overlay-opacity":"","overlay-gradient":""},"mobile":{"background-color":"var(--ast-global-color-5)","background-image":"","background-repeat":"repeat","background-position":"center center","background-size":"auto","background-attachment":"scroll","background-type":"","background-media":"","overlay-type":"","overlay-color":"","overlay-opacity":"","overlay-gradient":""}},"footnotes":""},"class_list":["post-14681","page","type-page","status-publish","hentry"],"post_mailing_queue_ids":[],"_links":{"self":[{"href":"https:\/\/serveiseducatius.xtec.cat\/vallesoccidental5\/wp-json\/wp\/v2\/pages\/14681","targetHints":{"allow":["GET"]}}],"collection":[{"href":"https:\/\/serveiseducatius.xtec.cat\/vallesoccidental5\/wp-json\/wp\/v2\/pages"}],"about":[{"href":"https:\/\/serveiseducatius.xtec.cat\/vallesoccidental5\/wp-json\/wp\/v2\/types\/page"}],"author":[{"embeddable":true,"href":"https:\/\/serveiseducatius.xtec.cat\/vallesoccidental5\/wp-json\/wp\/v2\/users\/1"}],"replies":[{"embeddable":true,"href":"https:\/\/serveiseducatius.xtec.cat\/vallesoccidental5\/wp-json\/wp\/v2\/comments?post=14681"}],"version-history":[{"count":6,"href":"https:\/\/serveiseducatius.xtec.cat\/vallesoccidental5\/wp-json\/wp\/v2\/pages\/14681\/revisions"}],"predecessor-version":[{"id":15612,"href":"https:\/\/serveiseducatius.xtec.cat\/vallesoccidental5\/wp-json\/wp\/v2\/pages\/14681\/revisions\/15612"}],"up":[{"embeddable":true,"href":"https:\/\/serveiseducatius.xtec.cat\/vallesoccidental5\/wp-json\/wp\/v2\/pages\/8622"}],"wp:attachment":[{"href":"https:\/\/serveiseducatius.xtec.cat\/vallesoccidental5\/wp-json\/wp\/v2\/media?parent=14681"}],"curies":[{"name":"wp","href":"https:\/\/api.w.org\/{rel}","templated":true}]}}