{"id":14222,"date":"2024-03-06T13:22:53","date_gmt":"2024-03-06T12:22:53","guid":{"rendered":"https:\/\/serveiseducatius.xtec.cat\/vallesoccidental5\/?page_id=14222"},"modified":"2024-05-30T09:05:04","modified_gmt":"2024-05-30T07:05:04","slug":"competencia-digital-robotica-i","status":"publish","type":"page","link":"https:\/\/serveiseducatius.xtec.cat\/vallesoccidental5\/competencia-digital-robotica-i\/","title":{"rendered":"COMPET\u00c8NCIA DIGITAL (ROB\u00d2TICA i +)"},"content":{"rendered":"<p>Estem renovant el material de COMPET\u00c8NCIA DIGITAL per tal de poder-vos acompanyar amb eines m\u00e9s actualitzades<\/p>\n<p>* Si vols demanar aquest material, has d\u2019omplir el seg\u00fcent\u00a0<a href=\"https:\/\/goo.gl\/forms\/z8uAMPtJgVbR7IqK2\" target=\"_blank\" rel=\"noopener noreferrer\"><strong>FORMULARI DE DEMANDA<\/strong>.<\/a>\u00a0Als pocs dies rebr\u00e0s la nostra resposta.<a href=\"http:\/\/goo.gl\/forms\/u7SeuMedod\"><br \/>\n<\/a>* Recorda, un cop acabat el pr\u00e9stec, omplir <strong><a href=\"http:\/\/goo.gl\/forms\/Lhlc494syh\" target=\"_blank\" rel=\"noopener\">aquest formulari<\/a><\/strong><\/p>\n<p>* P\u00e0gines on trobar informacions v\u00e0ries sobre rob\u00f2tica i treball amb els diferents materials:<br \/>\n<span class=\"Estilo6\"><a href=\"http:\/\/www.scoop.it\/t\/altres-iniciatives-d-interes\">Programaci\u00f3 i rob\u00f2tica a l\u2019aula.<\/a>\u00a0\u2013\u00a0<a href=\"http:\/\/www.scoop.it\/t\/crp-valles-oriental-iii\/?tag=%23TACprogramacioCRPSantCeloni\">Programaci\u00f3<\/a>\u00a0\u2013\u00a0<a href=\"http:\/\/roboticaescolesnoguera.blogspot.com.es\/\">Rob\u00f2tica a les escoles<\/a><\/span><a href=\"http:\/\/roboticaescolesnoguera.blogspot.com.es\/search\/label\/Bee-Bots%3A%20activitats%20a%20la%20comarca\">\u00a0de la Noguera<\/a>\u00a0\u2013\u00a0<a href=\"http:\/\/odissea.xtec.cat\/course\/view.php?id=5642\">Rob\u00f2tica educativa\u00a0<\/a>\u2013\u00a0<a href=\"http:\/\/www.programoergosum.com\/cursos-online\">Cursos gratu\u00efts programaci\u00f3<\/a><\/p>\n<p>Aqu\u00ed pots consultar el material de pr\u00e9stec que tenim disponible<\/p>\n<table style=\"width: 100%;\" border=\"1\" align=\"center\">\n<tbody>\n<tr class=\"Estilo2\">\n<td style=\"width: 9.03132%;\">\n<div class=\"Estilo1\" align=\"center\"><strong>Material<\/strong><\/div>\n<\/td>\n<td style=\"width: 65.3314%;\">\n<div class=\"Estilo1 Estilo9\" align=\"center\">\n<div align=\"center\"><strong>Descripci\u00f3<\/strong><\/div>\n<\/div>\n<\/td>\n<td style=\"width: 18.7181%;\">\n<div class=\"Estilo1\" align=\"center\">\n<div align=\"center\"><strong>Imatge<\/strong><\/div>\n<\/div>\n<\/td>\n<td style=\"width: 6.04516%;\">\n<div class=\"Estilo1\" align=\"center\">\n<div align=\"center\"><strong>Cicle<\/strong><\/div>\n<\/div>\n<\/td>\n<\/tr>\n<tr>\n<td style=\"width: 9.03132%;\">\n<div align=\"center\"><a href=\"https:\/\/projectes.xtec.cat\/digital\/equipaments-i-infraestructures\/robotica\/formacio-tecnica-robotica\/robots-educatius\/smart-cutebot\/\"><strong><span class=\"Estilo1\">Cutebot<\/span><\/strong><\/a><\/div>\n<\/td>\n<td style=\"width: 65.3314%;\">\n<div align=\"center\">\n<p><strong>Smart Cutebot<\/strong>\u00a0\u00e9s un robot que t\u00e9 un disseny de vehicle i que \u00e9s controlat per la placa micro:bit.<\/p>\n<p>Incorpora una placa d\u2019extensi\u00f3 (shield) que permet connectar de forma senzilla la placa micro:bit i una s\u00e8rie de components, alguns d\u2019ells ja soldats a la pr\u00f2pia base: LED RGB, sensors d\u2019infrarojos, brunzidor, sensor de dist\u00e0ncia per ultras\u00f2.<br \/>\nLa base del robot tamb\u00e9 incorpora ports de 3 pins que possibiliten incloure altres sensors i actuadors.<\/p>\n<\/div>\n<\/td>\n<td style=\"width: 18.7181%;\">\n<div class=\"Estilo1\" align=\"center\"><a href=\"https:\/\/serveiseducatius.xtec.cat\/vallesoccidental5\/wp-content\/uploads\/usu1111\/2023\/12\/Cutebot.png\"><img loading=\"lazy\" decoding=\"async\" class=\"aligncenter wp-image-14521\" src=\"https:\/\/serveiseducatius.xtec.cat\/vallesoccidental5\/wp-content\/uploads\/usu1111\/2023\/12\/Cutebot-300x262.png\" sizes=\"auto, (max-width: 238px) 100vw, 238px\" srcset=\"https:\/\/serveiseducatius.xtec.cat\/vallesoccidental5\/wp-content\/uploads\/usu1111\/2023\/12\/Cutebot-300x262.png 300w, https:\/\/serveiseducatius.xtec.cat\/vallesoccidental5\/wp-content\/uploads\/usu1111\/2023\/12\/Cutebot.png 598w\" alt=\"\" width=\"238\" height=\"208\" \/><\/a><\/div>\n<\/td>\n<td style=\"width: 6.04516%;\">\n<div class=\"Estilo1\" align=\"center\">Cicle Mitj\u00e0<\/div>\n<div class=\"Estilo1\" align=\"center\">Cicle Superior<br \/>\n1r i 2n ESO<\/div>\n<\/td>\n<\/tr>\n<tr>\n<td style=\"width: 9.03132%;\">\n<div align=\"center\"><a href=\"https:\/\/projectes.xtec.cat\/digital\/equipaments-i-infraestructures\/robotica\/formacio-tecnica-robotica\/robots-educatius\/codey-rocky\/\"><strong><span class=\"Estilo1\">Codey-Rocky<\/span><\/strong><\/a><\/div>\n<\/td>\n<td style=\"width: 65.3314%;\">\n<div align=\"center\">\n<p><strong>Codey Rocky<\/strong>\u00a0\u00e9s un robot que ofereix la possibilitat de dissenyar jocs o aplicacions de forma senzilla i variada.<\/p>\n<p>El robot porta sensors i actuadors integrats a trav\u00e9s dels quals \u00e9s possible reproduir m\u00fasica, seguir una llum, evitar obstacles, imitar expressions facials o comunicar-se amb un altre Codey Rocky.<\/p>\n<p>L\u2019entorn de programaci\u00f3 de Codey Rocky permet interaccionar des del m\u00f3n virtual al real i viceversa.<\/p>\n<\/div>\n<\/td>\n<td style=\"width: 18.7181%;\">\n<div class=\"Estilo1\" align=\"center\"><a href=\"https:\/\/serveiseducatius.xtec.cat\/vallesoccidental5\/wp-content\/uploads\/usu1111\/2023\/12\/Codey-rocky.png\"><img loading=\"lazy\" decoding=\"async\" class=\"aligncenter wp-image-14522\" src=\"https:\/\/serveiseducatius.xtec.cat\/vallesoccidental5\/wp-content\/uploads\/usu1111\/2023\/12\/Codey-rocky-300x276.png\" sizes=\"auto, (max-width: 203px) 100vw, 203px\" srcset=\"https:\/\/serveiseducatius.xtec.cat\/vallesoccidental5\/wp-content\/uploads\/usu1111\/2023\/12\/Codey-rocky-300x276.png 300w, https:\/\/serveiseducatius.xtec.cat\/vallesoccidental5\/wp-content\/uploads\/usu1111\/2023\/12\/Codey-rocky-768x706.png 768w, https:\/\/serveiseducatius.xtec.cat\/vallesoccidental5\/wp-content\/uploads\/usu1111\/2023\/12\/Codey-rocky.png 1024w\" alt=\"\" width=\"203\" height=\"186\" \/><\/a><\/div>\n<\/td>\n<td style=\"width: 6.04516%;\">\n<div class=\"Estilo1\" align=\"center\">Cicle Inicial<\/div>\n<div class=\"Estilo1\" align=\"center\">Cicle Mitj\u00e0<\/div>\n<div class=\"Estilo1\" align=\"center\">Cicle Superior<\/div>\n<div align=\"center\">1r i 2n ESO<\/div>\n<\/td>\n<\/tr>\n<tr class=\"Estilo2\">\n<td style=\"width: 9.03132%;\">\n<div align=\"center\"><a href=\"https:\/\/serveiseducatius.xtec.cat\/vallesoccidental5\/general\/bee-bots\/\"><strong><span class=\"Estilo1\">Bee-bot\u00a0(6)<\/span><\/strong><\/a><\/div>\n<\/td>\n<td style=\"width: 65.3314%;\">\n<div align=\"center\"><\/div>\n<div align=\"center\">\n<p>La\u00a0<strong>Bee-Bot<\/strong>\u00a0\u00e9s un petit robot educatiu amb forma d\u2019abella dissenyat per desenvolupar les capacitats elementals de la programaci\u00f3 i aplicacions de la rob\u00f2tica educativa com ara ubicaci\u00f3 espacial, motricitat, l\u00f2gica, estrat\u00e8gia, etc. en combinaci\u00f3 amb altres aspectes curriculars.<\/p>\n<\/div>\n<\/td>\n<td style=\"width: 18.7181%;\">\n<div class=\"Estilo1\" align=\"center\"><a href=\"https:\/\/serveiseducatius.xtec.cat\/vallesoccidental5\/wp-content\/uploads\/usu1111\/2017\/02\/beebots-1.png\"><img loading=\"lazy\" decoding=\"async\" class=\"alignnone wp-image-8637\" src=\"https:\/\/serveiseducatius.xtec.cat\/vallesoccidental5\/wp-content\/uploads\/usu1111\/2017\/02\/beebots-1.png\" alt=\"\" width=\"231\" height=\"191\" \/><\/a><\/div>\n<\/td>\n<td style=\"width: 6.04516%;\">\n<div class=\"Estilo1\" align=\"center\">Cicle Infantil<\/div>\n<div class=\"Estilo1\" align=\"center\">Cicle inicia<\/div>\n<div class=\"Estilo1\" align=\"center\">l<\/div>\n<\/td>\n<\/tr>\n<tr class=\"Estilo2\">\n<td style=\"width: 9.03132%;\">\n<div align=\"center\"><strong><span class=\"Estilo1\">Carcasses bee-bot (10)<\/span><\/strong><\/div>\n<\/td>\n<td style=\"width: 65.3314%;\">\n<div align=\"center\"><span class=\"Estilo1\">Carcassa blanca dibuixable que permet personalitzar la Bee-Bot<\/span><\/div>\n<\/td>\n<td style=\"width: 18.7181%;\"><\/td>\n<td style=\"width: 6.04516%;\">\n<div class=\"Estilo1\" align=\"center\">\n<div class=\"Estilo1\" align=\"center\">Cicle Infantil<\/div>\n<div class=\"Estilo1\" align=\"center\">Cicle inicial<\/div>\n<\/div>\n<\/td>\n<\/tr>\n<tr class=\"Estilo2\">\n<td style=\"width: 9.03132%;\" rowspan=\"4\">\n<div align=\"center\">\n<p><strong>Estores\u00a0<\/strong><strong>bee-bot<\/strong><\/p>\n<\/div>\n<\/td>\n<td class=\"Estilo2\" style=\"width: 65.3314%;\">\n<div align=\"center\"><span class=\"Estilo1\">Illa tresor (1)<\/span><\/div>\n<div align=\"center\"><\/div>\n<div align=\"center\">Estora per l\u2019abella BeeBot amb un mapa d\u2019una illa, per poder seguir pistes i trobar un tresor<\/div>\n<\/td>\n<td style=\"width: 18.7181%;\"><a href=\"https:\/\/serveiseducatius.xtec.cat\/vallesoccidental5\/wp-content\/uploads\/usu1111\/2017\/04\/IMG_2610-2.jpg\"><img loading=\"lazy\" decoding=\"async\" class=\"aligncenter wp-image-13925\" src=\"https:\/\/serveiseducatius.xtec.cat\/vallesoccidental5\/wp-content\/uploads\/usu1111\/2017\/04\/IMG_2610-2.jpg\" sizes=\"auto, (max-width: 180px) 100vw, 180px\" srcset=\"https:\/\/serveiseducatius.xtec.cat\/vallesoccidental5\/wp-content\/uploads\/usu1111\/2017\/04\/IMG_2610-2.jpg 626w, https:\/\/serveiseducatius.xtec.cat\/vallesoccidental5\/wp-content\/uploads\/usu1111\/2017\/04\/IMG_2610-2-293x300.jpg 293w\" alt=\"\" width=\"180\" height=\"184\" \/><\/a><\/td>\n<td style=\"width: 6.04516%;\">\n<div class=\"Estilo1\" align=\"center\">Cicle Infantil<\/div>\n<div class=\"Estilo1\" align=\"center\">Cicle inicial<\/div>\n<\/td>\n<\/tr>\n<tr>\n<td class=\"Estilo2\" style=\"width: 65.3314%;\" height=\"76\">\n<div align=\"center\"><span class=\"Estilo1\">Fruites (1)<\/span><\/div>\n<div align=\"center\"><\/div>\n<div align=\"center\">Estora per l\u2019abella BeeBot amb diferents peces de fruita<\/div>\n<\/td>\n<td style=\"width: 18.7181%;\">\u00a0<a href=\"https:\/\/serveiseducatius.xtec.cat\/vallesoccidental5\/wp-content\/uploads\/usu1111\/2017\/04\/IMG_2609-3.jpg\"><img loading=\"lazy\" decoding=\"async\" class=\"aligncenter wp-image-13923\" src=\"https:\/\/serveiseducatius.xtec.cat\/vallesoccidental5\/wp-content\/uploads\/usu1111\/2017\/04\/IMG_2609-3.jpg\" sizes=\"auto, (max-width: 180px) 100vw, 180px\" srcset=\"https:\/\/serveiseducatius.xtec.cat\/vallesoccidental5\/wp-content\/uploads\/usu1111\/2017\/04\/IMG_2609-3.jpg 1188w, https:\/\/serveiseducatius.xtec.cat\/vallesoccidental5\/wp-content\/uploads\/usu1111\/2017\/04\/IMG_2609-3-294x300.jpg 294w, https:\/\/serveiseducatius.xtec.cat\/vallesoccidental5\/wp-content\/uploads\/usu1111\/2017\/04\/IMG_2609-3-1005x1024.jpg 1005w, https:\/\/serveiseducatius.xtec.cat\/vallesoccidental5\/wp-content\/uploads\/usu1111\/2017\/04\/IMG_2609-3-768x783.jpg 768w\" alt=\"\" width=\"180\" height=\"183\" \/><\/a><\/td>\n<td style=\"width: 6.04516%;\">\n<div class=\"Estilo1\" align=\"center\">Cicle Infantil<\/div>\n<div class=\"Estilo1\" align=\"center\">Cicle inicial<\/div>\n<\/td>\n<\/tr>\n<tr>\n<td class=\"Estilo2\" style=\"width: 65.3314%;\" height=\"78\">\n<div align=\"center\"><span class=\"Estilo1\">Emocions (1)<\/span><\/div>\n<div align=\"center\"><\/div>\n<div align=\"center\">Estora per l\u2019abella BeeBot que permet treballar les emocions<\/div>\n<\/td>\n<td style=\"width: 18.7181%;\" height=\"65\">\n<p class=\"Estilo1\" align=\"left\"><a href=\"https:\/\/serveiseducatius.xtec.cat\/vallesoccidental5\/wp-content\/uploads\/usu1111\/2017\/04\/IMG_2609-2.jpg\"><img loading=\"lazy\" decoding=\"async\" class=\"wp-image-13922 aligncenter\" src=\"https:\/\/serveiseducatius.xtec.cat\/vallesoccidental5\/wp-content\/uploads\/usu1111\/2017\/04\/IMG_2609-2.jpg\" sizes=\"auto, (max-width: 182px) 100vw, 182px\" srcset=\"https:\/\/serveiseducatius.xtec.cat\/vallesoccidental5\/wp-content\/uploads\/usu1111\/2017\/04\/IMG_2609-2.jpg 1205w, https:\/\/serveiseducatius.xtec.cat\/vallesoccidental5\/wp-content\/uploads\/usu1111\/2017\/04\/IMG_2609-2-300x295.jpg 300w, https:\/\/serveiseducatius.xtec.cat\/vallesoccidental5\/wp-content\/uploads\/usu1111\/2017\/04\/IMG_2609-2-1024x1005.jpg 1024w, https:\/\/serveiseducatius.xtec.cat\/vallesoccidental5\/wp-content\/uploads\/usu1111\/2017\/04\/IMG_2609-2-768x754.jpg 768w\" alt=\"\" width=\"182\" height=\"179\" \/><\/a><\/p>\n<\/td>\n<td style=\"width: 6.04516%;\">\n<div class=\"Estilo1\" align=\"center\">Cicle Infantil<\/div>\n<div class=\"Estilo1\" align=\"center\">Cicle inicial<\/div>\n<\/td>\n<\/tr>\n<tr>\n<td class=\"Estilo2\" style=\"width: 65.3314%;\" height=\"74\">\n<div align=\"center\"><span class=\"Estilo1\">Les estacions (1)<\/span><\/div>\n<div align=\"center\"><\/div>\n<div align=\"center\">Estora per l\u2019abella BeeBot amb les diferents estacions de l\u2019any<\/div>\n<\/td>\n<td style=\"width: 18.7181%;\" height=\"65\">\n<p class=\"Estilo1\" align=\"center\"><a href=\"https:\/\/serveiseducatius.xtec.cat\/vallesoccidental5\/wp-content\/uploads\/usu1111\/2017\/04\/IMG_2610-1.jpg\"><img loading=\"lazy\" decoding=\"async\" class=\"wp-image-13924 aligncenter\" src=\"https:\/\/serveiseducatius.xtec.cat\/vallesoccidental5\/wp-content\/uploads\/usu1111\/2017\/04\/IMG_2610-1.jpg\" sizes=\"auto, (max-width: 186px) 100vw, 186px\" srcset=\"https:\/\/serveiseducatius.xtec.cat\/vallesoccidental5\/wp-content\/uploads\/usu1111\/2017\/04\/IMG_2610-1.jpg 640w, https:\/\/serveiseducatius.xtec.cat\/vallesoccidental5\/wp-content\/uploads\/usu1111\/2017\/04\/IMG_2610-1-300x239.jpg 300w\" alt=\"\" width=\"186\" height=\"148\" \/><\/a><\/p>\n<\/td>\n<td style=\"width: 6.04516%;\">\n<div class=\"Estilo1\" align=\"center\">Cicle Infantil<\/div>\n<div class=\"Estilo1\" align=\"center\">Cicle inicial<\/div>\n<\/td>\n<\/tr>\n<tr class=\"Estilo2\">\n<td style=\"width: 9.03132%;\">\n<div align=\"center\"><strong><span class=\"Estilo1\">Base c\u00e0rrega<\/span><\/strong><\/div>\n<div align=\"center\"><strong><span class=\"Estilo1\">Bee-bot (2)<\/span><\/strong><\/div>\n<\/td>\n<td style=\"width: 65.3314%;\">\n<div align=\"center\"><span class=\"Estilo1\">Base x carregar 6 Bee-bots<\/span><\/div>\n<\/td>\n<td style=\"width: 18.7181%;\"><\/td>\n<td style=\"width: 6.04516%;\"><\/td>\n<\/tr>\n<tr class=\"Estilo2\">\n<td style=\"width: 9.03132%;\"><a href=\"https:\/\/serveiseducatius.xtec.cat\/vallesoccidental5\/general\/makey-makey\/\"><strong>Makey Makey<\/strong><\/a><br \/>\n(4)<\/td>\n<td style=\"width: 65.3314%;\">Makey Makey \u00e9s un kit d\u2019invenci\u00f3 que ofereix la possibilitat de convertir gaireb\u00e9 qualsevol superf\u00edcie en un panell t\u00e0ctil (touchpads) per a jocs. Fant\u00e0stica primera pressa de contacte amb una placa de circuits impresos. Hardware obert.<\/td>\n<td style=\"width: 18.7181%;\"><a href=\"https:\/\/serveiseducatius.xtec.cat\/vallesoccidental5\/wp-content\/uploads\/usu1111\/2023\/12\/mackey-mackey.jpg\"><img loading=\"lazy\" decoding=\"async\" class=\"aligncenter size-medium wp-image-14535\" src=\"https:\/\/serveiseducatius.xtec.cat\/vallesoccidental5\/wp-content\/uploads\/usu1111\/2023\/12\/mackey-mackey-300x207.jpg\" sizes=\"auto, (max-width: 300px) 100vw, 300px\" srcset=\"https:\/\/serveiseducatius.xtec.cat\/vallesoccidental5\/wp-content\/uploads\/usu1111\/2023\/12\/mackey-mackey-300x207.jpg 300w, https:\/\/serveiseducatius.xtec.cat\/vallesoccidental5\/wp-content\/uploads\/usu1111\/2023\/12\/mackey-mackey.jpg 565w\" alt=\"\" width=\"300\" height=\"207\" \/><\/a><\/td>\n<td style=\"width: 6.04516%;\">Prim\u00e0ria<\/td>\n<\/tr>\n<tr class=\"Estilo2\">\n<td style=\"width: 9.03132%;\"><a href=\"https:\/\/serveiseducatius.xtec.cat\/vallesoccidental5\/general\/dashdot\/\"><strong>Dash &amp; Dot<\/strong><\/a><br \/>\n(3)<\/td>\n<td style=\"width: 65.3314%;\"><strong>Dash<\/strong>\u00a0\u00e9s un robot educatiu dissenyat per introduir conceptes de programaci\u00f3 i resoluci\u00f3 de problemes als nens i nenes d\u2019educaci\u00f3 infantil i prim\u00e0ria. \u00c9s un robot divertit que pot fer sorolls simp\u00e0tics i llums de colors. \u00c9s capa\u00e7 de detectar la veu i es despla\u00e7a ballant i cantant. Es pot controlar remotament i programar el moviment a trav\u00e9s de la seva aplicaci\u00f3. L\u2019app cont\u00e9 diversos jocs per a tauletes digitals, i ofereix una experi\u00e8ncia d\u2019aprenentatge divertida, fomentant la creativitat i el pensament l\u00f2gic.<\/td>\n<td style=\"width: 18.7181%;\"><a href=\"https:\/\/serveiseducatius.xtec.cat\/vallesoccidental5\/wp-content\/uploads\/usu1111\/2023\/12\/Dash.png\"><img loading=\"lazy\" decoding=\"async\" class=\"aligncenter size-medium wp-image-14532\" src=\"https:\/\/serveiseducatius.xtec.cat\/vallesoccidental5\/wp-content\/uploads\/usu1111\/2023\/12\/Dash-300x292.png\" sizes=\"auto, (max-width: 300px) 100vw, 300px\" srcset=\"https:\/\/serveiseducatius.xtec.cat\/vallesoccidental5\/wp-content\/uploads\/usu1111\/2023\/12\/Dash-300x292.png 300w, https:\/\/serveiseducatius.xtec.cat\/vallesoccidental5\/wp-content\/uploads\/usu1111\/2023\/12\/Dash.png 767w\" alt=\"\" width=\"300\" height=\"292\" \/><\/a><\/td>\n<td style=\"width: 6.04516%;\">\n<div class=\"Estilo1\" align=\"center\">Cicle Inicial<\/div>\n<div class=\"Estilo1\" align=\"center\">Cicle Mitj\u00e0<\/div>\n<div class=\"Estilo1\" align=\"center\">Cicle Superior<\/div>\n<div align=\"center\">1r i 2n ESO<\/div>\n<\/td>\n<\/tr>\n<tr class=\"Estilo2\">\n<td style=\"width: 9.03132%;\"><a href=\"https:\/\/serveiseducatius.xtec.cat\/vallesoccidental5\/portada\/ulleres-de-realitat-virtual\/\"><strong>Ulleres 3D<\/strong><\/a><br \/>\n(8)<\/td>\n<td style=\"width: 65.3314%;\">Les Ulleres de realitat virtual s\u00f3n un dispositiu de visualitzaci\u00f3 que permet reproduir imatges creades per ordinador sobre una pantalla molt propera als ulls o projectant la imatge directament sobre la retina dels ulls.<\/td>\n<td style=\"width: 18.7181%;\"><a href=\"https:\/\/serveiseducatius.xtec.cat\/vallesoccidental5\/portada\/ulleres-de-realitat-virtual\/\" target=\"_blank\" rel=\"noopener\"><img loading=\"lazy\" decoding=\"async\" class=\"alignnone wp-image-13913 aligncenter\" src=\"https:\/\/serveiseducatius.xtec.cat\/vallesoccidental5\/wp-content\/uploads\/usu1111\/2017\/02\/IMG_2614-rotated.jpg\" sizes=\"auto, (max-width: 105px) 100vw, 105px\" srcset=\"https:\/\/serveiseducatius.xtec.cat\/vallesoccidental5\/wp-content\/uploads\/usu1111\/2017\/02\/IMG_2614-rotated.jpg 1512w, https:\/\/serveiseducatius.xtec.cat\/vallesoccidental5\/wp-content\/uploads\/usu1111\/2017\/02\/IMG_2614-225x300.jpg 225w, https:\/\/serveiseducatius.xtec.cat\/vallesoccidental5\/wp-content\/uploads\/usu1111\/2017\/02\/IMG_2614-768x1024.jpg 768w, https:\/\/serveiseducatius.xtec.cat\/vallesoccidental5\/wp-content\/uploads\/usu1111\/2017\/02\/IMG_2614-1152x1536.jpg 1152w\" alt=\"\" width=\"105\" height=\"140\" \/><\/a><\/td>\n<td style=\"width: 6.04516%;\">\n<div class=\"Estilo1\" align=\"center\">Cicle Inicial<\/div>\n<div class=\"Estilo1\" align=\"center\">Cicle Mitj\u00e0<\/div>\n<div class=\"Estilo1\" align=\"center\">Cicle Superior<\/div>\n<div align=\"center\">ESO<\/div>\n<\/td>\n<\/tr>\n<\/tbody>\n<\/table>\n<p>&nbsp;<\/p>\n<p><a href=\"https:\/\/docs.google.com\/presentation\/d\/1anlMu22ESqH0ni1ZbT1G_AQngPA_CPVI6MHbUzv9Kcw\/edit?usp=sharing\" target=\"_blank\" rel=\"noopener\">Us adjuntem, tamb\u00e9, la presentaci\u00f3 per tal que pugueu veure els objectius i finalitats de cada un d&#8217;aquests materials.<\/a><\/p>\n<p><a href=\"https:\/\/docs.google.com\/presentation\/d\/1anlMu22ESqH0ni1ZbT1G_AQngPA_CPVI6MHbUzv9Kcw\/edit?usp=sharing\" target=\"_blank\" rel=\"noopener\"><img loading=\"lazy\" decoding=\"async\" class=\"size-full wp-image-13858 aligncenter\" src=\"https:\/\/serveiseducatius.xtec.cat\/vallesoccidental5\/wp-content\/uploads\/usu1111\/2017\/04\/PORTADA.jpg\" alt=\"\" width=\"639\" height=\"354\" srcset=\"https:\/\/serveiseducatius.xtec.cat\/vallesoccidental5\/wp-content\/uploads\/usu1111\/2017\/04\/PORTADA.jpg 639w, https:\/\/serveiseducatius.xtec.cat\/vallesoccidental5\/wp-content\/uploads\/usu1111\/2017\/04\/PORTADA-300x166.jpg 300w\" sizes=\"auto, (max-width: 639px) 100vw, 639px\" \/><\/a><\/p>\n<p>&nbsp;<\/p>\n<p>&nbsp;<\/p>\n","protected":false},"excerpt":{"rendered":"<p>Estem renovant el material de COMPET\u00c8NCIA DIGITAL per tal de poder-vos acompanyar amb eines m\u00e9s actualitzades * Si vols demanar aquest material, has d\u2019omplir el seg\u00fcent\u00a0FORMULARI DE DEMANDA.\u00a0Als pocs dies rebr\u00e0s la nostra resposta. * Recorda, un cop acabat el pr\u00e9stec, omplir aquest formulari * P\u00e0gines on trobar informacions v\u00e0ries sobre rob\u00f2tica i treball amb [&hellip;]<\/p>\n","protected":false},"author":1,"featured_media":0,"parent":0,"menu_order":0,"comment_status":"closed","ping_status":"closed","template":"","meta":{"_bbp_topic_count":0,"_bbp_reply_count":0,"_bbp_total_topic_count":0,"_bbp_total_reply_count":0,"_bbp_voice_count":0,"_bbp_anonymous_reply_count":0,"_bbp_topic_count_hidden":0,"_bbp_reply_count_hidden":0,"_bbp_forum_subforum_count":0,"site-sidebar-layout":"default","site-content-layout":"","ast-site-content-layout":"","site-content-style":"default","site-sidebar-style":"default","ast-global-header-display":"","ast-banner-title-visibility":"","ast-main-header-display":"","ast-hfb-above-header-display":"","ast-hfb-below-header-display":"","ast-hfb-mobile-header-display":"","site-post-title":"","ast-breadcrumbs-content":"","ast-featured-img":"","footer-sml-layout":"","theme-transparent-header-meta":"","adv-header-id-meta":"","stick-header-meta":"","header-above-stick-meta":"","header-main-stick-meta":"","header-below-stick-meta":"","astra-migrate-meta-layouts":"default","ast-page-background-enabled":"default","ast-page-background-meta":{"desktop":{"background-color":"var(--ast-global-color-4)","background-image":"","background-repeat":"repeat","background-position":"center center","background-size":"auto","background-attachment":"scroll","background-type":"","background-media":"","overlay-type":"","overlay-color":"","overlay-opacity":"","overlay-gradient":""},"tablet":{"background-color":"","background-image":"","background-repeat":"repeat","background-position":"center center","background-size":"auto","background-attachment":"scroll","background-type":"","background-media":"","overlay-type":"","overlay-color":"","overlay-opacity":"","overlay-gradient":""},"mobile":{"background-color":"","background-image":"","background-repeat":"repeat","background-position":"center center","background-size":"auto","background-attachment":"scroll","background-type":"","background-media":"","overlay-type":"","overlay-color":"","overlay-opacity":"","overlay-gradient":""}},"ast-content-background-meta":{"desktop":{"background-color":"var(--ast-global-color-5)","background-image":"","background-repeat":"repeat","background-position":"center center","background-size":"auto","background-attachment":"scroll","background-type":"","background-media":"","overlay-type":"","overlay-color":"","overlay-opacity":"","overlay-gradient":""},"tablet":{"background-color":"var(--ast-global-color-5)","background-image":"","background-repeat":"repeat","background-position":"center center","background-size":"auto","background-attachment":"scroll","background-type":"","background-media":"","overlay-type":"","overlay-color":"","overlay-opacity":"","overlay-gradient":""},"mobile":{"background-color":"var(--ast-global-color-5)","background-image":"","background-repeat":"repeat","background-position":"center center","background-size":"auto","background-attachment":"scroll","background-type":"","background-media":"","overlay-type":"","overlay-color":"","overlay-opacity":"","overlay-gradient":""}},"footnotes":""},"class_list":["post-14222","page","type-page","status-publish","hentry"],"post_mailing_queue_ids":[],"_links":{"self":[{"href":"https:\/\/serveiseducatius.xtec.cat\/vallesoccidental5\/wp-json\/wp\/v2\/pages\/14222","targetHints":{"allow":["GET"]}}],"collection":[{"href":"https:\/\/serveiseducatius.xtec.cat\/vallesoccidental5\/wp-json\/wp\/v2\/pages"}],"about":[{"href":"https:\/\/serveiseducatius.xtec.cat\/vallesoccidental5\/wp-json\/wp\/v2\/types\/page"}],"author":[{"embeddable":true,"href":"https:\/\/serveiseducatius.xtec.cat\/vallesoccidental5\/wp-json\/wp\/v2\/users\/1"}],"replies":[{"embeddable":true,"href":"https:\/\/serveiseducatius.xtec.cat\/vallesoccidental5\/wp-json\/wp\/v2\/comments?post=14222"}],"version-history":[{"count":6,"href":"https:\/\/serveiseducatius.xtec.cat\/vallesoccidental5\/wp-json\/wp\/v2\/pages\/14222\/revisions"}],"predecessor-version":[{"id":15460,"href":"https:\/\/serveiseducatius.xtec.cat\/vallesoccidental5\/wp-json\/wp\/v2\/pages\/14222\/revisions\/15460"}],"wp:attachment":[{"href":"https:\/\/serveiseducatius.xtec.cat\/vallesoccidental5\/wp-json\/wp\/v2\/media?parent=14222"}],"curies":[{"name":"wp","href":"https:\/\/api.w.org\/{rel}","templated":true}]}}