{"id":13491,"date":"2022-01-26T13:15:56","date_gmt":"2022-01-26T12:15:56","guid":{"rendered":"https:\/\/serveiseducatius.xtec.cat\/vallesoccidental5\/?page_id=13491"},"modified":"2024-06-05T13:41:34","modified_gmt":"2024-06-05T11:41:34","slug":"maleta-laboratori-de-matematiques-cesire","status":"publish","type":"page","link":"https:\/\/serveiseducatius.xtec.cat\/vallesoccidental5\/maletes-pedagogiques-en-prestec\/ambit-matematic\/maleta-laboratori-de-matematiques-cesire\/","title":{"rendered":"Laboratori de Matem\u00e0tiques &#8211; CESIRE"},"content":{"rendered":"<p style=\"text-align: left;\">\u00a0 \u00a0 \u00a0 <a href=\"https:\/\/serveiseducatius.xtec.cat\/vallesoccidental5\/wp-content\/uploads\/usu1111\/2022\/01\/laboratori.jpg\"><img loading=\"lazy\" decoding=\"async\" class=\"wp-image-13494 alignleft\" src=\"https:\/\/serveiseducatius.xtec.cat\/vallesoccidental5\/wp-content\/uploads\/usu1111\/2022\/01\/laboratori.jpg\" alt=\"\" width=\"352\" height=\"172\" srcset=\"https:\/\/serveiseducatius.xtec.cat\/vallesoccidental5\/wp-content\/uploads\/usu1111\/2022\/01\/laboratori.jpg 516w, https:\/\/serveiseducatius.xtec.cat\/vallesoccidental5\/wp-content\/uploads\/usu1111\/2022\/01\/laboratori-300x147.jpg 300w\" sizes=\"auto, (max-width: 352px) 100vw, 352px\" \/> <\/a><a href=\"https:\/\/serveiseducatius.xtec.cat\/vallesoccidental5\/wp-content\/uploads\/usu1111\/2022\/01\/cesire.jpg\">\u00a0 \u00a0 <img loading=\"lazy\" decoding=\"async\" class=\"alignnone wp-image-13501\" src=\"https:\/\/serveiseducatius.xtec.cat\/vallesoccidental5\/wp-content\/uploads\/usu1111\/2022\/01\/cesire.jpg\" alt=\"\" width=\"278\" height=\"180\" srcset=\"https:\/\/serveiseducatius.xtec.cat\/vallesoccidental5\/wp-content\/uploads\/usu1111\/2022\/01\/cesire.jpg 842w, https:\/\/serveiseducatius.xtec.cat\/vallesoccidental5\/wp-content\/uploads\/usu1111\/2022\/01\/cesire-300x195.jpg 300w, https:\/\/serveiseducatius.xtec.cat\/vallesoccidental5\/wp-content\/uploads\/usu1111\/2022\/01\/cesire-768x498.jpg 768w\" sizes=\"auto, (max-width: 278px) 100vw, 278px\" \/><\/a><a href=\"https:\/\/serveiseducatius.xtec.cat\/riberadebre\/wp-content\/uploads\/usu1126\/2021\/03\/laboratorimates.jpg\"><img loading=\"lazy\" decoding=\"async\" class=\"size-full wp-image-13415 alignleft\" src=\"https:\/\/serveiseducatius.xtec.cat\/riberadebre\/wp-content\/uploads\/usu1126\/2021\/03\/laboratorimates.jpg\" alt=\"\" width=\"284\" height=\"177\" \/><\/a><\/p>\n<p><span style=\"font-size: 12pt;\">Us oferim una caixa amb material matem\u00e0tic del <a href=\"http:\/\/xtec.gencat.cat\/ca\/innovacio\/cesire\/\" target=\"_blank\" rel=\"noopener\">CESIRE <\/a>amb materials fant\u00e0stics per treballar les matem\u00e0tiques de manera manipulativa, fet tan necessari per fer el primer contacte amb conceptes de vegades for\u00e7a abstractes. Des del metre c\u00fabic, els cercles de fraccions, la graella de nombres fins a l\u2019hod\u00f2metre i molts m\u00e9s.<\/span><\/p>\n<p>&nbsp;<\/p>\n<p><span style=\"font-size: 12pt;\">Aquesta maleta de pr\u00e9stec t\u00e9 un component afegit, si ho desitgeu, s&#8217;ofereix la formaci\u00f3 d\u2019acompanyament durant tot el curs per part del <a href=\"https:\/\/serveiseducatius.xtec.cat\/riberadebre\/categoria\/cesire-2\/ambit-matematic\/\" target=\"_blank\" rel=\"noopener noreferrer\">CESIRE \u00c0mbit Matem\u00e0tic<\/a>.\u00a0D\u2019aquesta formaci\u00f3 s\u2019han derivat actuacions organitzatives internes a tots els centres participants i propostes pedag\u00f2giques amb l\u2019alumnat molt interessants.<\/span><\/p>\n<p><span style=\"font-size: 12pt;\">Al <strong>SITES<\/strong> del CESIRE podreu veure <a href=\"https:\/\/sites.google.com\/xtec.cat\/cesire-matematiques-campanyes\/laboratori-de-matem%C3%A0tiques\/v%C3%ADdeos-dels-laboratoris-de-matem%C3%A0tiques?authuser=0\"><span style=\"color: #ff0000;\"><strong>v\u00eddeos <\/strong><\/span><\/a>explicatius i <a href=\"https:\/\/sites.google.com\/xtec.cat\/cesire-matematiques-campanyes\/laboratori-de-matem%C3%A0tiques?authuser=0\"><span style=\"color: #ff0000;\"><strong>propostes pedag\u00f2giques<\/strong><\/span><\/a> de com usar aquest material:<\/span><\/p>\n<p style=\"text-align: center;\"><a href=\"https:\/\/serveiseducatius.xtec.cat\/vallesoccidental5\/wp-content\/uploads\/usu1111\/2022\/01\/material.jpg\"><img loading=\"lazy\" decoding=\"async\" class=\"alignnone wp-image-13496\" src=\"https:\/\/serveiseducatius.xtec.cat\/vallesoccidental5\/wp-content\/uploads\/usu1111\/2022\/01\/material.jpg\" alt=\"\" width=\"391\" height=\"338\" srcset=\"https:\/\/serveiseducatius.xtec.cat\/vallesoccidental5\/wp-content\/uploads\/usu1111\/2022\/01\/material.jpg 483w, https:\/\/serveiseducatius.xtec.cat\/vallesoccidental5\/wp-content\/uploads\/usu1111\/2022\/01\/material-300x260.jpg 300w\" sizes=\"auto, (max-width: 391px) 100vw, 391px\" \/><\/a><\/p>\n<p style=\"text-align: justify;\"><span style=\"font-size: 12pt;\">**El curs <strong>20-21 l&#8217;escola Les Fontetes<\/strong> va gaudir de la maleta de matem\u00e0tiques, va realitzar un treball profund i transversal al voltant d&#8217;aquest \u00e0mbit.<\/span><\/p>\n<p style=\"text-align: justify;\"><span style=\"font-size: 12pt;\">Si esteu interessats ens utilitzar-la contacteu amb nosaltres mitjan\u00e7ant el <a href=\"https:\/\/docs.google.com\/forms\/d\/e\/1FAIpQLScYdczw2d_OJmR7ZkfLnl8jfB0klVbuVlRJnKqt5maOXlqStg\/viewform\" target=\"_blank\" rel=\"noopener\"><span style=\"color: #ff0000;\"><strong>formulari de pr\u00e9stec<\/strong>.<\/span><\/a> Un cop retornada la maleta, recordeu que haureu d&#8217;omplir aquest altre <a href=\"https:\/\/docs.google.com\/forms\/d\/16CvAC3UtIDm_avr4sN94CXKn11HC6GJXE-YwcCYk2CQ\/edit\" target=\"_blank\" rel=\"noopener\"><span style=\"color: #ff0000;\"><strong>formulari <\/strong><\/span><\/a>de valoraci\u00f3 del material.\u00a0<\/span><\/p>\n<p><span style=\"color: #993366; font-size: 14pt;\"><em><strong>PROPOSTES DID\u00c0CTIQUES:<\/strong><\/em><\/span><\/p>\n<table style=\"border-collapse: collapse; width: 100%;\">\n<tbody>\n<tr>\n<td style=\"width: 33.3333%;\"><a href=\"https:\/\/sites.google.com\/xtec.cat\/cesire-matematiques-campanyes\/laboratori-de-matem%C3%A0tiques?authuser=0\" target=\"_blank\" rel=\"noopener\"><img loading=\"lazy\" decoding=\"async\" class=\"size-full wp-image-13732 aligncenter\" src=\"https:\/\/serveiseducatius.xtec.cat\/vallesoccidental5\/wp-content\/uploads\/usu1111\/2022\/05\/laboratori-1.jpg\" alt=\"\" width=\"293\" height=\"112\" \/><\/a><\/td>\n<td style=\"width: 33.3333%; text-align: center;\"><span style=\"font-size: 24pt;\"><strong><a href=\"https:\/\/www.youtube.com\/watch?v=wM_eeDE9OgQ&amp;t=2s\" target=\"_blank\" rel=\"noopener\">Un tast de dos materials<\/a>\u00a0<\/strong><\/span><\/td>\n<td style=\"width: 33.3333%;\"><a href=\"https:\/\/sites.google.com\/xtec.cat\/cesire-matematiques-campanyes\/investiguem?authuser=0\" target=\"_blank\" rel=\"noopener\"><img loading=\"lazy\" decoding=\"async\" class=\"size-full wp-image-13734 aligncenter\" src=\"https:\/\/serveiseducatius.xtec.cat\/vallesoccidental5\/wp-content\/uploads\/usu1111\/2022\/05\/investiguem.jpg\" alt=\"\" width=\"270\" height=\"66\" \/><\/a><\/td>\n<\/tr>\n<tr>\n<td style=\"width: 33.3333%;\"><a href=\"https:\/\/serveiseducatius.xtec.cat\/vallesoccidental5\/wp-content\/uploads\/usu1111\/2022\/05\/Geo.jpg\"><img loading=\"lazy\" decoding=\"async\" class=\"size-full wp-image-13735 aligncenter\" src=\"https:\/\/serveiseducatius.xtec.cat\/vallesoccidental5\/wp-content\/uploads\/usu1111\/2022\/05\/Geo.jpg\" alt=\"\" width=\"265\" height=\"68\" \/><\/a><\/td>\n<td style=\"width: 33.3333%;\"><a href=\"https:\/\/serveiseducatius.xtec.cat\/vallesoccidental5\/wp-content\/uploads\/usu1111\/2022\/05\/estadistica.jpg\"><img loading=\"lazy\" decoding=\"async\" class=\"size-full wp-image-13736 aligncenter\" src=\"https:\/\/serveiseducatius.xtec.cat\/vallesoccidental5\/wp-content\/uploads\/usu1111\/2022\/05\/estadistica.jpg\" alt=\"\" width=\"258\" height=\"67\" \/><\/a><\/td>\n<td style=\"width: 33.3333%;\"><a href=\"https:\/\/sites.google.com\/xtec.cat\/cesire-matematiques-campanyes\/dimensi%C3%B3-web?authuser=0\" target=\"_blank\" rel=\"noopener\"><img loading=\"lazy\" decoding=\"async\" class=\"size-full wp-image-13733 aligncenter\" src=\"https:\/\/serveiseducatius.xtec.cat\/vallesoccidental5\/wp-content\/uploads\/usu1111\/2022\/05\/dimensio.jpg\" alt=\"\" width=\"307\" height=\"64\" srcset=\"https:\/\/serveiseducatius.xtec.cat\/vallesoccidental5\/wp-content\/uploads\/usu1111\/2022\/05\/dimensio.jpg 307w, https:\/\/serveiseducatius.xtec.cat\/vallesoccidental5\/wp-content\/uploads\/usu1111\/2022\/05\/dimensio-300x64.jpg 300w\" sizes=\"auto, (max-width: 307px) 100vw, 307px\" \/><\/a><\/td>\n<\/tr>\n<\/tbody>\n<\/table>\n","protected":false},"excerpt":{"rendered":"<p>\u00a0 \u00a0 \u00a0 \u00a0 \u00a0 Us oferim una caixa amb material matem\u00e0tic del CESIRE amb materials fant\u00e0stics per treballar les matem\u00e0tiques de manera manipulativa, fet tan necessari per fer el primer contacte amb conceptes de vegades for\u00e7a abstractes. Des del metre c\u00fabic, els cercles de fraccions, la graella de nombres fins a l\u2019hod\u00f2metre i molts [&hellip;]<\/p>\n","protected":false},"author":1,"featured_media":0,"parent":14461,"menu_order":0,"comment_status":"closed","ping_status":"closed","template":"page-templates\/side-menu.php","meta":{"_bbp_topic_count":0,"_bbp_reply_count":0,"_bbp_total_topic_count":0,"_bbp_total_reply_count":0,"_bbp_voice_count":0,"_bbp_anonymous_reply_count":0,"_bbp_topic_count_hidden":0,"_bbp_reply_count_hidden":0,"_bbp_forum_subforum_count":0,"site-sidebar-layout":"default","site-content-layout":"","ast-site-content-layout":"","site-content-style":"default","site-sidebar-style":"default","ast-global-header-display":"","ast-banner-title-visibility":"","ast-main-header-display":"","ast-hfb-above-header-display":"","ast-hfb-below-header-display":"","ast-hfb-mobile-header-display":"","site-post-title":"","ast-breadcrumbs-content":"","ast-featured-img":"","footer-sml-layout":"","theme-transparent-header-meta":"","adv-header-id-meta":"","stick-header-meta":"","header-above-stick-meta":"","header-main-stick-meta":"","header-below-stick-meta":"","astra-migrate-meta-layouts":"default","ast-page-background-enabled":"default","ast-page-background-meta":{"desktop":{"background-color":"var(--ast-global-color-4)","background-image":"","background-repeat":"repeat","background-position":"center center","background-size":"auto","background-attachment":"scroll","background-type":"","background-media":"","overlay-type":"","overlay-color":"","overlay-opacity":"","overlay-gradient":""},"tablet":{"background-color":"","background-image":"","background-repeat":"repeat","background-position":"center center","background-size":"auto","background-attachment":"scroll","background-type":"","background-media":"","overlay-type":"","overlay-color":"","overlay-opacity":"","overlay-gradient":""},"mobile":{"background-color":"","background-image":"","background-repeat":"repeat","background-position":"center center","background-size":"auto","background-attachment":"scroll","background-type":"","background-media":"","overlay-type":"","overlay-color":"","overlay-opacity":"","overlay-gradient":""}},"ast-content-background-meta":{"desktop":{"background-color":"var(--ast-global-color-5)","background-image":"","background-repeat":"repeat","background-position":"center center","background-size":"auto","background-attachment":"scroll","background-type":"","background-media":"","overlay-type":"","overlay-color":"","overlay-opacity":"","overlay-gradient":""},"tablet":{"background-color":"var(--ast-global-color-5)","background-image":"","background-repeat":"repeat","background-position":"center center","background-size":"auto","background-attachment":"scroll","background-type":"","background-media":"","overlay-type":"","overlay-color":"","overlay-opacity":"","overlay-gradient":""},"mobile":{"background-color":"var(--ast-global-color-5)","background-image":"","background-repeat":"repeat","background-position":"center center","background-size":"auto","background-attachment":"scroll","background-type":"","background-media":"","overlay-type":"","overlay-color":"","overlay-opacity":"","overlay-gradient":""}},"footnotes":""},"class_list":["post-13491","page","type-page","status-publish","hentry"],"post_mailing_queue_ids":[],"_links":{"self":[{"href":"https:\/\/serveiseducatius.xtec.cat\/vallesoccidental5\/wp-json\/wp\/v2\/pages\/13491","targetHints":{"allow":["GET"]}}],"collection":[{"href":"https:\/\/serveiseducatius.xtec.cat\/vallesoccidental5\/wp-json\/wp\/v2\/pages"}],"about":[{"href":"https:\/\/serveiseducatius.xtec.cat\/vallesoccidental5\/wp-json\/wp\/v2\/types\/page"}],"author":[{"embeddable":true,"href":"https:\/\/serveiseducatius.xtec.cat\/vallesoccidental5\/wp-json\/wp\/v2\/users\/1"}],"replies":[{"embeddable":true,"href":"https:\/\/serveiseducatius.xtec.cat\/vallesoccidental5\/wp-json\/wp\/v2\/comments?post=13491"}],"version-history":[{"count":6,"href":"https:\/\/serveiseducatius.xtec.cat\/vallesoccidental5\/wp-json\/wp\/v2\/pages\/13491\/revisions"}],"predecessor-version":[{"id":15903,"href":"https:\/\/serveiseducatius.xtec.cat\/vallesoccidental5\/wp-json\/wp\/v2\/pages\/13491\/revisions\/15903"}],"up":[{"embeddable":true,"href":"https:\/\/serveiseducatius.xtec.cat\/vallesoccidental5\/wp-json\/wp\/v2\/pages\/14461"}],"wp:attachment":[{"href":"https:\/\/serveiseducatius.xtec.cat\/vallesoccidental5\/wp-json\/wp\/v2\/media?parent=13491"}],"curies":[{"name":"wp","href":"https:\/\/api.w.org\/{rel}","templated":true}]}}