{"id":11359,"date":"2019-03-21T11:12:24","date_gmt":"2019-03-21T10:12:24","guid":{"rendered":"http:\/\/serveiseducatius.xtec.cat\/vallesoccidental5\/?page_id=11359"},"modified":"2024-06-05T15:02:28","modified_gmt":"2024-06-05T13:02:28","slug":"competencies-socials-i-comunicacio","status":"publish","type":"page","link":"https:\/\/serveiseducatius.xtec.cat\/vallesoccidental5\/maletes-pedagogiques-en-prestec\/habilitats-socials\/competencies-socials-i-comunicacio\/","title":{"rendered":"Compet\u00e8ncies Socials i Comunicaci\u00f3"},"content":{"rendered":"<p><b>COMPET\u00c8NCIES COMUNICATIVES I SOCIALS<\/b><\/p>\n<p class=\"Estilo1\" align=\"left\">Per demanar aquest material, has d&#8217;omplir el seg\u00fcent <a href=\"https:\/\/docs.google.com\/forms\/d\/10TRILwHCARd_pvLAVmSZG1IxjIYzOCHazD-7Vy-WDyk\/edit\" target=\"_blank\" rel=\"noopener\"><strong><span style=\"color: #ff0000;\">FORMULARI DE DEMANDA<\/span><\/strong><\/a>. Als pocs\u00a0dies rebr\u00e0s la resposta.<\/p>\n<p>I recorda&#8230; un cop acabat el pr\u00e9stec, has d&#8217;omplir <a href=\"https:\/\/docs.google.com\/forms\/d\/e\/1FAIpQLSc3ToKjxk8qVrESWVQ00sxvsmiz85W843Yo3SZ7uas0ek0VUg\/viewform\" target=\"_blank\" rel=\"noopener\"><span style=\"color: #ff0000;\"><strong>aquest formular<\/strong>i.<\/span><\/a> Estem esperant les teves experi\u00e8ncies per fer un recull i posar-les a la web.<\/p>\n<p>&nbsp;<\/p>\n<h2 style=\"text-align: center;\"><b>JOC \u201cUNO ENTRE UN MILL\u00d3N\u201d<\/b><\/h2>\n<table>\n<tbody>\n<tr>\n<td><a href=\"https:\/\/serveiseducatius.xtec.cat\/vallesoccidental5\/wp-content\/uploads\/usu1111\/2019\/03\/Uno-entre-un-millon-2.jpg\"><img loading=\"lazy\" decoding=\"async\" class=\" wp-image-11365 alignleft\" src=\"https:\/\/serveiseducatius.xtec.cat\/vallesoccidental5\/wp-content\/uploads\/usu1111\/2019\/03\/Uno-entre-un-millon-2.jpg\" alt=\"\" width=\"182\" height=\"258\" \/><\/a><\/p>\n<p><span style=\"font-weight: 400;\">Uno entre un mill\u00f3n \u00e9s un entretingut joc de cartes dissenyat per ajudar a millorar l&#8217;autoestima de nens i preadolescents. Basat en una din\u00e0mica de joc similar al popular joc de cartes UNO, resulta divertit, senzill i f\u00e0cil d&#8217;aprendre.<a href=\"https:\/\/serveiseducatius.xtec.cat\/vallesoccidental5\/wp-content\/uploads\/usu1111\/2019\/03\/Uno-entre-un-millon-1.jpg\"><img loading=\"lazy\" decoding=\"async\" class=\" wp-image-11364 alignright\" src=\"https:\/\/serveiseducatius.xtec.cat\/vallesoccidental5\/wp-content\/uploads\/usu1111\/2019\/03\/Uno-entre-un-millon-1.jpg\" alt=\"\" width=\"326\" height=\"205\" srcset=\"https:\/\/serveiseducatius.xtec.cat\/vallesoccidental5\/wp-content\/uploads\/usu1111\/2019\/03\/Uno-entre-un-millon-1.jpg 563w, https:\/\/serveiseducatius.xtec.cat\/vallesoccidental5\/wp-content\/uploads\/usu1111\/2019\/03\/Uno-entre-un-millon-1-300x189.jpg 300w\" sizes=\"auto, (max-width: 326px) 100vw, 326px\" \/><\/a><\/span><\/p>\n<p><span style=\"font-weight: 400;\">L&#8217;objectiu final del joc \u00e9s que a partir de preguntes inserides dins del propi joc descobreixin les seves qualitats, virtuts i aquelles coses que els fan \u00fanics, un entre un mili\u00f3. Les preguntes busquen contribuir al fet que aprenguin h\u00e0bits cognitius i conductuals que els ajudin a sentir-se millor amb ells mateixos i a desenvolupar nivells d&#8217;autoconfian\u00e7a m\u00e9s elevats.<\/span><\/p>\n<p><span style=\"font-weight: 400;\">L&#8217;agilitat del joc, la inclusi\u00f3 de diferents activitats i sorpreses dins d&#8217;aquest i el component de refor\u00e7 de l&#8217;autoestima que implica fa que resulti molt atractiu per als infants i preadolescents.<\/span><\/p>\n<h3><\/h3>\n<\/td>\n<\/tr>\n<tr>\n<td>\n<h3><a href=\"http:\/\/www.web.teaediciones.com\/Ejemplos\/UNO_entre_un_millon.pdf\"><span style=\"font-weight: 400;\">FITXA T\u00c8CNICA<\/span><\/a><\/h3>\n<p><span style=\"font-weight: 400;\">Nom: Uno entre un Millon. Joc de cartes per millorar l\u2019autoestima.<\/span><\/p>\n<p><span style=\"font-weight: 400;\">Idioma: Llengua castellana<\/span><\/p>\n<p><span style=\"font-weight: 400;\">Edat: 6 a 12 anys<\/span><\/p>\n<p><span style=\"font-weight: 400;\">Duraci\u00f3: Variable<\/span><\/p>\n<p><span style=\"font-weight: 400;\">Finalitat: Millora de l\u2019autoestima<\/span><\/p>\n<p><span style=\"font-weight: 400;\">Components del joc: <\/span><a href=\"http:\/\/www.web.teaediciones.com\/Ejemplos\/EXTRACTO_1enmillon_Instrucciones.pdf\"><span style=\"font-weight: 400;\">manual d\u2019instruccions <\/span><\/a><span style=\"font-weight: 400;\">y un joc de cartes: Promotores de autoestima (18), \u00bfQu\u00e9 har\u00edas si\u2026? (18), Cuando te sientes bien contigo mismo (18), Me respeto (18), Toma una carta (8), Cambio de sentido (8), Salto (8), Comod\u00edn (8).<\/span><\/td>\n<\/tr>\n<\/tbody>\n<\/table>\n<p>&nbsp;<\/p>\n<h2 style=\"text-align: center;\"><b>JOC \u201cDE LAS HABILIDADES SOCIALES\u201d<\/b><\/h2>\n<table>\n<tbody>\n<tr>\n<td><span style=\"font-weight: 400;\"><a href=\"https:\/\/serveiseducatius.xtec.cat\/vallesoccidental5\/wp-content\/uploads\/usu1111\/2019\/03\/El-Juego-de-las-Habilidades-sociales-2.jpg\"><img loading=\"lazy\" decoding=\"async\" class=\" wp-image-11361 alignleft\" src=\"https:\/\/serveiseducatius.xtec.cat\/vallesoccidental5\/wp-content\/uploads\/usu1111\/2019\/03\/El-Juego-de-las-Habilidades-sociales-2.jpg\" alt=\"\" width=\"174\" height=\"228\" \/><\/a>Aquest atractiu joc de taula utilitza un senzill i familiar format basat en targetes en qu\u00e8 es plantegen situacions socials concretes a les que els nens s&#8217;enfronten di\u00e0riament i es reflecteixen les actituds, pensaments o comportaments que poden donar-se davant d&#8217;elles.<a href=\"https:\/\/serveiseducatius.xtec.cat\/vallesoccidental5\/wp-content\/uploads\/usu1111\/2019\/03\/EL-juego-de-las-habilidades-sociales-1.jpg\"><img loading=\"lazy\" decoding=\"async\" class=\" wp-image-11360 alignright\" src=\"https:\/\/serveiseducatius.xtec.cat\/vallesoccidental5\/wp-content\/uploads\/usu1111\/2019\/03\/EL-juego-de-las-habilidades-sociales-1.jpg\" alt=\"\" width=\"395\" height=\"212\" srcset=\"https:\/\/serveiseducatius.xtec.cat\/vallesoccidental5\/wp-content\/uploads\/usu1111\/2019\/03\/EL-juego-de-las-habilidades-sociales-1.jpg 603w, https:\/\/serveiseducatius.xtec.cat\/vallesoccidental5\/wp-content\/uploads\/usu1111\/2019\/03\/EL-juego-de-las-habilidades-sociales-1-300x161.jpg 300w\" sizes=\"auto, (max-width: 395px) 100vw, 395px\" \/><\/a><\/span><\/p>\n<p><span style=\"font-weight: 400;\">Els continguts que s&#8217;aborden en les targetes estan organitzats en quatre grans \u00e0rees (Fer amics, Respondre positivament als altres, cooperar i Expressar les necessitats), que al seu torn incideixen en 20 comportaments espec\u00edfics (p. Ex., Fer compliments, iniciar converses, oferir ajuda &#8230;).<\/span><\/p>\n<p><span style=\"font-weight: 400;\">Utilitzant els principis del modelatge, el refor\u00e7, la retroalimentaci\u00f3 i la pr\u00e0ctica, el joc ensenya als nens sis habilitats cognitives espec\u00edfiques (autorefor\u00e7, Reconeixement causal, Afrontament de l&#8217;ansietat, Afrontament dels errors, Expectatives d&#8217;efic\u00e0cia i Expectatives de resultats) que els permetran millorar les seves habilitats socials<\/span><\/p>\n<p><span style=\"font-weight: 400;\">El manual inclou 3 q\u00fcestionaris que poden ser utilitzats per identificar els d\u00e8ficits espec\u00edfics del nen i poder aix\u00ed seleccionar les targetes m\u00e9s adequades per abordar aquests problemes.<\/span><\/p>\n<p>&nbsp;<\/td>\n<\/tr>\n<tr>\n<td>\n<h3><span style=\"font-weight: 400;\">FITXA T\u00c8CNICA<\/span><\/h3>\n<p><span style=\"font-weight: 400;\">Nom: El juego de las habilidades sociales.<\/span><\/p>\n<p><span style=\"font-weight: 400;\">Idioma: Llengua castellana<\/span><\/p>\n<p><span style=\"font-weight: 400;\">Edat: 6 anys &#8211; endavant<\/span><\/p>\n<p><span style=\"font-weight: 400;\">Duraci\u00f3: Variable<\/span><\/p>\n<p><span style=\"font-weight: 400;\">Finalitat: Millora de les habilitats socials<\/span><\/p>\n<p><span style=\"font-weight: 400;\">Components del joc: <\/span><a href=\"http:\/\/www.web.teaediciones.com\/Ejemplos\/Juego_HABILISOCIAL_Manual1a12.pdf\"><span style=\"font-weight: 400;\">manual d\u2019instruccions<\/span><\/a><span style=\"font-weight: 400;\">, Taulell de joc, 6 jocs de targetes, 6 peons, 1 dau i 200 fitxes grogues.<\/span><\/td>\n<\/tr>\n<\/tbody>\n<\/table>\n<p>&nbsp;<\/p>\n<h2 style=\"text-align: center;\"><b>JOC \u201cDE LAS PISTAS\u201d<\/b><\/h2>\n<table>\n<tbody>\n<tr>\n<td><span style=\"font-weight: 400;\"><a href=\"https:\/\/serveiseducatius.xtec.cat\/vallesoccidental5\/wp-content\/uploads\/usu1111\/2019\/03\/El-juego-de-las-pistas-2.jpg\"><img loading=\"lazy\" decoding=\"async\" class=\" wp-image-11362 alignleft\" src=\"https:\/\/serveiseducatius.xtec.cat\/vallesoccidental5\/wp-content\/uploads\/usu1111\/2019\/03\/El-juego-de-las-pistas-2.jpg\" alt=\"\" width=\"191\" height=\"251\" \/><\/a><\/span><\/p>\n<p><span style=\"font-weight: 400;\">El Joc de les Pistes t\u00e9 l&#8217;objectiu de proporcionar als terapeutes, els mestres i els pares un conjunt de recursos que poden utilitzar per ajudar els nens i adolescents amb trastorns de l&#8217;espectre <a href=\"https:\/\/serveiseducatius.xtec.cat\/vallesoccidental5\/wp-content\/uploads\/usu1111\/2019\/03\/EL-juego-de-las-pistas.jpg\"><img loading=\"lazy\" decoding=\"async\" class=\" wp-image-11363 alignright\" src=\"https:\/\/serveiseducatius.xtec.cat\/vallesoccidental5\/wp-content\/uploads\/usu1111\/2019\/03\/EL-juego-de-las-pistas.jpg\" alt=\"\" width=\"234\" height=\"285\" srcset=\"https:\/\/serveiseducatius.xtec.cat\/vallesoccidental5\/wp-content\/uploads\/usu1111\/2019\/03\/EL-juego-de-las-pistas.jpg 518w, https:\/\/serveiseducatius.xtec.cat\/vallesoccidental5\/wp-content\/uploads\/usu1111\/2019\/03\/EL-juego-de-las-pistas-246x300.jpg 246w\" sizes=\"auto, (max-width: 234px) 100vw, 234px\" \/><\/a>autista o altres problemes socioemocionals a prestar atenci\u00f3 i a comprendre les expressions facials , el llenguatge corporal i altres aspectes de la comunicaci\u00f3 social. Les targetes i les activitats del joc que es proposen poden ajudar els nens a desenvolupar l&#8217;h\u00e0bit de percebre el context social i d&#8217;obtenir conclusions a partir de les observacions, \u00e9s a dir, de detectar les expressions facials i el llenguatge corporal per tal de imaginar els pensaments i sentiments associats als mateixos.<\/span><\/p>\n<p><span style=\"font-weight: 400;\">El Joc de les Pistes \u00e9s flexible, efica\u00e7 i adaptable, de manera que pot utilitzar-se per treballar amb nens i amb adolescents de diverses edats que tinguin dificultats socioemocionals tant lleugeres com de m\u00e9s gravetat. Les activitats no s\u00f3n r\u00edgides, sin\u00f3 que els terapeutes, els professors i els mateixos nens podran descobrir altres aplicacions a partir de les targetes que s&#8217;inclouen en el joc.<\/span><\/td>\n<\/tr>\n<tr>\n<td>\n<h3><a href=\"http:\/\/www.web.teaediciones.com\/Ejemplos\/Presentacion_El_Juego_de_las_Pistas.pdf\"><span style=\"font-weight: 400;\">FITXA T\u00c8CNICA<\/span><\/a><\/h3>\n<p><span style=\"font-weight: 400;\">Nom: El juego de las pistas<\/span><\/p>\n<p><span style=\"font-weight: 400;\">Idioma: Llengua castellana<\/span><\/p>\n<p><span style=\"font-weight: 400;\">Edat: 6 &#8211; 16 anys<\/span><\/p>\n<p><span style=\"font-weight: 400;\">Duraci\u00f3: Variable<\/span><\/p>\n<p><span style=\"font-weight: 400;\">Finalitat: Millora de la comunicaci\u00f3 social<\/span><\/p>\n<p><span style=\"font-weight: 400;\">Components del joc: <\/span><a href=\"http:\/\/www.web.teaediciones.com\/Ejemplos\/Juego_HABILISOCIAL_Manual1a12.pdf\"><span style=\"font-weight: 400;\">manual d\u2019instruccions<\/span><\/a><span style=\"font-weight: 400;\">, 5 jocs de targetes i cartes: Pistes (15), Cares y sentiments (40), llenguatge corporal (48), \u201cLas 5 preguntas\u201d (10) i \u201cEn otras palabras\u201d (112); una ruleta i 100 fitxes grogues.<\/span><\/td>\n<\/tr>\n<\/tbody>\n<\/table>\n<p>&nbsp;<\/p>\n","protected":false},"excerpt":{"rendered":"<p>COMPET\u00c8NCIES COMUNICATIVES I SOCIALS Per demanar aquest material, has d&#8217;omplir el seg\u00fcent FORMULARI DE DEMANDA. Als pocs\u00a0dies rebr\u00e0s la resposta. I recorda&#8230; un cop acabat el pr\u00e9stec, has d&#8217;omplir aquest formulari. Estem esperant les teves experi\u00e8ncies per fer un recull i posar-les a la web. &nbsp; JOC \u201cUNO ENTRE UN MILL\u00d3N\u201d Uno entre un mill\u00f3n [&hellip;]<\/p>\n","protected":false},"author":1,"featured_media":0,"parent":12978,"menu_order":0,"comment_status":"closed","ping_status":"closed","template":"page-templates\/side-menu.php","meta":{"_bbp_topic_count":0,"_bbp_reply_count":0,"_bbp_total_topic_count":0,"_bbp_total_reply_count":0,"_bbp_voice_count":0,"_bbp_anonymous_reply_count":0,"_bbp_topic_count_hidden":0,"_bbp_reply_count_hidden":0,"_bbp_forum_subforum_count":0,"site-sidebar-layout":"default","site-content-layout":"","ast-site-content-layout":"","site-content-style":"default","site-sidebar-style":"default","ast-global-header-display":"","ast-banner-title-visibility":"","ast-main-header-display":"","ast-hfb-above-header-display":"","ast-hfb-below-header-display":"","ast-hfb-mobile-header-display":"","site-post-title":"","ast-breadcrumbs-content":"","ast-featured-img":"","footer-sml-layout":"","theme-transparent-header-meta":"","adv-header-id-meta":"","stick-header-meta":"","header-above-stick-meta":"","header-main-stick-meta":"","header-below-stick-meta":"","astra-migrate-meta-layouts":"default","ast-page-background-enabled":"default","ast-page-background-meta":{"desktop":{"background-color":"var(--ast-global-color-4)","background-image":"","background-repeat":"repeat","background-position":"center center","background-size":"auto","background-attachment":"scroll","background-type":"","background-media":"","overlay-type":"","overlay-color":"","overlay-opacity":"","overlay-gradient":""},"tablet":{"background-color":"","background-image":"","background-repeat":"repeat","background-position":"center center","background-size":"auto","background-attachment":"scroll","background-type":"","background-media":"","overlay-type":"","overlay-color":"","overlay-opacity":"","overlay-gradient":""},"mobile":{"background-color":"","background-image":"","background-repeat":"repeat","background-position":"center center","background-size":"auto","background-attachment":"scroll","background-type":"","background-media":"","overlay-type":"","overlay-color":"","overlay-opacity":"","overlay-gradient":""}},"ast-content-background-meta":{"desktop":{"background-color":"var(--ast-global-color-5)","background-image":"","background-repeat":"repeat","background-position":"center center","background-size":"auto","background-attachment":"scroll","background-type":"","background-media":"","overlay-type":"","overlay-color":"","overlay-opacity":"","overlay-gradient":""},"tablet":{"background-color":"var(--ast-global-color-5)","background-image":"","background-repeat":"repeat","background-position":"center center","background-size":"auto","background-attachment":"scroll","background-type":"","background-media":"","overlay-type":"","overlay-color":"","overlay-opacity":"","overlay-gradient":""},"mobile":{"background-color":"var(--ast-global-color-5)","background-image":"","background-repeat":"repeat","background-position":"center center","background-size":"auto","background-attachment":"scroll","background-type":"","background-media":"","overlay-type":"","overlay-color":"","overlay-opacity":"","overlay-gradient":""}},"footnotes":""},"class_list":["post-11359","page","type-page","status-publish","hentry"],"post_mailing_queue_ids":[],"_links":{"self":[{"href":"https:\/\/serveiseducatius.xtec.cat\/vallesoccidental5\/wp-json\/wp\/v2\/pages\/11359","targetHints":{"allow":["GET"]}}],"collection":[{"href":"https:\/\/serveiseducatius.xtec.cat\/vallesoccidental5\/wp-json\/wp\/v2\/pages"}],"about":[{"href":"https:\/\/serveiseducatius.xtec.cat\/vallesoccidental5\/wp-json\/wp\/v2\/types\/page"}],"author":[{"embeddable":true,"href":"https:\/\/serveiseducatius.xtec.cat\/vallesoccidental5\/wp-json\/wp\/v2\/users\/1"}],"replies":[{"embeddable":true,"href":"https:\/\/serveiseducatius.xtec.cat\/vallesoccidental5\/wp-json\/wp\/v2\/comments?post=11359"}],"version-history":[{"count":5,"href":"https:\/\/serveiseducatius.xtec.cat\/vallesoccidental5\/wp-json\/wp\/v2\/pages\/11359\/revisions"}],"predecessor-version":[{"id":15488,"href":"https:\/\/serveiseducatius.xtec.cat\/vallesoccidental5\/wp-json\/wp\/v2\/pages\/11359\/revisions\/15488"}],"up":[{"embeddable":true,"href":"https:\/\/serveiseducatius.xtec.cat\/vallesoccidental5\/wp-json\/wp\/v2\/pages\/12978"}],"wp:attachment":[{"href":"https:\/\/serveiseducatius.xtec.cat\/vallesoccidental5\/wp-json\/wp\/v2\/media?parent=11359"}],"curies":[{"name":"wp","href":"https:\/\/api.w.org\/{rel}","templated":true}]}}