{"id":11109,"date":"2018-11-23T08:49:50","date_gmt":"2018-11-23T07:49:50","guid":{"rendered":"http:\/\/serveiseducatius.xtec.cat\/vallesoccidental5\/?page_id=11109"},"modified":"2024-09-13T13:13:29","modified_gmt":"2024-09-13T11:13:29","slug":"educacio-fisica","status":"publish","type":"page","link":"https:\/\/serveiseducatius.xtec.cat\/vallesoccidental5\/maletes-pedagogiques-en-prestec\/educacio-fisica\/","title":{"rendered":"Educaci\u00f3 f\u00edsica"},"content":{"rendered":"<h3 style=\"text-align: center;\"><em><strong>CA\u00c7ADORS DE DIAMANTS<\/strong><\/em><\/h3>\n<p><a href=\"https:\/\/serveiseducatius.xtec.cat\/vallesoccidental5\/wp-content\/uploads\/usu1111\/2018\/11\/Ca\u00e7adors-de-diamants.jpg\"><img loading=\"lazy\" decoding=\"async\" class=\" wp-image-11107 alignleft\" src=\"https:\/\/serveiseducatius.xtec.cat\/vallesoccidental5\/wp-content\/uploads\/usu1111\/2018\/11\/Ca\u00e7adors-de-diamants-1024x783.jpg\" alt=\"\" width=\"234\" height=\"179\" srcset=\"https:\/\/serveiseducatius.xtec.cat\/vallesoccidental5\/wp-content\/uploads\/usu1111\/2018\/11\/Ca\u00e7adors-de-diamants-1024x783.jpg 1024w, https:\/\/serveiseducatius.xtec.cat\/vallesoccidental5\/wp-content\/uploads\/usu1111\/2018\/11\/Ca\u00e7adors-de-diamants-300x229.jpg 300w, https:\/\/serveiseducatius.xtec.cat\/vallesoccidental5\/wp-content\/uploads\/usu1111\/2018\/11\/Ca\u00e7adors-de-diamants-768x587.jpg 768w, https:\/\/serveiseducatius.xtec.cat\/vallesoccidental5\/wp-content\/uploads\/usu1111\/2018\/11\/Ca\u00e7adors-de-diamants.jpg 2008w\" sizes=\"auto, (max-width: 234px) 100vw, 234px\" \/><\/a><\/p>\n<p><a href=\"https:\/\/serveiseducatius.xtec.cat\/vallesoccidental5\/wp-content\/uploads\/usu1111\/2018\/11\/informaci\u00f3-Ca\u00e7adors-de-diamats.pdf\" target=\"_blank\" rel=\"noopener noreferrer\">Ca\u00e7adors de diamants<\/a> \u00e9s una gamificaci\u00f3, inspirada en un joc de taula, per a treballar les dimensions i les seves corresponents compet\u00e8ncies dins de l\u2019\u00e0mbit de l\u2019educaci\u00f3 f\u00edsica utilitzant els reptes f\u00edsics cooperatius com a eix vertebrador. Per a jugar a ca\u00e7adors de diamants s\u2019utilitza una estructura de metodologia cooperativa anomenada \u201cPensa, comparteix, actua\u201d.<\/p>\n<p>\u201cEs una bona manera d\u2019iniciar-se a treballar amb metodologia cooperativa a les sessions d\u2019educaci\u00f3 f\u00edsica\u201d<\/p>\n<p><em><strong>A qui va adre\u00e7at?<\/strong><\/em><br \/>\nVa adre\u00e7at a escoles i instituts. S\u2019hi pot jugar a partir dels 9 anys. \u00c9s adequat per a jugar-hi entre 12 i 30 jugadors.<\/p>\n<p><em><strong>Com s\u2019hi juga?<\/strong><\/em><br \/>\nEl joc parteix d\u2019una hist\u00f2ria, on uns \u00e9ssers fant\u00e0stics ens demanen ajuda per alliberar els seus poders que han quedat atrapats dins d\u2019uns diamants que estan escampats per un bosc.<br \/>\nPer a poder alliberar els diamants, els jugadors, organitzats en grups cooperatius de 4-5 jugadors, hauran d\u2019anar superant petits reptes motrius per arribar als diamants.<br \/>\nTots els grups participants, mouen un mateix personatge a mesura que van superant els reptes cooperatius, per\u00f2 hi ha un personatge tenebr\u00f3s, el corb, que s\u2019aprofitar\u00e0 dels seus errors per a avan\u00e7ar en el joc i arribar abans que ells als diamants.<\/p>\n<p><a href=\"https:\/\/docs.google.com\/forms\/u\/1\/d\/1DvBAQiZdqENv7xosKs1F_t3ek58V-bW8EoB9DJgXORw\/edit?usp=drive_web\" target=\"_blank\" rel=\"noopener\"><span style=\"color: #ff0000;\"><strong><span style=\"font-size: 12pt;\">Formulari de DEMANDA.<\/span><\/strong><\/span><\/a><\/p>\n<p>Recordeu que al finalitzar el pr\u00e9stec, haureu d&#8217;omplir aquest <a href=\"https:\/\/forms.gle\/9RiDJ83Bg6Zj24oj7\" target=\"_blank\" rel=\"noopener\"><span style=\"color: #ff0000;\"><strong><span style=\"font-size: 12pt;\">FORMULARI de VALORACI\u00d3<\/span><\/strong><\/span><\/a> on es recolliran les vostres experi\u00e8ncies que podrem compartir al nostre web.<\/p>\n<h3><\/h3>\n<h3 style=\"text-align: center;\"><em><strong>MALETA D&#8217;ORIENTACI\u00d3<\/strong><\/em><\/h3>\n<p><a href=\"https:\/\/serveiseducatius.xtec.cat\/vallesoccidental5\/wp-content\/uploads\/usu1111\/2022\/05\/IMG_5654.jpg\"><img loading=\"lazy\" decoding=\"async\" class=\"wp-image-13685 alignleft\" src=\"https:\/\/serveiseducatius.xtec.cat\/vallesoccidental5\/wp-content\/uploads\/usu1111\/2022\/05\/IMG_5654.jpg\" alt=\"\" width=\"218\" height=\"164\" srcset=\"https:\/\/serveiseducatius.xtec.cat\/vallesoccidental5\/wp-content\/uploads\/usu1111\/2022\/05\/IMG_5654.jpg 2016w, https:\/\/serveiseducatius.xtec.cat\/vallesoccidental5\/wp-content\/uploads\/usu1111\/2022\/05\/IMG_5654-300x225.jpg 300w, https:\/\/serveiseducatius.xtec.cat\/vallesoccidental5\/wp-content\/uploads\/usu1111\/2022\/05\/IMG_5654-1024x768.jpg 1024w, https:\/\/serveiseducatius.xtec.cat\/vallesoccidental5\/wp-content\/uploads\/usu1111\/2022\/05\/IMG_5654-768x576.jpg 768w, https:\/\/serveiseducatius.xtec.cat\/vallesoccidental5\/wp-content\/uploads\/usu1111\/2022\/05\/IMG_5654-1536x1152.jpg 1536w, https:\/\/serveiseducatius.xtec.cat\/vallesoccidental5\/wp-content\/uploads\/usu1111\/2022\/05\/IMG_5654-200x150.jpg 200w\" sizes=\"auto, (max-width: 218px) 100vw, 218px\" \/><\/a><\/p>\n<p>Us oferim un KID de br\u00faixoles per tal de dur a terme activitats d&#8217;orientaci\u00f3 a dintre i a fora del centre. Per tal de fer la demanda d&#8217;aquesta maleta heu d&#8217;omplir el <a href=\"https:\/\/docs.google.com\/forms\/u\/1\/d\/1DvBAQiZdqENv7xosKs1F_t3ek58V-bW8EoB9DJgXORw\/edit?usp=drive_web\" target=\"_blank\" rel=\"noopener\"><span style=\"color: #ff0000;\"><strong><span style=\"font-size: 12pt;\">FORMULARI de DEMANDA.<\/span><\/strong><\/span><\/a><\/p>\n<p>Recordeu que al finalitzar el pr\u00e9stec, haureu d&#8217;omplir aquest <a href=\"https:\/\/forms.gle\/9RiDJ83Bg6Zj24oj7\" target=\"_blank\" rel=\"noopener\"><span style=\"color: #ff0000;\"><strong><span style=\"font-size: 12pt;\">FORMULARI de VALORACI\u00d3<\/span><\/strong><\/span><\/a>\u00a0on es recolliran les vostres experi\u00e8ncies que podrem compartir al nostre web.<\/p>\n<p>&nbsp;<\/p>\n<p>&nbsp;<\/p>\n<p>&nbsp;<\/p>\n<h3 style=\"text-align: center;\"><em><strong>BASTONS &#8211; BALL DE BASTONS<\/strong><\/em><\/h3>\n<p><a href=\"https:\/\/serveiseducatius.xtec.cat\/vallesoccidental5\/wp-content\/uploads\/usu1111\/2024\/09\/bastons2.jpg\"><img loading=\"lazy\" decoding=\"async\" class=\"wp-image-15587 alignleft\" src=\"https:\/\/serveiseducatius.xtec.cat\/vallesoccidental5\/wp-content\/uploads\/usu1111\/2024\/09\/bastons2.jpg\" alt=\"\" width=\"176\" height=\"176\" srcset=\"https:\/\/serveiseducatius.xtec.cat\/vallesoccidental5\/wp-content\/uploads\/usu1111\/2024\/09\/bastons2.jpg 400w, https:\/\/serveiseducatius.xtec.cat\/vallesoccidental5\/wp-content\/uploads\/usu1111\/2024\/09\/bastons2-300x300.jpg 300w, https:\/\/serveiseducatius.xtec.cat\/vallesoccidental5\/wp-content\/uploads\/usu1111\/2024\/09\/bastons2-150x150.jpg 150w\" sizes=\"auto, (max-width: 176px) 100vw, 176px\" \/><\/a><\/p>\n<p>&nbsp;<\/p>\n<p>Tenim a la vostra disposici\u00f3 <span style=\"text-decoration: underline;\"><strong>15 parells<\/strong><\/span> de bastons de mida mitjana per tal de poder fer BALL DE BASTONS. Aquesta mida va molt b\u00e9 per a fer ball de bastons des de 3r de Prim\u00e0ria fins a Secund\u00e0ria.<\/p>\n<p>Per tal de fer la reserva d&#8217;aquest material cal que ompliu el <a href=\"https:\/\/docs.google.com\/forms\/u\/1\/d\/1DvBAQiZdqENv7xosKs1F_t3ek58V-bW8EoB9DJgXORw\/edit?usp=drive_web\" target=\"_blank\" rel=\"noopener\"><span style=\"color: #ff0000;\"><strong><span style=\"font-size: 12pt;\">FORMULARI de DEMANDA.<\/span><\/strong><\/span><\/a><\/p>\n<p>Recordeu que al finalitzar el pr\u00e9stec, haureu d&#8217;omplir aquest <a href=\"https:\/\/forms.gle\/9RiDJ83Bg6Zj24oj7\" target=\"_blank\" rel=\"noopener\"><span style=\"color: #ff0000;\"><strong><span style=\"font-size: 12pt;\">FORMULARI de VALORACI\u00d3<\/span><\/strong><\/span><\/a>\u00a0on es recolliran les vostres experi\u00e8ncies que podrem compartir al nostre web.<\/p>\n<p>&nbsp;<\/p>\n<table style=\"border-collapse: collapse; width: 100%;\">\n<tbody>\n<tr>\n<td style=\"width: 50%;\"><a href=\"https:\/\/serveiseducatius.xtec.cat\/vallesoccidental5\/wp-content\/uploads\/usu1111\/2024\/09\/WhatsApp-Image-2024-09-13-at-11.53.40.jpeg\"><img loading=\"lazy\" decoding=\"async\" class=\"aligncenter wp-image-15581\" src=\"https:\/\/serveiseducatius.xtec.cat\/vallesoccidental5\/wp-content\/uploads\/usu1111\/2024\/09\/WhatsApp-Image-2024-09-13-at-11.53.40.jpeg\" alt=\"\" width=\"454\" height=\"340\" srcset=\"https:\/\/serveiseducatius.xtec.cat\/vallesoccidental5\/wp-content\/uploads\/usu1111\/2024\/09\/WhatsApp-Image-2024-09-13-at-11.53.40.jpeg 800w, https:\/\/serveiseducatius.xtec.cat\/vallesoccidental5\/wp-content\/uploads\/usu1111\/2024\/09\/WhatsApp-Image-2024-09-13-at-11.53.40-300x225.jpeg 300w, https:\/\/serveiseducatius.xtec.cat\/vallesoccidental5\/wp-content\/uploads\/usu1111\/2024\/09\/WhatsApp-Image-2024-09-13-at-11.53.40-768x576.jpeg 768w, https:\/\/serveiseducatius.xtec.cat\/vallesoccidental5\/wp-content\/uploads\/usu1111\/2024\/09\/WhatsApp-Image-2024-09-13-at-11.53.40-200x150.jpeg 200w\" sizes=\"auto, (max-width: 454px) 100vw, 454px\" \/><\/a><\/td>\n<td style=\"width: 50%;\"><a href=\"https:\/\/serveiseducatius.xtec.cat\/vallesoccidental5\/wp-content\/uploads\/usu1111\/2024\/09\/WhatsApp-Image-2024-09-13-at-11.53.40-1.jpeg\"><img loading=\"lazy\" decoding=\"async\" class=\"aligncenter wp-image-15580\" src=\"https:\/\/serveiseducatius.xtec.cat\/vallesoccidental5\/wp-content\/uploads\/usu1111\/2024\/09\/WhatsApp-Image-2024-09-13-at-11.53.40-1.jpeg\" alt=\"\" width=\"390\" height=\"292\" srcset=\"https:\/\/serveiseducatius.xtec.cat\/vallesoccidental5\/wp-content\/uploads\/usu1111\/2024\/09\/WhatsApp-Image-2024-09-13-at-11.53.40-1.jpeg 800w, https:\/\/serveiseducatius.xtec.cat\/vallesoccidental5\/wp-content\/uploads\/usu1111\/2024\/09\/WhatsApp-Image-2024-09-13-at-11.53.40-1-300x225.jpeg 300w, https:\/\/serveiseducatius.xtec.cat\/vallesoccidental5\/wp-content\/uploads\/usu1111\/2024\/09\/WhatsApp-Image-2024-09-13-at-11.53.40-1-768x576.jpeg 768w, https:\/\/serveiseducatius.xtec.cat\/vallesoccidental5\/wp-content\/uploads\/usu1111\/2024\/09\/WhatsApp-Image-2024-09-13-at-11.53.40-1-200x150.jpeg 200w\" sizes=\"auto, (max-width: 390px) 100vw, 390px\" \/><\/a><\/td>\n<\/tr>\n<\/tbody>\n<\/table>\n<p>&nbsp;<\/p>\n<p>&nbsp;<\/p>\n<p>&nbsp;<\/p>\n<p>&nbsp;<\/p>\n<p>&nbsp;<\/p>\n","protected":false},"excerpt":{"rendered":"<p>CA\u00c7ADORS DE DIAMANTS Ca\u00e7adors de diamants \u00e9s una gamificaci\u00f3, inspirada en un joc de taula, per a treballar les dimensions i les seves corresponents compet\u00e8ncies dins de l\u2019\u00e0mbit de l\u2019educaci\u00f3 f\u00edsica utilitzant els reptes f\u00edsics cooperatius com a eix vertebrador. Per a jugar a ca\u00e7adors de diamants s\u2019utilitza una estructura de metodologia cooperativa anomenada \u201cPensa, [&hellip;]<\/p>\n","protected":false},"author":1,"featured_media":0,"parent":8622,"menu_order":90,"comment_status":"closed","ping_status":"closed","template":"page-templates\/side-menu.php","meta":{"_bbp_topic_count":0,"_bbp_reply_count":0,"_bbp_total_topic_count":0,"_bbp_total_reply_count":0,"_bbp_voice_count":0,"_bbp_anonymous_reply_count":0,"_bbp_topic_count_hidden":0,"_bbp_reply_count_hidden":0,"_bbp_forum_subforum_count":0,"site-sidebar-layout":"default","site-content-layout":"","ast-site-content-layout":"","site-content-style":"default","site-sidebar-style":"default","ast-global-header-display":"","ast-banner-title-visibility":"","ast-main-header-display":"","ast-hfb-above-header-display":"","ast-hfb-below-header-display":"","ast-hfb-mobile-header-display":"","site-post-title":"","ast-breadcrumbs-content":"","ast-featured-img":"","footer-sml-layout":"","theme-transparent-header-meta":"","adv-header-id-meta":"","stick-header-meta":"","header-above-stick-meta":"","header-main-stick-meta":"","header-below-stick-meta":"","astra-migrate-meta-layouts":"default","ast-page-background-enabled":"default","ast-page-background-meta":{"desktop":{"background-color":"var(--ast-global-color-4)","background-image":"","background-repeat":"repeat","background-position":"center center","background-size":"auto","background-attachment":"scroll","background-type":"","background-media":"","overlay-type":"","overlay-color":"","overlay-opacity":"","overlay-gradient":""},"tablet":{"background-color":"","background-image":"","background-repeat":"repeat","background-position":"center center","background-size":"auto","background-attachment":"scroll","background-type":"","background-media":"","overlay-type":"","overlay-color":"","overlay-opacity":"","overlay-gradient":""},"mobile":{"background-color":"","background-image":"","background-repeat":"repeat","background-position":"center center","background-size":"auto","background-attachment":"scroll","background-type":"","background-media":"","overlay-type":"","overlay-color":"","overlay-opacity":"","overlay-gradient":""}},"ast-content-background-meta":{"desktop":{"background-color":"var(--ast-global-color-5)","background-image":"","background-repeat":"repeat","background-position":"center center","background-size":"auto","background-attachment":"scroll","background-type":"","background-media":"","overlay-type":"","overlay-color":"","overlay-opacity":"","overlay-gradient":""},"tablet":{"background-color":"var(--ast-global-color-5)","background-image":"","background-repeat":"repeat","background-position":"center center","background-size":"auto","background-attachment":"scroll","background-type":"","background-media":"","overlay-type":"","overlay-color":"","overlay-opacity":"","overlay-gradient":""},"mobile":{"background-color":"var(--ast-global-color-5)","background-image":"","background-repeat":"repeat","background-position":"center center","background-size":"auto","background-attachment":"scroll","background-type":"","background-media":"","overlay-type":"","overlay-color":"","overlay-opacity":"","overlay-gradient":""}},"footnotes":""},"class_list":["post-11109","page","type-page","status-publish","hentry"],"post_mailing_queue_ids":[],"_links":{"self":[{"href":"https:\/\/serveiseducatius.xtec.cat\/vallesoccidental5\/wp-json\/wp\/v2\/pages\/11109","targetHints":{"allow":["GET"]}}],"collection":[{"href":"https:\/\/serveiseducatius.xtec.cat\/vallesoccidental5\/wp-json\/wp\/v2\/pages"}],"about":[{"href":"https:\/\/serveiseducatius.xtec.cat\/vallesoccidental5\/wp-json\/wp\/v2\/types\/page"}],"author":[{"embeddable":true,"href":"https:\/\/serveiseducatius.xtec.cat\/vallesoccidental5\/wp-json\/wp\/v2\/users\/1"}],"replies":[{"embeddable":true,"href":"https:\/\/serveiseducatius.xtec.cat\/vallesoccidental5\/wp-json\/wp\/v2\/comments?post=11109"}],"version-history":[{"count":6,"href":"https:\/\/serveiseducatius.xtec.cat\/vallesoccidental5\/wp-json\/wp\/v2\/pages\/11109\/revisions"}],"predecessor-version":[{"id":15589,"href":"https:\/\/serveiseducatius.xtec.cat\/vallesoccidental5\/wp-json\/wp\/v2\/pages\/11109\/revisions\/15589"}],"up":[{"embeddable":true,"href":"https:\/\/serveiseducatius.xtec.cat\/vallesoccidental5\/wp-json\/wp\/v2\/pages\/8622"}],"wp:attachment":[{"href":"https:\/\/serveiseducatius.xtec.cat\/vallesoccidental5\/wp-json\/wp\/v2\/media?parent=11109"}],"curies":[{"name":"wp","href":"https:\/\/api.w.org\/{rel}","templated":true}]}}