{"id":9952,"date":"2022-03-21T18:28:46","date_gmt":"2022-03-21T17:28:46","guid":{"rendered":"https:\/\/serveiseducatius.xtec.cat\/vallesoccidental4\/?page_id=9952"},"modified":"2026-01-26T16:12:39","modified_gmt":"2026-01-26T15:12:39","slug":"practiques-restauratives","status":"publish","type":"page","link":"https:\/\/serveiseducatius.xtec.cat\/vallesoccidental4\/pagines-dinici\/pindoles-formatives\/practiques-restauratives\/","title":{"rendered":"Pr\u00e0ctiques restauratives"},"content":{"rendered":"<p>Sisplau, si consulteu aquest material, compartiu les vostres impressions al seg\u00fcent <a href=\"https:\/\/forms.gle\/wrVijZ7uz2YPs4Az5\" target=\"_blank\" rel=\"noopener\"><strong>formulari<\/strong><\/a>. <strong><em>Gr\u00e0cies!<\/em><\/strong><\/p>\n<div style=\"width: 100%;\">\n<div style=\"position: relative; padding-bottom: 56.25%; padding-top: 0; height: 0;\"><iframe loading=\"lazy\" style=\"position: absolute; top: 0; left: 0; width: 100%; height: 100%;\" src=\"https:\/\/view.genial.ly\/6216516b8a0cda00114d1777\" width=\"1200\" height=\"675\" frameborder=\"0\" scrolling=\"yes\" allowfullscreen=\"allowfullscreen\"><\/iframe><\/div>\n<div><\/div>\n<div>\n<h5><\/h5>\n<h5><\/h5>\n<h5><\/h5>\n<h5><span style=\"text-decoration: underline;\"><i>Gu\u00eda de Pr\u00e1cticas Restaurativas. <\/i><i>Vicen\u00e7 Rul\u00b7lan Casta\u00f1er<\/i><\/span><\/h5>\n<p>&nbsp;<\/p>\n<p><strong><span style=\"color: #0000ff;\"><span style=\"color: #000000;\">Acc\u00e8s a la Guia<\/span> aqu\u00ed<\/span><\/strong><\/p>\n<div>\n<p><span style=\"color: #000000;\"><i>La &#8220;Gu\u00eda de pr\u00e1cticas restaurativas&#8221;, elaborada a\u00a0petici\u00f3 de l&#8217;Observatorio Estatal de la Convivencia Escolar, t\u00e9 com\u00a0a objectiu oferir eines que reforcin\u00a0els vincles, donin espai\u00a0a les emocions i permitin abordar els conflictes mitjan\u00e7ant el di\u00e0leg en lloc de centrar-se \u00fanicament en sancions punitives. L&#8217;enfocament s&#8217;estructura en tres nivells: el primer es centra en la prevenci\u00f3 i la creaci\u00f3 de comunitat; el segon nivell gestiona els conflictes quotidians; i el tercer tracta les situacions greus mitjan\u00e7ant reunions restauratives que busquen la reparaci\u00f3 de la falta i la integraci\u00f3 de l&#8217;alumnat.<br \/>\nAquest model no elimina les sancions, per\u00f2 prioritza que qualsevol mesura disciplin\u00e0ria vagi acompanyada d&#8217;una reflexi\u00f3 profunda i accions per restaurar la relaci\u00f3. Perqu\u00e8 la seva implementaci\u00f3 sigui\u00a0efectiva, el document afirma que cal un proc\u00e9s gradual d&#8217;entre 3 i 5 anys, el lideratge actiu de l&#8217;equip directiu i la implicaci\u00f3 de tota la comunitat educativa.<br \/>\nEn definitiva, la guia promou una cultura escolar on el conflicte s&#8217;entengui com una oportunitat d&#8217;aprenentatge\u00a0i creixement personal.<\/i><\/span><\/p>\n<p><img loading=\"lazy\" decoding=\"async\" class=\"aligncenter wp-image-10497\" src=\"https:\/\/serveiseducatius.xtec.cat\/vallesoccidental4\/wp-content\/uploads\/usu1114\/2026\/01\/Guia-restaurativa.jpg\" alt=\"\" width=\"254\" height=\"363\" srcset=\"https:\/\/serveiseducatius.xtec.cat\/vallesoccidental4\/wp-content\/uploads\/usu1114\/2026\/01\/Guia-restaurativa.jpg 640w, https:\/\/serveiseducatius.xtec.cat\/vallesoccidental4\/wp-content\/uploads\/usu1114\/2026\/01\/Guia-restaurativa-210x300.jpg 210w\" sizes=\"auto, (max-width: 254px) 100vw, 254px\" \/><\/p>\n<\/div>\n<\/div>\n<\/div>\n<p><noscript><a href=\"https:\/\/www.contadorvisitasgratis.com\" title=\"contadores de visitas\"><img decoding=\"async\" src=\"https:\/\/counter9.stat.ovh\/private\/contadorvisitasgratis.php?c=c5sbb8cp8su2mkuwqafaf6xtz34llgs9\" border=\"0\" title=\"contadores de visitas\" alt=\"contadores de visitas\"><\/a><\/noscript><\/p>\n","protected":false},"excerpt":{"rendered":"<p>Sisplau, si consulteu aquest material, compartiu les vostres impressions al seg\u00fcent formulari. Gr\u00e0cies! Gu\u00eda de Pr\u00e1cticas Restaurativas. Vicen\u00e7 Rul\u00b7lan Casta\u00f1er &nbsp; Acc\u00e8s a la Guia aqu\u00ed La &#8220;Gu\u00eda de pr\u00e1cticas restaurativas&#8221;, elaborada a\u00a0petici\u00f3 de l&#8217;Observatorio Estatal de la Convivencia Escolar, t\u00e9 com\u00a0a objectiu oferir eines que reforcin\u00a0els vincles, donin espai\u00a0a les emocions i permitin abordar [&hellip;]<\/p>\n","protected":false},"author":1,"featured_media":0,"parent":9627,"menu_order":3,"comment_status":"open","ping_status":"open","template":"","meta":{"_bbp_topic_count":0,"_bbp_reply_count":0,"_bbp_total_topic_count":0,"_bbp_total_reply_count":0,"_bbp_voice_count":0,"_bbp_anonymous_reply_count":0,"_bbp_topic_count_hidden":0,"_bbp_reply_count_hidden":0,"_bbp_forum_subforum_count":0,"site-sidebar-layout":"default","site-content-layout":"","ast-site-content-layout":"default","site-content-style":"default","site-sidebar-style":"default","ast-global-header-display":"","ast-banner-title-visibility":"","ast-main-header-display":"","ast-hfb-above-header-display":"","ast-hfb-below-header-display":"","ast-hfb-mobile-header-display":"","site-post-title":"","ast-breadcrumbs-content":"","ast-featured-img":"","footer-sml-layout":"","theme-transparent-header-meta":"default","adv-header-id-meta":"","stick-header-meta":"","header-above-stick-meta":"","header-main-stick-meta":"","header-below-stick-meta":"","astra-migrate-meta-layouts":"set","ast-page-background-enabled":"default","ast-page-background-meta":{"desktop":{"background-color":"var(--ast-global-color-4)","background-image":"","background-repeat":"repeat","background-position":"center center","background-size":"auto","background-attachment":"scroll","background-type":"","background-media":"","overlay-type":"","overlay-color":"","overlay-opacity":"","overlay-gradient":""},"tablet":{"background-color":"","background-image":"","background-repeat":"repeat","background-position":"center center","background-size":"auto","background-attachment":"scroll","background-type":"","background-media":"","overlay-type":"","overlay-color":"","overlay-opacity":"","overlay-gradient":""},"mobile":{"background-color":"","background-image":"","background-repeat":"repeat","background-position":"center center","background-size":"auto","background-attachment":"scroll","background-type":"","background-media":"","overlay-type":"","overlay-color":"","overlay-opacity":"","overlay-gradient":""}},"ast-content-background-meta":{"desktop":{"background-color":"var(--ast-global-color-5)","background-image":"","background-repeat":"repeat","background-position":"center center","background-size":"auto","background-attachment":"scroll","background-type":"","background-media":"","overlay-type":"","overlay-color":"","overlay-opacity":"","overlay-gradient":""},"tablet":{"background-color":"var(--ast-global-color-5)","background-image":"","background-repeat":"repeat","background-position":"center center","background-size":"auto","background-attachment":"scroll","background-type":"","background-media":"","overlay-type":"","overlay-color":"","overlay-opacity":"","overlay-gradient":""},"mobile":{"background-color":"var(--ast-global-color-5)","background-image":"","background-repeat":"repeat","background-position":"center center","background-size":"auto","background-attachment":"scroll","background-type":"","background-media":"","overlay-type":"","overlay-color":"","overlay-opacity":"","overlay-gradient":""}},"footnotes":""},"class_list":["post-9952","page","type-page","status-publish","hentry"],"post_mailing_queue_ids":[],"_links":{"self":[{"href":"https:\/\/serveiseducatius.xtec.cat\/vallesoccidental4\/wp-json\/wp\/v2\/pages\/9952","targetHints":{"allow":["GET"]}}],"collection":[{"href":"https:\/\/serveiseducatius.xtec.cat\/vallesoccidental4\/wp-json\/wp\/v2\/pages"}],"about":[{"href":"https:\/\/serveiseducatius.xtec.cat\/vallesoccidental4\/wp-json\/wp\/v2\/types\/page"}],"author":[{"embeddable":true,"href":"https:\/\/serveiseducatius.xtec.cat\/vallesoccidental4\/wp-json\/wp\/v2\/users\/1"}],"replies":[{"embeddable":true,"href":"https:\/\/serveiseducatius.xtec.cat\/vallesoccidental4\/wp-json\/wp\/v2\/comments?post=9952"}],"version-history":[{"count":6,"href":"https:\/\/serveiseducatius.xtec.cat\/vallesoccidental4\/wp-json\/wp\/v2\/pages\/9952\/revisions"}],"predecessor-version":[{"id":9994,"href":"https:\/\/serveiseducatius.xtec.cat\/vallesoccidental4\/wp-json\/wp\/v2\/pages\/9952\/revisions\/9994"}],"up":[{"embeddable":true,"href":"https:\/\/serveiseducatius.xtec.cat\/vallesoccidental4\/wp-json\/wp\/v2\/pages\/9627"}],"wp:attachment":[{"href":"https:\/\/serveiseducatius.xtec.cat\/vallesoccidental4\/wp-json\/wp\/v2\/media?parent=9952"}],"curies":[{"name":"wp","href":"https:\/\/api.w.org\/{rel}","templated":true}]}}