{"id":9672,"date":"2020-12-31T18:10:41","date_gmt":"2020-12-31T17:10:41","guid":{"rendered":"http:\/\/serveiseducatius.xtec.cat\/vallesoccidental4\/?page_id=9672"},"modified":"2023-03-14T09:41:44","modified_gmt":"2023-03-14T08:41:44","slug":"coeducacio","status":"publish","type":"page","link":"https:\/\/serveiseducatius.xtec.cat\/vallesoccidental4\/recursos\/coeducacio\/","title":{"rendered":"Llibres de Coeducaci\u00f3"},"content":{"rendered":"<p><img loading=\"lazy\" decoding=\"async\" class=\"wp-image-9675 alignnone\" src=\"https:\/\/serveiseducatius.xtec.cat\/vallesoccidental4\/wp-content\/uploads\/usu1114\/2020\/12\/Logotipo_del_Ministerio_de_la_Presidencia_Relaciones_con_las_Cortes_e_Igualdad-1024x196.jpg\" alt=\"\" width=\"533\" height=\"102\" srcset=\"https:\/\/serveiseducatius.xtec.cat\/vallesoccidental4\/wp-content\/uploads\/usu1114\/2020\/12\/Logotipo_del_Ministerio_de_la_Presidencia_Relaciones_con_las_Cortes_e_Igualdad-1024x196.jpg 1024w, https:\/\/serveiseducatius.xtec.cat\/vallesoccidental4\/wp-content\/uploads\/usu1114\/2020\/12\/Logotipo_del_Ministerio_de_la_Presidencia_Relaciones_con_las_Cortes_e_Igualdad-300x57.jpg 300w, https:\/\/serveiseducatius.xtec.cat\/vallesoccidental4\/wp-content\/uploads\/usu1114\/2020\/12\/Logotipo_del_Ministerio_de_la_Presidencia_Relaciones_con_las_Cortes_e_Igualdad-768x147.jpg 768w, https:\/\/serveiseducatius.xtec.cat\/vallesoccidental4\/wp-content\/uploads\/usu1114\/2020\/12\/Logotipo_del_Ministerio_de_la_Presidencia_Relaciones_con_las_Cortes_e_Igualdad.jpg 1280w\" sizes=\"auto, (max-width: 533px) 100vw, 533px\" \/><img loading=\"lazy\" decoding=\"async\" class=\"wp-image-9673 alignright\" src=\"https:\/\/serveiseducatius.xtec.cat\/vallesoccidental4\/wp-content\/uploads\/usu1114\/2020\/12\/logo_pacto_de_estado_pq.jpg\" alt=\"\" width=\"137\" height=\"109\" srcset=\"https:\/\/serveiseducatius.xtec.cat\/vallesoccidental4\/wp-content\/uploads\/usu1114\/2020\/12\/logo_pacto_de_estado_pq.jpg 556w, https:\/\/serveiseducatius.xtec.cat\/vallesoccidental4\/wp-content\/uploads\/usu1114\/2020\/12\/logo_pacto_de_estado_pq-300x240.jpg 300w\" sizes=\"auto, (max-width: 137px) 100vw, 137px\" \/><\/p>\n<p>&nbsp;<\/p>\n<p>Llistat de llibres de la <a href=\"https:\/\/docs.google.com\/document\/d\/1i-OOvu8BlW3bsO28N5WlV2lt9mx7fHuo\/edit?usp=share_link&amp;ouid=100591629057959269829&amp;rtpof=true&amp;sd=true\"><strong><span style=\"color: #339966;\">Maleta de coeducaci\u00f3 d&#8217;Educaci\u00f3 infantil i cicle inicial<\/span><\/strong><\/a><\/p>\n<p>Llistat de llibres de la<a href=\"https:\/\/docs.google.com\/document\/d\/15M0gK4q7aJaIJdIbJif6UeRwE_kLyQml\/edit?usp=share_link&amp;ouid=100591629057959269829&amp;rtpof=true&amp;sd=true\"> <strong><span style=\"color: #800080;\">Maleta de coeducaci\u00f3 de cicle mitj\u00e0 i cicle superior<\/span><\/strong><\/a><\/p>\n<p>Llistat de llibres de la <a href=\"https:\/\/docs.google.com\/document\/d\/1RTCuBB-hCF0VYLgu-8WjPxoFZisVU3Ej\/edit?usp=share_link&amp;ouid=100591629057959269829&amp;rtpof=true&amp;sd=true\"><strong><span style=\"color: #0000ff;\">Maleta de coeducaci\u00f3 d&#8217;ESO<\/span><\/strong><\/a><\/p>\n<p>A continuaci\u00f3 podeu consultar la fitxa de cada llibre.<\/p>\n<p style=\"text-align: center;\"><iframe loading=\"lazy\" src=\"https:\/\/datastudio.google.com\/embed\/reporting\/8a2407b7-aaf9-40e1-b91b-239dd92a5c79\/page\/0PStB\" width=\"1150\" height=\"863\" frameborder=\"0\"><\/iframe><\/p>\n<p>&nbsp;<\/p>\n<p>&nbsp;<\/p>\n","protected":false},"excerpt":{"rendered":"<p>&nbsp; Llistat de llibres de la Maleta de coeducaci\u00f3 d&#8217;Educaci\u00f3 infantil i cicle inicial Llistat de llibres de la Maleta de coeducaci\u00f3 de cicle mitj\u00e0 i cicle superior Llistat de llibres de la Maleta de coeducaci\u00f3 d&#8217;ESO A continuaci\u00f3 podeu consultar la fitxa de cada llibre. &nbsp; &nbsp;<\/p>\n","protected":false},"author":1,"featured_media":0,"parent":906,"menu_order":1,"comment_status":"closed","ping_status":"closed","template":"page-templates\/side-menu.php","meta":{"_bbp_topic_count":0,"_bbp_reply_count":0,"_bbp_total_topic_count":0,"_bbp_total_reply_count":0,"_bbp_voice_count":0,"_bbp_anonymous_reply_count":0,"_bbp_topic_count_hidden":0,"_bbp_reply_count_hidden":0,"_bbp_forum_subforum_count":0,"site-sidebar-layout":"default","site-content-layout":"","ast-site-content-layout":"","site-content-style":"default","site-sidebar-style":"default","ast-global-header-display":"","ast-banner-title-visibility":"","ast-main-header-display":"","ast-hfb-above-header-display":"","ast-hfb-below-header-display":"","ast-hfb-mobile-header-display":"","site-post-title":"","ast-breadcrumbs-content":"","ast-featured-img":"","footer-sml-layout":"","theme-transparent-header-meta":"","adv-header-id-meta":"","stick-header-meta":"","header-above-stick-meta":"","header-main-stick-meta":"","header-below-stick-meta":"","astra-migrate-meta-layouts":"default","ast-page-background-enabled":"default","ast-page-background-meta":{"desktop":{"background-color":"var(--ast-global-color-4)","background-image":"","background-repeat":"repeat","background-position":"center center","background-size":"auto","background-attachment":"scroll","background-type":"","background-media":"","overlay-type":"","overlay-color":"","overlay-opacity":"","overlay-gradient":""},"tablet":{"background-color":"","background-image":"","background-repeat":"repeat","background-position":"center center","background-size":"auto","background-attachment":"scroll","background-type":"","background-media":"","overlay-type":"","overlay-color":"","overlay-opacity":"","overlay-gradient":""},"mobile":{"background-color":"","background-image":"","background-repeat":"repeat","background-position":"center center","background-size":"auto","background-attachment":"scroll","background-type":"","background-media":"","overlay-type":"","overlay-color":"","overlay-opacity":"","overlay-gradient":""}},"ast-content-background-meta":{"desktop":{"background-color":"var(--ast-global-color-5)","background-image":"","background-repeat":"repeat","background-position":"center center","background-size":"auto","background-attachment":"scroll","background-type":"","background-media":"","overlay-type":"","overlay-color":"","overlay-opacity":"","overlay-gradient":""},"tablet":{"background-color":"var(--ast-global-color-5)","background-image":"","background-repeat":"repeat","background-position":"center center","background-size":"auto","background-attachment":"scroll","background-type":"","background-media":"","overlay-type":"","overlay-color":"","overlay-opacity":"","overlay-gradient":""},"mobile":{"background-color":"var(--ast-global-color-5)","background-image":"","background-repeat":"repeat","background-position":"center center","background-size":"auto","background-attachment":"scroll","background-type":"","background-media":"","overlay-type":"","overlay-color":"","overlay-opacity":"","overlay-gradient":""}},"footnotes":""},"class_list":["post-9672","page","type-page","status-publish","hentry"],"post_mailing_queue_ids":[],"_links":{"self":[{"href":"https:\/\/serveiseducatius.xtec.cat\/vallesoccidental4\/wp-json\/wp\/v2\/pages\/9672","targetHints":{"allow":["GET"]}}],"collection":[{"href":"https:\/\/serveiseducatius.xtec.cat\/vallesoccidental4\/wp-json\/wp\/v2\/pages"}],"about":[{"href":"https:\/\/serveiseducatius.xtec.cat\/vallesoccidental4\/wp-json\/wp\/v2\/types\/page"}],"author":[{"embeddable":true,"href":"https:\/\/serveiseducatius.xtec.cat\/vallesoccidental4\/wp-json\/wp\/v2\/users\/1"}],"replies":[{"embeddable":true,"href":"https:\/\/serveiseducatius.xtec.cat\/vallesoccidental4\/wp-json\/wp\/v2\/comments?post=9672"}],"version-history":[{"count":3,"href":"https:\/\/serveiseducatius.xtec.cat\/vallesoccidental4\/wp-json\/wp\/v2\/pages\/9672\/revisions"}],"predecessor-version":[{"id":10087,"href":"https:\/\/serveiseducatius.xtec.cat\/vallesoccidental4\/wp-json\/wp\/v2\/pages\/9672\/revisions\/10087"}],"up":[{"embeddable":true,"href":"https:\/\/serveiseducatius.xtec.cat\/vallesoccidental4\/wp-json\/wp\/v2\/pages\/906"}],"wp:attachment":[{"href":"https:\/\/serveiseducatius.xtec.cat\/vallesoccidental4\/wp-json\/wp\/v2\/media?parent=9672"}],"curies":[{"name":"wp","href":"https:\/\/api.w.org\/{rel}","templated":true}]}}