{"id":9132,"date":"2020-01-29T09:54:55","date_gmt":"2020-01-29T08:54:55","guid":{"rendered":"http:\/\/serveiseducatius.xtec.cat\/vallesoccidental4\/?page_id=9132"},"modified":"2020-11-12T13:59:03","modified_gmt":"2020-11-12T12:59:03","slug":"convenis-i-paperassa","status":"publish","type":"page","link":"https:\/\/serveiseducatius.xtec.cat\/vallesoccidental4\/comunitat\/servei-comunitari\/convenis-i-paperassa\/","title":{"rendered":"Convenis i documentaci\u00f3"},"content":{"rendered":"<p><img loading=\"lazy\" decoding=\"async\" class=\"size-full wp-image-9166 aligncenter\" src=\"https:\/\/serveiseducatius.xtec.cat\/vallesoccidental4\/wp-content\/uploads\/usu1114\/2020\/01\/banner1_redux.jpg\" alt=\"\" width=\"700\" height=\"113\" srcset=\"https:\/\/serveiseducatius.xtec.cat\/vallesoccidental4\/wp-content\/uploads\/usu1114\/2020\/01\/banner1_redux.jpg 700w, https:\/\/serveiseducatius.xtec.cat\/vallesoccidental4\/wp-content\/uploads\/usu1114\/2020\/01\/banner1_redux-300x48.jpg 300w\" sizes=\"auto, (max-width: 700px) 100vw, 700px\" \/><\/p>\n<table class=\" aligncenter\" style=\"height: 145px; width: 587px; border-style: dashed; border-color: #ffffff; background-color: #ffffff;\" width=\"587\">\n<tbody>\n<tr style=\"height: 26px;\">\n<td style=\"width: 594px; height: 26px; text-align: left;\" colspan=\"2\"><span style=\"text-decoration: underline;\"><strong>Servei Comunitari en temps de pand\u00e8mia<\/strong><\/span><\/td>\n<\/tr>\n<tr style=\"height: 31px;\">\n<td style=\"width: 47px; height: 31px;\"><img loading=\"lazy\" decoding=\"async\" class=\"alignnone  wp-image-9624\" src=\"https:\/\/serveiseducatius.xtec.cat\/vallesoccidental4\/wp-content\/uploads\/usu1114\/2020\/11\/virus_corona_coronavirus_icon_140419.png\" alt=\"\" width=\"43\" height=\"44\" srcset=\"https:\/\/serveiseducatius.xtec.cat\/vallesoccidental4\/wp-content\/uploads\/usu1114\/2020\/11\/virus_corona_coronavirus_icon_140419.png 512w, https:\/\/serveiseducatius.xtec.cat\/vallesoccidental4\/wp-content\/uploads\/usu1114\/2020\/11\/virus_corona_coronavirus_icon_140419-150x150.png 150w, https:\/\/serveiseducatius.xtec.cat\/vallesoccidental4\/wp-content\/uploads\/usu1114\/2020\/11\/virus_corona_coronavirus_icon_140419-300x300.png 300w\" sizes=\"auto, (max-width: 43px) 100vw, 43px\" \/><\/td>\n<td style=\"width: 545px; height: 31px;\"><a href=\"http:\/\/xtec.gencat.cat\/web\/.content\/comunitat\/serveicomunitari\/SC-en-temps-de-pandemia\/SC_Orientacions-20-21.pdf\" target=\"_blank\" rel=\"noopener noreferrer\">Orientacions SC. Curs 20-21<\/a><\/td>\n<\/tr>\n<tr style=\"height: 47px;\">\n<td style=\"width: 47px; height: 47px;\"><img loading=\"lazy\" decoding=\"async\" class=\"alignnone  wp-image-9624\" src=\"https:\/\/serveiseducatius.xtec.cat\/vallesoccidental4\/wp-content\/uploads\/usu1114\/2020\/11\/virus_corona_coronavirus_icon_140419.png\" alt=\"\" width=\"43\" height=\"44\" srcset=\"https:\/\/serveiseducatius.xtec.cat\/vallesoccidental4\/wp-content\/uploads\/usu1114\/2020\/11\/virus_corona_coronavirus_icon_140419.png 512w, https:\/\/serveiseducatius.xtec.cat\/vallesoccidental4\/wp-content\/uploads\/usu1114\/2020\/11\/virus_corona_coronavirus_icon_140419-150x150.png 150w, https:\/\/serveiseducatius.xtec.cat\/vallesoccidental4\/wp-content\/uploads\/usu1114\/2020\/11\/virus_corona_coronavirus_icon_140419-300x300.png 300w\" sizes=\"auto, (max-width: 43px) 100vw, 43px\" \/><\/td>\n<td style=\"width: 545px; height: 47px;\"><a href=\"http:\/\/xtec.gencat.cat\/web\/.content\/comunitat\/serveicomunitari\/SC-en-temps-de-pandemia\/Documents-dorganitzacio-i-gestio-del-centre.pdf\" target=\"_blank\" rel=\"noopener noreferrer\">Document per a l&#8217;organitzaci\u00f3 i gesti\u00f3 de centre SC.<\/a><\/td>\n<\/tr>\n<\/tbody>\n<\/table>\n<table class=\" aligncenter\" style=\"height: 282px; width: 585px; border-style: dashed; background-color: #ffffff; border-color: #ffffff;\">\n<tbody>\n<tr style=\"height: 31px;\">\n<td style=\"width: 579px; height: 31px;\" colspan=\"2\"><span style=\"text-decoration: underline;\"><strong>Documents<\/strong><\/span><\/td>\n<\/tr>\n<tr style=\"height: 57px;\">\n<td style=\"width: 49px; height: 57px;\"><img loading=\"lazy\" decoding=\"async\" class=\"wp-image-9201 alignleft\" src=\"https:\/\/serveiseducatius.xtec.cat\/vallesoccidental4\/wp-content\/uploads\/usu1114\/2020\/01\/documents-158461_640.png\" alt=\"\" width=\"33\" height=\"30\" srcset=\"https:\/\/serveiseducatius.xtec.cat\/vallesoccidental4\/wp-content\/uploads\/usu1114\/2020\/01\/documents-158461_640.png 640w, https:\/\/serveiseducatius.xtec.cat\/vallesoccidental4\/wp-content\/uploads\/usu1114\/2020\/01\/documents-158461_640-300x274.png 300w\" sizes=\"auto, (max-width: 33px) 100vw, 33px\" \/><\/td>\n<td style=\"width: 528px; height: 57px;\"><a href=\"https:\/\/docs.google.com\/document\/d\/1R76ld6X-HmQUVianW4Gtvc0BsJXcaQRn7HfW9UPIdWI\/edit?usp=sharing\" target=\"_blank\" rel=\"noopener noreferrer\">Organitzaci\u00f3 i gesti\u00f3 de Servei Comunitari 19-20<\/a><\/td>\n<\/tr>\n<tr style=\"height: 57px;\">\n<td style=\"width: 49px; height: 57px;\"><img loading=\"lazy\" decoding=\"async\" class=\"wp-image-9201 alignleft\" src=\"https:\/\/serveiseducatius.xtec.cat\/vallesoccidental4\/wp-content\/uploads\/usu1114\/2020\/01\/documents-158461_640.png\" alt=\"\" width=\"33\" height=\"30\" srcset=\"https:\/\/serveiseducatius.xtec.cat\/vallesoccidental4\/wp-content\/uploads\/usu1114\/2020\/01\/documents-158461_640.png 640w, https:\/\/serveiseducatius.xtec.cat\/vallesoccidental4\/wp-content\/uploads\/usu1114\/2020\/01\/documents-158461_640-300x274.png 300w\" sizes=\"auto, (max-width: 33px) 100vw, 33px\" \/><\/td>\n<td style=\"width: 528px; height: 57px;\"><a href=\"http:\/\/xtec.gencat.cat\/web\/.content\/comunitat\/serveicomunitari\/documentacio\/DOCUMENT-MARC-SERVEI-COMUNITARI_octubre_2015.pdf\" target=\"_blank\" rel=\"noopener noreferrer\">Document marc<\/a><\/td>\n<\/tr>\n<tr style=\"height: 57px;\">\n<td style=\"width: 49px; height: 57px;\"><img loading=\"lazy\" decoding=\"async\" class=\"wp-image-9201 alignleft\" src=\"https:\/\/serveiseducatius.xtec.cat\/vallesoccidental4\/wp-content\/uploads\/usu1114\/2020\/01\/documents-158461_640.png\" alt=\"\" width=\"33\" height=\"30\" srcset=\"https:\/\/serveiseducatius.xtec.cat\/vallesoccidental4\/wp-content\/uploads\/usu1114\/2020\/01\/documents-158461_640.png 640w, https:\/\/serveiseducatius.xtec.cat\/vallesoccidental4\/wp-content\/uploads\/usu1114\/2020\/01\/documents-158461_640-300x274.png 300w\" sizes=\"auto, (max-width: 33px) 100vw, 33px\" \/><\/td>\n<td style=\"width: 528px; height: 57px;\"><a href=\"https:\/\/serveiseducatius.xtec.cat\/vallesoccidental4\/wp-content\/uploads\/usu1114\/2020\/11\/Autoritzacio-families_SC.pdf\" target=\"_blank\" rel=\"noopener noreferrer\">Autoritzaci\u00f3 i prestaci\u00f3 de Servei Comunitari (model)<\/a><\/td>\n<\/tr>\n<tr style=\"height: 57px;\">\n<td style=\"width: 49px; height: 57px;\"><img loading=\"lazy\" decoding=\"async\" class=\"wp-image-9201 alignleft\" src=\"https:\/\/serveiseducatius.xtec.cat\/vallesoccidental4\/wp-content\/uploads\/usu1114\/2020\/01\/documents-158461_640.png\" alt=\"\" width=\"33\" height=\"30\" srcset=\"https:\/\/serveiseducatius.xtec.cat\/vallesoccidental4\/wp-content\/uploads\/usu1114\/2020\/01\/documents-158461_640.png 640w, https:\/\/serveiseducatius.xtec.cat\/vallesoccidental4\/wp-content\/uploads\/usu1114\/2020\/01\/documents-158461_640-300x274.png 300w\" sizes=\"auto, (max-width: 33px) 100vw, 33px\" \/><\/td>\n<td style=\"width: 528px; height: 57px;\"><a href=\"https:\/\/serveiseducatius.xtec.cat\/vallesoccidental4\/wp-content\/uploads\/usu1114\/2020\/11\/Compromis_SC.pdf\" target=\"_blank\" rel=\"noopener noreferrer\">Declaraci\u00f3 de comprom\u00eds (model)<\/a><\/td>\n<\/tr>\n<\/tbody>\n<\/table>\n<table class=\" aligncenter\" style=\"width: 587px; border-style: dashed; border-color: #ffffff; background-color: #ffffff;\">\n<tbody>\n<tr>\n<td style=\"width: 579.2px;\" colspan=\"2\"><span style=\"text-decoration: underline;\"><strong>Convenis<\/strong><\/span><\/td>\n<\/tr>\n<tr>\n<td style=\"width: 49.6px;\"><a href=\"https:\/\/drive.google.com\/file\/d\/1JXKBsLFDpUbRPL2AJIMHQutlMs5jkyiC\/view?usp=sharing\"><img loading=\"lazy\" decoding=\"async\" class=\" wp-image-9202 alignleft\" src=\"https:\/\/serveiseducatius.xtec.cat\/vallesoccidental4\/wp-content\/uploads\/usu1114\/2020\/01\/note-2389227_640-e1580472006334.png\" alt=\"\" width=\"37\" height=\"37\" srcset=\"https:\/\/serveiseducatius.xtec.cat\/vallesoccidental4\/wp-content\/uploads\/usu1114\/2020\/01\/note-2389227_640-e1580472006334.png 560w, https:\/\/serveiseducatius.xtec.cat\/vallesoccidental4\/wp-content\/uploads\/usu1114\/2020\/01\/note-2389227_640-e1580472006334-150x150.png 150w, https:\/\/serveiseducatius.xtec.cat\/vallesoccidental4\/wp-content\/uploads\/usu1114\/2020\/01\/note-2389227_640-e1580472006334-300x300.png 300w\" sizes=\"auto, (max-width: 37px) 100vw, 37px\" \/><\/a><\/td>\n<td style=\"width: 528px;\"><a href=\"https:\/\/drive.google.com\/file\/d\/1JXKBsLFDpUbRPL2AJIMHQutlMs5jkyiC\/view?usp=sharing\" target=\"_blank\" rel=\"noopener noreferrer\">Gesti\u00f3 de Convenis<\/a><\/td>\n<\/tr>\n<tr>\n<td style=\"width: 49.6px;\"><a href=\"https:\/\/drive.google.com\/file\/d\/1JXKBsLFDpUbRPL2AJIMHQutlMs5jkyiC\/view?usp=sharing\"><img loading=\"lazy\" decoding=\"async\" class=\" wp-image-9202 alignleft\" src=\"https:\/\/serveiseducatius.xtec.cat\/vallesoccidental4\/wp-content\/uploads\/usu1114\/2020\/01\/note-2389227_640-e1580472006334.png\" alt=\"\" width=\"37\" height=\"37\" srcset=\"https:\/\/serveiseducatius.xtec.cat\/vallesoccidental4\/wp-content\/uploads\/usu1114\/2020\/01\/note-2389227_640-e1580472006334.png 560w, https:\/\/serveiseducatius.xtec.cat\/vallesoccidental4\/wp-content\/uploads\/usu1114\/2020\/01\/note-2389227_640-e1580472006334-150x150.png 150w, https:\/\/serveiseducatius.xtec.cat\/vallesoccidental4\/wp-content\/uploads\/usu1114\/2020\/01\/note-2389227_640-e1580472006334-300x300.png 300w\" sizes=\"auto, (max-width: 37px) 100vw, 37px\" \/><\/a><\/td>\n<td style=\"width: 528px;\"><a href=\"https:\/\/drive.google.com\/open?id=1zCH_1_fukWpYgV5YhR37O-buMsu0dame\" target=\"_blank\" rel=\"noopener noreferrer\">Model\u00a0<strong><span style=\"text-decoration: underline;\">digital<\/span> <\/strong>de conveni amb entitat<\/a><\/td>\n<\/tr>\n<tr>\n<td style=\"width: 49.6px;\"><a href=\"https:\/\/drive.google.com\/file\/d\/1JXKBsLFDpUbRPL2AJIMHQutlMs5jkyiC\/view?usp=sharing\"><img loading=\"lazy\" decoding=\"async\" class=\" wp-image-9202 alignleft\" src=\"https:\/\/serveiseducatius.xtec.cat\/vallesoccidental4\/wp-content\/uploads\/usu1114\/2020\/01\/note-2389227_640-e1580472006334.png\" alt=\"\" width=\"37\" height=\"37\" srcset=\"https:\/\/serveiseducatius.xtec.cat\/vallesoccidental4\/wp-content\/uploads\/usu1114\/2020\/01\/note-2389227_640-e1580472006334.png 560w, https:\/\/serveiseducatius.xtec.cat\/vallesoccidental4\/wp-content\/uploads\/usu1114\/2020\/01\/note-2389227_640-e1580472006334-150x150.png 150w, https:\/\/serveiseducatius.xtec.cat\/vallesoccidental4\/wp-content\/uploads\/usu1114\/2020\/01\/note-2389227_640-e1580472006334-300x300.png 300w\" sizes=\"auto, (max-width: 37px) 100vw, 37px\" \/><\/a><\/td>\n<td style=\"width: 528px;\"><a href=\"https:\/\/drive.google.com\/open?id=1fhp88q5ECEbqd6J51TpeyXXwD8yKJlOC\" target=\"_blank\" rel=\"noopener noreferrer\">Model <strong><span style=\"text-decoration: underline;\">en paper<\/span><\/strong> de conveni amb entitat<\/a><\/td>\n<\/tr>\n<\/tbody>\n<\/table>\n","protected":false},"excerpt":{"rendered":"<p>Servei Comunitari en temps de pand\u00e8mia Orientacions SC. Curs 20-21 Document per a l&#8217;organitzaci\u00f3 i gesti\u00f3 de centre SC. Documents Organitzaci\u00f3 i gesti\u00f3 de Servei Comunitari 19-20 Document marc Autoritzaci\u00f3 i prestaci\u00f3 de Servei Comunitari (model) Declaraci\u00f3 de comprom\u00eds (model) Convenis Gesti\u00f3 de Convenis Model\u00a0digital de conveni amb entitat Model en paper de conveni amb [&hellip;]<\/p>\n","protected":false},"author":1,"featured_media":0,"parent":8095,"menu_order":40,"comment_status":"closed","ping_status":"closed","template":"page-templates\/side-menu.php","meta":{"_bbp_topic_count":0,"_bbp_reply_count":0,"_bbp_total_topic_count":0,"_bbp_total_reply_count":0,"_bbp_voice_count":0,"_bbp_anonymous_reply_count":0,"_bbp_topic_count_hidden":0,"_bbp_reply_count_hidden":0,"_bbp_forum_subforum_count":0,"site-sidebar-layout":"default","site-content-layout":"","ast-site-content-layout":"","site-content-style":"default","site-sidebar-style":"default","ast-global-header-display":"","ast-banner-title-visibility":"","ast-main-header-display":"","ast-hfb-above-header-display":"","ast-hfb-below-header-display":"","ast-hfb-mobile-header-display":"","site-post-title":"","ast-breadcrumbs-content":"","ast-featured-img":"","footer-sml-layout":"","theme-transparent-header-meta":"","adv-header-id-meta":"","stick-header-meta":"","header-above-stick-meta":"","header-main-stick-meta":"","header-below-stick-meta":"","astra-migrate-meta-layouts":"default","ast-page-background-enabled":"default","ast-page-background-meta":{"desktop":{"background-color":"var(--ast-global-color-4)","background-image":"","background-repeat":"repeat","background-position":"center center","background-size":"auto","background-attachment":"scroll","background-type":"","background-media":"","overlay-type":"","overlay-color":"","overlay-opacity":"","overlay-gradient":""},"tablet":{"background-color":"","background-image":"","background-repeat":"repeat","background-position":"center center","background-size":"auto","background-attachment":"scroll","background-type":"","background-media":"","overlay-type":"","overlay-color":"","overlay-opacity":"","overlay-gradient":""},"mobile":{"background-color":"","background-image":"","background-repeat":"repeat","background-position":"center center","background-size":"auto","background-attachment":"scroll","background-type":"","background-media":"","overlay-type":"","overlay-color":"","overlay-opacity":"","overlay-gradient":""}},"ast-content-background-meta":{"desktop":{"background-color":"var(--ast-global-color-5)","background-image":"","background-repeat":"repeat","background-position":"center center","background-size":"auto","background-attachment":"scroll","background-type":"","background-media":"","overlay-type":"","overlay-color":"","overlay-opacity":"","overlay-gradient":""},"tablet":{"background-color":"var(--ast-global-color-5)","background-image":"","background-repeat":"repeat","background-position":"center center","background-size":"auto","background-attachment":"scroll","background-type":"","background-media":"","overlay-type":"","overlay-color":"","overlay-opacity":"","overlay-gradient":""},"mobile":{"background-color":"var(--ast-global-color-5)","background-image":"","background-repeat":"repeat","background-position":"center center","background-size":"auto","background-attachment":"scroll","background-type":"","background-media":"","overlay-type":"","overlay-color":"","overlay-opacity":"","overlay-gradient":""}},"footnotes":""},"class_list":["post-9132","page","type-page","status-publish","hentry"],"post_mailing_queue_ids":[],"_links":{"self":[{"href":"https:\/\/serveiseducatius.xtec.cat\/vallesoccidental4\/wp-json\/wp\/v2\/pages\/9132","targetHints":{"allow":["GET"]}}],"collection":[{"href":"https:\/\/serveiseducatius.xtec.cat\/vallesoccidental4\/wp-json\/wp\/v2\/pages"}],"about":[{"href":"https:\/\/serveiseducatius.xtec.cat\/vallesoccidental4\/wp-json\/wp\/v2\/types\/page"}],"author":[{"embeddable":true,"href":"https:\/\/serveiseducatius.xtec.cat\/vallesoccidental4\/wp-json\/wp\/v2\/users\/1"}],"replies":[{"embeddable":true,"href":"https:\/\/serveiseducatius.xtec.cat\/vallesoccidental4\/wp-json\/wp\/v2\/comments?post=9132"}],"version-history":[{"count":3,"href":"https:\/\/serveiseducatius.xtec.cat\/vallesoccidental4\/wp-json\/wp\/v2\/pages\/9132\/revisions"}],"predecessor-version":[{"id":9626,"href":"https:\/\/serveiseducatius.xtec.cat\/vallesoccidental4\/wp-json\/wp\/v2\/pages\/9132\/revisions\/9626"}],"up":[{"embeddable":true,"href":"https:\/\/serveiseducatius.xtec.cat\/vallesoccidental4\/wp-json\/wp\/v2\/pages\/8095"}],"wp:attachment":[{"href":"https:\/\/serveiseducatius.xtec.cat\/vallesoccidental4\/wp-json\/wp\/v2\/media?parent=9132"}],"curies":[{"name":"wp","href":"https:\/\/api.w.org\/{rel}","templated":true}]}}