{"id":8981,"date":"2019-12-19T16:53:46","date_gmt":"2019-12-19T15:53:46","guid":{"rendered":"http:\/\/serveiseducatius.xtec.cat\/vallesoccidental4\/?page_id=8981"},"modified":"2020-01-21T15:05:26","modified_gmt":"2020-01-21T14:05:26","slug":"centres-privats","status":"publish","type":"page","link":"https:\/\/serveiseducatius.xtec.cat\/vallesoccidental4\/comunitat\/centres-educatius\/centres-privats\/","title":{"rendered":"Centres Privats"},"content":{"rendered":"<p><img loading=\"lazy\" decoding=\"async\" class=\"aligncenter wp-image-8983 \" src=\"https:\/\/serveiseducatius.xtec.cat\/vallesoccidental4\/wp-content\/uploads\/usu1114\/2019\/12\/Escoles-privades-e1576770812384-1024x243.png\" alt=\"\" width=\"881\" height=\"209\" srcset=\"https:\/\/serveiseducatius.xtec.cat\/vallesoccidental4\/wp-content\/uploads\/usu1114\/2019\/12\/Escoles-privades-e1576770812384.png 1024w, https:\/\/serveiseducatius.xtec.cat\/vallesoccidental4\/wp-content\/uploads\/usu1114\/2019\/12\/Escoles-privades-e1576770812384-300x71.png 300w, https:\/\/serveiseducatius.xtec.cat\/vallesoccidental4\/wp-content\/uploads\/usu1114\/2019\/12\/Escoles-privades-e1576770812384-768x182.png 768w\" sizes=\"auto, (max-width: 881px) 100vw, 881px\" \/><\/p>\n<p>&nbsp;<\/p>\n<p><strong>\u00c0gora Sant Cugat International School<br \/>\n<\/strong><a href=\"https:\/\/goo.gl\/maps\/UYskksphbz7UqYA99\" target=\"_blank\" rel=\"noopener noreferrer\">Carrer de Ferrer i Gu\u00e0rdia, 12<\/a><br \/>\nTel. 935 902 600<br \/>\nCorreu electr\u00f2nic: <a href=\"mailto:administracio@agoracentredestudis.com\">administracio@agoracentredestudis.com<\/a><img loading=\"lazy\" decoding=\"async\" class=\"alignright wp-image-9085\" src=\"https:\/\/serveiseducatius.xtec.cat\/vallesoccidental4\/wp-content\/uploads\/usu1114\/2020\/01\/1-\u00c0gora-e1579612734643.jpg\" alt=\"\" width=\"487\" height=\"167\" srcset=\"https:\/\/serveiseducatius.xtec.cat\/vallesoccidental4\/wp-content\/uploads\/usu1114\/2020\/01\/1-\u00c0gora-e1579612734643.jpg 452w, https:\/\/serveiseducatius.xtec.cat\/vallesoccidental4\/wp-content\/uploads\/usu1114\/2020\/01\/1-\u00c0gora-e1579612734643-300x103.jpg 300w\" sizes=\"auto, (max-width: 487px) 100vw, 487px\" \/><br \/>\nWeb: <a href=\"https:\/\/www.colegioagorasantcugat.es\/\" target=\"_blank\" rel=\"noopener noreferrer\">https:\/\/www.colegioagorasantcugat.es\/<\/a><\/p>\n<p>De dilluns a divendres, de 8,50 a 16,50h<br \/>\nAcollida, 7,20 a 8,50h i de 16,50 a 18,20h<br \/>\nExtraescolars, migdia i de 17 a 18h<\/p>\n<p>OFERTA FORMATIVA<br \/>\n&#8211; Educaci\u00f3 infantil i prim\u00e0ria<br \/>\n&#8211; Educaci\u00f3 secund\u00e0ria obligat\u00f2ria (ESO)<br \/>\n&#8211; Batxillerats<br \/>\n&#8211; Cicles formatius grau mitj\u00e0 d&#8217;imatge i so<br \/>\n&#8211; Cicles formatius grau superior d&#8217;imatge i so<\/p>\n<p>&nbsp;<\/p>\n<p><strong>Col\u00b7legi CreaNova<br \/>\n<\/strong><a href=\"https:\/\/goo.gl\/maps\/ituxCu6Q6JBN1tzd9\" target=\"_blank\" rel=\"noopener noreferrer\">Carretera de Rub\u00ed, 90<\/a><br \/>\nTel. 932 526 161<a href=\"https:\/\/www.collegicreanova.org\/cat\/\" target=\"_blank\" rel=\"noopener noreferrer\"><img loading=\"lazy\" decoding=\"async\" class=\"alignright wp-image-9086\" src=\"https:\/\/serveiseducatius.xtec.cat\/vallesoccidental4\/wp-content\/uploads\/usu1114\/2020\/01\/2-Creanova.jpg\" alt=\"\" width=\"468\" height=\"257\" srcset=\"https:\/\/serveiseducatius.xtec.cat\/vallesoccidental4\/wp-content\/uploads\/usu1114\/2020\/01\/2-Creanova.jpg 1000w, https:\/\/serveiseducatius.xtec.cat\/vallesoccidental4\/wp-content\/uploads\/usu1114\/2020\/01\/2-Creanova-300x165.jpg 300w, https:\/\/serveiseducatius.xtec.cat\/vallesoccidental4\/wp-content\/uploads\/usu1114\/2020\/01\/2-Creanova-768x422.jpg 768w\" sizes=\"auto, (max-width: 468px) 100vw, 468px\" \/><\/a><br \/>\nCorreu electr\u00f2nic: <a href=\"mailto:info@collegicreanova.org\">info@collegicreanova.org<\/a><br \/>\nWeb: <a href=\"https:\/\/www.collegicreanova.org\/cat\/\" target=\"_blank\" rel=\"noopener noreferrer\">https:\/\/www.collegicreanova.org<\/a><\/p>\n<p>De dilluns a dijous, de 9 a 16.30h<br \/>\nDivendres, de 9 a 15h<br \/>\nAcollida matinal, de 8.30 a 9h<br \/>\nAcollida de tarda, de 16.30 a 17.30h. Divendres de 15 a 17 h<\/p>\n<p>OFERTA FORMATIVA<br \/>\n&#8211; Segon cicle d&#8217;educaci\u00f3 infantil i prim\u00e0ria<br \/>\n&#8211; Educaci\u00f3 secund\u00e0ria obligat\u00f2ria (ESO)<br \/>\n&#8211; Batxillerats de Ci\u00e8ncia i tecnologia, Humanitats i ci\u00e8ncies socials, Art\u00edstics<\/p>\n<p>&nbsp;<\/p>\n<p><strong>Escola Superior de Negocis<br \/>\n<\/strong><a href=\"https:\/\/goo.gl\/maps\/ZW41979wUpYdt6bq8\" target=\"_blank\" rel=\"noopener noreferrer\">Avinguda de Cerdanyola, 73 1er pis<\/a><br \/>\nTel. 935 892 787<a href=\"http:\/\/www.esn.cat\/ca\/benvinguts\/\" target=\"_blank\" rel=\"noopener noreferrer\"><img loading=\"lazy\" decoding=\"async\" class=\"alignright wp-image-9087 size-full\" src=\"https:\/\/serveiseducatius.xtec.cat\/vallesoccidental4\/wp-content\/uploads\/usu1114\/2020\/01\/3-Escola-Superior-de-Negocis.jpg\" alt=\"\" width=\"580\" height=\"326\" srcset=\"https:\/\/serveiseducatius.xtec.cat\/vallesoccidental4\/wp-content\/uploads\/usu1114\/2020\/01\/3-Escola-Superior-de-Negocis.jpg 580w, https:\/\/serveiseducatius.xtec.cat\/vallesoccidental4\/wp-content\/uploads\/usu1114\/2020\/01\/3-Escola-Superior-de-Negocis-300x169.jpg 300w\" sizes=\"auto, (max-width: 580px) 100vw, 580px\" \/><\/a><br \/>\nCorreu electr\u00f2nic: <a href=\"mailto:info@esn.cat\">info@esn.cat<\/a><br \/>\nWeb: <a href=\"http:\/\/www.esn.cat\/ca\/benvinguts\/\" target=\"_blank\" rel=\"noopener noreferrer\">http:\/\/www.esn.cat<\/a><\/p>\n<p>De 9 a 15h el primer any<br \/>\nDe 15 a 19h el segon any<\/p>\n<p>OFERTA FORMATIVA<br \/>\n<strong>Cicles formatius de grau mitj\u00e0:<\/strong><br \/>\n&#8211; Activitats comercials<br \/>\n<strong>Cicles formatius de grau superior:<\/strong><br \/>\n&#8211; M\u00e0rqueting digital i publicitat<br \/>\n&#8211; Administraci\u00f3 i finances<br \/>\n&#8211; Comer\u00e7 digital internacional<\/p>\n<p><em>Titulaci\u00f3 espanyola i brit\u00e0nica<\/em><\/p>\n<p>&nbsp;<\/p>\n<p><strong>Europa International School<br \/>\n<\/strong><a href=\"https:\/\/goo.gl\/maps\/7ykcQ4csPpTW2miw7\" target=\"_blank\" rel=\"noopener noreferrer\">Avinguda del Pla del Vinyet, 110<\/a><br \/>\nTel. 935 898 420<br \/>\nCorreu electr\u00f2nic: <a href=\"mailto:info@europais.com\">info@europais.com<\/a><a href=\"http:\/\/www.europais.com\/\" target=\"_blank\" rel=\"noopener noreferrer\"><img loading=\"lazy\" decoding=\"async\" class=\"alignright wp-image-9088\" src=\"https:\/\/serveiseducatius.xtec.cat\/vallesoccidental4\/wp-content\/uploads\/usu1114\/2020\/01\/4-Europa.png\" alt=\"\" width=\"548\" height=\"181\" \/><\/a><br \/>\nWeb: <a href=\"http:\/\/www.europais.com\/\" target=\"_blank\" rel=\"noopener noreferrer\">http:\/\/www.europais.com\/<\/a><\/p>\n<p>De dilluns a divendres, de 9 a 17h<br \/>\nAcollida matinal, de 7,30 a 9h<br \/>\nde tarda, de 17 a 19,30h<br \/>\nExtraescolars, migdies i de 17 a 21,30h<\/p>\n<p>OFERTA FORMATIVA<br \/>\n&#8211; Educaci\u00f3 infantil i prim\u00e0ria<br \/>\n&#8211; Educaci\u00f3 secund\u00e0ria obligat\u00f2ria (ESO)<br \/>\n&#8211; Batxillerats<br \/>\nInternational A-Levels<br \/>\nAmerican High School Diploma<\/p>\n<p>&nbsp;<\/p>\n<p><strong>Gimbernat Formaci\u00f3<br \/>\n<\/strong><span class=\"\"><a href=\"https:\/\/goo.gl\/maps\/AfWr67jiefanNddA9\" target=\"_blank\" rel=\"noopener noreferrer\">Avinguda de la Generalitat, 202<\/a><br \/>\nTel. 935 893 727<a href=\"http:\/\/www.gf.eug.es\/\" target=\"_blank\" rel=\"noopener noreferrer\"><img loading=\"lazy\" decoding=\"async\" class=\"alignright wp-image-9089\" src=\"https:\/\/serveiseducatius.xtec.cat\/vallesoccidental4\/wp-content\/uploads\/usu1114\/2020\/01\/5-Gimbernat-Formaci\u00f3-e1579614826699-1024x667.jpg\" alt=\"\" width=\"539\" height=\"351\" srcset=\"https:\/\/serveiseducatius.xtec.cat\/vallesoccidental4\/wp-content\/uploads\/usu1114\/2020\/01\/5-Gimbernat-Formaci\u00f3-e1579614826699-1024x667.jpg 1024w, https:\/\/serveiseducatius.xtec.cat\/vallesoccidental4\/wp-content\/uploads\/usu1114\/2020\/01\/5-Gimbernat-Formaci\u00f3-e1579614826699-300x195.jpg 300w, https:\/\/serveiseducatius.xtec.cat\/vallesoccidental4\/wp-content\/uploads\/usu1114\/2020\/01\/5-Gimbernat-Formaci\u00f3-e1579614826699-768x500.jpg 768w, https:\/\/serveiseducatius.xtec.cat\/vallesoccidental4\/wp-content\/uploads\/usu1114\/2020\/01\/5-Gimbernat-Formaci\u00f3-e1579614826699.jpg 1448w\" sizes=\"auto, (max-width: 539px) 100vw, 539px\" \/><\/a><br \/>\nCorreu electr\u00f2nic: <a href=\"mailto:informatica@eug.es\">informatica@eug.es<\/a><\/span><br \/>\nWeb: <a href=\"http:\/\/www.gf.eug.es\/\" target=\"_blank\" rel=\"noopener noreferrer\">http:\/\/www.gf.eug.es\/<\/a><\/p>\n<p>De dilluns a divendres, de 8,30 a 14,30h<br \/>\nActivitats extraescolars al llarg del curs<br \/>\nCentre obert de 8 a 22h, i dissabtes, de 8,30 a 14h<\/p>\n<p>OFERTA FORMATIVA<br \/>\n<strong>Cicles formatius de grau mitj\u00e0:<\/strong><br \/>\n&#8211; Sistemes microinform\u00e0tics i xarxes.<br \/>\n&#8211; H\u00edpica.<br \/>\n<strong>Cicles formatius de grau superior:<\/strong><br \/>\n&#8211; Desenvolupament d&#8217;aplicacions web &#8211;<br \/>\n&#8211; Perfil professional bioinform\u00e0tica<\/p>\n","protected":false},"excerpt":{"rendered":"<p>&nbsp; \u00c0gora Sant Cugat International School Carrer de Ferrer i Gu\u00e0rdia, 12 Tel. 935 902 600 Correu electr\u00f2nic: administracio@agoracentredestudis.com Web: https:\/\/www.colegioagorasantcugat.es\/ De dilluns a divendres, de 8,50 a 16,50h Acollida, 7,20 a 8,50h i de 16,50 a 18,20h Extraescolars, migdia i de 17 a 18h OFERTA FORMATIVA &#8211; Educaci\u00f3 infantil i prim\u00e0ria &#8211; Educaci\u00f3 secund\u00e0ria [&hellip;]<\/p>\n","protected":false},"author":1,"featured_media":0,"parent":338,"menu_order":50,"comment_status":"closed","ping_status":"closed","template":"page-templates\/side-menu.php","meta":{"_bbp_topic_count":0,"_bbp_reply_count":0,"_bbp_total_topic_count":0,"_bbp_total_reply_count":0,"_bbp_voice_count":0,"_bbp_anonymous_reply_count":0,"_bbp_topic_count_hidden":0,"_bbp_reply_count_hidden":0,"_bbp_forum_subforum_count":0,"site-sidebar-layout":"default","site-content-layout":"","ast-site-content-layout":"","site-content-style":"default","site-sidebar-style":"default","ast-global-header-display":"","ast-banner-title-visibility":"","ast-main-header-display":"","ast-hfb-above-header-display":"","ast-hfb-below-header-display":"","ast-hfb-mobile-header-display":"","site-post-title":"","ast-breadcrumbs-content":"","ast-featured-img":"","footer-sml-layout":"","theme-transparent-header-meta":"","adv-header-id-meta":"","stick-header-meta":"","header-above-stick-meta":"","header-main-stick-meta":"","header-below-stick-meta":"","astra-migrate-meta-layouts":"default","ast-page-background-enabled":"default","ast-page-background-meta":{"desktop":{"background-color":"var(--ast-global-color-4)","background-image":"","background-repeat":"repeat","background-position":"center center","background-size":"auto","background-attachment":"scroll","background-type":"","background-media":"","overlay-type":"","overlay-color":"","overlay-opacity":"","overlay-gradient":""},"tablet":{"background-color":"","background-image":"","background-repeat":"repeat","background-position":"center center","background-size":"auto","background-attachment":"scroll","background-type":"","background-media":"","overlay-type":"","overlay-color":"","overlay-opacity":"","overlay-gradient":""},"mobile":{"background-color":"","background-image":"","background-repeat":"repeat","background-position":"center center","background-size":"auto","background-attachment":"scroll","background-type":"","background-media":"","overlay-type":"","overlay-color":"","overlay-opacity":"","overlay-gradient":""}},"ast-content-background-meta":{"desktop":{"background-color":"var(--ast-global-color-5)","background-image":"","background-repeat":"repeat","background-position":"center center","background-size":"auto","background-attachment":"scroll","background-type":"","background-media":"","overlay-type":"","overlay-color":"","overlay-opacity":"","overlay-gradient":""},"tablet":{"background-color":"var(--ast-global-color-5)","background-image":"","background-repeat":"repeat","background-position":"center center","background-size":"auto","background-attachment":"scroll","background-type":"","background-media":"","overlay-type":"","overlay-color":"","overlay-opacity":"","overlay-gradient":""},"mobile":{"background-color":"var(--ast-global-color-5)","background-image":"","background-repeat":"repeat","background-position":"center center","background-size":"auto","background-attachment":"scroll","background-type":"","background-media":"","overlay-type":"","overlay-color":"","overlay-opacity":"","overlay-gradient":""}},"footnotes":""},"class_list":["post-8981","page","type-page","status-publish","hentry"],"post_mailing_queue_ids":[],"_links":{"self":[{"href":"https:\/\/serveiseducatius.xtec.cat\/vallesoccidental4\/wp-json\/wp\/v2\/pages\/8981","targetHints":{"allow":["GET"]}}],"collection":[{"href":"https:\/\/serveiseducatius.xtec.cat\/vallesoccidental4\/wp-json\/wp\/v2\/pages"}],"about":[{"href":"https:\/\/serveiseducatius.xtec.cat\/vallesoccidental4\/wp-json\/wp\/v2\/types\/page"}],"author":[{"embeddable":true,"href":"https:\/\/serveiseducatius.xtec.cat\/vallesoccidental4\/wp-json\/wp\/v2\/users\/1"}],"replies":[{"embeddable":true,"href":"https:\/\/serveiseducatius.xtec.cat\/vallesoccidental4\/wp-json\/wp\/v2\/comments?post=8981"}],"version-history":[{"count":3,"href":"https:\/\/serveiseducatius.xtec.cat\/vallesoccidental4\/wp-json\/wp\/v2\/pages\/8981\/revisions"}],"predecessor-version":[{"id":9095,"href":"https:\/\/serveiseducatius.xtec.cat\/vallesoccidental4\/wp-json\/wp\/v2\/pages\/8981\/revisions\/9095"}],"up":[{"embeddable":true,"href":"https:\/\/serveiseducatius.xtec.cat\/vallesoccidental4\/wp-json\/wp\/v2\/pages\/338"}],"wp:attachment":[{"href":"https:\/\/serveiseducatius.xtec.cat\/vallesoccidental4\/wp-json\/wp\/v2\/media?parent=8981"}],"curies":[{"name":"wp","href":"https:\/\/api.w.org\/{rel}","templated":true}]}}