{"id":8940,"date":"2019-12-13T16:59:25","date_gmt":"2019-12-13T15:59:25","guid":{"rendered":"http:\/\/serveiseducatius.xtec.cat\/vallesoccidental4\/?page_id=8940"},"modified":"2019-12-19T16:51:02","modified_gmt":"2019-12-19T15:51:02","slug":"centres-educatius-concertats","status":"publish","type":"page","link":"https:\/\/serveiseducatius.xtec.cat\/vallesoccidental4\/comunitat\/centres-educatius\/centres-educatius-concertats\/","title":{"rendered":"Centres Educatius Concertats"},"content":{"rendered":"<p><img loading=\"lazy\" decoding=\"async\" class=\"wp-image-8941 aligncenter\" src=\"https:\/\/serveiseducatius.xtec.cat\/vallesoccidental4\/wp-content\/uploads\/usu1114\/2019\/12\/Escoles-concertades-e1576251407811.jpg\" alt=\"\" width=\"590\" height=\"197\" srcset=\"https:\/\/serveiseducatius.xtec.cat\/vallesoccidental4\/wp-content\/uploads\/usu1114\/2019\/12\/Escoles-concertades-e1576251407811.jpg 767w, https:\/\/serveiseducatius.xtec.cat\/vallesoccidental4\/wp-content\/uploads\/usu1114\/2019\/12\/Escoles-concertades-e1576251407811-300x100.jpg 300w\" sizes=\"auto, (max-width: 590px) 100vw, 590px\" \/><\/p>\n<h1 style=\"text-align: center;\"><strong>Infantil i Prim\u00e0ria<\/strong><\/h1>\n<p><strong>Escola Santa Isabel<a href=\"https:\/\/www.franciscanessantcugat.org\/ca\/\" target=\"_blank\" rel=\"noopener noreferrer\"><img loading=\"lazy\" decoding=\"async\" class=\"alignleft wp-image-8950 \" src=\"https:\/\/serveiseducatius.xtec.cat\/vallesoccidental4\/wp-content\/uploads\/usu1114\/2019\/12\/5-Santa-Isabel_INF-PRI.jpg\" alt=\"\" width=\"237\" height=\"237\" \/><\/a><br \/>\n<\/strong><a href=\"https:\/\/goo.gl\/maps\/ahqAx7Y3seLiKZ9j7\" target=\"_blank\" rel=\"noopener noreferrer\">Rambla de Ribatallada, 12<\/a><br \/>\nTel. 936 740 414<br \/>\nCorreu electr\u00f2nic: <a href=\"mailto:a8025988@xtec.cat\">a8025988@xtec.cat<\/a><br \/>\nWeb: <a href=\"https:\/\/www.franciscanessantcugat.org\/ca\/\" target=\"_blank\" rel=\"noopener noreferrer\">http:\/\/www.santaisabel.org\/<\/a><br \/>\nDe dilluns a divendres, de 9 a 17h<br \/>\nAcollida matinal, a partir de les 7,45h<br \/>\nActivitats extraescolars, de 17 a 18,45h<br \/>\nServei d&#8217;esplai, de 17 a 18,30h<\/p>\n<h5><\/h5>\n<p>&nbsp;<\/p>\n<h1 style=\"text-align: center;\"><strong>Infantil, Prim\u00e0ria i Secund\u00e0ria<\/strong><\/h1>\n<p><strong>Escola Aven\u00e7<a href=\"https:\/\/www.fundaciocollserola.cat\/escoles\/index.php?sch=3\" target=\"_blank\" rel=\"noopener noreferrer\"><img loading=\"lazy\" decoding=\"async\" class=\"alignleft wp-image-8947\" src=\"https:\/\/serveiseducatius.xtec.cat\/vallesoccidental4\/wp-content\/uploads\/usu1114\/2019\/12\/1-Aven\u00e7-e1576571322839.png\" alt=\"\" width=\"282\" height=\"241\" \/><\/a><br \/>\n<\/strong><a href=\"https:\/\/goo.gl\/maps\/87tNkiD4xJ5w89y38\" target=\"_blank\" rel=\"noopener noreferrer\">Cami de Sant Cugat al Papiol, 36<\/a><br \/>\nTel. 936 744 154<br \/>\nCorreu electr\u00f2nic: <a href=\"mailto:escolavenc@fcollserola.cat\">escolavenc@fcollserola.cat<\/a><br \/>\nWeb: <a href=\"https:\/\/www.fundaciocollserola.cat\/escoles\/index.php?sch=3\" target=\"_blank\" rel=\"noopener noreferrer\">http:\/\/www.fundaciocollserola.com\/<\/a><br \/>\nInfantil i prim\u00e0ria, de 9 a 17h<br \/>\nSecund\u00e0ria, de 8 a 17h (1r cicle, divendres fins a les 16h, i 2n cicle, els dimecres i divendres, fins a les 16h)<br \/>\nAcollida matinal, a partir de les 7,45h<br \/>\nAcollida de tarda, fins les 18,30h<\/p>\n<h5><\/h5>\n<p>&nbsp;<\/p>\n<p><strong>Col\u00b7legi La Farga<a href=\"http:\/\/www.institucio.org\/lafarga\" target=\"_blank\" rel=\"noopener noreferrer\"><img loading=\"lazy\" decoding=\"async\" class=\"alignleft wp-image-8950 \" src=\"https:\/\/serveiseducatius.xtec.cat\/vallesoccidental4\/wp-content\/uploads\/usu1114\/2019\/12\/3-La-farga-e1576571391238.jpg\" alt=\"\" width=\"264\" height=\"198\" srcset=\"https:\/\/serveiseducatius.xtec.cat\/vallesoccidental4\/wp-content\/uploads\/usu1114\/2019\/12\/3-La-farga-e1576571391238.jpg 266w, https:\/\/serveiseducatius.xtec.cat\/vallesoccidental4\/wp-content\/uploads\/usu1114\/2019\/12\/3-La-farga-e1576571391238-200x150.jpg 200w\" sizes=\"auto, (max-width: 264px) 100vw, 264px\" \/><\/a><br \/>\n<\/strong><a href=\"https:\/\/goo.gl\/maps\/PiaEEQmFGAr8ZEN4A\" target=\"_blank\" rel=\"noopener noreferrer\">Cami del Crist Treballador, 50<\/a><br \/>\nTel. 933 623 535<br \/>\nCorreu electr\u00f2nic: <a href=\"mailto:lafarga@institucio.org\">lafarga@institucio.org<\/a><br \/>\nWeb: <a href=\"http:\/\/www.institucio.org\/lafarga\" target=\"_blank\" rel=\"noopener noreferrer\">http:\/\/www.institucio.org\/lafarga<\/a><br \/>\nDe dilluns a divendres, de 9 a 17h<br \/>\nActivitats extraescolars, de 17 a 18h<\/p>\n<h5><\/h5>\n<p>&nbsp;<\/p>\n<p><strong>Col\u00b7legi Pureza de Maria<a href=\"http:\/\/www.pmaria-santcugat.org\/\" target=\"_blank\" rel=\"noopener noreferrer\"><img loading=\"lazy\" decoding=\"async\" class=\"wp-image-8947 alignright\" src=\"https:\/\/serveiseducatius.xtec.cat\/vallesoccidental4\/wp-content\/uploads\/usu1114\/2019\/12\/4-Pureza-de-Maria.png\" alt=\"\" width=\"462\" height=\"144\" \/><\/a><br \/>\n<\/strong><a href=\"https:\/\/goo.gl\/maps\/qoqXDXdYbKAUzvX66\" target=\"_blank\" rel=\"noopener noreferrer\">Carrer de Merc\u00e8 Vilaret, 21<\/a><br \/>\nTel. 936 742 250<br \/>\nCorreu electr\u00f2nic: <a href=\"mailto:santcugat@purezademaria.com\">santcugat@purezademaria.com<\/a><br \/>\nWeb: <a href=\"http:\/\/www.pmaria-santcugat.org\/\" target=\"_blank\" rel=\"noopener noreferrer\">http:\/\/www.pmaria-santcugat.org\/<\/a><br \/>\nDe dilluns a divendres, de 9 a 17h<br \/>\nAcollida, de 8 a 9h i de 17 a 19h<br \/>\nActivitats: migdia i tarda, de 17 a 18,30hh<\/p>\n<h5><\/h5>\n<p>&nbsp;<\/p>\n<p><strong>Escola Thau Sant Cugat<br \/>\n<\/strong><a href=\"https:\/\/goo.gl\/maps\/PW38E4mKAkioMKgB8\" target=\"_blank\" rel=\"noopener noreferrer\">Avinguda de la Generalitat, 199-201<\/a><img loading=\"lazy\" decoding=\"async\" class=\"wp-image-8947 alignright\" src=\"https:\/\/serveiseducatius.xtec.cat\/vallesoccidental4\/wp-content\/uploads\/usu1114\/2019\/12\/6-Thau.png\" alt=\"\" width=\"496\" height=\"88\" \/><br \/>\nTel. 935 898 108<br \/>\nCorreu electr\u00f2nic: <a href=\"mailto:thausc@thausc.iccic.edu\">thausc@thausc.iccic.edu<\/a><br \/>\nWeb: <a href=\"https:\/\/www.iccic.edu\/thau-sant-cugat\" target=\"_blank\" rel=\"noopener noreferrer\">https:\/\/www.iccic.edu\/thau-sant-cugat<\/a><br \/>\nDe 8,30 a 16,30h<br \/>\n3r i 4t de secund\u00e0ria, de 8,30 a 17h (excepte dimecres i divendres tarda)<br \/>\nAcollida, de 7,45 a 8,30h i de 16,30 a 17h<br \/>\nExtraescolars, fins a 18,30h<\/p>\n<h5><\/h5>\n<p>&nbsp;<\/p>\n<p><strong>Viar\u00f3 Global School<a href=\"https:\/\/viaro.org\/\" target=\"_blank\" rel=\"noopener noreferrer\"><img loading=\"lazy\" decoding=\"async\" class=\"wp-image-8947 alignright\" src=\"https:\/\/serveiseducatius.xtec.cat\/vallesoccidental4\/wp-content\/uploads\/usu1114\/2019\/12\/7-Viar\u00f3.png\" alt=\"\" width=\"369\" height=\"174\" \/><\/a><br \/>\n<\/strong><a href=\"https:\/\/goo.gl\/maps\/6c1nF5QaYWkwSWCb6\" target=\"_blank\" rel=\"noopener noreferrer\">Avinguda de l&#8217;Alcalde Barnils, 2<\/a><br \/>\nTel. 935 890 589<br \/>\nCorreu electr\u00f2nic: <a href=\"mailto:viaro@viaro.org\">viaro@viaro.org<\/a><br \/>\nWeb: <a href=\"https:\/\/viaro.org\/\" target=\"_blank\" rel=\"noopener noreferrer\">https:\/\/viaro.org\/<\/a><br \/>\nDe dilluns a divendres, de 9,15 a 16,30h<br \/>\nAcollida matinal, a les 8h<br \/>\nActivitats extraescolars, de 8 a 9,15h i de 16,30 a 17,45h<\/p>\n<h5><\/h5>\n<p>&nbsp;<\/p>\n<h1 style=\"text-align: center;\"><strong>Secund\u00e0ria, Batxillerat i Formaci\u00f3 Professional <\/strong><\/h1>\n<p><strong>Liceu Polit\u00e8cnic<br \/>\n<\/strong><a href=\"https:\/\/goo.gl\/maps\/P33aEPs54s8mGi2J9\" target=\"_blank\" rel=\"noopener noreferrer\">Avinguda de Graells, 35<\/a><a href=\"http:\/\/www.liceupolitecnic.es\/\" target=\"_blank\" rel=\"noopener noreferrer\"><img loading=\"lazy\" decoding=\"async\" class=\"wp-image-8950 alignright\" src=\"https:\/\/serveiseducatius.xtec.cat\/vallesoccidental4\/wp-content\/uploads\/usu1114\/2019\/12\/Logo-Liceu-Politecnic-2.png\" alt=\"\" width=\"437\" height=\"131\" \/><\/a><br \/>\nTel. 936 990 899<br \/>\nCorreu electr\u00f2nic: <a href=\"mailto:direccio@liceupolitecnic.com\">direccio<span class=\"atwho-query\">@liceupolitecnic.com<\/span><\/a><br \/>\nWeb: <a href=\"http:\/\/www.liceupolitecnic.es\/\" target=\"_blank\" rel=\"noopener noreferrer\">http:\/\/www.liceupolitecnic.es\/<\/a><br \/>\nESO:<br \/>\nDe dilluns a dijous, de 8.30 a 13.30 h i de 15 a 16.50 h<br \/>\nDivendres, de 8.30 a 13.30 h<br \/>\nBatxillerat: cada dia, de 8.30 a 14.30 h<\/p>\n<h5><\/h5>\n<p>&nbsp;<\/p>\n<h1 style=\"text-align: center;\"><strong>Tots els ensenyaments<\/strong><\/h1>\n<p><strong>Col\u00b7legi El Pinar de Nuestra Se\u00f1ora<a href=\"http:\/\/www.hsmcj.org\/Pinar\/index.html\" target=\"_blank\" rel=\"noopener noreferrer\"><img loading=\"lazy\" decoding=\"async\" class=\"alignleft wp-image-8949 size-full\" src=\"https:\/\/serveiseducatius.xtec.cat\/vallesoccidental4\/wp-content\/uploads\/usu1114\/2019\/12\/2_1-El-Pinar.png\" alt=\"\" width=\"230\" height=\"230\" srcset=\"https:\/\/serveiseducatius.xtec.cat\/vallesoccidental4\/wp-content\/uploads\/usu1114\/2019\/12\/2_1-El-Pinar.png 230w, https:\/\/serveiseducatius.xtec.cat\/vallesoccidental4\/wp-content\/uploads\/usu1114\/2019\/12\/2_1-El-Pinar-150x150.png 150w\" sizes=\"auto, (max-width: 230px) 100vw, 230px\" \/><\/a><br \/>\n<\/strong><a href=\"https:\/\/goo.gl\/maps\/t9s3JkAUdxGrrwqf6\" target=\"_blank\" rel=\"noopener noreferrer\">Carrer del Canal de la M\u00e0nega, 3-5<\/a><br \/>\nTel. 936 741 400<br \/>\nCorreu electr\u00f2nic: <a href=\"mailto:pinar-es@hsmcj.org\">pinar-es@hsmcj.org<\/a><br \/>\nWeb: <a href=\"http:\/\/www.hsmcj.org\/Pinar\/index.html\" target=\"_blank\" rel=\"noopener noreferrer\">http:\/\/www.hsmcj.org\/<\/a><br \/>\nDe dilluns a divendres, de 9 a 17h.<br \/>\nAcollida matinal, 8h.<br \/>\nExtraescolars, de 17,15 a 18,30h.<\/p>\n<h5><\/h5>\n<p>&nbsp;<\/p>\n","protected":false},"excerpt":{"rendered":"<p>Infantil i Prim\u00e0ria Escola Santa Isabel Rambla de Ribatallada, 12 Tel. 936 740 414 Correu electr\u00f2nic: a8025988@xtec.cat Web: http:\/\/www.santaisabel.org\/ De dilluns a divendres, de 9 a 17h Acollida matinal, a partir de les 7,45h Activitats extraescolars, de 17 a 18,45h Servei d&#8217;esplai, de 17 a 18,30h &nbsp; Infantil, Prim\u00e0ria i Secund\u00e0ria Escola Aven\u00e7 Cami de [&hellip;]<\/p>\n","protected":false},"author":1,"featured_media":0,"parent":338,"menu_order":40,"comment_status":"closed","ping_status":"closed","template":"page-templates\/side-menu.php","meta":{"_bbp_topic_count":0,"_bbp_reply_count":0,"_bbp_total_topic_count":0,"_bbp_total_reply_count":0,"_bbp_voice_count":0,"_bbp_anonymous_reply_count":0,"_bbp_topic_count_hidden":0,"_bbp_reply_count_hidden":0,"_bbp_forum_subforum_count":0,"site-sidebar-layout":"default","site-content-layout":"","ast-site-content-layout":"","site-content-style":"default","site-sidebar-style":"default","ast-global-header-display":"","ast-banner-title-visibility":"","ast-main-header-display":"","ast-hfb-above-header-display":"","ast-hfb-below-header-display":"","ast-hfb-mobile-header-display":"","site-post-title":"","ast-breadcrumbs-content":"","ast-featured-img":"","footer-sml-layout":"","theme-transparent-header-meta":"","adv-header-id-meta":"","stick-header-meta":"","header-above-stick-meta":"","header-main-stick-meta":"","header-below-stick-meta":"","astra-migrate-meta-layouts":"default","ast-page-background-enabled":"default","ast-page-background-meta":{"desktop":{"background-color":"var(--ast-global-color-4)","background-image":"","background-repeat":"repeat","background-position":"center center","background-size":"auto","background-attachment":"scroll","background-type":"","background-media":"","overlay-type":"","overlay-color":"","overlay-opacity":"","overlay-gradient":""},"tablet":{"background-color":"","background-image":"","background-repeat":"repeat","background-position":"center center","background-size":"auto","background-attachment":"scroll","background-type":"","background-media":"","overlay-type":"","overlay-color":"","overlay-opacity":"","overlay-gradient":""},"mobile":{"background-color":"","background-image":"","background-repeat":"repeat","background-position":"center center","background-size":"auto","background-attachment":"scroll","background-type":"","background-media":"","overlay-type":"","overlay-color":"","overlay-opacity":"","overlay-gradient":""}},"ast-content-background-meta":{"desktop":{"background-color":"var(--ast-global-color-5)","background-image":"","background-repeat":"repeat","background-position":"center center","background-size":"auto","background-attachment":"scroll","background-type":"","background-media":"","overlay-type":"","overlay-color":"","overlay-opacity":"","overlay-gradient":""},"tablet":{"background-color":"var(--ast-global-color-5)","background-image":"","background-repeat":"repeat","background-position":"center center","background-size":"auto","background-attachment":"scroll","background-type":"","background-media":"","overlay-type":"","overlay-color":"","overlay-opacity":"","overlay-gradient":""},"mobile":{"background-color":"var(--ast-global-color-5)","background-image":"","background-repeat":"repeat","background-position":"center center","background-size":"auto","background-attachment":"scroll","background-type":"","background-media":"","overlay-type":"","overlay-color":"","overlay-opacity":"","overlay-gradient":""}},"footnotes":""},"class_list":["post-8940","page","type-page","status-publish","hentry"],"post_mailing_queue_ids":[],"_links":{"self":[{"href":"https:\/\/serveiseducatius.xtec.cat\/vallesoccidental4\/wp-json\/wp\/v2\/pages\/8940","targetHints":{"allow":["GET"]}}],"collection":[{"href":"https:\/\/serveiseducatius.xtec.cat\/vallesoccidental4\/wp-json\/wp\/v2\/pages"}],"about":[{"href":"https:\/\/serveiseducatius.xtec.cat\/vallesoccidental4\/wp-json\/wp\/v2\/types\/page"}],"author":[{"embeddable":true,"href":"https:\/\/serveiseducatius.xtec.cat\/vallesoccidental4\/wp-json\/wp\/v2\/users\/1"}],"replies":[{"embeddable":true,"href":"https:\/\/serveiseducatius.xtec.cat\/vallesoccidental4\/wp-json\/wp\/v2\/comments?post=8940"}],"version-history":[{"count":3,"href":"https:\/\/serveiseducatius.xtec.cat\/vallesoccidental4\/wp-json\/wp\/v2\/pages\/8940\/revisions"}],"predecessor-version":[{"id":8980,"href":"https:\/\/serveiseducatius.xtec.cat\/vallesoccidental4\/wp-json\/wp\/v2\/pages\/8940\/revisions\/8980"}],"up":[{"embeddable":true,"href":"https:\/\/serveiseducatius.xtec.cat\/vallesoccidental4\/wp-json\/wp\/v2\/pages\/338"}],"wp:attachment":[{"href":"https:\/\/serveiseducatius.xtec.cat\/vallesoccidental4\/wp-json\/wp\/v2\/media?parent=8940"}],"curies":[{"name":"wp","href":"https:\/\/api.w.org\/{rel}","templated":true}]}}