{"id":8877,"date":"2019-12-10T16:38:18","date_gmt":"2019-12-10T15:38:18","guid":{"rendered":"http:\/\/serveiseducatius.xtec.cat\/vallesoccidental4\/?page_id=8877"},"modified":"2025-07-02T10:43:47","modified_gmt":"2025-07-02T08:43:47","slug":"escoles-bressol-publiques","status":"publish","type":"page","link":"https:\/\/serveiseducatius.xtec.cat\/vallesoccidental4\/comunitat\/centres-educatius\/escoles-bressol\/escoles-bressol-publiques\/","title":{"rendered":"Escoles Bressol Municipals"},"content":{"rendered":"<p><img loading=\"lazy\" decoding=\"async\" class=\"wp-image-10351 alignright\" src=\"https:\/\/serveiseducatius.xtec.cat\/vallesoccidental4\/wp-content\/uploads\/usu1114\/2025\/07\/IMG_9174-956x1024.jpg\" alt=\"\" width=\"204\" height=\"218\" srcset=\"https:\/\/serveiseducatius.xtec.cat\/vallesoccidental4\/wp-content\/uploads\/usu1114\/2025\/07\/IMG_9174-956x1024.jpg 956w, https:\/\/serveiseducatius.xtec.cat\/vallesoccidental4\/wp-content\/uploads\/usu1114\/2025\/07\/IMG_9174-280x300.jpg 280w, https:\/\/serveiseducatius.xtec.cat\/vallesoccidental4\/wp-content\/uploads\/usu1114\/2025\/07\/IMG_9174-768x823.jpg 768w, https:\/\/serveiseducatius.xtec.cat\/vallesoccidental4\/wp-content\/uploads\/usu1114\/2025\/07\/IMG_9174-1434x1536.jpg 1434w, https:\/\/serveiseducatius.xtec.cat\/vallesoccidental4\/wp-content\/uploads\/usu1114\/2025\/07\/IMG_9174.jpg 1711w\" sizes=\"auto, (max-width: 204px) 100vw, 204px\" \/><\/p>\n<p style=\"text-align: justify;\"><strong>PROJECTE EDUCATIU<br \/>\n<\/strong>Les escoles bressol municipals, compartim un projecte com\u00fa per donar resposta a les necessitats dels infants i de les seves fam\u00edlies amb una educaci\u00f3 de qualitat.<br \/>\nDes d&#8217;una escolta activa i amb una mirada de confian\u00e7a, juntament amb les fam\u00edlies, possibilitem que els nens i les nenes cerquin noves descobertes, caminant cap a una autonomia m\u00e9s gran, refor\u00e7ant la seva autoestima i acompanyant el proc\u00e9s de desenvolupament de les pr\u00f2pies capacitats a trav\u00e9s del joc i de la vida quotidiana.<\/p>\n<p>&nbsp;<\/p>\n<p><strong><img loading=\"lazy\" decoding=\"async\" class=\"wp-image-8820 alignleft\" src=\"https:\/\/serveiseducatius.xtec.cat\/vallesoccidental4\/wp-content\/uploads\/usu1114\/2019\/11\/Cavall-Fort-985x1024.jpg\" alt=\"\" width=\"156\" height=\"163\" srcset=\"https:\/\/serveiseducatius.xtec.cat\/vallesoccidental4\/wp-content\/uploads\/usu1114\/2019\/11\/Cavall-Fort-985x1024.jpg 985w, https:\/\/serveiseducatius.xtec.cat\/vallesoccidental4\/wp-content\/uploads\/usu1114\/2019\/11\/Cavall-Fort-289x300.jpg 289w, https:\/\/serveiseducatius.xtec.cat\/vallesoccidental4\/wp-content\/uploads\/usu1114\/2019\/11\/Cavall-Fort-768x799.jpg 768w, https:\/\/serveiseducatius.xtec.cat\/vallesoccidental4\/wp-content\/uploads\/usu1114\/2019\/11\/Cavall-Fort.jpg 1308w\" sizes=\"auto, (max-width: 156px) 100vw, 156px\" \/>Escola Cavall Fort<br \/>\n<\/strong><a href=\"https:\/\/goo.gl\/maps\/pUHsvEoRzaj6EtpK7\" target=\"_blank\" rel=\"noopener noreferrer\">Carrer de Joan Maragall, 25\u00a0<\/a><br \/>\nTel. 935 836 797<br \/>\nCorreu electr\u00f2nic: <a href=\"mailto:a8062882@xtec.cat\">a8062882@xtec.cat<\/a><br \/>\nDe dilluns a divendres, de 9 a 17h<br \/>\nAcollida matinal, de 8 a 9h<\/p>\n<p>&nbsp;<\/p>\n<p style=\"text-align: justify;\"><strong><img loading=\"lazy\" decoding=\"async\" class=\"wp-image-10355 alignleft\" src=\"https:\/\/serveiseducatius.xtec.cat\/vallesoccidental4\/wp-content\/uploads\/usu1114\/2025\/07\/LOGO-NIU.jpg\" alt=\"\" width=\"167\" height=\"161\" srcset=\"https:\/\/serveiseducatius.xtec.cat\/vallesoccidental4\/wp-content\/uploads\/usu1114\/2025\/07\/LOGO-NIU.jpg 304w, https:\/\/serveiseducatius.xtec.cat\/vallesoccidental4\/wp-content\/uploads\/usu1114\/2025\/07\/LOGO-NIU-300x289.jpg 300w\" sizes=\"auto, (max-width: 167px) 100vw, 167px\" \/>El Niu<br \/>\n<\/strong><a href=\"https:\/\/goo.gl\/maps\/EvLMGJqUcX9KqFHU6\" target=\"_blank\" rel=\"noopener noreferrer\">Carrer del Mercat, 2\u00a0<\/a><br \/>\nTel. 936 744 496<br \/>\nCorreu electr\u00f2nic: <a href=\"mailto:a8045719@xtec.cat\">a8045719@xtec.cat<\/a><\/p>\n<p style=\"text-align: justify;\">De dilluns a divendres, de 9 a 17h<br \/>\nAcollida matinal, de 8 a 9h<\/p>\n<p>&nbsp;<\/p>\n<p><strong style=\"font-family: inherit; font-size: 1em;\"><img loading=\"lazy\" decoding=\"async\" class=\"wp-image-10352 alignleft\" src=\"https:\/\/serveiseducatius.xtec.cat\/vallesoccidental4\/wp-content\/uploads\/usu1114\/2025\/07\/LOGO-GARGOT.jpg\" alt=\"\" width=\"133\" height=\"163\" srcset=\"https:\/\/serveiseducatius.xtec.cat\/vallesoccidental4\/wp-content\/uploads\/usu1114\/2025\/07\/LOGO-GARGOT.jpg 247w, https:\/\/serveiseducatius.xtec.cat\/vallesoccidental4\/wp-content\/uploads\/usu1114\/2025\/07\/LOGO-GARGOT-245x300.jpg 245w\" sizes=\"auto, (max-width: 133px) 100vw, 133px\" \/>Gargot<\/strong><br \/>\n<a style=\"font-family: inherit; font-size: 1em;\" href=\"https:\/\/goo.gl\/maps\/4BwBLoYWCvwQ86737\" target=\"_blank\" rel=\"noopener noreferrer\">Carrer de la Mina, 85<\/a><br \/>\nTel. 936 749 450<br \/>\nCorreu electr\u00f2nic: <a href=\"mailto:a8045732@xtec.cat\">a8045732<span class=\"\">@xtec.cat<\/span><\/a><br \/>\nDe dilluns a divendres, de 9 a 17h<br \/>\nAcollida matinal, de 8 a 9h<\/p>\n<p>&nbsp;<\/p>\n<p><strong><img loading=\"lazy\" decoding=\"async\" class=\"wp-image-10353 alignleft\" src=\"https:\/\/serveiseducatius.xtec.cat\/vallesoccidental4\/wp-content\/uploads\/usu1114\/2025\/07\/LOGO-LA-MIMOSA-704x1024.jpg\" alt=\"\" width=\"115\" height=\"167\" srcset=\"https:\/\/serveiseducatius.xtec.cat\/vallesoccidental4\/wp-content\/uploads\/usu1114\/2025\/07\/LOGO-LA-MIMOSA-704x1024.jpg 704w, https:\/\/serveiseducatius.xtec.cat\/vallesoccidental4\/wp-content\/uploads\/usu1114\/2025\/07\/LOGO-LA-MIMOSA-206x300.jpg 206w, https:\/\/serveiseducatius.xtec.cat\/vallesoccidental4\/wp-content\/uploads\/usu1114\/2025\/07\/LOGO-LA-MIMOSA-768x1118.jpg 768w, https:\/\/serveiseducatius.xtec.cat\/vallesoccidental4\/wp-content\/uploads\/usu1114\/2025\/07\/LOGO-LA-MIMOSA-1055x1536.jpg 1055w, https:\/\/serveiseducatius.xtec.cat\/vallesoccidental4\/wp-content\/uploads\/usu1114\/2025\/07\/LOGO-LA-MIMOSA-1407x2048.jpg 1407w, https:\/\/serveiseducatius.xtec.cat\/vallesoccidental4\/wp-content\/uploads\/usu1114\/2025\/07\/LOGO-LA-MIMOSA-scaled.jpg 1759w\" sizes=\"auto, (max-width: 115px) 100vw, 115px\" \/><\/strong><\/p>\n<p><strong>La Mimosa<\/strong><\/p>\n<p><a href=\"https:\/\/goo.gl\/maps\/aziK626Ai1zVm3ME9\" target=\"_blank\" rel=\"noopener noreferrer\">Carrer del Ginjoler, 10<\/a><br \/>\nTel. 936 748 982<br \/>\nCorreu electr\u00f2nic: <a href=\"mailto:a8045720@xtec.cat\">a8045720@xtec.cat<\/a><br \/>\nDe dilluns a divendres, de 9 a 17h<br \/>\nAcollida matinal, de 8 a 9h.<\/p>\n<p>&nbsp;<\/p>\n<p><strong><img loading=\"lazy\" decoding=\"async\" class=\"wp-image-10354 alignleft\" src=\"https:\/\/serveiseducatius.xtec.cat\/vallesoccidental4\/wp-content\/uploads\/usu1114\/2025\/07\/LOGO-MONTSERRAT-1024x1024.jpg\" alt=\"\" width=\"169\" height=\"169\" srcset=\"https:\/\/serveiseducatius.xtec.cat\/vallesoccidental4\/wp-content\/uploads\/usu1114\/2025\/07\/LOGO-MONTSERRAT-1024x1024.jpg 1024w, https:\/\/serveiseducatius.xtec.cat\/vallesoccidental4\/wp-content\/uploads\/usu1114\/2025\/07\/LOGO-MONTSERRAT-300x300.jpg 300w, https:\/\/serveiseducatius.xtec.cat\/vallesoccidental4\/wp-content\/uploads\/usu1114\/2025\/07\/LOGO-MONTSERRAT-150x150.jpg 150w, https:\/\/serveiseducatius.xtec.cat\/vallesoccidental4\/wp-content\/uploads\/usu1114\/2025\/07\/LOGO-MONTSERRAT-768x768.jpg 768w, https:\/\/serveiseducatius.xtec.cat\/vallesoccidental4\/wp-content\/uploads\/usu1114\/2025\/07\/LOGO-MONTSERRAT-1536x1536.jpg 1536w, https:\/\/serveiseducatius.xtec.cat\/vallesoccidental4\/wp-content\/uploads\/usu1114\/2025\/07\/LOGO-MONTSERRAT-2048x2048.jpg 2048w\" sizes=\"auto, (max-width: 169px) 100vw, 169px\" \/><\/strong><\/p>\n<p><strong>Mare de D\u00e9u de Montserrat<br \/>\n<\/strong><a href=\"https:\/\/goo.gl\/maps\/ezk8hQYK2AzTAjPw8\" target=\"_blank\" rel=\"noopener noreferrer\">Carrer de l&#8217; Abat Biure, 29<\/a><br \/>\nTel. 936 740 064<br \/>\nCorreu electr\u00f2nic: <a href=\"mailto:a8072863@xtec.cat\">a8072863<span class=\"\">@xtec.cat<\/span><\/a><\/p>\n<p>De dilluns a divendres, de 9 a 17h<br \/>\nAcollida matinal, de 8 a 9h<\/p>\n<p>&nbsp;<\/p>\n<p><strong>Tricicle<img loading=\"lazy\" decoding=\"async\" class=\"wp-image-10356 alignleft\" src=\"https:\/\/serveiseducatius.xtec.cat\/vallesoccidental4\/wp-content\/uploads\/usu1114\/2025\/07\/LOGO-TRICICLE.jpg\" alt=\"\" width=\"118\" height=\"138\" \/><br \/>\n<\/strong><a href=\"https:\/\/goo.gl\/maps\/Qxd4NZYxhxBQbvig6\" target=\"_blank\" rel=\"noopener noreferrer\">Carrer de Rovellat, 41<\/a><br \/>\nTel. 935 836 798<br \/>\nCorreu electr\u00f2nic: <a href=\"mailto:a8062894@xtec.cat\">a8062894@xtec.cat<\/a><br \/>\nDe dilluns a divendres, de 9 a 17h<br \/>\nAcollida matinal, de 8 a 9h<\/p>\n<p>&nbsp;<\/p>\n<p style=\"text-align: justify;\"><strong><img loading=\"lazy\" decoding=\"async\" class=\"wp-image-8821 alignleft\" src=\"https:\/\/serveiseducatius.xtec.cat\/vallesoccidental4\/wp-content\/uploads\/usu1114\/2019\/11\/El-Mol\u00ed.jpg\" alt=\"\" width=\"179\" height=\"186\" \/>El Mol\u00ed<br \/>\n<\/strong><a href=\"https:\/\/goo.gl\/maps\/W6vXq2X3SJ4U7jak7\" target=\"_blank\" rel=\"noopener noreferrer\">Carrer del Mol\u00ed de Les Planes, 1\u00a0<\/a><br \/>\nTel. 935 657 096<br \/>\nCorreu electr\u00f2nic: <a href=\"mailto:escoletaelmoli@doblevia.coop\">escoletaelmoli@doblevia.coop<\/a><br \/>\nDe 9 a 12h o de 9 a 15h<br \/>\nLes fam\u00edlies poden escollir matricular els seus fills o filles tres, quatre o cinc dies a la setmana en funci\u00f3 de les seves necessitats.<\/p>\n<p>&nbsp;<\/p>\n<p><strong><img loading=\"lazy\" decoding=\"async\" class=\"wp-image-10366 alignleft\" src=\"https:\/\/serveiseducatius.xtec.cat\/vallesoccidental4\/wp-content\/uploads\/usu1114\/2025\/07\/Logo-bressol-Valdoreix-1.png\" alt=\"\" width=\"237\" height=\"179\" srcset=\"https:\/\/serveiseducatius.xtec.cat\/vallesoccidental4\/wp-content\/uploads\/usu1114\/2025\/07\/Logo-bressol-Valdoreix-1.png 601w, https:\/\/serveiseducatius.xtec.cat\/vallesoccidental4\/wp-content\/uploads\/usu1114\/2025\/07\/Logo-bressol-Valdoreix-1-300x226.png 300w, https:\/\/serveiseducatius.xtec.cat\/vallesoccidental4\/wp-content\/uploads\/usu1114\/2025\/07\/Logo-bressol-Valdoreix-1-200x150.png 200w\" sizes=\"auto, (max-width: 237px) 100vw, 237px\" \/>Valldoreix<br \/>\n<\/strong><a href=\"https:\/\/goo.gl\/maps\/Eh3mJZd2BTCC2F55A\" target=\"_blank\" rel=\"noopener noreferrer\">Carrer del Brollador, 7<\/a><br \/>\nTel. 935 892 486<br \/>\nCorreu electr\u00f2nic: <a href=\"mailto:escolabressol@valldoreix.cat\">escolabressol<span class=\"\">@valldoreix.cat<\/span><\/a><br \/>\nDe dilluns a divendres de, de 9 a 17h<br \/>\nAcollida matinal, de 8 a 9h<br \/>\nActivitats extraescolars, de 16,30 a 17,15h<\/p>\n<h3><\/h3>\n","protected":false},"excerpt":{"rendered":"<p>PROJECTE EDUCATIU Les escoles bressol municipals, compartim un projecte com\u00fa per donar resposta a les necessitats dels infants i de les seves fam\u00edlies amb una educaci\u00f3 de qualitat. Des d&#8217;una escolta activa i amb una mirada de confian\u00e7a, juntament amb les fam\u00edlies, possibilitem que els nens i les nenes cerquin noves descobertes, caminant cap a [&hellip;]<\/p>\n","protected":false},"author":1,"featured_media":0,"parent":377,"menu_order":100,"comment_status":"closed","ping_status":"closed","template":"page-templates\/side-menu.php","meta":{"_bbp_topic_count":0,"_bbp_reply_count":0,"_bbp_total_topic_count":0,"_bbp_total_reply_count":0,"_bbp_voice_count":0,"_bbp_anonymous_reply_count":0,"_bbp_topic_count_hidden":0,"_bbp_reply_count_hidden":0,"_bbp_forum_subforum_count":0,"site-sidebar-layout":"default","site-content-layout":"","ast-site-content-layout":"","site-content-style":"default","site-sidebar-style":"default","ast-global-header-display":"","ast-banner-title-visibility":"","ast-main-header-display":"","ast-hfb-above-header-display":"","ast-hfb-below-header-display":"","ast-hfb-mobile-header-display":"","site-post-title":"","ast-breadcrumbs-content":"","ast-featured-img":"","footer-sml-layout":"","theme-transparent-header-meta":"","adv-header-id-meta":"","stick-header-meta":"","header-above-stick-meta":"","header-main-stick-meta":"","header-below-stick-meta":"","astra-migrate-meta-layouts":"default","ast-page-background-enabled":"default","ast-page-background-meta":{"desktop":{"background-color":"var(--ast-global-color-4)","background-image":"","background-repeat":"repeat","background-position":"center center","background-size":"auto","background-attachment":"scroll","background-type":"","background-media":"","overlay-type":"","overlay-color":"","overlay-opacity":"","overlay-gradient":""},"tablet":{"background-color":"","background-image":"","background-repeat":"repeat","background-position":"center center","background-size":"auto","background-attachment":"scroll","background-type":"","background-media":"","overlay-type":"","overlay-color":"","overlay-opacity":"","overlay-gradient":""},"mobile":{"background-color":"","background-image":"","background-repeat":"repeat","background-position":"center center","background-size":"auto","background-attachment":"scroll","background-type":"","background-media":"","overlay-type":"","overlay-color":"","overlay-opacity":"","overlay-gradient":""}},"ast-content-background-meta":{"desktop":{"background-color":"var(--ast-global-color-5)","background-image":"","background-repeat":"repeat","background-position":"center center","background-size":"auto","background-attachment":"scroll","background-type":"","background-media":"","overlay-type":"","overlay-color":"","overlay-opacity":"","overlay-gradient":""},"tablet":{"background-color":"var(--ast-global-color-5)","background-image":"","background-repeat":"repeat","background-position":"center center","background-size":"auto","background-attachment":"scroll","background-type":"","background-media":"","overlay-type":"","overlay-color":"","overlay-opacity":"","overlay-gradient":""},"mobile":{"background-color":"var(--ast-global-color-5)","background-image":"","background-repeat":"repeat","background-position":"center center","background-size":"auto","background-attachment":"scroll","background-type":"","background-media":"","overlay-type":"","overlay-color":"","overlay-opacity":"","overlay-gradient":""}},"footnotes":""},"class_list":["post-8877","page","type-page","status-publish","hentry"],"post_mailing_queue_ids":[],"_links":{"self":[{"href":"https:\/\/serveiseducatius.xtec.cat\/vallesoccidental4\/wp-json\/wp\/v2\/pages\/8877","targetHints":{"allow":["GET"]}}],"collection":[{"href":"https:\/\/serveiseducatius.xtec.cat\/vallesoccidental4\/wp-json\/wp\/v2\/pages"}],"about":[{"href":"https:\/\/serveiseducatius.xtec.cat\/vallesoccidental4\/wp-json\/wp\/v2\/types\/page"}],"author":[{"embeddable":true,"href":"https:\/\/serveiseducatius.xtec.cat\/vallesoccidental4\/wp-json\/wp\/v2\/users\/1"}],"replies":[{"embeddable":true,"href":"https:\/\/serveiseducatius.xtec.cat\/vallesoccidental4\/wp-json\/wp\/v2\/comments?post=8877"}],"version-history":[{"count":6,"href":"https:\/\/serveiseducatius.xtec.cat\/vallesoccidental4\/wp-json\/wp\/v2\/pages\/8877\/revisions"}],"predecessor-version":[{"id":10367,"href":"https:\/\/serveiseducatius.xtec.cat\/vallesoccidental4\/wp-json\/wp\/v2\/pages\/8877\/revisions\/10367"}],"up":[{"embeddable":true,"href":"https:\/\/serveiseducatius.xtec.cat\/vallesoccidental4\/wp-json\/wp\/v2\/pages\/377"}],"wp:attachment":[{"href":"https:\/\/serveiseducatius.xtec.cat\/vallesoccidental4\/wp-json\/wp\/v2\/media?parent=8877"}],"curies":[{"name":"wp","href":"https:\/\/api.w.org\/{rel}","templated":true}]}}