{"id":385,"date":"2015-11-25T14:26:15","date_gmt":"2015-11-25T13:26:15","guid":{"rendered":"http:\/\/serveiseducatius.xtec.cat\/se-vallesoccidental4\/?page_id=385"},"modified":"2019-12-13T17:18:25","modified_gmt":"2019-12-13T16:18:25","slug":"ensenyament-secundari-batxillerat-i-formacio-professional","status":"publish","type":"page","link":"https:\/\/serveiseducatius.xtec.cat\/vallesoccidental4\/comunitat\/centres-educatius\/ensenyament-secundari-batxillerat-i-formacio-professional\/","title":{"rendered":"Instituts de Secund\u00e0ria"},"content":{"rendered":"<p><img loading=\"lazy\" decoding=\"async\" class=\"aligncenter wp-image-8925 \" src=\"https:\/\/serveiseducatius.xtec.cat\/vallesoccidental4\/wp-content\/uploads\/usu1114\/2019\/12\/INS-e1576225582760-1024x302.jpg\" alt=\"\" width=\"711\" height=\"210\" srcset=\"https:\/\/serveiseducatius.xtec.cat\/vallesoccidental4\/wp-content\/uploads\/usu1114\/2019\/12\/INS-e1576225582760.jpg 1024w, https:\/\/serveiseducatius.xtec.cat\/vallesoccidental4\/wp-content\/uploads\/usu1114\/2019\/12\/INS-e1576225582760-300x88.jpg 300w, https:\/\/serveiseducatius.xtec.cat\/vallesoccidental4\/wp-content\/uploads\/usu1114\/2019\/12\/INS-e1576225582760-768x227.jpg 768w\" sizes=\"auto, (max-width: 711px) 100vw, 711px\" \/><\/p>\n<h1 style=\"text-align: center;\"><strong>Instituts<\/strong><\/h1>\n<p><strong>Angeleta Ferrer<a href=\"http:\/\/agora.xtec.cat\/iesangeletaferrer\/\" target=\"_blank\" rel=\"noopener noreferrer\"><img loading=\"lazy\" decoding=\"async\" class=\"alignleft wp-image-8895\" src=\"https:\/\/serveiseducatius.xtec.cat\/vallesoccidental4\/wp-content\/uploads\/usu1114\/2019\/12\/1-Angeleta-Ferrer.jpg\" alt=\"\" width=\"200\" height=\"348\" \/><\/a><br \/>\n<\/strong><a href=\"https:\/\/goo.gl\/maps\/T9ShxpBWWumNh3Lq5\" target=\"_blank\" rel=\"noopener noreferrer\">Carrer de Granollers, 43 <\/a><br \/>\nTel. 935 893 882<br \/>\nCorreu electr\u00f2nic: <a href=\"mailto:a8046670@xtec.cat\">a8046670@xtec.cat<\/a><br \/>\nWeb: <a href=\"http:\/\/agora.xtec.cat\/iesangeletaferrer\/\" target=\"_blank\" rel=\"noopener noreferrer\">http:\/\/agora.xtec.cat\/iesangeletaferrer\/<\/a><br \/>\nDe dilluns a divendres, de 8 a 14,30h<br \/>\nActivitats extraescolars, de 15,30 a 17h<\/p>\n<p>OFERTA FORMATIVA:<br \/>\n&#8211; Educaci\u00f3 secund\u00e0ria obligatoria (ESO)<br \/>\n&#8211; Batxillerats de ci\u00e8ncies i tecnologia, i humanitats i ci\u00e8ncies socials<br \/>\n&#8211; Batxillerat d&#8217;arts pl\u00e0stiques i disseny<br \/>\n&#8211; Batxillerat d&#8217;arts esc\u00e8niques<br \/>\n&#8211; Batxibac: doble titulaci\u00f3 de batxillerat<\/p>\n<h5><\/h5>\n<p>&nbsp;<\/p>\n<p><strong>Arnau Cadell<br \/>\n<\/strong><span class=\"\"><a href=\"https:\/\/goo.gl\/maps\/pmPCyYqfr4Wt7YDx5\" target=\"_blank\" rel=\"noopener noreferrer\">Avinguda de Villadelprat, 91<\/a><a href=\"http:\/\/institutarnaucadell.cat\/\" target=\"_blank\" rel=\"noopener noreferrer\"><img loading=\"lazy\" decoding=\"async\" class=\"wp-image-8895 alignright\" src=\"https:\/\/serveiseducatius.xtec.cat\/vallesoccidental4\/wp-content\/uploads\/usu1114\/2019\/12\/2-Arnau-Cadell.png\" alt=\"\" width=\"460\" height=\"132\" \/><\/a><br \/>\nTel. 936 747 266<br \/>\nCorreu electr\u00f2nic: <a href=\"mailto:a8031873@xtec.cat\">a8031873<span class=\"\">@xtec.cat<\/span><\/a><br \/>\n<\/span>Web: <a href=\"http:\/\/institutarnaucadell.cat\/\" target=\"_blank\" rel=\"noopener noreferrer\">http:\/\/institutarnaucadell.cat\/<\/a><br \/>\n<span style=\"font-family: inherit; font-size: 1em;\">De dilluns a divendres, de 8 a 15h<br \/>\n<\/span><span style=\"font-family: inherit; font-size: 1em;\">Activitats extraescolars, de 15,30 a 17h<\/span><\/p>\n<p>OFERTA FORMATIVA:<br \/>\n&#8211; Educaci\u00f3 secund\u00e0ria obligatoria (ESO)<br \/>\n&#8211; Batxillerats de ci\u00e8ncies i tecnologia, i humanitats i ci\u00e8ncies socials<\/p>\n<h5><\/h5>\n<p>&nbsp;<\/p>\n<p><strong>Centre d&#8217;Alt Rendiment (CAR)<a href=\"https:\/\/agora.xtec.cat\/inscar\/\" target=\"_blank\" rel=\"noopener noreferrer\"><img loading=\"lazy\" decoding=\"async\" class=\"alignleft wp-image-8895\" src=\"https:\/\/serveiseducatius.xtec.cat\/vallesoccidental4\/wp-content\/uploads\/usu1114\/2019\/12\/3-CAR.png\" alt=\"\" width=\"324\" height=\"324\" \/><\/a><br \/>\n<\/strong><a href=\"https:\/\/goo.gl\/maps\/aB5Y8JiXXf3cRRzU8\" target=\"_blank\" rel=\"noopener noreferrer\">Avinguda de l&#8217;Alcalde Barnils, 10 <\/a><br \/>\nTel. 936 753 950<br \/>\nCorreu electr\u00f2nic: <a href=\"mailto:iescar@ies.car.edu\">iescar@ies.car.edu<\/a><br \/>\nWeb: <a href=\"https:\/\/agora.xtec.cat\/inscar\/\" target=\"_blank\" rel=\"noopener noreferrer\">https:\/\/agora.xtec.cat\/inscar\/<\/a><br \/>\nDe dilluns a divendres, de 8 a 22,15h<\/p>\n<p>OFERTA FORMATIVA:<br \/>\n&#8211; Educaci\u00f3 secund\u00e0ria obligatoria (ESO)<br \/>\n&#8211; Batxillerats<br \/>\n&#8211; Cicles formatius de grau mitj\u00e0 de conducci\u00f3 d&#8217;activitats fisicoesportives en el medi natural.<br \/>\n&#8211; Cicles formatius de grau superior d&#8217;animaci\u00f3 d&#8217;activitats fisicoesportives.<br \/>\n&#8211; Ensenyaments de r\u00e8gim especial d&#8217;esports de grau mitj\u00e0 i superior.<\/p>\n<h5><\/h5>\n<p>&nbsp;<\/p>\n<p><strong>Joaquima Pla i Farreras<br \/>\n<\/strong><span class=\"\"><a href=\"https:\/\/goo.gl\/maps\/BcgQoKcFZXNvwEWz9\" target=\"_blank\" rel=\"noopener noreferrer\">Avinguda de Ragull, 45-49<\/a><a href=\"http:\/\/plafarreras.cat\/\" target=\"_blank\" rel=\"noopener noreferrer\"><img loading=\"lazy\" decoding=\"async\" class=\"wp-image-8895 alignright\" src=\"https:\/\/serveiseducatius.xtec.cat\/vallesoccidental4\/wp-content\/uploads\/usu1114\/2019\/12\/4-Pla-Farreras.png\" alt=\"\" width=\"532\" height=\"147\" \/><\/a><br \/>\nTel. 935 879 439<br \/>\nCorreu electr\u00f2nic: <a href=\"mailto:a8054873@xtec.cat\">a8054873@xtec.cat<\/a><br \/>\n<\/span>Web: <a href=\"http:\/\/plafarreras.cat\/\" target=\"_blank\" rel=\"noopener noreferrer\">http:\/\/plafarreras.cat\/<\/a><br \/>\n<span style=\"font-family: inherit; font-size: 1em;\">De dilluns a divendres, de 8 a 14,30h<br \/>\n<\/span><span style=\"font-family: inherit; font-size: 1em;\">Activitats extraescolars, de 15,30 a 17h<\/span><\/p>\n<p>OFERTA FORMATIVA:<br \/>\n&#8211; Educaci\u00f3 secund\u00e0ria obligatoria (ESO)<br \/>\n&#8211; Batxillerats de ci\u00e8ncies i tecnologia, i humanitats i ci\u00e8ncies socials<\/p>\n<h5><\/h5>\n<p>&nbsp;<\/p>\n<p><strong>Leonardo da Vinci<a href=\"https:\/\/agora.xtec.cat\/insleonardo\/\" target=\"_blank\" rel=\"noopener noreferrer\"><img loading=\"lazy\" decoding=\"async\" class=\"alignleft wp-image-8895\" src=\"https:\/\/serveiseducatius.xtec.cat\/vallesoccidental4\/wp-content\/uploads\/usu1114\/2019\/12\/5-Leonardo-da-Vinci.png\" alt=\"\" width=\"368\" height=\"232\" \/><\/a><br \/>\n<\/strong><a href=\"https:\/\/goo.gl\/maps\/WGmroJUeHaaPJ4ZZ8\" target=\"_blank\" rel=\"noopener noreferrer\">Carrer d&#8217; Alfons d&#8217;Arag\u00f3-20<\/a><br \/>\nTel. 938 876 260<br \/>\nCorreu electr\u00f2nic: <a href=\"mailto:a8031861@xtec.cat\">a8031861@xtec.cat<\/a><br \/>\nWeb: <a href=\"https:\/\/agora.xtec.cat\/insleonardo\/\" target=\"_blank\" rel=\"noopener noreferrer\">https:\/\/agora.xtec.cat\/insleonardo\/<\/a><br \/>\nDe dilluns a divendres, de 8 a 14,30h<\/p>\n<p>OFERTA FORMATIVA:<br \/>\n&#8211; Educaci\u00f3 secund\u00e0ria obligatoria (ESO)<br \/>\n&#8211; Batxillerats de ci\u00e8ncies i tecnologia, i humanitats i ci\u00e8ncies socials<\/p>\n<h5><\/h5>\n<p>&nbsp;<\/p>\n<h1 style=\"text-align: center;\"><strong>Formaci\u00f3 Profesional<\/strong><\/h1>\n<p><strong>FP de Sant Cugat<br \/>\n<\/strong><span class=\"\"><a href=\"https:\/\/goo.gl\/maps\/sXj8px7o9QQsVLeh6\" target=\"_blank\" rel=\"noopener noreferrer\">Carretera de Rub\u00ed, 107 <\/a><a href=\"http:\/\/www.insfpsantcugat.cat\/\" target=\"_blank\" rel=\"noopener noreferrer\"><img loading=\"lazy\" decoding=\"async\" class=\"wp-image-8895 alignright\" src=\"https:\/\/serveiseducatius.xtec.cat\/vallesoccidental4\/wp-content\/uploads\/usu1114\/2019\/12\/6-FP-Sant-Cugat.jpg\" alt=\"\" width=\"532\" height=\"147\" \/><\/a><br \/>\nTel. 936 746 708<br \/>\nCorreu electr\u00f2nic: <a href=\"mailto:correu@insfpsantcugat.cat\">correu@insfpsantcugat.cat<\/a><br \/>\n<\/span>Web: <a href=\"http:\/\/www.insfpsantcugat.cat\/\" target=\"_blank\" rel=\"noopener noreferrer\">http:\/\/www.insfpsantcugat.cat\/<\/a><\/p>\n<p>OFERTA FORMATIVA:<br \/>\n<strong>Cicles formatius de grau mitj\u00e0<\/strong><br \/>\n&#8211; Activitats comercials<br \/>\n&#8211; Gesti\u00f3 Administrativa<br \/>\n&#8211; Atenci\u00f3 a persones en situaci\u00f3 de depend\u00e8ncia<br \/>\n&#8211; Cuina i Gastronomia<br \/>\n&#8211; Instal\u00b7lacions de telecomunicacions<br \/>\n<strong>Cicles formatius de grau superior<\/strong><br \/>\n&#8211; Administraci\u00f3 i finances<br \/>\n&#8211; Educaci\u00f3 Infantil<br \/>\n&#8211; Sistemes de telecomunicacions i inform\u00e0tics<\/p>\n<h5><\/h5>\n<p>&nbsp;<\/p>\n","protected":false},"excerpt":{"rendered":"<p>Instituts Angeleta Ferrer Carrer de Granollers, 43 Tel. 935 893 882 Correu electr\u00f2nic: a8046670@xtec.cat Web: http:\/\/agora.xtec.cat\/iesangeletaferrer\/ De dilluns a divendres, de 8 a 14,30h Activitats extraescolars, de 15,30 a 17h OFERTA FORMATIVA: &#8211; Educaci\u00f3 secund\u00e0ria obligatoria (ESO) &#8211; Batxillerats de ci\u00e8ncies i tecnologia, i humanitats i ci\u00e8ncies socials &#8211; Batxillerat d&#8217;arts pl\u00e0stiques i disseny &#8211; [&hellip;]<\/p>\n","protected":false},"author":1,"featured_media":0,"parent":338,"menu_order":30,"comment_status":"closed","ping_status":"closed","template":"page-templates\/side-menu.php","meta":{"_bbp_topic_count":0,"_bbp_reply_count":0,"_bbp_total_topic_count":0,"_bbp_total_reply_count":0,"_bbp_voice_count":0,"_bbp_anonymous_reply_count":0,"_bbp_topic_count_hidden":0,"_bbp_reply_count_hidden":0,"_bbp_forum_subforum_count":0,"site-sidebar-layout":"default","site-content-layout":"","ast-site-content-layout":"","site-content-style":"default","site-sidebar-style":"default","ast-global-header-display":"","ast-banner-title-visibility":"","ast-main-header-display":"","ast-hfb-above-header-display":"","ast-hfb-below-header-display":"","ast-hfb-mobile-header-display":"","site-post-title":"","ast-breadcrumbs-content":"","ast-featured-img":"","footer-sml-layout":"","theme-transparent-header-meta":"","adv-header-id-meta":"","stick-header-meta":"","header-above-stick-meta":"","header-main-stick-meta":"","header-below-stick-meta":"","astra-migrate-meta-layouts":"default","ast-page-background-enabled":"default","ast-page-background-meta":{"desktop":{"background-color":"var(--ast-global-color-4)","background-image":"","background-repeat":"repeat","background-position":"center center","background-size":"auto","background-attachment":"scroll","background-type":"","background-media":"","overlay-type":"","overlay-color":"","overlay-opacity":"","overlay-gradient":""},"tablet":{"background-color":"","background-image":"","background-repeat":"repeat","background-position":"center center","background-size":"auto","background-attachment":"scroll","background-type":"","background-media":"","overlay-type":"","overlay-color":"","overlay-opacity":"","overlay-gradient":""},"mobile":{"background-color":"","background-image":"","background-repeat":"repeat","background-position":"center center","background-size":"auto","background-attachment":"scroll","background-type":"","background-media":"","overlay-type":"","overlay-color":"","overlay-opacity":"","overlay-gradient":""}},"ast-content-background-meta":{"desktop":{"background-color":"var(--ast-global-color-5)","background-image":"","background-repeat":"repeat","background-position":"center center","background-size":"auto","background-attachment":"scroll","background-type":"","background-media":"","overlay-type":"","overlay-color":"","overlay-opacity":"","overlay-gradient":""},"tablet":{"background-color":"var(--ast-global-color-5)","background-image":"","background-repeat":"repeat","background-position":"center center","background-size":"auto","background-attachment":"scroll","background-type":"","background-media":"","overlay-type":"","overlay-color":"","overlay-opacity":"","overlay-gradient":""},"mobile":{"background-color":"var(--ast-global-color-5)","background-image":"","background-repeat":"repeat","background-position":"center center","background-size":"auto","background-attachment":"scroll","background-type":"","background-media":"","overlay-type":"","overlay-color":"","overlay-opacity":"","overlay-gradient":""}},"footnotes":""},"class_list":["post-385","page","type-page","status-publish","hentry"],"post_mailing_queue_ids":[],"_links":{"self":[{"href":"https:\/\/serveiseducatius.xtec.cat\/vallesoccidental4\/wp-json\/wp\/v2\/pages\/385","targetHints":{"allow":["GET"]}}],"collection":[{"href":"https:\/\/serveiseducatius.xtec.cat\/vallesoccidental4\/wp-json\/wp\/v2\/pages"}],"about":[{"href":"https:\/\/serveiseducatius.xtec.cat\/vallesoccidental4\/wp-json\/wp\/v2\/types\/page"}],"author":[{"embeddable":true,"href":"https:\/\/serveiseducatius.xtec.cat\/vallesoccidental4\/wp-json\/wp\/v2\/users\/1"}],"replies":[{"embeddable":true,"href":"https:\/\/serveiseducatius.xtec.cat\/vallesoccidental4\/wp-json\/wp\/v2\/comments?post=385"}],"version-history":[{"count":4,"href":"https:\/\/serveiseducatius.xtec.cat\/vallesoccidental4\/wp-json\/wp\/v2\/pages\/385\/revisions"}],"predecessor-version":[{"id":8955,"href":"https:\/\/serveiseducatius.xtec.cat\/vallesoccidental4\/wp-json\/wp\/v2\/pages\/385\/revisions\/8955"}],"up":[{"embeddable":true,"href":"https:\/\/serveiseducatius.xtec.cat\/vallesoccidental4\/wp-json\/wp\/v2\/pages\/338"}],"wp:attachment":[{"href":"https:\/\/serveiseducatius.xtec.cat\/vallesoccidental4\/wp-json\/wp\/v2\/media?parent=385"}],"curies":[{"name":"wp","href":"https:\/\/api.w.org\/{rel}","templated":true}]}}