{"id":379,"date":"2015-11-25T14:19:13","date_gmt":"2015-11-25T13:19:13","guid":{"rendered":"http:\/\/serveiseducatius.xtec.cat\/se-vallesoccidental4\/?page_id=379"},"modified":"2020-10-26T10:52:58","modified_gmt":"2020-10-26T09:52:58","slug":"educacio-infantil-i-primaria","status":"publish","type":"page","link":"https:\/\/serveiseducatius.xtec.cat\/vallesoccidental4\/comunitat\/centres-educatius\/educacio-infantil-i-primaria\/","title":{"rendered":"Centres d&#8217;Educaci\u00f3 infantil i prim\u00e0ria p\u00fablica"},"content":{"rendered":"<p><img loading=\"lazy\" decoding=\"async\" class=\"wp-image-8892 aligncenter\" src=\"https:\/\/serveiseducatius.xtec.cat\/vallesoccidental4\/wp-content\/uploads\/usu1114\/2019\/12\/Escoles-p\u00fabliques-e1576155253991.jpg\" alt=\"\" width=\"557\" height=\"185\" srcset=\"https:\/\/serveiseducatius.xtec.cat\/vallesoccidental4\/wp-content\/uploads\/usu1114\/2019\/12\/Escoles-p\u00fabliques-e1576155253991.jpg 473w, https:\/\/serveiseducatius.xtec.cat\/vallesoccidental4\/wp-content\/uploads\/usu1114\/2019\/12\/Escoles-p\u00fabliques-e1576155253991-300x100.jpg 300w\" sizes=\"auto, (max-width: 557px) 100vw, 557px\" \/><\/p>\n<p>&nbsp;<\/p>\n<p><strong>Escola Ciutat de l&#8217;Alba<br \/>\n<\/strong><a href=\"https:\/\/goo.gl\/maps\/jYZn2uCYcH1cNk1P7\" target=\"_blank\" rel=\"noopener noreferrer\">Carrer de Pere Ferrer, 5<\/a><br \/>\nTel. 935 764 033<a href=\"https:\/\/www.escolaciutatdalba.cat\/\" target=\"_blank\" rel=\"noopener noreferrer\"><img loading=\"lazy\" decoding=\"async\" class=\"wp-image-8895 alignright\" src=\"https:\/\/serveiseducatius.xtec.cat\/vallesoccidental4\/wp-content\/uploads\/usu1114\/2019\/12\/2-Ciutat-d_Alba.jpg\" alt=\"\" width=\"457\" height=\"120\" \/><\/a><br \/>\nCorreu electr\u00f2nic: <a href=\"mailto:a8064118@xtec.cat\">a8064118@xtec.cat<\/a><br \/>\nWeb: <a href=\"https:\/\/www.escolaciutatdalba.cat\/\" target=\"_blank\" rel=\"noopener noreferrer\">https:\/\/www.escolaciutatdalba.cat\/<\/a><br \/>\nDe dilluns a divendres, de 8,45 a 16,30h<br \/>\nAcollida matinal, de 7,45 a 8,45h,<br \/>\nAcollida de tarda, de 16,30 a 18h<br \/>\nActivitats extraescolars, de 16,45 a 18h<\/p>\n<p>&nbsp;<\/p>\n<p><strong>Escola Collserola<a href=\"http:\/\/www.escolacollserola.cat\/\" target=\"_blank\" rel=\"noopener noreferrer\"><img loading=\"lazy\" decoding=\"async\" class=\"alignleft wp-image-8895\" src=\"https:\/\/serveiseducatius.xtec.cat\/vallesoccidental4\/wp-content\/uploads\/usu1114\/2019\/12\/3-Collserola.jpg\" alt=\"\" width=\"196\" height=\"196\" \/><\/a><br \/>\n<\/strong><a href=\"https:\/\/goo.gl\/maps\/hNQ8RR7bviakoVuU9\" target=\"_blank\" rel=\"noopener noreferrer\">Carrer de l&#8217; Abat Biure, 44<\/a><br \/>\nTel. 935 898 478<br \/>\nCorreu electr\u00f2nic: <a href=\"mailto:a8041234@xtec.cat\">a8041234@xtec.cat<\/a><br \/>\nWeb: <a href=\"http:\/\/www.escolacollserola.cat\/\" target=\"_blank\" rel=\"noopener noreferrer\">http:\/\/www.escolacollserola.cat\/<\/a><br \/>\nDe dilluns a divendres, de 9 a 16,30h<br \/>\nAcollida matinal, de 7,45 a 9h<br \/>\nActivitats extraescolars, de 16,30 a 18h<\/p>\n<p><a href=\"http:\/\/agora.xtec.cat\/ceip-gerbert-d-orlhac\/\" target=\"_blank\" rel=\"noopener noreferrer\"><img loading=\"lazy\" decoding=\"async\" class=\"wp-image-8895 alignright\" src=\"https:\/\/serveiseducatius.xtec.cat\/vallesoccidental4\/wp-content\/uploads\/usu1114\/2019\/12\/4-Gerbert-d_Orlhac.png\" alt=\"\" width=\"231\" height=\"246\" \/><\/a><\/p>\n<p>&nbsp;<\/p>\n<p><strong>Escola Gerbert d&#8217;Orlhac<br \/>\n<\/strong><a href=\"https:\/\/goo.gl\/maps\/aTr8kXvmQ3bXjSzG6\" target=\"_blank\" rel=\"noopener noreferrer\">Carrer de Josep Vicen\u00e7 Foix, 34 <\/a><br \/>\nTel. 935 836 713<br \/>\nCorreu electr\u00f2nic: <a href=\"mailto:a8059871@xtec.cat\">a8059871@xtec.cat<\/a><br \/>\nWeb: <a href=\"http:\/\/agora.xtec.cat\/ceip-gerbert-d-orlhac\/\" target=\"_blank\" rel=\"noopener noreferrer\">http:\/\/agora.xtec.cat\/ceip-gerbert-d-orlhac\/<\/a><br \/>\nDe dilluns a divendres, de 9 a 16,30h<br \/>\nAcollida matinal, de 7,45 a 9h<br \/>\nActivitats extraescolars, de 16,30 a 18h<\/p>\n<p>&nbsp;<\/p>\n<p><strong>Escola Jaume Ferran i Clua<a href=\"https:\/\/agora.xtec.cat\/escolajaumeferraniclua\/\" target=\"_blank\" rel=\"noopener noreferrer\"><img loading=\"lazy\" decoding=\"async\" class=\"wp-image-8901 alignleft\" src=\"https:\/\/serveiseducatius.xtec.cat\/vallesoccidental4\/wp-content\/uploads\/usu1114\/2019\/12\/5-Ferran-i-Clua-e1576156987162.jpg\" alt=\"\" width=\"228\" height=\"121\" srcset=\"https:\/\/serveiseducatius.xtec.cat\/vallesoccidental4\/wp-content\/uploads\/usu1114\/2019\/12\/5-Ferran-i-Clua-e1576156987162.jpg 495w, https:\/\/serveiseducatius.xtec.cat\/vallesoccidental4\/wp-content\/uploads\/usu1114\/2019\/12\/5-Ferran-i-Clua-e1576156987162-300x159.jpg 300w\" sizes=\"auto, (max-width: 228px) 100vw, 228px\" \/><\/a><br \/>\n<\/strong><a href=\"https:\/\/www.google.es\/maps\/place\/Carrer+Brollador,+5,+08197+Sant+Cugat+del+Vall%C3%A8s,+Barcelona\/@41.4540973,2.0327456,15z\/data=!3m1!4b1!4m5!3m4!1s0x12a490e5e5a2ed63:0x6eed115e2f8882d!8m2!3d41.4540976!4d2.0414789?hl=ca&amp;authuser=0\" target=\"_blank\" rel=\"noopener noreferrer\">Carrer del Brollador, 5 <\/a><br \/>\nTel. 935 896 662<br \/>\nCorreu electr\u00f2nic: <a href=\"mailto:a8026087@xtec.cat\">a8026087@xtec.cat<\/a><br \/>\nWeb: <a href=\"https:\/\/agora.xtec.cat\/escolajaumeferraniclua\/\" target=\"_blank\" rel=\"noopener noreferrer\">https:\/\/agora.xtec.cat\/escolajaumeferraniclua\/<\/a><br \/>\nDe dilluns a divendres, de 9 a 16,30h<br \/>\nAcollida matinal, de 7,45 a 9h<br \/>\nActivitats extraescolars, de 16,30 a 18h<\/p>\n<p><a href=\"http:\/\/www.escolajoanmaragall.com\/\" target=\"_blank\" rel=\"noopener noreferrer\"><img loading=\"lazy\" decoding=\"async\" class=\"alignright wp-image-8901\" src=\"https:\/\/serveiseducatius.xtec.cat\/vallesoccidental4\/wp-content\/uploads\/usu1114\/2019\/12\/6-Joan-Maragall.jpg\" alt=\"\" width=\"259\" height=\"259\" \/><\/a><\/p>\n<p>&nbsp;<\/p>\n<p><strong>Escola Joan Maragall<br \/>\n<\/strong><a href=\"https:\/\/goo.gl\/maps\/6pbfbSYuQWjUr8y5A\" target=\"_blank\" rel=\"noopener noreferrer\">Passeig de la Creu, 1-5 <\/a><br \/>\nTel. 935 898 586<br \/>\nCorreu electr\u00f2nic: <a href=\"mailto:a8038260@xtec.cat\">a8038260@xtec.cat<\/a><br \/>\nWeb: <a href=\"http:\/\/www.escolajoanmaragall.com\/\" target=\"_blank\" rel=\"noopener noreferrer\">http:\/\/www.escolajoanmaragall.com\/<\/a><br \/>\nDe dilluns a divendres, de 9 a 16,30h<br \/>\nAcollida matinal, de 8 a 9h<br \/>\nActivitats extraescolars, de 16,30 a 18h<\/p>\n<p>&nbsp;<\/p>\n<p><strong>Escola La Floresta<a href=\"https:\/\/agora.xtec.cat\/ceip-lafloresta\/\" target=\"_blank\" rel=\"noopener noreferrer\"><img loading=\"lazy\" decoding=\"async\" class=\"wp-image-8901 alignleft\" src=\"https:\/\/serveiseducatius.xtec.cat\/vallesoccidental4\/wp-content\/uploads\/usu1114\/2019\/12\/7-La-Floresta.png\" alt=\"\" width=\"266\" height=\"207\" \/><\/a><br \/>\n<\/strong><a href=\"https:\/\/goo.gl\/maps\/7oUKhtpZ11T1EoL46\" target=\"_blank\" rel=\"noopener noreferrer\">Cami de Can Pagan, 51 <\/a><br \/>\nTel. 935 898 677<br \/>\nCorreu electr\u00f2nic: <a href=\"mailto:a8025824@xtec.cat\">a8025824@xtec.cat<\/a><br \/>\nWeb: <a href=\"https:\/\/agora.xtec.cat\/ceip-lafloresta\/\" target=\"_blank\" rel=\"noopener noreferrer\">https:\/\/agora.xtec.cat\/ceip-lafloresta\/<\/a><br \/>\nDe dilluns a divendres, de 8,45 a 16,15h<br \/>\nAcollida matinal, de 7,45 a 8,45h<br \/>\nExtraescolars, de 12,15 a 14,45h i de dilluns a dijous, de 16,15 a 17,45h<\/p>\n<p>&nbsp;<\/p>\n<p><strong>Escola La Mirada<a href=\"https:\/\/agora.xtec.cat\/esc-lamirada-santcugat\/\" target=\"_blank\" rel=\"noopener noreferrer\"><img loading=\"lazy\" decoding=\"async\" class=\"wp-image-8901 alignright\" src=\"https:\/\/serveiseducatius.xtec.cat\/vallesoccidental4\/wp-content\/uploads\/usu1114\/2019\/12\/8-La-Mirada.jpg\" alt=\"\" width=\"331\" height=\"182\" \/><\/a><br \/>\n<\/strong><a href=\"https:\/\/goo.gl\/maps\/iquuHU1zBxn1cpz86\" target=\"_blank\" rel=\"noopener noreferrer\">Avinguda de la La Clota, 3 <\/a><br \/>\nTel. 937 076 770<br \/>\nCorreu electr\u00f2nic: <a href=\"mailto:a8075268@xtec.cat\">a8075268@xtec.cat<\/a><br \/>\nWeb: <a href=\"https:\/\/agora.xtec.cat\/esc-lamirada-santcugat\/\" target=\"_blank\" rel=\"noopener noreferrer\">https:\/\/agora.xtec.cat\/esc-lamirada-santcugat\/<\/a><br \/>\nDe dilluns a divendres, de 9 a 16,30h<br \/>\nAcollida matinal de, de 8 a 9h<br \/>\nActivitats extraescolars, de 16,30 a 18h<\/p>\n<p>&nbsp;<\/p>\n<p><strong>Escola L&#8217;Olivera<a href=\"http:\/\/www.escola-olivera.cat\/\" target=\"_blank\" rel=\"noopener noreferrer\"><img loading=\"lazy\" decoding=\"async\" class=\"wp-image-8901 alignleft\" src=\"https:\/\/serveiseducatius.xtec.cat\/vallesoccidental4\/wp-content\/uploads\/usu1114\/2019\/12\/9-L_Olivera.png\" alt=\"\" width=\"306\" height=\"186\" \/><\/a><br \/>\n<\/strong><a href=\"https:\/\/goo.gl\/maps\/NfHqixiEee3oEnG4A\" target=\"_blank\" rel=\"noopener noreferrer\">Passeig de la Mare de la Font, 2-10 <\/a><br \/>\nTel. 936 742 726<br \/>\nCorreu electr\u00f2nic: <a href=\"mailto:a8062641@xtec.cat\">a8062641@xtec.cat<\/a><br \/>\nWeb: <a href=\"http:\/\/www.escola-olivera.cat\/\" target=\"_blank\" rel=\"noopener noreferrer\">http:\/\/www.escola-olivera.cat\/<\/a><br \/>\nDe dilluns a divendres, de 9 a 16,30h<br \/>\nAcollida matinal de, de 7,45 a 9h<br \/>\nActivitats extraescolars, de 16,30 a 18h<\/p>\n<p>&nbsp;<\/p>\n<p><strong>Escola Pi d&#8217;en Xandri<a href=\"https:\/\/agora.xtec.cat\/escola-pidenxandri\/\" target=\"_blank\" rel=\"noopener noreferrer\"><img loading=\"lazy\" decoding=\"async\" class=\"wp-image-8901 alignright\" src=\"https:\/\/serveiseducatius.xtec.cat\/vallesoccidental4\/wp-content\/uploads\/usu1114\/2019\/12\/10-Pi-de_n-Xandri.jpg\" alt=\"\" width=\"222\" height=\"209\" \/><\/a><br \/>\n<\/strong><a href=\"https:\/\/goo.gl\/maps\/678opshdx7QpRcYS6\" target=\"_blank\" rel=\"noopener noreferrer\">Carrer de Santa Teresa, 61 <\/a><br \/>\nTel. 935 894 201<br \/>\nCorreu electr\u00f2nic: <a href=\"mailto:escola-pidenxandri@xtec.cat\">escola-pidenxandri@xtec.cat<\/a><br \/>\nWeb: <a href=\"https:\/\/agora.xtec.cat\/escola-pidenxandri\/\" target=\"_blank\" rel=\"noopener noreferrer\">https:\/\/agora.xtec.cat\/escola-pidenxandri\/<\/a><br \/>\nDe dilluns a divendres, de 8,45 a 12,15h i de 15 a 16,30h<br \/>\nAcollida matinal, de 8 a 8,45h<br \/>\nActivitats extraescolars, de 16,30 a 18h<\/p>\n<p>&nbsp;<\/p>\n<p><strong>Escola Pins del Vall\u00e8s<a href=\"http:\/\/www.pinsdelvalles.cat\/\" target=\"_blank\" rel=\"noopener noreferrer\"><img loading=\"lazy\" decoding=\"async\" class=\"wp-image-8901 alignleft\" src=\"https:\/\/serveiseducatius.xtec.cat\/vallesoccidental4\/wp-content\/uploads\/usu1114\/2019\/12\/11-Pins-del-Vall\u00e8s.jpg\" alt=\"\" width=\"223\" height=\"198\" \/><\/a><br \/>\n<\/strong><a href=\"https:\/\/goo.gl\/maps\/8k3r2zpmxxZuoYQC6\" target=\"_blank\" rel=\"noopener noreferrer\">Avinguda de Can Volpelleres, 51 <\/a><br \/>\nTel. 935 897 812<br \/>\nCorreu electr\u00f2nic: <a href=\"mailto:a8026026@xtec.cat\">a8026026@xtec.cat<\/a><br \/>\nWeb: <a href=\"http:\/\/www.pinsdelvalles.cat\/\" target=\"_blank\" rel=\"noopener noreferrer\">http:\/\/www.pinsdelvalles.cat\/<\/a><br \/>\nDe dilluns a divendres, de 9 a 17,30h<br \/>\nAcollida matinal, de 7,30 a 9h<br \/>\nActivitats extraescolars, de 16,30 a 18h<\/p>\n<p>&nbsp;<\/p>\n<p><strong>Escola Tur\u00f3 de Can Mates<a href=\"http:\/\/www.xtec.cat\/ceip-turocanmates\/\" target=\"_blank\" rel=\"noopener noreferrer\"><img loading=\"lazy\" decoding=\"async\" class=\"wp-image-8901 alignright\" src=\"https:\/\/serveiseducatius.xtec.cat\/vallesoccidental4\/wp-content\/uploads\/usu1114\/2019\/12\/12-Tur\u00f3-de-Can-Mates.jpg\" alt=\"\" width=\"310\" height=\"232\" \/><\/a><br \/>\n<\/strong><a href=\"https:\/\/goo.gl\/maps\/iNWPjdjmHbkQZWXB9\" target=\"_blank\" rel=\"noopener noreferrer\">Carrer de Josep Irla, 50 <\/a><br \/>\nTel. 935 900 203<br \/>\nCorreu electr\u00f2nic: <a href=\"mailto:a8061178@xtec.cat\">a8061178@xtec.cat<\/a><br \/>\nWeb: <a href=\"http:\/\/www.xtec.cat\/ceip-turocanmates\/\" target=\"_blank\" rel=\"noopener noreferrer\">http:\/\/www.xtec.cat\/ceip-turocanmates\/<\/a><br \/>\nDe dilluns a divendres, de 9 a 12,30h i de 15 a 16,30h<br \/>\nAcollida matinal, de 7,45 a 9h<br \/>\nActivitats extraescolars, de 16,30 a 18h<\/p>\n","protected":false},"excerpt":{"rendered":"<p>&nbsp; Escola Ciutat de l&#8217;Alba Carrer de Pere Ferrer, 5 Tel. 935 764 033 Correu electr\u00f2nic: a8064118@xtec.cat Web: https:\/\/www.escolaciutatdalba.cat\/ De dilluns a divendres, de 8,45 a 16,30h Acollida matinal, de 7,45 a 8,45h, Acollida de tarda, de 16,30 a 18h Activitats extraescolars, de 16,45 a 18h &nbsp; Escola Collserola Carrer de l&#8217; Abat Biure, 44 [&hellip;]<\/p>\n","protected":false},"author":1,"featured_media":0,"parent":338,"menu_order":20,"comment_status":"closed","ping_status":"closed","template":"page-templates\/side-menu.php","meta":{"_bbp_topic_count":0,"_bbp_reply_count":0,"_bbp_total_topic_count":0,"_bbp_total_reply_count":0,"_bbp_voice_count":0,"_bbp_anonymous_reply_count":0,"_bbp_topic_count_hidden":0,"_bbp_reply_count_hidden":0,"_bbp_forum_subforum_count":0,"site-sidebar-layout":"default","site-content-layout":"","ast-site-content-layout":"","site-content-style":"default","site-sidebar-style":"default","ast-global-header-display":"","ast-banner-title-visibility":"","ast-main-header-display":"","ast-hfb-above-header-display":"","ast-hfb-below-header-display":"","ast-hfb-mobile-header-display":"","site-post-title":"","ast-breadcrumbs-content":"","ast-featured-img":"","footer-sml-layout":"","theme-transparent-header-meta":"","adv-header-id-meta":"","stick-header-meta":"","header-above-stick-meta":"","header-main-stick-meta":"","header-below-stick-meta":"","astra-migrate-meta-layouts":"default","ast-page-background-enabled":"default","ast-page-background-meta":{"desktop":{"background-color":"var(--ast-global-color-4)","background-image":"","background-repeat":"repeat","background-position":"center center","background-size":"auto","background-attachment":"scroll","background-type":"","background-media":"","overlay-type":"","overlay-color":"","overlay-opacity":"","overlay-gradient":""},"tablet":{"background-color":"","background-image":"","background-repeat":"repeat","background-position":"center center","background-size":"auto","background-attachment":"scroll","background-type":"","background-media":"","overlay-type":"","overlay-color":"","overlay-opacity":"","overlay-gradient":""},"mobile":{"background-color":"","background-image":"","background-repeat":"repeat","background-position":"center center","background-size":"auto","background-attachment":"scroll","background-type":"","background-media":"","overlay-type":"","overlay-color":"","overlay-opacity":"","overlay-gradient":""}},"ast-content-background-meta":{"desktop":{"background-color":"var(--ast-global-color-5)","background-image":"","background-repeat":"repeat","background-position":"center center","background-size":"auto","background-attachment":"scroll","background-type":"","background-media":"","overlay-type":"","overlay-color":"","overlay-opacity":"","overlay-gradient":""},"tablet":{"background-color":"var(--ast-global-color-5)","background-image":"","background-repeat":"repeat","background-position":"center center","background-size":"auto","background-attachment":"scroll","background-type":"","background-media":"","overlay-type":"","overlay-color":"","overlay-opacity":"","overlay-gradient":""},"mobile":{"background-color":"var(--ast-global-color-5)","background-image":"","background-repeat":"repeat","background-position":"center center","background-size":"auto","background-attachment":"scroll","background-type":"","background-media":"","overlay-type":"","overlay-color":"","overlay-opacity":"","overlay-gradient":""}},"footnotes":""},"class_list":["post-379","page","type-page","status-publish","hentry"],"post_mailing_queue_ids":[],"_links":{"self":[{"href":"https:\/\/serveiseducatius.xtec.cat\/vallesoccidental4\/wp-json\/wp\/v2\/pages\/379","targetHints":{"allow":["GET"]}}],"collection":[{"href":"https:\/\/serveiseducatius.xtec.cat\/vallesoccidental4\/wp-json\/wp\/v2\/pages"}],"about":[{"href":"https:\/\/serveiseducatius.xtec.cat\/vallesoccidental4\/wp-json\/wp\/v2\/types\/page"}],"author":[{"embeddable":true,"href":"https:\/\/serveiseducatius.xtec.cat\/vallesoccidental4\/wp-json\/wp\/v2\/users\/1"}],"replies":[{"embeddable":true,"href":"https:\/\/serveiseducatius.xtec.cat\/vallesoccidental4\/wp-json\/wp\/v2\/comments?post=379"}],"version-history":[{"count":4,"href":"https:\/\/serveiseducatius.xtec.cat\/vallesoccidental4\/wp-json\/wp\/v2\/pages\/379\/revisions"}],"predecessor-version":[{"id":9620,"href":"https:\/\/serveiseducatius.xtec.cat\/vallesoccidental4\/wp-json\/wp\/v2\/pages\/379\/revisions\/9620"}],"up":[{"embeddable":true,"href":"https:\/\/serveiseducatius.xtec.cat\/vallesoccidental4\/wp-json\/wp\/v2\/pages\/338"}],"wp:attachment":[{"href":"https:\/\/serveiseducatius.xtec.cat\/vallesoccidental4\/wp-json\/wp\/v2\/media?parent=379"}],"curies":[{"name":"wp","href":"https:\/\/api.w.org\/{rel}","templated":true}]}}