{"id":1314,"date":"2016-03-15T10:23:40","date_gmt":"2016-03-15T09:23:40","guid":{"rendered":"http:\/\/serveiseducatius.xtec.cat\/se-vallesoccidental4\/?page_id=1314"},"modified":"2024-09-12T13:06:15","modified_gmt":"2024-09-12T11:06:15","slug":"calendari-pfz","status":"publish","type":"page","link":"https:\/\/serveiseducatius.xtec.cat\/vallesoccidental4\/formacio\/calendari-pfz\/","title":{"rendered":"Calendari PFZ"},"content":{"rendered":"<p>Com a criteri general, les activitats de formaci\u00f3 del curs 2024-2025 s\u2019iniciaran a partir del 14 d\u2019octubre de 2024 i la inscripci\u00f3 a les activitats es realitzar\u00e0 de manera general en tres torns.<\/p>\n<p>Les dates d\u2019aquests torns s\u00f3n les seg\u00fcents:<\/p>\n<table class=\"table\" style=\"width: 92.3838%;\">\n<tbody>\n<tr>\n<td style=\"width: 19.9752%;\"><b>Per\u00edodes d\u2019inscripci\u00f3<\/b><\/td>\n<td style=\"width: 28.1638%;\"><b>Sol\u00b7licitud de pla\u00e7a<\/b><\/td>\n<td style=\"width: 23.3251%;\"><b>Consulta d\u2019adjudicacions<\/b><\/td>\n<td style=\"width: 41.8114%;\"><b>Inici de les activitats<\/b><\/td>\n<\/tr>\n<tr>\n<td style=\"width: 19.9752%;\">Primer torn<\/td>\n<td style=\"width: 28.1638%;\">del 6 al 22 de setembre de 2024<\/td>\n<td style=\"width: 23.3251%;\">7 d&#8217;octubre de 2024<\/td>\n<td style=\"width: 41.8114%;\">a partir del 14 d\u2019octubre de 2024<\/td>\n<\/tr>\n<tr>\n<td style=\"width: 19.9752%;\">Segon torn<\/td>\n<td style=\"width: 28.1638%;\">del 7 al 15 de gener de 2025<\/td>\n<td style=\"width: 23.3251%;\">31 de gener de 2025<\/td>\n<td style=\"width: 41.8114%;\">a partir del 5 de febrer de 2024<\/td>\n<\/tr>\n<tr>\n<td style=\"width: 19.9752%;\">Torn d\u2019estiu<\/td>\n<td style=\"width: 28.1638%;\">del 15 al 29 de maig<\/td>\n<td style=\"width: 23.3251%;\">17 de juny de 2025<\/td>\n<td style=\"width: 41.8114%;\">a partir de l&#8217;1 de juliol de 2025<\/td>\n<\/tr>\n<\/tbody>\n<\/table>\n<h4><\/h4>\n<p>&nbsp;<\/p>\n","protected":false},"excerpt":{"rendered":"<p>Com a criteri general, les activitats de formaci\u00f3 del curs 2024-2025 s\u2019iniciaran a partir del 14 d\u2019octubre de 2024 i la inscripci\u00f3 a les activitats es realitzar\u00e0 de manera general en tres torns. Les dates d\u2019aquests torns s\u00f3n les seg\u00fcents: Per\u00edodes d\u2019inscripci\u00f3 Sol\u00b7licitud de pla\u00e7a Consulta d\u2019adjudicacions Inici de les activitats Primer torn del 6 [&hellip;]<\/p>\n","protected":false},"author":1,"featured_media":0,"parent":416,"menu_order":0,"comment_status":"closed","ping_status":"closed","template":"","meta":{"_bbp_topic_count":0,"_bbp_reply_count":0,"_bbp_total_topic_count":0,"_bbp_total_reply_count":0,"_bbp_voice_count":0,"_bbp_anonymous_reply_count":0,"_bbp_topic_count_hidden":0,"_bbp_reply_count_hidden":0,"_bbp_forum_subforum_count":0,"site-sidebar-layout":"default","site-content-layout":"","ast-site-content-layout":"","site-content-style":"default","site-sidebar-style":"default","ast-global-header-display":"","ast-banner-title-visibility":"","ast-main-header-display":"","ast-hfb-above-header-display":"","ast-hfb-below-header-display":"","ast-hfb-mobile-header-display":"","site-post-title":"","ast-breadcrumbs-content":"","ast-featured-img":"","footer-sml-layout":"","theme-transparent-header-meta":"","adv-header-id-meta":"","stick-header-meta":"","header-above-stick-meta":"","header-main-stick-meta":"","header-below-stick-meta":"","astra-migrate-meta-layouts":"default","ast-page-background-enabled":"default","ast-page-background-meta":{"desktop":{"background-color":"var(--ast-global-color-4)","background-image":"","background-repeat":"repeat","background-position":"center center","background-size":"auto","background-attachment":"scroll","background-type":"","background-media":"","overlay-type":"","overlay-color":"","overlay-opacity":"","overlay-gradient":""},"tablet":{"background-color":"","background-image":"","background-repeat":"repeat","background-position":"center center","background-size":"auto","background-attachment":"scroll","background-type":"","background-media":"","overlay-type":"","overlay-color":"","overlay-opacity":"","overlay-gradient":""},"mobile":{"background-color":"","background-image":"","background-repeat":"repeat","background-position":"center center","background-size":"auto","background-attachment":"scroll","background-type":"","background-media":"","overlay-type":"","overlay-color":"","overlay-opacity":"","overlay-gradient":""}},"ast-content-background-meta":{"desktop":{"background-color":"var(--ast-global-color-5)","background-image":"","background-repeat":"repeat","background-position":"center center","background-size":"auto","background-attachment":"scroll","background-type":"","background-media":"","overlay-type":"","overlay-color":"","overlay-opacity":"","overlay-gradient":""},"tablet":{"background-color":"var(--ast-global-color-5)","background-image":"","background-repeat":"repeat","background-position":"center center","background-size":"auto","background-attachment":"scroll","background-type":"","background-media":"","overlay-type":"","overlay-color":"","overlay-opacity":"","overlay-gradient":""},"mobile":{"background-color":"var(--ast-global-color-5)","background-image":"","background-repeat":"repeat","background-position":"center center","background-size":"auto","background-attachment":"scroll","background-type":"","background-media":"","overlay-type":"","overlay-color":"","overlay-opacity":"","overlay-gradient":""}},"footnotes":""},"class_list":["post-1314","page","type-page","status-publish","hentry"],"post_mailing_queue_ids":[],"_links":{"self":[{"href":"https:\/\/serveiseducatius.xtec.cat\/vallesoccidental4\/wp-json\/wp\/v2\/pages\/1314","targetHints":{"allow":["GET"]}}],"collection":[{"href":"https:\/\/serveiseducatius.xtec.cat\/vallesoccidental4\/wp-json\/wp\/v2\/pages"}],"about":[{"href":"https:\/\/serveiseducatius.xtec.cat\/vallesoccidental4\/wp-json\/wp\/v2\/types\/page"}],"author":[{"embeddable":true,"href":"https:\/\/serveiseducatius.xtec.cat\/vallesoccidental4\/wp-json\/wp\/v2\/users\/1"}],"replies":[{"embeddable":true,"href":"https:\/\/serveiseducatius.xtec.cat\/vallesoccidental4\/wp-json\/wp\/v2\/comments?post=1314"}],"version-history":[{"count":5,"href":"https:\/\/serveiseducatius.xtec.cat\/vallesoccidental4\/wp-json\/wp\/v2\/pages\/1314\/revisions"}],"predecessor-version":[{"id":10263,"href":"https:\/\/serveiseducatius.xtec.cat\/vallesoccidental4\/wp-json\/wp\/v2\/pages\/1314\/revisions\/10263"}],"up":[{"embeddable":true,"href":"https:\/\/serveiseducatius.xtec.cat\/vallesoccidental4\/wp-json\/wp\/v2\/pages\/416"}],"wp:attachment":[{"href":"https:\/\/serveiseducatius.xtec.cat\/vallesoccidental4\/wp-json\/wp\/v2\/media?parent=1314"}],"curies":[{"name":"wp","href":"https:\/\/api.w.org\/{rel}","templated":true}]}}