{"id":10190,"date":"2024-01-26T12:07:15","date_gmt":"2024-01-26T11:07:15","guid":{"rendered":"https:\/\/serveiseducatius.xtec.cat\/vallesoccidental4\/?page_id=10190"},"modified":"2024-12-17T14:05:36","modified_gmt":"2024-12-17T13:05:36","slug":"absentisme-i-abandonament","status":"publish","type":"page","link":"https:\/\/serveiseducatius.xtec.cat\/vallesoccidental4\/recursos\/absentisme-i-abandonament\/","title":{"rendered":"Absentisme i abandonament"},"content":{"rendered":"<p><em><strong><span style=\"color: #ff0000;\">Qu\u00e8 \u00e9s l&#8217;absentisme i abandonament escolar?<\/span><\/strong><\/em><\/p>\n<p style=\"text-align: left;\">Entenem per absentisme escolar l&#8217;abs\u00e8ncia de l&#8217;alumnat a classe sense una justificaci\u00f3 acceptable.<br \/>\nEl terme tamb\u00e9 s&#8217;utilitza de manera gen\u00e8rica per referir-se a altres situacions de ruptura escolar: la no escolaritzaci\u00f3 (quan les fam\u00edlies no gestionen la pla\u00e7a escolar d&#8217;un infant o adolescent en per\u00edode d&#8217;escolaritzaci\u00f3 obligat\u00f2ria) o l&#8217;abandonament escolar (el cessament indefinit de l&#8217;assist\u00e8ncia a la pla\u00e7a escolar en per\u00edode d&#8217;escolaritzaci\u00f3 obligat\u00f2ria).<br \/>\nL\u2019abandonament escolar prematur inclou la poblaci\u00f3 que no ha completat l\u2019educaci\u00f3 secund\u00e0ria obligat\u00f2ria o que, havent-la finalitzat, no ha acabat la formaci\u00f3 postobligat\u00f2ria i no segueix cap mena d\u2019educaci\u00f3 o formaci\u00f3.<\/p>\n<p><span style=\"color: #ff0000;\"><strong>RECURSOS PER L\u2019ABORDATGE DE L\u2019ABANDONAMENT ESCOLAR PREMATUR A SANT CUGAT <\/strong><\/span><span style=\"color: #ff0000;\"><strong>DEL VALL\u00c8S<\/strong><\/span><\/p>\n<p><strong><span style=\"color: #ff0000;\">BIT\u00c0COLA<\/span><\/strong><\/p>\n<p><strong>Servei d\u2019Educaci\u00f3 de l\u2019Ajuntament de Sant Cugat del Vall\u00e8s<\/strong><\/p>\n<p>Programa d\u2019acompanyament personal i professional per a joves en risc d\u2019abandonament dels estudis.<\/p>\n<p>Bit\u00e0cola t\u00e9 per objectiu reduir i prevenir l\u2019abandonament escolar prematur dels i les joves (16-24 anys) oferint acompanyament en la construcci\u00f3 del seu projecte personal, acad\u00e8mic i professional<\/p>\n<p>Ana Tostado<br \/>\nCasal Torreblanca \/ Ajuntament de Sant Cugat<br \/>\n690 138 154 (tamb\u00e9 per WhatsApp)<br \/>\nbitacola@santcugat.cat<br \/>\nhttp:\/\/oficinajove.santcugat.cat\/34109\/descriptiu\/<\/p>\n<p><strong><span style=\"color: #ff0000;\">RECONNECT-ES<\/span><\/strong><\/p>\n<p><strong>Departament d\u2019Educaci\u00f3 i Formaci\u00f3 Professional de la Generalitat de Catalunya<\/strong><\/p>\n<p>Seguiment i acompanyament dels joves que han abandonat els estudis, amb la finalitat que es reincorporin al sistema educatiu.<\/p>\n<p>L\u2019Educadora Social referent del servei els assessoraran sobre les diferents opcions educatives que tenen disponibles i els ajudaran en la presa de decisions. Tamb\u00e9 col\u00b7labora amb altres professionals de l\u2019administraci\u00f3 educativa, els agents socioeducatius del territori i els centres educatius.<\/p>\n<p>Montse Pausa<br \/>\nServeis Educatius de Sant Cugat del Vall\u00e8s<br \/>\nC\/ Esperanto 2<br \/>\nmpausa@xtec.cat<br \/>\n600 008 655 (tamb\u00e9 per whatsApp)<\/p>\n<p><img loading=\"lazy\" decoding=\"async\" class=\"aligncenter size-large wp-image-10309\" src=\"https:\/\/serveiseducatius.xtec.cat\/vallesoccidental4\/wp-content\/uploads\/usu1114\/2024\/12\/Abordatge-AEP-Sant-Cugat-24-25-724x1024.jpg\" alt=\"\" width=\"724\" height=\"1024\" srcset=\"https:\/\/serveiseducatius.xtec.cat\/vallesoccidental4\/wp-content\/uploads\/usu1114\/2024\/12\/Abordatge-AEP-Sant-Cugat-24-25-724x1024.jpg 724w, https:\/\/serveiseducatius.xtec.cat\/vallesoccidental4\/wp-content\/uploads\/usu1114\/2024\/12\/Abordatge-AEP-Sant-Cugat-24-25-212x300.jpg 212w, https:\/\/serveiseducatius.xtec.cat\/vallesoccidental4\/wp-content\/uploads\/usu1114\/2024\/12\/Abordatge-AEP-Sant-Cugat-24-25-768x1086.jpg 768w, https:\/\/serveiseducatius.xtec.cat\/vallesoccidental4\/wp-content\/uploads\/usu1114\/2024\/12\/Abordatge-AEP-Sant-Cugat-24-25-1086x1536.jpg 1086w, https:\/\/serveiseducatius.xtec.cat\/vallesoccidental4\/wp-content\/uploads\/usu1114\/2024\/12\/Abordatge-AEP-Sant-Cugat-24-25.jpg 1414w\" sizes=\"auto, (max-width: 724px) 100vw, 724px\" \/><\/p>\n<p>&nbsp;<\/p>\n<p>Per accedir als documents clica <a href=\"https:\/\/serveiseducatius.xtec.cat\/vallesoccidental4\/recursos\/absentisme-i-abandonament\/documents\/\">aqu\u00ed<\/a><\/p>\n<p>&nbsp;<\/p>\n<p>&nbsp;<\/p>\n","protected":false},"excerpt":{"rendered":"<p>Qu\u00e8 \u00e9s l&#8217;absentisme i abandonament escolar? Entenem per absentisme escolar l&#8217;abs\u00e8ncia de l&#8217;alumnat a classe sense una justificaci\u00f3 acceptable. El terme tamb\u00e9 s&#8217;utilitza de manera gen\u00e8rica per referir-se a altres situacions de ruptura escolar: la no escolaritzaci\u00f3 (quan les fam\u00edlies no gestionen la pla\u00e7a escolar d&#8217;un infant o adolescent en per\u00edode d&#8217;escolaritzaci\u00f3 obligat\u00f2ria) o l&#8217;abandonament [&hellip;]<\/p>\n","protected":false},"author":1,"featured_media":0,"parent":906,"menu_order":0,"comment_status":"closed","ping_status":"closed","template":"","meta":{"_bbp_topic_count":0,"_bbp_reply_count":0,"_bbp_total_topic_count":0,"_bbp_total_reply_count":0,"_bbp_voice_count":0,"_bbp_anonymous_reply_count":0,"_bbp_topic_count_hidden":0,"_bbp_reply_count_hidden":0,"_bbp_forum_subforum_count":0,"site-sidebar-layout":"default","site-content-layout":"","ast-site-content-layout":"","site-content-style":"default","site-sidebar-style":"default","ast-global-header-display":"","ast-banner-title-visibility":"","ast-main-header-display":"","ast-hfb-above-header-display":"","ast-hfb-below-header-display":"","ast-hfb-mobile-header-display":"","site-post-title":"","ast-breadcrumbs-content":"","ast-featured-img":"","footer-sml-layout":"","theme-transparent-header-meta":"","adv-header-id-meta":"","stick-header-meta":"","header-above-stick-meta":"","header-main-stick-meta":"","header-below-stick-meta":"","astra-migrate-meta-layouts":"default","ast-page-background-enabled":"default","ast-page-background-meta":{"desktop":{"background-color":"var(--ast-global-color-4)","background-image":"","background-repeat":"repeat","background-position":"center center","background-size":"auto","background-attachment":"scroll","background-type":"","background-media":"","overlay-type":"","overlay-color":"","overlay-opacity":"","overlay-gradient":""},"tablet":{"background-color":"","background-image":"","background-repeat":"repeat","background-position":"center center","background-size":"auto","background-attachment":"scroll","background-type":"","background-media":"","overlay-type":"","overlay-color":"","overlay-opacity":"","overlay-gradient":""},"mobile":{"background-color":"","background-image":"","background-repeat":"repeat","background-position":"center center","background-size":"auto","background-attachment":"scroll","background-type":"","background-media":"","overlay-type":"","overlay-color":"","overlay-opacity":"","overlay-gradient":""}},"ast-content-background-meta":{"desktop":{"background-color":"var(--ast-global-color-5)","background-image":"","background-repeat":"repeat","background-position":"center center","background-size":"auto","background-attachment":"scroll","background-type":"","background-media":"","overlay-type":"","overlay-color":"","overlay-opacity":"","overlay-gradient":""},"tablet":{"background-color":"var(--ast-global-color-5)","background-image":"","background-repeat":"repeat","background-position":"center center","background-size":"auto","background-attachment":"scroll","background-type":"","background-media":"","overlay-type":"","overlay-color":"","overlay-opacity":"","overlay-gradient":""},"mobile":{"background-color":"var(--ast-global-color-5)","background-image":"","background-repeat":"repeat","background-position":"center center","background-size":"auto","background-attachment":"scroll","background-type":"","background-media":"","overlay-type":"","overlay-color":"","overlay-opacity":"","overlay-gradient":""}},"footnotes":""},"class_list":["post-10190","page","type-page","status-publish","hentry"],"post_mailing_queue_ids":[],"_links":{"self":[{"href":"https:\/\/serveiseducatius.xtec.cat\/vallesoccidental4\/wp-json\/wp\/v2\/pages\/10190","targetHints":{"allow":["GET"]}}],"collection":[{"href":"https:\/\/serveiseducatius.xtec.cat\/vallesoccidental4\/wp-json\/wp\/v2\/pages"}],"about":[{"href":"https:\/\/serveiseducatius.xtec.cat\/vallesoccidental4\/wp-json\/wp\/v2\/types\/page"}],"author":[{"embeddable":true,"href":"https:\/\/serveiseducatius.xtec.cat\/vallesoccidental4\/wp-json\/wp\/v2\/users\/1"}],"replies":[{"embeddable":true,"href":"https:\/\/serveiseducatius.xtec.cat\/vallesoccidental4\/wp-json\/wp\/v2\/comments?post=10190"}],"version-history":[{"count":6,"href":"https:\/\/serveiseducatius.xtec.cat\/vallesoccidental4\/wp-json\/wp\/v2\/pages\/10190\/revisions"}],"predecessor-version":[{"id":10310,"href":"https:\/\/serveiseducatius.xtec.cat\/vallesoccidental4\/wp-json\/wp\/v2\/pages\/10190\/revisions\/10310"}],"up":[{"embeddable":true,"href":"https:\/\/serveiseducatius.xtec.cat\/vallesoccidental4\/wp-json\/wp\/v2\/pages\/906"}],"wp:attachment":[{"href":"https:\/\/serveiseducatius.xtec.cat\/vallesoccidental4\/wp-json\/wp\/v2\/media?parent=10190"}],"curies":[{"name":"wp","href":"https:\/\/api.w.org\/{rel}","templated":true}]}}