{"id":9329,"date":"2021-03-01T10:07:19","date_gmt":"2021-03-01T09:07:19","guid":{"rendered":"http:\/\/serveiseducatius.xtec.cat\/vallesoccidental3\/?page_id=9329"},"modified":"2021-03-23T17:49:29","modified_gmt":"2021-03-23T16:49:29","slug":"espac-ei","status":"publish","type":"page","link":"https:\/\/serveiseducatius.xtec.cat\/vallesoccidental3\/espac-ei\/","title":{"rendered":"ESPAC EI"},"content":{"rendered":"<p>L\u2019ESPAC \u00e9s una Eina de Suport a la\u00a0<strong>Programaci\u00f3 i l\u2019Avaluaci\u00f3<\/strong>\u00a0Curricular que t\u00e9 com objectiu facilitar la reflexi\u00f3 per planificar una proposta coherent i compartida de\u00a0<strong>programaci\u00f3 d\u2019un PI<\/strong> (Pla de suport individualitzat). (<span style=\"color: #ff0000;\">Versi\u00f3 actualitzada 23\/03\/2021<\/span>).<\/p>\n<p>Aquest model per al 2n cicle d&#8217;Educaci\u00f3 infantil inclou dos blocs:<\/p>\n<ul>\n<li>Un bloc de fulls marcats amb color groc (nom\u00e9s consultables) per cada element del curr\u00edculum (capacitats, objectius, \u00e0rees i continguts, criteris d&#8217;avaluaci\u00f3)<\/li>\n<li>Un bloc de fulls marcats amb color blau per elaborar la proposta de PI (Portada, Mesures, Concrecions, Relaci\u00f3 entre capacitats i continguts, horari).<\/li>\n<li>La informaci\u00f3 registrada pot ser acumulativa per als tes cursos del cicle (P3, P4 i P5)<\/li>\n<\/ul>\n<p><a href=\"https:\/\/docs.google.com\/spreadsheets\/d\/1BC4j3RO6ACTAFCZAIvCXiBWOCngibb0r49DWu_47Ecw\/edit#gid=1683784015\" target=\"_blank\" rel=\"noopener noreferrer\"><img loading=\"lazy\" decoding=\"async\" class=\"aligncenter wp-image-9330\" src=\"https:\/\/serveiseducatius.xtec.cat\/vallesoccidental3\/wp-content\/uploads\/usu1147\/2021\/03\/espacei-300x126.png\" alt=\"\" width=\"643\" height=\"270\" srcset=\"https:\/\/serveiseducatius.xtec.cat\/vallesoccidental3\/wp-content\/uploads\/usu1147\/2021\/03\/espacei-300x126.png 300w, https:\/\/serveiseducatius.xtec.cat\/vallesoccidental3\/wp-content\/uploads\/usu1147\/2021\/03\/espacei-768x322.png 768w, https:\/\/serveiseducatius.xtec.cat\/vallesoccidental3\/wp-content\/uploads\/usu1147\/2021\/03\/espacei-1024x429.png 1024w, https:\/\/serveiseducatius.xtec.cat\/vallesoccidental3\/wp-content\/uploads\/usu1147\/2021\/03\/espacei.png 1722w\" sizes=\"auto, (max-width: 643px) 100vw, 643px\" \/><\/a><\/p>\n<p>Per utilitzar-lo, cal que en feu una c\u00f2pia a la vostra unitat.<\/p>\n<p>\u00c9s una eina col\u00b7laborativa, dissenyada i pensada per ser elaborada en equip. \u00c9s una eina viva, que accepta tantes revisions i modificacions com siguin necess\u00e0ries.<\/p>\n","protected":false},"excerpt":{"rendered":"<p>L\u2019ESPAC \u00e9s una Eina de Suport a la\u00a0Programaci\u00f3 i l\u2019Avaluaci\u00f3\u00a0Curricular que t\u00e9 com objectiu facilitar la reflexi\u00f3 per planificar una proposta coherent i compartida de\u00a0programaci\u00f3 d\u2019un PI (Pla de suport individualitzat). (Versi\u00f3 actualitzada 23\/03\/2021). Aquest model per al 2n cicle d&#8217;Educaci\u00f3 infantil inclou dos blocs: Un bloc de fulls marcats amb color groc (nom\u00e9s consultables) [&hellip;]<\/p>\n","protected":false},"author":1,"featured_media":0,"parent":0,"menu_order":0,"comment_status":"closed","ping_status":"closed","template":"","meta":{"_bbp_topic_count":0,"_bbp_reply_count":0,"_bbp_total_topic_count":0,"_bbp_total_reply_count":0,"_bbp_voice_count":0,"_bbp_anonymous_reply_count":0,"_bbp_topic_count_hidden":0,"_bbp_reply_count_hidden":0,"_bbp_forum_subforum_count":0,"site-sidebar-layout":"default","site-content-layout":"","ast-site-content-layout":"","site-content-style":"default","site-sidebar-style":"default","ast-global-header-display":"","ast-banner-title-visibility":"","ast-main-header-display":"","ast-hfb-above-header-display":"","ast-hfb-below-header-display":"","ast-hfb-mobile-header-display":"","site-post-title":"","ast-breadcrumbs-content":"","ast-featured-img":"","footer-sml-layout":"","theme-transparent-header-meta":"","adv-header-id-meta":"","stick-header-meta":"","header-above-stick-meta":"","header-main-stick-meta":"","header-below-stick-meta":"","astra-migrate-meta-layouts":"default","ast-page-background-enabled":"default","ast-page-background-meta":{"desktop":{"background-color":"var(--ast-global-color-4)","background-image":"","background-repeat":"repeat","background-position":"center center","background-size":"auto","background-attachment":"scroll","background-type":"","background-media":"","overlay-type":"","overlay-color":"","overlay-opacity":"","overlay-gradient":""},"tablet":{"background-color":"","background-image":"","background-repeat":"repeat","background-position":"center center","background-size":"auto","background-attachment":"scroll","background-type":"","background-media":"","overlay-type":"","overlay-color":"","overlay-opacity":"","overlay-gradient":""},"mobile":{"background-color":"","background-image":"","background-repeat":"repeat","background-position":"center center","background-size":"auto","background-attachment":"scroll","background-type":"","background-media":"","overlay-type":"","overlay-color":"","overlay-opacity":"","overlay-gradient":""}},"ast-content-background-meta":{"desktop":{"background-color":"var(--ast-global-color-5)","background-image":"","background-repeat":"repeat","background-position":"center center","background-size":"auto","background-attachment":"scroll","background-type":"","background-media":"","overlay-type":"","overlay-color":"","overlay-opacity":"","overlay-gradient":""},"tablet":{"background-color":"var(--ast-global-color-5)","background-image":"","background-repeat":"repeat","background-position":"center center","background-size":"auto","background-attachment":"scroll","background-type":"","background-media":"","overlay-type":"","overlay-color":"","overlay-opacity":"","overlay-gradient":""},"mobile":{"background-color":"var(--ast-global-color-5)","background-image":"","background-repeat":"repeat","background-position":"center center","background-size":"auto","background-attachment":"scroll","background-type":"","background-media":"","overlay-type":"","overlay-color":"","overlay-opacity":"","overlay-gradient":""}},"footnotes":""},"class_list":["post-9329","page","type-page","status-publish","hentry"],"post_mailing_queue_ids":[],"_links":{"self":[{"href":"https:\/\/serveiseducatius.xtec.cat\/vallesoccidental3\/wp-json\/wp\/v2\/pages\/9329","targetHints":{"allow":["GET"]}}],"collection":[{"href":"https:\/\/serveiseducatius.xtec.cat\/vallesoccidental3\/wp-json\/wp\/v2\/pages"}],"about":[{"href":"https:\/\/serveiseducatius.xtec.cat\/vallesoccidental3\/wp-json\/wp\/v2\/types\/page"}],"author":[{"embeddable":true,"href":"https:\/\/serveiseducatius.xtec.cat\/vallesoccidental3\/wp-json\/wp\/v2\/users\/1"}],"replies":[{"embeddable":true,"href":"https:\/\/serveiseducatius.xtec.cat\/vallesoccidental3\/wp-json\/wp\/v2\/comments?post=9329"}],"version-history":[{"count":4,"href":"https:\/\/serveiseducatius.xtec.cat\/vallesoccidental3\/wp-json\/wp\/v2\/pages\/9329\/revisions"}],"predecessor-version":[{"id":9993,"href":"https:\/\/serveiseducatius.xtec.cat\/vallesoccidental3\/wp-json\/wp\/v2\/pages\/9329\/revisions\/9993"}],"wp:attachment":[{"href":"https:\/\/serveiseducatius.xtec.cat\/vallesoccidental3\/wp-json\/wp\/v2\/media?parent=9329"}],"curies":[{"name":"wp","href":"https:\/\/api.w.org\/{rel}","templated":true}]}}