{"id":797,"date":"2015-11-28T21:06:57","date_gmt":"2015-11-28T20:06:57","guid":{"rendered":"http:\/\/serveiseducatius.xtec.cat\/se-vallesoccidental3\/?page_id=797"},"modified":"2025-12-11T18:33:47","modified_gmt":"2025-12-11T17:33:47","slug":"presentacio","status":"publish","type":"page","link":"https:\/\/serveiseducatius.xtec.cat\/vallesoccidental3\/presentacio\/","title":{"rendered":"El Servei Educatiu"},"content":{"rendered":"<p>Els\u00a0<strong>serveis educatius de zona<\/strong> (SEZ) s\u00f3n equips multiprofessionals formats pels\u00a0<strong>centres de recursos pedag\u00f2gics (CRP)<\/strong>, els\u00a0<strong>equips d&#8217;assessorament i orientaci\u00f3 psicopedag\u00f2gica (EAP)<\/strong>\u00a0i els\u00a0<strong>equips d&#8217;assessorament en llengua i cohesi\u00f3 social (ELIC)<\/strong>.<\/p>\n<p>Els SEZ col\u00b7laboren i donen suport als professors dels centres p\u00fablics i privats sostinguts amb fons p\u00fablics d\u2019educaci\u00f3 obligat\u00f2ria no universit\u00e0ria d\u2019una zona geogr\u00e0fica educativa determinada per a la realitzaci\u00f3 efectiva del projecte educatiu de cada centre i donen suport als centres educatius que volen iniciar, mantenir o consolidar processos de canvi i transformaci\u00f3 que afavoreixin l&#8217;aprenentatge i promoguin experi\u00e8ncies educatives de qualitat per a tot l\u2019alumnat.<\/p>\n<p>Els serveis educatius, en actuar en els mateixos centres i en una zona determinada, coordinen les seves actuacions entre ells i amb altres institucions que tamb\u00e9 hi actuen.<\/p>\n<p>L&#8217;\u00e0mbit d&#8217;actuaci\u00f3 del servei educatiu\u00a0s\u00f3n les poblacions de Rub\u00ed i Castellbisbal<\/p>\n<h4>Qui pot fer la demanda dels serveis?<\/h4>\n<ul>\n<li>Els centres, mitjan\u00e7ant els seus equips de direcci\u00f3.<\/li>\n<li>Col\u00b7lectius de docents, d\u2019especialitat, de nivell, d\u2019interessos, etc.<\/li>\n<li>Els docents directament.<\/li>\n<li>Altres entitats vinculades a l\u2019Educaci\u00f3.<\/li>\n<\/ul>\n<h4>Com es fa la demanda?<\/h4>\n<p>Podeu contactar amb nosaltres\u00a0 a trav\u00e9s del tel\u00e8fon <strong>93 588 20 71\u00a0<\/strong><span style=\"font-family: inherit; font-size: 1em;\">o adreces de correu:<\/span><\/p>\n<p><strong>Equip CRP <a href=\"mailto:crp-rubi@xtec.cat\">crp-rubi@xtec.cat<\/a><br \/>\n<\/strong><\/p>\n<p><strong>Equip EAP <a href=\"mailto:eap-rubi@xtec.cat\">eap-rubi@xtec.cat<\/a><\/strong><\/p>\n<p><strong>Equip LIC<\/strong>\u00a0<a href=\"mailto:csoley@xtec.cat\" target=\"_blank\" rel=\"noopener\"><strong>jmas13@xtec.cat<\/strong><\/a><strong> i\u00a0<a href=\"mailto:arialp2@xtec.cat\">arialp2@xtec.cat<\/a><\/strong><\/p>\n<h4><\/h4>\n","protected":false},"excerpt":{"rendered":"<p>Els\u00a0serveis educatius de zona (SEZ) s\u00f3n equips multiprofessionals formats pels\u00a0centres de recursos pedag\u00f2gics (CRP), els\u00a0equips d&#8217;assessorament i orientaci\u00f3 psicopedag\u00f2gica (EAP)\u00a0i els\u00a0equips d&#8217;assessorament en llengua i cohesi\u00f3 social (ELIC). Els SEZ col\u00b7laboren i donen suport als professors dels centres p\u00fablics i privats sostinguts amb fons p\u00fablics d\u2019educaci\u00f3 obligat\u00f2ria no universit\u00e0ria d\u2019una zona geogr\u00e0fica educativa determinada per [&hellip;]<\/p>\n","protected":false},"author":1,"featured_media":0,"parent":0,"menu_order":10,"comment_status":"closed","ping_status":"closed","template":"","meta":{"_bbp_topic_count":0,"_bbp_reply_count":0,"_bbp_total_topic_count":0,"_bbp_total_reply_count":0,"_bbp_voice_count":0,"_bbp_anonymous_reply_count":0,"_bbp_topic_count_hidden":0,"_bbp_reply_count_hidden":0,"_bbp_forum_subforum_count":0,"site-sidebar-layout":"default","site-content-layout":"","ast-site-content-layout":"default","site-content-style":"default","site-sidebar-style":"default","ast-global-header-display":"","ast-banner-title-visibility":"","ast-main-header-display":"","ast-hfb-above-header-display":"","ast-hfb-below-header-display":"","ast-hfb-mobile-header-display":"","site-post-title":"","ast-breadcrumbs-content":"","ast-featured-img":"","footer-sml-layout":"","theme-transparent-header-meta":"","adv-header-id-meta":"","stick-header-meta":"","header-above-stick-meta":"","header-main-stick-meta":"","header-below-stick-meta":"","astra-migrate-meta-layouts":"set","ast-page-background-enabled":"default","ast-page-background-meta":{"desktop":{"background-color":"var(--ast-global-color-4)","background-image":"","background-repeat":"repeat","background-position":"center center","background-size":"auto","background-attachment":"scroll","background-type":"","background-media":"","overlay-type":"","overlay-color":"","overlay-opacity":"","overlay-gradient":""},"tablet":{"background-color":"","background-image":"","background-repeat":"repeat","background-position":"center center","background-size":"auto","background-attachment":"scroll","background-type":"","background-media":"","overlay-type":"","overlay-color":"","overlay-opacity":"","overlay-gradient":""},"mobile":{"background-color":"","background-image":"","background-repeat":"repeat","background-position":"center center","background-size":"auto","background-attachment":"scroll","background-type":"","background-media":"","overlay-type":"","overlay-color":"","overlay-opacity":"","overlay-gradient":""}},"ast-content-background-meta":{"desktop":{"background-color":"var(--ast-global-color-5)","background-image":"","background-repeat":"repeat","background-position":"center center","background-size":"auto","background-attachment":"scroll","background-type":"","background-media":"","overlay-type":"","overlay-color":"","overlay-opacity":"","overlay-gradient":""},"tablet":{"background-color":"var(--ast-global-color-5)","background-image":"","background-repeat":"repeat","background-position":"center center","background-size":"auto","background-attachment":"scroll","background-type":"","background-media":"","overlay-type":"","overlay-color":"","overlay-opacity":"","overlay-gradient":""},"mobile":{"background-color":"var(--ast-global-color-5)","background-image":"","background-repeat":"repeat","background-position":"center center","background-size":"auto","background-attachment":"scroll","background-type":"","background-media":"","overlay-type":"","overlay-color":"","overlay-opacity":"","overlay-gradient":""}},"footnotes":""},"class_list":["post-797","page","type-page","status-publish","hentry"],"post_mailing_queue_ids":[],"_links":{"self":[{"href":"https:\/\/serveiseducatius.xtec.cat\/vallesoccidental3\/wp-json\/wp\/v2\/pages\/797","targetHints":{"allow":["GET"]}}],"collection":[{"href":"https:\/\/serveiseducatius.xtec.cat\/vallesoccidental3\/wp-json\/wp\/v2\/pages"}],"about":[{"href":"https:\/\/serveiseducatius.xtec.cat\/vallesoccidental3\/wp-json\/wp\/v2\/types\/page"}],"author":[{"embeddable":true,"href":"https:\/\/serveiseducatius.xtec.cat\/vallesoccidental3\/wp-json\/wp\/v2\/users\/1"}],"replies":[{"embeddable":true,"href":"https:\/\/serveiseducatius.xtec.cat\/vallesoccidental3\/wp-json\/wp\/v2\/comments?post=797"}],"version-history":[{"count":6,"href":"https:\/\/serveiseducatius.xtec.cat\/vallesoccidental3\/wp-json\/wp\/v2\/pages\/797\/revisions"}],"predecessor-version":[{"id":18539,"href":"https:\/\/serveiseducatius.xtec.cat\/vallesoccidental3\/wp-json\/wp\/v2\/pages\/797\/revisions\/18539"}],"wp:attachment":[{"href":"https:\/\/serveiseducatius.xtec.cat\/vallesoccidental3\/wp-json\/wp\/v2\/media?parent=797"}],"curies":[{"name":"wp","href":"https:\/\/api.w.org\/{rel}","templated":true}]}}