{"id":6261,"date":"2020-05-07T09:19:19","date_gmt":"2020-05-07T07:19:19","guid":{"rendered":"http:\/\/serveiseducatius.xtec.cat\/vallesoccidental3\/?page_id=6261"},"modified":"2026-02-24T12:34:50","modified_gmt":"2026-02-24T11:34:50","slug":"escolaritzacio-matricula","status":"publish","type":"page","link":"https:\/\/serveiseducatius.xtec.cat\/vallesoccidental3\/escolaritzacio-matricula\/","title":{"rendered":"Oferta educativa a Catalunya"},"content":{"rendered":"\n<p>En aquest apartat trobar\u00e0s informaci\u00f3 sobre el procediment que cal seguir i la documentaci\u00f3 que cal aportar per fer la preinscripci\u00f3 i matr\u00edcula dels i les alumnes als centres educatius de la ciutat.<\/p>\n\n\n\n<p>Els nens i nenes que durant l\u2019any 2026 fan 3 anys es poden matricular en un centre educatiu sufragat amb fons p\u00fablics. La preinscripci\u00f3 \u00e9s \u00fanica per a tots els centres p\u00fablics i privats concertats d\u2019infantil, prim\u00e0ria i secund\u00e0ria, de 3 a 16 anys.<\/p>\n\n\n\n<p>Si has de preinscriure el teu fill o filla a educaci\u00f3 infantil (3-6), prim\u00e0ria, secund\u00e0ria obligat\u00f2ria o batxillerat les dates de presentaci\u00f3 de sol\u00b7licituds per al curs escolar 2026-2027 que ha establert el Departament d\u2019Educaci\u00f3 i Formaci\u00f3 Professional de la Generalitat de Catalunya s\u00f3n:<\/p>\n\n\n\n<ul class=\"wp-block-list\">\n<li>Educaci\u00f3 infantil (3-6 anys) i prim\u00e0ria: del 4 al 18 de mar\u00e7<\/li>\n\n\n\n<li>Educaci\u00f3 secund\u00e0ria obligat\u00f2ria: del 6 al 18 de mar\u00e7<\/li>\n\n\n\n<li>Batxillerat: del 9 al 16 d\u2019abril<\/li>\n\n\n\n<li>Resta d\u2019ensenyaments: pendent confirmaci\u00f3<\/li>\n<\/ul>\n\n\n\n<figure class=\"wp-block-image aligncenter size-large is-resized\"><a href=\"https:\/\/preinscripcio.gencat.cat\/ca\/inici\/\"><img loading=\"lazy\" decoding=\"async\" width=\"1024\" height=\"231\" src=\"https:\/\/serveiseducatius.xtec.cat\/vallesoccidental3\/wp-content\/uploads\/usu1147\/2026\/02\/image-4-1024x231.png\" alt=\"\" class=\"wp-image-18856\" style=\"width:1200px;height:auto\" srcset=\"https:\/\/serveiseducatius.xtec.cat\/vallesoccidental3\/wp-content\/uploads\/usu1147\/2026\/02\/image-4-1024x231.png 1024w, https:\/\/serveiseducatius.xtec.cat\/vallesoccidental3\/wp-content\/uploads\/usu1147\/2026\/02\/image-4-300x68.png 300w, https:\/\/serveiseducatius.xtec.cat\/vallesoccidental3\/wp-content\/uploads\/usu1147\/2026\/02\/image-4-768x173.png 768w, https:\/\/serveiseducatius.xtec.cat\/vallesoccidental3\/wp-content\/uploads\/usu1147\/2026\/02\/image-4.png 1193w\" sizes=\"auto, (max-width: 1024px) 100vw, 1024px\" \/><\/a><\/figure>\n\n\n\n<div class=\"wp-block-buttons is-content-justification-center is-layout-flex wp-container-core-buttons-is-layout-1 wp-block-buttons-is-layout-flex\">\n<div class=\"wp-block-button has-custom-font-size has-small-font-size\"><a class=\"wp-block-button__link has-luminous-vivid-amber-background-color has-background wp-element-button\" href=\"https:\/\/preinscripcio.gencat.cat\/ca\/inici\/\"><strong>Tota la informaci\u00f3 del Departament d&#8217;Educaci\u00f3<\/strong><\/a><\/div>\n<\/div>\n\n\n\n<p><\/p>\n\n\n\n<p><\/p>\n\n\n\n<ul class=\"wp-block-list\">\n<li class=\"has-medium-font-size\"><strong>Preinscripci\u00f3 i matriculaci\u00f3 Ajuntament de Rub\u00ed <sub>(<\/sub><\/strong><sub>actualitzat 24 febrer 2026)<\/sub><\/li>\n<\/ul>\n\n\n\n<div class=\"wp-block-buttons is-content-justification-center is-layout-flex wp-container-core-buttons-is-layout-2 wp-block-buttons-is-layout-flex\">\n<div class=\"wp-block-button has-custom-font-size has-small-font-size\"><a class=\"wp-block-button__link has-luminous-vivid-amber-background-color has-background has-text-align-center wp-element-button\" href=\"https:\/\/www.rubi.cat\/ca\/temes\/educacio\/preinscripcio-i-matriculacio\/preinscripcio-i-matriculacio-1\"><strong>Tota la informaci\u00f3 al web de l&#8217;Ajuntament de Rub\u00ed<\/strong><\/a><\/div>\n<\/div>\n\n\n\n<p><\/p>\n\n\n\n<ul class=\"wp-block-list\">\n<li class=\"has-medium-font-size\"><strong>Preinscripci\u00f3 i matriculaci\u00f3 Ajuntament de Castellbisbal <sub>(<\/sub><\/strong><sub>actualitzat 24 febrer 2026)<\/sub><\/li>\n<\/ul>\n\n\n\n<p style=\"padding-top:0;padding-right:var(--wp--preset--spacing--80);padding-bottom:0;padding-left:var(--wp--preset--spacing--80)\">La&nbsp;<strong>Guia Educativa de Castellbisbal per al curs 2026-2027<\/strong>, \u00e9s una eina pr\u00e0ctica i completa que recull la informaci\u00f3 sobre l\u2019oferta educativa p\u00fablica que s\u2019ofereix a Castellbisbal i que podeu consultar en el seg\u00fcent&nbsp;<a href=\"https:\/\/www.castellbisbal.cat\/media\/repository\/ensenyament\/guia-educativa\/2026-2027\/Guia_Educativa_Castellbisbal_curs_2026-2027.pdf\"><strong>enlla\u00e7<\/strong><\/a>.<\/p>\n\n\n\n<p style=\"margin-top:var(--wp--preset--spacing--40);margin-right:0;margin-bottom:var(--wp--preset--spacing--40);margin-left:0;padding-top:0;padding-right:var(--wp--preset--spacing--80);padding-bottom:0;padding-left:var(--wp--preset--spacing--80)\">Consulteu&nbsp;<a href=\"https:\/\/www.castellbisbal.cat\/media\/repository\/ensenyament\/guia-educativa\/2026-2027\/Cartell_jornades_portes_obertes_centres_educatius_curs_2026-2027.pdf\"><strong>aqu\u00ed&nbsp;<\/strong><\/a>el calendari de&nbsp;<strong>portes obertes als diferents centres educatius<\/strong><\/p>\n\n\n\n<div class=\"wp-block-buttons is-content-justification-center is-layout-flex wp-container-core-buttons-is-layout-3 wp-block-buttons-is-layout-flex\">\n<div class=\"wp-block-button has-custom-font-size has-small-font-size\"><a class=\"wp-block-button__link has-luminous-vivid-amber-background-color has-background wp-element-button\" href=\"https:\/\/www.castellbisbal.cat\/municipi-per-temes\/educacio\/guia-educativa\/guia-educativa-2026-2027.html\"><strong>Tota la informaci\u00f3 al web de l&#8217;Ajuntament de Castellbisbal<\/strong><\/a><\/div>\n<\/div>\n\n\n\n<p><\/p>\n","protected":false},"excerpt":{"rendered":"<p>En aquest apartat trobar\u00e0s informaci\u00f3 sobre el procediment que cal seguir i la documentaci\u00f3 que cal aportar per fer la preinscripci\u00f3 i matr\u00edcula dels i les alumnes als centres educatius de la ciutat. Els nens i nenes que durant l\u2019any 2026 fan 3 anys es poden matricular en un centre educatiu sufragat amb fons p\u00fablics. [&hellip;]<\/p>\n","protected":false},"author":1,"featured_media":0,"parent":0,"menu_order":0,"comment_status":"closed","ping_status":"closed","template":"","meta":{"_bbp_topic_count":0,"_bbp_reply_count":0,"_bbp_total_topic_count":0,"_bbp_total_reply_count":0,"_bbp_voice_count":0,"_bbp_anonymous_reply_count":0,"_bbp_topic_count_hidden":0,"_bbp_reply_count_hidden":0,"_bbp_forum_subforum_count":0,"site-sidebar-layout":"default","site-content-layout":"","ast-site-content-layout":"default","site-content-style":"default","site-sidebar-style":"default","ast-global-header-display":"","ast-banner-title-visibility":"","ast-main-header-display":"","ast-hfb-above-header-display":"","ast-hfb-below-header-display":"","ast-hfb-mobile-header-display":"","site-post-title":"","ast-breadcrumbs-content":"","ast-featured-img":"","footer-sml-layout":"","theme-transparent-header-meta":"","adv-header-id-meta":"","stick-header-meta":"","header-above-stick-meta":"","header-main-stick-meta":"","header-below-stick-meta":"","astra-migrate-meta-layouts":"set","ast-page-background-enabled":"default","ast-page-background-meta":{"desktop":{"background-color":"var(--ast-global-color-4)","background-image":"","background-repeat":"repeat","background-position":"center center","background-size":"auto","background-attachment":"scroll","background-type":"","background-media":"","overlay-type":"","overlay-color":"","overlay-opacity":"","overlay-gradient":""},"tablet":{"background-color":"","background-image":"","background-repeat":"repeat","background-position":"center center","background-size":"auto","background-attachment":"scroll","background-type":"","background-media":"","overlay-type":"","overlay-color":"","overlay-opacity":"","overlay-gradient":""},"mobile":{"background-color":"","background-image":"","background-repeat":"repeat","background-position":"center center","background-size":"auto","background-attachment":"scroll","background-type":"","background-media":"","overlay-type":"","overlay-color":"","overlay-opacity":"","overlay-gradient":""}},"ast-content-background-meta":{"desktop":{"background-color":"var(--ast-global-color-5)","background-image":"","background-repeat":"repeat","background-position":"center center","background-size":"auto","background-attachment":"scroll","background-type":"","background-media":"","overlay-type":"","overlay-color":"","overlay-opacity":"","overlay-gradient":""},"tablet":{"background-color":"var(--ast-global-color-5)","background-image":"","background-repeat":"repeat","background-position":"center center","background-size":"auto","background-attachment":"scroll","background-type":"","background-media":"","overlay-type":"","overlay-color":"","overlay-opacity":"","overlay-gradient":""},"mobile":{"background-color":"var(--ast-global-color-5)","background-image":"","background-repeat":"repeat","background-position":"center center","background-size":"auto","background-attachment":"scroll","background-type":"","background-media":"","overlay-type":"","overlay-color":"","overlay-opacity":"","overlay-gradient":""}},"footnotes":""},"class_list":["post-6261","page","type-page","status-publish","hentry"],"post_mailing_queue_ids":[],"_links":{"self":[{"href":"https:\/\/serveiseducatius.xtec.cat\/vallesoccidental3\/wp-json\/wp\/v2\/pages\/6261","targetHints":{"allow":["GET"]}}],"collection":[{"href":"https:\/\/serveiseducatius.xtec.cat\/vallesoccidental3\/wp-json\/wp\/v2\/pages"}],"about":[{"href":"https:\/\/serveiseducatius.xtec.cat\/vallesoccidental3\/wp-json\/wp\/v2\/types\/page"}],"author":[{"embeddable":true,"href":"https:\/\/serveiseducatius.xtec.cat\/vallesoccidental3\/wp-json\/wp\/v2\/users\/1"}],"replies":[{"embeddable":true,"href":"https:\/\/serveiseducatius.xtec.cat\/vallesoccidental3\/wp-json\/wp\/v2\/comments?post=6261"}],"version-history":[{"count":6,"href":"https:\/\/serveiseducatius.xtec.cat\/vallesoccidental3\/wp-json\/wp\/v2\/pages\/6261\/revisions"}],"predecessor-version":[{"id":18862,"href":"https:\/\/serveiseducatius.xtec.cat\/vallesoccidental3\/wp-json\/wp\/v2\/pages\/6261\/revisions\/18862"}],"wp:attachment":[{"href":"https:\/\/serveiseducatius.xtec.cat\/vallesoccidental3\/wp-json\/wp\/v2\/media?parent=6261"}],"curies":[{"name":"wp","href":"https:\/\/api.w.org\/{rel}","templated":true}]}}