{"id":608,"date":"2015-11-27T10:04:51","date_gmt":"2015-11-27T09:04:51","guid":{"rendered":"http:\/\/serveiseducatius.xtec.cat\/se-vallesoccidental3\/?page_id=608"},"modified":"2025-12-11T18:25:56","modified_gmt":"2025-12-11T17:25:56","slug":"horari-i-calendari","status":"publish","type":"page","link":"https:\/\/serveiseducatius.xtec.cat\/vallesoccidental3\/horari-i-calendari\/","title":{"rendered":"Horari i calendari"},"content":{"rendered":"<p>Horari d&#8217;atenci\u00f3 al p\u00fablic:<\/p>\n<ul>\n<li>De dilluns a dijous de 9 a 14h i de 16 a 18h.<br \/>\nDivendres de 9 a 14h.<\/li>\n<li>Del dia 9 de juny fins al 15 de juliol de 9 a 14h.<\/li>\n<\/ul>\n<p>L&#8217;atenci\u00f3 presencial es realitzar\u00e0 preferiblement sota cita pr\u00e8via que es podr\u00e0 demanar de dilluns a divendres.<\/p>\n<h4><a href=\"https:\/\/educacio.gencat.cat\/ca\/arees-actuacio\/centres-serveis-educatius\/centres\/calendari-escolar\/curs-2025-2026\/\" target=\"_blank\" rel=\"noopener\">Curs 2025-2026. Calendari<\/a><\/h4>\n<p><strong>Vacances escolars:<\/strong><\/p>\n<p><strong>Del 20 de desembre de 2025 al 7 de gener de 2026<\/strong>: vacances de Nadal.<\/p>\n<p><strong>Del 28 de mar\u00e7 al 6 d&#8217;abril de 2026<\/strong>: vacances de Setmana Santa.<\/p>\n<p><strong>19 de juny de 2026<\/strong>: acaben les classes a l&#8217;educaci\u00f3 infantil (3-6 anys), a l&#8217;educaci\u00f3 prim\u00e0ria, a\u00a0l&#8217;educaci\u00f3 secund\u00e0ria obligat\u00f2ria, al primer curs de batxillerat i a la formaci\u00f3 professional de grau b\u00e0sic.<\/p>\n<p>El nostre Servei Educatiu <strong>romandr\u00e0 tancat al p\u00fablic<\/strong>, a part dels per\u00edodes de <strong>vacances escolars<\/strong> i dels dies de<strong> festes laborals oficials a Catalunya<\/strong>, els seg\u00fcents dies de festa local i de lliure disposici\u00f3, acordats pel Consell Escolar Municipal de Rub\u00ed:<\/p>\n<ul>\n<li>10 d\u2019octubre\u00a0 de 2026 (lliure disposici\u00f3)<\/li>\n<li>3 de novembre de 2026 (lliure disposici\u00f3)<\/li>\n<li>5 de desembre de 2026 (lliure disposici\u00f3)<\/li>\n<li>16 de febrer de 2026 (festiu local)<\/li>\n<li>30 d&#8217;abril de 2026 (lliure disposici\u00f3)<\/li>\n<li>25 de maig de 2026 (lliure disposici\u00f3)<\/li>\n<li>29 de juny de 2026 (festius local)<\/li>\n<\/ul>\n<p>Us informem de les dates de les festes de lliure disposici\u00f3 i festes locals de Castellbisbal, tot i que, si no coincideixen amb els festius a Rub\u00ed, el Servei Educatiu romandr\u00e0 obert al p\u00fablic:<\/p>\n<ul>\n<li>3 de novembre de 2025 (lliure disposici\u00f3)<\/li>\n<li>5 de desembre de 2025 (lliure disposici\u00f3)<\/li>\n<li>22 i 23 de gener de 2026 (festiu local i lliure disposici\u00f3)<\/li>\n<li>16 de febrer de 2026 (lliure disposici\u00f3)<\/li>\n<li>4 de maig de 2026 (lliure disposici\u00f3)<\/li>\n<\/ul>\n","protected":false},"excerpt":{"rendered":"<p>Horari d&#8217;atenci\u00f3 al p\u00fablic: De dilluns a dijous de 9 a 14h i de 16 a 18h. Divendres de 9 a 14h. Del dia 9 de juny fins al 15 de juliol de 9 a 14h. L&#8217;atenci\u00f3 presencial es realitzar\u00e0 preferiblement sota cita pr\u00e8via que es podr\u00e0 demanar de dilluns a divendres. Curs 2025-2026. Calendari [&hellip;]<\/p>\n","protected":false},"author":1,"featured_media":0,"parent":0,"menu_order":30,"comment_status":"closed","ping_status":"closed","template":"","meta":{"_bbp_topic_count":0,"_bbp_reply_count":0,"_bbp_total_topic_count":0,"_bbp_total_reply_count":0,"_bbp_voice_count":0,"_bbp_anonymous_reply_count":0,"_bbp_topic_count_hidden":0,"_bbp_reply_count_hidden":0,"_bbp_forum_subforum_count":0,"site-sidebar-layout":"default","site-content-layout":"","ast-site-content-layout":"default","site-content-style":"default","site-sidebar-style":"default","ast-global-header-display":"","ast-banner-title-visibility":"","ast-main-header-display":"","ast-hfb-above-header-display":"","ast-hfb-below-header-display":"","ast-hfb-mobile-header-display":"","site-post-title":"","ast-breadcrumbs-content":"","ast-featured-img":"","footer-sml-layout":"","theme-transparent-header-meta":"","adv-header-id-meta":"","stick-header-meta":"","header-above-stick-meta":"","header-main-stick-meta":"","header-below-stick-meta":"","astra-migrate-meta-layouts":"set","ast-page-background-enabled":"default","ast-page-background-meta":{"desktop":{"background-color":"var(--ast-global-color-4)","background-image":"","background-repeat":"repeat","background-position":"center center","background-size":"auto","background-attachment":"scroll","background-type":"","background-media":"","overlay-type":"","overlay-color":"","overlay-opacity":"","overlay-gradient":""},"tablet":{"background-color":"","background-image":"","background-repeat":"repeat","background-position":"center center","background-size":"auto","background-attachment":"scroll","background-type":"","background-media":"","overlay-type":"","overlay-color":"","overlay-opacity":"","overlay-gradient":""},"mobile":{"background-color":"","background-image":"","background-repeat":"repeat","background-position":"center center","background-size":"auto","background-attachment":"scroll","background-type":"","background-media":"","overlay-type":"","overlay-color":"","overlay-opacity":"","overlay-gradient":""}},"ast-content-background-meta":{"desktop":{"background-color":"var(--ast-global-color-5)","background-image":"","background-repeat":"repeat","background-position":"center center","background-size":"auto","background-attachment":"scroll","background-type":"","background-media":"","overlay-type":"","overlay-color":"","overlay-opacity":"","overlay-gradient":""},"tablet":{"background-color":"var(--ast-global-color-5)","background-image":"","background-repeat":"repeat","background-position":"center center","background-size":"auto","background-attachment":"scroll","background-type":"","background-media":"","overlay-type":"","overlay-color":"","overlay-opacity":"","overlay-gradient":""},"mobile":{"background-color":"var(--ast-global-color-5)","background-image":"","background-repeat":"repeat","background-position":"center center","background-size":"auto","background-attachment":"scroll","background-type":"","background-media":"","overlay-type":"","overlay-color":"","overlay-opacity":"","overlay-gradient":""}},"footnotes":""},"class_list":["post-608","page","type-page","status-publish","hentry"],"post_mailing_queue_ids":[],"_links":{"self":[{"href":"https:\/\/serveiseducatius.xtec.cat\/vallesoccidental3\/wp-json\/wp\/v2\/pages\/608","targetHints":{"allow":["GET"]}}],"collection":[{"href":"https:\/\/serveiseducatius.xtec.cat\/vallesoccidental3\/wp-json\/wp\/v2\/pages"}],"about":[{"href":"https:\/\/serveiseducatius.xtec.cat\/vallesoccidental3\/wp-json\/wp\/v2\/types\/page"}],"author":[{"embeddable":true,"href":"https:\/\/serveiseducatius.xtec.cat\/vallesoccidental3\/wp-json\/wp\/v2\/users\/1"}],"replies":[{"embeddable":true,"href":"https:\/\/serveiseducatius.xtec.cat\/vallesoccidental3\/wp-json\/wp\/v2\/comments?post=608"}],"version-history":[{"count":6,"href":"https:\/\/serveiseducatius.xtec.cat\/vallesoccidental3\/wp-json\/wp\/v2\/pages\/608\/revisions"}],"predecessor-version":[{"id":18538,"href":"https:\/\/serveiseducatius.xtec.cat\/vallesoccidental3\/wp-json\/wp\/v2\/pages\/608\/revisions\/18538"}],"wp:attachment":[{"href":"https:\/\/serveiseducatius.xtec.cat\/vallesoccidental3\/wp-json\/wp\/v2\/media?parent=608"}],"curies":[{"name":"wp","href":"https:\/\/api.w.org\/{rel}","templated":true}]}}