{"id":548,"date":"2015-11-26T18:10:47","date_gmt":"2015-11-26T17:10:47","guid":{"rendered":"http:\/\/serveiseducatius.xtec.cat\/se-vallesoccidental3\/?page_id=548"},"modified":"2025-12-12T13:40:39","modified_gmt":"2025-12-12T12:40:39","slug":"zona-formadors","status":"publish","type":"page","link":"https:\/\/serveiseducatius.xtec.cat\/vallesoccidental3\/formacio\/zona-formadors\/","title":{"rendered":"Zona per formadors"},"content":{"rendered":"\n<p>&nbsp;<\/p>\n\n\n\n<figure class=\"wp-block-image aligncenter size-full is-resized\"><a href=\"https:\/\/serveiseducatius.xtec.cat\/vallesoccidental3\/wp-content\/uploads\/usu1147\/2025\/12\/image-2.png\"><img loading=\"lazy\" decoding=\"async\" width=\"975\" height=\"471\" src=\"https:\/\/serveiseducatius.xtec.cat\/vallesoccidental3\/wp-content\/uploads\/usu1147\/2025\/12\/image-2.png\" alt=\"\" class=\"wp-image-18556\" style=\"width:429px;height:auto\" srcset=\"https:\/\/serveiseducatius.xtec.cat\/vallesoccidental3\/wp-content\/uploads\/usu1147\/2025\/12\/image-2.png 975w, https:\/\/serveiseducatius.xtec.cat\/vallesoccidental3\/wp-content\/uploads\/usu1147\/2025\/12\/image-2-300x145.png 300w, https:\/\/serveiseducatius.xtec.cat\/vallesoccidental3\/wp-content\/uploads\/usu1147\/2025\/12\/image-2-768x371.png 768w\" sizes=\"auto, (max-width: 975px) 100vw, 975px\" \/><\/a><\/figure>\n\n\n\n<ul class=\"wp-block-list\">\n<li><a href=\"https:\/\/aplicacions.gestioeducativa.gencat.cat\/pls\/gtaf\/inici\" target=\"_blank\" rel=\"nofollow noopener noreferrer\">Acc\u00e9s al GTAF<\/a><\/li>\n\n\n\n<li><a href=\"https:\/\/docs.google.com\/presentation\/d\/1YT4NUpgzbvI6QVu7M9UDESdxqx3xjcujFm-nH48JslY\/edit?usp=sharing\" target=\"_blank\" rel=\"noreferrer noopener\">GTAF: Guia completa (elaborat pel CRP\u00a0 de Sabadell)<\/a><\/li>\n\n\n\n<li><a href=\"https:\/\/youtu.be\/kYekt3LO-5M?si=wGDNosRBvnW6nBfG\" target=\"_blank\" rel=\"noreferrer noopener\">V\u00eddeotutorial GTAF<\/a>\u00a0per a persones formadores (elaborat pel CRP Baix Llobregat II)<\/li>\n\n\n\n<li><a href=\"https:\/\/odissea.xtec.cat\/login\/index.php\" target=\"_blank\" rel=\"noopener noreferrer\">Campus virtual Odissea<\/a><\/li>\n<\/ul>\n\n\n\n<p>&nbsp;<\/p>\n\n\n\n<p>&nbsp;<\/p>\n\n\n\n<p>&nbsp;<\/p>\n\n\n\n<p>&nbsp;<\/p>\n\n\n\n<p>&nbsp;<\/p>\n\n\n\n<p>Si ho preferiu, podeu&nbsp;contactar amb el servei educatiu&nbsp;del Vall\u00e8s Occidental 3 mitjan\u00e7ant el correu electr\u00f2nic <a href=\"mailto:crp-rubi@xtec.cat\">crp-rubi@xtec.cat<\/a>&nbsp;o trucant al tel\u00e8fon 93 588 20 71.<\/p>\n\n\n\n<p>&nbsp;<\/p>\n","protected":false},"excerpt":{"rendered":"<p>&nbsp; &nbsp; &nbsp; &nbsp; &nbsp; &nbsp; Si ho preferiu, podeu&nbsp;contactar amb el servei educatiu&nbsp;del Vall\u00e8s Occidental 3 mitjan\u00e7ant el correu electr\u00f2nic crp-rubi@xtec.cat&nbsp;o trucant al tel\u00e8fon 93 588 20 71. &nbsp;<\/p>\n","protected":false},"author":1,"featured_media":0,"parent":416,"menu_order":30,"comment_status":"closed","ping_status":"closed","template":"","meta":{"_bbp_topic_count":0,"_bbp_reply_count":0,"_bbp_total_topic_count":0,"_bbp_total_reply_count":0,"_bbp_voice_count":0,"_bbp_anonymous_reply_count":0,"_bbp_topic_count_hidden":0,"_bbp_reply_count_hidden":0,"_bbp_forum_subforum_count":0,"site-sidebar-layout":"default","site-content-layout":"","ast-site-content-layout":"default","site-content-style":"default","site-sidebar-style":"default","ast-global-header-display":"","ast-banner-title-visibility":"","ast-main-header-display":"","ast-hfb-above-header-display":"","ast-hfb-below-header-display":"","ast-hfb-mobile-header-display":"","site-post-title":"","ast-breadcrumbs-content":"","ast-featured-img":"","footer-sml-layout":"","theme-transparent-header-meta":"","adv-header-id-meta":"","stick-header-meta":"","header-above-stick-meta":"","header-main-stick-meta":"","header-below-stick-meta":"","astra-migrate-meta-layouts":"set","ast-page-background-enabled":"default","ast-page-background-meta":{"desktop":{"background-color":"var(--ast-global-color-4)","background-image":"","background-repeat":"repeat","background-position":"center center","background-size":"auto","background-attachment":"scroll","background-type":"","background-media":"","overlay-type":"","overlay-color":"","overlay-opacity":"","overlay-gradient":""},"tablet":{"background-color":"","background-image":"","background-repeat":"repeat","background-position":"center center","background-size":"auto","background-attachment":"scroll","background-type":"","background-media":"","overlay-type":"","overlay-color":"","overlay-opacity":"","overlay-gradient":""},"mobile":{"background-color":"","background-image":"","background-repeat":"repeat","background-position":"center center","background-size":"auto","background-attachment":"scroll","background-type":"","background-media":"","overlay-type":"","overlay-color":"","overlay-opacity":"","overlay-gradient":""}},"ast-content-background-meta":{"desktop":{"background-color":"var(--ast-global-color-5)","background-image":"","background-repeat":"repeat","background-position":"center center","background-size":"auto","background-attachment":"scroll","background-type":"","background-media":"","overlay-type":"","overlay-color":"","overlay-opacity":"","overlay-gradient":""},"tablet":{"background-color":"var(--ast-global-color-5)","background-image":"","background-repeat":"repeat","background-position":"center center","background-size":"auto","background-attachment":"scroll","background-type":"","background-media":"","overlay-type":"","overlay-color":"","overlay-opacity":"","overlay-gradient":""},"mobile":{"background-color":"var(--ast-global-color-5)","background-image":"","background-repeat":"repeat","background-position":"center center","background-size":"auto","background-attachment":"scroll","background-type":"","background-media":"","overlay-type":"","overlay-color":"","overlay-opacity":"","overlay-gradient":""}},"footnotes":""},"class_list":["post-548","page","type-page","status-publish","hentry"],"post_mailing_queue_ids":[],"_links":{"self":[{"href":"https:\/\/serveiseducatius.xtec.cat\/vallesoccidental3\/wp-json\/wp\/v2\/pages\/548","targetHints":{"allow":["GET"]}}],"collection":[{"href":"https:\/\/serveiseducatius.xtec.cat\/vallesoccidental3\/wp-json\/wp\/v2\/pages"}],"about":[{"href":"https:\/\/serveiseducatius.xtec.cat\/vallesoccidental3\/wp-json\/wp\/v2\/types\/page"}],"author":[{"embeddable":true,"href":"https:\/\/serveiseducatius.xtec.cat\/vallesoccidental3\/wp-json\/wp\/v2\/users\/1"}],"replies":[{"embeddable":true,"href":"https:\/\/serveiseducatius.xtec.cat\/vallesoccidental3\/wp-json\/wp\/v2\/comments?post=548"}],"version-history":[{"count":6,"href":"https:\/\/serveiseducatius.xtec.cat\/vallesoccidental3\/wp-json\/wp\/v2\/pages\/548\/revisions"}],"predecessor-version":[{"id":18659,"href":"https:\/\/serveiseducatius.xtec.cat\/vallesoccidental3\/wp-json\/wp\/v2\/pages\/548\/revisions\/18659"}],"up":[{"embeddable":true,"href":"https:\/\/serveiseducatius.xtec.cat\/vallesoccidental3\/wp-json\/wp\/v2\/pages\/416"}],"wp:attachment":[{"href":"https:\/\/serveiseducatius.xtec.cat\/vallesoccidental3\/wp-json\/wp\/v2\/media?parent=548"}],"curies":[{"name":"wp","href":"https:\/\/api.w.org\/{rel}","templated":true}]}}