{"id":5138,"date":"2020-01-09T11:04:28","date_gmt":"2020-01-09T10:04:28","guid":{"rendered":"http:\/\/serveiseducatius.xtec.cat\/vallesoccidental3\/?page_id=5138"},"modified":"2020-12-04T10:27:18","modified_gmt":"2020-12-04T09:27:18","slug":"espdic","status":"publish","type":"page","link":"https:\/\/serveiseducatius.xtec.cat\/vallesoccidental3\/espdic\/","title":{"rendered":"ESPDIC"},"content":{"rendered":"<p style=\"text-align: center;\">Eina de Suport a la Programaci\u00f3 i <strong>Diari Curricular<\/strong> (Per nivell, de <strong>Prim\u00e0ria<\/strong>)<a href=\"https:\/\/docs.google.com\/spreadsheets\/d\/1yyQVrtqjOSCV5RrJY6YNf8KMbaaMyfQQd9vA0c9pnXc\/edit#gid=1345915806\" target=\"_blank\" rel=\"noopener noreferrer\"><img loading=\"lazy\" decoding=\"async\" class=\"aligncenter wp-image-5140 size-medium\" src=\"https:\/\/serveiseducatius.xtec.cat\/vallesoccidental3\/wp-content\/uploads\/usu1147\/2020\/01\/Captura-de-Pantalla-2020-01-09-a-les-11.03.32-300x182.png\" alt=\"\" width=\"300\" height=\"182\" srcset=\"https:\/\/serveiseducatius.xtec.cat\/vallesoccidental3\/wp-content\/uploads\/usu1147\/2020\/01\/Captura-de-Pantalla-2020-01-09-a-les-11.03.32-300x182.png 300w, https:\/\/serveiseducatius.xtec.cat\/vallesoccidental3\/wp-content\/uploads\/usu1147\/2020\/01\/Captura-de-Pantalla-2020-01-09-a-les-11.03.32-768x466.png 768w, https:\/\/serveiseducatius.xtec.cat\/vallesoccidental3\/wp-content\/uploads\/usu1147\/2020\/01\/Captura-de-Pantalla-2020-01-09-a-les-11.03.32-1024x621.png 1024w, https:\/\/serveiseducatius.xtec.cat\/vallesoccidental3\/wp-content\/uploads\/usu1147\/2020\/01\/Captura-de-Pantalla-2020-01-09-a-les-11.03.32.png 1484w\" sizes=\"auto, (max-width: 300px) 100vw, 300px\" \/><\/a><em><span style=\"font-size: 10pt;\">Darrera actualitzaci\u00f3 <span style=\"color: #ff0000;\">20\/11\/2020<\/span><\/span><\/em><\/p>\n<p style=\"text-align: center;\">Eina de Suport a la Programaci\u00f3 i <strong>Diari Curricular<\/strong> (Per nivell, de <strong>Secund\u00e0ria<\/strong>)<br \/>\n<a href=\"https:\/\/docs.google.com\/spreadsheets\/d\/1JIRwhxMS3RfQJkPTj7WYY6_qqKZFJf9Xo0dGu2W_0Kw\/edit#gid=63865806\" target=\"_blank\" rel=\"noopener noreferrer\"><img loading=\"lazy\" decoding=\"async\" class=\"aligncenter wp-image-5144 size-medium\" src=\"https:\/\/serveiseducatius.xtec.cat\/vallesoccidental3\/wp-content\/uploads\/usu1147\/2020\/01\/Captura-de-Pantalla-2020-01-09-a-les-11.06.42-300x182.png\" alt=\"\" width=\"300\" height=\"182\" srcset=\"https:\/\/serveiseducatius.xtec.cat\/vallesoccidental3\/wp-content\/uploads\/usu1147\/2020\/01\/Captura-de-Pantalla-2020-01-09-a-les-11.06.42-300x182.png 300w, https:\/\/serveiseducatius.xtec.cat\/vallesoccidental3\/wp-content\/uploads\/usu1147\/2020\/01\/Captura-de-Pantalla-2020-01-09-a-les-11.06.42-768x467.png 768w, https:\/\/serveiseducatius.xtec.cat\/vallesoccidental3\/wp-content\/uploads\/usu1147\/2020\/01\/Captura-de-Pantalla-2020-01-09-a-les-11.06.42-1024x622.png 1024w, https:\/\/serveiseducatius.xtec.cat\/vallesoccidental3\/wp-content\/uploads\/usu1147\/2020\/01\/Captura-de-Pantalla-2020-01-09-a-les-11.06.42.png 1488w\" sizes=\"auto, (max-width: 300px) 100vw, 300px\" \/><\/a><em><span style=\"font-size: 10pt;\">Darrera actualitzaci\u00f3 <span style=\"color: #ff0000;\">4\/12\/2020<\/span><\/span><\/em><\/p>\n<p>&nbsp;<\/p>\n","protected":false},"excerpt":{"rendered":"<p>Eina de Suport a la Programaci\u00f3 i Diari Curricular (Per nivell, de Prim\u00e0ria)Darrera actualitzaci\u00f3 20\/11\/2020 Eina de Suport a la Programaci\u00f3 i Diari Curricular (Per nivell, de Secund\u00e0ria) Darrera actualitzaci\u00f3 4\/12\/2020 &nbsp;<\/p>\n","protected":false},"author":1,"featured_media":0,"parent":0,"menu_order":0,"comment_status":"closed","ping_status":"closed","template":"","meta":{"_bbp_topic_count":0,"_bbp_reply_count":0,"_bbp_total_topic_count":0,"_bbp_total_reply_count":0,"_bbp_voice_count":0,"_bbp_anonymous_reply_count":0,"_bbp_topic_count_hidden":0,"_bbp_reply_count_hidden":0,"_bbp_forum_subforum_count":0,"site-sidebar-layout":"default","site-content-layout":"","ast-site-content-layout":"","site-content-style":"default","site-sidebar-style":"default","ast-global-header-display":"","ast-banner-title-visibility":"","ast-main-header-display":"","ast-hfb-above-header-display":"","ast-hfb-below-header-display":"","ast-hfb-mobile-header-display":"","site-post-title":"","ast-breadcrumbs-content":"","ast-featured-img":"","footer-sml-layout":"","theme-transparent-header-meta":"","adv-header-id-meta":"","stick-header-meta":"","header-above-stick-meta":"","header-main-stick-meta":"","header-below-stick-meta":"","astra-migrate-meta-layouts":"default","ast-page-background-enabled":"default","ast-page-background-meta":{"desktop":{"background-color":"var(--ast-global-color-4)","background-image":"","background-repeat":"repeat","background-position":"center center","background-size":"auto","background-attachment":"scroll","background-type":"","background-media":"","overlay-type":"","overlay-color":"","overlay-opacity":"","overlay-gradient":""},"tablet":{"background-color":"","background-image":"","background-repeat":"repeat","background-position":"center center","background-size":"auto","background-attachment":"scroll","background-type":"","background-media":"","overlay-type":"","overlay-color":"","overlay-opacity":"","overlay-gradient":""},"mobile":{"background-color":"","background-image":"","background-repeat":"repeat","background-position":"center center","background-size":"auto","background-attachment":"scroll","background-type":"","background-media":"","overlay-type":"","overlay-color":"","overlay-opacity":"","overlay-gradient":""}},"ast-content-background-meta":{"desktop":{"background-color":"var(--ast-global-color-5)","background-image":"","background-repeat":"repeat","background-position":"center center","background-size":"auto","background-attachment":"scroll","background-type":"","background-media":"","overlay-type":"","overlay-color":"","overlay-opacity":"","overlay-gradient":""},"tablet":{"background-color":"var(--ast-global-color-5)","background-image":"","background-repeat":"repeat","background-position":"center center","background-size":"auto","background-attachment":"scroll","background-type":"","background-media":"","overlay-type":"","overlay-color":"","overlay-opacity":"","overlay-gradient":""},"mobile":{"background-color":"var(--ast-global-color-5)","background-image":"","background-repeat":"repeat","background-position":"center center","background-size":"auto","background-attachment":"scroll","background-type":"","background-media":"","overlay-type":"","overlay-color":"","overlay-opacity":"","overlay-gradient":""}},"footnotes":""},"class_list":["post-5138","page","type-page","status-publish","hentry"],"post_mailing_queue_ids":[],"_links":{"self":[{"href":"https:\/\/serveiseducatius.xtec.cat\/vallesoccidental3\/wp-json\/wp\/v2\/pages\/5138","targetHints":{"allow":["GET"]}}],"collection":[{"href":"https:\/\/serveiseducatius.xtec.cat\/vallesoccidental3\/wp-json\/wp\/v2\/pages"}],"about":[{"href":"https:\/\/serveiseducatius.xtec.cat\/vallesoccidental3\/wp-json\/wp\/v2\/types\/page"}],"author":[{"embeddable":true,"href":"https:\/\/serveiseducatius.xtec.cat\/vallesoccidental3\/wp-json\/wp\/v2\/users\/1"}],"replies":[{"embeddable":true,"href":"https:\/\/serveiseducatius.xtec.cat\/vallesoccidental3\/wp-json\/wp\/v2\/comments?post=5138"}],"version-history":[{"count":3,"href":"https:\/\/serveiseducatius.xtec.cat\/vallesoccidental3\/wp-json\/wp\/v2\/pages\/5138\/revisions"}],"predecessor-version":[{"id":8515,"href":"https:\/\/serveiseducatius.xtec.cat\/vallesoccidental3\/wp-json\/wp\/v2\/pages\/5138\/revisions\/8515"}],"wp:attachment":[{"href":"https:\/\/serveiseducatius.xtec.cat\/vallesoccidental3\/wp-json\/wp\/v2\/media?parent=5138"}],"curies":[{"name":"wp","href":"https:\/\/api.w.org\/{rel}","templated":true}]}}