{"id":4977,"date":"2019-11-28T13:24:47","date_gmt":"2019-11-28T12:24:47","guid":{"rendered":"http:\/\/serveiseducatius.xtec.cat\/vallesoccidental3\/?page_id=4977"},"modified":"2022-02-11T11:50:59","modified_gmt":"2022-02-11T10:50:59","slug":"espac-pri","status":"publish","type":"page","link":"https:\/\/serveiseducatius.xtec.cat\/vallesoccidental3\/espac-pri\/","title":{"rendered":"ESPAC PRI"},"content":{"rendered":"<p>L\u2019ESPAC \u00e9s una Eina de Suport a la <strong>Programaci\u00f3 i l\u2019Avaluaci\u00f3<\/strong> Curricular que t\u00e9 com objectiu facilitar la reflexi\u00f3 per planificar una proposta coherent i compartida de <strong>programaci\u00f3 d&#8217;un PI<\/strong> (Pla de suport individualitzat)<span style=\"font-size: 12pt;\">. <span style=\"color: #000000;\">(<span style=\"color: #ff0000;\">Darrera actualitzaci\u00f3 23\/03\/2021<\/span>).<\/span><\/span><\/p>\n<p><a href=\"https:\/\/docs.google.com\/spreadsheets\/d\/1q8oG6XKSgrbLKxPqaFg1nYC8BXIYtCi4Lf7PzAOairE\/edit?usp=sharing\" target=\"_blank\" rel=\"noopener noreferrer\"><img loading=\"lazy\" decoding=\"async\" class=\"aligncenter wp-image-4978 size-medium\" src=\"https:\/\/serveiseducatius.xtec.cat\/vallesoccidental3\/wp-content\/uploads\/usu1147\/2019\/11\/Captura-de-Pantalla-2019-11-28-a-les-13.17.20-300x184.png\" alt=\"\" width=\"300\" height=\"184\" srcset=\"https:\/\/serveiseducatius.xtec.cat\/vallesoccidental3\/wp-content\/uploads\/usu1147\/2019\/11\/Captura-de-Pantalla-2019-11-28-a-les-13.17.20-300x184.png 300w, https:\/\/serveiseducatius.xtec.cat\/vallesoccidental3\/wp-content\/uploads\/usu1147\/2019\/11\/Captura-de-Pantalla-2019-11-28-a-les-13.17.20-768x470.png 768w, https:\/\/serveiseducatius.xtec.cat\/vallesoccidental3\/wp-content\/uploads\/usu1147\/2019\/11\/Captura-de-Pantalla-2019-11-28-a-les-13.17.20-1024x626.png 1024w, https:\/\/serveiseducatius.xtec.cat\/vallesoccidental3\/wp-content\/uploads\/usu1147\/2019\/11\/Captura-de-Pantalla-2019-11-28-a-les-13.17.20.png 1592w\" sizes=\"auto, (max-width: 300px) 100vw, 300px\" \/><\/a><\/p>\n<p><strong><em><span style=\"font-size: 10pt;\">Actualitzaci\u00f3 11\/02\/2022<\/span><\/em><\/strong><\/p>\n<ul>\n<li><em><span style=\"font-size: 10pt;\"><span style=\"font-size: 12pt;\"><strong>Fixem els cursos manualment<\/strong> <\/span><a href=\"https:\/\/youtu.be\/fl2YvR9aul4\" target=\"_blank\" rel=\"noopener\"><img loading=\"lazy\" decoding=\"async\" class=\"alignleft wp-image-11895\" src=\"https:\/\/serveiseducatius.xtec.cat\/vallesoccidental3\/wp-content\/uploads\/usu1147\/2022\/02\/Captura-de-pantalla-2022-02-11-a-les-10.41.28-1024x548.png\" alt=\"\" width=\"271\" height=\"146\" srcset=\"https:\/\/serveiseducatius.xtec.cat\/vallesoccidental3\/wp-content\/uploads\/usu1147\/2022\/02\/Captura-de-pantalla-2022-02-11-a-les-10.41.28-1024x548.png 1024w, https:\/\/serveiseducatius.xtec.cat\/vallesoccidental3\/wp-content\/uploads\/usu1147\/2022\/02\/Captura-de-pantalla-2022-02-11-a-les-10.41.28-300x161.png 300w, https:\/\/serveiseducatius.xtec.cat\/vallesoccidental3\/wp-content\/uploads\/usu1147\/2022\/02\/Captura-de-pantalla-2022-02-11-a-les-10.41.28-768x411.png 768w, https:\/\/serveiseducatius.xtec.cat\/vallesoccidental3\/wp-content\/uploads\/usu1147\/2022\/02\/Captura-de-pantalla-2022-02-11-a-les-10.41.28-1536x822.png 1536w, https:\/\/serveiseducatius.xtec.cat\/vallesoccidental3\/wp-content\/uploads\/usu1147\/2022\/02\/Captura-de-pantalla-2022-02-11-a-les-10.41.28-2048x1096.png 2048w\" sizes=\"auto, (max-width: 271px) 100vw, 271px\" \/><\/a><\/span><\/em><\/li>\n<\/ul>\n<p><em>Veure v\u00eddeo\u00a0<\/em><\/p>\n<p>&nbsp;<\/p>\n<p>&nbsp;<\/p>\n<p>&nbsp;<\/p>\n<p>Posem al vostre abast l\u2019<a href=\"https:\/\/docs.google.com\/spreadsheets\/d\/1q8oG6XKSgrbLKxPqaFg1nYC8BXIYtCi4Lf7PzAOairE\/edit?usp=sharing\">arxiu amb l\u2019ESPAC<\/a>. Cal que feu una c\u00f2pia per descarregar-la i fer-ne \u00fas.<\/p>\n<p>\u00c9s una eina col\u00b7laborativa, dissenyada i pensada per ser elaborada en equip. \u00c9s una eina viva, que accepta tantes revisions com siguin necess\u00e0ries.<\/p>\n<p><a href=\"https:\/\/docs.google.com\/presentation\/d\/1l5ofHnu5ZNAKuzDBdrGNvuvn7EFGsRXDAm0TDSRHGSQ\/edit?usp=sharing\" target=\"_blank\" rel=\"noopener noreferrer\"><img loading=\"lazy\" decoding=\"async\" class=\"aligncenter wp-image-4979 size-medium\" src=\"https:\/\/serveiseducatius.xtec.cat\/vallesoccidental3\/wp-content\/uploads\/usu1147\/2019\/11\/Captura-de-Pantalla-2019-11-28-a-les-13.18.15-300x167.png\" alt=\"\" width=\"300\" height=\"167\" srcset=\"https:\/\/serveiseducatius.xtec.cat\/vallesoccidental3\/wp-content\/uploads\/usu1147\/2019\/11\/Captura-de-Pantalla-2019-11-28-a-les-13.18.15-300x167.png 300w, https:\/\/serveiseducatius.xtec.cat\/vallesoccidental3\/wp-content\/uploads\/usu1147\/2019\/11\/Captura-de-Pantalla-2019-11-28-a-les-13.18.15-768x428.png 768w, https:\/\/serveiseducatius.xtec.cat\/vallesoccidental3\/wp-content\/uploads\/usu1147\/2019\/11\/Captura-de-Pantalla-2019-11-28-a-les-13.18.15-1024x571.png 1024w, https:\/\/serveiseducatius.xtec.cat\/vallesoccidental3\/wp-content\/uploads\/usu1147\/2019\/11\/Captura-de-Pantalla-2019-11-28-a-les-13.18.15.png 1776w\" sizes=\"auto, (max-width: 300px) 100vw, 300px\" \/><\/a><\/p>\n<p>Tamb\u00e9 us oferim el document que hem elaborat per fer-ne una <a href=\"https:\/\/docs.google.com\/presentation\/d\/1l5ofHnu5ZNAKuzDBdrGNvuvn7EFGsRXDAm0TDSRHGSQ\/edit?usp=sharing\">presentaci\u00f3<\/a>, aix\u00ed com un <a href=\"https:\/\/youtu.be\/oUz_ilP-gNs\">v\u00eddeo breu<\/a> que mostra les parts m\u00e9s rellevants de l\u2019eina ESPAC.<\/p>\n<p style=\"text-align: center;\"><iframe loading=\"lazy\" src=\"\/\/www.youtube.com\/embed\/oUz_ilP-gNs\" width=\"560\" height=\"314\"><\/iframe><\/p>\n<p>&nbsp;<\/p>\n","protected":false},"excerpt":{"rendered":"<p>L\u2019ESPAC \u00e9s una Eina de Suport a la Programaci\u00f3 i l\u2019Avaluaci\u00f3 Curricular que t\u00e9 com objectiu facilitar la reflexi\u00f3 per planificar una proposta coherent i compartida de programaci\u00f3 d&#8217;un PI (Pla de suport individualitzat). (Darrera actualitzaci\u00f3 23\/03\/2021). Actualitzaci\u00f3 11\/02\/2022 Fixem els cursos manualment Veure v\u00eddeo\u00a0 &nbsp; &nbsp; &nbsp; Posem al vostre abast l\u2019arxiu amb l\u2019ESPAC. [&hellip;]<\/p>\n","protected":false},"author":1,"featured_media":0,"parent":0,"menu_order":0,"comment_status":"closed","ping_status":"closed","template":"","meta":{"_bbp_topic_count":0,"_bbp_reply_count":0,"_bbp_total_topic_count":0,"_bbp_total_reply_count":0,"_bbp_voice_count":0,"_bbp_anonymous_reply_count":0,"_bbp_topic_count_hidden":0,"_bbp_reply_count_hidden":0,"_bbp_forum_subforum_count":0,"site-sidebar-layout":"default","site-content-layout":"","ast-site-content-layout":"","site-content-style":"default","site-sidebar-style":"default","ast-global-header-display":"","ast-banner-title-visibility":"","ast-main-header-display":"","ast-hfb-above-header-display":"","ast-hfb-below-header-display":"","ast-hfb-mobile-header-display":"","site-post-title":"","ast-breadcrumbs-content":"","ast-featured-img":"","footer-sml-layout":"","theme-transparent-header-meta":"","adv-header-id-meta":"","stick-header-meta":"","header-above-stick-meta":"","header-main-stick-meta":"","header-below-stick-meta":"","astra-migrate-meta-layouts":"default","ast-page-background-enabled":"default","ast-page-background-meta":{"desktop":{"background-color":"var(--ast-global-color-4)","background-image":"","background-repeat":"repeat","background-position":"center center","background-size":"auto","background-attachment":"scroll","background-type":"","background-media":"","overlay-type":"","overlay-color":"","overlay-opacity":"","overlay-gradient":""},"tablet":{"background-color":"","background-image":"","background-repeat":"repeat","background-position":"center center","background-size":"auto","background-attachment":"scroll","background-type":"","background-media":"","overlay-type":"","overlay-color":"","overlay-opacity":"","overlay-gradient":""},"mobile":{"background-color":"","background-image":"","background-repeat":"repeat","background-position":"center center","background-size":"auto","background-attachment":"scroll","background-type":"","background-media":"","overlay-type":"","overlay-color":"","overlay-opacity":"","overlay-gradient":""}},"ast-content-background-meta":{"desktop":{"background-color":"var(--ast-global-color-5)","background-image":"","background-repeat":"repeat","background-position":"center center","background-size":"auto","background-attachment":"scroll","background-type":"","background-media":"","overlay-type":"","overlay-color":"","overlay-opacity":"","overlay-gradient":""},"tablet":{"background-color":"var(--ast-global-color-5)","background-image":"","background-repeat":"repeat","background-position":"center center","background-size":"auto","background-attachment":"scroll","background-type":"","background-media":"","overlay-type":"","overlay-color":"","overlay-opacity":"","overlay-gradient":""},"mobile":{"background-color":"var(--ast-global-color-5)","background-image":"","background-repeat":"repeat","background-position":"center center","background-size":"auto","background-attachment":"scroll","background-type":"","background-media":"","overlay-type":"","overlay-color":"","overlay-opacity":"","overlay-gradient":""}},"footnotes":""},"class_list":["post-4977","page","type-page","status-publish","hentry"],"post_mailing_queue_ids":[],"_links":{"self":[{"href":"https:\/\/serveiseducatius.xtec.cat\/vallesoccidental3\/wp-json\/wp\/v2\/pages\/4977","targetHints":{"allow":["GET"]}}],"collection":[{"href":"https:\/\/serveiseducatius.xtec.cat\/vallesoccidental3\/wp-json\/wp\/v2\/pages"}],"about":[{"href":"https:\/\/serveiseducatius.xtec.cat\/vallesoccidental3\/wp-json\/wp\/v2\/types\/page"}],"author":[{"embeddable":true,"href":"https:\/\/serveiseducatius.xtec.cat\/vallesoccidental3\/wp-json\/wp\/v2\/users\/1"}],"replies":[{"embeddable":true,"href":"https:\/\/serveiseducatius.xtec.cat\/vallesoccidental3\/wp-json\/wp\/v2\/comments?post=4977"}],"version-history":[{"count":3,"href":"https:\/\/serveiseducatius.xtec.cat\/vallesoccidental3\/wp-json\/wp\/v2\/pages\/4977\/revisions"}],"predecessor-version":[{"id":11897,"href":"https:\/\/serveiseducatius.xtec.cat\/vallesoccidental3\/wp-json\/wp\/v2\/pages\/4977\/revisions\/11897"}],"wp:attachment":[{"href":"https:\/\/serveiseducatius.xtec.cat\/vallesoccidental3\/wp-json\/wp\/v2\/media?parent=4977"}],"curies":[{"name":"wp","href":"https:\/\/api.w.org\/{rel}","templated":true}]}}