{"id":4963,"date":"2019-11-26T16:40:24","date_gmt":"2019-11-26T15:40:24","guid":{"rendered":"http:\/\/serveiseducatius.xtec.cat\/vallesoccidental3\/?page_id=4963"},"modified":"2025-11-26T16:42:26","modified_gmt":"2025-11-26T15:42:26","slug":"eap","status":"publish","type":"page","link":"https:\/\/serveiseducatius.xtec.cat\/vallesoccidental3\/eap\/","title":{"rendered":"EAP"},"content":{"rendered":"<div class=\"nav-menu nav-menu-style-1\">\n<div class=\"navigationImatge\" style=\"text-align: justify;\">\n<p align=\"justify\"><span style=\"font-size: 12pt; color: #000000;\"><span style=\"font-family: Arial, sans-serif;\">Els\u00a0<\/span><strong><span style=\"font-family: Arial, sans-serif;\">EAP<\/span><\/strong><span style=\"font-family: Arial, sans-serif;\">\u00a0s\u00f3n equips d\u2019assessorament i orientaci\u00f3 psicopedag\u00f2gic que donen suport al professorat i als centres educatius en la resposta a la diversitat de l\u2019alumnat i en relaci\u00f3 als alumnes que presenten necessitats educatives especials, aix\u00ed com a les seves fam\u00edlies.<\/span><\/span><\/p>\n<p align=\"justify\"><span style=\"font-size: 12pt; color: #000000;\"><span style=\"font-family: Arial, sans-serif;\">Els EAP formen part dels\u00a0<\/span><strong><span style=\"font-family: Arial, sans-serif;\">serveis educatius de zona<\/span><\/strong><span style=\"font-family: Arial, sans-serif;\">\u00a0(SEZ).<\/span><\/span><\/p>\n<p align=\"justify\"><span style=\"font-family: Arial, sans-serif; font-size: 12pt; color: #000000;\"><strong>Destinataris<\/strong><br \/>\nEls destinataris s\u00f3n els centres educatius, els equips directius, el professorat i altres professionals implicats en l\u2019atenci\u00f3 a l\u2019alumnat amb dificultats o amb necessitats educatives especials, l\u2019alumnat i les seves fam\u00edlies.<\/span><\/p>\n<p><span style=\"font-family: Arial, sans-serif; font-size: 12pt; color: #000000;\"><strong>Objectius<\/strong><br \/>\n&#8211; Identificar i avaluar les necessitats educatives especials de l&#8217;alumnat i fer la proposta d\u2019escolaritzaci\u00f3, en col\u00b7laboraci\u00f3 amb els serveis educatius espec\u00edfics quan s\u2019escaigui.<br \/>\n&#8211; Assessorar el professorat i les fam\u00edlies en la resposta educativa a l\u2019alumnat amb necessitats educatives especials, en col\u00b7laboraci\u00f3 amb els docents especialitzats i els serveis educatius espec\u00edfics.<br \/>\n&#8211; Assessorar els equips docents, l\u2019alumnat i les fam\u00edlies sobre aspectes d\u2019orientaci\u00f3 personal, educativa i professional.<br \/>\n&#8211; Donar suport als centres educatius en la millora de l\u2019atenci\u00f3 a la diversitat i la inclusi\u00f3.<br \/>\n&#8211; Col\u00b7laborar conjuntament amb els altres equips del servei educatiu de zona i els espec\u00edfics per tal de promoure activitats d\u2019intercanvi i de formaci\u00f3 del professorat.<br \/>\n&#8211; Col\u00b7laborar amb els serveis socials i sanitaris de l\u2019\u00e0mbit territorial d\u2019actuaci\u00f3, per tal d\u2019oferir una atenci\u00f3 coordinada als alumnes i fam\u00edlies que ho necessitin.<\/span><\/p>\n<\/div>\n<\/div>\n<h3 class=\"western\" align=\"justify\"><span style=\"color: #000000; font-size: 12pt;\"><span style=\"font-family: Arial, sans-serif;\">Acc\u00e9s<\/span><\/span><\/h3>\n<p align=\"justify\"><span style=\"color: #000000; font-size: 12pt;\"><span style=\"font-family: Arial, sans-serif;\">L\u2019acc\u00e9s al servei s\u2019inicia a partir de demandes dels centres educatius, a partir del proc\u00e9s d\u2019escolaritzaci\u00f3 de l\u2019alumnat amb necessitats educatives especials o en la coordinaci\u00f3 amb altres serveis de la zona.<\/span><\/span><\/p>\n<p align=\"justify\"><span style=\"color: #000000; font-size: 12pt;\"><span style=\"font-family: Arial, sans-serif;\">En principi no es tracta d\u2019un servei d\u2019atenci\u00f3 directa a les demandes de les fam\u00edlies, per\u00f2 s\u2019atenen les seves consultes per a proporcionar-los orientacions o informar-los sobre serveis o recursos de la zona que poden necessitar.<\/span><\/span><\/p>\n<h3 class=\"western\" align=\"justify\"><span style=\"color: #000000; font-size: 12pt;\"><span style=\"font-family: Arial, sans-serif;\">Xarxa d\u2019EAP i professionals<\/span><\/span><\/h3>\n<p align=\"justify\"><span style=\"color: #000000; font-size: 12pt;\"><span style=\"font-family: Arial, sans-serif;\">Els professionals de l&#8217;EAP s\u00f3n:<\/span><\/span><\/p>\n<ul>\n<li>\n<p align=\"justify\"><span style=\"color: #000000; font-size: 12pt;\"><span style=\"font-family: Arial, sans-serif;\">Docents d\u2019ensenyament secundari amb l\u2019especialitat de psicologia i pedagogia<\/span><\/span><\/p>\n<\/li>\n<li>\n<p align=\"justify\"><span style=\"color: #000000; font-size: 12pt;\"><span style=\"font-family: Arial, sans-serif;\">Treballadors\/es socials<\/span><\/span><\/p>\n<\/li>\n<li>\n<p align=\"justify\"><span style=\"color: #000000; font-size: 12pt;\"><span style=\"font-family: Arial, sans-serif;\">F<\/span><\/span><span style=\"color: #000000; font-size: 12pt;\"><span style=\"font-family: Arial, sans-serif;\">isioterapeutes<\/span><\/span><\/p>\n<\/li>\n<\/ul>\n<p align=\"justify\"><span style=\"color: #000000; font-family: arial, helvetica, sans-serif; font-size: 12pt;\">Els EAP, com equips integrats en el servei educatiu de zona (SEZ) actuen territorialment i sectorialment atenent tots els centres educatius d\u2019un \u00e0mbit territorial generalment comarcal, municipal o un districte, en el cas de Barcelona. Estan integrats en el sistema educatiu p\u00fablic i depenen dels serveis territorials del seu territori.<\/span><\/p>\n<p align=\"justify\"><span style=\"color: #000000; font-family: arial, helvetica, sans-serif; font-size: 12pt;\">En aquests moments hi ha 79 EAP que cobreixen l\u2019atenci\u00f3 a tot Catalunya.<\/span><\/p>\n<p align=\"justify\"><span style=\"color: #000000; font-family: arial, helvetica, sans-serif; font-size: 12pt;\">Cada professional at\u00e9n diversos centres educatius, generalment es despla\u00e7a als centres amb els que t\u00e9 un Pla d\u2019actuaci\u00f3 amb una periodicitat aproximada setmanal.<\/span><\/p>\n<p align=\"justify\"><span style=\"text-decoration: underline; font-family: arial, helvetica, sans-serif; font-size: 12pt; color: #000000;\"><strong>Professionals adscrits:<\/strong><\/span><\/p>\n<p align=\"justify\"><span style=\"font-family: arial, helvetica, sans-serif; font-size: 12pt; color: #000000;\">Cris Aguilera Porras, Psicopedagoga.<\/span><\/p>\n<p align=\"justify\"><span style=\"font-family: arial, helvetica, sans-serif; font-size: 12pt; color: #000000;\">Gl\u00f2ria Lok\u00e1, Psicopedagoga.<\/span><\/p>\n<p align=\"justify\"><span style=\"font-family: arial, helvetica, sans-serif; font-size: 12pt; color: #000000;\">Isabel Aymerich Mu\u00f1oz, Administrativa.<\/span><\/p>\n<p align=\"justify\"><span style=\"font-family: arial, helvetica, sans-serif; font-size: 12pt; color: #000000;\">Albert Carb\u00f3 Vilavedra, Psicopedagog.<\/span><\/p>\n<p align=\"justify\">Anna Casas Gelabert, Fisioterapeuta.<\/p>\n<p align=\"justify\"><span style=\"font-family: arial, helvetica, sans-serif; font-size: 12pt; color: #000000;\">\u00d2scar del Barrio C\u00e1rdenas, Psicopedagog i director de l&#8217;EAP.<\/span><\/p>\n<p align=\"justify\"><span style=\"font-family: arial, helvetica, sans-serif; font-size: 12pt; color: #000000;\">Raquel Dorado, Fisioterapeuta.<\/span><\/p>\n<p align=\"justify\"><span style=\"font-family: arial, helvetica, sans-serif; font-size: 12pt; color: #000000;\">Anna Garcia Sancho, Psicopedagoga.<\/span><\/p>\n<p align=\"justify\">Irene Gonz\u00e1lez, Treballadora Social.<\/p>\n<p align=\"justify\">Aldo Sabio, Fisioterapeuta.<\/p>\n<p align=\"justify\">Laura Medrano Puigdollers, Psicopedagoga.<\/p>\n<p align=\"justify\"><span style=\"font-family: arial, helvetica, sans-serif; font-size: 12pt; color: #000000;\">Marta Planas Rodr\u00edguez, Psicopedagoga.<\/span><\/p>\n<p align=\"justify\"><span style=\"font-size: 12pt; font-family: arial, helvetica, sans-serif; color: #000000;\">L\u00eddia Roset Rigol, Psicopedagoga.<\/span><\/p>\n<p align=\"justify\"><span style=\"font-family: arial, helvetica, sans-serif; font-size: 12pt; color: #000000;\">Laura M\u00e9ndez, Psicopedagoga.<\/span><\/p>\n<p align=\"justify\"><span style=\"font-family: arial, helvetica, sans-serif; font-size: 12pt; color: #000000;\">Marta Solana Guarch, Treballadora Social.<\/span><\/p>\n<p align=\"justify\"><span style=\"font-family: arial, helvetica, sans-serif; font-size: 12pt; color: #000000;\">Mar Arissa, Fisioterapeuta.<\/span><\/p>\n<p align=\"justify\"><span style=\"font-size: 12pt;\"><em><span style=\"color: #000000;\">Adre\u00e7a electr\u00f2nica de contacte:<\/span><\/em><strong><em><span style=\"color: #000000;\"><a href=\"mailto:a8900410@xtec.cat\"> a8900410@xtec.cat<\/a><\/span><\/em><\/strong><\/span><\/p>\n","protected":false},"excerpt":{"rendered":"<p>Els\u00a0EAP\u00a0s\u00f3n equips d\u2019assessorament i orientaci\u00f3 psicopedag\u00f2gic que donen suport al professorat i als centres educatius en la resposta a la diversitat de l\u2019alumnat i en relaci\u00f3 als alumnes que presenten necessitats educatives especials, aix\u00ed com a les seves fam\u00edlies. Els EAP formen part dels\u00a0serveis educatius de zona\u00a0(SEZ). Destinataris Els destinataris s\u00f3n els centres educatius, els [&hellip;]<\/p>\n","protected":false},"author":1,"featured_media":0,"parent":0,"menu_order":0,"comment_status":"closed","ping_status":"closed","template":"","meta":{"_bbp_topic_count":0,"_bbp_reply_count":0,"_bbp_total_topic_count":0,"_bbp_total_reply_count":0,"_bbp_voice_count":0,"_bbp_anonymous_reply_count":0,"_bbp_topic_count_hidden":0,"_bbp_reply_count_hidden":0,"_bbp_forum_subforum_count":0,"site-sidebar-layout":"default","site-content-layout":"","ast-site-content-layout":"","site-content-style":"default","site-sidebar-style":"default","ast-global-header-display":"","ast-banner-title-visibility":"","ast-main-header-display":"","ast-hfb-above-header-display":"","ast-hfb-below-header-display":"","ast-hfb-mobile-header-display":"","site-post-title":"","ast-breadcrumbs-content":"","ast-featured-img":"","footer-sml-layout":"","theme-transparent-header-meta":"","adv-header-id-meta":"","stick-header-meta":"","header-above-stick-meta":"","header-main-stick-meta":"","header-below-stick-meta":"","astra-migrate-meta-layouts":"set","ast-page-background-enabled":"default","ast-page-background-meta":{"desktop":{"background-color":"var(--ast-global-color-4)","background-image":"","background-repeat":"repeat","background-position":"center center","background-size":"auto","background-attachment":"scroll","background-type":"","background-media":"","overlay-type":"","overlay-color":"","overlay-opacity":"","overlay-gradient":""},"tablet":{"background-color":"","background-image":"","background-repeat":"repeat","background-position":"center center","background-size":"auto","background-attachment":"scroll","background-type":"","background-media":"","overlay-type":"","overlay-color":"","overlay-opacity":"","overlay-gradient":""},"mobile":{"background-color":"","background-image":"","background-repeat":"repeat","background-position":"center center","background-size":"auto","background-attachment":"scroll","background-type":"","background-media":"","overlay-type":"","overlay-color":"","overlay-opacity":"","overlay-gradient":""}},"ast-content-background-meta":{"desktop":{"background-color":"var(--ast-global-color-5)","background-image":"","background-repeat":"repeat","background-position":"center center","background-size":"auto","background-attachment":"scroll","background-type":"","background-media":"","overlay-type":"","overlay-color":"","overlay-opacity":"","overlay-gradient":""},"tablet":{"background-color":"var(--ast-global-color-5)","background-image":"","background-repeat":"repeat","background-position":"center center","background-size":"auto","background-attachment":"scroll","background-type":"","background-media":"","overlay-type":"","overlay-color":"","overlay-opacity":"","overlay-gradient":""},"mobile":{"background-color":"var(--ast-global-color-5)","background-image":"","background-repeat":"repeat","background-position":"center center","background-size":"auto","background-attachment":"scroll","background-type":"","background-media":"","overlay-type":"","overlay-color":"","overlay-opacity":"","overlay-gradient":""}},"footnotes":""},"class_list":["post-4963","page","type-page","status-publish","hentry"],"post_mailing_queue_ids":[],"_links":{"self":[{"href":"https:\/\/serveiseducatius.xtec.cat\/vallesoccidental3\/wp-json\/wp\/v2\/pages\/4963","targetHints":{"allow":["GET"]}}],"collection":[{"href":"https:\/\/serveiseducatius.xtec.cat\/vallesoccidental3\/wp-json\/wp\/v2\/pages"}],"about":[{"href":"https:\/\/serveiseducatius.xtec.cat\/vallesoccidental3\/wp-json\/wp\/v2\/types\/page"}],"author":[{"embeddable":true,"href":"https:\/\/serveiseducatius.xtec.cat\/vallesoccidental3\/wp-json\/wp\/v2\/users\/1"}],"replies":[{"embeddable":true,"href":"https:\/\/serveiseducatius.xtec.cat\/vallesoccidental3\/wp-json\/wp\/v2\/comments?post=4963"}],"version-history":[{"count":5,"href":"https:\/\/serveiseducatius.xtec.cat\/vallesoccidental3\/wp-json\/wp\/v2\/pages\/4963\/revisions"}],"predecessor-version":[{"id":18439,"href":"https:\/\/serveiseducatius.xtec.cat\/vallesoccidental3\/wp-json\/wp\/v2\/pages\/4963\/revisions\/18439"}],"wp:attachment":[{"href":"https:\/\/serveiseducatius.xtec.cat\/vallesoccidental3\/wp-json\/wp\/v2\/media?parent=4963"}],"curies":[{"name":"wp","href":"https:\/\/api.w.org\/{rel}","templated":true}]}}