{"id":4936,"date":"2019-11-22T11:11:06","date_gmt":"2019-11-22T10:11:06","guid":{"rendered":"http:\/\/serveiseducatius.xtec.cat\/vallesoccidental3\/?page_id=4936"},"modified":"2022-02-11T11:50:35","modified_gmt":"2022-02-11T10:50:35","slug":"espac-eso","status":"publish","type":"page","link":"https:\/\/serveiseducatius.xtec.cat\/vallesoccidental3\/espac-eso\/","title":{"rendered":"ESPAC ESO"},"content":{"rendered":"<p>L&#8217;ESPAC \u00e9s una Eina de Suport a la Programaci\u00f3 i l&#8217;Avaluaci\u00f3 Curricular que t\u00e9 com objectiu facilitar la reflexi\u00f3 per planificar una proposta coherent i compartida de programaci\u00f3 d\u2019un PI (Pla de suport individualitzat)<\/p>\n<p><strong><em><span style=\"font-size: 10pt;\">Actualitzaci\u00f3 11\/02\/2022<\/span><\/em><\/strong><\/p>\n<ul>\n<li><em><span style=\"font-size: 10pt;\"><span style=\"font-size: 12pt;\"><strong>Fixem els cursos manualment<\/strong> <\/span><a href=\"https:\/\/youtu.be\/fl2YvR9aul4\" target=\"_blank\" rel=\"noopener\"><img loading=\"lazy\" decoding=\"async\" class=\"alignleft wp-image-11895\" src=\"https:\/\/serveiseducatius.xtec.cat\/vallesoccidental3\/wp-content\/uploads\/usu1147\/2022\/02\/Captura-de-pantalla-2022-02-11-a-les-10.41.28-1024x548.png\" alt=\"\" width=\"271\" height=\"146\" srcset=\"https:\/\/serveiseducatius.xtec.cat\/vallesoccidental3\/wp-content\/uploads\/usu1147\/2022\/02\/Captura-de-pantalla-2022-02-11-a-les-10.41.28-1024x548.png 1024w, https:\/\/serveiseducatius.xtec.cat\/vallesoccidental3\/wp-content\/uploads\/usu1147\/2022\/02\/Captura-de-pantalla-2022-02-11-a-les-10.41.28-300x161.png 300w, https:\/\/serveiseducatius.xtec.cat\/vallesoccidental3\/wp-content\/uploads\/usu1147\/2022\/02\/Captura-de-pantalla-2022-02-11-a-les-10.41.28-768x411.png 768w, https:\/\/serveiseducatius.xtec.cat\/vallesoccidental3\/wp-content\/uploads\/usu1147\/2022\/02\/Captura-de-pantalla-2022-02-11-a-les-10.41.28-1536x822.png 1536w, https:\/\/serveiseducatius.xtec.cat\/vallesoccidental3\/wp-content\/uploads\/usu1147\/2022\/02\/Captura-de-pantalla-2022-02-11-a-les-10.41.28-2048x1096.png 2048w\" sizes=\"auto, (max-width: 271px) 100vw, 271px\" \/><\/a><\/span><\/em><\/li>\n<\/ul>\n<p><em>Veure v\u00eddeo\u00a0<\/em><\/p>\n<p>&nbsp;<\/p>\n<p>&nbsp;<\/p>\n<p>&nbsp;<\/p>\n<p><em><span style=\"font-size: 10pt;\"><strong><span style=\"color: #ff0000;\">Actualitzaci\u00f3 23\/03\/2021 amb:<br \/>\n<\/span><\/strong><\/span><\/em><em><span style=\"font-size: 10pt;\"><span style=\"color: #ff0000;\">&#8211; <a href=\"https:\/\/drive.google.com\/file\/d\/1IXztOKLw6JxA3PHU7KCAKTZYwbI9-HFI\/view\" target=\"_blank\" rel=\"noopener noreferrer\">Presentaci\u00f3 document elaboraci\u00f3 PI<\/a><\/span><\/span><\/em><\/p>\n<p><span style=\"color: #000000;\"><em><span style=\"font-size: 10pt;\"><strong>Actualitzaci\u00f3 4\/12\/2020 amb:<br \/>\n<\/strong><\/span><\/em><\/span><span style=\"font-size: 10pt;\"><em><span style=\"color: #000000;\">&#8211; Proposta orientativa dels continguts a treballar per nivell.<br \/>\n<\/span><span style=\"color: #ff0000;\"><span style=\"color: #000000;\">&#8211; Enlla\u00e7 a les r\u00fabriques del document<\/span>\u00a0<a class=\"waffle-rich-text-link\" href=\"https:\/\/drive.google.com\/file\/d\/1n4TdPg6oKkJO0XDwAuHpWXO6IxDKmPi3\/view\">Orientacions per a l\u2019avaluaci\u00f3 de la compet\u00e8ncia digital de l\u2019alumnat a l\u2019ESO<\/a> <span style=\"color: #000000;\">(Pla d\u2019educaci\u00f3 digital de Catalunya 2020-2023)<\/span><\/span><\/em><\/span><\/p>\n<p><a href=\"https:\/\/docs.google.com\/spreadsheets\/d\/1sBow5mx0mJ_nal8v1uZep9z8AV_Qwli64iOaRyQ70xg\/edit?usp=sharing\" target=\"_blank\" rel=\"noopener noreferrer\"><img loading=\"lazy\" decoding=\"async\" class=\"wp-image-4950 aligncenter\" src=\"https:\/\/serveiseducatius.xtec.cat\/vallesoccidental3\/wp-content\/uploads\/usu1147\/2019\/11\/Captura-de-Pantalla-2019-11-26-a-les-9.53.41-300x132.png\" alt=\"\" width=\"337\" height=\"148\" srcset=\"https:\/\/serveiseducatius.xtec.cat\/vallesoccidental3\/wp-content\/uploads\/usu1147\/2019\/11\/Captura-de-Pantalla-2019-11-26-a-les-9.53.41-300x132.png 300w, https:\/\/serveiseducatius.xtec.cat\/vallesoccidental3\/wp-content\/uploads\/usu1147\/2019\/11\/Captura-de-Pantalla-2019-11-26-a-les-9.53.41-768x338.png 768w, https:\/\/serveiseducatius.xtec.cat\/vallesoccidental3\/wp-content\/uploads\/usu1147\/2019\/11\/Captura-de-Pantalla-2019-11-26-a-les-9.53.41-1024x450.png 1024w, https:\/\/serveiseducatius.xtec.cat\/vallesoccidental3\/wp-content\/uploads\/usu1147\/2019\/11\/Captura-de-Pantalla-2019-11-26-a-les-9.53.41.png 1588w\" sizes=\"auto, (max-width: 337px) 100vw, 337px\" \/><\/a><\/p>\n<p><span style=\"color: #0000ff; font-size: 12pt;\"><strong>Cal que feu una c\u00f2pia, descarregar-la a la vostra unitat, per modificar-la i fer-ne \u00fas.<\/strong><\/span><\/p>\n<p><a href=\"https:\/\/serveiseducatius.xtec.cat\/vallesoccidental3\/wp-content\/uploads\/usu1147\/2020\/03\/Captura-de-Pantalla-2020-03-03-a-les-15.57.46.png\"><img loading=\"lazy\" decoding=\"async\" class=\"aligncenter wp-image-5446\" src=\"https:\/\/serveiseducatius.xtec.cat\/vallesoccidental3\/wp-content\/uploads\/usu1147\/2020\/03\/Captura-de-Pantalla-2020-03-03-a-les-15.57.46-300x164.png\" alt=\"\" width=\"388\" height=\"212\" srcset=\"https:\/\/serveiseducatius.xtec.cat\/vallesoccidental3\/wp-content\/uploads\/usu1147\/2020\/03\/Captura-de-Pantalla-2020-03-03-a-les-15.57.46-300x164.png 300w, https:\/\/serveiseducatius.xtec.cat\/vallesoccidental3\/wp-content\/uploads\/usu1147\/2020\/03\/Captura-de-Pantalla-2020-03-03-a-les-15.57.46-768x420.png 768w, https:\/\/serveiseducatius.xtec.cat\/vallesoccidental3\/wp-content\/uploads\/usu1147\/2020\/03\/Captura-de-Pantalla-2020-03-03-a-les-15.57.46-1024x560.png 1024w, https:\/\/serveiseducatius.xtec.cat\/vallesoccidental3\/wp-content\/uploads\/usu1147\/2020\/03\/Captura-de-Pantalla-2020-03-03-a-les-15.57.46.png 1712w\" sizes=\"auto, (max-width: 388px) 100vw, 388px\" \/><\/a><\/p>\n<p>&nbsp;<\/p>\n<p>\u00c9s una eina col\u00b7laborativa, dissenyada i pensada per ser elaborada en equip. \u00c9s una eina viva, que accepta tantes revisions com siguin necess\u00e0ries.<\/p>\n<p><a href=\"https:\/\/docs.google.com\/presentation\/d\/1XeWn8Lb3Ic5CN07vFWfzyeoiRnqdlfn0CD3JpJduSB4\/edit?usp=sharing\" target=\"_blank\" rel=\"noopener noreferrer\"><img loading=\"lazy\" decoding=\"async\" class=\"wp-image-4951 alignnone\" src=\"https:\/\/serveiseducatius.xtec.cat\/vallesoccidental3\/wp-content\/uploads\/usu1147\/2019\/11\/Captura-de-Pantalla-2019-11-25-a-les-16.57.41-300x169.png\" alt=\"\" width=\"338\" height=\"190\" srcset=\"https:\/\/serveiseducatius.xtec.cat\/vallesoccidental3\/wp-content\/uploads\/usu1147\/2019\/11\/Captura-de-Pantalla-2019-11-25-a-les-16.57.41-300x169.png 300w, https:\/\/serveiseducatius.xtec.cat\/vallesoccidental3\/wp-content\/uploads\/usu1147\/2019\/11\/Captura-de-Pantalla-2019-11-25-a-les-16.57.41-768x433.png 768w, https:\/\/serveiseducatius.xtec.cat\/vallesoccidental3\/wp-content\/uploads\/usu1147\/2019\/11\/Captura-de-Pantalla-2019-11-25-a-les-16.57.41-1024x578.png 1024w, https:\/\/serveiseducatius.xtec.cat\/vallesoccidental3\/wp-content\/uploads\/usu1147\/2019\/11\/Captura-de-Pantalla-2019-11-25-a-les-16.57.41.png 1694w\" sizes=\"auto, (max-width: 338px) 100vw, 338px\" \/><\/a><\/p>\n<p>Tamb\u00e9 us oferim el document que hem elaborat per fer-ne una <a href=\"https:\/\/docs.google.com\/presentation\/d\/1XeWn8Lb3Ic5CN07vFWfzyeoiRnqdlfn0CD3JpJduSB4\/edit?usp=sharing\">presentaci\u00f3<\/a>, aix\u00ed com un <a href=\"https:\/\/youtu.be\/hLesTeC_YUc\">v\u00eddeo breu<\/a> que mostra les parts m\u00e9s rellevants de l&#8217;eina ESPAC.<\/p>\n<p>&nbsp;<\/p>\n<p><a href=\"https:\/\/docs.google.com\/presentation\/d\/1XeWn8Lb3Ic5CN07vFWfzyeoiRnqdlfn0CD3JpJduSB4\/edit?usp=sharing\" target=\"_blank\" rel=\"noopener noreferrer\"><iframe loading=\"lazy\" src=\"https:\/\/www.youtube.com\/embed\/hLesTeC_YUc\" width=\"560\" height=\"315\" frameborder=\"0\"><\/iframe><\/a><\/p>\n<p>&nbsp;<\/p>\n<p>Restem a la vostra disposici\u00f3 per qualsevol consulta, suggeriment o dubte: <a href=\"mailto:crp-rubi@xtec.cat\">crp-rubi@xtec.cat\u00a0<\/a><\/p>\n","protected":false},"excerpt":{"rendered":"<p>L&#8217;ESPAC \u00e9s una Eina de Suport a la Programaci\u00f3 i l&#8217;Avaluaci\u00f3 Curricular que t\u00e9 com objectiu facilitar la reflexi\u00f3 per planificar una proposta coherent i compartida de programaci\u00f3 d\u2019un PI (Pla de suport individualitzat) Actualitzaci\u00f3 11\/02\/2022 Fixem els cursos manualment Veure v\u00eddeo\u00a0 &nbsp; &nbsp; &nbsp; Actualitzaci\u00f3 23\/03\/2021 amb: &#8211; Presentaci\u00f3 document elaboraci\u00f3 PI Actualitzaci\u00f3 4\/12\/2020 [&hellip;]<\/p>\n","protected":false},"author":1,"featured_media":0,"parent":0,"menu_order":0,"comment_status":"closed","ping_status":"closed","template":"","meta":{"_bbp_topic_count":0,"_bbp_reply_count":0,"_bbp_total_topic_count":0,"_bbp_total_reply_count":0,"_bbp_voice_count":0,"_bbp_anonymous_reply_count":0,"_bbp_topic_count_hidden":0,"_bbp_reply_count_hidden":0,"_bbp_forum_subforum_count":0,"site-sidebar-layout":"default","site-content-layout":"","ast-site-content-layout":"","site-content-style":"default","site-sidebar-style":"default","ast-global-header-display":"","ast-banner-title-visibility":"","ast-main-header-display":"","ast-hfb-above-header-display":"","ast-hfb-below-header-display":"","ast-hfb-mobile-header-display":"","site-post-title":"","ast-breadcrumbs-content":"","ast-featured-img":"","footer-sml-layout":"","theme-transparent-header-meta":"","adv-header-id-meta":"","stick-header-meta":"","header-above-stick-meta":"","header-main-stick-meta":"","header-below-stick-meta":"","astra-migrate-meta-layouts":"default","ast-page-background-enabled":"default","ast-page-background-meta":{"desktop":{"background-color":"var(--ast-global-color-4)","background-image":"","background-repeat":"repeat","background-position":"center center","background-size":"auto","background-attachment":"scroll","background-type":"","background-media":"","overlay-type":"","overlay-color":"","overlay-opacity":"","overlay-gradient":""},"tablet":{"background-color":"","background-image":"","background-repeat":"repeat","background-position":"center center","background-size":"auto","background-attachment":"scroll","background-type":"","background-media":"","overlay-type":"","overlay-color":"","overlay-opacity":"","overlay-gradient":""},"mobile":{"background-color":"","background-image":"","background-repeat":"repeat","background-position":"center center","background-size":"auto","background-attachment":"scroll","background-type":"","background-media":"","overlay-type":"","overlay-color":"","overlay-opacity":"","overlay-gradient":""}},"ast-content-background-meta":{"desktop":{"background-color":"var(--ast-global-color-5)","background-image":"","background-repeat":"repeat","background-position":"center center","background-size":"auto","background-attachment":"scroll","background-type":"","background-media":"","overlay-type":"","overlay-color":"","overlay-opacity":"","overlay-gradient":""},"tablet":{"background-color":"var(--ast-global-color-5)","background-image":"","background-repeat":"repeat","background-position":"center center","background-size":"auto","background-attachment":"scroll","background-type":"","background-media":"","overlay-type":"","overlay-color":"","overlay-opacity":"","overlay-gradient":""},"mobile":{"background-color":"var(--ast-global-color-5)","background-image":"","background-repeat":"repeat","background-position":"center center","background-size":"auto","background-attachment":"scroll","background-type":"","background-media":"","overlay-type":"","overlay-color":"","overlay-opacity":"","overlay-gradient":""}},"footnotes":""},"class_list":["post-4936","page","type-page","status-publish","hentry"],"post_mailing_queue_ids":[],"_links":{"self":[{"href":"https:\/\/serveiseducatius.xtec.cat\/vallesoccidental3\/wp-json\/wp\/v2\/pages\/4936","targetHints":{"allow":["GET"]}}],"collection":[{"href":"https:\/\/serveiseducatius.xtec.cat\/vallesoccidental3\/wp-json\/wp\/v2\/pages"}],"about":[{"href":"https:\/\/serveiseducatius.xtec.cat\/vallesoccidental3\/wp-json\/wp\/v2\/types\/page"}],"author":[{"embeddable":true,"href":"https:\/\/serveiseducatius.xtec.cat\/vallesoccidental3\/wp-json\/wp\/v2\/users\/1"}],"replies":[{"embeddable":true,"href":"https:\/\/serveiseducatius.xtec.cat\/vallesoccidental3\/wp-json\/wp\/v2\/comments?post=4936"}],"version-history":[{"count":4,"href":"https:\/\/serveiseducatius.xtec.cat\/vallesoccidental3\/wp-json\/wp\/v2\/pages\/4936\/revisions"}],"predecessor-version":[{"id":11896,"href":"https:\/\/serveiseducatius.xtec.cat\/vallesoccidental3\/wp-json\/wp\/v2\/pages\/4936\/revisions\/11896"}],"wp:attachment":[{"href":"https:\/\/serveiseducatius.xtec.cat\/vallesoccidental3\/wp-json\/wp\/v2\/media?parent=4936"}],"curies":[{"name":"wp","href":"https:\/\/api.w.org\/{rel}","templated":true}]}}