{"id":385,"date":"2015-11-25T14:26:15","date_gmt":"2015-11-25T13:26:15","guid":{"rendered":"http:\/\/serveiseducatius.xtec.cat\/se-vallesoccidental3\/?page_id=385"},"modified":"2023-12-05T11:48:22","modified_gmt":"2023-12-05T10:48:22","slug":"ensenyament-secundari-batxillerat-i-formacio-professional","status":"publish","type":"page","link":"https:\/\/serveiseducatius.xtec.cat\/vallesoccidental3\/centres-educatius\/ensenyament-secundari-batxillerat-i-formacio-professional\/","title":{"rendered":"Ensenyament secundari, Batxillerat i Formaci\u00f3 professional"},"content":{"rendered":"<table style=\"height: 526px; width: 76.5375%; background-color: #ffffff;\" border=\"1\">\n<tbody>\n<tr style=\"height: 33px;\">\n<td style=\"width: 11.4846%; height: 33px;\">Codi<\/td>\n<td style=\"width: 34.5527%; height: 33px;\">Nom del centre<\/td>\n<td style=\"width: 6.90387%; height: 33px;\">Tel\u00e8fon<\/td>\n<td style=\"width: 26.6367%; height: 33px;\">Adre\u00e7a<\/td>\n<td style=\"width: 29.8583%; height: 33px;\">Adre\u00e7a electr\u00f2nica<\/td>\n<\/tr>\n<tr style=\"height: 33px;\">\n<td style=\"width: 109.436%; height: 33px;\" colspan=\"5\"><strong>Castellbisbal<\/strong><\/td>\n<\/tr>\n<tr style=\"height: 31px;\">\n<td style=\"width: 11.4846%; height: 33px;\">08053145<\/td>\n<td style=\"width: 34.5527%; height: 33px;\"><a href=\"https:\/\/agora.xtec.cat\/iescastellbisbal\/\" target=\"_blank\" rel=\"noopener noreferrer\">INS Castellbisbal<\/a><\/td>\n<td style=\"width: 6.90387%; height: 33px;\">937721969<\/td>\n<td style=\"width: 26.6367%; height: 33px;\"><span style=\"font-size: 10pt;\">Pla\u00e7a Llu\u00eds Companys, 7<\/span><\/td>\n<td style=\"width: 29.8583%; height: 33px;\">a8053145@xtec.cat<\/td>\n<\/tr>\n<tr style=\"height: 31px;\">\n<td style=\"width: 11.4846%; height: 33px;\">08067594<\/td>\n<td style=\"width: 34.5527%; height: 33px;\"><a href=\"http:\/\/ielesvinyes.net\/\" target=\"_blank\" rel=\"noopener noreferrer\">IE Les Vinyes<br \/>\n<\/a><\/td>\n<td style=\"width: 6.90387%; height: 33px;\">937722488<\/td>\n<td style=\"width: 26.6367%; height: 33px;\"><span style=\"font-size: 10pt;\">Major, 109<\/span><\/td>\n<td style=\"width: 29.8583%; height: 33px;\">a8067594@xtec.cat<\/td>\n<\/tr>\n<tr style=\"height: 33px;\">\n<td style=\"width: 109.436%; height: 33px;\" colspan=\"5\"><strong>Rub\u00ed\u00a0<\/strong><\/td>\n<\/tr>\n<tr style=\"height: 31px;\">\n<td style=\"height: 34px; width: 11.4846%;\" height=\"26\">08036330<\/td>\n<td style=\"height: 34px; width: 34.5527%;\" height=\"26\"><a href=\"https:\/\/agora.xtec.cat\/insjvfoix\/\" target=\"_blank\" rel=\"noopener noreferrer\">INS J.V. Foix<\/a><\/td>\n<td style=\"height: 34px; width: 6.90387%;\" height=\"26\">935880089<\/td>\n<td style=\"height: 34px; width: 26.6367%;\" height=\"26\"><span style=\"font-size: 10pt;\">Can Sempere, s\/n<\/span><\/td>\n<td style=\"height: 34px; width: 29.8583%;\" height=\"26\">a8036330@xtec.cat<\/td>\n<\/tr>\n<tr style=\"height: 31px;\">\n<td style=\"height: 34px; width: 11.4846%;\">08035301<\/td>\n<td style=\"height: 34px; width: 34.5527%;\"><a href=\"https:\/\/agora.xtec.cat\/iesducdemontblanc\/\" target=\"_blank\" rel=\"noopener noreferrer\">INS Duc de Montblanc<\/a><\/td>\n<td style=\"height: 34px; width: 6.90387%;\">936997961<\/td>\n<td style=\"height: 34px; width: 26.6367%;\"><span style=\"font-size: 10pt;\">Can Fatj\u00f3, 134<\/span><\/td>\n<td style=\"height: 34px; width: 29.8583%;\">a8035301@xtec.cat<\/td>\n<\/tr>\n<tr style=\"height: 31px;\">\n<td style=\"height: 34px; width: 11.4846%;\">08043668<\/td>\n<td style=\"height: 34px; width: 34.5527%;\"><a href=\"http:\/\/insestatut.cat\/\" target=\"_blank\" rel=\"noopener noreferrer\">INS L&#8217;Estatut<\/a><\/td>\n<td style=\"height: 34px; width: 6.90387%;\">935880858<\/td>\n<td style=\"height: 34px; width: 26.6367%;\"><span style=\"font-size: 10pt;\">Flammarion, 1<\/span><\/td>\n<td style=\"height: 34px; width: 29.8583%;\">a8043668@xtec.cat<\/td>\n<\/tr>\n<tr style=\"height: 31px;\">\n<td style=\"height: 34px; width: 11.4846%;\" height=\"26\">08053182<\/td>\n<td style=\"height: 34px; width: 34.5527%;\" height=\"26\"><a href=\"https:\/\/agora.xtec.cat\/iesserreta\/\" target=\"_blank\" rel=\"noopener noreferrer\">INS La Serreta<\/a><\/td>\n<td style=\"height: 34px; width: 6.90387%;\" height=\"26\">936996363<\/td>\n<td style=\"height: 34px; width: 26.6367%;\" height=\"26\"><span style=\"font-size: 10pt;\">Lepant, 1<\/span><\/td>\n<td style=\"height: 34px; width: 29.8583%;\" height=\"26\">a8053182@xtec.cat<\/td>\n<\/tr>\n<tr style=\"height: 31px;\">\n<td style=\"height: 27px; width: 11.4846%;\" valign=\"top\">08072401<\/td>\n<td style=\"height: 27px; width: 34.5527%;\" valign=\"top\"><a href=\"https:\/\/agora.xtec.cat\/ins25desetembre\/\" target=\"_blank\" rel=\"noopener noreferrer\">INS Torrent dels Alous<\/a><\/td>\n<td style=\"height: 27px; width: 6.90387%;\" valign=\"top\">938393714<\/td>\n<td style=\"height: 27px; width: 26.6367%;\" valign=\"top\"><span class=\"street-address\" style=\"font-size: 10pt;\">Ptge. Marconi, 13-15<\/span><\/td>\n<td style=\"height: 27px; width: 29.8583%;\" valign=\"top\">a8072401@xtec.cat<\/td>\n<\/tr>\n<tr style=\"height: 33px;\">\n<td style=\"width: 11.4846%; height: 33px;\" height=\"26\">08076595<\/td>\n<td style=\"width: 34.5527%; height: 33px;\" valign=\"top\"><a href=\"https:\/\/agora.xtec.cat\/ieteresaaltet-rubi\/\" target=\"_blank\" rel=\"noopener noreferrer\">IE Teresa Altet<\/a><\/td>\n<td style=\"height: 33px; width: 6.90387%;\" valign=\"top\">936998001<\/td>\n<td style=\"height: 33px; width: 26.6367%;\" valign=\"top\"><span style=\"font-size: 10pt;\">Mallorca, 90-118<\/span><\/td>\n<td style=\"height: 33px; width: 29.8583%;\" valign=\"top\">a8076595@xtec.cat<\/td>\n<\/tr>\n<tr style=\"height: 33px;\">\n<td style=\"width: 11.4846%; height: 33px;\" height=\"26\">08023797<\/td>\n<td style=\"width: 34.5527%; height: 33px;\" valign=\"top\"><a href=\"https:\/\/escolabalmes.com\/\" target=\"_blank\" rel=\"noopener noreferrer\">COL Balmes<\/a><\/td>\n<td style=\"width: 6.90387%; height: 33px;\" valign=\"top\">936997803<\/td>\n<td style=\"width: 26.6367%; height: 33px;\" valign=\"top\"><span style=\"font-size: 10pt;\">Plana Can Bertran,38<\/span><\/td>\n<td style=\"width: 29.8583%; height: 33px;\" valign=\"top\">a8023797@xtec.cat<\/td>\n<\/tr>\n<tr style=\"height: 33px;\">\n<td style=\"width: 11.4846%; height: 33px;\" height=\"26\">08023724<\/td>\n<td style=\"width: 34.5527%; height: 33px;\" valign=\"top\"><a href=\"http:\/\/rubi.maristes.cat\/index.php\" target=\"_blank\" rel=\"noopener noreferrer\">COL Maristes<\/a><\/td>\n<td style=\"width: 6.90387%; height: 33px;\" valign=\"top\">936991291<\/td>\n<td style=\"width: 26.6367%; height: 33px;\" valign=\"top\"><span style=\"font-size: 10pt;\">Magallanes, 65<\/span><\/td>\n<td style=\"width: 29.8583%; height: 33px;\" valign=\"top\">a8023724@xtec.cat<\/td>\n<\/tr>\n<tr style=\"height: 33px;\">\n<td style=\"width: 11.4846%; height: 33px;\">08023761<\/td>\n<td style=\"width: 34.5527%; height: 33px;\"><a href=\"http:\/\/www.escolamontserrat.net\/\" target=\"_blank\" rel=\"noopener noreferrer\">COL Montserrat<\/a><\/td>\n<td style=\"width: 6.90387%; height: 33px;\">935888071<\/td>\n<td style=\"width: 26.6367%; height: 33px;\"><span style=\"font-size: 10pt;\">Claudio Coello, 7-9<\/span><\/td>\n<td style=\"width: 29.8583%; height: 33px;\">a8023761@xtec.cat<\/td>\n<\/tr>\n<tr style=\"height: 33px;\">\n<td style=\"width: 11.4846%; height: 33px;\" height=\"26\">08023803<\/td>\n<td style=\"width: 34.5527%; height: 33px;\" valign=\"top\"><a href=\"http:\/\/www.reginacarmeli.com\/\" target=\"_blank\" rel=\"noopener noreferrer\">COL Regina Carmeli<\/a><\/td>\n<td style=\"width: 6.90387%; height: 33px;\" valign=\"top\">936990353<\/td>\n<td style=\"width: 26.6367%; height: 33px;\" valign=\"top\"><span style=\"font-size: 10pt;\">Sant Sebasti\u00e0, 34<\/span><\/td>\n<td style=\"width: 29.8583%; height: 33px;\" valign=\"top\">a8023803@xtec.cat<\/td>\n<\/tr>\n<tr style=\"height: 33px;\">\n<td style=\"width: 11.4846%; height: 33px;\" height=\"26\">08023751<\/td>\n<td style=\"width: 34.5527%; height: 33px;\" valign=\"top\"><a href=\"https:\/\/agora.xtec.cat\/colribas\/\" target=\"_blank\" rel=\"noopener noreferrer\">COL Ribas<\/a><\/td>\n<td style=\"width: 6.90387%; height: 33px;\" valign=\"top\">936991218<\/td>\n<td style=\"width: 26.6367%; height: 33px;\" valign=\"top\"><span style=\"font-size: 10pt;\">Llu\u00eds Ribas, 2-4<\/span><\/td>\n<td style=\"width: 29.8583%; height: 33px;\" valign=\"top\">a8023751@xtec.cat<\/td>\n<\/tr>\n<\/tbody>\n<\/table>\n","protected":false},"excerpt":{"rendered":"<p>Codi Nom del centre Tel\u00e8fon Adre\u00e7a Adre\u00e7a electr\u00f2nica Castellbisbal 08053145 INS Castellbisbal 937721969 Pla\u00e7a Llu\u00eds Companys, 7 a8053145@xtec.cat 08067594 IE Les Vinyes 937722488 Major, 109 a8067594@xtec.cat Rub\u00ed\u00a0 08036330 INS J.V. Foix 935880089 Can Sempere, s\/n a8036330@xtec.cat 08035301 INS Duc de Montblanc 936997961 Can Fatj\u00f3, 134 a8035301@xtec.cat 08043668 INS L&#8217;Estatut 935880858 Flammarion, 1 a8043668@xtec.cat 08053182 INS [&hellip;]<\/p>\n","protected":false},"author":1,"featured_media":0,"parent":338,"menu_order":30,"comment_status":"closed","ping_status":"closed","template":"page-templates\/side-menu.php","meta":{"_bbp_topic_count":0,"_bbp_reply_count":0,"_bbp_total_topic_count":0,"_bbp_total_reply_count":0,"_bbp_voice_count":0,"_bbp_anonymous_reply_count":0,"_bbp_topic_count_hidden":0,"_bbp_reply_count_hidden":0,"_bbp_forum_subforum_count":0,"site-sidebar-layout":"default","site-content-layout":"","ast-site-content-layout":"","site-content-style":"default","site-sidebar-style":"default","ast-global-header-display":"","ast-banner-title-visibility":"","ast-main-header-display":"","ast-hfb-above-header-display":"","ast-hfb-below-header-display":"","ast-hfb-mobile-header-display":"","site-post-title":"","ast-breadcrumbs-content":"","ast-featured-img":"","footer-sml-layout":"","theme-transparent-header-meta":"","adv-header-id-meta":"","stick-header-meta":"","header-above-stick-meta":"","header-main-stick-meta":"","header-below-stick-meta":"","astra-migrate-meta-layouts":"default","ast-page-background-enabled":"default","ast-page-background-meta":{"desktop":{"background-color":"var(--ast-global-color-4)","background-image":"","background-repeat":"repeat","background-position":"center center","background-size":"auto","background-attachment":"scroll","background-type":"","background-media":"","overlay-type":"","overlay-color":"","overlay-opacity":"","overlay-gradient":""},"tablet":{"background-color":"","background-image":"","background-repeat":"repeat","background-position":"center center","background-size":"auto","background-attachment":"scroll","background-type":"","background-media":"","overlay-type":"","overlay-color":"","overlay-opacity":"","overlay-gradient":""},"mobile":{"background-color":"","background-image":"","background-repeat":"repeat","background-position":"center center","background-size":"auto","background-attachment":"scroll","background-type":"","background-media":"","overlay-type":"","overlay-color":"","overlay-opacity":"","overlay-gradient":""}},"ast-content-background-meta":{"desktop":{"background-color":"var(--ast-global-color-5)","background-image":"","background-repeat":"repeat","background-position":"center center","background-size":"auto","background-attachment":"scroll","background-type":"","background-media":"","overlay-type":"","overlay-color":"","overlay-opacity":"","overlay-gradient":""},"tablet":{"background-color":"var(--ast-global-color-5)","background-image":"","background-repeat":"repeat","background-position":"center center","background-size":"auto","background-attachment":"scroll","background-type":"","background-media":"","overlay-type":"","overlay-color":"","overlay-opacity":"","overlay-gradient":""},"mobile":{"background-color":"var(--ast-global-color-5)","background-image":"","background-repeat":"repeat","background-position":"center center","background-size":"auto","background-attachment":"scroll","background-type":"","background-media":"","overlay-type":"","overlay-color":"","overlay-opacity":"","overlay-gradient":""}},"footnotes":""},"class_list":["post-385","page","type-page","status-publish","hentry"],"post_mailing_queue_ids":[],"_links":{"self":[{"href":"https:\/\/serveiseducatius.xtec.cat\/vallesoccidental3\/wp-json\/wp\/v2\/pages\/385","targetHints":{"allow":["GET"]}}],"collection":[{"href":"https:\/\/serveiseducatius.xtec.cat\/vallesoccidental3\/wp-json\/wp\/v2\/pages"}],"about":[{"href":"https:\/\/serveiseducatius.xtec.cat\/vallesoccidental3\/wp-json\/wp\/v2\/types\/page"}],"author":[{"embeddable":true,"href":"https:\/\/serveiseducatius.xtec.cat\/vallesoccidental3\/wp-json\/wp\/v2\/users\/1"}],"replies":[{"embeddable":true,"href":"https:\/\/serveiseducatius.xtec.cat\/vallesoccidental3\/wp-json\/wp\/v2\/comments?post=385"}],"version-history":[{"count":6,"href":"https:\/\/serveiseducatius.xtec.cat\/vallesoccidental3\/wp-json\/wp\/v2\/pages\/385\/revisions"}],"predecessor-version":[{"id":15241,"href":"https:\/\/serveiseducatius.xtec.cat\/vallesoccidental3\/wp-json\/wp\/v2\/pages\/385\/revisions\/15241"}],"up":[{"embeddable":true,"href":"https:\/\/serveiseducatius.xtec.cat\/vallesoccidental3\/wp-json\/wp\/v2\/pages\/338"}],"wp:attachment":[{"href":"https:\/\/serveiseducatius.xtec.cat\/vallesoccidental3\/wp-json\/wp\/v2\/media?parent=385"}],"curies":[{"name":"wp","href":"https:\/\/api.w.org\/{rel}","templated":true}]}}