{"id":379,"date":"2015-11-25T14:19:13","date_gmt":"2015-11-25T13:19:13","guid":{"rendered":"http:\/\/serveiseducatius.xtec.cat\/se-vallesoccidental3\/?page_id=379"},"modified":"2025-01-03T13:34:58","modified_gmt":"2025-01-03T12:34:58","slug":"educacio-infantil-i-primaria","status":"publish","type":"page","link":"https:\/\/serveiseducatius.xtec.cat\/vallesoccidental3\/centres-educatius\/educacio-infantil-i-primaria\/","title":{"rendered":"Educaci\u00f3 infantil i prim\u00e0ria"},"content":{"rendered":"<table style=\"width: 688px; height: 800px;\" border=\"1\">\n<tbody>\n<tr style=\"height: 37px;\">\n<td style=\"width: 82px; height: 37px;\" height=\"10\">\n<div style=\"text-align: left;\" align=\"center\">Codi<\/div>\n<\/td>\n<td style=\"width: 203px; height: 37px;\" height=\"10\">\n<div style=\"text-align: left;\" align=\"center\">Nom del centre<\/div>\n<\/td>\n<td style=\"width: 90px; height: 37px;\" height=\"10\">\n<div style=\"text-align: left;\" align=\"center\">Tel\u00e8fon<\/div>\n<\/td>\n<td style=\"width: 150px; height: 37px;\" height=\"10\">\n<div style=\"text-align: left;\" align=\"center\">Adre\u00e7a<\/div>\n<\/td>\n<td style=\"width: 163px; height: 37px; text-align: left;\" height=\"10\">Adre\u00e7a electr\u00f2nica<\/td>\n<\/tr>\n<tr style=\"height: 33px;\">\n<td style=\"width: 688px; height: 33px;\" colspan=\"5\"><strong>Castellbisbal<\/strong><\/td>\n<\/tr>\n<tr style=\"height: 33px;\">\n<td style=\"width: 82px; height: 33px;\" height=\"26\">08062742<\/td>\n<td style=\"width: 203px; height: 33px;\" height=\"26\"><a href=\"https:\/\/agora.xtec.cat\/ceipbenviure\/\" target=\"_blank\" rel=\"noopener noreferrer\">ESC Benviure<\/a><\/td>\n<td style=\"width: 90px; height: 33px;\" height=\"26\">937724028<\/td>\n<td style=\"width: 150px; height: 33px;\" height=\"26\"><span style=\"font-size: 10pt;\">Sant Mateu, 20<\/span><\/td>\n<td style=\"width: 163px; height: 33px;\" height=\"26\">a8062742@xtec.cat<\/td>\n<\/tr>\n<tr style=\"height: 26px;\">\n<td style=\"width: 82px; height: 26px;\">08057229<\/td>\n<td style=\"width: 203px; height: 26px;\"><a href=\"https:\/\/agora.xtec.cat\/escolaelsarenys\/\" target=\"_blank\" rel=\"noopener noreferrer\">ESC Els Arenys<\/a><\/td>\n<td style=\"width: 90px; height: 26px;\">937723670<\/td>\n<td style=\"width: 150px; height: 26px;\"><span style=\"font-size: 10pt;\">Pa\u00efsos Catalans, s\/n<\/span><\/td>\n<td style=\"width: 163px; height: 26px;\">a8057229@xtec.cat<\/td>\n<\/tr>\n<tr style=\"height: 26px;\">\n<td style=\"width: 82px; height: 26px;\">08015821<\/td>\n<td style=\"width: 203px; height: 26px;\"><a href=\"https:\/\/agora.xtec.cat\/ceipmontserrat-castellbisbal\/\" target=\"_blank\" rel=\"noopener noreferrer\">ESC M. D\u00e9u de Montserrat<\/a><\/td>\n<td style=\"width: 90px; height: 26px;\">937722004<\/td>\n<td style=\"width: 150px; height: 26px;\"><span style=\"font-size: 10pt;\">Pau Casals, 20<\/span><\/td>\n<td style=\"width: 163px; height: 26px;\">a8015821@xtec.cat<\/td>\n<\/tr>\n<tr style=\"height: 33px;\">\n<td style=\"width: 82px; height: 33px;\" height=\"26\">08067594<\/td>\n<td style=\"width: 203px; height: 33px;\" height=\"26\"><a href=\"https:\/\/ielesvinyes.net\/\" target=\"_blank\" rel=\"noopener noreferrer\">IE Les Vinyes<\/a><\/td>\n<td style=\"width: 90px; height: 33px;\" height=\"26\">937722488<\/td>\n<td style=\"width: 150px; height: 33px;\" height=\"26\"><span style=\"font-size: 10pt;\">Major, 109<\/span><\/td>\n<td style=\"width: 163px; height: 33px;\" height=\"26\">a8067594@xtec.cat<\/td>\n<\/tr>\n<tr style=\"height: 30px;\">\n<td style=\"width: 688px; height: 30px;\" colspan=\"5\">\n<div style=\"text-align: left;\" align=\"center\"><strong>Rub\u00ed<\/strong><\/div>\n<\/td>\n<\/tr>\n<tr style=\"height: 33px;\">\n<td style=\"width: 82px; height: 33px;\" height=\"26\">08061154<\/td>\n<td style=\"width: 203px; height: 33px;\"><a href=\"https:\/\/agora.xtec.cat\/escolacanalzamora\/\" target=\"_blank\" rel=\"noopener noreferrer\">ESC Ca n&#8217;Alzamora<\/a><\/td>\n<td style=\"width: 90px; height: 33px;\">935862902<\/td>\n<td style=\"width: 150px; height: 33px;\"><span style=\"font-size: 10pt;\">Antoni Sed\u00f3, s\/n<\/span><\/td>\n<td style=\"width: 163px; height: 33px;\">a8061154@xtec.cat<\/td>\n<\/tr>\n<tr style=\"height: 33px;\">\n<td style=\"width: 82px; height: 33px;\" height=\"26\">08067193<\/td>\n<td style=\"width: 203px; height: 33px;\"><a href=\"https:\/\/agora.xtec.cat\/escoladelboscrubi\/\" target=\"_blank\" rel=\"noopener noreferrer\">ESC del Bosc<\/a><\/td>\n<td style=\"width: 90px; height: 33px;\">935881688<\/td>\n<td style=\"width: 150px; height: 33px;\"><span style=\"font-size: 10pt;\">Mallorca, s\/n<\/span><\/td>\n<td style=\"width: 163px; height: 33px;\">a8067193@xtec.cat<\/td>\n<\/tr>\n<tr style=\"height: 33px;\">\n<td style=\"width: 82px; height: 33px;\" height=\"26\">08038171<\/td>\n<td style=\"width: 203px; height: 33px;\" height=\"26\"><a href=\"https:\/\/agora.xtec.cat\/ceipmontessori\/\" target=\"_blank\" rel=\"noopener noreferrer\">ESC Montessori<\/a><\/td>\n<td style=\"width: 90px; height: 33px;\" height=\"26\">936997200<\/td>\n<td style=\"width: 150px; height: 33px;\" height=\"26\"><span style=\"font-size: 10pt;\">Monturiol, s\/n<\/span><\/td>\n<td style=\"width: 163px; height: 33px;\" height=\"26\">a8038171@xtec.cat<\/td>\n<\/tr>\n<tr style=\"height: 27px;\">\n<td style=\"width: 82px; height: 27px;\">08034060<\/td>\n<td style=\"width: 203px; height: 27px;\"><a href=\"http:\/\/agora.xtec.cat\/escolamossencinto\/\" target=\"_blank\" rel=\"noopener noreferrer\">ESC M. Cinto Verdaguer<\/a><\/td>\n<td style=\"width: 90px; height: 27px;\">935671602<\/td>\n<td style=\"width: 150px; height: 27px;\"><span style=\"font-size: 10pt;\">Bail\u00e8n, s\/n<\/span><\/td>\n<td style=\"width: 163px; height: 27px;\">a8034060@xtec.cat<\/td>\n<\/tr>\n<tr style=\"height: 33px;\">\n<td style=\"width: 82px; height: 33px;\" height=\"26\">08032351<\/td>\n<td style=\"width: 203px; height: 33px;\" valign=\"top\"><a href=\"https:\/\/agora.xtec.cat\/escolapaucasalsrubi\/\" target=\"_blank\" rel=\"noopener noreferrer\">ESC Pau Casals<\/a><\/td>\n<td style=\"width: 90px; height: 33px;\" valign=\"top\">936992969<\/td>\n<td style=\"width: 150px; height: 33px;\" valign=\"top\"><span style=\"font-size: 10pt;\">Sant Pere, 42<\/span><\/td>\n<td style=\"width: 163px; height: 33px;\" valign=\"top\">a8032351@xtec.cat<\/td>\n<\/tr>\n<tr style=\"height: 33px;\">\n<td style=\"width: 82px; height: 33px;\" height=\"26\">08034382<\/td>\n<td style=\"width: 203px; height: 33px;\" valign=\"top\"><a href=\"https:\/\/agora.xtec.cat\/ceip-rllullrubi\/\" target=\"_blank\" rel=\"noopener noreferrer\">ESC Ramon Llull<\/a><\/td>\n<td style=\"width: 90px; height: 33px;\" valign=\"top\">936990059<\/td>\n<td style=\"width: 150px; height: 33px;\" valign=\"top\"><span style=\"font-size: 10pt;\">Can Fatj\u00f3, s\/n<\/span><\/td>\n<td style=\"width: 163px; height: 33px;\" valign=\"top\">a8034382@xtec.cat<\/td>\n<\/tr>\n<tr style=\"height: 33px;\">\n<td style=\"width: 82px; height: 33px;\" height=\"26\">08064076<\/td>\n<td style=\"width: 203px; height: 33px;\" valign=\"top\"><a href=\"http:\/\/www.rivorubeo.cat\/\" target=\"_blank\" rel=\"noopener noreferrer\">ESC Rivo Rubeo<\/a><\/td>\n<td style=\"width: 90px; height: 33px;\" valign=\"top\">935517586<\/td>\n<td style=\"width: 150px; height: 33px;\" valign=\"top\"><span style=\"font-size: 10pt;\">De la Gr\u00e0cia, s\/n<\/span><\/td>\n<td style=\"width: 163px; height: 33px;\" valign=\"top\">a8064076@xtec.cat<\/td>\n<\/tr>\n<tr style=\"height: 33px;\">\n<td style=\"width: 82px; height: 33px;\" height=\"26\">08042895<\/td>\n<td style=\"width: 203px; height: 33px;\" valign=\"top\"><a href=\"https:\/\/agora.xtec.cat\/esc-schola\/\" target=\"_blank\" rel=\"noopener noreferrer\">ESC Schola<\/a><\/td>\n<td style=\"width: 90px; height: 33px;\" valign=\"top\">936990831<\/td>\n<td style=\"width: 150px; height: 33px;\" valign=\"top\"><span style=\"font-size: 10pt;\">Sant Pere, 12<\/span><\/td>\n<td style=\"width: 163px; height: 33px;\" valign=\"top\">a8042895@xtec.cat<\/td>\n<\/tr>\n<tr style=\"height: 33px;\">\n<td style=\"width: 82px; height: 33px;\" height=\"26\">08076595<\/td>\n<td style=\"width: 203px; height: 33px;\" valign=\"top\"><a href=\"https:\/\/agora.xtec.cat\/ieteresaaltet-rubi\/\" target=\"_blank\" rel=\"noopener noreferrer\">IE Teresa Altet<\/a><\/td>\n<td style=\"width: 90px; height: 33px;\" valign=\"top\">936998001<\/td>\n<td style=\"width: 150px; height: 33px;\" valign=\"top\"><span style=\"font-size: 10pt;\">Mallorca, 90-118<\/span><\/td>\n<td style=\"width: 163px; height: 33px;\" valign=\"top\">a8034394@xtec.cat<\/td>\n<\/tr>\n<tr style=\"height: 33px;\">\n<td style=\"width: 82px; height: 33px;\" height=\"26\">08041601<\/td>\n<td style=\"width: 203px; height: 33px;\" valign=\"top\"><a href=\"http:\/\/www.torredelallebre.cat\/\" target=\"_blank\" rel=\"noopener noreferrer\">ESC Torre de la Llebre<\/a><\/td>\n<td style=\"width: 90px; height: 33px;\" valign=\"top\">936992766<\/td>\n<td style=\"width: 150px; height: 33px;\" valign=\"top\"><span style=\"font-size: 10pt;\">Massana, 16<\/span><\/td>\n<td style=\"width: 163px; height: 33px;\" valign=\"top\">a8041601@xtec.cat<\/td>\n<\/tr>\n<tr style=\"height: 27px;\">\n<td style=\"width: 82px; height: 27px;\" height=\"26\">08032348<\/td>\n<td style=\"width: 203px; height: 27px;\" valign=\"top\"><a href=\"http:\/\/www.xtec.cat\/centres\/a8032348\/\" target=\"_blank\" rel=\"noopener noreferrer\">ESC 25 de Setembre<\/a><\/td>\n<td style=\"width: 90px; height: 27px;\" valign=\"top\">935517582<\/td>\n<td style=\"width: 150px; height: 27px;\" valign=\"top\"><span style=\"font-size: 10pt;\">Ptge. Marconi, 12-14<\/span><\/td>\n<td style=\"width: 163px; height: 27px;\" valign=\"top\">a8032348@xtec.cat<\/td>\n<\/tr>\n<tr style=\"height: 33px;\">\n<td style=\"width: 82px; height: 33px;\" height=\"26\">08023852<\/td>\n<td style=\"width: 203px; height: 33px;\" valign=\"top\"><a href=\"https:\/\/agora.xtec.cat\/ceipmaragallrubi\/\" target=\"_blank\" rel=\"noopener noreferrer\">ESC Joan Maragall<\/a><\/td>\n<td style=\"width: 90px; height: 33px;\" valign=\"top\">936993858<\/td>\n<td style=\"width: 150px; height: 33px;\" valign=\"top\"><span style=\"font-size: 10pt;\">Ctra. Ullastrell, s\/n<\/span><\/td>\n<td style=\"width: 163px; height: 33px;\" valign=\"top\">a8023852@xtec.cat<\/td>\n<\/tr>\n<tr style=\"height: 33px;\">\n<td style=\"width: 82px; height: 33px;\" height=\"26\">08023797<\/td>\n<td style=\"width: 203px; height: 33px;\" valign=\"top\"><a href=\"https:\/\/cbalmes.com\/\" target=\"_blank\" rel=\"noopener noreferrer\">COL Balmes<\/a><\/td>\n<td style=\"width: 90px; height: 33px;\" valign=\"top\">936997803<\/td>\n<td style=\"width: 150px; height: 33px;\" valign=\"top\"><span style=\"font-size: 10pt;\">Xile, 4<\/span><\/td>\n<td style=\"width: 163px; height: 33px;\" valign=\"top\">a8023797@xtec.cat<\/td>\n<\/tr>\n<tr style=\"height: 33px;\">\n<td style=\"width: 82px; height: 33px;\" height=\"26\">08023724<\/td>\n<td style=\"width: 203px; height: 33px;\" valign=\"top\"><a href=\"http:\/\/rubi.maristes.cat\/index.php\" target=\"_blank\" rel=\"noopener noreferrer\">COL Maristes<\/a><\/td>\n<td style=\"width: 90px; height: 33px;\" valign=\"top\">936991291<\/td>\n<td style=\"width: 150px; height: 33px;\" valign=\"top\"><span style=\"font-size: 10pt;\">Magallanes, 65<\/span><\/td>\n<td style=\"width: 163px; height: 33px;\" valign=\"top\">a8023724@xtec.cat<\/td>\n<\/tr>\n<tr style=\"height: 33px;\">\n<td style=\"width: 82px; height: 33px;\">08023761<\/td>\n<td style=\"width: 203px; height: 33px;\"><a href=\"http:\/\/www.escolamontserrat.net\/\" target=\"_blank\" rel=\"noopener noreferrer\">COL Montserrat<\/a><\/td>\n<td style=\"width: 90px; height: 33px;\">935888071<\/td>\n<td style=\"width: 150px; height: 33px;\"><span style=\"font-size: 10pt;\">Claudio Coello, 7-9<\/span><\/td>\n<td style=\"width: 163px; height: 33px;\">a8023761@xtec.cat<\/td>\n<\/tr>\n<tr style=\"height: 33px;\">\n<td style=\"width: 82px; height: 33px;\" height=\"26\">08023803<\/td>\n<td style=\"width: 203px; height: 33px;\" valign=\"top\"><a href=\"http:\/\/www.reginacarmeli.com\/\" target=\"_blank\" rel=\"noopener noreferrer\">COL Regina Carmeli<\/a><\/td>\n<td style=\"width: 90px; height: 33px;\" valign=\"top\">936990353<\/td>\n<td style=\"width: 150px; height: 33px;\" valign=\"top\"><span style=\"font-size: 10pt;\">Sant Sebasti\u00e0, 34<\/span><\/td>\n<td style=\"width: 163px; height: 33px;\" valign=\"top\">a8023803@xtec.cat<\/td>\n<\/tr>\n<tr style=\"height: 33px;\">\n<td style=\"width: 82px; height: 33px;\" height=\"26\">08023751<\/td>\n<td style=\"width: 203px; height: 33px;\" valign=\"top\"><a href=\"https:\/\/agora.xtec.cat\/colribas\/\" target=\"_blank\" rel=\"noopener noreferrer\">COL Ribas<\/a><\/td>\n<td style=\"width: 90px; height: 33px;\" valign=\"top\">936991218<\/td>\n<td style=\"width: 150px; height: 33px;\" valign=\"top\"><span style=\"font-size: 10pt;\">Llu\u00eds Ribas, 2-4<\/span><\/td>\n<td style=\"width: 163px; height: 33px;\" valign=\"top\">a8023751@xtec.cat<\/td>\n<\/tr>\n<\/tbody>\n<\/table>\n<p>&nbsp;<\/p>\n","protected":false},"excerpt":{"rendered":"<p>Codi Nom del centre Tel\u00e8fon Adre\u00e7a Adre\u00e7a electr\u00f2nica Castellbisbal 08062742 ESC Benviure 937724028 Sant Mateu, 20 a8062742@xtec.cat 08057229 ESC Els Arenys 937723670 Pa\u00efsos Catalans, s\/n a8057229@xtec.cat 08015821 ESC M. D\u00e9u de Montserrat 937722004 Pau Casals, 20 a8015821@xtec.cat 08067594 IE Les Vinyes 937722488 Major, 109 a8067594@xtec.cat Rub\u00ed 08061154 ESC Ca n&#8217;Alzamora 935862902 Antoni Sed\u00f3, s\/n a8061154@xtec.cat [&hellip;]<\/p>\n","protected":false},"author":1,"featured_media":0,"parent":338,"menu_order":20,"comment_status":"closed","ping_status":"closed","template":"page-templates\/side-menu.php","meta":{"_bbp_topic_count":0,"_bbp_reply_count":0,"_bbp_total_topic_count":0,"_bbp_total_reply_count":0,"_bbp_voice_count":0,"_bbp_anonymous_reply_count":0,"_bbp_topic_count_hidden":0,"_bbp_reply_count_hidden":0,"_bbp_forum_subforum_count":0,"site-sidebar-layout":"default","site-content-layout":"","ast-site-content-layout":"","site-content-style":"default","site-sidebar-style":"default","ast-global-header-display":"","ast-banner-title-visibility":"","ast-main-header-display":"","ast-hfb-above-header-display":"","ast-hfb-below-header-display":"","ast-hfb-mobile-header-display":"","site-post-title":"","ast-breadcrumbs-content":"","ast-featured-img":"","footer-sml-layout":"","theme-transparent-header-meta":"","adv-header-id-meta":"","stick-header-meta":"","header-above-stick-meta":"","header-main-stick-meta":"","header-below-stick-meta":"","astra-migrate-meta-layouts":"default","ast-page-background-enabled":"default","ast-page-background-meta":{"desktop":{"background-color":"var(--ast-global-color-4)","background-image":"","background-repeat":"repeat","background-position":"center center","background-size":"auto","background-attachment":"scroll","background-type":"","background-media":"","overlay-type":"","overlay-color":"","overlay-opacity":"","overlay-gradient":""},"tablet":{"background-color":"","background-image":"","background-repeat":"repeat","background-position":"center center","background-size":"auto","background-attachment":"scroll","background-type":"","background-media":"","overlay-type":"","overlay-color":"","overlay-opacity":"","overlay-gradient":""},"mobile":{"background-color":"","background-image":"","background-repeat":"repeat","background-position":"center center","background-size":"auto","background-attachment":"scroll","background-type":"","background-media":"","overlay-type":"","overlay-color":"","overlay-opacity":"","overlay-gradient":""}},"ast-content-background-meta":{"desktop":{"background-color":"var(--ast-global-color-5)","background-image":"","background-repeat":"repeat","background-position":"center center","background-size":"auto","background-attachment":"scroll","background-type":"","background-media":"","overlay-type":"","overlay-color":"","overlay-opacity":"","overlay-gradient":""},"tablet":{"background-color":"var(--ast-global-color-5)","background-image":"","background-repeat":"repeat","background-position":"center center","background-size":"auto","background-attachment":"scroll","background-type":"","background-media":"","overlay-type":"","overlay-color":"","overlay-opacity":"","overlay-gradient":""},"mobile":{"background-color":"var(--ast-global-color-5)","background-image":"","background-repeat":"repeat","background-position":"center center","background-size":"auto","background-attachment":"scroll","background-type":"","background-media":"","overlay-type":"","overlay-color":"","overlay-opacity":"","overlay-gradient":""}},"footnotes":""},"class_list":["post-379","page","type-page","status-publish","hentry"],"post_mailing_queue_ids":[],"_links":{"self":[{"href":"https:\/\/serveiseducatius.xtec.cat\/vallesoccidental3\/wp-json\/wp\/v2\/pages\/379","targetHints":{"allow":["GET"]}}],"collection":[{"href":"https:\/\/serveiseducatius.xtec.cat\/vallesoccidental3\/wp-json\/wp\/v2\/pages"}],"about":[{"href":"https:\/\/serveiseducatius.xtec.cat\/vallesoccidental3\/wp-json\/wp\/v2\/types\/page"}],"author":[{"embeddable":true,"href":"https:\/\/serveiseducatius.xtec.cat\/vallesoccidental3\/wp-json\/wp\/v2\/users\/1"}],"replies":[{"embeddable":true,"href":"https:\/\/serveiseducatius.xtec.cat\/vallesoccidental3\/wp-json\/wp\/v2\/comments?post=379"}],"version-history":[{"count":7,"href":"https:\/\/serveiseducatius.xtec.cat\/vallesoccidental3\/wp-json\/wp\/v2\/pages\/379\/revisions"}],"predecessor-version":[{"id":16963,"href":"https:\/\/serveiseducatius.xtec.cat\/vallesoccidental3\/wp-json\/wp\/v2\/pages\/379\/revisions\/16963"}],"up":[{"embeddable":true,"href":"https:\/\/serveiseducatius.xtec.cat\/vallesoccidental3\/wp-json\/wp\/v2\/pages\/338"}],"wp:attachment":[{"href":"https:\/\/serveiseducatius.xtec.cat\/vallesoccidental3\/wp-json\/wp\/v2\/media?parent=379"}],"curies":[{"name":"wp","href":"https:\/\/api.w.org\/{rel}","templated":true}]}}