{"id":2267,"date":"2016-10-17T11:31:25","date_gmt":"2016-10-17T09:31:25","guid":{"rendered":"http:\/\/serveiseducatius.xtec.cat\/vallesoccidental3\/?page_id=2267"},"modified":"2017-05-22T09:22:03","modified_gmt":"2017-05-22T07:22:03","slug":"semtac-novembre2016","status":"publish","type":"page","link":"https:\/\/serveiseducatius.xtec.cat\/vallesoccidental3\/seminaris\/semtac-curs-2016-2017\/semtac-novembre2016\/","title":{"rendered":"SemTAC 1 Novembre2016"},"content":{"rendered":"<h3><span style=\"color: #008080;\">Introducci\u00f3<\/span>:<\/h3>\n<p>Informacions diverses sobre seminaris, espais de suport i recursos:<\/p>\n<ol>\n<li><strong><a href=\"http:\/\/serveiseducatius.xtec.cat\/vallesoccidental3\/categoria\/plan-semtac-2016-2017\/\">Planificaci\u00f3 dels seminaris<\/a><\/strong><\/li>\n<li><strong><a href=\"http:\/\/educacio.gencat.cat\/portal\/page\/portal\/EducacioIntranet\/Benvinguda\">Remedy<\/a><\/strong>, des de Portal de centre, espai suport TIC, obrir petici\u00f3 SAU (cal autenticaci\u00f3 d&#8217;usuari amb DNI i contrasenya). Manteniment d&#8217;equips amb garantia <a href=\"http:\/\/educacio.gencat.cat\/portal\/page\/portal\/EducacioIntranet\/Inici\/PortalCentres\/pcEquipaments\">GEPSE<\/a>.<\/li>\n<li>\n<div id=\"content\">\n<div id=\"outline-container-1\" class=\"outline-2\">\n<div id=\"outline-container-1-1\" class=\"outline-3\">\n<div id=\"text-1-1\" class=\"outline-text-3\">\n<ul>\n<li id=\"sec-1-1-2\">Compte! <strong>Tothom hauria de tenir l&#8217;usuari Xtec al dia<\/strong>, i m\u00e9s en \u00e8poca de Concurs de Trasllats. <strong><a href=\"http:\/\/serveiseducatius.xtec.cat\/vallesoccidental3\/categoria\/formacio\/contrasenyes\/\">Codi XTEC<\/a><\/strong>. Tothom amb codi Xtec pot obri incid\u00e8ncies. Nom\u00e9s els coordinadors poden veure el planificador de visites. Si es una avaria relacionada amb maquinari en manteniment, GEPSE.SEMINARI TAC<script type=\"text\/javascript\">\/\/ <![CDATA[\n\/*\n@licstart  The following is the entire license notice for the\nJavaScript code in this tag.\n\nCopyright (C) 2012-2013 Free Software Foundation, Inc.\n\nThe JavaScript code in this tag is free software: you can\nredistribute it and\/or modify it under the terms of the GNU\nGeneral Public License (GNU GPL) as published by the Free Software\nFoundation, either version 3 of the License, or (at your option)\nany later version.  The code is distributed WITHOUT ANY WARRANTY;\nwithout even the implied warranty of MERCHANTABILITY or FITNESS\nFOR A PARTICULAR PURPOSE.  See the GNU GPL for more details.\n\nAs additional permission under GNU GPL version 3 section 7, you\nmay distribute non-source (e.g., minimized or compacted) forms of\nthat code without the copy of the GNU GPL normally required by\nsection 4, provided you include this license notice and a URL\nthrough which recipients can access the Corresponding Source.\n\n\n@licend  The above is the entire license notice\nfor the JavaScript code in this tag.\n*\/\n<!--\/*--><![CDATA[\/*><!--*\/ function CodeHighlightOn(elem, id) { var target = document.getElementById(id); if(null != target) { elem.cacheClassElem = elem.className; elem.cacheClassTarget = target.className; target.className = \"code-highlighted\"; elem.className = \"code-highlighted\"; } } function CodeHighlightOff(elem, id) { var target = document.getElementById(id); if(elem.cacheClassElem) elem.className = elem.cacheClassElem; if(elem.cacheClassTarget) target.className = elem.cacheClassTarget; } \/*]]>*\/\n\/\/ ]]><\/script><\/p>\n<div id=\"content\"><\/div>\n<\/li>\n<\/ul>\n<\/div>\n<\/div>\n<\/div>\n<\/div>\n<\/li>\n<li>Qualsevol <strong>gesti\u00f3 de maquinari<\/strong> (actualitzacions de sala inform\u00e0tica, instal\u00b7laci\u00f3 de programari en ordinadors de centre...) obrir TIQUET, no \u00e9s tasca del preventiu.Les actuacions s'han de realitzar mitjan\u00e7ant Work Order. Tel\u00e8fon\u00a0 de contacte del responsable del centre de la incid\u00e8ncia, important. Tel\u00e8fon PAU TIC: 900525252 opci\u00f3 2, opci\u00f3 4 (per anar m\u00e9s r\u00e0pid).<\/li>\n<li>Renovacions de llocs de treball 2017 (<strong>Nou entorn TIC<\/strong>).<\/li>\n<li><strong><a href=\"http:\/\/serveiseducatius.xtec.cat\/vallesoccidental3\/seminari-tac\/semtac-curs-2016-2017\/seguretat-a-la-xarxa\/\">La seguretat a la Xarxa.<\/a><\/strong><\/li>\n<li><strong><a href=\"http:\/\/educat.xtec.cat\/\">Xarxa Docent<\/a><\/strong>.\u00a0Cal recordar o donar a con\u00e8ixer l\u2019exist\u00e8ncia de la Xarxa Docent i la conveni\u00e8ncia de formar-hi part per tal d\u2019afavorir l\u2019intercanvi i l\u2019aprenentatge permanent, entre iguals.<\/li>\n<li><strong><a href=\"https:\/\/sites.google.com\/a\/xtec.cat\/seminaris-tac\/\">#seminaristac<\/a><\/strong>,\u00a0Si sou persones usu\u00e0ries de Twitter, podeu emprar l'etiqueta #seminarisTAC per a difondre i compartir tot all\u00f2 que cregueu interessant per al professorat, referent a l'\u00fas de les tecnologies a l'educaci\u00f3.<\/li>\n<li><strong><a href=\"http:\/\/toolbox.mobileworldcapital.com\/\" rel=\"nofollow\">mSchools Toolbox<\/a><\/strong> \u00e9s una col\u00b7lecci\u00f3 en l\u00ednia de continguts educatius per a dispositius m\u00f2bils orientada per a escoles, mestres, pares i estudiants. El contingut est\u00e0 validat i valorat per professors i experts en educaci\u00f3 i sovint va acompanyat d'experi\u00e8ncies d'aula per a facilitar la seva aplicaci\u00f3 educativa.<\/li>\n<li><strong><strong><a href=\"http:\/\/serveiseducatius.xtec.cat\/vallesoccidental3\/seminari-tac\/setmana-del-codi\/\">Codeweek 2016<\/a>.\u00a0<\/strong><\/strong>Tots els centres educatius, universitats, associacions\u2026 que organitzeu alguna activitat relacionada amb la programaci\u00f3 al llarg de la Codeweek o en dates posteriors, esteu convidats a fer visibles totes les vostres activitats. Nom\u00e9s cal que afegiu l'esdeveniment a la p\u00e0gina de Codeweek i ompliu la fitxa corresponent amb el m\u00e0xim de dades. Autom\u00e0ticament apareixereu al llistat d'events i quedareu georeferenciats al mapa.<br \/>\n<blockquote style=\"margin: 0 0 0 40px; border: none; padding: 0px;\">\n<blockquote style=\"margin: 0 0 0 40px; border: none; padding: 0px;\"><p>Web: <a href=\"http:\/\/codeweek.eu\/\" rel=\"nofollow\">Europe Code Week 2016<br \/>\n<\/a>Twitter: <a href=\"https:\/\/twitter.com\/CodeWeekEU\" rel=\"nofollow\">@CodeWeekEU<\/a> - etiqueta: <a href=\"https:\/\/twitter.com\/hashtag\/CodeEU?src=hash\" rel=\"nofollow\">#codeEU<br \/>\n<\/a>Facebook: <a href=\"https:\/\/www.facebook.com\/codeEU\" rel=\"nofollow\">https:\/\/www.facebook.com\/codeEU<\/a><\/p><\/blockquote>\n<\/blockquote>\n<\/li>\n<\/ol>\n<p>11.<span style=\"color: #3366ff;\"><strong>Necessitats de formaci\u00f3 TAC al territori<\/strong><\/span><\/p>\n<p>Propostes de tallers formatius a nivell TAC:<\/p>\n<p style=\"padding-left: 30px;\">Compet\u00e8ncia Digital Docent, a nivell iniciaci\u00f3 (comen\u00e7a a mitjans de novembre).<\/p>\n<p style=\"padding-left: 30px;\">\u00das de la pissarra digital.<\/p>\n<p style=\"padding-left: 30px;\">Optimitzaci\u00f3 de recursos<\/p>\n<p style=\"padding-left: 30px;\">Google Apps<\/p>\n<p style=\"padding-left: 30px;\">...<\/p>\n<h4><span style=\"color: #008080;\">Eix tem\u00e0tic de la sessi\u00f3:\u00a0<\/span><\/h4>\n<p><strong><a href=\"http:\/\/serveiseducatius.xtec.cat\/vallesoccidental3\/categoria\/tac\/programacio-i-robotica\/\">Programaci\u00f3 i rob\u00f2tica a l'aula.<\/a><\/strong><\/p>\n<p>&nbsp;<\/p>\n<h4><span style=\"color: #008080;\">Concreci\u00f3 de tasques a desenvolupar:<\/span><\/h4>\n<p dir=\"ltr\" style=\"padding-left: 30px;\"><strong>Treball presencial al Seminari:<\/strong><\/p>\n<p dir=\"ltr\" style=\"padding-left: 60px;\">\u00a0\u00a0 \u00a0Us proposem agrupar-vos \u00a0i fer el seg\u00fcent:<\/p>\n<p style=\"padding-left: 90px;\">Aneu a la <a href=\"http:\/\/www.edu365.cat\/imagina\/\">p\u00e0gina de l'Edu365<\/a>. Feu una an\u00e0lisi d'un dels recursos o propostes que hi trobareu.<\/p>\n<p style=\"padding-left: 180px;\">- Obriu aquest<a href=\"https:\/\/docs.google.com\/a\/xtec.cat\/forms\/d\/e\/1FAIpQLSe7mDCLf8pr2V-bKnstLtxtiQ_ZYcNfG5TvX35Gp92YUaW1ig\/viewform\"> formulari<\/a><\/p>\n<p style=\"padding-left: 180px;\">- Ompliu el formulari amb l'an\u00e0lisi que n'heu fet<\/p>\n<p style=\"padding-left: 180px;\">- Envieu el formulari<\/p>\n<p style=\"padding-left: 90px;\">Feu una de les activitats que us proposem a l'apartat 2 d'aqu\u00ed sota per fer amb l'alumnat i\/o amb el professorat del vostre centre.<\/p>\n<p style=\"padding-left: 30px;\"><strong>Treball a centre:<\/strong><\/p>\n<p style=\"padding-left: 30px;\"><span style=\"color: #008080;\"><strong>\u00a0Proposta d'activitat per a l'educaci\u00f3 infantil<\/strong><\/span><\/p>\n<p style=\"padding-left: 90px;\">P\u00e0gines de jocs de programaci\u00f3 per a educaci\u00f3 infantil: <a href=\"http:\/\/www.edu365.cat\/infantil\/jocs\/index2.htm\">http:\/\/www.edu365.cat\/infantil\/jocs\/index2.htm<\/a> Hi ha for\u00e7a activitats de programaci\u00f3 en entorns web que permeten donar instruccions per fer petits itineraris o resoldre reptes senzills.<\/p>\n<p style=\"padding-left: 90px;\">Treball amb <strong>lightbot<\/strong>: <a href=\"http:\/\/lightbot.com\/\">http:\/\/lightbot.com\/ <\/a>Resoluci\u00f3 de puzzles en diferents pantalles on cal donar instruccions a un petit robot per a qu\u00e8 els superi. Hi ha diferents nivells de dificultat i est\u00e0 orientat a entendre les seq\u00fc\u00e8ncies de programaci\u00f3. Es pot realitzar en web i en APP per Android i iOs<\/p>\n<p style=\"padding-left: 90px;\">Treball amb l\u2019APP de<strong> Bee-bot<\/strong> per a iOS. Com en el lightbot, es resolen diferents pantalles en les que s\u2019haur\u00e0 de donar instruccions simples a l\u2019abella per tal que superi els circuits proposats. Hi ha diferents nivells de dificultat i est\u00e0 orientat a entendre les seq\u00fc\u00e8ncies de programaci\u00f3. Nom\u00e9s es pot fer amb l\u2019APP per iOs.<\/p>\n<p style=\"padding-left: 30px;\"><span style=\"color: #008080;\"><strong>Proposta d'activitat per a l'educaci\u00f3 prim\u00e0ria<\/strong><\/span><\/p>\n<p style=\"padding-left: 30px;\">P\u00e0gines de programaci\u00f3 a <strong>l'Edu365<\/strong> \/ Imagina <a href=\"http:\/\/www.edu365.cat\/imagina\/\">http:\/\/www.edu365.cat\/imagina\/<\/a><\/p>\n<p style=\"padding-left: 90px;\">Treball amb <strong>code.org<\/strong>: <a href=\"https:\/\/studio.code.org\/\">https:\/\/studio.code.org\/<\/a>\u00a0 \u00a0Activitats dirigides a diferents edats. Funciona per reptes que s\u2019han d\u2019anar assolint com si fos un videojoc. La programaci\u00f3 \u00e9s per blocs i es van donant orientacions al llarg del proc\u00e9s.\u00a0Els alumnes i els professors es registren de forma que aquests poden fer un seguiment de cada alumne i de la seva evoluci\u00f3.\u00a0Disposeu d'aquest tutorial (en angl\u00e8s) que us pot ser \u00fatil.<\/p>\n<p>&nbsp;<\/p>\n<p style=\"padding-left: 90px;\">Treball amb <strong>Scratch Jr<\/strong>: <a href=\"http:\/\/www.scratchjr.org\/teach.html\">http:\/\/www.scratchjr.org\/teach.html\u00a0<\/a> Cont\u00e9 reptes que es plantegen a l\u2019alumnat amb pistes per resoldre\u2019ls. Tamb\u00e9 hi ha versi\u00f3 en espanyol. Els reptes s\u00f3n fitxes en pdf descarregables i imprimibles, i tamb\u00e9 es poden realitzar en tauletes i en la web.<\/p>\n<p style=\"padding-left: 90px;\">Treball amb <strong>lightbot<\/strong>: <a href=\"http:\/\/lightbot.com\/\">http:\/\/lightbot.com\/ <\/a>Resoluci\u00f3 de puzzles en diferents pantalles on cal donar instruccions a un petit robot per a qu\u00e8 els superi. Hi ha diferents nivells de dificultat i est\u00e0 orientat a entendre les seq\u00fc\u00e8ncies de programaci\u00f3. Es pot realitzar en web i en APP per Android i iOs<\/p>\n<p style=\"padding-left: 30px;\"><span style=\"color: #008080;\"><strong>Proposta d'activitat per a l'educaci\u00f3\u00a0secund\u00e0ria<\/strong><\/span><\/p>\n<p style=\"padding-left: 30px;\">P\u00e0gines de programaci\u00f3 a l'Edu365 \/ Imagina <a href=\"http:\/\/www.edu365.cat\/imagina\/\">http:\/\/www.edu365.cat\/imagina\/<\/a><\/p>\n<p style=\"padding-left: 30px;\">Visiteu la p\u00e0gina de <strong>l\u2019Scratch<\/strong> <a href=\"https:\/\/scratch.mit.edu\/\">https:\/\/scratch.mit.edu\/<\/a><\/p>\n<p style=\"padding-left: 30px;\">Podeu trobar diferents possibilitats de treball:<\/p>\n<p style=\"padding-left: 150px;\">Donar un programa escrit i, despr\u00e9s de visualitzar la seva funci\u00f3, modificar-lo perqu\u00e8 realitzi alguna cosa concreta.<\/p>\n<p style=\"padding-left: 150px;\">Plantejar un repte de programaci\u00f3 si el \u201cp\u00fablic\u201d t\u00e9 prou nivell com per solucionar-lo<\/p>\n<p style=\"padding-left: 150px;\">Accedir als exemples de la comunitat Scratch per comentar algun programa o b\u00e9 baixar-lo i fer-hi modificacions.<\/p>\n<p style=\"padding-left: 150px;\">Si el centre ja t\u00e9 experi\u00e8ncia en <strong>Scratch<\/strong>, els alumnes poden mostrar al claustre o als pares les seves creacions.<\/p>\n<p style=\"padding-left: 150px;\">Tamb\u00e9 podem crear un espai com\u00fa, des del CRP, on recollir jocs, passatemps, endevinalles que es preparin des de les aules, per compartir i motivar l'alumnat<\/p>\n<p style=\"padding-left: 30px;\">Treball amb <strong>App Inventor<\/strong>: <a href=\"http:\/\/ai2.appinventor.mit.edu\/#6375882649239552\">http:\/\/ai2.appinventor.mit.edu\/#6375882649239552<\/a><\/p>\n<p style=\"padding-left: 30px;\">Treball amb <strong>Mozilla X-Ray Googles<\/strong>:<a href=\"https:\/\/teach.mozilla.org\/tools\/\"> https:\/\/teach.mozilla.org\/tools\/<\/a><\/p>\n<p style=\"padding-left: 30px;\">Permet visualitzar el codi de qualsevol p\u00e0gina web i modificar-lo de forma local (no permanent). Cal instal\u00b7lar pr\u00e8viament l\u2019extensi\u00f3.<\/p>\n","protected":false},"excerpt":{"rendered":"<p>Introducci\u00f3: Informacions diverses sobre seminaris, espais de suport i recursos: Planificaci\u00f3 dels seminaris Remedy, des de Portal de centre, espai suport TIC, obrir petici\u00f3 SAU (cal autenticaci\u00f3 d&#8217;usuari amb DNI i contrasenya). Manteniment d&#8217;equips amb garantia GEPSE. Compte! Tothom hauria de tenir l&#8217;usuari Xtec al dia, i m\u00e9s en \u00e8poca de Concurs de Trasllats. Codi [&hellip;]<\/p>\n","protected":false},"author":1,"featured_media":0,"parent":2065,"menu_order":1,"comment_status":"closed","ping_status":"closed","template":"page-templates\/side-menu.php","meta":{"_bbp_topic_count":0,"_bbp_reply_count":0,"_bbp_total_topic_count":0,"_bbp_total_reply_count":0,"_bbp_voice_count":0,"_bbp_anonymous_reply_count":0,"_bbp_topic_count_hidden":0,"_bbp_reply_count_hidden":0,"_bbp_forum_subforum_count":0,"site-sidebar-layout":"default","site-content-layout":"","ast-site-content-layout":"","site-content-style":"default","site-sidebar-style":"default","ast-global-header-display":"","ast-banner-title-visibility":"","ast-main-header-display":"","ast-hfb-above-header-display":"","ast-hfb-below-header-display":"","ast-hfb-mobile-header-display":"","site-post-title":"","ast-breadcrumbs-content":"","ast-featured-img":"","footer-sml-layout":"","theme-transparent-header-meta":"","adv-header-id-meta":"","stick-header-meta":"","header-above-stick-meta":"","header-main-stick-meta":"","header-below-stick-meta":"","astra-migrate-meta-layouts":"default","ast-page-background-enabled":"default","ast-page-background-meta":{"desktop":{"background-color":"var(--ast-global-color-4)","background-image":"","background-repeat":"repeat","background-position":"center center","background-size":"auto","background-attachment":"scroll","background-type":"","background-media":"","overlay-type":"","overlay-color":"","overlay-opacity":"","overlay-gradient":""},"tablet":{"background-color":"","background-image":"","background-repeat":"repeat","background-position":"center center","background-size":"auto","background-attachment":"scroll","background-type":"","background-media":"","overlay-type":"","overlay-color":"","overlay-opacity":"","overlay-gradient":""},"mobile":{"background-color":"","background-image":"","background-repeat":"repeat","background-position":"center center","background-size":"auto","background-attachment":"scroll","background-type":"","background-media":"","overlay-type":"","overlay-color":"","overlay-opacity":"","overlay-gradient":""}},"ast-content-background-meta":{"desktop":{"background-color":"var(--ast-global-color-5)","background-image":"","background-repeat":"repeat","background-position":"center center","background-size":"auto","background-attachment":"scroll","background-type":"","background-media":"","overlay-type":"","overlay-color":"","overlay-opacity":"","overlay-gradient":""},"tablet":{"background-color":"var(--ast-global-color-5)","background-image":"","background-repeat":"repeat","background-position":"center center","background-size":"auto","background-attachment":"scroll","background-type":"","background-media":"","overlay-type":"","overlay-color":"","overlay-opacity":"","overlay-gradient":""},"mobile":{"background-color":"var(--ast-global-color-5)","background-image":"","background-repeat":"repeat","background-position":"center center","background-size":"auto","background-attachment":"scroll","background-type":"","background-media":"","overlay-type":"","overlay-color":"","overlay-opacity":"","overlay-gradient":""}},"footnotes":""},"class_list":["post-2267","page","type-page","status-publish","hentry"],"post_mailing_queue_ids":[],"_links":{"self":[{"href":"https:\/\/serveiseducatius.xtec.cat\/vallesoccidental3\/wp-json\/wp\/v2\/pages\/2267","targetHints":{"allow":["GET"]}}],"collection":[{"href":"https:\/\/serveiseducatius.xtec.cat\/vallesoccidental3\/wp-json\/wp\/v2\/pages"}],"about":[{"href":"https:\/\/serveiseducatius.xtec.cat\/vallesoccidental3\/wp-json\/wp\/v2\/types\/page"}],"author":[{"embeddable":true,"href":"https:\/\/serveiseducatius.xtec.cat\/vallesoccidental3\/wp-json\/wp\/v2\/users\/1"}],"replies":[{"embeddable":true,"href":"https:\/\/serveiseducatius.xtec.cat\/vallesoccidental3\/wp-json\/wp\/v2\/comments?post=2267"}],"version-history":[{"count":4,"href":"https:\/\/serveiseducatius.xtec.cat\/vallesoccidental3\/wp-json\/wp\/v2\/pages\/2267\/revisions"}],"predecessor-version":[{"id":2974,"href":"https:\/\/serveiseducatius.xtec.cat\/vallesoccidental3\/wp-json\/wp\/v2\/pages\/2267\/revisions\/2974"}],"up":[{"embeddable":true,"href":"https:\/\/serveiseducatius.xtec.cat\/vallesoccidental3\/wp-json\/wp\/v2\/pages\/2065"}],"wp:attachment":[{"href":"https:\/\/serveiseducatius.xtec.cat\/vallesoccidental3\/wp-json\/wp\/v2\/media?parent=2267"}],"curies":[{"name":"wp","href":"https:\/\/api.w.org\/{rel}","templated":true}]}}