{"id":2229,"date":"2016-10-14T09:16:46","date_gmt":"2016-10-14T08:16:46","guid":{"rendered":"http:\/\/serveiseducatius.xtec.cat\/vallesoccidental3\/?page_id=2229"},"modified":"2016-10-17T10:29:22","modified_gmt":"2016-10-17T09:29:22","slug":"setmana-del-codi","status":"publish","type":"page","link":"https:\/\/serveiseducatius.xtec.cat\/vallesoccidental3\/setmana-del-codi\/","title":{"rendered":"Setmana del codi"},"content":{"rendered":"<p>Des de l&#8217;<a href=\"http:\/\/xtec.gencat.cat\/ca\/centres\/celebracions\/2016\/codeweek-2016\/\">XTEC <\/a>ens engresquen a treballar la programaci\u00f3 aprofitant\u00a0 la Setmana del codi, la <a href=\"http:\/\/xtec.gencat.cat\/ca\/centres\/celebracions\/2016\/codeweek-2016\/\">CodeWeek<\/a><\/p>\n<p>Aquesta setmana, del 15 al 23 d&#8217;octubre, i les seg\u00fcents podeu aprofitar una estona per treballar, mitjan\u00e7ant jocs, els codis de programaci\u00f3 amb el vostre alumnat. Us presentem diferents propostes, per adaptar-les als diferents nivells que podeu trobar dins l&#8217;aula. S\u00f3n propostes molt engrescadores, gr\u00e0cies al seu disseny en format de joc.<\/p>\n<p>Propostes amb <a href=\"https:\/\/code.org\/learn\">Minecraft i StarWars<\/a> per crear petits jocs, utilitzant el codi. Molt engrescador, per petits i grans.<a href=\"https:\/\/code.org\/learn\"><img loading=\"lazy\" decoding=\"async\" class=\"wp-image-2230 aligncenter\" src=\"http:\/\/serveiseducatius.xtec.cat\/vallesoccidental3\/wp-content\/uploads\/usu1147\/2016\/10\/starwars-150x150.jpg\" alt=\"starwars\" width=\"78\" height=\"78\" \/><\/a><\/p>\n<p><a href=\"https:\/\/www.playcodemonkey.com\/challenges\/0\"><img loading=\"lazy\" decoding=\"async\" class=\"alignleft wp-image-2231\" src=\"http:\/\/serveiseducatius.xtec.cat\/vallesoccidental3\/wp-content\/uploads\/usu1147\/2016\/10\/monkey_body-150x150.png\" alt=\"monkey_body\" width=\"77\" height=\"77\" \/><\/a>Un <a href=\"https:\/\/www.playcodemonkey.com\/\">petit mico<\/a> ens ajuda a entendre el funcionament del codi, sobretot pensat pels m\u00e9s petits.<\/p>\n<p><a href=\"https:\/\/codecombat.com\/play\"><img loading=\"lazy\" decoding=\"async\" class=\"wp-image-2232 alignright\" src=\"http:\/\/serveiseducatius.xtec.cat\/vallesoccidental3\/wp-content\/uploads\/usu1147\/2016\/10\/codecombat-150x150.png\" alt=\"codecombat\" width=\"103\" height=\"103\" \/><\/a><\/p>\n<p>&nbsp;<\/p>\n<p>En una plataforma de joc molt din\u00e0mica,<a href=\"https:\/\/codecombat.com\/play\"> Codecombat<\/a> t\u00e9 un disseny molt similar a un videojoc de pantalles, poden gaudir superant reptes, mentre aprenen codi. Per un xic m\u00e9s gran.<\/p>\n<p>&nbsp;<\/p>\n<p>&nbsp;<\/p>\n<p><a href=\"http:\/\/silentteacher.toxicode.fr\/\"><img loading=\"lazy\" decoding=\"async\" class=\"alignleft wp-image-2233 \" src=\"http:\/\/serveiseducatius.xtec.cat\/vallesoccidental3\/wp-content\/uploads\/usu1147\/2016\/10\/silent-teacher-150x150.png\" alt=\"silent-teacher\" width=\"85\" height=\"85\" srcset=\"https:\/\/serveiseducatius.xtec.cat\/vallesoccidental3\/wp-content\/uploads\/usu1147\/2016\/10\/silent-teacher-150x150.png 150w, https:\/\/serveiseducatius.xtec.cat\/vallesoccidental3\/wp-content\/uploads\/usu1147\/2016\/10\/silent-teacher-300x300.png 300w, https:\/\/serveiseducatius.xtec.cat\/vallesoccidental3\/wp-content\/uploads\/usu1147\/2016\/10\/silent-teacher.png 460w\" sizes=\"auto, (max-width: 85px) 100vw, 85px\" \/><\/a>Molt interessant aquesta proposta, que de manera molt senzilla ens ajuda a treballar amb variables i ens condueix, mitjan\u00e7ant el joc i l\u00f2gica, a introduir-nos en pensaments matem\u00e0tics:<a href=\"http:\/\/silentteacher.toxicode.fr\/\"> Silent Teacher<\/a>. Proposta per m\u00e9s grans.<\/p>\n<p>&nbsp;<\/p>\n<p>&nbsp;<\/p>\n<p>Proposta en catal\u00e0 i castell\u00e0, que permet triar no nom\u00e9s l&#8217;idioma, tamb\u00e9 la dificultat. Amb una proposta gr\u00e0fica interessant, comen\u00e7a en un nivell senzill i pots anar augmentant la dificultat.<a href=\"https:\/\/www.allcancode.com\/runmarco\"> Run Marco<\/a>, per passar-ho b\u00e9 des de petits fins a grans, perqu\u00e8 la dificultat va creixent i creixent&#8230;<a href=\"https:\/\/www.allcancode.com\/runmarco \"><img loading=\"lazy\" decoding=\"async\" class=\"wp-image-2234 alignright\" src=\"http:\/\/serveiseducatius.xtec.cat\/vallesoccidental3\/wp-content\/uploads\/usu1147\/2016\/10\/runmarco-150x150.png\" alt=\"runmarco\" width=\"96\" height=\"96\" srcset=\"https:\/\/serveiseducatius.xtec.cat\/vallesoccidental3\/wp-content\/uploads\/usu1147\/2016\/10\/runmarco-150x150.png 150w, https:\/\/serveiseducatius.xtec.cat\/vallesoccidental3\/wp-content\/uploads\/usu1147\/2016\/10\/runmarco.png 300w\" sizes=\"auto, (max-width: 96px) 100vw, 96px\" \/><\/a><\/p>\n<p>&nbsp;<\/p>\n<p>&nbsp;<\/p>\n<p>&nbsp;<\/p>\n<p>Amb 6 din A4 pots crear un joc per treballar programaci\u00f3, sense utilitzar l&#8217;ordinador. Molt interessant per treballar dins l&#8217;aula i crear un debat, aprenent amb el propi jo. L&#8217;<a href=\"http:\/\/codeweek.it\/codyroby\/\">enlla\u00e7 <\/a>ofereix tamb\u00e9 els imprimibles i tutorials: <a href=\"http:\/\/codeweek.it\/codyroby\/\">Cody Roby<\/a><\/p>\n<p><a href=\"http:\/\/codeweek.it\/codyroby\/\"><img loading=\"lazy\" decoding=\"async\" class=\"alignleft wp-image-2235\" src=\"http:\/\/serveiseducatius.xtec.cat\/vallesoccidental3\/wp-content\/uploads\/usu1147\/2016\/10\/cody-roby-150x150.png\" alt=\"cody-roby\" width=\"81\" height=\"81\" \/><\/a><\/p>\n<p>&nbsp;<\/p>\n<p>&nbsp;<\/p>\n<p>&nbsp;<\/p>\n<p>Enlla\u00e7os per treballar programaci\u00f3 des de l<a href=\"http:\/\/www.edu365.cat\/imagina\/\">&#8216;Edu365<\/a><\/p>\n<p><a href=\"http:\/\/www.edu365.cat\/imagina\/\"><img loading=\"lazy\" decoding=\"async\" class=\"aligncenter size-medium wp-image-2262\" src=\"http:\/\/serveiseducatius.xtec.cat\/vallesoccidental3\/wp-content\/uploads\/usu1147\/2016\/10\/codi-300x127.png\" alt=\"codi\" width=\"300\" height=\"127\" \/><\/a><\/p>\n<p>I per finalitzar, entreu en <a href=\"http:\/\/codeweek.eu\/\">el seg\u00fcent enlla\u00e7<\/a> i deixeu const\u00e0ncia que el vostre centre tamb\u00e9 s&#8217;uneix a la <a href=\"http:\/\/codeweek.eu\/\">Code Week.<\/a><\/p>\n","protected":false},"excerpt":{"rendered":"<p>Des de l&#8217;XTEC ens engresquen a treballar la programaci\u00f3 aprofitant\u00a0 la Setmana del codi, la CodeWeek Aquesta setmana, del 15 al 23 d&#8217;octubre, i les seg\u00fcents podeu aprofitar una estona per treballar, mitjan\u00e7ant jocs, els codis de programaci\u00f3 amb el vostre alumnat. Us presentem diferents propostes, per adaptar-les als diferents nivells que podeu trobar dins [&hellip;]<\/p>\n","protected":false},"author":1,"featured_media":0,"parent":0,"menu_order":0,"comment_status":"closed","ping_status":"closed","template":"page-templates\/side-menu.php","meta":{"_bbp_topic_count":0,"_bbp_reply_count":0,"_bbp_total_topic_count":0,"_bbp_total_reply_count":0,"_bbp_voice_count":0,"_bbp_anonymous_reply_count":0,"_bbp_topic_count_hidden":0,"_bbp_reply_count_hidden":0,"_bbp_forum_subforum_count":0,"site-sidebar-layout":"default","site-content-layout":"","ast-site-content-layout":"","site-content-style":"default","site-sidebar-style":"default","ast-global-header-display":"","ast-banner-title-visibility":"","ast-main-header-display":"","ast-hfb-above-header-display":"","ast-hfb-below-header-display":"","ast-hfb-mobile-header-display":"","site-post-title":"","ast-breadcrumbs-content":"","ast-featured-img":"","footer-sml-layout":"","theme-transparent-header-meta":"","adv-header-id-meta":"","stick-header-meta":"","header-above-stick-meta":"","header-main-stick-meta":"","header-below-stick-meta":"","astra-migrate-meta-layouts":"default","ast-page-background-enabled":"default","ast-page-background-meta":{"desktop":{"background-color":"var(--ast-global-color-4)","background-image":"","background-repeat":"repeat","background-position":"center center","background-size":"auto","background-attachment":"scroll","background-type":"","background-media":"","overlay-type":"","overlay-color":"","overlay-opacity":"","overlay-gradient":""},"tablet":{"background-color":"","background-image":"","background-repeat":"repeat","background-position":"center center","background-size":"auto","background-attachment":"scroll","background-type":"","background-media":"","overlay-type":"","overlay-color":"","overlay-opacity":"","overlay-gradient":""},"mobile":{"background-color":"","background-image":"","background-repeat":"repeat","background-position":"center center","background-size":"auto","background-attachment":"scroll","background-type":"","background-media":"","overlay-type":"","overlay-color":"","overlay-opacity":"","overlay-gradient":""}},"ast-content-background-meta":{"desktop":{"background-color":"var(--ast-global-color-5)","background-image":"","background-repeat":"repeat","background-position":"center center","background-size":"auto","background-attachment":"scroll","background-type":"","background-media":"","overlay-type":"","overlay-color":"","overlay-opacity":"","overlay-gradient":""},"tablet":{"background-color":"var(--ast-global-color-5)","background-image":"","background-repeat":"repeat","background-position":"center center","background-size":"auto","background-attachment":"scroll","background-type":"","background-media":"","overlay-type":"","overlay-color":"","overlay-opacity":"","overlay-gradient":""},"mobile":{"background-color":"var(--ast-global-color-5)","background-image":"","background-repeat":"repeat","background-position":"center center","background-size":"auto","background-attachment":"scroll","background-type":"","background-media":"","overlay-type":"","overlay-color":"","overlay-opacity":"","overlay-gradient":""}},"footnotes":""},"class_list":["post-2229","page","type-page","status-publish","hentry"],"post_mailing_queue_ids":[],"_links":{"self":[{"href":"https:\/\/serveiseducatius.xtec.cat\/vallesoccidental3\/wp-json\/wp\/v2\/pages\/2229","targetHints":{"allow":["GET"]}}],"collection":[{"href":"https:\/\/serveiseducatius.xtec.cat\/vallesoccidental3\/wp-json\/wp\/v2\/pages"}],"about":[{"href":"https:\/\/serveiseducatius.xtec.cat\/vallesoccidental3\/wp-json\/wp\/v2\/types\/page"}],"author":[{"embeddable":true,"href":"https:\/\/serveiseducatius.xtec.cat\/vallesoccidental3\/wp-json\/wp\/v2\/users\/1"}],"replies":[{"embeddable":true,"href":"https:\/\/serveiseducatius.xtec.cat\/vallesoccidental3\/wp-json\/wp\/v2\/comments?post=2229"}],"version-history":[{"count":3,"href":"https:\/\/serveiseducatius.xtec.cat\/vallesoccidental3\/wp-json\/wp\/v2\/pages\/2229\/revisions"}],"predecessor-version":[{"id":2263,"href":"https:\/\/serveiseducatius.xtec.cat\/vallesoccidental3\/wp-json\/wp\/v2\/pages\/2229\/revisions\/2263"}],"wp:attachment":[{"href":"https:\/\/serveiseducatius.xtec.cat\/vallesoccidental3\/wp-json\/wp\/v2\/media?parent=2229"}],"curies":[{"name":"wp","href":"https:\/\/api.w.org\/{rel}","templated":true}]}}