{"id":1999,"date":"2016-09-14T09:17:46","date_gmt":"2016-09-14T08:17:46","guid":{"rendered":"http:\/\/serveiseducatius.xtec.cat\/vallesoccidental3\/?page_id=1999"},"modified":"2020-12-10T20:43:40","modified_gmt":"2020-12-10T19:43:40","slug":"apadrinem_experiencies","status":"publish","type":"page","link":"https:\/\/serveiseducatius.xtec.cat\/vallesoccidental3\/apadrinem_experiencies\/","title":{"rendered":"Experi\u00e8ncies Apadrinem"},"content":{"rendered":"<table style=\"height: 316px;\" width=\"833\">\n<tbody>\n<tr>\n<td><span style=\"font-size: 14pt;\"><strong><span style=\"font-family: arial, helvetica, sans-serif;\">Escola Montessori<img loading=\"lazy\" decoding=\"async\" class=\"alignright\" src=\"https:\/\/3.bp.blogspot.com\/-1s7aUyoJ67g\/V1_bRmtOZGI\/AAAAAAAABVY\/RDi3vrYamT8AO1OWhPJIYtYlH31YQ3EaACLcB\/s200\/Montessori.jpg\" width=\"215\" height=\"120\" \/><\/span><\/strong><\/span><\/p>\n<p><span style=\"font-size: 14pt;\"><strong><span style=\"font-family: arial, helvetica, sans-serif;\">Element patrimonial:\u00a0 El ball de gitanes<\/span><\/strong><\/span><\/td>\n<td><span style=\"font-size: 12pt;\"><a href=\"https:\/\/docs.google.com\/document\/d\/1XSm1tMjyV53kDvxXE6dAzqerYPQ5Pp0ICWAs_EXaq6g\/edit\">Projecte<\/a><\/span><\/td>\n<\/tr>\n<tr>\n<td><strong><span style=\"font-size: 14pt;\">Projecte:<\/span><\/strong><\/p>\n<p style=\"text-align: justify;\">El Ball de gitanes forma part del patrimoni cultural de la ciutat. Des de l\u2019escola el promocionem amb l\u2019activitat de la Dansa a les escoles, per\u00f2 l\u2019hem fet una mica nostre i l\u2019hem integrat en la celebraci\u00f3 de les nostres festes. Con\u00e8ixer aquesta dansa ens permet engegar tot un proc\u00e9s d\u2019integraci\u00f3 en la vida social i cultural de Rub\u00ed, alhora que disposem un element molt favorable per la millora de la cohesi\u00f3 social.<\/p>\n<\/td>\n<td>\n<p style=\"text-align: center;\"><a href=\"http:\/\/apadrinamentballgitanesrubi.blogspot.com.es\/\">Difusi\u00f3 <\/a><\/p>\n<p style=\"text-align: center;\"><a href=\"https:\/\/sites.google.com\/a\/xtec.cat\/esc-montessori\/\">Web del\u00a0 centre <\/a><\/p>\n<\/td>\n<\/tr>\n<\/tbody>\n<\/table>\n<table style=\"height: 316px;\" width=\"833\">\n<tbody>\n<tr>\n<td><strong><span style=\"font-size: 14pt;\"> N\u00aa Senyora de Montserrat<img loading=\"lazy\" decoding=\"async\" class=\"alignright\" src=\"https:\/\/4.bp.blogspot.com\/-JBjdXhWxn9E\/V1_bKCi3e7I\/AAAAAAAABVM\/KQi4XzBPho4lWJ6jhSiU-t3XkRnW4wCZACLcB\/s1600\/Montserrat.jpg\" width=\"215\" height=\"120\" \/><\/span><\/strong><\/p>\n<p><strong><span style=\"font-size: 14pt;\">Element patrimonial:\u00a0Torrent del Magn\u00e0<\/span><\/strong><\/td>\n<td>\n<p style=\"text-align: center;\"><a href=\"https:\/\/docs.google.com\/document\/d\/1RprUklxPpPZzJ6WRInE7MRR_VSUs1JlWXg5H0LknNRs\/edit\">Projecte<\/a><\/p>\n<\/td>\n<\/tr>\n<tr>\n<td><strong><span style=\"font-size: 14pt;\">Projecte:<\/span><\/strong><\/p>\n<p>Des de l\u2019Ajuntament de Rub\u00ed, l\u2019any passat es va iniciar un projecte d\u2019apadrinament de zones verdes. Es va proposar als centres de Prim\u00e0ria i Secund\u00e0ria que eren \u201cEscola Verda\u201d un element patrimonial per apadrinar-lo.<\/p>\n<p>La llavors t\u00e8cnic de Medi ambient va decidir, basant-se en criteris com ara la proximitat i l\u2019edat de l\u2019alumnat de cada centre, la zona a apadrinar:<\/p>\n<ul>\n<li>L\u2019edat de l\u2019alumna de l\u2019ESO va fer que la proximitat a l\u2019escola no fos un criteri condicionant.<\/li>\n<li>El centre \u00e9s Escola Verda des de fa alguns anys.<\/li>\n<li>Desenvolupar activitats pedag\u00f2giques competencials al voltant de l\u2019\u00e0rea de medi i sobretot les ci\u00e8ncies de l\u2019ESO.<\/li>\n<li>L\u2019escola, des de fa temps, treballa continguts relacionats amb el medi ambient.<\/li>\n<li>Dur a terme accions d\u2019aprenentatge i servei per a la poblaci\u00f3, i tamb\u00e9 l\u00fadiques per al centre.<\/li>\n<\/ul>\n<\/td>\n<td>\n<p style=\"text-align: center;\"><span style=\"font-size: 14pt;\"><a href=\"https:\/\/sites.google.com\/a\/escolamontserrat.net\/escolaverda\/\">Difusi\u00f3<br \/>\n<\/a><\/span><\/p>\n<p style=\"text-align: center;\"><span style=\"font-size: 14pt;\"><a href=\"http:\/\/www2.escolamontserrat.net\/\">Web del\u00a0 centre <\/a><\/span><\/p>\n<\/td>\n<\/tr>\n<\/tbody>\n<\/table>\n<table style=\"height: 316px;\" width=\"833\">\n<tbody>\n<tr>\n<td><span style=\"font-size: 14pt;\"><strong> Regina Carmeli<\/strong><\/span><\/p>\n<p><span style=\"font-size: 14pt;\"><img loading=\"lazy\" decoding=\"async\" class=\"alignright\" src=\"https:\/\/1.bp.blogspot.com\/-BDXNpn00lBw\/V1_bbB5hxEI\/AAAAAAAABVo\/oMwjXactCVIbIiA6827EdTtY-uJWXT7GgCLcB\/s1600\/Regina.jpg\" width=\"215\" height=\"120\" \/><\/span><\/p>\n<p><span style=\"font-size: 14pt;\"><strong>Element patrimonial:\u00a0<\/strong>Entorn natural de Can Xercavins<\/span><\/td>\n<td>\n<p style=\"text-align: center;\"><span style=\"font-size: 14pt;\"><a href=\"https:\/\/docs.google.com\/document\/d\/1AtTSdPdgA9cZXoRDC2Wp7acziuTaz56plQIwMHL5n_Q\/edit\">Projecte<\/a><\/span><\/p>\n<\/td>\n<\/tr>\n<tr>\n<td><span style=\"font-size: 14pt;\"><strong>Projecte:<\/strong><\/span><\/p>\n<p>La idea d\u2019apadrinar l\u2019entorn de Can Xercavins sorgeix el curs 2011-2012, a partir del projecte de pert\u00e0nyer a la xarxa d\u2019escola verdes. Des de l\u2019ajuntament s\u2019adjudica aquesta zona a la nostra escola.<\/p>\n<p>Can Xercavins \u00e9s una zona natural i amb un patrimoni hist\u00f2ric que es troba proper al centre escolar.<\/p>\n<p>Al llarg d\u2019aquests tres cursos, a l\u2019etapa de cicle mitj\u00e0 hem desenvolupat diferents activitats pedag\u00f2giques relacionades amb el curr\u00edculum educatiu en els espais de Can Xercavins: descoberta de l\u2019entorn, canvis en el paisatge segons les estacions de l\u2019any, orientaci\u00f3&#8230;<\/p>\n<p>A partir de la proposta d\u2019apadrinament del patrimoni, se\u2019ns ofereix l\u2019oportunitat d\u2019ampliar aquestes accions i fer treballs de camp a la zona. Tanmateix, els objectius d\u2019aquest projecte van m\u00e9s enll\u00e0 de l\u2019\u00e0mbit escolar i duran a terme activitats que s\u2019integraran en la realitat de la poblaci\u00f3 (donant a con\u00e8ixer la zona, sensibilitzant amb la import\u00e0ncia de tenir cura dels entorns naturals propers al nucli urb\u00e0&#8230;)<\/td>\n<td>\n<p style=\"text-align: center;\"><span style=\"font-size: 14pt;\"><a href=\"http:\/\/reginasostenible.blogspot.com.es\/2015\/06\/els-alumnes-deducacio-infantil-van-anar.html\">Difusi\u00f3 <\/a><\/span><\/p>\n<p style=\"text-align: center;\"><span style=\"font-size: 14pt;\"><a href=\"http:\/\/www.reginacarmeli.com\/\">Web del\u00a0 centre <\/a><\/span><\/p>\n<\/td>\n<\/tr>\n<\/tbody>\n<\/table>\n<table style=\"height: 316px;\" width=\"833\">\n<tbody>\n<tr>\n<td><strong><span style=\"font-size: 14pt;\">ESC Moss\u00e8n Cinto<\/span><\/strong><\/p>\n<p><strong><span style=\"font-size: 14pt;\"><img loading=\"lazy\" decoding=\"async\" class=\"alignright\" src=\"https:\/\/2.bp.blogspot.com\/-1iPsFBPmwY4\/V1_bRrqzzFI\/AAAAAAAABVU\/8ZMJSR_k3Vg6GgSa50OKkSBuThEtGYpUgCLcB\/s1600\/Mossen%2BCinto.jpg\" width=\"215\" height=\"120\" \/><\/span><\/strong><\/p>\n<p><strong><span style=\"font-size: 14pt;\">Element patrimonial:\u00a0Espai Natural de l\u2019Entorn de la<\/span><\/strong><\/p>\n<p><strong><span style=\"font-size: 14pt;\">Font de Can Tira\u00efres.<\/span><\/strong><\/td>\n<td>\n<p style=\"text-align: center;\"><span style=\"font-size: 14pt;\"><a href=\"https:\/\/docs.google.com\/document\/d\/1RFo1TTkSkdLtVH-L9BFvBA9kur7jqK2zfMfN4sdNH8M\/edit\">Projecte<\/a><\/span><\/p>\n<\/td>\n<\/tr>\n<tr>\n<td>\n<h3>Projecte:<\/h3>\n<p>Des de la regidoria de medi ambient de l\u2019Ajuntament de Rub\u00ed s\u2019ha fomentat al llarg dels \u00faltims 4 anys l\u2019apadrinament d\u2019espais naturals del municipi per part dels centres d\u2019ensenyament. L\u2019escola disposava d\u2019un entorn natural on es podien fer tota mena d\u2019actuacions educatives i de lleure. \u00c9s en aquest context que l\u2019escola va establir el Projecte del bosc de la Mediterr\u00e0nia adre\u00e7at a l\u2019alumnat de cicle mitj\u00e0 (alumnat de 8 i 9 anys).<\/p>\n<p>L\u2019Escola Mn Cinto ha apadrinat l\u2019Espai Natural de l\u2019Entorn de la Font de Can Tira\u00efres perqu\u00e8&#8230;<\/p>\n<ul>\n<li>Hem copsat que l\u2019estudi d\u2019aquest espai natural podia estudiar-se abastament a cicle superior (alumnat de 10 i 11 anys) tot posant una mirada m\u00e9s \u201ccient\u00edfica i t\u00e8cnica\u201d.<\/li>\n<li>Existia ja l\u2019experi\u00e8ncia pr\u00e8via de l\u2019apadrinament d\u2019aquest espai a cicle mitj\u00e0 amb for\u00e7a \u00e8xit!.<\/li>\n<li>Es pret\u00e9n, a m\u00e9s, enxarxar aquest espai mitjan\u00e7ant la georeferenciaci\u00f3 amb tots els altres elements apadrinats amb fotografies, v\u00eddeos i textos descriptius en les tres lleng\u00fces de l\u2019escola.<\/li>\n<\/ul>\n<\/td>\n<td>\n<p style=\"text-align: center;\"><span style=\"font-size: 14pt;\">Difusi\u00f3<\/span><\/p>\n<p style=\"text-align: center;\"><span style=\"font-size: 14pt;\"><a href=\"http:\/\/blocs.xtec.cat\/mossencinto\/\">Web del\u00a0 centre <\/a><\/span><\/p>\n<\/td>\n<\/tr>\n<\/tbody>\n<\/table>\n<table style=\"height: 316px;\" width=\"833\">\n<tbody>\n<tr>\n<td><span style=\"font-size: 14pt;\"><strong>INS La Serreta<\/strong><\/span><\/p>\n<p><strong><span style=\"font-size: 14pt;\">Element patrimonial: Torre Bassas<\/span><img loading=\"lazy\" decoding=\"async\" class=\"alignright\" src=\"https:\/\/1.bp.blogspot.com\/-LXYelkwo6_I\/V1_bWNSP8gI\/AAAAAAAABVg\/2E3dP9jpPJYeaMe8OdnDNiO9RxE5YWydwCLcB\/s1600\/Serreta.jpg\" width=\"215\" height=\"120\" \/><\/strong><\/p>\n<p>&nbsp;<\/p>\n<p>&nbsp;<\/td>\n<td>\n<p style=\"text-align: center;\"><span style=\"font-size: 14pt;\"><a href=\"https:\/\/docs.google.com\/document\/d\/1GkgNXvJATV0GoEzXhnQ59oqlroFstuXWek9DX2iuEKE\/edit\">Projecte<\/a><\/span><\/p>\n<\/td>\n<\/tr>\n<tr>\n<td><span style=\"font-size: 14pt;\"><strong>Projecte:<\/strong><\/span><\/p>\n<p>La Torre d\u2019estil modernista esta vinculada al centre per la seva proximitat i per ser \u00a0actualment l\u2019Espai Jove del Servei de Joventut on molt sovint els nostres alumnes s\u2019hi troben i hi fan tallers<\/td>\n<td>\n<p style=\"text-align: center;\"><span style=\"font-size: 14pt;\">Difusi\u00f3<\/span><\/p>\n<p style=\"text-align: center;\"><span style=\"font-size: 14pt;\"><a href=\"http:\/\/www.institutlaserreta.com\/web\/wp\/\">Web del\u00a0 centre <\/a><\/span><\/p>\n<\/td>\n<\/tr>\n<\/tbody>\n<\/table>\n","protected":false},"excerpt":{"rendered":"<p>Escola Montessori Element patrimonial:\u00a0 El ball de gitanes Projecte Projecte: El Ball de gitanes forma part del patrimoni cultural de la ciutat. Des de l\u2019escola el promocionem amb l\u2019activitat de la Dansa a les escoles, per\u00f2 l\u2019hem fet una mica nostre i l\u2019hem integrat en la celebraci\u00f3 de les nostres festes. Con\u00e8ixer aquesta dansa ens [&hellip;]<\/p>\n","protected":false},"author":1,"featured_media":0,"parent":0,"menu_order":0,"comment_status":"closed","ping_status":"closed","template":"","meta":{"_bbp_topic_count":0,"_bbp_reply_count":0,"_bbp_total_topic_count":0,"_bbp_total_reply_count":0,"_bbp_voice_count":0,"_bbp_anonymous_reply_count":0,"_bbp_topic_count_hidden":0,"_bbp_reply_count_hidden":0,"_bbp_forum_subforum_count":0,"site-sidebar-layout":"default","site-content-layout":"","ast-site-content-layout":"","site-content-style":"default","site-sidebar-style":"default","ast-global-header-display":"","ast-banner-title-visibility":"","ast-main-header-display":"","ast-hfb-above-header-display":"","ast-hfb-below-header-display":"","ast-hfb-mobile-header-display":"","site-post-title":"","ast-breadcrumbs-content":"","ast-featured-img":"","footer-sml-layout":"","theme-transparent-header-meta":"","adv-header-id-meta":"","stick-header-meta":"","header-above-stick-meta":"","header-main-stick-meta":"","header-below-stick-meta":"","astra-migrate-meta-layouts":"default","ast-page-background-enabled":"default","ast-page-background-meta":{"desktop":{"background-color":"var(--ast-global-color-4)","background-image":"","background-repeat":"repeat","background-position":"center center","background-size":"auto","background-attachment":"scroll","background-type":"","background-media":"","overlay-type":"","overlay-color":"","overlay-opacity":"","overlay-gradient":""},"tablet":{"background-color":"","background-image":"","background-repeat":"repeat","background-position":"center center","background-size":"auto","background-attachment":"scroll","background-type":"","background-media":"","overlay-type":"","overlay-color":"","overlay-opacity":"","overlay-gradient":""},"mobile":{"background-color":"","background-image":"","background-repeat":"repeat","background-position":"center center","background-size":"auto","background-attachment":"scroll","background-type":"","background-media":"","overlay-type":"","overlay-color":"","overlay-opacity":"","overlay-gradient":""}},"ast-content-background-meta":{"desktop":{"background-color":"var(--ast-global-color-5)","background-image":"","background-repeat":"repeat","background-position":"center center","background-size":"auto","background-attachment":"scroll","background-type":"","background-media":"","overlay-type":"","overlay-color":"","overlay-opacity":"","overlay-gradient":""},"tablet":{"background-color":"var(--ast-global-color-5)","background-image":"","background-repeat":"repeat","background-position":"center center","background-size":"auto","background-attachment":"scroll","background-type":"","background-media":"","overlay-type":"","overlay-color":"","overlay-opacity":"","overlay-gradient":""},"mobile":{"background-color":"var(--ast-global-color-5)","background-image":"","background-repeat":"repeat","background-position":"center center","background-size":"auto","background-attachment":"scroll","background-type":"","background-media":"","overlay-type":"","overlay-color":"","overlay-opacity":"","overlay-gradient":""}},"footnotes":""},"class_list":["post-1999","page","type-page","status-publish","hentry"],"post_mailing_queue_ids":[],"_links":{"self":[{"href":"https:\/\/serveiseducatius.xtec.cat\/vallesoccidental3\/wp-json\/wp\/v2\/pages\/1999","targetHints":{"allow":["GET"]}}],"collection":[{"href":"https:\/\/serveiseducatius.xtec.cat\/vallesoccidental3\/wp-json\/wp\/v2\/pages"}],"about":[{"href":"https:\/\/serveiseducatius.xtec.cat\/vallesoccidental3\/wp-json\/wp\/v2\/types\/page"}],"author":[{"embeddable":true,"href":"https:\/\/serveiseducatius.xtec.cat\/vallesoccidental3\/wp-json\/wp\/v2\/users\/1"}],"replies":[{"embeddable":true,"href":"https:\/\/serveiseducatius.xtec.cat\/vallesoccidental3\/wp-json\/wp\/v2\/comments?post=1999"}],"version-history":[{"count":4,"href":"https:\/\/serveiseducatius.xtec.cat\/vallesoccidental3\/wp-json\/wp\/v2\/pages\/1999\/revisions"}],"predecessor-version":[{"id":3136,"href":"https:\/\/serveiseducatius.xtec.cat\/vallesoccidental3\/wp-json\/wp\/v2\/pages\/1999\/revisions\/3136"}],"wp:attachment":[{"href":"https:\/\/serveiseducatius.xtec.cat\/vallesoccidental3\/wp-json\/wp\/v2\/media?parent=1999"}],"curies":[{"name":"wp","href":"https:\/\/api.w.org\/{rel}","templated":true}]}}