{"id":18601,"date":"2025-12-12T10:58:05","date_gmt":"2025-12-12T09:58:05","guid":{"rendered":"https:\/\/serveiseducatius.xtec.cat\/vallesoccidental3\/?page_id=18601"},"modified":"2025-12-12T11:03:44","modified_gmt":"2025-12-12T10:03:44","slug":"xieb-25-26","status":"publish","type":"page","link":"https:\/\/serveiseducatius.xtec.cat\/vallesoccidental3\/xieb-25-26\/","title":{"rendered":"XIEB 25-26"},"content":{"rendered":"\n<p class=\"has-medium-font-size\"><strong>1a Sessi\u00f3 21\/10\/25<\/strong><\/p>\n\n\n\n<p>Vam gaudir de la pon\u00e8ncia d\u2019en&nbsp;<strong>Jes\u00fas Soldevila<\/strong>&nbsp;titulada&nbsp;<em>\u201cVers una educaci\u00f3 de i per a tothom: marcs per a la reflexi\u00f3\u201d<\/em>. <br>A continuaci\u00f3, cada centre va omplir el <strong><a href=\"https:\/\/docs.google.com\/forms\/d\/1pG5rCHK1INQ6okEs78QaFWh_BZtB_cWjYRYc0PScmp0\/edit\" target=\"_blank\" rel=\"noreferrer noopener\">formulari sobre el term\u00f2metre per a la valoraci\u00f3 de l&#8217;educaci\u00f3 inclusiva en un centre escolar<\/a><\/strong>.<\/p>\n\n\n\n<p><strong>2a Sessi\u00f3 25\/11\/25<\/strong><\/p>\n\n\n\n<p>Per grups vam identificar&nbsp;<strong>problem\u00e0tiques<\/strong>&nbsp;per&nbsp;traslladar-les a&nbsp;<strong>barreres<\/strong>. <br>Documents de suport:  <br>&#8211; <a href=\"https:\/\/drive.google.com\/file\/d\/1Y3a8I9GVvCyKQ2I9cims7F6YhOAILuL5\/view?usp=drive_link\" target=\"_blank\" rel=\"noreferrer noopener\">Objectiu i desenvolupament de la sessi\u00f3<\/a><br>&#8211; <a href=\"https:\/\/www.plenainclusion.org\/sites\/default\/files\/termometro-edu.pdf\" target=\"_blank\" rel=\"noreferrer noopener\">Term\u00f3metro para la valoraci\u00f3n de la educaci\u00f3n inclusiva en un centro escolar<\/a><br>&#8211; <a href=\"https:\/\/drive.google.com\/file\/d\/12SZRdHX2fClKzuUfWrK1zM2vMOhMOZnI\/view\" target=\"_blank\" rel=\"noreferrer noopener\">Glossari<\/a><\/p>\n\n\n\n<figure class=\"wp-block-image size-full is-resized\"><a href=\"https:\/\/serveiseducatius.xtec.cat\/vallesoccidental3\/wp-content\/uploads\/usu1147\/2025\/12\/taula-s2-xieb-1.png\"><img loading=\"lazy\" decoding=\"async\" width=\"693\" height=\"127\" src=\"https:\/\/serveiseducatius.xtec.cat\/vallesoccidental3\/wp-content\/uploads\/usu1147\/2025\/12\/taula-s2-xieb-1.png\" alt=\"\" class=\"wp-image-18603\" style=\"width:805px;height:auto\" srcset=\"https:\/\/serveiseducatius.xtec.cat\/vallesoccidental3\/wp-content\/uploads\/usu1147\/2025\/12\/taula-s2-xieb-1.png 693w, https:\/\/serveiseducatius.xtec.cat\/vallesoccidental3\/wp-content\/uploads\/usu1147\/2025\/12\/taula-s2-xieb-1-300x55.png 300w\" sizes=\"auto, (max-width: 693px) 100vw, 693px\" \/><\/a><\/figure>\n\n\n\n<p>Aquesta pr\u00e0ctica es pot continuar desenvolupant dins del centre en l\u2019espai que creieu m\u00e9s adient: CAEI, ED, Equip Impulsor\u2026<br><strong><a href=\"https:\/\/drive.google.com\/file\/d\/1V8J5rnaGXyycXIbajiL3wrgpUcFvoNTX\/view?usp=drive_link\" target=\"_blank\" rel=\"noreferrer noopener\">Presentaci\u00f3 del Jes\u00fas Soldevila<\/a><\/strong>.<\/p>\n\n\n\n<figure class=\"wp-block-image size-full is-resized\"><a href=\"https:\/\/drive.google.com\/file\/d\/1V8J5rnaGXyycXIbajiL3wrgpUcFvoNTX\/view?usp=drive_link\" target=\"_blank\" rel=\" noreferrer noopener\"><img loading=\"lazy\" decoding=\"async\" width=\"789\" height=\"558\" src=\"https:\/\/serveiseducatius.xtec.cat\/vallesoccidental3\/wp-content\/uploads\/usu1147\/2025\/12\/presentacio-JS-s2-XIEB.png\" alt=\"\" class=\"wp-image-18604\" style=\"width:480px;height:auto\" srcset=\"https:\/\/serveiseducatius.xtec.cat\/vallesoccidental3\/wp-content\/uploads\/usu1147\/2025\/12\/presentacio-JS-s2-XIEB.png 789w, https:\/\/serveiseducatius.xtec.cat\/vallesoccidental3\/wp-content\/uploads\/usu1147\/2025\/12\/presentacio-JS-s2-XIEB-300x212.png 300w, https:\/\/serveiseducatius.xtec.cat\/vallesoccidental3\/wp-content\/uploads\/usu1147\/2025\/12\/presentacio-JS-s2-XIEB-768x543.png 768w\" sizes=\"auto, (max-width: 789px) 100vw, 789px\" \/><\/a><\/figure>\n\n\n\n<p><strong>3a Sessi\u00f3 03\/02\/25 <\/strong><\/p>\n\n\n\n<p><strong>4a Sessi\u00f3 24\/02\/25<\/strong><\/p>\n\n\n\n<p><strong>5a Sessi\u00f3 28\/04\/25<\/strong><\/p>\n\n\n\n<p><\/p>\n","protected":false},"excerpt":{"rendered":"<p>1a Sessi\u00f3 21\/10\/25 Vam gaudir de la pon\u00e8ncia d\u2019en&nbsp;Jes\u00fas Soldevila&nbsp;titulada&nbsp;\u201cVers una educaci\u00f3 de i per a tothom: marcs per a la reflexi\u00f3\u201d. A continuaci\u00f3, cada centre va omplir el formulari sobre el term\u00f2metre per a la valoraci\u00f3 de l&#8217;educaci\u00f3 inclusiva en un centre escolar. 2a Sessi\u00f3 25\/11\/25 Per grups vam identificar&nbsp;problem\u00e0tiques&nbsp;per&nbsp;traslladar-les a&nbsp;barreres. Documents de suport: [&hellip;]<\/p>\n","protected":false},"author":1,"featured_media":0,"parent":0,"menu_order":0,"comment_status":"closed","ping_status":"close","template":"","meta":{"_bbp_topic_count":0,"_bbp_reply_count":0,"_bbp_total_topic_count":0,"_bbp_total_reply_count":0,"_bbp_voice_count":0,"_bbp_anonymous_reply_count":0,"_bbp_topic_count_hidden":0,"_bbp_reply_count_hidden":0,"_bbp_forum_subforum_count":0,"site-sidebar-layout":"default","site-content-layout":"","ast-site-content-layout":"default","site-content-style":"default","site-sidebar-style":"default","ast-global-header-display":"","ast-banner-title-visibility":"","ast-main-header-display":"","ast-hfb-above-header-display":"","ast-hfb-below-header-display":"","ast-hfb-mobile-header-display":"","site-post-title":"","ast-breadcrumbs-content":"","ast-featured-img":"","footer-sml-layout":"","theme-transparent-header-meta":"","adv-header-id-meta":"","stick-header-meta":"","header-above-stick-meta":"","header-main-stick-meta":"","header-below-stick-meta":"","astra-migrate-meta-layouts":"set","ast-page-background-enabled":"default","ast-page-background-meta":{"desktop":{"background-color":"var(--ast-global-color-4)","background-image":"","background-repeat":"repeat","background-position":"center center","background-size":"auto","background-attachment":"scroll","background-type":"","background-media":"","overlay-type":"","overlay-color":"","overlay-opacity":"","overlay-gradient":""},"tablet":{"background-color":"","background-image":"","background-repeat":"repeat","background-position":"center center","background-size":"auto","background-attachment":"scroll","background-type":"","background-media":"","overlay-type":"","overlay-color":"","overlay-opacity":"","overlay-gradient":""},"mobile":{"background-color":"","background-image":"","background-repeat":"repeat","background-position":"center center","background-size":"auto","background-attachment":"scroll","background-type":"","background-media":"","overlay-type":"","overlay-color":"","overlay-opacity":"","overlay-gradient":""}},"ast-content-background-meta":{"desktop":{"background-color":"var(--ast-global-color-5)","background-image":"","background-repeat":"repeat","background-position":"center center","background-size":"auto","background-attachment":"scroll","background-type":"","background-media":"","overlay-type":"","overlay-color":"","overlay-opacity":"","overlay-gradient":""},"tablet":{"background-color":"var(--ast-global-color-5)","background-image":"","background-repeat":"repeat","background-position":"center center","background-size":"auto","background-attachment":"scroll","background-type":"","background-media":"","overlay-type":"","overlay-color":"","overlay-opacity":"","overlay-gradient":""},"mobile":{"background-color":"var(--ast-global-color-5)","background-image":"","background-repeat":"repeat","background-position":"center center","background-size":"auto","background-attachment":"scroll","background-type":"","background-media":"","overlay-type":"","overlay-color":"","overlay-opacity":"","overlay-gradient":""}},"footnotes":""},"class_list":["post-18601","page","type-page","status-publish","hentry"],"post_mailing_queue_ids":[],"_links":{"self":[{"href":"https:\/\/serveiseducatius.xtec.cat\/vallesoccidental3\/wp-json\/wp\/v2\/pages\/18601","targetHints":{"allow":["GET"]}}],"collection":[{"href":"https:\/\/serveiseducatius.xtec.cat\/vallesoccidental3\/wp-json\/wp\/v2\/pages"}],"about":[{"href":"https:\/\/serveiseducatius.xtec.cat\/vallesoccidental3\/wp-json\/wp\/v2\/types\/page"}],"author":[{"embeddable":true,"href":"https:\/\/serveiseducatius.xtec.cat\/vallesoccidental3\/wp-json\/wp\/v2\/users\/1"}],"replies":[{"embeddable":true,"href":"https:\/\/serveiseducatius.xtec.cat\/vallesoccidental3\/wp-json\/wp\/v2\/comments?post=18601"}],"version-history":[{"count":3,"href":"https:\/\/serveiseducatius.xtec.cat\/vallesoccidental3\/wp-json\/wp\/v2\/pages\/18601\/revisions"}],"predecessor-version":[{"id":18608,"href":"https:\/\/serveiseducatius.xtec.cat\/vallesoccidental3\/wp-json\/wp\/v2\/pages\/18601\/revisions\/18608"}],"wp:attachment":[{"href":"https:\/\/serveiseducatius.xtec.cat\/vallesoccidental3\/wp-json\/wp\/v2\/media?parent=18601"}],"curies":[{"name":"wp","href":"https:\/\/api.w.org\/{rel}","templated":true}]}}