{"id":18565,"date":"2025-12-12T09:22:17","date_gmt":"2025-12-12T08:22:17","guid":{"rendered":"https:\/\/serveiseducatius.xtec.cat\/vallesoccidental3\/?page_id=18565"},"modified":"2025-12-12T10:08:00","modified_gmt":"2025-12-12T09:08:00","slug":"curriculum","status":"publish","type":"page","link":"https:\/\/serveiseducatius.xtec.cat\/vallesoccidental3\/curriculum\/","title":{"rendered":"Curr\u00edculum"},"content":{"rendered":"\n<p>En aquest men\u00fa trobeu enlla\u00e7os als elements normatius,  documents d&#8217;orientacions i suport per desenvolupar la tasca docent segons els curr\u00edculums vigents. <\/p>\n\n\n\n<p>D&#8217;una banda, als <a href=\"https:\/\/projectes.xtec.cat\/nou-curriculum\/\" target=\"_blank\" rel=\"noreferrer noopener\">publicats pel Departament<\/a> i per l&#8217;altra, als models propis que anem desenvolupant des del Servei Educatiu amb l&#8217;objectiu de facilitar l&#8217;organitzaci\u00f3 i elaboraci\u00f3 de programacions.<\/p>\n\n\n\n<figure class=\"wp-block-image aligncenter size-full\"><a href=\"https:\/\/projectes.xtec.cat\/nou-curriculum\/\" target=\"_blank\" rel=\" noreferrer noopener\"><img loading=\"lazy\" decoding=\"async\" width=\"1204\" height=\"75\" src=\"https:\/\/serveiseducatius.xtec.cat\/vallesoccidental3\/wp-content\/uploads\/usu1147\/2025\/12\/nou-curriculum-1.png\" alt=\"\" class=\"wp-image-18567\" srcset=\"https:\/\/serveiseducatius.xtec.cat\/vallesoccidental3\/wp-content\/uploads\/usu1147\/2025\/12\/nou-curriculum-1.png 1204w, https:\/\/serveiseducatius.xtec.cat\/vallesoccidental3\/wp-content\/uploads\/usu1147\/2025\/12\/nou-curriculum-1-300x19.png 300w, https:\/\/serveiseducatius.xtec.cat\/vallesoccidental3\/wp-content\/uploads\/usu1147\/2025\/12\/nou-curriculum-1-1024x64.png 1024w, https:\/\/serveiseducatius.xtec.cat\/vallesoccidental3\/wp-content\/uploads\/usu1147\/2025\/12\/nou-curriculum-1-768x48.png 768w\" sizes=\"auto, (max-width: 1204px) 100vw, 1204px\" \/><\/a><\/figure>\n\n\n\n<p><\/p>\n\n\n\n<p><\/p>\n\n\n\n<p><strong>Model propis<\/strong> (en format full de c\u00e0lcul)<\/p>\n\n\n\n<ul class=\"wp-block-list\">\n<li><strong>Mapes curriculars<\/strong>\n<ul class=\"wp-block-list\">\n<li><a href=\"https:\/\/docs.google.com\/spreadsheets\/d\/1LY9Ah5WO5DRwWAlVI7oTiSafXOqSWpe-_KP-4g-Ei-k\/template\/preview?usp=drive_link\" target=\"_blank\" rel=\"noreferrer noopener\">Educaci\u00f3 Infantil (els 4 eixos)<\/a><\/li>\n\n\n\n<li>Educaci\u00f3 Prim\u00e0ria (<em>les \u00faltimes versions incorporen propostes, generades per IA, que facilitin la formulaci\u00f3 d&#8217;objectius i criteris d&#8217;avaluaci\u00f3, en els SA, alineats amb les compet\u00e8ncies espec\u00edfiques i criteris d&#8217;avaluaci\u00f3 corresponents<\/em>).\n<ul class=\"wp-block-list\">\n<li><a href=\"https:\/\/docs.google.com\/spreadsheets\/d\/1N6-r5UU9LZdzPVp1vppWM_so770AdeQk0LlhAFrVdyo\/template\/preview?usp=drive_link\" target=\"_blank\" rel=\"noreferrer noopener\">\u00c0rea de Coneixement del Medi natural, social i cultural<\/a><\/li>\n\n\n\n<li><a href=\"https:\/\/docs.google.com\/spreadsheets\/d\/1bJO9O-7NZMmX4R-Ig6Hj68oyAO_8b7KCGvFM_ETHOJ4\/template\/preview?usp=drive_link\" target=\"_blank\" rel=\"noreferrer noopener\">\u00c0rea de Llengua castellana i literatura i Llengua catalana i literatura<\/a> (amb la incorporaci\u00f3 del <a href=\"https:\/\/projectes.xtec.cat\/nou-curriculum\/orientacions-curriculars\/orientacions-curriculars-llengua-primaria\/\" target=\"_blank\" rel=\"noreferrer noopener\">document d&#8217;orientacions<\/a>)<\/li>\n\n\n\n<li><a href=\"https:\/\/docs.google.com\/spreadsheets\/d\/1Nrr0rXTAk9QXUcdtCsvxIw9D48eKD5IwxT83JynTrYM\/template\/preview?usp=drive_link\" target=\"_blank\" rel=\"noreferrer noopener\">\u00c0rea de Llengua estrangera<\/a><\/li>\n\n\n\n<li><a href=\"https:\/\/docs.google.com\/spreadsheets\/d\/1ayzHrFuvPjcq3v5o99ekQKhIHdvxGUyMKkZd63HxFws\/template\/preview?usp=drive_link\" target=\"_blank\" rel=\"noreferrer noopener\">\u00c0rea de Matem\u00e0tiques<\/a> (amb la incorporaci\u00f3 del <a href=\"https:\/\/projectes.xtec.cat\/nou-curriculum\/orientacions-curriculars\/orientacions-curriculars-de-matematiques-de-primaria\/\" target=\"_blank\" rel=\"noreferrer noopener\">document d&#8217;orientacions<\/a>)<\/li>\n\n\n\n<li><a href=\"https:\/\/docs.google.com\/spreadsheets\/d\/1FNjnbzRmfhJJu_CFqrPR1-jRmPBdM_q7MJsC6o8PLTE\/template\/preview?usp=sharing\" target=\"_blank\" rel=\"noreferrer noopener\">Compet\u00e8ncia Ciutadana<\/a><\/li>\n\n\n\n<li><a href=\"https:\/\/docs.google.com\/spreadsheets\/d\/1xvVYeua_AMXmw9PRjNKMvt2ituQHFYo1l_BMBWNRgwo\/template\/preview?usp=drive_link\" target=\"_blank\" rel=\"noreferrer noopener\">Compet\u00e8ncia Digital<\/a><\/li>\n\n\n\n<li><a href=\"https:\/\/docs.google.com\/spreadsheets\/d\/1igfelVPHACnGdcakopiYRf46wUGCQzQm0pXeu0ewjt4\/template\/preview?usp=drive_link\" target=\"_blank\" rel=\"noreferrer noopener\">Compet\u00e8ncia Personal, social i d&#8217;aprendre a aprendre<\/a><\/li>\n<\/ul>\n<\/li>\n\n\n\n<li>Educaci\u00f3 Secund\u00e0ria\n<ul class=\"wp-block-list\">\n<li><a href=\"https:\/\/docs.google.com\/spreadsheets\/d\/1B78kqEffW2_3Q61si1bQ79M1mN41R5h73MIzlaAebZw\/template\/preview?gid=1309115076#gid=1309115076\" target=\"_blank\" rel=\"noreferrer noopener\">Llengua castellana i literatura i Llengua catalana i literatura<\/a> (amb la incorporaci\u00f3 del <a href=\"https:\/\/projectes.xtec.cat\/nou-curriculum\/orientacions-curriculars\/orientacions-curriculars-llengua-secundaria\/\" target=\"_blank\" rel=\"noreferrer noopener\">document d&#8217;orientacions<\/a>)<\/li>\n<\/ul>\n<\/li>\n<\/ul>\n<\/li>\n<\/ul>\n\n\n\n<ul class=\"wp-block-list\">\n<li><strong>Plantilles per elaborar SA<\/strong>\n<ul class=\"wp-block-list\">\n<li><a href=\"https:\/\/docs.google.com\/spreadsheets\/d\/1DSgjzu3rW-U1RAcvVxPbBDOLYxUk1j-AZpzM6EYN-DA\/template\/preview?usp=drive_link\" target=\"_blank\" rel=\"noreferrer noopener\">Educaci\u00f3 Infantil (2n cicle)<\/a><\/li>\n\n\n\n<li>Educaci\u00f3 Prim\u00e0ria\n<ul class=\"wp-block-list\">\n<li><a href=\"https:\/\/docs.google.com\/spreadsheets\/d\/1WkMmy4DqujuFb4O1EddY-2iyFUzW7KeDZGmgmOdvteQ\/template\/preview?usp=drive_link\" target=\"_blank\" rel=\"noreferrer noopener\">Cicle Inicial<\/a><\/li>\n\n\n\n<li><a href=\"https:\/\/docs.google.com\/spreadsheets\/d\/18DHp_jDeUemM2eaVAnYgf1fBnlbW6SFubA44O4HAusw\/template\/preview?usp=drive_link\" target=\"_blank\" rel=\"noreferrer noopener\">Cicle Mitj\u00e0<\/a><\/li>\n\n\n\n<li><a href=\"https:\/\/docs.google.com\/spreadsheets\/d\/1tLxyj5Zz7tkiqTVCEoun9pIHRptIgback3Canttt2vQ\/template7preview?usp=drive_link\" target=\"_blank\" rel=\"noreferrer noopener\">Cicle Superior<\/a><\/li>\n<\/ul>\n<\/li>\n\n\n\n<li><a href=\"https:\/\/docs.google.com\/spreadsheets\/d\/1bhk40aqN_MLa-0OYKfzunfeX_Liszb-yVAcvUkBbSK0\/template\/preview?usp=drive_link\" target=\"_blank\" rel=\"noreferrer noopener\">Educaci\u00f3 Secund\u00e0ria<\/a><\/li>\n<\/ul>\n<\/li>\n<\/ul>\n\n\n\n<ul class=\"wp-block-list\">\n<li><strong>Plantilles per elaborar Plans individualitzats (PI)<\/strong>\n<ul class=\"wp-block-list\">\n<li><a href=\"https:\/\/docs.google.com\/spreadsheets\/d\/1imvlVLGhJD5vDhVdo6TdV2Lgh0tF9kBKLPbxxJuNv_8\/template\/preview?usp=drive_link\" target=\"_blank\" rel=\"noreferrer noopener\">Projecte Moure x Incloure<\/a><\/li>\n\n\n\n<li><a href=\"https:\/\/docs.google.com\/spreadsheets\/d\/1KRh5MxR0bkp16aHQwcuWd1QINJOuwYBmH8cN_joSg4Q\/template\/preview?usp=drive_link\" target=\"_blank\" rel=\"noreferrer noopener\">Educaci\u00f3 Prim\u00e0ria<\/a><\/li>\n\n\n\n<li><a href=\"https:\/\/docs.google.com\/spreadsheets\/d\/1oRq3i39mgbURD109gEOxE3j0S8WZgE1wnAUpIQ2R3E8\/template\/preview?usp=drive_link\" target=\"_blank\" rel=\"noreferrer noopener\">Educaci\u00f3 Secund\u00e0ria<\/a><\/li>\n<\/ul>\n<\/li>\n<\/ul>\n\n\n\n<p><\/p>\n","protected":false},"excerpt":{"rendered":"<p>En aquest men\u00fa trobeu enlla\u00e7os als elements normatius, documents d&#8217;orientacions i suport per desenvolupar la tasca docent segons els curr\u00edculums vigents. D&#8217;una banda, als publicats pel Departament i per l&#8217;altra, als models propis que anem desenvolupant des del Servei Educatiu amb l&#8217;objectiu de facilitar l&#8217;organitzaci\u00f3 i elaboraci\u00f3 de programacions. Model propis (en format full de [&hellip;]<\/p>\n","protected":false},"author":1,"featured_media":0,"parent":0,"menu_order":0,"comment_status":"closed","ping_status":"close","template":"","meta":{"_bbp_topic_count":0,"_bbp_reply_count":0,"_bbp_total_topic_count":0,"_bbp_total_reply_count":0,"_bbp_voice_count":0,"_bbp_anonymous_reply_count":0,"_bbp_topic_count_hidden":0,"_bbp_reply_count_hidden":0,"_bbp_forum_subforum_count":0,"site-sidebar-layout":"default","site-content-layout":"","ast-site-content-layout":"default","site-content-style":"default","site-sidebar-style":"default","ast-global-header-display":"","ast-banner-title-visibility":"","ast-main-header-display":"","ast-hfb-above-header-display":"","ast-hfb-below-header-display":"","ast-hfb-mobile-header-display":"","site-post-title":"","ast-breadcrumbs-content":"","ast-featured-img":"","footer-sml-layout":"","theme-transparent-header-meta":"","adv-header-id-meta":"","stick-header-meta":"","header-above-stick-meta":"","header-main-stick-meta":"","header-below-stick-meta":"","astra-migrate-meta-layouts":"set","ast-page-background-enabled":"default","ast-page-background-meta":{"desktop":{"background-color":"var(--ast-global-color-4)","background-image":"","background-repeat":"repeat","background-position":"center center","background-size":"auto","background-attachment":"scroll","background-type":"","background-media":"","overlay-type":"","overlay-color":"","overlay-opacity":"","overlay-gradient":""},"tablet":{"background-color":"","background-image":"","background-repeat":"repeat","background-position":"center center","background-size":"auto","background-attachment":"scroll","background-type":"","background-media":"","overlay-type":"","overlay-color":"","overlay-opacity":"","overlay-gradient":""},"mobile":{"background-color":"","background-image":"","background-repeat":"repeat","background-position":"center center","background-size":"auto","background-attachment":"scroll","background-type":"","background-media":"","overlay-type":"","overlay-color":"","overlay-opacity":"","overlay-gradient":""}},"ast-content-background-meta":{"desktop":{"background-color":"var(--ast-global-color-5)","background-image":"","background-repeat":"repeat","background-position":"center center","background-size":"auto","background-attachment":"scroll","background-type":"","background-media":"","overlay-type":"","overlay-color":"","overlay-opacity":"","overlay-gradient":""},"tablet":{"background-color":"var(--ast-global-color-5)","background-image":"","background-repeat":"repeat","background-position":"center center","background-size":"auto","background-attachment":"scroll","background-type":"","background-media":"","overlay-type":"","overlay-color":"","overlay-opacity":"","overlay-gradient":""},"mobile":{"background-color":"var(--ast-global-color-5)","background-image":"","background-repeat":"repeat","background-position":"center center","background-size":"auto","background-attachment":"scroll","background-type":"","background-media":"","overlay-type":"","overlay-color":"","overlay-opacity":"","overlay-gradient":""}},"footnotes":""},"class_list":["post-18565","page","type-page","status-publish","hentry"],"post_mailing_queue_ids":[],"_links":{"self":[{"href":"https:\/\/serveiseducatius.xtec.cat\/vallesoccidental3\/wp-json\/wp\/v2\/pages\/18565","targetHints":{"allow":["GET"]}}],"collection":[{"href":"https:\/\/serveiseducatius.xtec.cat\/vallesoccidental3\/wp-json\/wp\/v2\/pages"}],"about":[{"href":"https:\/\/serveiseducatius.xtec.cat\/vallesoccidental3\/wp-json\/wp\/v2\/types\/page"}],"author":[{"embeddable":true,"href":"https:\/\/serveiseducatius.xtec.cat\/vallesoccidental3\/wp-json\/wp\/v2\/users\/1"}],"replies":[{"embeddable":true,"href":"https:\/\/serveiseducatius.xtec.cat\/vallesoccidental3\/wp-json\/wp\/v2\/comments?post=18565"}],"version-history":[{"count":6,"href":"https:\/\/serveiseducatius.xtec.cat\/vallesoccidental3\/wp-json\/wp\/v2\/pages\/18565\/revisions"}],"predecessor-version":[{"id":18596,"href":"https:\/\/serveiseducatius.xtec.cat\/vallesoccidental3\/wp-json\/wp\/v2\/pages\/18565\/revisions\/18596"}],"wp:attachment":[{"href":"https:\/\/serveiseducatius.xtec.cat\/vallesoccidental3\/wp-json\/wp\/v2\/media?parent=18565"}],"curies":[{"name":"wp","href":"https:\/\/api.w.org\/{rel}","templated":true}]}}