{"id":9906,"date":"2022-10-03T10:41:41","date_gmt":"2022-10-03T08:41:41","guid":{"rendered":"https:\/\/serveiseducatius.xtec.cat\/vallesoccidental2\/?page_id=9906"},"modified":"2024-06-13T09:12:02","modified_gmt":"2024-06-13T07:12:02","slug":"horari","status":"publish","type":"page","link":"https:\/\/serveiseducatius.xtec.cat\/vallesoccidental2\/horari\/","title":{"rendered":"Horari"},"content":{"rendered":"<p><strong>Horari d\u2019Atenci\u00f3 Telef\u00f2nica:<\/strong> Dimarts i Dijous de 9h a 14h.<\/p>\n<p><strong>Horari d\u2019Atenci\u00f3 al P\u00fablic Presencial:<\/strong> Concertar pr\u00e8viament entrevista per tel\u00e8fon.<\/p>\n<p><strong>Tel\u00e8fon:<\/strong> 937 35 30 56<\/p>\n<p><strong>Correu electr\u00f2nic:<\/strong> a8900269@xtec.cat<\/p>\n","protected":false},"excerpt":{"rendered":"<p>Horari d\u2019Atenci\u00f3 Telef\u00f2nica: Dimarts i Dijous de 9h a 14h. Horari d\u2019Atenci\u00f3 al P\u00fablic Presencial: Concertar pr\u00e8viament entrevista per tel\u00e8fon. Tel\u00e8fon: 937 35 30 56 Correu electr\u00f2nic: a8900269@xtec.cat<\/p>\n","protected":false},"author":7,"featured_media":0,"parent":0,"menu_order":0,"comment_status":"closed","ping_status":"closed","template":"","meta":{"_bbp_topic_count":0,"_bbp_reply_count":0,"_bbp_total_topic_count":0,"_bbp_total_reply_count":0,"_bbp_voice_count":0,"_bbp_anonymous_reply_count":0,"_bbp_topic_count_hidden":0,"_bbp_reply_count_hidden":0,"_bbp_forum_subforum_count":0,"site-sidebar-layout":"default","site-content-layout":"","ast-site-content-layout":"","site-content-style":"default","site-sidebar-style":"default","ast-global-header-display":"","ast-banner-title-visibility":"","ast-main-header-display":"","ast-hfb-above-header-display":"","ast-hfb-below-header-display":"","ast-hfb-mobile-header-display":"","site-post-title":"","ast-breadcrumbs-content":"","ast-featured-img":"","footer-sml-layout":"","theme-transparent-header-meta":"","adv-header-id-meta":"","stick-header-meta":"","header-above-stick-meta":"","header-main-stick-meta":"","header-below-stick-meta":"","astra-migrate-meta-layouts":"default","ast-page-background-enabled":"default","ast-page-background-meta":{"desktop":{"background-color":"var(--ast-global-color-4)","background-image":"","background-repeat":"repeat","background-position":"center center","background-size":"auto","background-attachment":"scroll","background-type":"","background-media":"","overlay-type":"","overlay-color":"","overlay-opacity":"","overlay-gradient":""},"tablet":{"background-color":"","background-image":"","background-repeat":"repeat","background-position":"center center","background-size":"auto","background-attachment":"scroll","background-type":"","background-media":"","overlay-type":"","overlay-color":"","overlay-opacity":"","overlay-gradient":""},"mobile":{"background-color":"","background-image":"","background-repeat":"repeat","background-position":"center center","background-size":"auto","background-attachment":"scroll","background-type":"","background-media":"","overlay-type":"","overlay-color":"","overlay-opacity":"","overlay-gradient":""}},"ast-content-background-meta":{"desktop":{"background-color":"var(--ast-global-color-5)","background-image":"","background-repeat":"repeat","background-position":"center center","background-size":"auto","background-attachment":"scroll","background-type":"","background-media":"","overlay-type":"","overlay-color":"","overlay-opacity":"","overlay-gradient":""},"tablet":{"background-color":"var(--ast-global-color-5)","background-image":"","background-repeat":"repeat","background-position":"center center","background-size":"auto","background-attachment":"scroll","background-type":"","background-media":"","overlay-type":"","overlay-color":"","overlay-opacity":"","overlay-gradient":""},"mobile":{"background-color":"var(--ast-global-color-5)","background-image":"","background-repeat":"repeat","background-position":"center center","background-size":"auto","background-attachment":"scroll","background-type":"","background-media":"","overlay-type":"","overlay-color":"","overlay-opacity":"","overlay-gradient":""}},"footnotes":""},"class_list":["post-9906","page","type-page","status-publish","hentry"],"post_mailing_queue_ids":[],"_links":{"self":[{"href":"https:\/\/serveiseducatius.xtec.cat\/vallesoccidental2\/wp-json\/wp\/v2\/pages\/9906","targetHints":{"allow":["GET"]}}],"collection":[{"href":"https:\/\/serveiseducatius.xtec.cat\/vallesoccidental2\/wp-json\/wp\/v2\/pages"}],"about":[{"href":"https:\/\/serveiseducatius.xtec.cat\/vallesoccidental2\/wp-json\/wp\/v2\/types\/page"}],"author":[{"embeddable":true,"href":"https:\/\/serveiseducatius.xtec.cat\/vallesoccidental2\/wp-json\/wp\/v2\/users\/7"}],"replies":[{"embeddable":true,"href":"https:\/\/serveiseducatius.xtec.cat\/vallesoccidental2\/wp-json\/wp\/v2\/comments?post=9906"}],"version-history":[{"count":3,"href":"https:\/\/serveiseducatius.xtec.cat\/vallesoccidental2\/wp-json\/wp\/v2\/pages\/9906\/revisions"}],"predecessor-version":[{"id":11120,"href":"https:\/\/serveiseducatius.xtec.cat\/vallesoccidental2\/wp-json\/wp\/v2\/pages\/9906\/revisions\/11120"}],"wp:attachment":[{"href":"https:\/\/serveiseducatius.xtec.cat\/vallesoccidental2\/wp-json\/wp\/v2\/media?parent=9906"}],"curies":[{"name":"wp","href":"https:\/\/api.w.org\/{rel}","templated":true}]}}