{"id":8509,"date":"2020-05-04T23:28:13","date_gmt":"2020-05-04T21:28:13","guid":{"rendered":"http:\/\/serveiseducatius.xtec.cat\/vallesoccidental2\/?page_id=8509"},"modified":"2020-09-17T17:39:14","modified_gmt":"2020-09-17T15:39:14","slug":"pla-de-formacio-de-zona","status":"publish","type":"page","link":"https:\/\/serveiseducatius.xtec.cat\/vallesoccidental2\/formacio\/pla-de-formacio-de-zona\/","title":{"rendered":"Pla de formaci\u00f3 de zona"},"content":{"rendered":"<p><a href=\"http:\/\/serveiseducatius.xtec.cat\/vallesoccidental2\/wp-content\/uploads\/usu1116\/2015\/11\/pfz.jpg\"><img loading=\"lazy\" decoding=\"async\" class=\" aire wp-image-422 alignright\" src=\"http:\/\/serveiseducatius.xtec.cat\/vallesoccidental2\/wp-content\/uploads\/usu1116\/2015\/11\/pfz.jpg\" alt=\"pfz\" width=\"142\" height=\"108\" srcset=\"https:\/\/serveiseducatius.xtec.cat\/vallesoccidental2\/wp-content\/uploads\/usu1116\/2015\/11\/pfz.jpg 258w, https:\/\/serveiseducatius.xtec.cat\/vallesoccidental2\/wp-content\/uploads\/usu1116\/2015\/11\/pfz-200x150.jpg 200w\" sizes=\"auto, (max-width: 142px) 100vw, 142px\" \/><\/a>El Departament d\u2019Ensenyament ha establert un conjunt de l\u00ednies de formaci\u00f3 permanent per donar resposta a les necessitats de formaci\u00f3 permanent dels centres educatius i dels docents de Catalunya.\u00a0<strong>El Pla de Formaci\u00f3 de Zona (PFZ) de Terrassa<\/strong>\u00a0\u00e9s la planificaci\u00f3 a nivell comarcal de la formaci\u00f3 permanent del professorat, la qual incorpora les activitats de formaci\u00f3 en centre i altres activitats adre\u00e7ades a tot el professorat de la comarca. El professorat hi participa a trav\u00e9s del proc\u00e9s de detecci\u00f3 de necessitats (<a href=\"http:\/\/serveiseducatius.xtec.cat\/vallesoccidental2\/formacio\/deteccio-necessitats\/\">demandes formatives<\/a>) i mitjan\u00e7ant la seva representaci\u00f3 en la\u00a0<a href=\"https:\/\/serveiseducatius.xtec.cat\/vallesoccidental2\/categoria\/formacio\/pfz\/#\">comissi\u00f3 del PFZ<\/a>\u00a0de\u00a0(lloc).<\/p>\n","protected":false},"excerpt":{"rendered":"<p>El Departament d\u2019Ensenyament ha establert un conjunt de l\u00ednies de formaci\u00f3 permanent per donar resposta a les necessitats de formaci\u00f3 permanent dels centres educatius i dels docents de Catalunya.\u00a0El Pla de Formaci\u00f3 de Zona (PFZ) de Terrassa\u00a0\u00e9s la planificaci\u00f3 a nivell comarcal de la formaci\u00f3 permanent del professorat, la qual incorpora les activitats de formaci\u00f3 [&hellip;]<\/p>\n","protected":false},"author":7,"featured_media":0,"parent":416,"menu_order":10,"comment_status":"closed","ping_status":"closed","template":"","meta":{"_bbp_topic_count":0,"_bbp_reply_count":0,"_bbp_total_topic_count":0,"_bbp_total_reply_count":0,"_bbp_voice_count":0,"_bbp_anonymous_reply_count":0,"_bbp_topic_count_hidden":0,"_bbp_reply_count_hidden":0,"_bbp_forum_subforum_count":0,"site-sidebar-layout":"default","site-content-layout":"","ast-site-content-layout":"","site-content-style":"default","site-sidebar-style":"default","ast-global-header-display":"","ast-banner-title-visibility":"","ast-main-header-display":"","ast-hfb-above-header-display":"","ast-hfb-below-header-display":"","ast-hfb-mobile-header-display":"","site-post-title":"","ast-breadcrumbs-content":"","ast-featured-img":"","footer-sml-layout":"","theme-transparent-header-meta":"","adv-header-id-meta":"","stick-header-meta":"","header-above-stick-meta":"","header-main-stick-meta":"","header-below-stick-meta":"","astra-migrate-meta-layouts":"default","ast-page-background-enabled":"default","ast-page-background-meta":{"desktop":{"background-color":"var(--ast-global-color-4)","background-image":"","background-repeat":"repeat","background-position":"center center","background-size":"auto","background-attachment":"scroll","background-type":"","background-media":"","overlay-type":"","overlay-color":"","overlay-opacity":"","overlay-gradient":""},"tablet":{"background-color":"","background-image":"","background-repeat":"repeat","background-position":"center center","background-size":"auto","background-attachment":"scroll","background-type":"","background-media":"","overlay-type":"","overlay-color":"","overlay-opacity":"","overlay-gradient":""},"mobile":{"background-color":"","background-image":"","background-repeat":"repeat","background-position":"center center","background-size":"auto","background-attachment":"scroll","background-type":"","background-media":"","overlay-type":"","overlay-color":"","overlay-opacity":"","overlay-gradient":""}},"ast-content-background-meta":{"desktop":{"background-color":"var(--ast-global-color-5)","background-image":"","background-repeat":"repeat","background-position":"center center","background-size":"auto","background-attachment":"scroll","background-type":"","background-media":"","overlay-type":"","overlay-color":"","overlay-opacity":"","overlay-gradient":""},"tablet":{"background-color":"var(--ast-global-color-5)","background-image":"","background-repeat":"repeat","background-position":"center center","background-size":"auto","background-attachment":"scroll","background-type":"","background-media":"","overlay-type":"","overlay-color":"","overlay-opacity":"","overlay-gradient":""},"mobile":{"background-color":"var(--ast-global-color-5)","background-image":"","background-repeat":"repeat","background-position":"center center","background-size":"auto","background-attachment":"scroll","background-type":"","background-media":"","overlay-type":"","overlay-color":"","overlay-opacity":"","overlay-gradient":""}},"footnotes":""},"class_list":["post-8509","page","type-page","status-publish","hentry"],"post_mailing_queue_ids":[],"_links":{"self":[{"href":"https:\/\/serveiseducatius.xtec.cat\/vallesoccidental2\/wp-json\/wp\/v2\/pages\/8509","targetHints":{"allow":["GET"]}}],"collection":[{"href":"https:\/\/serveiseducatius.xtec.cat\/vallesoccidental2\/wp-json\/wp\/v2\/pages"}],"about":[{"href":"https:\/\/serveiseducatius.xtec.cat\/vallesoccidental2\/wp-json\/wp\/v2\/types\/page"}],"author":[{"embeddable":true,"href":"https:\/\/serveiseducatius.xtec.cat\/vallesoccidental2\/wp-json\/wp\/v2\/users\/7"}],"replies":[{"embeddable":true,"href":"https:\/\/serveiseducatius.xtec.cat\/vallesoccidental2\/wp-json\/wp\/v2\/comments?post=8509"}],"version-history":[{"count":3,"href":"https:\/\/serveiseducatius.xtec.cat\/vallesoccidental2\/wp-json\/wp\/v2\/pages\/8509\/revisions"}],"predecessor-version":[{"id":9231,"href":"https:\/\/serveiseducatius.xtec.cat\/vallesoccidental2\/wp-json\/wp\/v2\/pages\/8509\/revisions\/9231"}],"up":[{"embeddable":true,"href":"https:\/\/serveiseducatius.xtec.cat\/vallesoccidental2\/wp-json\/wp\/v2\/pages\/416"}],"wp:attachment":[{"href":"https:\/\/serveiseducatius.xtec.cat\/vallesoccidental2\/wp-json\/wp\/v2\/media?parent=8509"}],"curies":[{"name":"wp","href":"https:\/\/api.w.org\/{rel}","templated":true}]}}