{"id":8503,"date":"2020-05-04T23:07:52","date_gmt":"2020-05-04T21:07:52","guid":{"rendered":"http:\/\/serveiseducatius.xtec.cat\/vallesoccidental2\/?page_id=8503"},"modified":"2020-05-05T00:03:19","modified_gmt":"2020-05-04T22:03:19","slug":"valoracio-duna-formacio","status":"publish","type":"page","link":"https:\/\/serveiseducatius.xtec.cat\/vallesoccidental2\/formacio\/gestio\/valoracio-duna-formacio\/","title":{"rendered":"Valoraci\u00f3 d&#8217;una formaci\u00f3"},"content":{"rendered":"<h2>Valoraci\u00f3 d&#8217;una activitat de formaci\u00f3<\/h2>\n<table width=\"100%\">\n<tbody>\n<tr>\n<td>\n<div dir=\"ltr\">\n<div dir=\"ltr\">\n<div dir=\"ltr\">\n<div dir=\"ltr\">\n<div dir=\"ltr\">\n<div dir=\"ltr\">\n<div dir=\"ltr\">\n<div>Per tal de realitzar la valoraci\u00f3 de les activitats de formaci\u00f3, necess\u00e0ria per tal que des del CRP puguem activar el tancament de l&#8217;activitat i, per tant, emetre els certificats de formaci\u00f3 corresponents, cal seguir aquestes instruccions:<\/div>\n<div>\n<ol>\n<li dir=\"ltr\">\n<p dir=\"ltr\">Entra en aquesta p\u00e0gina de la XTEC: \u00a0(Formaci\u00f3 \/ Les meves activitats): <a href=\"http:\/\/xtec.gencat.cat\/ca\/formacio\/la-meva-formacio\/les-meves-activitats\" target=\"_blank\" rel=\"noopener noreferrer\">http:\/\/xtec.gencat.cat\/ca\/formacio\/la-meva-formacio\/les-meves-activitats<\/a><\/p>\n<\/li>\n<li dir=\"ltr\">\n<p dir=\"ltr\">Identifica\u2019t amb el teu nom d\u2019usuari i la teva contrasenya de la XTEC. \u00a0(ATENCI\u00d3: les teves dades <strong>NO <\/strong>s\u2019enregistraran quan responguis el q\u00fcestionari). Fes clic a &#8220;Revisa sol\u00b7licituds amb usuari XTEC&#8221;.<\/p>\n<\/li>\n<li dir=\"ltr\">\n<p dir=\"ltr\">Fixa\u2019t que a la dreta de les dades de l\u2019activitat de formaci\u00f3 (com a la imatge de mostra) surt el bot\u00f3 d\u2018acc\u00e9s al <strong>Q\u00fcestionari per als Assistents<\/strong>. Clica-hi.<\/p>\n<\/li>\n<\/ol>\n<\/div>\n<\/div>\n<\/div>\n<\/div>\n<\/div>\n<\/div>\n<\/div>\n<\/div>\n<div dir=\"ltr\">\n<div dir=\"ltr\">\n<div dir=\"ltr\">\n<div dir=\"ltr\">\n<div dir=\"ltr\">\n<div dir=\"ltr\">\n<div dir=\"ltr\">\n<div>\n<p dir=\"ltr\"><img loading=\"lazy\" decoding=\"async\" class=\"CToWUd\" src=\"https:\/\/lh5.googleusercontent.com\/weW9Lo-uvHfdumoG9q8M65CYDbyKRbqD4Ej36l_ZKAYUlLkkE50Lshm65UYByFsxo0xFeL2mjA9MyBhmVSu1ALgbBV1t-uKde-hAzYz1_Qeh90JSwgOsf7XQNg9J90sKVSngtBFq\" alt=\"\" width=\"687\" height=\"153\" \/><\/p>\n<p>Despr\u00e9s d\u2019una informaci\u00f3 sobre l\u2019anonimat de les teves respostes, podr\u00e0s accedir al q\u00fcestionari. \u00a0En acabar el formulari, fes clic al bot\u00f3 <strong>Enviar<\/strong> del final<strong>. Des del Centre de Recursos desconeixem l&#8217;autor de cada resposta, per\u00f2 tenim const\u00e0ncia de qui ha respost i qui no.<\/strong><\/p>\n<\/div>\n<div>Gr\u00e0cies per la teva col\u00b7laboraci\u00f3<\/div>\n<\/div>\n<\/div>\n<\/div>\n<\/div>\n<\/div>\n<\/div>\n<\/div>\n<\/td>\n<\/tr>\n<\/tbody>\n<\/table>\n","protected":false},"excerpt":{"rendered":"<p>Valoraci\u00f3 d&#8217;una activitat de formaci\u00f3 Per tal de realitzar la valoraci\u00f3 de les activitats de formaci\u00f3, necess\u00e0ria per tal que des del CRP puguem activar el tancament de l&#8217;activitat i, per tant, emetre els certificats de formaci\u00f3 corresponents, cal seguir aquestes instruccions: Entra en aquesta p\u00e0gina de la XTEC: \u00a0(Formaci\u00f3 \/ Les meves activitats): http:\/\/xtec.gencat.cat\/ca\/formacio\/la-meva-formacio\/les-meves-activitats [&hellip;]<\/p>\n","protected":false},"author":7,"featured_media":0,"parent":8515,"menu_order":23,"comment_status":"closed","ping_status":"closed","template":"page-templates\/side-menu.php","meta":{"_bbp_topic_count":0,"_bbp_reply_count":0,"_bbp_total_topic_count":0,"_bbp_total_reply_count":0,"_bbp_voice_count":0,"_bbp_anonymous_reply_count":0,"_bbp_topic_count_hidden":0,"_bbp_reply_count_hidden":0,"_bbp_forum_subforum_count":0,"site-sidebar-layout":"default","site-content-layout":"","ast-site-content-layout":"","site-content-style":"default","site-sidebar-style":"default","ast-global-header-display":"","ast-banner-title-visibility":"","ast-main-header-display":"","ast-hfb-above-header-display":"","ast-hfb-below-header-display":"","ast-hfb-mobile-header-display":"","site-post-title":"","ast-breadcrumbs-content":"","ast-featured-img":"","footer-sml-layout":"","theme-transparent-header-meta":"","adv-header-id-meta":"","stick-header-meta":"","header-above-stick-meta":"","header-main-stick-meta":"","header-below-stick-meta":"","astra-migrate-meta-layouts":"default","ast-page-background-enabled":"default","ast-page-background-meta":{"desktop":{"background-color":"var(--ast-global-color-4)","background-image":"","background-repeat":"repeat","background-position":"center center","background-size":"auto","background-attachment":"scroll","background-type":"","background-media":"","overlay-type":"","overlay-color":"","overlay-opacity":"","overlay-gradient":""},"tablet":{"background-color":"","background-image":"","background-repeat":"repeat","background-position":"center center","background-size":"auto","background-attachment":"scroll","background-type":"","background-media":"","overlay-type":"","overlay-color":"","overlay-opacity":"","overlay-gradient":""},"mobile":{"background-color":"","background-image":"","background-repeat":"repeat","background-position":"center center","background-size":"auto","background-attachment":"scroll","background-type":"","background-media":"","overlay-type":"","overlay-color":"","overlay-opacity":"","overlay-gradient":""}},"ast-content-background-meta":{"desktop":{"background-color":"var(--ast-global-color-5)","background-image":"","background-repeat":"repeat","background-position":"center center","background-size":"auto","background-attachment":"scroll","background-type":"","background-media":"","overlay-type":"","overlay-color":"","overlay-opacity":"","overlay-gradient":""},"tablet":{"background-color":"var(--ast-global-color-5)","background-image":"","background-repeat":"repeat","background-position":"center center","background-size":"auto","background-attachment":"scroll","background-type":"","background-media":"","overlay-type":"","overlay-color":"","overlay-opacity":"","overlay-gradient":""},"mobile":{"background-color":"var(--ast-global-color-5)","background-image":"","background-repeat":"repeat","background-position":"center center","background-size":"auto","background-attachment":"scroll","background-type":"","background-media":"","overlay-type":"","overlay-color":"","overlay-opacity":"","overlay-gradient":""}},"footnotes":""},"class_list":["post-8503","page","type-page","status-publish","hentry"],"post_mailing_queue_ids":[],"_links":{"self":[{"href":"https:\/\/serveiseducatius.xtec.cat\/vallesoccidental2\/wp-json\/wp\/v2\/pages\/8503","targetHints":{"allow":["GET"]}}],"collection":[{"href":"https:\/\/serveiseducatius.xtec.cat\/vallesoccidental2\/wp-json\/wp\/v2\/pages"}],"about":[{"href":"https:\/\/serveiseducatius.xtec.cat\/vallesoccidental2\/wp-json\/wp\/v2\/types\/page"}],"author":[{"embeddable":true,"href":"https:\/\/serveiseducatius.xtec.cat\/vallesoccidental2\/wp-json\/wp\/v2\/users\/7"}],"replies":[{"embeddable":true,"href":"https:\/\/serveiseducatius.xtec.cat\/vallesoccidental2\/wp-json\/wp\/v2\/comments?post=8503"}],"version-history":[{"count":3,"href":"https:\/\/serveiseducatius.xtec.cat\/vallesoccidental2\/wp-json\/wp\/v2\/pages\/8503\/revisions"}],"predecessor-version":[{"id":9331,"href":"https:\/\/serveiseducatius.xtec.cat\/vallesoccidental2\/wp-json\/wp\/v2\/pages\/8503\/revisions\/9331"}],"up":[{"embeddable":true,"href":"https:\/\/serveiseducatius.xtec.cat\/vallesoccidental2\/wp-json\/wp\/v2\/pages\/8515"}],"wp:attachment":[{"href":"https:\/\/serveiseducatius.xtec.cat\/vallesoccidental2\/wp-json\/wp\/v2\/media?parent=8503"}],"curies":[{"name":"wp","href":"https:\/\/api.w.org\/{rel}","templated":true}]}}