{"id":8442,"date":"2020-05-01T23:24:25","date_gmt":"2020-05-01T21:24:25","guid":{"rendered":"http:\/\/serveiseducatius.xtec.cat\/vallesoccidental2\/?page_id=8442"},"modified":"2020-05-01T23:54:23","modified_gmt":"2020-05-01T21:54:23","slug":"web-educacio-terrassa","status":"publish","type":"page","link":"https:\/\/serveiseducatius.xtec.cat\/vallesoccidental2\/comunitat\/institucions-i-entitats\/web-educacio-terrassa\/","title":{"rendered":"Web educaci\u00f3 Terrassa"},"content":{"rendered":"<p>Informaci\u00f3 sobre l&#8217; Oficina Municipal d&#8217; escolaritzaci\u00f3, guies d&#8217;activitats, cat\u00e0leg de centre, portes obertes&#8230;<\/p>\n<ul>\n<li><a href=\"https:\/\/www.terrassa.cat\/educacio\">Web educaci\u00f3 Ajuntament de Terrassa<\/a><\/li>\n<\/ul>\n<p><a href=\"https:\/\/www.terrassa.cat\/educacio\"><img loading=\"lazy\" decoding=\"async\" class=\"aligncenter size-large wp-image-8449\" src=\"https:\/\/serveiseducatius.xtec.cat\/vallesoccidental2\/wp-content\/uploads\/usu1116\/2020\/05\/1-2-1024x462.jpg\" alt=\"\" width=\"1024\" height=\"462\" srcset=\"https:\/\/serveiseducatius.xtec.cat\/vallesoccidental2\/wp-content\/uploads\/usu1116\/2020\/05\/1-2-1024x462.jpg 1024w, https:\/\/serveiseducatius.xtec.cat\/vallesoccidental2\/wp-content\/uploads\/usu1116\/2020\/05\/1-2-300x135.jpg 300w, https:\/\/serveiseducatius.xtec.cat\/vallesoccidental2\/wp-content\/uploads\/usu1116\/2020\/05\/1-2-768x346.jpg 768w, https:\/\/serveiseducatius.xtec.cat\/vallesoccidental2\/wp-content\/uploads\/usu1116\/2020\/05\/1-2.jpg 1162w\" sizes=\"auto, (max-width: 1024px) 100vw, 1024px\" \/><\/a><\/p>\n<ul>\n<li><a href=\"https:\/\/www.terrassa.cat\/escolaritzacio-ome\">OME<\/a><\/li>\n<\/ul>\n<p><a href=\"https:\/\/www.terrassa.cat\/escolaritzacio-ome\"><img loading=\"lazy\" decoding=\"async\" class=\"aligncenter size-large wp-image-8448\" src=\"https:\/\/serveiseducatius.xtec.cat\/vallesoccidental2\/wp-content\/uploads\/usu1116\/2020\/05\/T2-1-1024x468.jpg\" alt=\"\" width=\"1024\" height=\"468\" srcset=\"https:\/\/serveiseducatius.xtec.cat\/vallesoccidental2\/wp-content\/uploads\/usu1116\/2020\/05\/T2-1-1024x468.jpg 1024w, https:\/\/serveiseducatius.xtec.cat\/vallesoccidental2\/wp-content\/uploads\/usu1116\/2020\/05\/T2-1-300x137.jpg 300w, https:\/\/serveiseducatius.xtec.cat\/vallesoccidental2\/wp-content\/uploads\/usu1116\/2020\/05\/T2-1-768x351.jpg 768w, https:\/\/serveiseducatius.xtec.cat\/vallesoccidental2\/wp-content\/uploads\/usu1116\/2020\/05\/T2-1.jpg 1199w\" sizes=\"auto, (max-width: 1024px) 100vw, 1024px\" \/><\/a><\/p>\n<ul>\n<li>\n<h5><span style=\"text-decoration: underline; color: #000000;\"><strong>Calendari portes obertes<\/strong><\/span><\/h5>\n<\/li>\n<\/ul>\n<p><a href=\"https:\/\/www.terrassa.cat\/documents\/12006\/230694\/Portes_Obertes_curs_2020-21.pdf\"><strong>Calendari de Portes Obertes als centres de Prim\u00e0ria i Secund\u00e0ria P\u00fablics, Privats i Concertats.<\/strong><\/a><\/p>\n<p><a href=\"https:\/\/www.terrassa.cat\/documents\/12006\/230694\/Portes_Obertes_curs_2020-21.pdf\"><img loading=\"lazy\" decoding=\"async\" class=\"aligncenter wp-image-8450\" src=\"https:\/\/serveiseducatius.xtec.cat\/vallesoccidental2\/wp-content\/uploads\/usu1116\/2020\/05\/1-3.jpg\" alt=\"\" width=\"586\" height=\"333\" srcset=\"https:\/\/serveiseducatius.xtec.cat\/vallesoccidental2\/wp-content\/uploads\/usu1116\/2020\/05\/1-3.jpg 1012w, https:\/\/serveiseducatius.xtec.cat\/vallesoccidental2\/wp-content\/uploads\/usu1116\/2020\/05\/1-3-300x170.jpg 300w, https:\/\/serveiseducatius.xtec.cat\/vallesoccidental2\/wp-content\/uploads\/usu1116\/2020\/05\/1-3-768x436.jpg 768w\" sizes=\"auto, (max-width: 586px) 100vw, 586px\" \/><\/a><\/p>\n<p><a href=\"https:\/\/www.terrassa.cat\/documents\/12006\/231865\/Portes_Obertes_Escoles_Bressol_curs_2020-2021.pdf\"><strong>Calendari de Portes Obertes a les Escoles Bressol i Llars d&#8217;Infants P\u00fabliques<\/strong><\/a><\/p>\n<p><a href=\"https:\/\/www.terrassa.cat\/documents\/12006\/231865\/Portes_Obertes_Escoles_Bressol_curs_2020-2021.pdf\"><img loading=\"lazy\" decoding=\"async\" class=\"aligncenter size-large wp-image-8451\" src=\"https:\/\/serveiseducatius.xtec.cat\/vallesoccidental2\/wp-content\/uploads\/usu1116\/2020\/05\/1-4.jpg\" alt=\"\" width=\"451\" height=\"447\" srcset=\"https:\/\/serveiseducatius.xtec.cat\/vallesoccidental2\/wp-content\/uploads\/usu1116\/2020\/05\/1-4.jpg 451w, https:\/\/serveiseducatius.xtec.cat\/vallesoccidental2\/wp-content\/uploads\/usu1116\/2020\/05\/1-4-150x150.jpg 150w, https:\/\/serveiseducatius.xtec.cat\/vallesoccidental2\/wp-content\/uploads\/usu1116\/2020\/05\/1-4-300x297.jpg 300w\" sizes=\"auto, (max-width: 451px) 100vw, 451px\" \/><\/a><\/p>\n<ul>\n<li>\n<h6><a href=\"https:\/\/www.terrassa.cat\/documents\/12006\/230694\/Cataleg_centres_2020_web.pdf\"><strong><span style=\"color: #000000;\">Cat\u00e0leg de centres<\/span><\/strong><\/a><\/h6>\n<\/li>\n<\/ul>\n<p><a href=\"https:\/\/www.terrassa.cat\/documents\/12006\/230694\/Cataleg_centres_2020_web.pdf\"><img loading=\"lazy\" decoding=\"async\" class=\"aligncenter size-full wp-image-8452\" src=\"https:\/\/serveiseducatius.xtec.cat\/vallesoccidental2\/wp-content\/uploads\/usu1116\/2020\/05\/1-5.jpg\" alt=\"\" width=\"583\" height=\"526\" srcset=\"https:\/\/serveiseducatius.xtec.cat\/vallesoccidental2\/wp-content\/uploads\/usu1116\/2020\/05\/1-5.jpg 583w, https:\/\/serveiseducatius.xtec.cat\/vallesoccidental2\/wp-content\/uploads\/usu1116\/2020\/05\/1-5-300x271.jpg 300w\" sizes=\"auto, (max-width: 583px) 100vw, 583px\" \/><\/a><\/p>\n","protected":false},"excerpt":{"rendered":"<p>Informaci\u00f3 sobre l&#8217; Oficina Municipal d&#8217; escolaritzaci\u00f3, guies d&#8217;activitats, cat\u00e0leg de centre, portes obertes&#8230; Web educaci\u00f3 Ajuntament de Terrassa OME Calendari portes obertes Calendari de Portes Obertes als centres de Prim\u00e0ria i Secund\u00e0ria P\u00fablics, Privats i Concertats. Calendari de Portes Obertes a les Escoles Bressol i Llars d&#8217;Infants P\u00fabliques Cat\u00e0leg de centres<\/p>\n","protected":false},"author":7,"featured_media":0,"parent":343,"menu_order":20,"comment_status":"closed","ping_status":"closed","template":"page-templates\/side-menu.php","meta":{"_bbp_topic_count":0,"_bbp_reply_count":0,"_bbp_total_topic_count":0,"_bbp_total_reply_count":0,"_bbp_voice_count":0,"_bbp_anonymous_reply_count":0,"_bbp_topic_count_hidden":0,"_bbp_reply_count_hidden":0,"_bbp_forum_subforum_count":0,"site-sidebar-layout":"default","site-content-layout":"","ast-site-content-layout":"","site-content-style":"default","site-sidebar-style":"default","ast-global-header-display":"","ast-banner-title-visibility":"","ast-main-header-display":"","ast-hfb-above-header-display":"","ast-hfb-below-header-display":"","ast-hfb-mobile-header-display":"","site-post-title":"","ast-breadcrumbs-content":"","ast-featured-img":"","footer-sml-layout":"","theme-transparent-header-meta":"","adv-header-id-meta":"","stick-header-meta":"","header-above-stick-meta":"","header-main-stick-meta":"","header-below-stick-meta":"","astra-migrate-meta-layouts":"default","ast-page-background-enabled":"default","ast-page-background-meta":{"desktop":{"background-color":"var(--ast-global-color-4)","background-image":"","background-repeat":"repeat","background-position":"center center","background-size":"auto","background-attachment":"scroll","background-type":"","background-media":"","overlay-type":"","overlay-color":"","overlay-opacity":"","overlay-gradient":""},"tablet":{"background-color":"","background-image":"","background-repeat":"repeat","background-position":"center center","background-size":"auto","background-attachment":"scroll","background-type":"","background-media":"","overlay-type":"","overlay-color":"","overlay-opacity":"","overlay-gradient":""},"mobile":{"background-color":"","background-image":"","background-repeat":"repeat","background-position":"center center","background-size":"auto","background-attachment":"scroll","background-type":"","background-media":"","overlay-type":"","overlay-color":"","overlay-opacity":"","overlay-gradient":""}},"ast-content-background-meta":{"desktop":{"background-color":"var(--ast-global-color-5)","background-image":"","background-repeat":"repeat","background-position":"center center","background-size":"auto","background-attachment":"scroll","background-type":"","background-media":"","overlay-type":"","overlay-color":"","overlay-opacity":"","overlay-gradient":""},"tablet":{"background-color":"var(--ast-global-color-5)","background-image":"","background-repeat":"repeat","background-position":"center center","background-size":"auto","background-attachment":"scroll","background-type":"","background-media":"","overlay-type":"","overlay-color":"","overlay-opacity":"","overlay-gradient":""},"mobile":{"background-color":"var(--ast-global-color-5)","background-image":"","background-repeat":"repeat","background-position":"center center","background-size":"auto","background-attachment":"scroll","background-type":"","background-media":"","overlay-type":"","overlay-color":"","overlay-opacity":"","overlay-gradient":""}},"footnotes":""},"class_list":["post-8442","page","type-page","status-publish","hentry"],"post_mailing_queue_ids":[],"_links":{"self":[{"href":"https:\/\/serveiseducatius.xtec.cat\/vallesoccidental2\/wp-json\/wp\/v2\/pages\/8442","targetHints":{"allow":["GET"]}}],"collection":[{"href":"https:\/\/serveiseducatius.xtec.cat\/vallesoccidental2\/wp-json\/wp\/v2\/pages"}],"about":[{"href":"https:\/\/serveiseducatius.xtec.cat\/vallesoccidental2\/wp-json\/wp\/v2\/types\/page"}],"author":[{"embeddable":true,"href":"https:\/\/serveiseducatius.xtec.cat\/vallesoccidental2\/wp-json\/wp\/v2\/users\/7"}],"replies":[{"embeddable":true,"href":"https:\/\/serveiseducatius.xtec.cat\/vallesoccidental2\/wp-json\/wp\/v2\/comments?post=8442"}],"version-history":[{"count":3,"href":"https:\/\/serveiseducatius.xtec.cat\/vallesoccidental2\/wp-json\/wp\/v2\/pages\/8442\/revisions"}],"predecessor-version":[{"id":8454,"href":"https:\/\/serveiseducatius.xtec.cat\/vallesoccidental2\/wp-json\/wp\/v2\/pages\/8442\/revisions\/8454"}],"up":[{"embeddable":true,"href":"https:\/\/serveiseducatius.xtec.cat\/vallesoccidental2\/wp-json\/wp\/v2\/pages\/343"}],"wp:attachment":[{"href":"https:\/\/serveiseducatius.xtec.cat\/vallesoccidental2\/wp-json\/wp\/v2\/media?parent=8442"}],"curies":[{"name":"wp","href":"https:\/\/api.w.org\/{rel}","templated":true}]}}