{"id":8415,"date":"2020-05-01T16:39:15","date_gmt":"2020-05-01T14:39:15","guid":{"rendered":"http:\/\/serveiseducatius.xtec.cat\/vallesoccidental2\/?page_id=8415"},"modified":"2020-05-01T16:39:55","modified_gmt":"2020-05-01T14:39:55","slug":"escoles-dadults","status":"publish","type":"page","link":"https:\/\/serveiseducatius.xtec.cat\/vallesoccidental2\/comunitat\/centres-educatius\/escoles-dadults\/","title":{"rendered":"Escoles d&#8217;adults"},"content":{"rendered":"<p><a href=\"https:\/\/www.google.com\/search?safe=strict&amp;sa=X&amp;rlz=1C1CHBF_esES864ES864&amp;biw=1366&amp;bih=625&amp;q=centres+d%27educaci%C3%B3+d%27adults+de+terrassa&amp;npsic=0&amp;rflfq=1&amp;rlha=0&amp;rllag=41565560,2015303,1642&amp;tbm=lcl&amp;ved=2ahUKEwiPpvir8ZLpAhUt0uAKHfC3CFoQtgN6BAgLEAQ&amp;tbs=lrf:!1m4!1u3!2m2!3m1!1e1!1m4!1u2!2m2!2m1!1e1!2m1!1e2!2m1!1e3!3sIAE,lf:1,lf_ui:2&amp;rldoc=1\"><img loading=\"lazy\" decoding=\"async\" class=\" wp-image-8416 alignnone\" src=\"https:\/\/serveiseducatius.xtec.cat\/vallesoccidental2\/wp-content\/uploads\/usu1116\/2020\/05\/EA.jpg\" alt=\"\" width=\"459\" height=\"353\" srcset=\"https:\/\/serveiseducatius.xtec.cat\/vallesoccidental2\/wp-content\/uploads\/usu1116\/2020\/05\/EA.jpg 381w, https:\/\/serveiseducatius.xtec.cat\/vallesoccidental2\/wp-content\/uploads\/usu1116\/2020\/05\/EA-300x231.jpg 300w\" sizes=\"auto, (max-width: 459px) 100vw, 459px\" \/><\/a><\/p>\n<p><strong>CFA Anna Muri\u00e0<\/strong><br \/>\nAdre\u00e7a: C. Terque, 76 08225 Terrassa<br \/>\nTel\u00e8fon: 93 780 14 09<br \/>\nAdre\u00e7a electr\u00f2nica: <a href=\"mailto:cfaannamuria@xtec.cat\">cfaannamuria@xtec.cat<\/a><br \/>\nWeb:\u00a0<a href=\"http:\/\/www.cfaannamuria.cat\/\">http:\/\/www.cfaannamuria.cat<\/a><\/p>\n<p><strong>CFA \u00c8gara (Edifici Ca n&#8217;Anglada)<\/strong><br \/>\nAdre\u00e7a: C. Jacint El\u00edas, 147 08222 Terrassa<br \/>\nTel\u00e8fon: 93 786 13 58<br \/>\nAdre\u00e7a electr\u00f2nica: <a href=\"mailto:cfaegara@xtec.cat\">cfaegara@xtec.cat<\/a><br \/>\nWeb:\u00a0<a href=\"http:\/\/www.xtec.net\/cfaegara\/\">http:\/\/www.xtec.net\/cfaegara\/<\/a><\/p>\n<p><strong>CFA \u00c8gara (Edifici \u00c8gara)<\/strong><br \/>\nAdre\u00e7a: Plaza de la Immaculada, 4 08226 Terrassa<br \/>\nTel\u00e8fon: 93 785 76 40<br \/>\nAdre\u00e7a electr\u00f2nica: <a href=\"mailto:cfaegara@xtec.cat\">cfaegara@xtec.cat<\/a><br \/>\nWeb:\u00a0<a href=\"http:\/\/www.xtec.net\/cfaegara\/\">http:\/\/www.xtec.net\/cfaegara\/<\/a><\/p>\n<p><strong>Escola Municipal La Llar<\/strong><br \/>\nAdre\u00e7a: Placeta Rosa Puig, 1 08221 Terrassa<br \/>\nTel\u00e8fon: 93 788 18 86<br \/>\nAdre\u00e7a electr\u00f2nica: <a href=\"mailto:llar@terrassa.cat\">llar@terrassa.cat<\/a><br \/>\nWeb:\u00a0<a href=\"https:\/\/www.terrassa.cat\/escolalallar\">http:\/\/www.terrassa.cat\/escolalallar<\/a><\/p>\n<p><strong>CFA Ramon Llull<\/strong><br \/>\nAdre\u00e7a: C. Atenes, 59 (esq. Mallorca) 08224 Terrassa<br \/>\nTel\u00e8fon: 93 788 79 49<br \/>\nAdre\u00e7a electr\u00f2nica: <a href=\"mailto:cfa-ramonllull@xtec.cat\">cfa-ramonllull@xtec.cat<\/a><br \/>\nWeb:\u00a0<a href=\"http:\/\/www.xtec.cat\/cfa-ramonllull\">http:\/\/www.xtec.cat\/cfa-ramonllull<\/a><\/p>\n<p><strong>CFA Salvador Espriu<\/strong><br \/>\n(Edifici Campus Professional Vallparad\u00eds)<br \/>\nAdre\u00e7a: Badalona, 1 bis. 08223 Terrassa<br \/>\nTel\u00e8fon: 93 784 76 13<br \/>\nAdre\u00e7a electr\u00f2nica: <a href=\"mailto:cfasalvadorespriu@xtec.cat\">cfasalvadorespriu@xtec.cat<\/a><br \/>\nWeb:\u00a0<a href=\"http:\/\/www.cfasalvadorespriu.com\/\">http:\/\/www.cfasalvadorespriu.com<\/a><\/p>\n","protected":false},"excerpt":{"rendered":"<p>CFA Anna Muri\u00e0 Adre\u00e7a: C. Terque, 76 08225 Terrassa Tel\u00e8fon: 93 780 14 09 Adre\u00e7a electr\u00f2nica: cfaannamuria@xtec.cat Web:\u00a0http:\/\/www.cfaannamuria.cat CFA \u00c8gara (Edifici Ca n&#8217;Anglada) Adre\u00e7a: C. Jacint El\u00edas, 147 08222 Terrassa Tel\u00e8fon: 93 786 13 58 Adre\u00e7a electr\u00f2nica: cfaegara@xtec.cat Web:\u00a0http:\/\/www.xtec.net\/cfaegara\/ CFA \u00c8gara (Edifici \u00c8gara) Adre\u00e7a: Plaza de la Immaculada, 4 08226 Terrassa Tel\u00e8fon: 93 785 76 [&hellip;]<\/p>\n","protected":false},"author":7,"featured_media":0,"parent":338,"menu_order":55,"comment_status":"closed","ping_status":"closed","template":"page-templates\/side-menu.php","meta":{"_bbp_topic_count":0,"_bbp_reply_count":0,"_bbp_total_topic_count":0,"_bbp_total_reply_count":0,"_bbp_voice_count":0,"_bbp_anonymous_reply_count":0,"_bbp_topic_count_hidden":0,"_bbp_reply_count_hidden":0,"_bbp_forum_subforum_count":0,"site-sidebar-layout":"default","site-content-layout":"","ast-site-content-layout":"","site-content-style":"default","site-sidebar-style":"default","ast-global-header-display":"","ast-banner-title-visibility":"","ast-main-header-display":"","ast-hfb-above-header-display":"","ast-hfb-below-header-display":"","ast-hfb-mobile-header-display":"","site-post-title":"","ast-breadcrumbs-content":"","ast-featured-img":"","footer-sml-layout":"","theme-transparent-header-meta":"","adv-header-id-meta":"","stick-header-meta":"","header-above-stick-meta":"","header-main-stick-meta":"","header-below-stick-meta":"","astra-migrate-meta-layouts":"default","ast-page-background-enabled":"default","ast-page-background-meta":{"desktop":{"background-color":"var(--ast-global-color-4)","background-image":"","background-repeat":"repeat","background-position":"center center","background-size":"auto","background-attachment":"scroll","background-type":"","background-media":"","overlay-type":"","overlay-color":"","overlay-opacity":"","overlay-gradient":""},"tablet":{"background-color":"","background-image":"","background-repeat":"repeat","background-position":"center center","background-size":"auto","background-attachment":"scroll","background-type":"","background-media":"","overlay-type":"","overlay-color":"","overlay-opacity":"","overlay-gradient":""},"mobile":{"background-color":"","background-image":"","background-repeat":"repeat","background-position":"center center","background-size":"auto","background-attachment":"scroll","background-type":"","background-media":"","overlay-type":"","overlay-color":"","overlay-opacity":"","overlay-gradient":""}},"ast-content-background-meta":{"desktop":{"background-color":"var(--ast-global-color-5)","background-image":"","background-repeat":"repeat","background-position":"center center","background-size":"auto","background-attachment":"scroll","background-type":"","background-media":"","overlay-type":"","overlay-color":"","overlay-opacity":"","overlay-gradient":""},"tablet":{"background-color":"var(--ast-global-color-5)","background-image":"","background-repeat":"repeat","background-position":"center center","background-size":"auto","background-attachment":"scroll","background-type":"","background-media":"","overlay-type":"","overlay-color":"","overlay-opacity":"","overlay-gradient":""},"mobile":{"background-color":"var(--ast-global-color-5)","background-image":"","background-repeat":"repeat","background-position":"center center","background-size":"auto","background-attachment":"scroll","background-type":"","background-media":"","overlay-type":"","overlay-color":"","overlay-opacity":"","overlay-gradient":""}},"footnotes":""},"class_list":["post-8415","page","type-page","status-publish","hentry"],"post_mailing_queue_ids":[],"_links":{"self":[{"href":"https:\/\/serveiseducatius.xtec.cat\/vallesoccidental2\/wp-json\/wp\/v2\/pages\/8415","targetHints":{"allow":["GET"]}}],"collection":[{"href":"https:\/\/serveiseducatius.xtec.cat\/vallesoccidental2\/wp-json\/wp\/v2\/pages"}],"about":[{"href":"https:\/\/serveiseducatius.xtec.cat\/vallesoccidental2\/wp-json\/wp\/v2\/types\/page"}],"author":[{"embeddable":true,"href":"https:\/\/serveiseducatius.xtec.cat\/vallesoccidental2\/wp-json\/wp\/v2\/users\/7"}],"replies":[{"embeddable":true,"href":"https:\/\/serveiseducatius.xtec.cat\/vallesoccidental2\/wp-json\/wp\/v2\/comments?post=8415"}],"version-history":[{"count":1,"href":"https:\/\/serveiseducatius.xtec.cat\/vallesoccidental2\/wp-json\/wp\/v2\/pages\/8415\/revisions"}],"predecessor-version":[{"id":8417,"href":"https:\/\/serveiseducatius.xtec.cat\/vallesoccidental2\/wp-json\/wp\/v2\/pages\/8415\/revisions\/8417"}],"up":[{"embeddable":true,"href":"https:\/\/serveiseducatius.xtec.cat\/vallesoccidental2\/wp-json\/wp\/v2\/pages\/338"}],"wp:attachment":[{"href":"https:\/\/serveiseducatius.xtec.cat\/vallesoccidental2\/wp-json\/wp\/v2\/media?parent=8415"}],"curies":[{"name":"wp","href":"https:\/\/api.w.org\/{rel}","templated":true}]}}