{"id":8367,"date":"2020-04-30T20:19:40","date_gmt":"2020-04-30T18:19:40","guid":{"rendered":"http:\/\/serveiseducatius.xtec.cat\/vallesoccidental2\/?page_id=8367"},"modified":"2020-04-30T20:28:22","modified_gmt":"2020-04-30T18:28:22","slug":"escoles-educacio-infantil-i-primaria-concertada-privada","status":"publish","type":"page","link":"https:\/\/serveiseducatius.xtec.cat\/vallesoccidental2\/comunitat\/centres-educatius\/escoles-educacio-infantil-i-primaria-concertada-privada\/","title":{"rendered":"Escoles Educaci\u00f3 infantil i prim\u00e0ria concertada\/privada"},"content":{"rendered":"<p><a href=\"https:\/\/www.google.com\/search?safe=strict&amp;rlz=1C1CHBF_esES864ES864&amp;q=escoles+primaria+terrassa&amp;npsic=0&amp;rflfq=1&amp;rlha=0&amp;rllag=41573291,2015447,927&amp;tbm=lcl&amp;ved=2ahUKEwiRhcb105DpAhXh8eAKHYFkClYQtgN6BAgJEAQ&amp;tbs=lrf:!1m4!1u3!2m2!3m1!1e1!1m4!1u2!2m2!2m1!1e1!2m1!1e2!2m1!1e3!3sIAE,lf:1,lf_ui:2&amp;rldoc=1\"><img loading=\"lazy\" decoding=\"async\" class=\"wp-image-8368 alignnone\" src=\"https:\/\/serveiseducatius.xtec.cat\/vallesoccidental2\/wp-content\/uploads\/usu1116\/2020\/04\/EPP.jpg\" alt=\"\" width=\"477\" height=\"390\" srcset=\"https:\/\/serveiseducatius.xtec.cat\/vallesoccidental2\/wp-content\/uploads\/usu1116\/2020\/04\/EPP.jpg 383w, https:\/\/serveiseducatius.xtec.cat\/vallesoccidental2\/wp-content\/uploads\/usu1116\/2020\/04\/EPP-300x245.jpg 300w\" sizes=\"auto, (max-width: 477px) 100vw, 477px\" \/><\/a><\/p>\n<p>&nbsp;<\/p>\n<table style=\"height: 3129px; width: 496px;\" width=\"611\">\n<tbody>\n<tr style=\"height: 77px;\">\n<td style=\"height: 77px; width: 490px; border-color: #000000; background-color: #e86933;\"><strong>ESCOLES CONCERTADES\/PRIVADES D\u2019EDUCACI\u00d3 INFANTIL\u00a0 (2n cicle 3 A 6 anys)\u00a0 i EDUCACI\u00d3 PRIM\u00c0RIA &#8211; TERRASSA<\/strong><\/td>\n<\/tr>\n<tr style=\"height: 2830px;\">\n<td style=\"height: 2830px; width: 490px; border-color: #000000;\"><strong>Airina<\/strong><\/p>\n<p>Adre\u00e7a: C\/ del Nord, 67 08221 Terrassa<br \/>\nTel\u00e8fon: 93 783 45 55<br \/>\nAdre\u00e7a electr\u00f2nica: <a href=\"mailto:a8029601@xtec.cat\">a8029601@xtec.cat<\/a><br \/>\nWeb:\u00a0<a href=\"http:\/\/www.institucio.org\/airina\">http:\/\/www.institucio.org\/airina<\/a><\/p>\n<p><strong>Andersen<\/strong><br \/>\nAdre\u00e7a: C\/ P\u00e9rez Gald\u00f3s, 15 08223 Terrassa<br \/>\nTel\u00e8fon: 93 783 57 10<br \/>\nAdre\u00e7a electr\u00f2nica: <a href=\"mailto:a8029908@xtec.cat\">a8029908@xtec.cat<\/a><\/p>\n<p><strong>Cultura Pr\u00e0ctica<\/strong><br \/>\nAdre\u00e7a: C\/ Sant Pere, 36-38 08221 Terrassa<br \/>\nTel\u00e8fon: 93 168 05 82<br \/>\nAdre\u00e7a electr\u00f2nica: <a href=\"mailto:culturapractica@culturapractica.cat\">culturapractica@culturapractica.cat<\/a><br \/>\nWeb:\u00a0<a href=\"http:\/\/www.culturapractica.cat\/\">http:\/\/www.culturapractica.cat\/<\/a><\/p>\n<p><strong>El Cim<\/strong><br \/>\nAdre\u00e7a: C\/ Frederic Soler, 22 08224 Terrassa<br \/>\nTel\u00e8fon: 93 733 06 30<br \/>\nAdre\u00e7a electr\u00f2nica:<a href=\"mailto:escola-elcim@xtec.cat\"> escola-elcim@xtec.cat<\/a><br \/>\nWeb:\u00a0<a href=\"http:\/\/www.xtec.cat\/escola-elcim\/\">http:\/\/www.xtec.cat\/escola-elcim\/<\/a><\/p>\n<p><strong>Delta<\/strong><br \/>\nAdre\u00e7a: Ctra. Matadepera, 95 08225 Terrassa<br \/>\nTel\u00e8fon:93 735 22 86<br \/>\nAdre\u00e7a electr\u00f2nica: <a href=\"mailto:escoladelta@xtec.cat\">escoladelta@xtec.cat<\/a><\/p>\n<p><strong>Escola Pia<\/strong><br \/>\nAdre\u00e7a: C\/ Col\u00b7legi, 14 08221 Terrassa<br \/>\nTel\u00e8fon: 93 788 54 54<br \/>\nAdre\u00e7a electr\u00f2nica: <a href=\"mailto:terrassa@escolapia.net\">terrassa@escolapia.net<\/a><br \/>\nWeb:\u00a0<a href=\"http:\/\/terrassa.escolapia.cat\/\">http:\/\/terrassa.escolapia.cat<\/a><\/p>\n<p><strong>Goya<\/strong><br \/>\nAdre\u00e7a: Cam\u00ed Font de les Canyes, 11 08227 Terrassa<br \/>\nTel\u00e8fon: 93 783 45 06<br \/>\nAdre\u00e7a electr\u00f2nica: <a href=\"mailto:a8029738@xtec.cat\">a8029738@xtec.cat<\/a><br \/>\nWeb:\u00a0<a href=\"http:\/\/www.xtec.cat\/col-goya\/\">http:\/\/www.xtec.cat\/col-goya\/<\/a><\/p>\n<p><strong>Gresol<\/strong><br \/>\nAdre\u00e7a: Ctra. Sabadell-Matadepera, km 6 (Apartado Correos 446) 08220 Terrassa<br \/>\nTel\u00e8fon: 93 787 01 58<br \/>\nAdre\u00e7a electr\u00f2nica: <a href=\"mailto:gresol@gresol.net\">gresol@gresol.net<\/a><br \/>\nWeb:\u00a0<a href=\"http:\/\/www.gresol.net\/\">http:\/\/www.gresol.net<\/a><\/p>\n<p><strong>Joaquima de Vedruna<\/strong><br \/>\nAdre\u00e7a: Ctra. Castellar, 398 08227 Terrassa<br \/>\nTel\u00e8fon:93 786 01 46<br \/>\nAdre\u00e7a electr\u00f2nica: <a href=\"mailto:a8029611@xtec.cat\">a8029611@xtec.cat<\/a><\/p>\n<p><strong>L&#8217;Avet<\/strong><br \/>\nAdre\u00e7a: C\/ Cardaire, 23 08221 Terrassa<br \/>\nTel\u00e8fon: 93 783 55 11<br \/>\nAdre\u00e7a electr\u00f2nica: <a href=\"mailto:a8030005@xtec.cat\">a8030005@xtec.cat<\/a><\/p>\n<p><strong>Liceo Egara (prim\u00e0ria)<\/strong><br \/>\nAdre\u00e7a: C\/ Sant Honorat, 3 08222 Terrassa<br \/>\nTel\u00e8fon: 93 785 12 90, 93 783 95 87<br \/>\nAdre\u00e7a electr\u00f2nica: <a href=\"mailto:a8030078@xtec.cat\">a8030078@xtec.cat<\/a><\/p>\n<p><strong>Lumen<\/strong><br \/>\nAdre\u00e7a: C\/ Proven\u00e7a, 63 08226 Terrassa<br \/>\nTel\u00e8fon: 93 785 89 96<br \/>\nAdre\u00e7a electr\u00f2nica: <a href=\"mailto:a8029921@xtec.cat\">a8029921@xtec.cat<\/a><br \/>\nWeb:\u00a0<a href=\"http:\/\/www.escolalumen.net\/\">http:\/\/www.escolalumen.net<\/a><\/p>\n<p><strong>Mare de D\u00e9u del Carme (prim\u00e0ria)<\/strong><br \/>\nAdre\u00e7a: C\/ Voluntaris Ol\u00edmpics, 54 08225 Terrassa<br \/>\nTel\u00e8fon: 93 735 11 70<br \/>\nAdre\u00e7a electr\u00f2nica: <a href=\"mailto:a8029672@xtec.cat\">a8029672@xtec.cat<\/a><\/p>\n<p><strong>Maria Auxiliadora<\/strong><br \/>\nAdre\u00e7a: C\/ Sta. Maria Mazzarello, 49 08224 Terrassa<br \/>\nTel\u00e8fon:93 788 20 65 Fax: 93 788 28 00<br \/>\nAdre\u00e7a electr\u00f2nica: <a href=\"mailto:a8029775@xtec.cat\">a8029775@xtec.cat<\/a><br \/>\nWeb:\u00a0<a href=\"http:\/\/www.mariaauxiliadora.cat\/\">http:\/\/www.mariaauxiliadora.cat<\/a><\/p>\n<p><strong>Mart\u00ed (prim\u00e0ria)<\/strong><br \/>\nAdre\u00e7a: C. Roca i Roca, 131 08226 Terrassa<br \/>\nTel\u00e8fon:93 735 44 13<br \/>\nAdre\u00e7a electr\u00f2nica: <a href=\"mailto:a8029751@xtec.cat\">a8029751@xtec.cat<\/a><\/p>\n<p><strong>Petit Estel &#8211; La Nova<\/strong><br \/>\nAdre\u00e7a: C\/ Puig Novell, 18 08221 Terrassa<br \/>\nTel\u00e8fon: 93 785 27 86<br \/>\nAdre\u00e7a electr\u00f2nica: <a href=\"mailto:escola@petitestellanova.cat\">escola@petitestellanova.cat<\/a><\/p>\n<p><strong>Ramon Pont<\/strong><br \/>\nAdre\u00e7a: C\/ Sant Tom\u00e0s, 40 08222 Terrassa<br \/>\nTel\u00e8fon: 93 785 76 39<br \/>\nAdre\u00e7a electr\u00f2nica: <a href=\"mailto:a8030091@xtec.cat\">a8030091@xtec.cat<\/a><\/p>\n<p><strong>Sagrat cor de Jes\u00fas (prim\u00e0ria)<\/strong><br \/>\nAdre\u00e7a: C\/ Pare Font, 152 08223 Terrassa<br \/>\nTel\u00e8fon: 93 786 28 16<br \/>\nAdre\u00e7a electr\u00f2nica: <a href=\"mailto:a8029881@xtec.cat\">a8029881@xtec.cat<\/a><br \/>\nWeb:\u00a0<a href=\"http:\/\/www.xtec.cat\/centres\/a8029881\">http:\/\/www.xtec.cat\/centres\/a8029881<\/a><\/p>\n<p><strong>Salesians-Terrassa<\/strong><br \/>\nAdre\u00e7a: C\/ Maria Auxiliadora, 45 08224 Terrassa<br \/>\nTel\u00e8fon: 93 733 60 13<br \/>\nAdre\u00e7a electr\u00f2nica: <a href=\"mailto:salesians_terrassa@bcn.es\">salesians_terrassa@bcn.es<\/a><br \/>\nWeb:\u00a0<a href=\"http:\/\/www.xtec.cat\/centres\/a8029763\/\">http:\/\/www.xtec.cat\/centres\/a8029763\/<\/a><\/p>\n<p><strong>Sant Josep de Calassan\u00e7<\/strong><br \/>\nAdre\u00e7a: C\/ Borges Blanques, 22 08227 Terrassa<br \/>\nTel\u00e8fon: 93 785 16 46<br \/>\nAdre\u00e7a electr\u00f2nica: <a href=\"mailto:a8029581@xtec.cat\">a8029581@xtec.cat<\/a><br \/>\nWeb:\u00a0<a href=\"http:\/\/www.xtec.cat\/esc-sjc\/\">http:\/\/www.xtec.cat\/esc-sjc\/<\/a><\/p>\n<p><strong>Santa Teresa de Jes\u00fas<\/strong><br \/>\nAdre\u00e7a: C\/ Major de Sant Pere,19 08222 Terrassa<br \/>\nTel\u00e8fon:93 783 93 30<br \/>\nAdre\u00e7a electr\u00f2nica: <a href=\"mailto:santateresa@santateresaterrasssa.org\">santateresa@santateresaterrasssa.org<\/a><br \/>\nWeb:\u00a0<a href=\"http:\/\/www.xtec.cat\/col-santateresa-terrassa\/\">http:\/\/www.xtec.cat\/col-santateresa-terrassa\/<\/a><\/p>\n<p><strong>Tecnos<\/strong><br \/>\nAdre\u00e7a: C\/ Topete, 34 08221 Terrassa<br \/>\nTel\u00e8fon: 93 785 83 55<br \/>\nAdre\u00e7a electr\u00f2nica: <a href=\"mailto:secretaria@tecnos.cat\">secretaria@tecnos.cat<\/a><br \/>\nWeb:\u00a0<a href=\"http:\/\/www.tecnos.cat\/\">http:\/\/www.tecnos.cat<\/a><\/p>\n<p><strong>Vedruna<\/strong><br \/>\nAdre\u00e7a: C\/ Vall, 21 08221 Terrassa<br \/>\nTel\u00e8fon:93 780 29 33<br \/>\nAdre\u00e7a electr\u00f2nica: <a href=\"mailto:vedrunavallterrassa@vedruna.cat\">vedrunavallterrassa@vedruna.cat\u00a0<\/a><strong>\u00a0<\/strong><\/td>\n<\/tr>\n<tr style=\"height: 77px;\">\n<td style=\"height: 77px; width: 490px; border-color: #000000; background-color: #e86933;\"><strong>ESCOLES CONCERTADES\/PRIVADES D\u2019EDUCACI\u00d3 INFANTIL\u00a0 (2n cicle 3 A 6 anys)\u00a0 i EDUCACI\u00d3 PRIM\u00c0RIA &#8211; MATADEPERA<\/strong><\/td>\n<\/tr>\n<tr style=\"height: 145px;\">\n<td style=\"height: 145px; width: 490px; border-color: #000000;\"><strong>Escola Montcau La Mola<\/strong><\/p>\n<p>Adre\u00e7a: Passeig del Pla s\/n, 08230 Matadepera<br \/>\nTel\u00e8fon: 937 87 08 25<\/p>\n<p>Web: <a href=\"http:\/\/www.montcau.net\/\">http:\/\/www.montcau.net\/<\/a><\/td>\n<\/tr>\n<\/tbody>\n<\/table>\n","protected":false},"excerpt":{"rendered":"<p>&nbsp; ESCOLES CONCERTADES\/PRIVADES D\u2019EDUCACI\u00d3 INFANTIL\u00a0 (2n cicle 3 A 6 anys)\u00a0 i EDUCACI\u00d3 PRIM\u00c0RIA &#8211; TERRASSA Airina Adre\u00e7a: C\/ del Nord, 67 08221 Terrassa Tel\u00e8fon: 93 783 45 55 Adre\u00e7a electr\u00f2nica: a8029601@xtec.cat Web:\u00a0http:\/\/www.institucio.org\/airina Andersen Adre\u00e7a: C\/ P\u00e9rez Gald\u00f3s, 15 08223 Terrassa Tel\u00e8fon: 93 783 57 10 Adre\u00e7a electr\u00f2nica: a8029908@xtec.cat Cultura Pr\u00e0ctica Adre\u00e7a: C\/ Sant Pere, [&hellip;]<\/p>\n","protected":false},"author":7,"featured_media":0,"parent":338,"menu_order":25,"comment_status":"closed","ping_status":"closed","template":"page-templates\/side-menu.php","meta":{"_bbp_topic_count":0,"_bbp_reply_count":0,"_bbp_total_topic_count":0,"_bbp_total_reply_count":0,"_bbp_voice_count":0,"_bbp_anonymous_reply_count":0,"_bbp_topic_count_hidden":0,"_bbp_reply_count_hidden":0,"_bbp_forum_subforum_count":0,"site-sidebar-layout":"default","site-content-layout":"","ast-site-content-layout":"","site-content-style":"default","site-sidebar-style":"default","ast-global-header-display":"","ast-banner-title-visibility":"","ast-main-header-display":"","ast-hfb-above-header-display":"","ast-hfb-below-header-display":"","ast-hfb-mobile-header-display":"","site-post-title":"","ast-breadcrumbs-content":"","ast-featured-img":"","footer-sml-layout":"","theme-transparent-header-meta":"","adv-header-id-meta":"","stick-header-meta":"","header-above-stick-meta":"","header-main-stick-meta":"","header-below-stick-meta":"","astra-migrate-meta-layouts":"default","ast-page-background-enabled":"default","ast-page-background-meta":{"desktop":{"background-color":"var(--ast-global-color-4)","background-image":"","background-repeat":"repeat","background-position":"center center","background-size":"auto","background-attachment":"scroll","background-type":"","background-media":"","overlay-type":"","overlay-color":"","overlay-opacity":"","overlay-gradient":""},"tablet":{"background-color":"","background-image":"","background-repeat":"repeat","background-position":"center center","background-size":"auto","background-attachment":"scroll","background-type":"","background-media":"","overlay-type":"","overlay-color":"","overlay-opacity":"","overlay-gradient":""},"mobile":{"background-color":"","background-image":"","background-repeat":"repeat","background-position":"center center","background-size":"auto","background-attachment":"scroll","background-type":"","background-media":"","overlay-type":"","overlay-color":"","overlay-opacity":"","overlay-gradient":""}},"ast-content-background-meta":{"desktop":{"background-color":"var(--ast-global-color-5)","background-image":"","background-repeat":"repeat","background-position":"center center","background-size":"auto","background-attachment":"scroll","background-type":"","background-media":"","overlay-type":"","overlay-color":"","overlay-opacity":"","overlay-gradient":""},"tablet":{"background-color":"var(--ast-global-color-5)","background-image":"","background-repeat":"repeat","background-position":"center center","background-size":"auto","background-attachment":"scroll","background-type":"","background-media":"","overlay-type":"","overlay-color":"","overlay-opacity":"","overlay-gradient":""},"mobile":{"background-color":"var(--ast-global-color-5)","background-image":"","background-repeat":"repeat","background-position":"center center","background-size":"auto","background-attachment":"scroll","background-type":"","background-media":"","overlay-type":"","overlay-color":"","overlay-opacity":"","overlay-gradient":""}},"footnotes":""},"class_list":["post-8367","page","type-page","status-publish","hentry"],"post_mailing_queue_ids":[],"_links":{"self":[{"href":"https:\/\/serveiseducatius.xtec.cat\/vallesoccidental2\/wp-json\/wp\/v2\/pages\/8367","targetHints":{"allow":["GET"]}}],"collection":[{"href":"https:\/\/serveiseducatius.xtec.cat\/vallesoccidental2\/wp-json\/wp\/v2\/pages"}],"about":[{"href":"https:\/\/serveiseducatius.xtec.cat\/vallesoccidental2\/wp-json\/wp\/v2\/types\/page"}],"author":[{"embeddable":true,"href":"https:\/\/serveiseducatius.xtec.cat\/vallesoccidental2\/wp-json\/wp\/v2\/users\/7"}],"replies":[{"embeddable":true,"href":"https:\/\/serveiseducatius.xtec.cat\/vallesoccidental2\/wp-json\/wp\/v2\/comments?post=8367"}],"version-history":[{"count":3,"href":"https:\/\/serveiseducatius.xtec.cat\/vallesoccidental2\/wp-json\/wp\/v2\/pages\/8367\/revisions"}],"predecessor-version":[{"id":8372,"href":"https:\/\/serveiseducatius.xtec.cat\/vallesoccidental2\/wp-json\/wp\/v2\/pages\/8367\/revisions\/8372"}],"up":[{"embeddable":true,"href":"https:\/\/serveiseducatius.xtec.cat\/vallesoccidental2\/wp-json\/wp\/v2\/pages\/338"}],"wp:attachment":[{"href":"https:\/\/serveiseducatius.xtec.cat\/vallesoccidental2\/wp-json\/wp\/v2\/media?parent=8367"}],"curies":[{"name":"wp","href":"https:\/\/api.w.org\/{rel}","templated":true}]}}