{"id":391,"date":"2015-11-25T14:31:04","date_gmt":"2015-11-25T13:31:04","guid":{"rendered":"http:\/\/serveiseducatius.xtec.cat\/vallesoccidental2\/?page_id=391"},"modified":"2020-05-01T16:30:50","modified_gmt":"2020-05-01T14:30:50","slug":"educacio-especial","status":"publish","type":"page","link":"https:\/\/serveiseducatius.xtec.cat\/vallesoccidental2\/comunitat\/centres-educatius\/educacio-especial\/","title":{"rendered":"Educaci\u00f3 especial"},"content":{"rendered":"<p><a href=\"https:\/\/www.google.com\/search?safe=strict&amp;sa=X&amp;rlz=1C1CHBF_esES864ES864&amp;biw=1366&amp;bih=625&amp;q=centres+d%27educaci%C3%B3+especial+de+terrassa&amp;npsic=0&amp;rflfq=1&amp;rlha=0&amp;rllag=41573866,2026039,1625&amp;tbm=lcl&amp;ved=2ahUKEwi77o-g8JLpAhVSqxoKHYN1BscQtgN6BAgLEAQ&amp;tbs=lrf:!1m4!1u3!2m2!3m1!1e1!1m4!1u2!2m2!2m1!1e1!2m1!1e2!2m1!1e3!3sIAE,lf:1,lf_ui:2&amp;rldoc=1\"><img loading=\"lazy\" decoding=\"async\" class=\"size-full wp-image-8412 alignnone\" src=\"https:\/\/serveiseducatius.xtec.cat\/vallesoccidental2\/wp-content\/uploads\/usu1116\/2020\/05\/EE.jpg\" alt=\"\" width=\"527\" height=\"405\" srcset=\"https:\/\/serveiseducatius.xtec.cat\/vallesoccidental2\/wp-content\/uploads\/usu1116\/2020\/05\/EE.jpg 527w, https:\/\/serveiseducatius.xtec.cat\/vallesoccidental2\/wp-content\/uploads\/usu1116\/2020\/05\/EE-300x231.jpg 300w\" sizes=\"auto, (max-width: 527px) 100vw, 527px\" \/><\/a><\/p>\n<p>&nbsp;<\/p>\n<p>&nbsp;<\/p>\n<p><strong>Crespinell<\/strong><br \/>\nAdre\u00e7a: C. Pant\u00e0, 7 08221 Terrassa<br \/>\nTel\u00e8fon: 93 780 55 33<br \/>\nAdre\u00e7a electr\u00f2nica: <a href=\"mailto:a8037097@xtec.cat\">a8037097@xtec.cat<\/a><\/p>\n<p><strong>El Pi<\/strong><br \/>\nAdre\u00e7a: Torre Moss\u00e8n Homs, 2 08227 Terrassa<br \/>\nTel\u00e8fon: 93 783 75 44<br \/>\nAdre\u00e7a electr\u00f2nica: <a href=\"mailto:elpi@terrassa.cat\">elpi@terrassa.cat<\/a><br \/>\nWeb:\u00a0<a href=\"https:\/\/www.terrassa.cat\/escolaelpi\">www.terrassa.cat\/escolaelpi<\/a><\/p>\n<p><strong>FATIMA<\/strong><br \/>\nAdre\u00e7a: C. Vacarisses, 2 08225 Terrassa<br \/>\nTel\u00e8fon: 93 734 26 20<br \/>\nAdre\u00e7a electr\u00f2nica: <a href=\"mailto:fatima@terrassa.cat\">fatima@terrassa.cat<\/a><br \/>\nWeb:\u00a0<a href=\"https:\/\/www.terrassa.cat\/es\/www.terrassa.cat\/escolafatima\">www.terrassa.cat\/escolafatima<\/a><\/p>\n<p><strong>L&#8217;Heura<\/strong><br \/>\nAdre\u00e7a: C. Egara, 16 08225 Terrassa<br \/>\nTel\u00e8fon: 93 784 25 25<br \/>\nAdre\u00e7a electr\u00f2nica: <a href=\"mailto:direccio@heura.cat\">direccio@heura.cat<\/a><\/p>\n<h5><\/h5>\n","protected":false},"excerpt":{"rendered":"<p>&nbsp; &nbsp; Crespinell Adre\u00e7a: C. Pant\u00e0, 7 08221 Terrassa Tel\u00e8fon: 93 780 55 33 Adre\u00e7a electr\u00f2nica: a8037097@xtec.cat El Pi Adre\u00e7a: Torre Moss\u00e8n Homs, 2 08227 Terrassa Tel\u00e8fon: 93 783 75 44 Adre\u00e7a electr\u00f2nica: elpi@terrassa.cat Web:\u00a0www.terrassa.cat\/escolaelpi FATIMA Adre\u00e7a: C. Vacarisses, 2 08225 Terrassa Tel\u00e8fon: 93 734 26 20 Adre\u00e7a electr\u00f2nica: fatima@terrassa.cat Web:\u00a0www.terrassa.cat\/escolafatima L&#8217;Heura Adre\u00e7a: C. Egara, [&hellip;]<\/p>\n","protected":false},"author":1,"featured_media":0,"parent":338,"menu_order":50,"comment_status":"closed","ping_status":"closed","template":"page-templates\/side-menu.php","meta":{"_bbp_topic_count":0,"_bbp_reply_count":0,"_bbp_total_topic_count":0,"_bbp_total_reply_count":0,"_bbp_voice_count":0,"_bbp_anonymous_reply_count":0,"_bbp_topic_count_hidden":0,"_bbp_reply_count_hidden":0,"_bbp_forum_subforum_count":0,"site-sidebar-layout":"default","site-content-layout":"","ast-site-content-layout":"","site-content-style":"default","site-sidebar-style":"default","ast-global-header-display":"","ast-banner-title-visibility":"","ast-main-header-display":"","ast-hfb-above-header-display":"","ast-hfb-below-header-display":"","ast-hfb-mobile-header-display":"","site-post-title":"","ast-breadcrumbs-content":"","ast-featured-img":"","footer-sml-layout":"","theme-transparent-header-meta":"","adv-header-id-meta":"","stick-header-meta":"","header-above-stick-meta":"","header-main-stick-meta":"","header-below-stick-meta":"","astra-migrate-meta-layouts":"default","ast-page-background-enabled":"default","ast-page-background-meta":{"desktop":{"background-color":"var(--ast-global-color-4)","background-image":"","background-repeat":"repeat","background-position":"center center","background-size":"auto","background-attachment":"scroll","background-type":"","background-media":"","overlay-type":"","overlay-color":"","overlay-opacity":"","overlay-gradient":""},"tablet":{"background-color":"","background-image":"","background-repeat":"repeat","background-position":"center center","background-size":"auto","background-attachment":"scroll","background-type":"","background-media":"","overlay-type":"","overlay-color":"","overlay-opacity":"","overlay-gradient":""},"mobile":{"background-color":"","background-image":"","background-repeat":"repeat","background-position":"center center","background-size":"auto","background-attachment":"scroll","background-type":"","background-media":"","overlay-type":"","overlay-color":"","overlay-opacity":"","overlay-gradient":""}},"ast-content-background-meta":{"desktop":{"background-color":"var(--ast-global-color-5)","background-image":"","background-repeat":"repeat","background-position":"center center","background-size":"auto","background-attachment":"scroll","background-type":"","background-media":"","overlay-type":"","overlay-color":"","overlay-opacity":"","overlay-gradient":""},"tablet":{"background-color":"var(--ast-global-color-5)","background-image":"","background-repeat":"repeat","background-position":"center center","background-size":"auto","background-attachment":"scroll","background-type":"","background-media":"","overlay-type":"","overlay-color":"","overlay-opacity":"","overlay-gradient":""},"mobile":{"background-color":"var(--ast-global-color-5)","background-image":"","background-repeat":"repeat","background-position":"center center","background-size":"auto","background-attachment":"scroll","background-type":"","background-media":"","overlay-type":"","overlay-color":"","overlay-opacity":"","overlay-gradient":""}},"footnotes":""},"class_list":["post-391","page","type-page","status-publish","hentry"],"post_mailing_queue_ids":[],"_links":{"self":[{"href":"https:\/\/serveiseducatius.xtec.cat\/vallesoccidental2\/wp-json\/wp\/v2\/pages\/391","targetHints":{"allow":["GET"]}}],"collection":[{"href":"https:\/\/serveiseducatius.xtec.cat\/vallesoccidental2\/wp-json\/wp\/v2\/pages"}],"about":[{"href":"https:\/\/serveiseducatius.xtec.cat\/vallesoccidental2\/wp-json\/wp\/v2\/types\/page"}],"author":[{"embeddable":true,"href":"https:\/\/serveiseducatius.xtec.cat\/vallesoccidental2\/wp-json\/wp\/v2\/users\/1"}],"replies":[{"embeddable":true,"href":"https:\/\/serveiseducatius.xtec.cat\/vallesoccidental2\/wp-json\/wp\/v2\/comments?post=391"}],"version-history":[{"count":3,"href":"https:\/\/serveiseducatius.xtec.cat\/vallesoccidental2\/wp-json\/wp\/v2\/pages\/391\/revisions"}],"predecessor-version":[{"id":8414,"href":"https:\/\/serveiseducatius.xtec.cat\/vallesoccidental2\/wp-json\/wp\/v2\/pages\/391\/revisions\/8414"}],"up":[{"embeddable":true,"href":"https:\/\/serveiseducatius.xtec.cat\/vallesoccidental2\/wp-json\/wp\/v2\/pages\/338"}],"wp:attachment":[{"href":"https:\/\/serveiseducatius.xtec.cat\/vallesoccidental2\/wp-json\/wp\/v2\/media?parent=391"}],"curies":[{"name":"wp","href":"https:\/\/api.w.org\/{rel}","templated":true}]}}