{"id":385,"date":"2015-11-25T14:26:15","date_gmt":"2015-11-25T13:26:15","guid":{"rendered":"http:\/\/serveiseducatius.xtec.cat\/vallesoccidental2\/?page_id=385"},"modified":"2020-05-01T16:49:23","modified_gmt":"2020-05-01T14:49:23","slug":"ensenyament-secundari-batxillerat-i-formacio-professional","status":"publish","type":"page","link":"https:\/\/serveiseducatius.xtec.cat\/vallesoccidental2\/comunitat\/centres-educatius\/ensenyament-secundari-batxillerat-i-formacio-professional\/","title":{"rendered":"Ensenyament secundari, Batxillerat i Formaci\u00f3 professional"},"content":{"rendered":"<p><a href=\"https:\/\/www.google.com\/search?safe=strict&amp;rlz=1C1CHBF_esES864ES864&amp;q=instituts+de+secundaria+de+terrassa&amp;npsic=0&amp;rflfq=1&amp;rlha=0&amp;rllag=41564089,2000331,1011&amp;tbm=lcl&amp;ved=2ahUKEwi03rL6kZHpAhWRkxQKHY6RBFQQtgN6BAgLEAQ&amp;tbs=lrf:!1m4!1u2!2m2!2m1!1e1!2m1!1e2!3sIAE,lf:1,lf_ui:2&amp;rldoc=1\"><img loading=\"lazy\" decoding=\"async\" class=\" wp-image-8404 alignleft\" src=\"https:\/\/serveiseducatius.xtec.cat\/vallesoccidental2\/wp-content\/uploads\/usu1116\/2020\/04\/ES.jpg\" alt=\"\" width=\"530\" height=\"444\" srcset=\"https:\/\/serveiseducatius.xtec.cat\/vallesoccidental2\/wp-content\/uploads\/usu1116\/2020\/04\/ES.jpg 410w, https:\/\/serveiseducatius.xtec.cat\/vallesoccidental2\/wp-content\/uploads\/usu1116\/2020\/04\/ES-300x250.jpg 300w\" sizes=\"auto, (max-width: 530px) 100vw, 530px\" \/><\/a><\/p>\n<table style=\"height: 400px; width: 537px; border-color: #050505; border-style: solid;\">\n<tbody>\n<tr style=\"height: 78px;\">\n<td style=\"height: 78px; width: 531px; background-color: #e86933;\">\n<h5 style=\"text-align: center;\"><span style=\"color: #000000;\">CENTRES D&#8217;ENSENYAMENT SECUNDARI I BATXILLERAT\u00a0 TERRASSA, MATADEPERA, VILADECAVALLS, VACARISSES<\/span><\/h5>\n<\/td>\n<\/tr>\n<tr style=\"height: 4069px;\">\n<td style=\"height: 10px; width: 531px;\"><strong>Andersen<\/strong><\/p>\n<p>Adre\u00e7a: C\/ P\u00e9rez Gald\u00f3s, 15 08223 Terrassa<br \/>\nTel\u00e8fon: 93 783 57 10<br \/>\nAdre\u00e7a electr\u00f2nica: <a href=\"mailto:a8029908@xtec.cat\">a8029908@xtec.cat<\/a><br \/>\nWeb:\u00a0<a href=\"http:\/\/www.escolaandersen.com\/\">http:\/\/www.escolaandersen.com<\/a><\/p>\n<p>&nbsp;<\/p>\n<p><strong>Cingle<\/strong><br \/>\nAdre\u00e7a: Cra. de Montcada, 512 08223 Terrassa<br \/>\nTel\u00e8fon: 93 783 55 10<br \/>\nAdre\u00e7a electr\u00f2nica: <a href=\"mailto:a8032075@xtec.cat\">a8032075@xtec.cat<\/a><br \/>\nWeb:\u00a0<a href=\"http:\/\/www.cingle.es\/\">http:\/\/www.cingle.es<\/a><\/p>\n<p><strong>Cultura Pr\u00e0ctica<\/strong><br \/>\nAdre\u00e7a: C\/ Sant Pere, 36-38 08221 Terrassa<br \/>\nTel\u00e8fon: 93 168 05 82<br \/>\nAdre\u00e7a electr\u00f2nica: <a href=\"mailto:culturapractica@culturapractica.cat\">culturapractica@culturapractica.cat<\/a><br \/>\nWeb:\u00a0<a href=\"http:\/\/www.culturapractica.cat\/\">http:\/\/www.culturapractica.cat\/<\/a><\/p>\n<p><strong>El Cim<\/strong><br \/>\nAdre\u00e7a: C\/ Frederic Soler, 22 08224 Terrassa<br \/>\nTel\u00e8fon: 93 733 06 30<br \/>\nAdre\u00e7a electr\u00f2nica: <a href=\"mailto:escola-elcim@xtec.cat\">escola-elcim@xtec.cat<\/a><br \/>\nWeb:\u00a0<a href=\"http:\/\/www.escolaelcim.cat\/\">http:\/\/www.escolaelcim.cat<\/a><\/p>\n<p><strong>Escola Pia<\/strong><br \/>\nAdre\u00e7a: C\/ Col\u00b7legi, 14 08221 Terrassa<br \/>\nTel\u00e8fon: 93 788 54 54<br \/>\nAdre\u00e7a electr\u00f2nica: <a href=\"mailto:terrassa@escolapia.net\">terrassa@escolapia.net<\/a><br \/>\nWeb:\u00a0<a href=\"http:\/\/terrassa.escolapia.cat\/\">http:\/\/terrassa.escolapia.cat<\/a><\/p>\n<p><strong>Goya<\/strong><br \/>\nAdre\u00e7a: Cam\u00ed Font de les Canyes, 11 08227 Terrassa<br \/>\nTel\u00e8fon: 93 783 45 06<br \/>\nAdre\u00e7a electr\u00f2nica: <a href=\"mailto:a8029738@xtec.cat\">a8029738@xtec.cat<\/a><br \/>\nWeb:\u00a0<a href=\"http:\/\/www.escolagoya.net\/\">http:\/\/www.escolagoya.net<\/a><\/p>\n<p><strong>Gresol<\/strong><br \/>\nAdre\u00e7a: Cra. Sabadell-Matadepera, km 6 (Apartado Correos 446) 08220 Terrassa<br \/>\nTel\u00e8fon: 93 787 01 58<br \/>\nAdre\u00e7a electr\u00f2nica: <a href=\"mailto:gresol@gresol.net\">gresol@gresol.net<\/a><br \/>\nWeb:\u00a0<a href=\"http:\/\/www.gresol.net\/\">http:\/\/www.gresol.net<\/a><\/p>\n<p><strong>Instituto Can Roca (p\u00fablic)<\/strong><br \/>\nAdre\u00e7a: C. Fatima, 12 08225 Terrassa<br \/>\nTel\u00e8fon: 93 857 33 01<br \/>\nAdre\u00e7a electr\u00f2nica: <a href=\"mailto:inscanroca@xtec.cat\">inscanroca@xtec.cat<\/a><br \/>\nWeb:\u00a0<a href=\"http:\/\/www.inscanroca.com\/\">http:\/\/www.inscanroca.com<\/a><\/p>\n<p><strong>Instituto Can Jofresa (p\u00fablic)<\/strong><br \/>\nAdre\u00e7a:Av. Can Jofresa, 9 08223 Terrassa<br \/>\nTel\u00e8fon: 93 785 07 25<br \/>\nAdre\u00e7a electr\u00f2nica: <a href=\"mailto:a8031770@xtec.cat\">a8031770@xtec.cat<\/a><br \/>\nWeb:\u00a0<a href=\"http:\/\/www.inscanjofresa.com\/\">http:\/\/www.inscanjofresa.com<\/a><\/p>\n<p><strong>Instituto Cavall Bernat (p\u00fablic)<\/strong><br \/>\nAdre\u00e7a: C\/ La Castellassa, 31a 08227 Terrassa<br \/>\nTel\u00e8fon: 93 785 11 43<br \/>\nAdre\u00e7a electr\u00f2nica: <a href=\"mailto:a8053251@xtec.cat\">a8053251@xtec.cat<\/a><br \/>\nWeb:\u00a0<a href=\"http:\/\/www.xtec.es\/centres\/a8053251\">http:\/\/www.xtec.es\/centres\/a8053251<\/a><\/p>\n<p><strong>Instituto \u00c8gara (p\u00fablic)<\/strong><br \/>\nAdre\u00e7a: C\/ Am\u00e8rica, 55 08228 Terrassa<br \/>\nTel\u00e8fon: 93 736 16 70<br \/>\nAdre\u00e7a electr\u00f2nica: <a href=\"mailto:a8024777@xtec.cat\">a8024777@xtec.cat<\/a><br \/>\nWeb:\u00a0<a href=\"http:\/\/www.institutegara.cat\/\">http:\/\/www.institutegara.cat<\/a><\/p>\n<p><strong>Instituto Investigador Blanxart (p\u00fablic)<\/strong><br \/>\nAdre\u00e7a: C\/ Granada, 3 08226 Terrassa<br \/>\nTel\u00e8fon: 93 786 08 66<br \/>\nAdre\u00e7a electr\u00f2nica: <a href=\"mailto:a8030340@xtec.cat\">a8030340@xtec.cat<\/a><br \/>\nWeb:\u00a0<a href=\"http:\/\/www.blanxart.net\/\">http:\/\/www.blanxart.net<\/a><\/p>\n<p><strong>Instituto Jaume Cabr\u00e9<\/strong> <strong>(p\u00fablic)<\/strong><br \/>\nAdre\u00e7a: Av. del Vall\u00e8s, 483 08226 Terrassa<br \/>\nTel\u00e8fon: 667 117 505<br \/>\nAdre\u00e7a electr\u00f2nica: <a href=\"mailto:a8076108@xtec.cat\">a8076108@xtec.cat<\/a><\/p>\n<p><strong>Instituto Les Aimerigues (p\u00fablic)<\/strong><br \/>\nAdre\u00e7a: C. Ic\u00e0ria, 80 08224 Terrassa<br \/>\nTel\u00e8fon: 93 856 32 36<br \/>\nAdre\u00e7a electr\u00f2nica: <a href=\"mailto:a8068537@xtec.cat%0A\">a8068537@xtec.cat<\/a><br \/>\nWeb:\u00a0<a href=\"http:\/\/www.xtec.cat\/centres\/a8030340\/\">http:\/\/aymerigues.blogspot.com\/<\/a><\/p>\n<p><strong>Instituto Montserrat Roig (p\u00fablic)<\/strong><br \/>\nAdre\u00e7a: C\/ Cervantes, 46 08221 Terrassa<br \/>\nTel\u00e8fon: 93 733 65 80<br \/>\nAdre\u00e7a electr\u00f2nica: <a href=\"mailto:Institutomontserratroig@xtec.cat\">Institutomontserratroig@xtec.cat<\/a><br \/>\nWeb:\u00a0<a href=\"http:\/\/www.xtec.cat\/Institutomontserratroig\">http:\/\/www.xtec.cat\/Institutomontserratroig<\/a><\/p>\n<p><strong>Instituto Mont Perdut (p\u00fablic)<\/strong><br \/>\nAdre\u00e7a: Mont Perdut, 1 08227 Terrassa<br \/>\nTel\u00e8fon: 93 784 43 80<br \/>\nAdre\u00e7a electr\u00f2nica: <a href=\"mailto:a8066437@xtec.cat\">a8066437@xtec.cat<\/a><br \/>\nWeb:\u00a0<a href=\"https:\/\/sites.google.com\/a\/xtec.cat\/insmontperdut\">https:\/\/sites.google.com\/a\/xtec.cat\/insmontperdut<\/a><\/p>\n<p><strong>Instituto Nicolau Cop\u00e8rnic (p\u00fablic)<\/strong><br \/>\nAdre\u00e7a: Grups Can Boada, 13 08225 Terrassa<br \/>\nTel\u00e8fon: 93 780 75 17<br \/>\nAdre\u00e7a electr\u00f2nica: <a href=\"mailto:a8034059@xtec.cat\">a8034059@xtec.cat<\/a><br \/>\nWeb:\u00a0<a href=\"http:\/\/www.copernic.cat\/\">http:\/\/www.copernic.cat<\/a><\/p>\n<p><strong>Instituto-Escuela Pere Viver\u00a0 (p\u00fablic)<\/strong><br \/>\nAdre\u00e7a: C. Arenys de Mar, 2 08225 Terrassa<br \/>\nTel\u00e8fon: 93 735 30 33<br \/>\nAdre\u00e7a electr\u00f2nica: <a href=\"mailto:a8076601@xtec.cat\">a8076601@xtec.cat<\/a><br \/>\nWeb:\u00a0<a href=\"http:\/\/www.xtec.cat\/Escolapereviver\/\">http:\/\/www.xtec.cat\/Escolapereviver\/<\/a><\/p>\n<p><strong>Instituto Santa Eul\u00e0lia (p\u00fablic)<\/strong><br \/>\nAdre\u00e7a: Av. Santa Eul\u00e0lia, 72 08223 Terrassa<br \/>\nTel\u00e8fon: 93 731 40 80<br \/>\nAdre\u00e7a electr\u00f2nica: <a href=\"mailto:a8043516@xtec.cat\">a8043516@xtec.cat<\/a><br \/>\nWeb:\u00a0<a href=\"http:\/\/www.iessantaeulaliaterrassa.com\/\">http:\/\/www.iessantaeulaliaterrassa.com<\/a><\/p>\n<p><strong>Instituto Terrassa (p\u00fablic)<\/strong><br \/>\nAdre\u00e7a: Rambla d&#8217;\u00c8gara, 331 08224 Terrassa<br \/>\nTel\u00e8fon: 93 733 04 90<br \/>\nAdre\u00e7a electr\u00f2nica: <a href=\"mailto:a8030339@xtec.cat\">a8030339@xtec.cat<\/a><br \/>\nWeb:\u00a0<a href=\"http:\/\/www.iesterrassa.cat\/\">http:\/\/www.iesterrassa.cat<\/a><\/p>\n<p><strong>Instituto Torre del Palau (p\u00fablic)<\/strong><br \/>\nAdre\u00e7a: Cam\u00ed de Can Boada 08225 Terrassa<br \/>\nTel\u00e8fon: 93 733 06 61<br \/>\nAdre\u00e7a electr\u00f2nica: <a href=\"mailto:a8045011@xtec.cat\">a8045011@xtec.cat<\/a><br \/>\nWeb:\u00a0<a href=\"http:\/\/www.iestorredelpalau.cat\/\">http:\/\/www.iestorredelpalau.cat<\/a><\/p>\n<p><strong>Joaquima de Vedruna<\/strong><br \/>\nAdre\u00e7a: Cra. Castellar, 398 08227 Terrassa<br \/>\nTel\u00e8fon: 93 786 01 46<br \/>\nAdre\u00e7a electr\u00f2nica: <a href=\"mailto:a8029611@xtec.cat\">a8029611@xtec.cat<\/a><br \/>\nWeb:\u00a0<a href=\"http:\/\/www.jvedrunaterrassa.cat\/\">http:\/\/www.jvedrunaterrassa.cat<\/a><\/p>\n<p><strong>Liceo Egara<\/strong><br \/>\nAdre\u00e7a: C\/ Dr. Pearson 163 08222 Terrassa<br \/>\nTel\u00e8fon: 93 785 70 76, 93 783 95 87<br \/>\nAdre\u00e7a electr\u00f2nica: <a href=\"mailto:a8030078@xtec.cat\">a8030078@xtec.cat<\/a><br \/>\nWeb:\u00a0<a href=\"http:\/\/www.liceoegara.org\/\">http:\/\/www.liceoegara.org<\/a><\/p>\n<p><strong>Mare de D\u00e9u del Carme<\/strong><br \/>\nAdre\u00e7a: C\/ Voluntaris Ol\u00edmpics, 54 08225 Terrassa<br \/>\nTel\u00e8fon: 93 735 11 70<br \/>\nAdre\u00e7a electr\u00f2nica: <a href=\"mailto:a8029672@xtec.cat\">a8029672@xtec.cat<\/a><br \/>\nWeb:\u00a0<a href=\"http:\/\/www.carmelitans.org\/\">http:\/\/www.carmelitans.org<\/a><\/p>\n<p><strong>Col\u00b7legi Mart\u00ed<\/strong><br \/>\nAdre\u00e7a: C\/ Roca i Roca, 131 08226 Terrassa<br \/>\nTel\u00e8fon: 93 735 44 13<br \/>\nAdre\u00e7a electr\u00f2nica: <a href=\"mailto:a8029751@xtec.cat\">a8029751@xtec.cat<\/a><br \/>\nWeb:\u00a0<a href=\"http:\/\/www.escolamarti.com\/\">http:\/\/www.escolamarti.com<\/a><\/p>\n<p><strong>Petit Estel &#8211; La Nova<\/strong><br \/>\nAdre\u00e7a: C\/ Puig Novell, 18 08221 Terrassa<br \/>\nTel\u00e8fon: 93 786 28 24<br \/>\nAdre\u00e7a electr\u00f2nica: <a href=\"mailto:escola@petitestellanova.cat\">escola@petitestellanova.cat<\/a><br \/>\nWeb:\u00a0<a href=\"http:\/\/www.petitestellanova.cat\/\">http:\/\/www.petitestellanova.cat<\/a><\/p>\n<p><strong>Col\u00b7legi Ramon Pont<\/strong><br \/>\nAdre\u00e7a: C\/ Sant Tom\u00e0s, 40 08222 Terrassa<br \/>\nTel\u00e8fon: 93 785 76 39<br \/>\nAdre\u00e7a electr\u00f2nica: <a href=\"mailto:a8030091@xtec.cat\">a8030091@xtec.cat<\/a><br \/>\nWeb:\u00a0<a href=\"http:\/\/www.ramonpont.cat\/\">http:\/\/www.ramonpont.cat<\/a><\/p>\n<p><strong>Sagrat Cor<\/strong><br \/>\nAdre\u00e7a: C\/ Pare Font, 152 08223 Terrassa<br \/>\nTel\u00e8fon: 93 786 28 16<br \/>\nAdre\u00e7a electr\u00f2nica: <a href=\"mailto:a8029881@xtec.cat\">a8029881@xtec.cat<\/a><br \/>\nWeb:\u00a0<a href=\"http:\/\/www.xtec.cat\/centres\/a8029881\">http:\/\/www.xtec.cat\/centres\/a8029881<\/a><\/p>\n<p><strong>Sant Dom\u00e8nec S\u00e0vio (Salesians Terrassa)<\/strong><br \/>\nAdre\u00e7a: C\/ Maria Auxiliadora, 45 08224 Terrassa<br \/>\nTel\u00e8fon:93 733 60 13<br \/>\nAdre\u00e7a electr\u00f2nica: <a href=\"mailto:salesians_terrassa@bcn.es\">salesians_terrassa@bcn.es<\/a><br \/>\nWeb:\u00a0<a href=\"http:\/\/terrassa.salesians.cat\/\">http:\/\/terrassa.salesians.cat<\/a><\/p>\n<p><strong>Tecnos<\/strong><br \/>\nAdre\u00e7a: C\/ Topete, 34 08221 Terrassa<br \/>\nTel\u00e8fon: 93 785 85 55<br \/>\nAdre\u00e7a electr\u00f2nica: <a href=\"mailto:secretaria@tecnos.cat\">secretaria@tecnos.cat<\/a><br \/>\nWeb:\u00a0<a href=\"http:\/\/www.tecnos.cat\/\">http:\/\/www.tecnos.cat<\/a><\/p>\n<p><strong>Vedruna<\/strong><br \/>\nAdre\u00e7a: C\/ Vall, 21 08221 Terrassa<br \/>\nTel\u00e8fon:93 780 23 99<br \/>\nAdre\u00e7a electr\u00f2nica: <a href=\"mailto:vedrunavall@abaforum.es\">vedrunavall@abaforum.es<\/a><br \/>\nWeb:\u00a0<a href=\"http:\/\/www.vedrunavall.com\/\">http:\/\/www.vedrunavall.com<\/a><\/td>\n<\/tr>\n<tr style=\"height: 28px;\">\n<td style=\"height: 151px; width: 531px;\"><strong>Institut Matadepera (p\u00fablic)<\/strong><\/p>\n<p>Adre\u00e7a: Avinguda del Mas Sot, 4, 08230 Matadepera<br \/>\nTel\u00e8fon: <span class=\"zgWrF\">937 87 16 14<\/span><br \/>\nAdre\u00e7a electr\u00f2nica:<a href=\"mailto:iesmatadepera@xtec.cat\" target=\"_blank\" rel=\"noopener noreferrer\">iesmatadepera@xtec.cat<\/a><br \/>\nWeb:\u00a0<a href=\"https:\/\/agora.xtec.cat\/iesmatadepera\/\">http:\/\/agora.xtec.cat\/iesmatadepera\/<\/a><\/p>\n<p><strong>Montcau La Mola<\/strong><br \/>\nAdre\u00e7a: Passeig del Pla s\/n, 08230 Matadepera<br \/>\nTel\u00e8fon: 937 87 08 25<br \/>\nWeb: <a href=\"http:\/\/www.montcau.net\/\">http:\/\/www.montcau.net<\/a><\/td>\n<\/tr>\n<tr style=\"height: 10px;\">\n<td style=\"height: 42px; width: 531px;\"><strong>Institut Viladecavalls<\/strong><\/p>\n<p>Adre\u00e7a: Vial de Sant Jordi, s\/n, 08232 Viladecavalls<br \/>\n<span class=\"zgWrF\">Tel\u00e8fon:937 34 02 10<\/span><br \/>\nAdre\u00e7a electr\u00f2nica: <a href=\"mailto:a8053261@xtec.cat\">a8053261@xtec.cat<\/a><br \/>\nWeb:<a href=\"https:\/\/agora.xtec.cat\/ies-viladecavalls\/\">https:\/\/agora.xtec.cat\/ies-viladecavalls\/<\/a><\/td>\n<\/tr>\n<tr style=\"height: 10px;\">\n<td style=\"height: 10px; width: 531px;\"><strong>Institut Vacarisses<\/strong><\/p>\n<p>Adre\u00e7a: Carrer Josep Carner, 35, 08233 Vacarisses<br \/>\n<span class=\"zgWrF\">Tel\u00e8fon: 938 28 03 2<\/span><span class=\"zgWrF\">2<\/span><br \/>\n<a href=\"mailto:a8061208@xtec.cat\" target=\"_blank\" rel=\"noopener noreferrer\">Adre\u00e7a electr\u00f2nica:a8061208@xtec.cat<\/a><br \/>\nWeb:<a href=\"https:\/\/agora.xtec.cat\/ies-vacarisses\/\">https:\/\/agora.xtec.cat\/ies-vacarisses\/<\/a><\/td>\n<\/tr>\n<tr style=\"height: 78px;\">\n<td style=\"width: 531px; background-color: #e86933; height: 78px;\">\n<h5 style=\"text-align: center;\"><span style=\"color: #000000;\">CENTRES DE FORMACI\u00d3 PROFESSIONAL<\/span><\/h5>\n<h5 style=\"text-align: center;\"><span style=\"color: #000000;\">TERRASSA, MATADEPERA, VILADECAVALLS, VACARISSES<\/span><\/h5>\n<\/td>\n<\/tr>\n<tr style=\"height: 31px;\">\n<td style=\"width: 531px; height: 31px;\">&nbsp;<\/p>\n<p><strong>Campus Professional Vallparad\u00eds<\/strong><br \/>\nEstudis: Cicles Grau Mitj\u00e0, Superior i Formaci\u00f3 cont\u00ednuada i ocupacional<br \/>\nAdre\u00e7a: C. Badalona, 1 bis 08223 Terrassa<br \/>\nTel\u00e8fon: 93 784 76 13 Fax: 93 785 15 38<br \/>\nAdre\u00e7a electr\u00f2nica: <a href=\"mailto:campusprofessional@terrassa.cat\">campusprofessional@terrassa.cat<\/a><br \/>\nWeb:\u00a0<a href=\"https:\/\/www.terrassa.cat\/educacio\">www.terrassa.cat\/educacio<\/a><\/p>\n<p><strong>CET Segle XX<\/strong><br \/>\nEstudis: Cicles Grau Mitj\u00e0 i PFI<br \/>\nAdre\u00e7a: C. Pare Font, 143-157 08223 Terrassa<br \/>\nTel\u00e8fon: 93 783 16 70 Fax: 93 788 60 81<br \/>\nAdre\u00e7a electr\u00f2nica: <a href=\"mailto:cetsegleXX@terra.es\">cetsegleXX@terra.es<\/a><\/p>\n<p><strong>Cingle<\/strong><br \/>\nEstudis: Cicles Grau Mitj\u00e0<br \/>\nAdre\u00e7a:Cra. de Montcada, 512 08223 Terrassa<br \/>\nTel\u00e8fon: 93 783 55 10<br \/>\nAdre\u00e7a electr\u00f2nica: <a href=\"mailto:a8032075@xtec.cat\">a8032075@xtec.cat<\/a><br \/>\nWeb:\u00a0<a href=\"http:\/\/www.cingle.es\/\">http:\/\/www.cingle.es<\/a><\/p>\n<p><strong>Cultura Pr\u00e0ctica<\/strong><br \/>\nEstudis: Cicles Grau Mitj\u00e0 i Superior<br \/>\nAdre\u00e7a: C. Sant Pere, 36-38 08221 Terrassa<br \/>\nTel\u00e8fon: 93 783 25 88<br \/>\nAdre\u00e7a electr\u00f2nica: <a href=\"mailto:cpractica@cpractica.net\">cpractica@cpractica.net<\/a><\/p>\n<p><strong>Edgar<\/strong><br \/>\nEstudis: Cicles Grau Mitj\u00e0<br \/>\nAdre\u00e7a: C. Prat de la Riba, 68 08222 Terrassa<br \/>\nTel\u00e8fon: 93 785 98 76 Fax: 93 786 17 81<br \/>\nAdre\u00e7a electr\u00f2nica: <a href=\"mailto:a8038120@xtec.cat\">a8038120@xtec.cat<\/a><\/p>\n<p><strong>Escola Municipal d&#8217;Art i Disseny<\/strong><br \/>\nEstudis: Cicles Grau Superior<br \/>\nAdre\u00e7a: C. Colom, 114 08222 Terrassa<br \/>\nTel\u00e8fon: 93 785 00 70<br \/>\nAdre\u00e7a electr\u00f2nica:<a href=\"mailto:artidisseny@terrassa.cat\"> artidisseny@terrassa.cat<\/a><br \/>\nWeb:\u00a0<a href=\"http:\/\/www.artidisseny.com\/\">http:\/\/www.artidisseny.com<\/a><\/p>\n<p><strong>Escola Municipal La Llar<\/strong><br \/>\nEstudis: PFI<br \/>\nAdre\u00e7a: C. Sant Isidre, 1 08221 Terrassa<br \/>\nTel\u00e8fon: 93 788 18 86<br \/>\nAdre\u00e7a electr\u00f2nica: <a href=\"mailto:llar@terrassa.cat\">llar@terrassa.cat<\/a><br \/>\nWeb:\u00a0<a href=\"https:\/\/www.terrassa.cat\/escolalallar\">www.terrassa.cat\/escolalallar<\/a><\/p>\n<p><strong>Escola Pia<\/strong><br \/>\nEstudis: PFI<br \/>\nAdre\u00e7a: C. Col\u00b7legi, 14 08221 Terrassa<br \/>\nTel\u00e8fon: 93 788 54 54<br \/>\nAdre\u00e7a electr\u00f2nica: <a href=\"mailto:terrassa@escolapia.net\">terrassa@escolapia.net<\/a><br \/>\nWeb:\u00a0<a href=\"http:\/\/terrassa.escolapia.cat\/\">http:\/\/terrassa.escolapia.cat<\/a><\/p>\n<p><strong>Fundaci\u00f3 FIAC<\/strong><br \/>\nEstudis: Cicles Grau Superior<br \/>\nAdre\u00e7a: C. Colom, 114 (Vapor Universitari) 08222 Terrassa<br \/>\nTel\u00e8fon: 93 731 18 69<br \/>\nAdre\u00e7a electr\u00f2nica: <a href=\"mailto:info-cicles@fundaciofiac.com\">info-cicles@fundaciofiac.com<\/a><br \/>\nWeb:\u00a0<a href=\"http:\/\/www.fundaciofiac.com\/Cicles\/frameset4.htm\">http:\/\/www.fundaciofiac.com\/Cicles<\/a><\/p>\n<p><strong>L&#8217;Heura Vall\u00e8s<\/strong><br \/>\nEstudis: PFI<br \/>\nAdre\u00e7a: Carrer \u00c8gara 16 Terrassa 08225<br \/>\nTel\u00e8fon: 93 784 25 25<br \/>\nAdre\u00e7a electr\u00f2nica: <a href=\"mailto:centre@heura.cat\">centre@heura.cat<\/a><br \/>\nWeb:\u00a0<a href=\"http:\/\/www.heura.cat\/\">http:\/\/www.heura.cat<\/a><\/p>\n<p><strong>Institut Cavall Bernat<\/strong><br \/>\nEstudis: Cicles Grau Mitj\u00e0<br \/>\nAdre\u00e7a: C. La Castellassa, 31a 08227 Terrassa<br \/>\nTel\u00e8fon: 93 785 11 43<br \/>\nAdre\u00e7a electr\u00f2nica: <a href=\"mailto:a8053251@xtec.cat\">a8053251@xtec.cat<\/a><br \/>\nWeb:\u00a0<a href=\"http:\/\/www.xtec.cat\/centres\/a8053251\">http:\/\/www.xtec.cat\/centres\/a8053251<\/a><\/p>\n<p><strong>Institut Montserrat Roig<\/strong><br \/>\nEstudis: Cicles Grau Mitj\u00e0 i Superior<br \/>\nAdre\u00e7a: C. Cervantes, 46 08221 Terrassa<br \/>\nTel\u00e8fon: 93 733 65 80<br \/>\nAdre\u00e7a electr\u00f2nica: <a href=\"mailto:iesmontserratroig@xtec.cat\">iesmontserratroig@xtec.cat<\/a><br \/>\nWeb:\u00a0<a href=\"http:\/\/www.xtec.cat\/iesmontserratroig\">http:\/\/www.xtec.cat\/iesmontserratroig<\/a><\/p>\n<p><strong>Institut Nicolau Cop\u00e8rnic<\/strong><br \/>\nEstudis: Cicles Grau Mitj\u00e0 i Superior<br \/>\nAdre\u00e7a: Grups Can Boada, 13 08225 Terrassa<br \/>\nTel\u00e8fon: 93 780 75 17<br \/>\nAdre\u00e7a electr\u00f2nica: <a href=\"mailto:a8034059@xtec.cat\">a8034059@xtec.cat<\/a><br \/>\nWeb:\u00a0<a href=\"http:\/\/www.copernic.cat\/\">http:\/\/www.copernic.cat<\/a><\/p>\n<p><strong>Institut Santa Eul\u00e0lia<\/strong><br \/>\nEstudis: Cicles Grau Mitj\u00e0 i Superior i PFI<br \/>\nAdre\u00e7a: Av. Santa Eul\u00e0lia, 72 08223 Terrassa<br \/>\nTel\u00e8fon: 93 731 40 80<br \/>\nAdre\u00e7a electr\u00f2nica: <a href=\"mailto:a8043516@xtec.cat\">a8043516@xtec.cat<\/a><br \/>\nWeb:\u00a0<a href=\"http:\/\/www.xtec.cat\/centres\/a8043516\/\">http:\/\/www.xtec.cat\/centres\/a8043516\/<\/a><\/p>\n<p><strong>Institut Terrassa<\/strong><br \/>\nEstudis: Cicles Grau Mitj\u00e0 i\u00a0 Superior<br \/>\nAdre\u00e7a: Rambla d&#8217;\u00c8gara, 331 08224 Terrassa<br \/>\nTel\u00e8fon: 93 733 04 90<br \/>\nAdre\u00e7a electr\u00f2nica: <a href=\"mailto:a8030339@xtec.cat\">a8030339@xtec.cat<\/a><br \/>\nWeb:\u00a0<a href=\"http:\/\/www.xtec.cat\/centres\/a8030339\/\">http:\/\/www.xtec.cat\/centres\/a8030339\/<\/a><\/p>\n<p><strong>Pla de Transici\u00f3 al Treball de Terrassa (PTT)<\/strong><br \/>\nEstudis: PFI<br \/>\nAdre\u00e7a: C. Colom, 114 (Escola d&#8217;Art) 08222 Terrassa<br \/>\nTel\u00e8fon: 93 785 00 70<br \/>\nAdre\u00e7a electr\u00f2nica: <a href=\"mailto:a8960230@xtec.cat\">a8960230@xtec.cat<\/a><br \/>\nWeb:\u00a0<a href=\"https:\/\/www.terrassa.cat\/Front\/final\/_YJxQFCkYh8wnNxx4vm5jbYkEQzhszMRTvwqBD6nO3HaysIA5h1Wxsw\">Programes de Transici\u00f3 al Treball<\/a><\/p>\n<p><strong>Salesians-Terrassa<\/strong><br \/>\nEstudis: Cicles Grau Mitj\u00e0 i\u00a0 PFI<br \/>\nAdre\u00e7a: C. Maria Auxiliadora, 45 08224 Terrassa<br \/>\nTel\u00e8fon: 93 733 60 13<br \/>\nAdre\u00e7a electr\u00f2nica: <a href=\"mailto:salesians_terrassa@bcn.es\">salesians_terrassa@bcn.es<\/a><br \/>\nWeb:\u00a0<a href=\"http:\/\/www.xtec.cat\/centres\/a8029763\/\">http:\/\/www.xtec.cat\/centres\/a8029763\/<\/a><\/p>\n<p><strong>Vilamany\u00e0<\/strong><br \/>\nEstudios: Cicles Grau Mitj\u00e0, Superior, PFI i Formaci\u00f3 Ocupacional<br \/>\nAdre\u00e7a: C. Pi i Margall, 63-65 08224 Terrassa<br \/>\nTel\u00e8fon: 93 789 28 15<br \/>\nAdre\u00e7a electr\u00f2nica: <a href=\"mailto:a.v.g.@cecot.es\">a.v.g.@cecot.es<\/a><br \/>\nWeb:\u00a0<a href=\"http:\/\/www.escolavilamanya.com\/\">http:\/\/www.escolavilamanya.com<\/a><\/p>\n<p>&nbsp;<\/td>\n<\/tr>\n<\/tbody>\n<\/table>\n<h5><\/h5>\n<h5><\/h5>\n<h5><\/h5>\n<h5><\/h5>\n<h5><\/h5>\n<h5><\/h5>\n<h5><\/h5>\n","protected":false},"excerpt":{"rendered":"<p>CENTRES D&#8217;ENSENYAMENT SECUNDARI I BATXILLERAT\u00a0 TERRASSA, MATADEPERA, VILADECAVALLS, VACARISSES Andersen Adre\u00e7a: C\/ P\u00e9rez Gald\u00f3s, 15 08223 Terrassa Tel\u00e8fon: 93 783 57 10 Adre\u00e7a electr\u00f2nica: a8029908@xtec.cat Web:\u00a0http:\/\/www.escolaandersen.com &nbsp; Cingle Adre\u00e7a: Cra. de Montcada, 512 08223 Terrassa Tel\u00e8fon: 93 783 55 10 Adre\u00e7a electr\u00f2nica: a8032075@xtec.cat Web:\u00a0http:\/\/www.cingle.es Cultura Pr\u00e0ctica Adre\u00e7a: C\/ Sant Pere, 36-38 08221 Terrassa Tel\u00e8fon: 93 [&hellip;]<\/p>\n","protected":false},"author":1,"featured_media":0,"parent":338,"menu_order":30,"comment_status":"closed","ping_status":"closed","template":"page-templates\/side-menu.php","meta":{"_bbp_topic_count":0,"_bbp_reply_count":0,"_bbp_total_topic_count":0,"_bbp_total_reply_count":0,"_bbp_voice_count":0,"_bbp_anonymous_reply_count":0,"_bbp_topic_count_hidden":0,"_bbp_reply_count_hidden":0,"_bbp_forum_subforum_count":0,"site-sidebar-layout":"default","site-content-layout":"","ast-site-content-layout":"","site-content-style":"default","site-sidebar-style":"default","ast-global-header-display":"","ast-banner-title-visibility":"","ast-main-header-display":"","ast-hfb-above-header-display":"","ast-hfb-below-header-display":"","ast-hfb-mobile-header-display":"","site-post-title":"","ast-breadcrumbs-content":"","ast-featured-img":"","footer-sml-layout":"","theme-transparent-header-meta":"","adv-header-id-meta":"","stick-header-meta":"","header-above-stick-meta":"","header-main-stick-meta":"","header-below-stick-meta":"","astra-migrate-meta-layouts":"default","ast-page-background-enabled":"default","ast-page-background-meta":{"desktop":{"background-color":"var(--ast-global-color-4)","background-image":"","background-repeat":"repeat","background-position":"center center","background-size":"auto","background-attachment":"scroll","background-type":"","background-media":"","overlay-type":"","overlay-color":"","overlay-opacity":"","overlay-gradient":""},"tablet":{"background-color":"","background-image":"","background-repeat":"repeat","background-position":"center center","background-size":"auto","background-attachment":"scroll","background-type":"","background-media":"","overlay-type":"","overlay-color":"","overlay-opacity":"","overlay-gradient":""},"mobile":{"background-color":"","background-image":"","background-repeat":"repeat","background-position":"center center","background-size":"auto","background-attachment":"scroll","background-type":"","background-media":"","overlay-type":"","overlay-color":"","overlay-opacity":"","overlay-gradient":""}},"ast-content-background-meta":{"desktop":{"background-color":"var(--ast-global-color-5)","background-image":"","background-repeat":"repeat","background-position":"center center","background-size":"auto","background-attachment":"scroll","background-type":"","background-media":"","overlay-type":"","overlay-color":"","overlay-opacity":"","overlay-gradient":""},"tablet":{"background-color":"var(--ast-global-color-5)","background-image":"","background-repeat":"repeat","background-position":"center center","background-size":"auto","background-attachment":"scroll","background-type":"","background-media":"","overlay-type":"","overlay-color":"","overlay-opacity":"","overlay-gradient":""},"mobile":{"background-color":"var(--ast-global-color-5)","background-image":"","background-repeat":"repeat","background-position":"center center","background-size":"auto","background-attachment":"scroll","background-type":"","background-media":"","overlay-type":"","overlay-color":"","overlay-opacity":"","overlay-gradient":""}},"footnotes":""},"class_list":["post-385","page","type-page","status-publish","hentry"],"post_mailing_queue_ids":[],"_links":{"self":[{"href":"https:\/\/serveiseducatius.xtec.cat\/vallesoccidental2\/wp-json\/wp\/v2\/pages\/385","targetHints":{"allow":["GET"]}}],"collection":[{"href":"https:\/\/serveiseducatius.xtec.cat\/vallesoccidental2\/wp-json\/wp\/v2\/pages"}],"about":[{"href":"https:\/\/serveiseducatius.xtec.cat\/vallesoccidental2\/wp-json\/wp\/v2\/types\/page"}],"author":[{"embeddable":true,"href":"https:\/\/serveiseducatius.xtec.cat\/vallesoccidental2\/wp-json\/wp\/v2\/users\/1"}],"replies":[{"embeddable":true,"href":"https:\/\/serveiseducatius.xtec.cat\/vallesoccidental2\/wp-json\/wp\/v2\/comments?post=385"}],"version-history":[{"count":4,"href":"https:\/\/serveiseducatius.xtec.cat\/vallesoccidental2\/wp-json\/wp\/v2\/pages\/385\/revisions"}],"predecessor-version":[{"id":8420,"href":"https:\/\/serveiseducatius.xtec.cat\/vallesoccidental2\/wp-json\/wp\/v2\/pages\/385\/revisions\/8420"}],"up":[{"embeddable":true,"href":"https:\/\/serveiseducatius.xtec.cat\/vallesoccidental2\/wp-json\/wp\/v2\/pages\/338"}],"wp:attachment":[{"href":"https:\/\/serveiseducatius.xtec.cat\/vallesoccidental2\/wp-json\/wp\/v2\/media?parent=385"}],"curies":[{"name":"wp","href":"https:\/\/api.w.org\/{rel}","templated":true}]}}