{"id":377,"date":"2015-11-25T14:17:51","date_gmt":"2015-11-25T13:17:51","guid":{"rendered":"http:\/\/serveiseducatius.xtec.cat\/vallesoccidental2\/?page_id=377"},"modified":"2020-09-17T13:59:11","modified_gmt":"2020-09-17T11:59:11","slug":"escoles-bressol","status":"publish","type":"page","link":"https:\/\/serveiseducatius.xtec.cat\/vallesoccidental2\/comunitat\/centres-educatius\/escoles-bressol\/","title":{"rendered":"Escoles bressol"},"content":{"rendered":"<p><a href=\"https:\/\/www.google.com\/maps\/search\/ESCOLES+BRESSOL+DE+TERRASSA+I+RODALIES\/@41.5536433,1.9912695,13z\"><img loading=\"lazy\" decoding=\"async\" class=\"wp-image-8360 alignnone\" src=\"https:\/\/serveiseducatius.xtec.cat\/vallesoccidental2\/wp-content\/uploads\/usu1116\/2020\/04\/EB.jpg\" alt=\"\" width=\"536\" height=\"396\" srcset=\"https:\/\/serveiseducatius.xtec.cat\/vallesoccidental2\/wp-content\/uploads\/usu1116\/2020\/04\/EB.jpg 318w, https:\/\/serveiseducatius.xtec.cat\/vallesoccidental2\/wp-content\/uploads\/usu1116\/2020\/04\/EB-300x222.jpg 300w\" sizes=\"auto, (max-width: 536px) 100vw, 536px\" \/><\/a><\/p>\n<p>&nbsp;<\/p>\n<table style=\"width: 579px; border-color: #030202;\" width=\"579\">\n<tbody>\n<tr style=\"height: 58px;\">\n<td style=\"width: 573px; height: 58px; background-color: #e86933;\"><strong>ESCOLES BRESSOL MUNICIPALS &#8211; <\/strong><strong>TERRASSA<\/strong><\/td>\n<\/tr>\n<tr>\n<td style=\"width: 573px;\">&nbsp;<\/p>\n<p><strong>Coloraines <\/strong><br \/>\nAdre\u00e7a: C\/ Jocs Ol\u00edmpics, 56 08225 Terrassa<br \/>\nTel\u00e8fon: 93 736 49 73<br \/>\nAdre\u00e7a electr\u00f2niao: <a href=\"mailto:coloraines@terrassa.cat\">coloraines@terrassa.cat<\/a><\/p>\n<p><strong>Esp\u00edgol <\/strong><br \/>\nAdre\u00e7a: Carrer dels Ceps, 3 BA-1 08225 Terrassa<br \/>\nTel\u00e8fon: 93 788 73 94<br \/>\nAdre\u00e7a electr\u00f2nica: <a href=\"mailto:espigol@terrassa.cat\">espigol@terrassa.cat<\/a><\/p>\n<p><strong>Ginesta <\/strong><br \/>\nAdre\u00e7a: C\/ Badalona, 5 08223 Terrassa<br \/>\nTel\u00e8fon: 93 785 07 36<br \/>\nAdre\u00e7a electr\u00f2nica: <a href=\"mailto:ginesta@terrassa.cat\">ginesta@terrassa.cat<\/a><\/p>\n<p><strong>Giravolt <\/strong><br \/>\nAdre\u00e7a: C\/ Maria Auxiliadora, 245 08224 Terrassa<br \/>\nTel\u00e8fon: 93 789 22 29<br \/>\nAdre\u00e7a electr\u00f2nica: <a href=\"mailto:giravolt@terrassa.cat\">giravolt@terrassa.cat<\/a><\/p>\n<p><strong>L&#8217;Esquitx <\/strong><br \/>\nAdre\u00e7a: C\/ Alemanya, 110 08228 Terrassa<br \/>\nTel\u00e8fon: 93 785 14 49<br \/>\nAdre\u00e7a electr\u00f2nica: <a href=\"mailto:esquitx@terrassa.cat\">esquitx@terrassa.cat<\/a><\/p>\n<p><strong>La Casona <\/strong><br \/>\nAdre\u00e7a: C\/ Ic\u00e0ria, 44 08224 Terrassa<br \/>\nTel\u00e8fon: 93 788 69 73<br \/>\nAdre\u00e7a electr\u00f2nica:lacasona@terrassa.cat<\/p>\n<p><strong>Mois\u00e8s <\/strong><br \/>\nAdre\u00e7a: C\/ Font de les Canyes, 27 08227 Terrassa<br \/>\nTel\u00e8fon: 93 168 01 79<br \/>\nAdre\u00e7a electr\u00f2nica: <a href=\"mailto:moises@terrassa.cat\">moises@terrassa.cat<\/a><\/p>\n<p><strong>Roc Blanc <\/strong><br \/>\nAdre\u00e7a: C. Bail\u00e9n, 73 08224 Terrassa<br \/>\nTel\u00e8fon: 93 733 07 51<br \/>\nAdre\u00e7a electr\u00f2nica: <a href=\"mailto:escolabressolrocblanc@hotmail.com\">escolabressolrocblanc@hotmail.com<\/a><br \/>\nWeb:\u00a0<a href=\"http:\/\/www.escolabressolrocblanc.com\/\">www.escolabressolrocblanc.com<\/a><\/p>\n<p><strong>Soleia <\/strong><br \/>\nAdre\u00e7a: C\/ Jacint El\u00edas, 141 08222 Terrassa<br \/>\nTel\u00e9fono: 93 783 97 59<br \/>\nAdre\u00e7a electr\u00f2nica: <a href=\"mailto:soleia@terrassa.cat\">soleia@terrassa.cat<\/a><\/p>\n<p><strong>Somriures <\/strong><br \/>\nAdre\u00e7a: C. dels Monjos, 112 08227 Terrassa<br \/>\nTel\u00e9fono: 93 785 89 44<br \/>\nAdre\u00e7a electr\u00f2nica: <a href=\"mailto:somriures@terrassa.cat\">somriures@terrassa.cat<\/a><br \/>\n<strong><br \/>\nTabalet <\/strong><br \/>\nAdre\u00e7a: Cra. Castellar, 410 08226 Terrassa<br \/>\nTel\u00e9fono: 93 785 33 46<br \/>\nAdre\u00e7a electr\u00f2nica: <a href=\"mailto:tabalet@terrassa.cat\">tabalet@terrassa.cat<\/a><br \/>\nWeb:\u00a0<a href=\"http:\/\/www.xtec.cat\/centres\/a8045926\/\">http:\/\/www.xtec.cat\/centres\/a8045926\/<\/a><\/p>\n<p><strong>Vallparad\u00eds\u00a0 <\/strong><br \/>\nAdre\u00e7a: Plaza Marta Mata, 5 08221 Terrassa<br \/>\nTel\u00e9fono:\u00a093 736 34 70<br \/>\nAdre\u00e7a electr\u00f2nica: <a href=\"mailto:vallparadis.escola@terrassa.cat\">vallparadis.escola@terrassa.cat<\/a><\/td>\n<\/tr>\n<tr>\n<td style=\"width: 573px; background-color: #e86933;\"><strong>\u00a0ESCOLES BRESSOL MUNICIPALS &#8211; VILADECAVALLS<\/strong><\/td>\n<\/tr>\n<tr>\n<td style=\"width: 573px;\">&nbsp;<\/p>\n<p><b>Can Tries <\/b><br \/>\nAdre\u00e7a:: Av. Barcelona, S\/N, 08232 Viladecavalls<br \/>\nTel\u00e8fon: <span class=\"zgwrf\">937 33 25 27<\/span><\/p>\n<p>&nbsp;<\/td>\n<\/tr>\n<tr>\n<td style=\"width: 573px; background-color: #e86933;\"><strong>\u00a0ESCOLES BRESSOL MUNICIPALS &#8211; VACARISSES<\/strong><\/td>\n<\/tr>\n<tr>\n<td style=\"width: 573px;\">&nbsp;<\/p>\n<p><b>El Xic <\/b><br \/>\nAdre\u00e7a:: Carrer de les Margarides, 08233 Vacarisses<br \/>\nTel\u00e8fon: <span class=\"zgwrf\">938280907<\/span><br \/>\nAdre\u00e7a electr\u00f2nica: ebxic@vacarisses.cat<br \/>\nWeb: <a href=\"https:\/\/cucxic.wordpress.com\/el-xic\/\">https:\/\/cucxic.wordpress.com\/el-xic\/<\/a><\/p>\n<p>&nbsp;<\/td>\n<\/tr>\n<tr>\n<td style=\"width: 573px; background-color: #e86933;\"><strong>\u00a0ESCOLES BRESSOL MUNICIPALS &#8211; ULLASTRELL<\/strong><\/td>\n<\/tr>\n<tr>\n<td style=\"width: 573px;\">&nbsp;<\/p>\n<p><b>El Cucut <\/b><br \/>\nAdre\u00e7a: Prat de la Riba, 20, 08231 Ullastrell<br \/>\nTel\u00e8fon: <span class=\"zgwrf\">937 30 42 69<\/span><\/p>\n<p>&nbsp;<\/td>\n<\/tr>\n<tr>\n<td style=\"width: 573px; background-color: #e86933;\"><strong>\u00a0ESCOLES BRESSOL DE LA GENERALITAT &#8211; TERRASSA<\/strong><\/td>\n<\/tr>\n<tr>\n<td style=\"width: 573px;\">&nbsp;<\/p>\n<p><b>L&#8217;Oreneta <\/b><br \/>\nAdre\u00e7a: Av. del Vall\u00e8s, 487 08226 Terrassa<br \/>\nTel\u00e8fon: 93 785 27 67<br \/>\nAdre\u00e7a electr\u00f2nica: <a href=\"mailto:a8047984@xtec.cat\">a8047984@xtec.cat<\/a><\/p>\n<p><b>Patufet <\/b><br \/>\nAdre\u00e7a: C\/ Vilafranca del Pened\u00e8s, s\/n 08225 Terrassa<br \/>\nTel\u00e8fon: 93 735 22 70<br \/>\nAdre\u00e7a electr\u00f2nica: <a href=\"mailto:a8047996@xtec.cat\">a8047996@xtec.cat<\/a><\/p>\n<p><b>Verge de N\u00faria\u00a0 <\/b><br \/>\nAdre\u00e7a: C\/ Pla de l&#8217;Ametllera, 115 08225 Terrassa<br \/>\nTel\u00e9fono:\u00a093 735 87 59<br \/>\nAdre\u00e7a electr\u00f2nica: <a href=\"mailto:vallparadis.escola@terrassa.cat\">vallparadis.escola@terrassa.cat<\/a><\/p>\n<p>&nbsp;<\/td>\n<\/tr>\n<tr>\n<td style=\"width: 573px; background-color: #e86933;\"><strong>\u00a0ESCOLES BRESSOL PRIVADES &#8211; TERRASSA<\/strong><\/td>\n<\/tr>\n<tr>\n<td style=\"width: 573px;\">&nbsp;<\/p>\n<p><b>Airina <\/b><br \/>\nAdre\u00e7a: C\/ del Nord, 67 08221 Terrassa<br \/>\nTel\u00e8fon: 93 783 45 55<br \/>\nAdre\u00e7a electr\u00f2nica: <a href=\"mailto:a8029601@xtec.cat\">a8029601@xtec.cat<\/a><br \/>\nWeb:\u00a0<a href=\"http:\/\/www.institucio.org\/airina\">http:\/\/www.institucio.org\/airina<\/a><\/p>\n<p><b>Bambi <\/b><br \/>\nAdre\u00e7a: C\/ Nou de Sant Pere, 42 08221 Terrassa<br \/>\nTel\u00e8fon: 93 784 15 30<br \/>\nAdre\u00e7a electr\u00f2nica: <a href=\"mailto:a8054711@xtec.cat\">a8054711@xtec.cat<\/a><\/p>\n<p><b>Cavall Blau <\/b><br \/>\nAdre\u00e7a: C\/ Lluna, 10 08226 Terrassa<br \/>\nTel\u00e8fon: 93 736 44 37\u00a0 Fax: 93 736 44 37<\/p>\n<p><b>Eina <\/b><br \/>\nAdre\u00e7a:\u00a0C\/ Men\u00e9ndez y Pelayo, 122 08223 Terrassa<br \/>\nTel\u00e8fon: 93 785 06 83<br \/>\nAdre\u00e7a electr\u00f2nica: <a href=\"mailto:a8054721@xtec.cat\">a8054721@xtec.cat<\/a><\/p>\n<p><b>El Cargol\u00a0 <\/b><br \/>\nAdre\u00e7a: C\/ Isaac Peral, 1 08224 Terrassa<br \/>\nTel\u00e8fon: 93 788 72 19<br \/>\nAdre\u00e7a electr\u00f2nica: <a href=\"mailto:info@elcargol.cat\">info@elcargol.cat<\/a><br \/>\nWeb:\u00a0<a href=\"http:\/\/www.elcargol.cat\/\">http:\/\/www.elcargol.cat<\/a><\/p>\n<p><strong>El Cim <\/strong><br \/>\nAdre\u00e7a: C. Frederic Soler, 22 08224 Terrassa<br \/>\nTel\u00e8fon: 93 733 06 30<br \/>\nAdre\u00e7a electr\u00f2nica: <a href=\"mailto:escola-elcim@xtec.cat\">escola-elcim@xtec.cat<\/a><br \/>\nWeb:\u00a0<a href=\"http:\/\/www.xtec.cat\/escola-elcim\/\">http:\/\/www.xtec.cat\/escola-elcim\/<\/a><\/p>\n<p><b>El Jardinet <\/b><br \/>\nAdre\u00e7a: Pl. Mestre Serrat, 4 08225 Terrassa<br \/>\nTel\u00e8fon: 93 736 46 06<br \/>\nAdre\u00e7a electr\u00f2nica: <a href=\"mailto:a8066073@xtec.cat\">a8066073@xtec.cat<\/a><\/p>\n<p><strong>El Molinet <\/strong><br \/>\nAdre\u00e7a: C. Torrella, 107 bis 08224 Terrassa<br \/>\nTel\u00e8fon: 93 788 16 53<br \/>\nAdre\u00e7a electr\u00f2nica: <a href=\"mailto:info@elmolinet.es\">info@elmolinet.es<\/a><br \/>\nWeb:\u00a0<a href=\"http:\/\/www.elmolinet.es\/\">www.elmolinet.es<\/a><\/p>\n<p><b>El Trenet <\/b><br \/>\nAdre\u00e7a: C. Nerbi\u00f3, 8 bajos L1 08227 Terrassa<br \/>\nTel\u00e8fon: 937851646 \/ 699 992 553<br \/>\nWeb:\u00a0<a href=\"http:\/\/llareltrenet.blogspot.com\/\">llareltrenet.blogspot.com<\/a><\/p>\n<p><b>El Petit Pr\u00edncep <\/b><br \/>\nAdre\u00e7a: C. Tramuntana, 1 08226 Terrassa<br \/>\nTel\u00e8fon: 937334096<\/p>\n<p><strong>El Petit Rainbow <\/strong><br \/>\nAdre\u00e7a:C. Del Vall, 47 08221 Terrassa<br \/>\nTel\u00e8fon: 93 168 17 89 \/ 696 018 221 \/ 637749679<br \/>\nAdre\u00e7a electr\u00f2nica: <a href=\"mailto:info@elpetitrainbow.com\">info@elpetitrainbow.com<\/a><br \/>\nWeb:\u00a0<a href=\"http:\/\/www.elpetitrainbow.com\/\">www.elpetitrainbow.com<\/a><\/p>\n<p><b>Grimm <\/b><br \/>\nAdre\u00e7a: C\/ Sant Isidre, 78 08221 Terrassa<br \/>\nTel\u00e8foo: 93 788 75 70<br \/>\nAdre\u00e7a electr\u00f2nica: <a href=\"mailto:a8030042@xtec.cat\">a8030042@xtec.cat<\/a><\/p>\n<p><b>L&#8217;Avet <\/b><br \/>\nAdre\u00e7a: C\/ Cardaire 23 08221 Terrassa<br \/>\nTel\u00e8fon: 93 785 55 11<br \/>\nAdre\u00e7a electr\u00f2nica: <a href=\"mailto:a8030005@xtec.cat\">a8030005@xtec.cat<\/a><\/p>\n<p><b>L&#8217;Elefant <\/b><br \/>\nAdre\u00e7a: C\/ Cam\u00ed fondo, 35 08221 Terrassa<br \/>\nTel\u00e8fon: 93 785 32 16<br \/>\nAdre\u00e7a electronica: <a href=\"mailto:%E2%80%8Binfo@elefant.cat\">\u200binfo@elefant.cat<\/a><\/p>\n<p><b>Liceo Egara (infantil 0-3) <\/b><br \/>\nAdre\u00e7a: C\/ Castellar, 126 08222 Terrassa<br \/>\nTel\u00e8fon: 93 783 95 87<br \/>\nAdre\u00e7a electr\u00f2nica: <a href=\"mailto:a8030078@xtec.cat\">a8030078@xtec.cat<\/a><\/p>\n<p><b>Escola Bressol La Lluna <\/b><br \/>\nAdre\u00e7a: C. Alexander Bell, 45 08224 Terrassa<br \/>\nTel\u00e8fon: 93 733 71 18 &#8211; 652 992 667<br \/>\nAdre\u00e7a electr\u00f2nica: <a href=\"mailto:Info@lallunabressol.com\">Info@lallunabressol.com<\/a><br \/>\nWeb:\u00a0<a href=\"http:\/\/www.lallunabressol.com\/\">http:\/\/www.lallunabressol.com<\/a><\/p>\n<p><b>Mainada <\/b><br \/>\nAdre\u00e7a: C\/ Col\u00b7legi, 68 08221 Terrassa<br \/>\nTel\u00e8fon: 93 788 93 95<br \/>\nAdre\u00e7a electr\u00f2nica: <a href=\"mailto:a8050569@xtec.cat\">a8050569@xtec.cat<\/a><\/p>\n<p><b>Peggy Nens <\/b><br \/>\nAdre\u00e7a: C\/ Rutlla, 38 08221 Terrassa<br \/>\nTel\u00e8fon: 93 789 12 99<br \/>\nAdre\u00e7a electr\u00f2nica: <a href=\"mailto:a8064714@xtec.cat\">a8064714@xtec.cat<\/a><\/p>\n<p><strong>Pessigolles <\/strong><br \/>\nAdre\u00e7a: Sant Joan, 20 08221 Terrassa<br \/>\nTel\u00e8fon: 93 783 93 87<br \/>\nAdre\u00e7a electr\u00f2nica: <a href=\"mailto:lidia@ebpessigolles.es\">lidia@ebpessigolles.es<\/a><br \/>\nWeb:\u00a0<a href=\"https:\/\/www.terrassa.cat\/common\/html_editor\/www.ebpessigolles.es\">www.ebpessigolles.es<\/a>\u00a0\/\u00a0<a href=\"https:\/\/www.terrassa.cat\/common\/html_editor\/www.ebpessigolles.cat\">www.ebpessigolles.cat<\/a><\/p>\n<p><b>Petit Estel &#8211; La Nova <\/b><br \/>\nAdre\u00e7a: C\/ Puig Novell, 18 08221 Terrassa<br \/>\nTel\u00e8fon: 93 785 27 86<br \/>\nAdre\u00e7a electr\u00f2nica: <a href=\"mailto:escola@petitestellanova.cat\">escola@petitestellanova.cat<\/a><\/p>\n<p><b>Petit M\u00f3n <\/b><br \/>\nAdre\u00e7a: C. Monturiol, 48 08225 Terrassa<br \/>\nTel\u00e8fon: 687 080 672<br \/>\nAdre\u00e7a electr\u00f2nica: <a href=\"mailto:info@petitmonterrassa.es\">info@petitmonterrassa.es<\/a><br \/>\nWeb:\u00a0<a href=\"http:\/\/www.petitmonterrassa.es\/\">www.petitmonterrassa.es<\/a><\/p>\n<p><b>Petita Mimosa <\/b><br \/>\nAdre\u00e7a: C. Sant Marian, 10 08221 Terrassa<br \/>\nTel\u00e8fon: 608 496 415<br \/>\nAdre\u00e7a electr\u00f2nica: <a href=\"mailto:petitamimosa@hotmail.com\">petitamimosa@hotmail.com<\/a><\/p>\n<p><b>Plan\u00e7ons <\/b><br \/>\nAdre\u00e7a: C\/ Volta, 53 08224 Terrassa<br \/>\nTel\u00e8fon: 93 788 47 44<br \/>\nAdre\u00e7a electr\u00f2nica:<a href=\"mailto:a8053959@xtec.cat\"> a8053959@xtec.cat<\/a><\/p>\n<p><b>Quitxalla <\/b><br \/>\nAdre\u00e7a: C\/ Font Vella, 98 08221 Terrassa<br \/>\nTel\u00e8fon: 93 784 33 26<br \/>\nCorreo electr\u00f3nico:\u00a0<a href=\"mailto:quitxalla@telefonica.net\">quitxalla@telefonica.net<\/a><\/p>\n<p><b>Sagrat Cor de Jes\u00fas <\/b><br \/>\nAdre\u00e7a: C. Pare Font, 152 08223 Terrassa<br \/>\nTel\u00e8fon: 93 786 28 16<br \/>\nAdre\u00e7a electr\u00f2nica: <a href=\"mailto:a8029881@xtec.cat\">a8029881@xtec.cat<\/a><br \/>\nWeb:\u00a0<a href=\"http:\/\/www.sagratcorterrassa.com\/\">http:\/\/www.sagratcorterrassa.com<\/a><\/p>\n<p><b>Sant Josep de Calassan\u00e7 <\/b><br \/>\nAdre\u00e7a: C\/ Borges Blanques, 22 08227 Terrassa<br \/>\nTel\u00e8fon: 93 785 16 46<br \/>\nAdre\u00e7a electr\u00f2nica: a8029581@xtec.cat<br \/>\nWeb:\u00a0<a href=\"http:\/\/www.xtec.cat\/esc-sjc\/\">http:\/\/www.xtec.cat\/esc-sjc\/<\/a><br \/>\n<b><br \/>\nSegona Llar <\/b><br \/>\nAdre\u00e7a: C\/ Mart\u00edn D\u00edez, 30 08224 Terrassa<br \/>\nTel\u00e8fon: 93 789 25 56<br \/>\nAdre\u00e7a electr\u00f2nica: <a href=\"mailto:escola@ebsegonallar.com\">escola@ebsegonallar.com<\/a><\/p>\n<p><b>Snoopy <\/b><br \/>\nAdre\u00e7a: C\/ Torrent, 132 08225 Terrassa<br \/>\nTel\u00e9fono: 93 780 29 60<br \/>\nAdre\u00e7a electr\u00f2nica: <a href=\"mailto:a8051197@xtec.cat\">a8051197@xtec.cat<\/a><\/p>\n<p><b>Solana <\/b><br \/>\nAdre\u00e7a: C. Claustre, 44 08222 Terrassa<br \/>\nTel\u00e8fon: 93 786 31 64 &#8211; 670505915<br \/>\nAdre\u00e7a electr\u00f2nica: <a href=\"mailto:ebsolana@gmail.com\">ebsolana@gmail.com<\/a><br \/>\nWeb:\u00a0<a href=\"http:\/\/www.ebsolana.com\/\">www.ebsolana.com<\/a><\/td>\n<\/tr>\n<tr>\n<td style=\"width: 573px; background-color: #e86933;\"><strong>\u00a0ESCOLES BRESSOL PRIVADES &#8211; VILADECAVALLS<\/strong><\/td>\n<\/tr>\n<tr>\n<td style=\"width: 573px;\">&nbsp;<\/p>\n<p><b>Barromina <\/b><br \/>\nAdre\u00e7a:: de la Drecera s\/n, 1, Espa\u00f1a, Carrer del Pintor Murillo, 08232 Viladecavalls<br \/>\nTel\u00e8fon: <span class=\"zgwrf\">937 88 10 08<\/span><\/p>\n<p>&nbsp;<\/td>\n<\/tr>\n<tr>\n<td style=\"width: 573px; background-color: #e86933;\"><strong>\u00a0ESCOLES BRESSOL PRIVADES &#8211; VACARISSES<\/strong><\/td>\n<\/tr>\n<tr>\n<td style=\"width: 573px;\">&nbsp;<\/p>\n<p><b>El Cuc <\/b><br \/>\nAdre\u00e7a:: Carrer de Salvador Badia, 2, 08233 Vacarisses<br \/>\nTel\u00e8fon: <span class=\"zgwrf\">938 35 94 67<\/span><\/p>\n<p>&nbsp;<\/td>\n<\/tr>\n<\/tbody>\n<\/table>\n","protected":false},"excerpt":{"rendered":"<p>&nbsp; ESCOLES BRESSOL MUNICIPALS &#8211; TERRASSA &nbsp; Coloraines Adre\u00e7a: C\/ Jocs Ol\u00edmpics, 56 08225 Terrassa Tel\u00e8fon: 93 736 49 73 Adre\u00e7a electr\u00f2niao: coloraines@terrassa.cat Esp\u00edgol Adre\u00e7a: Carrer dels Ceps, 3 BA-1 08225 Terrassa Tel\u00e8fon: 93 788 73 94 Adre\u00e7a electr\u00f2nica: espigol@terrassa.cat Ginesta Adre\u00e7a: C\/ Badalona, 5 08223 Terrassa Tel\u00e8fon: 93 785 07 36 Adre\u00e7a electr\u00f2nica: ginesta@terrassa.cat [&hellip;]<\/p>\n","protected":false},"author":1,"featured_media":0,"parent":338,"menu_order":10,"comment_status":"closed","ping_status":"closed","template":"page-templates\/side-menu.php","meta":{"_bbp_topic_count":0,"_bbp_reply_count":0,"_bbp_total_topic_count":0,"_bbp_total_reply_count":0,"_bbp_voice_count":0,"_bbp_anonymous_reply_count":0,"_bbp_topic_count_hidden":0,"_bbp_reply_count_hidden":0,"_bbp_forum_subforum_count":0,"site-sidebar-layout":"default","site-content-layout":"","ast-site-content-layout":"","site-content-style":"default","site-sidebar-style":"default","ast-global-header-display":"","ast-banner-title-visibility":"","ast-main-header-display":"","ast-hfb-above-header-display":"","ast-hfb-below-header-display":"","ast-hfb-mobile-header-display":"","site-post-title":"","ast-breadcrumbs-content":"","ast-featured-img":"","footer-sml-layout":"","theme-transparent-header-meta":"","adv-header-id-meta":"","stick-header-meta":"","header-above-stick-meta":"","header-main-stick-meta":"","header-below-stick-meta":"","astra-migrate-meta-layouts":"default","ast-page-background-enabled":"default","ast-page-background-meta":{"desktop":{"background-color":"var(--ast-global-color-4)","background-image":"","background-repeat":"repeat","background-position":"center center","background-size":"auto","background-attachment":"scroll","background-type":"","background-media":"","overlay-type":"","overlay-color":"","overlay-opacity":"","overlay-gradient":""},"tablet":{"background-color":"","background-image":"","background-repeat":"repeat","background-position":"center center","background-size":"auto","background-attachment":"scroll","background-type":"","background-media":"","overlay-type":"","overlay-color":"","overlay-opacity":"","overlay-gradient":""},"mobile":{"background-color":"","background-image":"","background-repeat":"repeat","background-position":"center center","background-size":"auto","background-attachment":"scroll","background-type":"","background-media":"","overlay-type":"","overlay-color":"","overlay-opacity":"","overlay-gradient":""}},"ast-content-background-meta":{"desktop":{"background-color":"var(--ast-global-color-5)","background-image":"","background-repeat":"repeat","background-position":"center center","background-size":"auto","background-attachment":"scroll","background-type":"","background-media":"","overlay-type":"","overlay-color":"","overlay-opacity":"","overlay-gradient":""},"tablet":{"background-color":"var(--ast-global-color-5)","background-image":"","background-repeat":"repeat","background-position":"center center","background-size":"auto","background-attachment":"scroll","background-type":"","background-media":"","overlay-type":"","overlay-color":"","overlay-opacity":"","overlay-gradient":""},"mobile":{"background-color":"var(--ast-global-color-5)","background-image":"","background-repeat":"repeat","background-position":"center center","background-size":"auto","background-attachment":"scroll","background-type":"","background-media":"","overlay-type":"","overlay-color":"","overlay-opacity":"","overlay-gradient":""}},"footnotes":""},"class_list":["post-377","page","type-page","status-publish","hentry"],"post_mailing_queue_ids":[],"_links":{"self":[{"href":"https:\/\/serveiseducatius.xtec.cat\/vallesoccidental2\/wp-json\/wp\/v2\/pages\/377","targetHints":{"allow":["GET"]}}],"collection":[{"href":"https:\/\/serveiseducatius.xtec.cat\/vallesoccidental2\/wp-json\/wp\/v2\/pages"}],"about":[{"href":"https:\/\/serveiseducatius.xtec.cat\/vallesoccidental2\/wp-json\/wp\/v2\/types\/page"}],"author":[{"embeddable":true,"href":"https:\/\/serveiseducatius.xtec.cat\/vallesoccidental2\/wp-json\/wp\/v2\/users\/1"}],"replies":[{"embeddable":true,"href":"https:\/\/serveiseducatius.xtec.cat\/vallesoccidental2\/wp-json\/wp\/v2\/comments?post=377"}],"version-history":[{"count":4,"href":"https:\/\/serveiseducatius.xtec.cat\/vallesoccidental2\/wp-json\/wp\/v2\/pages\/377\/revisions"}],"predecessor-version":[{"id":9227,"href":"https:\/\/serveiseducatius.xtec.cat\/vallesoccidental2\/wp-json\/wp\/v2\/pages\/377\/revisions\/9227"}],"up":[{"embeddable":true,"href":"https:\/\/serveiseducatius.xtec.cat\/vallesoccidental2\/wp-json\/wp\/v2\/pages\/338"}],"wp:attachment":[{"href":"https:\/\/serveiseducatius.xtec.cat\/vallesoccidental2\/wp-json\/wp\/v2\/media?parent=377"}],"curies":[{"name":"wp","href":"https:\/\/api.w.org\/{rel}","templated":true}]}}