{"id":318,"date":"2019-09-15T18:18:24","date_gmt":"2019-09-15T16:18:24","guid":{"rendered":"http:\/\/serveiseducatius.xtec.cat\/vallesoccidental2\/?page_id=318"},"modified":"2020-10-24T13:56:39","modified_gmt":"2020-10-24T11:56:39","slug":"on-som","status":"publish","type":"page","link":"https:\/\/serveiseducatius.xtec.cat\/vallesoccidental2\/el-servei-educatiu\/on-som\/","title":{"rendered":"On som"},"content":{"rendered":"<table style=\"height: 263px;\" border=\"0\" width=\"832\">\n<tbody>\n<tr style=\"height: 44px;\">\n<td style=\"width: 223px; height: 44px;\" colspan=\"2\">\n<div style=\"text-align: left;\" align=\"center\"><span style=\"color: #0000ff; font-family: Verdana, Arial, Helvetica, sans-serif; font-size: small;\"><b><span style=\"color: #000000; font-size: medium;\">Servei Educatiu<\/span><\/b><\/span><\/div>\n<div style=\"text-align: left;\" align=\"center\"><span style=\"color: #0000ff; font-family: Verdana, Arial, Helvetica, sans-serif; font-size: small;\"><b><span style=\"color: #000000; font-size: medium;\">Vall\u00e8s Occidental II<\/span><\/b><\/span><\/div>\n<\/td>\n<td style=\"width: 601px; height: 44px;\"><span style=\"color: #0000ff; font-family: Verdana, Arial, Helvetica, sans-serif; font-size: small;\"><span style=\"color: #0000ff; font-family: Verdana, Arial, Helvetica, sans-serif; font-size: small;\"><b><span style=\"color: #000000; font-size: medium;\">Centre de recursos pedag\u00f2gics (CRP)<br \/>\nEquip d&#8217;assessorament i orientaci\u00f3 psicopedag\u00f2gica (EAP)<br \/>\nEquip d&#8217;assessorament en llengua i cohesi\u00f3 social (ELIC)<\/span><\/b><\/span><\/span><\/td>\n<\/tr>\n<tr style=\"height: 10px;\">\n<td style=\"width: 826px; height: 10px;\" colspan=\"3\"><\/td>\n<\/tr>\n<tr style=\"height: 19px;\">\n<td style=\"width: 826px; height: 19px;\" colspan=\"3\" bgcolor=\"#CCCCCC\"><span style=\"color: #0000ff; font-family: Verdana, Arial, Helvetica, sans-serif; font-size: medium;\"><span style=\"color: #ffffff;\"><b><span style=\"color: #000000;\">La nostra adre\u00e7a:<\/span><\/b><\/span><\/span><\/td>\n<\/tr>\n<tr style=\"height: 98px;\">\n<td style=\"width: 826px; height: 98px;\" colspan=\"3\" height=\"123\">\n<p align=\"center\"><span style=\"color: #0000ff; font-family: Verdana, Arial, Helvetica, sans-serif; font-size: small;\"><span style=\"color: #000000; font-size: medium;\">C\/ Alcoi, 57 &#8211; 08225 Terrassa<br \/>\n(al costat de l&#8217;Escola Enxaneta i de l&#8217;EEI Coloraines)<\/span><\/span><\/p>\n<p style=\"text-align: center; font-size: medium;\">Tel: <b>93 735 30 56<\/b><\/p>\n<\/td>\n<\/tr>\n<tr style=\"height: 33px;\">\n<td style=\"width: 826px; height: 33px;\" colspan=\"3\" bgcolor=\"#CCCCCC\" height=\"22\"><span style=\"color: #0000ff; font-family: Verdana, Arial, Helvetica, sans-serif; font-size: medium;\"><span style=\"color: #ffffff;\"><b><span style=\"color: #000000;\">Per arribar-hi: <\/span><\/b><\/span><\/span><\/td>\n<\/tr>\n<tr style=\"height: 71px;\">\n<td style=\"width: 826px; height: 10px;\" colspan=\"3\" height=\"431\">\n<div align=\"center\">\n<p><span style=\"color: #000000; font-family: Verdana, Arial, Helvetica, sans-serif; font-size: medium;\">Podeu venir en tren. Estem a 5 minuts de l&#8217;<a href=\"https:\/\/www.google.es\/maps\/dir\/%27%27\/Carrer%2Bd%27Alcoi,%2B57,%2B08225%2BTerrassa,%2BBarcelona\/@41.5795666,2.01062,18z\/data=!4m15!4m14!1m5!1m1!1s0x12a492cc6a285f11:0xd627ca9ce275021a!2m2!1d2.0137314!2d41.5801688!1m5!1m1!1s0x12a492ca2d2d07f7:0xda337ec47c523a3a!2m2!1d2.01017!2d41.57918!3e2!5i1\" target=\"_blank\" rel=\"noopener noreferrer\">estaci\u00f3 Terrassa Nacions Unides<\/a><\/span> <span style=\"color: #000000; font-family: Verdana, Arial, Helvetica, sans-serif; font-size: medium;\">dels FGC<\/span><\/p>\n<\/div>\n<\/td>\n<\/tr>\n<tr style=\"height: 39px;\">\n<td style=\"width: 826px; height: 39px;\" colspan=\"3\" bgcolor=\"#CCCCCC\" height=\"25\"><span style=\"color: #cc6600; font-family: Verdana, Arial, Helvetica, sans-serif; font-size: medium;\"><span style=\"color: #000000;\"><b>Mapa de situaci\u00f3 (Google Maps):<\/b><\/span><\/span><\/td>\n<\/tr>\n<tr style=\"height: 393px;\">\n<td style=\"width: 826px; height: 10px;\" colspan=\"3\" rowspan=\"2\" height=\"63\">\n<p style=\"text-align: center;\"><iframe loading=\"lazy\" src=\"https:\/\/maps.google.es\/maps?f=q&amp;source=embed&amp;hl=ca&amp;geocode=&amp;q=Carrer+d'Alcoi,+57,+Terrassa&amp;aq=1&amp;oq=alcoi+57&amp;sll=41.692152,1.746005&amp;sspn=2.095942,4.938354&amp;ie=UTF8&amp;hq=&amp;hnear=Carrer+d'Alcoi,+57,+08225+Terrassa,+Barcelona,+Catalunya&amp;t=m&amp;ll=41.579594,2.01067&amp;spn=0.005618,0.012875&amp;z=16&amp;iwloc=A&amp;output=embed\" width=\"600\" height=\"350\" frameborder=\"0\"><\/iframe><\/p>\n<div align=\"center\">\n<p><small><a style=\"color: #0000ff; text-align: left;\" href=\"https:\/\/maps.google.es\/maps?f=q&amp;source=embed&amp;hl=ca&amp;geocode=&amp;q=Carrer+d'Alcoi,+57,+Terrassa&amp;aq=1&amp;oq=alcoi+57&amp;sll=41.692152,1.746005&amp;sspn=2.095942,4.938354&amp;ie=UTF8&amp;hq=&amp;hnear=Carrer+d'Alcoi,+57,+08225+Terrassa,+Barcelona,+Catalunya&amp;t=m&amp;ll=41.579594,2.01067&amp;spn=0.005618,0.012875&amp;z=16&amp;iwloc=A\" target=\"_blank\" rel=\"noopener noreferrer\"><span style=\"font-family: Verdana, Arial, Helvetica, sans-serif; font-size: small;\">Mostra un mapa m\u00e9s gran<\/span><\/a><\/small><\/p>\n<\/div>\n<div align=\"right\"><\/div>\n<\/td>\n<\/tr>\n<\/tbody>\n<\/table>\n<p>&nbsp;<\/p>\n","protected":false},"excerpt":{"rendered":"<p>Servei Educatiu Vall\u00e8s Occidental II Centre de recursos pedag\u00f2gics (CRP) Equip d&#8217;assessorament i orientaci\u00f3 psicopedag\u00f2gica (EAP) Equip d&#8217;assessorament en llengua i cohesi\u00f3 social (ELIC) La nostra adre\u00e7a: C\/ Alcoi, 57 &#8211; 08225 Terrassa (al costat de l&#8217;Escola Enxaneta i de l&#8217;EEI Coloraines) Tel: 93 735 30 56 Per arribar-hi: Podeu venir en tren. Estem a [&hellip;]<\/p>\n","protected":false},"author":1,"featured_media":0,"parent":806,"menu_order":50,"comment_status":"closed","ping_status":"closed","template":"page-templates\/side-menu.php","meta":{"_bbp_topic_count":0,"_bbp_reply_count":0,"_bbp_total_topic_count":0,"_bbp_total_reply_count":0,"_bbp_voice_count":0,"_bbp_anonymous_reply_count":0,"_bbp_topic_count_hidden":0,"_bbp_reply_count_hidden":0,"_bbp_forum_subforum_count":0,"site-sidebar-layout":"default","site-content-layout":"","ast-site-content-layout":"","site-content-style":"default","site-sidebar-style":"default","ast-global-header-display":"","ast-banner-title-visibility":"","ast-main-header-display":"","ast-hfb-above-header-display":"","ast-hfb-below-header-display":"","ast-hfb-mobile-header-display":"","site-post-title":"","ast-breadcrumbs-content":"","ast-featured-img":"","footer-sml-layout":"","theme-transparent-header-meta":"","adv-header-id-meta":"","stick-header-meta":"","header-above-stick-meta":"","header-main-stick-meta":"","header-below-stick-meta":"","astra-migrate-meta-layouts":"default","ast-page-background-enabled":"default","ast-page-background-meta":{"desktop":{"background-color":"var(--ast-global-color-4)","background-image":"","background-repeat":"repeat","background-position":"center center","background-size":"auto","background-attachment":"scroll","background-type":"","background-media":"","overlay-type":"","overlay-color":"","overlay-opacity":"","overlay-gradient":""},"tablet":{"background-color":"","background-image":"","background-repeat":"repeat","background-position":"center center","background-size":"auto","background-attachment":"scroll","background-type":"","background-media":"","overlay-type":"","overlay-color":"","overlay-opacity":"","overlay-gradient":""},"mobile":{"background-color":"","background-image":"","background-repeat":"repeat","background-position":"center center","background-size":"auto","background-attachment":"scroll","background-type":"","background-media":"","overlay-type":"","overlay-color":"","overlay-opacity":"","overlay-gradient":""}},"ast-content-background-meta":{"desktop":{"background-color":"var(--ast-global-color-5)","background-image":"","background-repeat":"repeat","background-position":"center center","background-size":"auto","background-attachment":"scroll","background-type":"","background-media":"","overlay-type":"","overlay-color":"","overlay-opacity":"","overlay-gradient":""},"tablet":{"background-color":"var(--ast-global-color-5)","background-image":"","background-repeat":"repeat","background-position":"center center","background-size":"auto","background-attachment":"scroll","background-type":"","background-media":"","overlay-type":"","overlay-color":"","overlay-opacity":"","overlay-gradient":""},"mobile":{"background-color":"var(--ast-global-color-5)","background-image":"","background-repeat":"repeat","background-position":"center center","background-size":"auto","background-attachment":"scroll","background-type":"","background-media":"","overlay-type":"","overlay-color":"","overlay-opacity":"","overlay-gradient":""}},"footnotes":""},"class_list":["post-318","page","type-page","status-publish","hentry"],"post_mailing_queue_ids":[],"_links":{"self":[{"href":"https:\/\/serveiseducatius.xtec.cat\/vallesoccidental2\/wp-json\/wp\/v2\/pages\/318","targetHints":{"allow":["GET"]}}],"collection":[{"href":"https:\/\/serveiseducatius.xtec.cat\/vallesoccidental2\/wp-json\/wp\/v2\/pages"}],"about":[{"href":"https:\/\/serveiseducatius.xtec.cat\/vallesoccidental2\/wp-json\/wp\/v2\/types\/page"}],"author":[{"embeddable":true,"href":"https:\/\/serveiseducatius.xtec.cat\/vallesoccidental2\/wp-json\/wp\/v2\/users\/1"}],"replies":[{"embeddable":true,"href":"https:\/\/serveiseducatius.xtec.cat\/vallesoccidental2\/wp-json\/wp\/v2\/comments?post=318"}],"version-history":[{"count":4,"href":"https:\/\/serveiseducatius.xtec.cat\/vallesoccidental2\/wp-json\/wp\/v2\/pages\/318\/revisions"}],"predecessor-version":[{"id":9290,"href":"https:\/\/serveiseducatius.xtec.cat\/vallesoccidental2\/wp-json\/wp\/v2\/pages\/318\/revisions\/9290"}],"up":[{"embeddable":true,"href":"https:\/\/serveiseducatius.xtec.cat\/vallesoccidental2\/wp-json\/wp\/v2\/pages\/806"}],"wp:attachment":[{"href":"https:\/\/serveiseducatius.xtec.cat\/vallesoccidental2\/wp-json\/wp\/v2\/media?parent=318"}],"curies":[{"name":"wp","href":"https:\/\/api.w.org\/{rel}","templated":true}]}}