{"id":1314,"date":"2019-09-15T10:23:40","date_gmt":"2019-09-15T08:23:40","guid":{"rendered":"http:\/\/serveiseducatius.xtec.cat\/vallesoccidental2\/?page_id=1314"},"modified":"2025-09-04T14:36:43","modified_gmt":"2025-09-04T12:36:43","slug":"calendari-pfz","status":"publish","type":"page","link":"https:\/\/serveiseducatius.xtec.cat\/vallesoccidental2\/formacio\/pla-de-formacio-de-zona\/calendari-pfz\/","title":{"rendered":"Calendari PFZ"},"content":{"rendered":"<p>\u00a0<\/p>\n<table style=\"width: 95%; height: 162px;\" border=\"0\">\n<tbody>\n<tr>\n<td style=\"background-color: #c25208;\"><span style=\"color: #0000ff; font-family: Verdana, Arial, Helvetica, sans-serif; font-size: medium;\"><b><span style=\"color: #ffffff;\">Calendari del Pla de Formaci\u00f3 de Zona 2025-2026<\/span><\/b><\/span><\/td>\n<\/tr>\n<tr>\n<td height=\"47\">\u00a0\n<table style=\"width: 100%; height: 197px;\" border=\"1\" cellspacing=\"1\" cellpadding=\"4\">\n<tbody>\n<tr>\n<td style=\"width: 60%; vertical-align: middle; height: 98px; background-color: #e8e8ff;\">\n<p style=\"background-color: #e8e8ff;\"><span style=\"color: #801502; font-family: Verdana, Arial, Helvetica, sans-serif; font-size: small;\"><b><span style=\"color: #000099;\">Inscripci\u00f3 activitats<\/span><br \/><\/b><span style=\"color: #000099;\">Per accedir a les inscripcions <\/span><a style=\"color: #000099;\" href=\"https:\/\/aplicacions.gestioeducativa.gencat.cat\/pls\/soloas\/pk_for_mod_ins.p_for_cons_activitats?p_any=2025-2026&amp;p_crp=402&amp;p_totes=S&amp;p_paginar=n\" target=\"_blank\" rel=\"noopener noreferrer\">feu clic aqu\u00ed<\/a><\/span><\/p>\n<\/td>\n<td style=\"color: #000099;\" align=\"center\" valign=\"middle\" width=\"40%\" height=\"98\">\n<div align=\"center\"><span style=\"font-family: Verdana, Arial, Helvetica, sans-serif; font-size: small;\"><b><span style=\"font-family: Verdana, Arial, Helvetica, sans-serif; font-size: small;\">Data inici:<\/span> <\/b> <b>05-09-2025<br \/><\/b><\/span><span style=\"font-family: Verdana, Arial, Helvetica, sans-serif; font-size: small;\"><b><span style=\"font-family: Verdana, Arial, Helvetica, sans-serif; font-size: small;\">Data fi:<\/span> 21-09-2025<\/b><\/span><\/div>\n<\/td>\n<\/tr>\n<tr>\n<td style=\"width: 60%; vertical-align: middle; height: 65px; background-color: #e8e8ff; color: #000099;\"><span style=\"font-family: Verdana, Arial, Helvetica, sans-serif; font-size: small;\"><b>Consulta d&#8217;assignacions<\/b>:<br \/>Per accedir a la consulta <a href=\"https:\/\/serveiseducatius.xtec.cat\/vallesoccidental2\/formacio\/gestio\/assignacions\/\" target=\"_blank\" rel=\"noopener noreferrer\">feu clic aqu\u00ed<\/a><\/span><\/td>\n<td style=\"color: #000099;\" valign=\"middle\" width=\"40%\" height=\"65\">\n<div align=\"center\"><span style=\"font-family: Verdana, Arial, Helvetica, sans-serif; font-size: small;\"><b>7-10-2025<\/b><\/span><\/div>\n<\/td>\n<\/tr>\n<tr>\n<td style=\"width: 60%; vertical-align: middle; height: 60px; background-color: #e8e8ff;\"><span style=\"color: #801502; font-family: Verdana, Arial, Helvetica, sans-serif; font-size: small;\"><b style=\"color: #000099;\">Inici de les activitats de formaci\u00f3<br \/><\/b><span style=\"color: #000099;\">(Algunes activitats de formaci\u00f3 en centre poden comen\u00e7ar abans)<\/span> <\/span><\/td>\n<td style=\"color: #000099;\" valign=\"middle\" width=\"40%\" height=\"60\">\n<div align=\"center\"><span style=\"font-family: Verdana, Arial, Helvetica, sans-serif; font-size: small;\"><b>A partir del 13-10-2025<\/b><\/span><\/div>\n<\/td>\n<\/tr>\n<\/tbody>\n<\/table>\n<\/td>\n<\/tr>\n<!--\n\n\n<tr>\n\n\n<td width=\"35\">&nbsp;<\/td>\n\n\n\n\n<td>\n\n\n<div align=\"center\"><a href=\"index.htm\"><img loading=\"lazy\" decoding=\"async\" src=\"..\/esqpetit.gif\" border=\"0\" width=\"14\" height=\"19\"><\/a><\/div>\n\n<\/td>\n\n\n<\/tr>\n\n\n--><\/tbody>\n<\/table>\n\n\n<p><\/p>\n","protected":false},"excerpt":{"rendered":"<p>\u00a0 Calendari del Pla de Formaci\u00f3 de Zona 2025-2026 \u00a0 Inscripci\u00f3 activitatsPer accedir a les inscripcions feu clic aqu\u00ed Data inici: 05-09-2025Data fi: 21-09-2025 Consulta d&#8217;assignacions:Per accedir a la consulta feu clic aqu\u00ed 7-10-2025 Inici de les activitats de formaci\u00f3(Algunes activitats de formaci\u00f3 en centre poden comen\u00e7ar abans) A partir del 13-10-2025<\/p>\n","protected":false},"author":1,"featured_media":0,"parent":8509,"menu_order":10,"comment_status":"closed","ping_status":"closed","template":"","meta":{"_bbp_topic_count":0,"_bbp_reply_count":0,"_bbp_total_topic_count":0,"_bbp_total_reply_count":0,"_bbp_voice_count":0,"_bbp_anonymous_reply_count":0,"_bbp_topic_count_hidden":0,"_bbp_reply_count_hidden":0,"_bbp_forum_subforum_count":0,"site-sidebar-layout":"default","site-content-layout":"","ast-site-content-layout":"default","site-content-style":"default","site-sidebar-style":"default","ast-global-header-display":"","ast-banner-title-visibility":"","ast-main-header-display":"","ast-hfb-above-header-display":"","ast-hfb-below-header-display":"","ast-hfb-mobile-header-display":"","site-post-title":"","ast-breadcrumbs-content":"","ast-featured-img":"","footer-sml-layout":"","theme-transparent-header-meta":"","adv-header-id-meta":"","stick-header-meta":"","header-above-stick-meta":"","header-main-stick-meta":"","header-below-stick-meta":"","astra-migrate-meta-layouts":"set","ast-page-background-enabled":"default","ast-page-background-meta":{"desktop":{"background-color":"var(--ast-global-color-4)","background-image":"","background-repeat":"repeat","background-position":"center center","background-size":"auto","background-attachment":"scroll","background-type":"","background-media":"","overlay-type":"","overlay-color":"","overlay-opacity":"","overlay-gradient":""},"tablet":{"background-color":"","background-image":"","background-repeat":"repeat","background-position":"center center","background-size":"auto","background-attachment":"scroll","background-type":"","background-media":"","overlay-type":"","overlay-color":"","overlay-opacity":"","overlay-gradient":""},"mobile":{"background-color":"","background-image":"","background-repeat":"repeat","background-position":"center center","background-size":"auto","background-attachment":"scroll","background-type":"","background-media":"","overlay-type":"","overlay-color":"","overlay-opacity":"","overlay-gradient":""}},"ast-content-background-meta":{"desktop":{"background-color":"var(--ast-global-color-5)","background-image":"","background-repeat":"repeat","background-position":"center center","background-size":"auto","background-attachment":"scroll","background-type":"","background-media":"","overlay-type":"","overlay-color":"","overlay-opacity":"","overlay-gradient":""},"tablet":{"background-color":"var(--ast-global-color-5)","background-image":"","background-repeat":"repeat","background-position":"center center","background-size":"auto","background-attachment":"scroll","background-type":"","background-media":"","overlay-type":"","overlay-color":"","overlay-opacity":"","overlay-gradient":""},"mobile":{"background-color":"var(--ast-global-color-5)","background-image":"","background-repeat":"repeat","background-position":"center center","background-size":"auto","background-attachment":"scroll","background-type":"","background-media":"","overlay-type":"","overlay-color":"","overlay-opacity":"","overlay-gradient":""}},"footnotes":""},"class_list":["post-1314","page","type-page","status-publish","hentry"],"post_mailing_queue_ids":[],"_links":{"self":[{"href":"https:\/\/serveiseducatius.xtec.cat\/vallesoccidental2\/wp-json\/wp\/v2\/pages\/1314","targetHints":{"allow":["GET"]}}],"collection":[{"href":"https:\/\/serveiseducatius.xtec.cat\/vallesoccidental2\/wp-json\/wp\/v2\/pages"}],"about":[{"href":"https:\/\/serveiseducatius.xtec.cat\/vallesoccidental2\/wp-json\/wp\/v2\/types\/page"}],"author":[{"embeddable":true,"href":"https:\/\/serveiseducatius.xtec.cat\/vallesoccidental2\/wp-json\/wp\/v2\/users\/1"}],"replies":[{"embeddable":true,"href":"https:\/\/serveiseducatius.xtec.cat\/vallesoccidental2\/wp-json\/wp\/v2\/comments?post=1314"}],"version-history":[{"count":6,"href":"https:\/\/serveiseducatius.xtec.cat\/vallesoccidental2\/wp-json\/wp\/v2\/pages\/1314\/revisions"}],"predecessor-version":[{"id":11598,"href":"https:\/\/serveiseducatius.xtec.cat\/vallesoccidental2\/wp-json\/wp\/v2\/pages\/1314\/revisions\/11598"}],"up":[{"embeddable":true,"href":"https:\/\/serveiseducatius.xtec.cat\/vallesoccidental2\/wp-json\/wp\/v2\/pages\/8509"}],"wp:attachment":[{"href":"https:\/\/serveiseducatius.xtec.cat\/vallesoccidental2\/wp-json\/wp\/v2\/media?parent=1314"}],"curies":[{"name":"wp","href":"https:\/\/api.w.org\/{rel}","templated":true}]}}